{"id":453,"date":"2021-02-09T16:36:55","date_gmt":"2021-02-09T15:36:55","guid":{"rendered":"https:\/\/www.lesjardinsdesaintehildegarde.com\/home\/"},"modified":"2021-07-12T15:01:35","modified_gmt":"2021-07-12T13:01:35","slug":"home","status":"publish","type":"page","link":"https:\/\/www.lesjardinsdesaintehildegarde.com\/en\/","title":{"rendered":"Home"},"content":{"rendered":"<p><img loading=\"lazy\" decoding=\"async\" class=\"alignleft wp-image-454 size-full\" src=\"https:\/\/www.lesjardinsdesaintehildegarde.com\/wp-content\/uploads\/2019\/10\/icone.jpg\" alt=\"Image seainte Hildegarde de Bingen\" width=\"300\" height=\"287\" \/><\/p>\n<h2>Les fondamentaux de l\u2019\u0153uvre de Sainte Hildegarde de Bingen<\/h2>\n<p><strong>Abbesse allemande du XII\u00e8me si\u00e8cle, sainte Hildegarde a re\u00e7u lors de visions de grandes connaissances sur la cr\u00e9ation. Elle met par \u00e9crit tout ce qu&#8217;elle apprend, et c&#8217;est ainsi que ses \u0153uvres nous sont parvenues aujourd&#8217;hui.<\/strong><\/p>\n<p>Les longues recherches des fondateurs des Jardins de sainte Hildegarde ont permis d\u2019\u00e9tablir un savoir-faire pour r\u00e9aliser et rendre disponibles les mati\u00e8res premi\u00e8res et les pr\u00e9parations de base indiqu\u00e9es par Sainte-Hildegarde de Bingen.<\/p>\n<p>C&#8217;est pour cela que vous trouverez dans notre catalogue un vaste choix de produits authentiques, des plantes enti\u00e8res ou en poudre, mais aussi des m\u00e9langes d\u00e9j\u00e0 faits, tant pour l&#8217;alimentation que pour les cosm\u00e9tiques, qui ont \u00e9t\u00e9 \u00e9labor\u00e9es en suivant toutes les recommandations de sainte Hildegarde et autant que possible avec des produits issus de l&#8217;agriculture biologique.<\/p>\n<h2>L\u2019\u00e9peautre la c\u00e9r\u00e9ale phare chez sainte Hildegarde<\/h2>\n<p>Sainte Hildegarde vante les nombreuses vertus et qualit\u00e9s de l&#8217;\u00e9peautre qui est pour elle une meilleure c\u00e9r\u00e9ale que le bl\u00e9, et qui convient \u00e0 tout le monde. Nous commercialisons uniquement des vari\u00e9t\u00e9s d&#8217;\u00e9peautre bio, non-hybrid\u00e9es et sans gluten de bl\u00e9. Nos c\u00e9r\u00e9ales peuvent donc constituer une alternative pour les r\u00e9gimes &#8220;sans gluten&#8221;.<\/p>\n<p>D\u00e9couvrez les bienfaits de l&#8217;\u00e9peautre dans ce dossier <span style=\"color: #ff0000;\">(lien article complet)<\/span>.<\/p>\n<h2>Les plantes pr\u00e9conis\u00e9s par Sainte-Hildegarde<\/h2>\n<p><strong>Sainte Hildegarde donne de nombreux conseils pour retrouver la sant\u00e9 gr\u00e2ce \u00e0 de multiples plantes, enti\u00e8res ou en poudre, seules ou en pr\u00e9paration.<br \/>\n<\/strong><\/p>\n<p>Les plantes essentielles de sainte Hildegarde sont nombreuses, mais on peut souligner le r\u00f4le tout particulier des suivantes :<\/p>\n<ul>\n<li><a href=\"https:\/\/www.lesjardinsdesaintehildegarde.com\/galanga-poudre-80g\/\">Le petit galanga, ou galanga rouge<\/a><\/li>\n<li><a href=\"https:\/\/www.lesjardinsdesaintehildegarde.com\/serpolet-bio-poudre-35g\/\">Le serpolet<\/a><\/li>\n<li><a href=\"https:\/\/www.lesjardinsdesaintehildegarde.com\/hysope-bio-poudre-35g\/\">L&#8217;hysope<\/a><\/li>\n<li><a href=\"https:\/\/www.lesjardinsdesaintehildegarde.com\/fenouil-doux-bio-graines-100g\/\">Le fenouil<\/a><\/li>\n<li><a href=\"https:\/\/www.lesjardinsdesaintehildegarde.com\/pyrethre-dafrique-rac-poudre-50g-bio\/\">Le pyr\u00e8thre d&#8217;Afrique<\/a><\/li>\n<\/ul>\n<p>&nbsp;<\/p>\n<h2><\/h2>\n<p><img loading=\"lazy\" decoding=\"async\" class=\"size-medium wp-image-3260 alignleft\" src=\"https:\/\/www.lesjardinsdesaintehildegarde.com\/wp-content\/uploads\/2020\/02\/fotolia-100093952-m-300x199.jpg\" alt=\"produits viriditas\" width=\"300\" height=\"199\" \/><\/p>\n<h2>Les autres produits recommand\u00e9s par sainte Hildegarde de Bingen<\/h2>\n<p><strong>Sainte Hildegarde a consacr\u00e9 toute une partie de son \u0153uvre \u00e0 la description des min\u00e9raux et leurs effets sur le corps.<\/strong><\/p>\n<p>D\u00e9sireux de vous apporter tous les bienfaits de la nature proclam\u00e9s par sainte Hildegarde, nous vous proposons une large gamme de pierres fines et pr\u00e9cieuses. Elles sont toutes naturelles et donc uniques, et vous pouvez les trouver sous forme de simples pierres roul\u00e9es, ou mont\u00e9es en d&#8217;\u00e9l\u00e9gants pendentifs, bracelets ou colliers.<\/p>\n<p><strong>En plus de cosm\u00e9tiques et d&#8217;\u00e9lixirs \u00e9labor\u00e9s selon les prescriptions de sainte Hildegarde, nous avons \u00e9galement plusieurs accessoires en fourrure de blaireau.<br \/>\n<\/strong><\/p>\n<p>Il peut para\u00eetre \u00e9trange de proposer des ceintures et semelles faites de fourrure de blaireau \u00e0 cot\u00e9 de plantes en poudre, mais les vertus de cette fourrure sont capitales pour sainte Hildegarde, et la satisfaction de nombreux clients \u00e0 son \u00e9gard nous a conduit \u00e0 mettre puis conserver ces articles dans le catalogue.<\/p>\n<h2>Notre mission de conseil<\/h2>\n<p>L\u2019\u0153uvre de sainte Hildegarde est vaste est tr\u00e8s fournie, et il peut \u00eatre difficile de savoir quoi choisir. C&#8217;est pour cela que l&#8217;\u00e9quipe des Jardins de sainte Hildegarde est pr\u00eate \u00e0 vous conseiller et \u00e0 r\u00e9pondre \u00e0 vos demandes, par t\u00e9l\u00e9phone ou par mail. Vous pouvez \u00e9galement consulter nos section de <a href=\"https:\/\/www.lesjardinsdesaintehildegarde.com\/faq\/\">questions-r\u00e9ponses<\/a>.<\/p>\n","protected":false},"excerpt":{"rendered":"<p>Les fondamentaux de l\u2019\u0153uvre de Sainte Hildegarde de Bingen Abbesse allemande du XII\u00e8me si\u00e8cle, sainte Hildegarde a re\u00e7u lors de visions de grandes connaissances sur la cr\u00e9ation. Elle met par \u00e9crit tout ce qu&#8217;elle apprend, et c&#8217;est ainsi que ses \u0153uvres nous sont parvenues aujourd&#8217;hui. Les longues recherches des fondateurs des Jardins de sainte Hildegarde [&hellip;]<\/p>\n","protected":false},"author":1,"featured_media":0,"parent":0,"menu_order":0,"comment_status":"closed","ping_status":"closed","template":"templates\/accueil.php","meta":{"_acf_changed":false,"_relevanssi_hide_post":"","_relevanssi_hide_content":"","_relevanssi_pin_for_all":"","_relevanssi_pin_keywords":"","_relevanssi_unpin_keywords":"","_relevanssi_related_keywords":"","_relevanssi_related_include_ids":"","_relevanssi_related_exclude_ids":"","_relevanssi_related_no_append":"","_relevanssi_related_not_related":"","_relevanssi_related_posts":"","_relevanssi_noindex_reason":"","footnotes":""},"class_list":["post-453","page","type-page","status-publish","hentry"],"acf":[],"yoast_head":"<!-- This site is optimized with the Yoast SEO plugin v27.4 - https:\/\/yoast.com\/product\/yoast-seo-wordpress\/ -->\n<title>Home - Les Jardins de Sainte-Hildegarde<\/title>\n<meta name=\"robots\" content=\"index, follow, max-snippet:-1, max-image-preview:large, max-video-preview:-1\" \/>\n<link rel=\"canonical\" href=\"https:\/\/www.lesjardinsdesaintehildegarde.com\/en\/\" \/>\n<meta property=\"og:locale\" content=\"en_US\" \/>\n<meta property=\"og:type\" content=\"article\" \/>\n<meta property=\"og:title\" content=\"Home - Les Jardins de Sainte-Hildegarde\" \/>\n<meta property=\"og:description\" content=\"Les fondamentaux de l\u2019\u0153uvre de Sainte Hildegarde de Bingen Abbesse allemande du XII\u00e8me si\u00e8cle, sainte Hildegarde a re\u00e7u lors de visions de grandes connaissances sur la cr\u00e9ation. Elle met par \u00e9crit tout ce qu&#8217;elle apprend, et c&#8217;est ainsi que ses \u0153uvres nous sont parvenues aujourd&#8217;hui. Les longues recherches des fondateurs des Jardins de sainte Hildegarde [&hellip;]\" \/>\n<meta property=\"og:url\" content=\"https:\/\/www.lesjardinsdesaintehildegarde.com\/en\/\" \/>\n<meta property=\"og:site_name\" content=\"Les Jardins de Sainte-Hildegarde\" \/>\n<meta property=\"article:modified_time\" content=\"2021-07-12T13:01:35+00:00\" \/>\n<meta property=\"og:image\" content=\"https:\/\/www.lesjardinsdesaintehildegarde.com\/wp-content\/uploads\/2019\/10\/icone.jpg\" \/>\n<meta name=\"twitter:card\" content=\"summary_large_image\" \/>\n<meta name=\"twitter:label1\" content=\"Est. reading time\" \/>\n\t<meta name=\"twitter:data1\" content=\"3 minutes\" \/>\n<script type=\"application\/ld+json\" class=\"yoast-schema-graph\">{\"@context\":\"https:\\\/\\\/schema.org\",\"@graph\":[{\"@type\":\"WebPage\",\"@id\":\"https:\\\/\\\/www.lesjardinsdesaintehildegarde.com\\\/en\\\/\",\"url\":\"https:\\\/\\\/www.lesjardinsdesaintehildegarde.com\\\/en\\\/\",\"name\":\"Home - Les Jardins de Sainte-Hildegarde\",\"isPartOf\":{\"@id\":\"https:\\\/\\\/www.lesjardinsdesaintehildegarde.com\\\/en\\\/#website\"},\"primaryImageOfPage\":{\"@id\":\"https:\\\/\\\/www.lesjardinsdesaintehildegarde.com\\\/en\\\/#primaryimage\"},\"image\":{\"@id\":\"https:\\\/\\\/www.lesjardinsdesaintehildegarde.com\\\/en\\\/#primaryimage\"},\"thumbnailUrl\":\"https:\\\/\\\/www.lesjardinsdesaintehildegarde.com\\\/wp-content\\\/uploads\\\/2019\\\/10\\\/icone.jpg\",\"datePublished\":\"2021-02-09T15:36:55+00:00\",\"dateModified\":\"2021-07-12T13:01:35+00:00\",\"breadcrumb\":{\"@id\":\"https:\\\/\\\/www.lesjardinsdesaintehildegarde.com\\\/en\\\/#breadcrumb\"},\"inLanguage\":\"en-US\",\"potentialAction\":[{\"@type\":\"ReadAction\",\"target\":[\"https:\\\/\\\/www.lesjardinsdesaintehildegarde.com\\\/en\\\/\"]}]},{\"@type\":\"ImageObject\",\"inLanguage\":\"en-US\",\"@id\":\"https:\\\/\\\/www.lesjardinsdesaintehildegarde.com\\\/en\\\/#primaryimage\",\"url\":\"https:\\\/\\\/www.lesjardinsdesaintehildegarde.com\\\/wp-content\\\/uploads\\\/2019\\\/10\\\/icone.jpg\",\"contentUrl\":\"https:\\\/\\\/www.lesjardinsdesaintehildegarde.com\\\/wp-content\\\/uploads\\\/2019\\\/10\\\/icone.jpg\"},{\"@type\":\"BreadcrumbList\",\"@id\":\"https:\\\/\\\/www.lesjardinsdesaintehildegarde.com\\\/en\\\/#breadcrumb\",\"itemListElement\":[{\"@type\":\"ListItem\",\"position\":1,\"name\":\"Home\",\"item\":\"https:\\\/\\\/www.lesjardinsdesaintehildegarde.com\\\/en\\\/\"},{\"@type\":\"ListItem\",\"position\":2,\"name\":\"Home\"}]},{\"@type\":\"WebSite\",\"@id\":\"https:\\\/\\\/www.lesjardinsdesaintehildegarde.com\\\/en\\\/#website\",\"url\":\"https:\\\/\\\/www.lesjardinsdesaintehildegarde.com\\\/en\\\/\",\"name\":\"Les Jardins de Sainte-Hildegarde\",\"description\":\"Viriditas\",\"publisher\":{\"@id\":\"https:\\\/\\\/www.lesjardinsdesaintehildegarde.com\\\/en\\\/#organization\"},\"potentialAction\":[{\"@type\":\"SearchAction\",\"target\":{\"@type\":\"EntryPoint\",\"urlTemplate\":\"https:\\\/\\\/www.lesjardinsdesaintehildegarde.com\\\/en\\\/?s={search_term_string}\"},\"query-input\":{\"@type\":\"PropertyValueSpecification\",\"valueRequired\":true,\"valueName\":\"search_term_string\"}}],\"inLanguage\":\"en-US\"},{\"@type\":\"Organization\",\"@id\":\"https:\\\/\\\/www.lesjardinsdesaintehildegarde.com\\\/en\\\/#organization\",\"name\":\"Les Jardins de Sainte-Hildegarde\",\"url\":\"https:\\\/\\\/www.lesjardinsdesaintehildegarde.com\\\/en\\\/\",\"logo\":{\"@type\":\"ImageObject\",\"inLanguage\":\"en-US\",\"@id\":\"https:\\\/\\\/www.lesjardinsdesaintehildegarde.com\\\/en\\\/#\\\/schema\\\/logo\\\/image\\\/\",\"url\":\"https:\\\/\\\/www.lesjardinsdesaintehildegarde.com\\\/wp-content\\\/uploads\\\/2022\\\/11\\\/logo-2022.png\",\"contentUrl\":\"https:\\\/\\\/www.lesjardinsdesaintehildegarde.com\\\/wp-content\\\/uploads\\\/2022\\\/11\\\/logo-2022.png\",\"width\":365,\"height\":90,\"caption\":\"Les Jardins de Sainte-Hildegarde\"},\"image\":{\"@id\":\"https:\\\/\\\/www.lesjardinsdesaintehildegarde.com\\\/en\\\/#\\\/schema\\\/logo\\\/image\\\/\"}}]}<\/script>\n<!-- \/ Yoast SEO plugin. -->","yoast_head_json":{"title":"Home - Les Jardins de Sainte-Hildegarde","robots":{"index":"index","follow":"follow","max-snippet":"max-snippet:-1","max-image-preview":"max-image-preview:large","max-video-preview":"max-video-preview:-1"},"canonical":"https:\/\/www.lesjardinsdesaintehildegarde.com\/en\/","og_locale":"en_US","og_type":"article","og_title":"Home - Les Jardins de Sainte-Hildegarde","og_description":"Les fondamentaux de l\u2019\u0153uvre de Sainte Hildegarde de Bingen Abbesse allemande du XII\u00e8me si\u00e8cle, sainte Hildegarde a re\u00e7u lors de visions de grandes connaissances sur la cr\u00e9ation. Elle met par \u00e9crit tout ce qu&#8217;elle apprend, et c&#8217;est ainsi que ses \u0153uvres nous sont parvenues aujourd&#8217;hui. Les longues recherches des fondateurs des Jardins de sainte Hildegarde [&hellip;]","og_url":"https:\/\/www.lesjardinsdesaintehildegarde.com\/en\/","og_site_name":"Les Jardins de Sainte-Hildegarde","article_modified_time":"2021-07-12T13:01:35+00:00","og_image":[{"url":"https:\/\/www.lesjardinsdesaintehildegarde.com\/wp-content\/uploads\/2019\/10\/icone.jpg","type":"","width":"","height":""}],"twitter_card":"summary_large_image","twitter_misc":{"Est. reading time":"3 minutes"},"schema":{"@context":"https:\/\/schema.org","@graph":[{"@type":"WebPage","@id":"https:\/\/www.lesjardinsdesaintehildegarde.com\/en\/","url":"https:\/\/www.lesjardinsdesaintehildegarde.com\/en\/","name":"Home - Les Jardins de Sainte-Hildegarde","isPartOf":{"@id":"https:\/\/www.lesjardinsdesaintehildegarde.com\/en\/#website"},"primaryImageOfPage":{"@id":"https:\/\/www.lesjardinsdesaintehildegarde.com\/en\/#primaryimage"},"image":{"@id":"https:\/\/www.lesjardinsdesaintehildegarde.com\/en\/#primaryimage"},"thumbnailUrl":"https:\/\/www.lesjardinsdesaintehildegarde.com\/wp-content\/uploads\/2019\/10\/icone.jpg","datePublished":"2021-02-09T15:36:55+00:00","dateModified":"2021-07-12T13:01:35+00:00","breadcrumb":{"@id":"https:\/\/www.lesjardinsdesaintehildegarde.com\/en\/#breadcrumb"},"inLanguage":"en-US","potentialAction":[{"@type":"ReadAction","target":["https:\/\/www.lesjardinsdesaintehildegarde.com\/en\/"]}]},{"@type":"ImageObject","inLanguage":"en-US","@id":"https:\/\/www.lesjardinsdesaintehildegarde.com\/en\/#primaryimage","url":"https:\/\/www.lesjardinsdesaintehildegarde.com\/wp-content\/uploads\/2019\/10\/icone.jpg","contentUrl":"https:\/\/www.lesjardinsdesaintehildegarde.com\/wp-content\/uploads\/2019\/10\/icone.jpg"},{"@type":"BreadcrumbList","@id":"https:\/\/www.lesjardinsdesaintehildegarde.com\/en\/#breadcrumb","itemListElement":[{"@type":"ListItem","position":1,"name":"Home","item":"https:\/\/www.lesjardinsdesaintehildegarde.com\/en\/"},{"@type":"ListItem","position":2,"name":"Home"}]},{"@type":"WebSite","@id":"https:\/\/www.lesjardinsdesaintehildegarde.com\/en\/#website","url":"https:\/\/www.lesjardinsdesaintehildegarde.com\/en\/","name":"Les Jardins de Sainte-Hildegarde","description":"Viriditas","publisher":{"@id":"https:\/\/www.lesjardinsdesaintehildegarde.com\/en\/#organization"},"potentialAction":[{"@type":"SearchAction","target":{"@type":"EntryPoint","urlTemplate":"https:\/\/www.lesjardinsdesaintehildegarde.com\/en\/?s={search_term_string}"},"query-input":{"@type":"PropertyValueSpecification","valueRequired":true,"valueName":"search_term_string"}}],"inLanguage":"en-US"},{"@type":"Organization","@id":"https:\/\/www.lesjardinsdesaintehildegarde.com\/en\/#organization","name":"Les Jardins de Sainte-Hildegarde","url":"https:\/\/www.lesjardinsdesaintehildegarde.com\/en\/","logo":{"@type":"ImageObject","inLanguage":"en-US","@id":"https:\/\/www.lesjardinsdesaintehildegarde.com\/en\/#\/schema\/logo\/image\/","url":"https:\/\/www.lesjardinsdesaintehildegarde.com\/wp-content\/uploads\/2022\/11\/logo-2022.png","contentUrl":"https:\/\/www.lesjardinsdesaintehildegarde.com\/wp-content\/uploads\/2022\/11\/logo-2022.png","width":365,"height":90,"caption":"Les Jardins de Sainte-Hildegarde"},"image":{"@id":"https:\/\/www.lesjardinsdesaintehildegarde.com\/en\/#\/schema\/logo\/image\/"}}]}},"_links":{"self":[{"href":"https:\/\/www.lesjardinsdesaintehildegarde.com\/en\/wp-json\/wp\/v2\/pages\/453","targetHints":{"allow":["GET"]}}],"collection":[{"href":"https:\/\/www.lesjardinsdesaintehildegarde.com\/en\/wp-json\/wp\/v2\/pages"}],"about":[{"href":"https:\/\/www.lesjardinsdesaintehildegarde.com\/en\/wp-json\/wp\/v2\/types\/page"}],"author":[{"embeddable":true,"href":"https:\/\/www.lesjardinsdesaintehildegarde.com\/en\/wp-json\/wp\/v2\/users\/1"}],"replies":[{"embeddable":true,"href":"https:\/\/www.lesjardinsdesaintehildegarde.com\/en\/wp-json\/wp\/v2\/comments?post=453"}],"version-history":[{"count":1,"href":"https:\/\/www.lesjardinsdesaintehildegarde.com\/en\/wp-json\/wp\/v2\/pages\/453\/revisions"}],"predecessor-version":[{"id":824,"href":"https:\/\/www.lesjardinsdesaintehildegarde.com\/en\/wp-json\/wp\/v2\/pages\/453\/revisions\/824"}],"wp:attachment":[{"href":"https:\/\/www.lesjardinsdesaintehildegarde.com\/en\/wp-json\/wp\/v2\/media?parent=453"}],"curies":[{"name":"wp","href":"https:\/\/api.w.org\/{rel}","templated":true}]}}