{"id":512,"date":"2021-02-09T16:43:46","date_gmt":"2021-02-09T15:43:46","guid":{"rendered":"https:\/\/www.lesjardinsdesaintehildegarde.com\/terms-of-service\/"},"modified":"2021-02-09T16:43:46","modified_gmt":"2021-02-09T15:43:46","slug":"terms-of-service","status":"publish","type":"page","link":"https:\/\/www.lesjardinsdesaintehildegarde.com\/en\/terms-of-service\/","title":{"rendered":"Terms of service"},"content":{"rendered":"<h2>1. Objet des conditions g\u00e9n\u00e9rales d&#8217;utilisation<\/h2>\n<p>Les conditions g\u00e9n\u00e9rales d&#8217;utilisation constituent le contrat entre le site et l&#8217;utilisateur. En utilisant ce site Internet, l\u2019utilisateur accepte et s\u2019engage \u00e0 respecter les pr\u00e9sentes conditions d&#8217;utilisation. En cas de non-acceptation de celles-ci, l&#8217;utilisateur renonce \u00e0 l&#8217;acc\u00e8s au site Internet et \u00e0 ses services.<\/p>\n<p>L\u2019\u00e9diteur du site&nbsp;<a href=\"https:\/\/www.lesjardinsdesaintehildegarde.com\/en\/\" target=\"_blank\" rel=\"noopener noreferrer\">www.lesjardinsdesaintehildegarde.com<\/a> &nbsp;est la soci\u00e9t\u00e9 LES JARDINS DE SAINTE HILDEGARDE, \u00e9tablie Le suquet 24220 Coux et Bigaroque-Mouzens, FRANCE (SIRET&nbsp;: 42209554700028)<\/p>\n<p>R\u00e9alisation et h\u00e9bergement du site : SARL Adelysnet&nbsp;<a href=\"https:\/\/www.cogitime.fr\/\" target=\"_blank\" rel=\"noopener noreferrer\">www.cogitime.fr<\/a><\/p>\n<p>La soci\u00e9t\u00e9 LES JARDINS DE SAINTE HILDEGARDE se r\u00e9serve le droit d\u2019actualiser et de modifier, unilat\u00e9ralement, ses conditions g\u00e9n\u00e9rales d\u2019utilisation et de le communiquer \u00e0 l\u2019utilisateur par une publication en ligne ou par email.<\/p>\n<h2>2. D\u00e9finitions<\/h2>\n<p>Ce deuxi\u00e8me point a pour objet la d\u00e9finition des diff\u00e9rents termes essentiels \u00e0 l\u2019utilisation du site.<\/p>\n<p>&#8211; Utilisateur : toute personne qui utilise le site et ses services.<\/p>\n<p>&#8211; Formulaire de contact : disponible \u00e0 la page <a href=\"https:\/\/www.lesjardinsdesaintehildegarde.com\/en\/contact-les-jardins-de-sainte-hildegarde\/\">CONTACT<\/a> du site, il est n\u00e9cessaire qu\u2019il soit rempli correctement. L\u2019utilisateur est responsable de la v\u00e9racit\u00e9 des donn\u00e9es communiqu\u00e9es \u00e0 la soci\u00e9t\u00e9 LES JARDINS DE SAINTE HILDEGARDE. Il permet \u00e0 l\u2019utilisateur de contacter la soci\u00e9t\u00e9 LES JARDINS DE SAINTE HILDEGARDE pour tout renseignement.<\/p>\n<p>&#8211; Client : l&#8217;utilisateur devient client lorsqu&#8217;il obtient cr\u00e9e un compte et qu\u2019il peut se connecter sur le site, notamment pour commander en ligne.<\/p>\n<p>&#8211; Identifiants : regroupe les informations n\u00e9cessaires \u00e0 l&#8217;identification et \u00e0 la connexion d&#8217;un utilisateur membre sur le site. Les identifiants permettent \u00e0 l\u2019utilisateur d\u2019acc\u00e9der \u00e0 son espace client et de commander en ligne.<\/p>\n<h2>3. Acc\u00e8s au site et \u00e0 ses services<\/h2>\n<p>L\u2019acc\u00e8s au site et \u00e0 ses services est gratuit. L&#8217;utilisateur, client ou non, est responsable des moyens pour acc\u00e9der au site et \u00e0 ses services notamment de son mat\u00e9riel informatique ainsi que de l\u2019acc\u00e8s \u00e0 Internet et de la qualit\u00e9 de cette connexion. Une mauvaise connexion peut emp\u00eacher un affichage normal du site Internet, la soci\u00e9t\u00e9 LES JARDINS DE SAINTE HILDEGARDE ne peut en aucun cas en \u00eatre tenue responsable. Le site et ses services peuvent faire l&#8217;objet d\u2019une actualisation, d\u2019une modification ou d&#8217;une interruption notamment en cas de maintenance, sans pr\u00e9avis n\u00e9cessaire. La soci\u00e9t\u00e9 LES JARDINS DE SAINTE HILDEGARDE compte sur la compr\u00e9hension de l&#8217;utilisateur car aucune indemnisation ne sera accord\u00e9e en cas de fonctionnement anormal ou de toute maintenance du site par exemple.<\/p>\n<h2>4. Utilisation des donn\u00e9es, Copyright et propri\u00e9t\u00e9 industrielle<\/h2>\n<p>Le nom de domaine&nbsp;<a href=\"https:\/\/www.lesjardinsdesaintehildegarde.com\/en\/\" target=\"_blank\" rel=\"noopener noreferrer\">www.lesjardinsdesaintehildegarde.com<\/a>&nbsp;, et toutes ses d\u00e9clinaisons sont d\u00e9pos\u00e9s et prot\u00e9g\u00e9s. Les logos ainsi que tout autre contenu pr\u00e9sents sur le site sont prot\u00e9g\u00e9s par le Code de la propri\u00e9t\u00e9 intellectuelle et par le droit d&#8217;auteur. Toute utilisation (publication, copie, capture d\u2019\u00e9cran, reproduction\u2026) du contenu du site internet, sans l&#8217;accord pr\u00e9alable de la soci\u00e9t\u00e9 LES JARDINS DE SAINTE HILDEGARDE est interdite et constitue une violation de ces conditions d\u2019utilisation. L&#8217;extraction et l\u2019affichage des donn\u00e9es de ce site Internet \u00e0 des fins commerciales ou non, sur un autre site Internet, de fa\u00e7on automatis\u00e9e ou non, sont soumises \u00e0 l\u2019autorisation de la soci\u00e9t\u00e9 LES JARDINS DE SAINTE HILDEGARDE. Celle-ci se r\u00e9serve le droit d\u2019intenter toute r\u00e9clamation n\u00e9cessaire au respect de ce point.<\/p>\n<p>Tout lien hypertexte orientant un internaute vers le site Internet de la soci\u00e9t\u00e9 LES JARDINS DE SAINTE HILDEGARDE sans l&#8217;autorisation pr\u00e9alable de cette derni\u00e8re est interdit.<\/p>\n<p>&nbsp;<\/p>\n<h2>5. Donn\u00e9es personnelles et consentement de l\u2019utilisateur<\/h2>\n<p>Les donn\u00e9es saisies par l\u2019utilisateur ne sont pas revendues \u00e0 des tiers.<\/p>\n<p>La soci\u00e9t\u00e9&nbsp;LES JARDINS DE SAINTE HILDEGARDE&nbsp;se r\u00e9serve le droit d\u2019utiliser les donn\u00e9es saisies par l\u2019utilisateur pour lui envoyer des publications commerciales (promotions, informations, communications \u00e9v\u00e9nements&#8230;).<\/p>\n<p>L\u2019utilisateur client peut demander \u00e0 tout moment \u00e0 la soci\u00e9t\u00e9 LES JARDINS DE SAINTE HILDEGARDE de ne plus recevoir de publications commerciales via son courriel. Il dispose \u00e9galement d\u2019un droit d\u2019acc\u00e8s et de rectification aux donn\u00e9es communiqu\u00e9es \u00e0 la soci\u00e9t\u00e9 LES JARDINS DE SAINTE HILDEGARDE. L\u2019utilisateur membre dispose \u00e9galement d\u2019un droit de suppression de ses donn\u00e9es mais cette suppression ne lui permettrait plus de consulter son espace client, ou de passer une commande en ligne. Pour toute modification ou suppression, il lui suffit de nous adresser un courriel \u00e0 l\u2019adresse&nbsp;<a href=\"mailto:contact@www.lesjardinsdesaintehildegarde.com\">contact@www.lesjardinsdesaintehildegarde.com<\/a><\/p>\n","protected":false},"excerpt":{"rendered":"<p>1. Objet des conditions g\u00e9n\u00e9rales d&#8217;utilisation Les conditions g\u00e9n\u00e9rales d&#8217;utilisation constituent le contrat entre le site et l&#8217;utilisateur. En utilisant ce site Internet, l\u2019utilisateur accepte et s\u2019engage \u00e0 respecter les pr\u00e9sentes conditions d&#8217;utilisation. En cas de non-acceptation de celles-ci, l&#8217;utilisateur renonce \u00e0 l&#8217;acc\u00e8s au site Internet et \u00e0 ses services. L\u2019\u00e9diteur du site&nbsp;www.lesjardinsdesaintehildegarde.com &nbsp;est la [&hellip;]<\/p>\n","protected":false},"author":1,"featured_media":0,"parent":0,"menu_order":0,"comment_status":"closed","ping_status":"closed","template":"","meta":{"_acf_changed":false,"_relevanssi_hide_post":"","_relevanssi_hide_content":"","_relevanssi_pin_for_all":"","_relevanssi_pin_keywords":"","_relevanssi_unpin_keywords":"","_relevanssi_related_keywords":"","_relevanssi_related_include_ids":"","_relevanssi_related_exclude_ids":"","_relevanssi_related_no_append":"","_relevanssi_related_not_related":"","_relevanssi_related_posts":"","_relevanssi_noindex_reason":"","footnotes":""},"class_list":["post-512","page","type-page","status-publish","hentry"],"acf":[],"yoast_head":"<!-- This site is optimized with the Yoast SEO plugin v27.4 - https:\/\/yoast.com\/product\/yoast-seo-wordpress\/ -->\n<title>Terms of service - Les Jardins de Sainte-Hildegarde<\/title>\n<meta name=\"robots\" content=\"index, follow, max-snippet:-1, max-image-preview:large, max-video-preview:-1\" \/>\n<link rel=\"canonical\" href=\"https:\/\/www.lesjardinsdesaintehildegarde.com\/en\/terms-of-service\/\" \/>\n<meta property=\"og:locale\" content=\"en_US\" \/>\n<meta property=\"og:type\" content=\"article\" \/>\n<meta property=\"og:title\" content=\"Terms of service - Les Jardins de Sainte-Hildegarde\" \/>\n<meta property=\"og:description\" content=\"1. Objet des conditions g\u00e9n\u00e9rales d&#8217;utilisation Les conditions g\u00e9n\u00e9rales d&#8217;utilisation constituent le contrat entre le site et l&#8217;utilisateur. En utilisant ce site Internet, l\u2019utilisateur accepte et s\u2019engage \u00e0 respecter les pr\u00e9sentes conditions d&#8217;utilisation. En cas de non-acceptation de celles-ci, l&#8217;utilisateur renonce \u00e0 l&#8217;acc\u00e8s au site Internet et \u00e0 ses services. L\u2019\u00e9diteur du site&nbsp;www.lesjardinsdesaintehildegarde.com &nbsp;est la [&hellip;]\" \/>\n<meta property=\"og:url\" content=\"https:\/\/www.lesjardinsdesaintehildegarde.com\/en\/terms-of-service\/\" \/>\n<meta property=\"og:site_name\" content=\"Les Jardins de Sainte-Hildegarde\" \/>\n<meta name=\"twitter:card\" content=\"summary_large_image\" \/>\n<meta name=\"twitter:label1\" content=\"Est. reading time\" \/>\n\t<meta name=\"twitter:data1\" content=\"4 minutes\" \/>\n<script type=\"application\/ld+json\" class=\"yoast-schema-graph\">{\"@context\":\"https:\\\/\\\/schema.org\",\"@graph\":[{\"@type\":\"WebPage\",\"@id\":\"https:\\\/\\\/www.lesjardinsdesaintehildegarde.com\\\/en\\\/terms-of-service\\\/\",\"url\":\"https:\\\/\\\/www.lesjardinsdesaintehildegarde.com\\\/en\\\/terms-of-service\\\/\",\"name\":\"Terms of service - Les Jardins de Sainte-Hildegarde\",\"isPartOf\":{\"@id\":\"https:\\\/\\\/www.lesjardinsdesaintehildegarde.com\\\/en\\\/#website\"},\"datePublished\":\"2021-02-09T15:43:46+00:00\",\"breadcrumb\":{\"@id\":\"https:\\\/\\\/www.lesjardinsdesaintehildegarde.com\\\/en\\\/terms-of-service\\\/#breadcrumb\"},\"inLanguage\":\"en-US\",\"potentialAction\":[{\"@type\":\"ReadAction\",\"target\":[\"https:\\\/\\\/www.lesjardinsdesaintehildegarde.com\\\/en\\\/terms-of-service\\\/\"]}]},{\"@type\":\"BreadcrumbList\",\"@id\":\"https:\\\/\\\/www.lesjardinsdesaintehildegarde.com\\\/en\\\/terms-of-service\\\/#breadcrumb\",\"itemListElement\":[{\"@type\":\"ListItem\",\"position\":1,\"name\":\"Home\",\"item\":\"https:\\\/\\\/www.lesjardinsdesaintehildegarde.com\\\/en\\\/\"},{\"@type\":\"ListItem\",\"position\":2,\"name\":\"Terms of service\"}]},{\"@type\":\"WebSite\",\"@id\":\"https:\\\/\\\/www.lesjardinsdesaintehildegarde.com\\\/en\\\/#website\",\"url\":\"https:\\\/\\\/www.lesjardinsdesaintehildegarde.com\\\/en\\\/\",\"name\":\"Les Jardins de Sainte-Hildegarde\",\"description\":\"Viriditas\",\"publisher\":{\"@id\":\"https:\\\/\\\/www.lesjardinsdesaintehildegarde.com\\\/en\\\/#organization\"},\"potentialAction\":[{\"@type\":\"SearchAction\",\"target\":{\"@type\":\"EntryPoint\",\"urlTemplate\":\"https:\\\/\\\/www.lesjardinsdesaintehildegarde.com\\\/en\\\/?s={search_term_string}\"},\"query-input\":{\"@type\":\"PropertyValueSpecification\",\"valueRequired\":true,\"valueName\":\"search_term_string\"}}],\"inLanguage\":\"en-US\"},{\"@type\":\"Organization\",\"@id\":\"https:\\\/\\\/www.lesjardinsdesaintehildegarde.com\\\/en\\\/#organization\",\"name\":\"Les Jardins de Sainte-Hildegarde\",\"url\":\"https:\\\/\\\/www.lesjardinsdesaintehildegarde.com\\\/en\\\/\",\"logo\":{\"@type\":\"ImageObject\",\"inLanguage\":\"en-US\",\"@id\":\"https:\\\/\\\/www.lesjardinsdesaintehildegarde.com\\\/en\\\/#\\\/schema\\\/logo\\\/image\\\/\",\"url\":\"https:\\\/\\\/www.lesjardinsdesaintehildegarde.com\\\/wp-content\\\/uploads\\\/2022\\\/11\\\/logo-2022.png\",\"contentUrl\":\"https:\\\/\\\/www.lesjardinsdesaintehildegarde.com\\\/wp-content\\\/uploads\\\/2022\\\/11\\\/logo-2022.png\",\"width\":365,\"height\":90,\"caption\":\"Les Jardins de Sainte-Hildegarde\"},\"image\":{\"@id\":\"https:\\\/\\\/www.lesjardinsdesaintehildegarde.com\\\/en\\\/#\\\/schema\\\/logo\\\/image\\\/\"}}]}<\/script>\n<!-- \/ Yoast SEO plugin. -->","yoast_head_json":{"title":"Terms of service - Les Jardins de Sainte-Hildegarde","robots":{"index":"index","follow":"follow","max-snippet":"max-snippet:-1","max-image-preview":"max-image-preview:large","max-video-preview":"max-video-preview:-1"},"canonical":"https:\/\/www.lesjardinsdesaintehildegarde.com\/en\/terms-of-service\/","og_locale":"en_US","og_type":"article","og_title":"Terms of service - Les Jardins de Sainte-Hildegarde","og_description":"1. Objet des conditions g\u00e9n\u00e9rales d&#8217;utilisation Les conditions g\u00e9n\u00e9rales d&#8217;utilisation constituent le contrat entre le site et l&#8217;utilisateur. En utilisant ce site Internet, l\u2019utilisateur accepte et s\u2019engage \u00e0 respecter les pr\u00e9sentes conditions d&#8217;utilisation. En cas de non-acceptation de celles-ci, l&#8217;utilisateur renonce \u00e0 l&#8217;acc\u00e8s au site Internet et \u00e0 ses services. L\u2019\u00e9diteur du site&nbsp;www.lesjardinsdesaintehildegarde.com &nbsp;est la [&hellip;]","og_url":"https:\/\/www.lesjardinsdesaintehildegarde.com\/en\/terms-of-service\/","og_site_name":"Les Jardins de Sainte-Hildegarde","twitter_card":"summary_large_image","twitter_misc":{"Est. reading time":"4 minutes"},"schema":{"@context":"https:\/\/schema.org","@graph":[{"@type":"WebPage","@id":"https:\/\/www.lesjardinsdesaintehildegarde.com\/en\/terms-of-service\/","url":"https:\/\/www.lesjardinsdesaintehildegarde.com\/en\/terms-of-service\/","name":"Terms of service - Les Jardins de Sainte-Hildegarde","isPartOf":{"@id":"https:\/\/www.lesjardinsdesaintehildegarde.com\/en\/#website"},"datePublished":"2021-02-09T15:43:46+00:00","breadcrumb":{"@id":"https:\/\/www.lesjardinsdesaintehildegarde.com\/en\/terms-of-service\/#breadcrumb"},"inLanguage":"en-US","potentialAction":[{"@type":"ReadAction","target":["https:\/\/www.lesjardinsdesaintehildegarde.com\/en\/terms-of-service\/"]}]},{"@type":"BreadcrumbList","@id":"https:\/\/www.lesjardinsdesaintehildegarde.com\/en\/terms-of-service\/#breadcrumb","itemListElement":[{"@type":"ListItem","position":1,"name":"Home","item":"https:\/\/www.lesjardinsdesaintehildegarde.com\/en\/"},{"@type":"ListItem","position":2,"name":"Terms of service"}]},{"@type":"WebSite","@id":"https:\/\/www.lesjardinsdesaintehildegarde.com\/en\/#website","url":"https:\/\/www.lesjardinsdesaintehildegarde.com\/en\/","name":"Les Jardins de Sainte-Hildegarde","description":"Viriditas","publisher":{"@id":"https:\/\/www.lesjardinsdesaintehildegarde.com\/en\/#organization"},"potentialAction":[{"@type":"SearchAction","target":{"@type":"EntryPoint","urlTemplate":"https:\/\/www.lesjardinsdesaintehildegarde.com\/en\/?s={search_term_string}"},"query-input":{"@type":"PropertyValueSpecification","valueRequired":true,"valueName":"search_term_string"}}],"inLanguage":"en-US"},{"@type":"Organization","@id":"https:\/\/www.lesjardinsdesaintehildegarde.com\/en\/#organization","name":"Les Jardins de Sainte-Hildegarde","url":"https:\/\/www.lesjardinsdesaintehildegarde.com\/en\/","logo":{"@type":"ImageObject","inLanguage":"en-US","@id":"https:\/\/www.lesjardinsdesaintehildegarde.com\/en\/#\/schema\/logo\/image\/","url":"https:\/\/www.lesjardinsdesaintehildegarde.com\/wp-content\/uploads\/2022\/11\/logo-2022.png","contentUrl":"https:\/\/www.lesjardinsdesaintehildegarde.com\/wp-content\/uploads\/2022\/11\/logo-2022.png","width":365,"height":90,"caption":"Les Jardins de Sainte-Hildegarde"},"image":{"@id":"https:\/\/www.lesjardinsdesaintehildegarde.com\/en\/#\/schema\/logo\/image\/"}}]}},"_links":{"self":[{"href":"https:\/\/www.lesjardinsdesaintehildegarde.com\/en\/wp-json\/wp\/v2\/pages\/512","targetHints":{"allow":["GET"]}}],"collection":[{"href":"https:\/\/www.lesjardinsdesaintehildegarde.com\/en\/wp-json\/wp\/v2\/pages"}],"about":[{"href":"https:\/\/www.lesjardinsdesaintehildegarde.com\/en\/wp-json\/wp\/v2\/types\/page"}],"author":[{"embeddable":true,"href":"https:\/\/www.lesjardinsdesaintehildegarde.com\/en\/wp-json\/wp\/v2\/users\/1"}],"replies":[{"embeddable":true,"href":"https:\/\/www.lesjardinsdesaintehildegarde.com\/en\/wp-json\/wp\/v2\/comments?post=512"}],"version-history":[{"count":0,"href":"https:\/\/www.lesjardinsdesaintehildegarde.com\/en\/wp-json\/wp\/v2\/pages\/512\/revisions"}],"wp:attachment":[{"href":"https:\/\/www.lesjardinsdesaintehildegarde.com\/en\/wp-json\/wp\/v2\/media?parent=512"}],"curies":[{"name":"wp","href":"https:\/\/api.w.org\/{rel}","templated":true}]}}