{"id":518,"date":"2021-02-09T16:46:25","date_gmt":"2021-02-09T15:46:25","guid":{"rendered":"https:\/\/www.lesjardinsdesaintehildegarde.com\/delivery\/"},"modified":"2021-02-09T16:46:25","modified_gmt":"2021-02-09T15:46:25","slug":"delivery","status":"publish","type":"page","link":"https:\/\/www.lesjardinsdesaintehildegarde.com\/en\/delivery\/","title":{"rendered":"Delivery"},"content":{"rendered":"<p> Pour une livraison facilit\u00e9e pri\u00e8re d\u2019indiquer dans votre adresse de livraison&nbsp;: une adresse tr\u00e8s pr\u00e9cise (bo\u00eete aux lettres indentifiable), le code d\u2019acc\u00e8s de l\u2019immeuble (en cas de porte cod\u00e9e).<\/p>\n<p> Le poids des colis est calcul\u00e9 automatiquement lors du processus de commande, nous prenons en compte le poids brut des produits et des cadeaux s\u2019il y en a puis nous ajoutons le poids estim\u00e9 de l\u2019emballage.<\/p>\n<p> En fonction des crit\u00e8res de votre commande et de son lieu de livraison vous pourrez avoir le choix entre plusieurs options d\u00e9crites dans les paragraphes ci-dessous. <\/p>\n<h2>France m\u00e9tropolitaine<\/h2>\n<p>-&gt;&nbsp;Pli suivi sans assurance par La Poste, commande inf\u00e9rieure \u00e0 1kg emballage compris&nbsp;: <br \/> Prix forfaitaire 4.30\u20ac<br \/> L\u2019envoi est suivi avec un num\u00e9ro, remis sans signature dans votre bo\u00eete aux lettres, non assur\u00e9 en cas de perte ou de d\u00e9t\u00e9rioration par les services postaux.<\/p>\n<p> -&gt; Colis suivi et assur\u00e9 pour une commande de 0 \u00e0 28.2 kg emballage compris par CHRONOPOST&nbsp;: <\/p>\n<p> -De 0 \u00e0 2.5kg 7\u20ac40<\/p>\n<p>-De 2.5 \u00e0 9kg 8\u20ac90<\/p>\n<p>-De 9 \u00e0 18kg&nbsp; 10\u20ac90<\/p>\n<p>-De 18 \u00e0 27kg 11\u20ac90<\/p>\n<p>Vous avez toujours le franco de port pour une commande \u00e9gale ou sup\u00e9rieure 220\u20ac<\/p>\n<p>Vous pouvez commander par internet, par t\u00e9l\u00e9phone ou par mail.<\/p>\n<p>L\u2019envoi est suivi avec un num\u00e9ro, remis contre signature \u00e0 domicile assur\u00e9 en cas de perte ou de d\u00e9t\u00e9rioration.<br \/> D\u00e8s que votre colis est pr\u00eat nous vous envoyons un message mail avec son n\u00b0 d\u2019acheminement. Ce m\u00eame n\u00b0 figure sur votre commande archiv\u00e9e dans votre compte sur notre site internet. <br \/>Avec ce num\u00e9ro, en allant sur le site internet <a href=\"https:\/\/www.chronopost.fr\">www.chronopost.fr<\/a> de CHRONOPOST, vous pouvez suivre sa position. <br \/>D\u00e8s que CHRONOPOST en prend possession vous recevez un mail et un SMS de la part de CHRONOPOST qui vous propose une date et une heure de livraison. <br \/>Vous avez la possibilit\u00e9 de modifier le rendez-vous ou bien de le faire d\u00e9poser dans un point relais \u00e0 votre convenance. <br \/>En cas d\u2019absence, le colis est d\u00e9pos\u00e9 en point relais et l\u2019adresse vous est communiqu\u00e9e. Vous avez alors l\u2019obligation d\u2019aller le r\u00e9cup\u00e9rer. Si le colis n\u2019est pas r\u00e9cup\u00e9r\u00e9, il nous est retourn\u00e9 au bout de 15 jours. A ce moment l\u00e0 le montant du contenu du colis vous est rembours\u00e9. En cas de refus r\u00e9p\u00e9t\u00e9 (2 fois) d\u2019aller le r\u00e9cup\u00e9rer, nous nous r\u00e9servons le droit de refuser toute nouvelle commande.<\/p>\n<p> -&gt; Colissimo Suivi pour une commande de 0 \u00e0 28.2 kg&nbsp;: <br \/> Prix en fonction du poids du colis<br \/> L\u2019envoi est suivi avec un num\u00e9ro, remis contre signature \u00e0 domicile ou dans votre agence postale, assur\u00e9 en cas de perte ou de d\u00e9t\u00e9rioration. Ce m\u00eame n\u00b0 figure sur votre commande archiv\u00e9e dans votre compte sur notre site internet.<br \/> Si vous \u00eates absent de votre domicile le jour de la livraison, le facteur mettra votre colis en instance dans votre agence postale, il y reste 14 jours, pass\u00e9 ce d\u00e9lai il nous est retourn\u00e9. Vous avez alors l\u2019obligation d\u2019aller le r\u00e9cup\u00e9rer. <br \/>Si le colis n\u2019est pas r\u00e9cup\u00e9r\u00e9, il nous est retourn\u00e9 au bout de 14 jours. <br \/>A ce moment l\u00e0 le montant du contenu du colis vous est rembours\u00e9. <br \/>En cas de refus r\u00e9p\u00e9t\u00e9 (2 fois) d\u2019aller le r\u00e9cup\u00e9rer, nous nous r\u00e9servons le droit de refuser toute nouvelle commande.<br \/> Les prix du Colissimo \u00e9voluent r\u00e9guli\u00e8rement, quand vous finalisez votre commande un outil int\u00e9gr\u00e9 \u00e0 notre site vous permet de conna\u00eetre le prix des frais d\u2019exp\u00e9dition par colissimo.<\/p>\n<p> -&gt; Colissimo Suivi pour une commande de 0 \u00e0 28.2 kg en point Relais Pickup directement&nbsp;: <br \/> Prix en fonction du poids du colis<br \/> L\u2019envoi est suivi avec un num\u00e9ro, remis contre signature en point relais Pickup, assur\u00e9 en cas de perte ou de d\u00e9t\u00e9rioration.<br \/> Votre colis est livr\u00e9 directement dans le point relais Pickup de votre choix en France m\u00e9tropolitaine sans \u00eatre pr\u00e9sent\u00e9 chez vous, il y reste 14 jours, pass\u00e9 ce d\u00e9lai il nous est retourn\u00e9.<br \/> Les prix du Colissimo \u00e9voluent r\u00e9guli\u00e8rement, quand vous finalisez votre commande un outil int\u00e9gr\u00e9 \u00e0 notre site vous permet de calculer le prix des frais d\u2019exp\u00e9dition par colissimo.<\/p>\n<h2>DOM-TOM Et Corse<\/h2>\n<p>-&gt; Colissimo Suivi pour une commande de 0 \u00e0 28.2 kg&nbsp;:<br \/>\nPrix en fonction du poids du colis<br \/> L\u2019envoi est suivi avec un num\u00e9ro, remis contre signature \u00e0 domicile ou en dans votre agence postale, assur\u00e9 en cas de perte ou de d\u00e9t\u00e9rioration.<br \/> Si vous \u00eates absent de votre domicile le jour de la livraison, le facteur mettra votre colis en instance dans votre agence postale, il y reste 14 jours, pass\u00e9 ce d\u00e9lai il nous est retourn\u00e9.<br \/> Les prix du Colissimo \u00e9voluent r\u00e9guli\u00e8rement, quand vous finalisez votre commande un outil int\u00e9gr\u00e9 \u00e0 notre site vous permet de calculer le prix des frais d\u2019exp\u00e9dition par colissimo.<\/p>\n<h2>Union Europ\u00e9enne ou Suisse<\/h2>\n<p>-&gt; Colissimo Suivi pour une commande de 0 \u00e0 28.2 kg&nbsp;: Prix en fonction du poids du colis<br \/> L\u2019envoi est suivi avec un num\u00e9ro, remis contre signature \u00e0 domicile ou en dans votre agence postale, assur\u00e9 en cas de perte ou de d\u00e9t\u00e9rioration.<br \/> Si vous \u00eates absent de votre domicile le jour de la livraison, le facteur mettra votre colis en instance dans votre agence postale, il y reste 14 jours, pass\u00e9 ce d\u00e9lai il nous est retourn\u00e9.<br \/> Les prix du Colissimo \u00e9voluent r\u00e9guli\u00e8rement, quand vous finalisez votre commande un outil int\u00e9gr\u00e9 \u00e0 notre site vous permet de calculer le prix des frais d\u2019exp\u00e9dition par colissimo.<\/p>\n<h2>Pour les Frontaliers avec la France<\/h2>\n<p>-&gt; Colis suivi et assur\u00e9 pour une commande de 0 \u00e0 27kg via CHRONOPOST en point Mondial Relay directement: Prix forfaitaire 11.90\u20ac<br \/> L\u2019envoi est suivi avec un num\u00e9ro, remis contre signature en point Mondial Relay, assur\u00e9 en cas de perte ou de d\u00e9t\u00e9rioration.<br \/> Votre colis est livr\u00e9 directement dans le point Mondial Relay de votre choix en France m\u00e9tropolitaine sans, il y reste 14 jours, pass\u00e9 ce d\u00e9lai il nous est retourn\u00e9.<\/p>\n<h2>Franco de port France m\u00e9tropolitaine<\/h2>\n<p>Le Franco de port est automatiquement appliqu\u00e9 en fin de commande quand vous remplissez les conditions.<\/p>\n<p> -&gt; 220\u20ac de commande dans la limite de 28.2Kg emballage compris pour une livraison en France m\u00e9tropolitaine par CHRONOPOST.<\/p>\n<p> -&gt; 440\u20ac de commande dans la limite de 56.4Kg emballage compris pour une livraison en France m\u00e9tropolitaine par CHRONOPOST.<\/p>\n<p> -&gt; 660\u20ac de commande dans la limite de 84.60Kg emballage compris pour une livraison en France m\u00e9tropolitaine par CHRONOPOST.<\/p>\n<p> -&gt; 880\u20ac de commande dans la limite de 112.80Kg emballage compris pour une livraison en France m\u00e9tropolitaine par CHRONOPOST.<\/p>\n<p> etc&#8230;<\/p>\n<h2>Remise sur frais de port France m\u00e9tropolitaine et \u00e9tranger par Colissimo<\/h2>\n<p>La remise sur frais de port est automatiquement appliqu\u00e9e en fin de commande quand vous remplissez les conditions<\/p>\n<p> -&gt; 220\u20ac de commande = 8.90\u20ac de remise sur frais de port<\/p>\n<p> -&gt; 440\u20ac de commande = 17.80\u20ac de remise sur frais de port<\/p>\n<p> -&gt; 660\u20ac de commande = 26.70\u20ac de remise sur frais de port<\/p>\n<p> -&gt; 880\u20ac de commande = 35.60\u20ac de remise sur frais de port<\/p>\n<p> etc&#8230;<\/p>\n<p> La remise sur frais de port ne peut pas d\u00e9passer le montant des frais de port eux-m\u00eames.<\/p>\n","protected":false},"excerpt":{"rendered":"<p>Pour une livraison facilit\u00e9e pri\u00e8re d\u2019indiquer dans votre adresse de livraison&nbsp;: une adresse tr\u00e8s pr\u00e9cise (bo\u00eete aux lettres indentifiable), le code d\u2019acc\u00e8s de l\u2019immeuble (en cas de porte cod\u00e9e). Le poids des colis est calcul\u00e9 automatiquement lors du processus de commande, nous prenons en compte le poids brut des produits et des cadeaux s\u2019il y [&hellip;]<\/p>\n","protected":false},"author":1,"featured_media":0,"parent":0,"menu_order":0,"comment_status":"closed","ping_status":"closed","template":"","meta":{"_acf_changed":false,"_relevanssi_hide_post":"","_relevanssi_hide_content":"","_relevanssi_pin_for_all":"","_relevanssi_pin_keywords":"","_relevanssi_unpin_keywords":"","_relevanssi_related_keywords":"","_relevanssi_related_include_ids":"","_relevanssi_related_exclude_ids":"","_relevanssi_related_no_append":"","_relevanssi_related_not_related":"","_relevanssi_related_posts":"","_relevanssi_noindex_reason":"","footnotes":""},"class_list":["post-518","page","type-page","status-publish","hentry"],"acf":[],"yoast_head":"<!-- This site is optimized with the Yoast SEO plugin v27.2 - https:\/\/yoast.com\/product\/yoast-seo-wordpress\/ -->\n<title>Delivery - Les Jardins de Sainte-Hildegarde<\/title>\n<meta name=\"robots\" content=\"index, follow, max-snippet:-1, max-image-preview:large, max-video-preview:-1\" \/>\n<link rel=\"canonical\" href=\"https:\/\/www.lesjardinsdesaintehildegarde.com\/en\/delivery\/\" \/>\n<meta property=\"og:locale\" content=\"en_US\" \/>\n<meta property=\"og:type\" content=\"article\" \/>\n<meta property=\"og:title\" content=\"Delivery - Les Jardins de Sainte-Hildegarde\" \/>\n<meta property=\"og:description\" content=\"Pour une livraison facilit\u00e9e pri\u00e8re d\u2019indiquer dans votre adresse de livraison&nbsp;: une adresse tr\u00e8s pr\u00e9cise (bo\u00eete aux lettres indentifiable), le code d\u2019acc\u00e8s de l\u2019immeuble (en cas de porte cod\u00e9e). Le poids des colis est calcul\u00e9 automatiquement lors du processus de commande, nous prenons en compte le poids brut des produits et des cadeaux s\u2019il y [&hellip;]\" \/>\n<meta property=\"og:url\" content=\"https:\/\/www.lesjardinsdesaintehildegarde.com\/en\/delivery\/\" \/>\n<meta property=\"og:site_name\" content=\"Les Jardins de Sainte-Hildegarde\" \/>\n<meta name=\"twitter:card\" content=\"summary_large_image\" \/>\n<meta name=\"twitter:label1\" content=\"Est. reading time\" \/>\n\t<meta name=\"twitter:data1\" content=\"6 minutes\" \/>\n<script type=\"application\/ld+json\" class=\"yoast-schema-graph\">{\"@context\":\"https:\/\/schema.org\",\"@graph\":[{\"@type\":\"WebPage\",\"@id\":\"https:\/\/www.lesjardinsdesaintehildegarde.com\/en\/delivery\/\",\"url\":\"https:\/\/www.lesjardinsdesaintehildegarde.com\/en\/delivery\/\",\"name\":\"Delivery - Les Jardins de Sainte-Hildegarde\",\"isPartOf\":{\"@id\":\"https:\/\/www.lesjardinsdesaintehildegarde.com\/en\/#website\"},\"datePublished\":\"2021-02-09T15:46:25+00:00\",\"breadcrumb\":{\"@id\":\"https:\/\/www.lesjardinsdesaintehildegarde.com\/en\/delivery\/#breadcrumb\"},\"inLanguage\":\"en-US\",\"potentialAction\":[{\"@type\":\"ReadAction\",\"target\":[\"https:\/\/www.lesjardinsdesaintehildegarde.com\/en\/delivery\/\"]}]},{\"@type\":\"BreadcrumbList\",\"@id\":\"https:\/\/www.lesjardinsdesaintehildegarde.com\/en\/delivery\/#breadcrumb\",\"itemListElement\":[{\"@type\":\"ListItem\",\"position\":1,\"name\":\"Home\",\"item\":\"https:\/\/www.lesjardinsdesaintehildegarde.com\/en\/\"},{\"@type\":\"ListItem\",\"position\":2,\"name\":\"Delivery\"}]},{\"@type\":\"WebSite\",\"@id\":\"https:\/\/www.lesjardinsdesaintehildegarde.com\/en\/#website\",\"url\":\"https:\/\/www.lesjardinsdesaintehildegarde.com\/en\/\",\"name\":\"Les Jardins de Sainte-Hildegarde\",\"description\":\"Viriditas\",\"publisher\":{\"@id\":\"https:\/\/www.lesjardinsdesaintehildegarde.com\/en\/#organization\"},\"potentialAction\":[{\"@type\":\"SearchAction\",\"target\":{\"@type\":\"EntryPoint\",\"urlTemplate\":\"https:\/\/www.lesjardinsdesaintehildegarde.com\/en\/?s={search_term_string}\"},\"query-input\":{\"@type\":\"PropertyValueSpecification\",\"valueRequired\":true,\"valueName\":\"search_term_string\"}}],\"inLanguage\":\"en-US\"},{\"@type\":\"Organization\",\"@id\":\"https:\/\/www.lesjardinsdesaintehildegarde.com\/en\/#organization\",\"name\":\"Les Jardins de Sainte-Hildegarde\",\"url\":\"https:\/\/www.lesjardinsdesaintehildegarde.com\/en\/\",\"logo\":{\"@type\":\"ImageObject\",\"inLanguage\":\"en-US\",\"@id\":\"https:\/\/www.lesjardinsdesaintehildegarde.com\/en\/#\/schema\/logo\/image\/\",\"url\":\"https:\/\/www.lesjardinsdesaintehildegarde.com\/wp-content\/uploads\/2022\/11\/logo-2022.png\",\"contentUrl\":\"https:\/\/www.lesjardinsdesaintehildegarde.com\/wp-content\/uploads\/2022\/11\/logo-2022.png\",\"width\":365,\"height\":90,\"caption\":\"Les Jardins de Sainte-Hildegarde\"},\"image\":{\"@id\":\"https:\/\/www.lesjardinsdesaintehildegarde.com\/en\/#\/schema\/logo\/image\/\"}}]}<\/script>\n<!-- \/ Yoast SEO plugin. -->","yoast_head_json":{"title":"Delivery - Les Jardins de Sainte-Hildegarde","robots":{"index":"index","follow":"follow","max-snippet":"max-snippet:-1","max-image-preview":"max-image-preview:large","max-video-preview":"max-video-preview:-1"},"canonical":"https:\/\/www.lesjardinsdesaintehildegarde.com\/en\/delivery\/","og_locale":"en_US","og_type":"article","og_title":"Delivery - Les Jardins de Sainte-Hildegarde","og_description":"Pour une livraison facilit\u00e9e pri\u00e8re d\u2019indiquer dans votre adresse de livraison&nbsp;: une adresse tr\u00e8s pr\u00e9cise (bo\u00eete aux lettres indentifiable), le code d\u2019acc\u00e8s de l\u2019immeuble (en cas de porte cod\u00e9e). Le poids des colis est calcul\u00e9 automatiquement lors du processus de commande, nous prenons en compte le poids brut des produits et des cadeaux s\u2019il y [&hellip;]","og_url":"https:\/\/www.lesjardinsdesaintehildegarde.com\/en\/delivery\/","og_site_name":"Les Jardins de Sainte-Hildegarde","twitter_card":"summary_large_image","twitter_misc":{"Est. reading time":"6 minutes"},"schema":{"@context":"https:\/\/schema.org","@graph":[{"@type":"WebPage","@id":"https:\/\/www.lesjardinsdesaintehildegarde.com\/en\/delivery\/","url":"https:\/\/www.lesjardinsdesaintehildegarde.com\/en\/delivery\/","name":"Delivery - Les Jardins de Sainte-Hildegarde","isPartOf":{"@id":"https:\/\/www.lesjardinsdesaintehildegarde.com\/en\/#website"},"datePublished":"2021-02-09T15:46:25+00:00","breadcrumb":{"@id":"https:\/\/www.lesjardinsdesaintehildegarde.com\/en\/delivery\/#breadcrumb"},"inLanguage":"en-US","potentialAction":[{"@type":"ReadAction","target":["https:\/\/www.lesjardinsdesaintehildegarde.com\/en\/delivery\/"]}]},{"@type":"BreadcrumbList","@id":"https:\/\/www.lesjardinsdesaintehildegarde.com\/en\/delivery\/#breadcrumb","itemListElement":[{"@type":"ListItem","position":1,"name":"Home","item":"https:\/\/www.lesjardinsdesaintehildegarde.com\/en\/"},{"@type":"ListItem","position":2,"name":"Delivery"}]},{"@type":"WebSite","@id":"https:\/\/www.lesjardinsdesaintehildegarde.com\/en\/#website","url":"https:\/\/www.lesjardinsdesaintehildegarde.com\/en\/","name":"Les Jardins de Sainte-Hildegarde","description":"Viriditas","publisher":{"@id":"https:\/\/www.lesjardinsdesaintehildegarde.com\/en\/#organization"},"potentialAction":[{"@type":"SearchAction","target":{"@type":"EntryPoint","urlTemplate":"https:\/\/www.lesjardinsdesaintehildegarde.com\/en\/?s={search_term_string}"},"query-input":{"@type":"PropertyValueSpecification","valueRequired":true,"valueName":"search_term_string"}}],"inLanguage":"en-US"},{"@type":"Organization","@id":"https:\/\/www.lesjardinsdesaintehildegarde.com\/en\/#organization","name":"Les Jardins de Sainte-Hildegarde","url":"https:\/\/www.lesjardinsdesaintehildegarde.com\/en\/","logo":{"@type":"ImageObject","inLanguage":"en-US","@id":"https:\/\/www.lesjardinsdesaintehildegarde.com\/en\/#\/schema\/logo\/image\/","url":"https:\/\/www.lesjardinsdesaintehildegarde.com\/wp-content\/uploads\/2022\/11\/logo-2022.png","contentUrl":"https:\/\/www.lesjardinsdesaintehildegarde.com\/wp-content\/uploads\/2022\/11\/logo-2022.png","width":365,"height":90,"caption":"Les Jardins de Sainte-Hildegarde"},"image":{"@id":"https:\/\/www.lesjardinsdesaintehildegarde.com\/en\/#\/schema\/logo\/image\/"}}]}},"_links":{"self":[{"href":"https:\/\/www.lesjardinsdesaintehildegarde.com\/en\/wp-json\/wp\/v2\/pages\/518","targetHints":{"allow":["GET"]}}],"collection":[{"href":"https:\/\/www.lesjardinsdesaintehildegarde.com\/en\/wp-json\/wp\/v2\/pages"}],"about":[{"href":"https:\/\/www.lesjardinsdesaintehildegarde.com\/en\/wp-json\/wp\/v2\/types\/page"}],"author":[{"embeddable":true,"href":"https:\/\/www.lesjardinsdesaintehildegarde.com\/en\/wp-json\/wp\/v2\/users\/1"}],"replies":[{"embeddable":true,"href":"https:\/\/www.lesjardinsdesaintehildegarde.com\/en\/wp-json\/wp\/v2\/comments?post=518"}],"version-history":[{"count":0,"href":"https:\/\/www.lesjardinsdesaintehildegarde.com\/en\/wp-json\/wp\/v2\/pages\/518\/revisions"}],"wp:attachment":[{"href":"https:\/\/www.lesjardinsdesaintehildegarde.com\/en\/wp-json\/wp\/v2\/media?parent=518"}],"curies":[{"name":"wp","href":"https:\/\/api.w.org\/{rel}","templated":true}]}}