{"id":1004,"date":"2022-11-04T09:07:24","date_gmt":"2022-11-04T08:07:24","guid":{"rendered":"https:\/\/www.lesjardinsdesaintehildegarde.com\/non%20class\u00e9\/fenouil-doux-graines-bio-100g\/"},"modified":"2026-04-29T23:02:08","modified_gmt":"2026-04-29T21:02:08","slug":"fenouil-doux-graines-bio-100g","status":"publish","type":"product","link":"https:\/\/www.lesjardinsdesaintehildegarde.com\/en\/plants-and-spices\/plants\/fenouil-doux-graines-bio-100g\/","title":{"rendered":"FENOUIL DOUX GRAINES BIO 100G*"},"content":{"rendered":"<p>FENOUIL DOUX GRAINES BIO 100 G * (29\u20ac \/ kg)<\/p>\n<p>Foenuculum Vulgaris<\/p>\n<p>* issu de l&#8217;agriculture biologique<\/p>\n<p>Plante essentielle de Sainte Hildegarde<\/p>\n<p>&#8220;Le fenouil contient une douce chaleur, et sa nature n&#8217;est ni s\u00e8che ni froide. Mang\u00e9 cru, il ne fait pas de mal \u00e0 l&#8217;homme. Et, de quelque fa\u00e7on qu&#8217;on le mange, il rend le coeur joyeux.&#8221;<\/p>\n<p>PHYSICA 1 CH LXVI : LE FENOUIL<\/p>\n<p>Mode d&#8217;emploi :  Le fenouil est utile dans de nombreuses pr\u00e9parations pr\u00e9conis\u00e9es par sainte Hildegarde. <\/p>\n<p>En utilisation courante on peut le boire en d\u00e9coction ou m\u00e2cher quelques graines au cours de la journ\u00e9e. Pour plus de pr\u00e9cisions sur son utilisation et sur les diff\u00e9rentes pr\u00e9parations, se r\u00e9f\u00e9rer aux \u00e9crits de sainte Hildegarde.<\/p>\n<p>Recette de la d\u00e9coction : Mettre 1 cuill. \u00e0 soupe rase de graines de fenouil dans 250 ml d&#8217;eau froide. <\/p>\n<p>Faire chauffer, \u00e9teindre quand l&#8217;eau commence \u00e0 fr\u00e9mir, laisser infuser 5 minutes puis filtrer.<\/p>\n<p>Les graines de fenouil peuvent ainsi \u00eatre r\u00e9 utilis\u00e9es plusieurs fois jusqu&#8217;\u00e0 ce que l&#8217;eau ne colore plus suffisamment.<\/p>\n<p>Garder \u00e0 l&#8217;abri du soleil dans un endroit propre, sec et temp\u00e9r\u00e9.<\/p>\n<p>Photo(s) non contractuelles:<\/p>\n<p>L&#8217;origine naturelle de ce produit ne nous permet pas de vous garantir un aspect strictement identique d &#8216;un lot \u00e0 l&#8217;autre.<\/p>\n<p>En effet, de sensibles variations de couleurs, d&#8217;aspect, de texture, de go\u00fbt, de coupe, peuvent intervenir selon la zone g\u00e9ographique de culture, selon le climat, et selon les diff\u00e9rentes \u00e9tapes qui succ\u00e8dent \u00e0 la r\u00e9colte.<\/p>\n","protected":false},"excerpt":{"rendered":"<p>FENOUIL DOUX GRAINES BIO 100 G * (29\u20ac \/ kg) Foenuculum Vulgaris * issu de l&#8217;agriculture biologique Plante essentielle de Sainte Hildegarde &#8220;Le fenouil contient une douce chaleur, et sa nature n&#8217;est ni s\u00e8che ni froide. Mang\u00e9 cru, il ne fait pas de mal \u00e0 l&#8217;homme. Et, de quelque fa\u00e7on qu&#8217;on le mange, il rend [&hellip;]<\/p>\n","protected":false},"featured_media":66864,"comment_status":"open","ping_status":"closed","template":"","meta":{"_acf_changed":false,"_relevanssi_hide_post":"","_relevanssi_hide_content":"","_relevanssi_pin_for_all":"","_relevanssi_pin_keywords":"","_relevanssi_unpin_keywords":"","_relevanssi_related_keywords":"","_relevanssi_related_include_ids":"","_relevanssi_related_exclude_ids":"","_relevanssi_related_no_append":"","_relevanssi_related_not_related":"","_relevanssi_related_posts":"","_relevanssi_noindex_reason":""},"product_brand":[],"product_cat":[65,35],"product_tag":[49],"class_list":{"0":"post-1004","1":"product","2":"type-product","3":"status-publish","4":"has-post-thumbnail","6":"product_cat-plantes","7":"product_cat-plantes-et-epices","8":"product_tag-produit-bio","10":"first","11":"instock","12":"taxable","13":"shipping-taxable","14":"purchasable","15":"product-type-simple"},"acf":[],"yoast_head":"<!-- This site is optimized with the Yoast SEO plugin v27.4 - https:\/\/yoast.com\/product\/yoast-seo-wordpress\/ -->\n<title>FENOUIL DOUX GRAINES BIO 100G* - Les Jardins de Sainte-Hildegarde<\/title>\n<meta name=\"robots\" content=\"index, follow, max-snippet:-1, max-image-preview:large, max-video-preview:-1\" \/>\n<link rel=\"canonical\" href=\"https:\/\/www.lesjardinsdesaintehildegarde.com\/en\/plants-and-spices\/plants\/fenouil-doux-graines-bio-100g\/\" \/>\n<meta property=\"og:locale\" content=\"en_US\" \/>\n<meta property=\"og:type\" content=\"article\" \/>\n<meta property=\"og:title\" content=\"FENOUIL DOUX GRAINES BIO 100G* - Les Jardins de Sainte-Hildegarde\" \/>\n<meta property=\"og:description\" content=\"FENOUIL DOUX GRAINES BIO 100 G * (29\u20ac \/ kg) Foenuculum Vulgaris * issu de l&#8217;agriculture biologique Plante essentielle de Sainte Hildegarde &#8220;Le fenouil contient une douce chaleur, et sa nature n&#8217;est ni s\u00e8che ni froide. Mang\u00e9 cru, il ne fait pas de mal \u00e0 l&#8217;homme. Et, de quelque fa\u00e7on qu&#8217;on le mange, il rend [&hellip;]\" \/>\n<meta property=\"og:url\" content=\"https:\/\/www.lesjardinsdesaintehildegarde.com\/en\/plants-and-spices\/plants\/fenouil-doux-graines-bio-100g\/\" \/>\n<meta property=\"og:site_name\" content=\"Les Jardins de Sainte-Hildegarde\" \/>\n<meta property=\"article:modified_time\" content=\"2026-04-29T21:02:08+00:00\" \/>\n<meta property=\"og:image\" content=\"https:\/\/www.lesjardinsdesaintehildegarde.com\/wp-content\/uploads\/2023\/07\/40027-fenouil-doux-graines-bio-100g.jpg\" \/>\n\t<meta property=\"og:image:width\" content=\"1200\" \/>\n\t<meta property=\"og:image:height\" content=\"1200\" \/>\n\t<meta property=\"og:image:type\" content=\"image\/jpeg\" \/>\n<meta name=\"twitter:card\" content=\"summary_large_image\" \/>\n<meta name=\"twitter:label1\" content=\"Est. reading time\" \/>\n\t<meta name=\"twitter:data1\" content=\"2 minutes\" \/>\n<script type=\"application\/ld+json\" class=\"yoast-schema-graph\">{\"@context\":\"https:\\\/\\\/schema.org\",\"@graph\":[{\"@type\":\"WebPage\",\"@id\":\"https:\\\/\\\/www.lesjardinsdesaintehildegarde.com\\\/en\\\/plants-and-spices\\\/plants\\\/fenouil-doux-graines-bio-100g\\\/\",\"url\":\"https:\\\/\\\/www.lesjardinsdesaintehildegarde.com\\\/en\\\/plants-and-spices\\\/plants\\\/fenouil-doux-graines-bio-100g\\\/\",\"name\":\"FENOUIL DOUX GRAINES BIO 100G* - Les Jardins de Sainte-Hildegarde\",\"isPartOf\":{\"@id\":\"https:\\\/\\\/www.lesjardinsdesaintehildegarde.com\\\/en\\\/#website\"},\"primaryImageOfPage\":{\"@id\":\"https:\\\/\\\/www.lesjardinsdesaintehildegarde.com\\\/en\\\/plants-and-spices\\\/plants\\\/fenouil-doux-graines-bio-100g\\\/#primaryimage\"},\"image\":{\"@id\":\"https:\\\/\\\/www.lesjardinsdesaintehildegarde.com\\\/en\\\/plants-and-spices\\\/plants\\\/fenouil-doux-graines-bio-100g\\\/#primaryimage\"},\"thumbnailUrl\":\"https:\\\/\\\/www.lesjardinsdesaintehildegarde.com\\\/wp-content\\\/uploads\\\/2023\\\/07\\\/40027-fenouil-doux-graines-bio-100g.jpg\",\"datePublished\":\"2022-11-04T08:07:24+00:00\",\"dateModified\":\"2026-04-29T21:02:08+00:00\",\"breadcrumb\":{\"@id\":\"https:\\\/\\\/www.lesjardinsdesaintehildegarde.com\\\/en\\\/plants-and-spices\\\/plants\\\/fenouil-doux-graines-bio-100g\\\/#breadcrumb\"},\"inLanguage\":\"en-US\",\"potentialAction\":[{\"@type\":\"ReadAction\",\"target\":[\"https:\\\/\\\/www.lesjardinsdesaintehildegarde.com\\\/en\\\/plants-and-spices\\\/plants\\\/fenouil-doux-graines-bio-100g\\\/\"]}]},{\"@type\":\"ImageObject\",\"inLanguage\":\"en-US\",\"@id\":\"https:\\\/\\\/www.lesjardinsdesaintehildegarde.com\\\/en\\\/plants-and-spices\\\/plants\\\/fenouil-doux-graines-bio-100g\\\/#primaryimage\",\"url\":\"https:\\\/\\\/www.lesjardinsdesaintehildegarde.com\\\/wp-content\\\/uploads\\\/2023\\\/07\\\/40027-fenouil-doux-graines-bio-100g.jpg\",\"contentUrl\":\"https:\\\/\\\/www.lesjardinsdesaintehildegarde.com\\\/wp-content\\\/uploads\\\/2023\\\/07\\\/40027-fenouil-doux-graines-bio-100g.jpg\",\"width\":1200,\"height\":1200,\"caption\":\"graines de fenouil doux bio, sachet de 100g, recommand\u00e9 par sainte Hildegarde de Bingen\"},{\"@type\":\"BreadcrumbList\",\"@id\":\"https:\\\/\\\/www.lesjardinsdesaintehildegarde.com\\\/en\\\/plants-and-spices\\\/plants\\\/fenouil-doux-graines-bio-100g\\\/#breadcrumb\",\"itemListElement\":[{\"@type\":\"ListItem\",\"position\":1,\"name\":\"Home\",\"item\":\"https:\\\/\\\/www.lesjardinsdesaintehildegarde.com\\\/en\\\/\"},{\"@type\":\"ListItem\",\"position\":2,\"name\":\"Products\",\"item\":\"https:\\\/\\\/www.lesjardinsdesaintehildegarde.com\\\/en\\\/shop\\\/\"},{\"@type\":\"ListItem\",\"position\":3,\"name\":\"FENOUIL DOUX GRAINES BIO 100G*\"}]},{\"@type\":\"WebSite\",\"@id\":\"https:\\\/\\\/www.lesjardinsdesaintehildegarde.com\\\/en\\\/#website\",\"url\":\"https:\\\/\\\/www.lesjardinsdesaintehildegarde.com\\\/en\\\/\",\"name\":\"Les Jardins de Sainte-Hildegarde\",\"description\":\"Viriditas\",\"publisher\":{\"@id\":\"https:\\\/\\\/www.lesjardinsdesaintehildegarde.com\\\/en\\\/#organization\"},\"potentialAction\":[{\"@type\":\"SearchAction\",\"target\":{\"@type\":\"EntryPoint\",\"urlTemplate\":\"https:\\\/\\\/www.lesjardinsdesaintehildegarde.com\\\/en\\\/?s={search_term_string}\"},\"query-input\":{\"@type\":\"PropertyValueSpecification\",\"valueRequired\":true,\"valueName\":\"search_term_string\"}}],\"inLanguage\":\"en-US\"},{\"@type\":\"Organization\",\"@id\":\"https:\\\/\\\/www.lesjardinsdesaintehildegarde.com\\\/en\\\/#organization\",\"name\":\"Les Jardins de Sainte-Hildegarde\",\"url\":\"https:\\\/\\\/www.lesjardinsdesaintehildegarde.com\\\/en\\\/\",\"logo\":{\"@type\":\"ImageObject\",\"inLanguage\":\"en-US\",\"@id\":\"https:\\\/\\\/www.lesjardinsdesaintehildegarde.com\\\/en\\\/#\\\/schema\\\/logo\\\/image\\\/\",\"url\":\"https:\\\/\\\/www.lesjardinsdesaintehildegarde.com\\\/wp-content\\\/uploads\\\/2022\\\/11\\\/logo-2022.png\",\"contentUrl\":\"https:\\\/\\\/www.lesjardinsdesaintehildegarde.com\\\/wp-content\\\/uploads\\\/2022\\\/11\\\/logo-2022.png\",\"width\":365,\"height\":90,\"caption\":\"Les Jardins de Sainte-Hildegarde\"},\"image\":{\"@id\":\"https:\\\/\\\/www.lesjardinsdesaintehildegarde.com\\\/en\\\/#\\\/schema\\\/logo\\\/image\\\/\"}}]}<\/script>\n<!-- \/ Yoast SEO plugin. -->","yoast_head_json":{"title":"FENOUIL DOUX GRAINES BIO 100G* - Les Jardins de Sainte-Hildegarde","robots":{"index":"index","follow":"follow","max-snippet":"max-snippet:-1","max-image-preview":"max-image-preview:large","max-video-preview":"max-video-preview:-1"},"canonical":"https:\/\/www.lesjardinsdesaintehildegarde.com\/en\/plants-and-spices\/plants\/fenouil-doux-graines-bio-100g\/","og_locale":"en_US","og_type":"article","og_title":"FENOUIL DOUX GRAINES BIO 100G* - Les Jardins de Sainte-Hildegarde","og_description":"FENOUIL DOUX GRAINES BIO 100 G * (29\u20ac \/ kg) Foenuculum Vulgaris * issu de l&#8217;agriculture biologique Plante essentielle de Sainte Hildegarde &#8220;Le fenouil contient une douce chaleur, et sa nature n&#8217;est ni s\u00e8che ni froide. Mang\u00e9 cru, il ne fait pas de mal \u00e0 l&#8217;homme. Et, de quelque fa\u00e7on qu&#8217;on le mange, il rend [&hellip;]","og_url":"https:\/\/www.lesjardinsdesaintehildegarde.com\/en\/plants-and-spices\/plants\/fenouil-doux-graines-bio-100g\/","og_site_name":"Les Jardins de Sainte-Hildegarde","article_modified_time":"2026-04-29T21:02:08+00:00","og_image":[{"width":1200,"height":1200,"url":"https:\/\/www.lesjardinsdesaintehildegarde.com\/wp-content\/uploads\/2023\/07\/40027-fenouil-doux-graines-bio-100g.jpg","type":"image\/jpeg"}],"twitter_card":"summary_large_image","twitter_misc":{"Est. reading time":"2 minutes"},"schema":{"@context":"https:\/\/schema.org","@graph":[{"@type":"WebPage","@id":"https:\/\/www.lesjardinsdesaintehildegarde.com\/en\/plants-and-spices\/plants\/fenouil-doux-graines-bio-100g\/","url":"https:\/\/www.lesjardinsdesaintehildegarde.com\/en\/plants-and-spices\/plants\/fenouil-doux-graines-bio-100g\/","name":"FENOUIL DOUX GRAINES BIO 100G* - Les Jardins de Sainte-Hildegarde","isPartOf":{"@id":"https:\/\/www.lesjardinsdesaintehildegarde.com\/en\/#website"},"primaryImageOfPage":{"@id":"https:\/\/www.lesjardinsdesaintehildegarde.com\/en\/plants-and-spices\/plants\/fenouil-doux-graines-bio-100g\/#primaryimage"},"image":{"@id":"https:\/\/www.lesjardinsdesaintehildegarde.com\/en\/plants-and-spices\/plants\/fenouil-doux-graines-bio-100g\/#primaryimage"},"thumbnailUrl":"https:\/\/www.lesjardinsdesaintehildegarde.com\/wp-content\/uploads\/2023\/07\/40027-fenouil-doux-graines-bio-100g.jpg","datePublished":"2022-11-04T08:07:24+00:00","dateModified":"2026-04-29T21:02:08+00:00","breadcrumb":{"@id":"https:\/\/www.lesjardinsdesaintehildegarde.com\/en\/plants-and-spices\/plants\/fenouil-doux-graines-bio-100g\/#breadcrumb"},"inLanguage":"en-US","potentialAction":[{"@type":"ReadAction","target":["https:\/\/www.lesjardinsdesaintehildegarde.com\/en\/plants-and-spices\/plants\/fenouil-doux-graines-bio-100g\/"]}]},{"@type":"ImageObject","inLanguage":"en-US","@id":"https:\/\/www.lesjardinsdesaintehildegarde.com\/en\/plants-and-spices\/plants\/fenouil-doux-graines-bio-100g\/#primaryimage","url":"https:\/\/www.lesjardinsdesaintehildegarde.com\/wp-content\/uploads\/2023\/07\/40027-fenouil-doux-graines-bio-100g.jpg","contentUrl":"https:\/\/www.lesjardinsdesaintehildegarde.com\/wp-content\/uploads\/2023\/07\/40027-fenouil-doux-graines-bio-100g.jpg","width":1200,"height":1200,"caption":"graines de fenouil doux bio, sachet de 100g, recommand\u00e9 par sainte Hildegarde de Bingen"},{"@type":"BreadcrumbList","@id":"https:\/\/www.lesjardinsdesaintehildegarde.com\/en\/plants-and-spices\/plants\/fenouil-doux-graines-bio-100g\/#breadcrumb","itemListElement":[{"@type":"ListItem","position":1,"name":"Home","item":"https:\/\/www.lesjardinsdesaintehildegarde.com\/en\/"},{"@type":"ListItem","position":2,"name":"Products","item":"https:\/\/www.lesjardinsdesaintehildegarde.com\/en\/shop\/"},{"@type":"ListItem","position":3,"name":"FENOUIL DOUX GRAINES BIO 100G*"}]},{"@type":"WebSite","@id":"https:\/\/www.lesjardinsdesaintehildegarde.com\/en\/#website","url":"https:\/\/www.lesjardinsdesaintehildegarde.com\/en\/","name":"Les Jardins de Sainte-Hildegarde","description":"Viriditas","publisher":{"@id":"https:\/\/www.lesjardinsdesaintehildegarde.com\/en\/#organization"},"potentialAction":[{"@type":"SearchAction","target":{"@type":"EntryPoint","urlTemplate":"https:\/\/www.lesjardinsdesaintehildegarde.com\/en\/?s={search_term_string}"},"query-input":{"@type":"PropertyValueSpecification","valueRequired":true,"valueName":"search_term_string"}}],"inLanguage":"en-US"},{"@type":"Organization","@id":"https:\/\/www.lesjardinsdesaintehildegarde.com\/en\/#organization","name":"Les Jardins de Sainte-Hildegarde","url":"https:\/\/www.lesjardinsdesaintehildegarde.com\/en\/","logo":{"@type":"ImageObject","inLanguage":"en-US","@id":"https:\/\/www.lesjardinsdesaintehildegarde.com\/en\/#\/schema\/logo\/image\/","url":"https:\/\/www.lesjardinsdesaintehildegarde.com\/wp-content\/uploads\/2022\/11\/logo-2022.png","contentUrl":"https:\/\/www.lesjardinsdesaintehildegarde.com\/wp-content\/uploads\/2022\/11\/logo-2022.png","width":365,"height":90,"caption":"Les Jardins de Sainte-Hildegarde"},"image":{"@id":"https:\/\/www.lesjardinsdesaintehildegarde.com\/en\/#\/schema\/logo\/image\/"}}]}},"_links":{"self":[{"href":"https:\/\/www.lesjardinsdesaintehildegarde.com\/en\/wp-json\/wp\/v2\/product\/1004","targetHints":{"allow":["GET"]}}],"collection":[{"href":"https:\/\/www.lesjardinsdesaintehildegarde.com\/en\/wp-json\/wp\/v2\/product"}],"about":[{"href":"https:\/\/www.lesjardinsdesaintehildegarde.com\/en\/wp-json\/wp\/v2\/types\/product"}],"replies":[{"embeddable":true,"href":"https:\/\/www.lesjardinsdesaintehildegarde.com\/en\/wp-json\/wp\/v2\/comments?post=1004"}],"wp:featuredmedia":[{"embeddable":true,"href":"https:\/\/www.lesjardinsdesaintehildegarde.com\/en\/wp-json\/wp\/v2\/media\/66864"}],"wp:attachment":[{"href":"https:\/\/www.lesjardinsdesaintehildegarde.com\/en\/wp-json\/wp\/v2\/media?parent=1004"}],"wp:term":[{"taxonomy":"product_brand","embeddable":true,"href":"https:\/\/www.lesjardinsdesaintehildegarde.com\/en\/wp-json\/wp\/v2\/product_brand?post=1004"},{"taxonomy":"product_cat","embeddable":true,"href":"https:\/\/www.lesjardinsdesaintehildegarde.com\/en\/wp-json\/wp\/v2\/product_cat?post=1004"},{"taxonomy":"product_tag","embeddable":true,"href":"https:\/\/www.lesjardinsdesaintehildegarde.com\/en\/wp-json\/wp\/v2\/product_tag?post=1004"}],"curies":[{"name":"wp","href":"https:\/\/api.w.org\/{rel}","templated":true}]}}