{"id":101058,"date":"2024-07-09T17:41:15","date_gmt":"2024-07-09T15:41:15","guid":{"rendered":"https:\/\/www.lesjardinsdesaintehildegarde.com\/?post_type=product&#038;p=101058"},"modified":"2026-04-28T23:02:12","modified_gmt":"2026-04-28T21:02:12","slug":"pates-tortiglionis-gd-epeautre-bio-500g","status":"publish","type":"product","link":"https:\/\/www.lesjardinsdesaintehildegarde.com\/en\/spelt-food\/spelt\/large-spelt\/pates-tortiglionis-gd-epeautre-bio-500g\/","title":{"rendered":"PATES TORTIGLIONIS GD EPEAUTRE BIO 500G*"},"content":{"rendered":"<p>TORTIGLIONIS DE GRAND \u00c9PEAUTRE OBERKULMER NON HYBRID\u00c9 BIO 500 G * (6,80\u20ac \/ kg)<\/p>\n<p>SEMI COMPLETES<\/p>\n<p>P\u00e2tes de grand \u00e9peautre biologique non hybrid\u00e9 &#8211; Vari\u00e9t\u00e9 &#8220;OBERKULMER&#8221; &#8211; Triticum Spelta<\/p>\n<p>* Issu de l&#8217;agriculture biologique &#8211; Origine France<\/p>\n<p>Temps de cuisson :<\/p>\n<p>4 minutes. Elles sont savoureuses, l\u00e9g\u00e8res et fondantes. On peut les d\u00e9guster avec toutes sortes de sauces.<\/p>\n<p>Ingr\u00e9dients :<\/p>\n<p>Farine semi-compl\u00e8tes T80 de grand \u00e9peautre Oberkulmer biologique* non hybrid\u00e9, eau.<\/p>\n<p>Valeurs nutritionnelles des tortiglionis (valeurs moyennes en grammes pour 100g de tortiglionis ):<\/p>\n<p>\u00c9nergie 1543kJ\/ 364kcal <\/p>\n<p>Lipides 2,1 g<\/p>\n<p>Glucides 72,7g <\/p>\n<p>Prot\u00e9ines 11,7g<\/p>\n<p>Fibres 3,8g <\/p>\n<p>Sel &lt; 0,1g<\/p>\n<p>Ces d\u00e9licieuses p\u00e2tes sont fabriqu\u00e9es par nos soins dans nos ateliers en Dordogne, avec de la farine de grand \u00e9peautre non hybrid\u00e9 et biologique, fran\u00e7ais. Pr\u00e9par\u00e9es en utilisant exclusivement de la Farine semi compl\u00e8te T80 de grand \u00e9peautre biologique ces p\u00e2tes sont savoureuses, l\u00e9g\u00e8res et fondantes.<\/p>\n<p>L&#8217;\u00e9peautre non hybrid\u00e9 est la c\u00e9r\u00e9ale par excellence, conseill\u00e9e comme base essentielle d&#8217;une bonne alimentation par Sainte Hildegarde de Bingen (12\u00e8me si\u00e8cle).<\/p>\n<p>Photo(s) non contractuelles:<\/p>\n<p>L&#8217;origine naturelle de ce produit ne nous permet pas de vous garantir un aspect strictement identique d &#8216;un lot \u00e0 l&#8217;autre.<\/p>\n<p>En effet, de sensibles variations de couleurs, d&#8217;aspect, de texture, de go\u00fbt, de coupe, peuvent intervenir selon la zone g\u00e9ographique de culture, selon le climat, et selon les diff\u00e9rentes \u00e9tapes qui succ\u00e8dent \u00e0 la r\u00e9colte.<\/p>\n<p>Conserver \u00e0 temp\u00e9rature ambiante. Ne pas exposer \u00e0 la lumi\u00e8re directe et \u00e0 la chaleur. Entreposer dans un environnement sec.<\/p>\n","protected":false},"excerpt":{"rendered":"<p>TORTIGLIONIS DE GRAND \u00c9PEAUTRE OBERKULMER NON HYBRID\u00c9 BIO 500 G * (6,80\u20ac \/ kg) SEMI COMPLETES P\u00e2tes de grand \u00e9peautre biologique non hybrid\u00e9 &#8211; Vari\u00e9t\u00e9 &#8220;OBERKULMER&#8221; &#8211; Triticum Spelta * Issu de l&#8217;agriculture biologique &#8211; Origine France Temps de cuisson : 4 minutes. Elles sont savoureuses, l\u00e9g\u00e8res et fondantes. On peut les d\u00e9guster avec toutes [&hellip;]<\/p>\n","protected":false},"featured_media":101214,"comment_status":"open","ping_status":"closed","template":"","meta":{"_acf_changed":false,"_relevanssi_hide_post":"","_relevanssi_hide_content":"","_relevanssi_pin_for_all":"","_relevanssi_pin_keywords":"","_relevanssi_unpin_keywords":"","_relevanssi_related_keywords":"","_relevanssi_related_include_ids":"","_relevanssi_related_exclude_ids":"","_relevanssi_related_no_append":"","_relevanssi_related_not_related":"","_relevanssi_related_posts":"","_relevanssi_noindex_reason":""},"product_brand":[],"product_cat":[52,30,59],"product_tag":[49],"class_list":{"0":"post-101058","1":"product","2":"type-product","3":"status-publish","4":"has-post-thumbnail","6":"product_cat-epeautre","7":"product_cat-epeautres-alimentation","8":"product_cat-grand-epeautre","9":"product_tag-produit-bio","11":"first","12":"outofstock","13":"taxable","14":"shipping-taxable","15":"purchasable","16":"product-type-simple"},"acf":[],"yoast_head":"<!-- This site is optimized with the Yoast SEO plugin v27.4 - https:\/\/yoast.com\/product\/yoast-seo-wordpress\/ -->\n<title>PATES TORTIGLIONIS GD EPEAUTRE BIO 500G* - Les Jardins de Sainte-Hildegarde<\/title>\n<meta name=\"robots\" content=\"index, follow, max-snippet:-1, max-image-preview:large, max-video-preview:-1\" \/>\n<link rel=\"canonical\" href=\"https:\/\/www.lesjardinsdesaintehildegarde.com\/en\/spelt-food\/spelt\/large-spelt\/pates-tortiglionis-gd-epeautre-bio-500g\/\" \/>\n<meta property=\"og:locale\" content=\"en_US\" \/>\n<meta property=\"og:type\" content=\"article\" \/>\n<meta property=\"og:title\" content=\"PATES TORTIGLIONIS GD EPEAUTRE BIO 500G* - Les Jardins de Sainte-Hildegarde\" \/>\n<meta property=\"og:description\" content=\"TORTIGLIONIS DE GRAND \u00c9PEAUTRE OBERKULMER NON HYBRID\u00c9 BIO 500 G * (6,80\u20ac \/ kg) SEMI COMPLETES P\u00e2tes de grand \u00e9peautre biologique non hybrid\u00e9 &#8211; Vari\u00e9t\u00e9 &#8220;OBERKULMER&#8221; &#8211; Triticum Spelta * Issu de l&#8217;agriculture biologique &#8211; Origine France Temps de cuisson : 4 minutes. Elles sont savoureuses, l\u00e9g\u00e8res et fondantes. On peut les d\u00e9guster avec toutes [&hellip;]\" \/>\n<meta property=\"og:url\" content=\"https:\/\/www.lesjardinsdesaintehildegarde.com\/en\/spelt-food\/spelt\/large-spelt\/pates-tortiglionis-gd-epeautre-bio-500g\/\" \/>\n<meta property=\"og:site_name\" content=\"Les Jardins de Sainte-Hildegarde\" \/>\n<meta property=\"article:modified_time\" content=\"2026-04-28T21:02:12+00:00\" \/>\n<meta property=\"og:image\" content=\"https:\/\/www.lesjardinsdesaintehildegarde.com\/wp-content\/uploads\/2024\/06\/03059-tortiglionis-grand-epeautre-bio-500g.jpg\" \/>\n\t<meta property=\"og:image:width\" content=\"1200\" \/>\n\t<meta property=\"og:image:height\" content=\"1200\" \/>\n\t<meta property=\"og:image:type\" content=\"image\/jpeg\" \/>\n<meta name=\"twitter:card\" content=\"summary_large_image\" \/>\n<meta name=\"twitter:label1\" content=\"Est. reading time\" \/>\n\t<meta name=\"twitter:data1\" content=\"2 minutes\" \/>\n<script type=\"application\/ld+json\" class=\"yoast-schema-graph\">{\"@context\":\"https:\\\/\\\/schema.org\",\"@graph\":[{\"@type\":\"WebPage\",\"@id\":\"https:\\\/\\\/www.lesjardinsdesaintehildegarde.com\\\/en\\\/spelt-food\\\/spelt\\\/large-spelt\\\/pates-tortiglionis-gd-epeautre-bio-500g\\\/\",\"url\":\"https:\\\/\\\/www.lesjardinsdesaintehildegarde.com\\\/en\\\/spelt-food\\\/spelt\\\/large-spelt\\\/pates-tortiglionis-gd-epeautre-bio-500g\\\/\",\"name\":\"PATES TORTIGLIONIS GD EPEAUTRE BIO 500G* - Les Jardins de Sainte-Hildegarde\",\"isPartOf\":{\"@id\":\"https:\\\/\\\/www.lesjardinsdesaintehildegarde.com\\\/en\\\/#website\"},\"primaryImageOfPage\":{\"@id\":\"https:\\\/\\\/www.lesjardinsdesaintehildegarde.com\\\/en\\\/spelt-food\\\/spelt\\\/large-spelt\\\/pates-tortiglionis-gd-epeautre-bio-500g\\\/#primaryimage\"},\"image\":{\"@id\":\"https:\\\/\\\/www.lesjardinsdesaintehildegarde.com\\\/en\\\/spelt-food\\\/spelt\\\/large-spelt\\\/pates-tortiglionis-gd-epeautre-bio-500g\\\/#primaryimage\"},\"thumbnailUrl\":\"https:\\\/\\\/www.lesjardinsdesaintehildegarde.com\\\/wp-content\\\/uploads\\\/2024\\\/06\\\/03059-tortiglionis-grand-epeautre-bio-500g.jpg\",\"datePublished\":\"2024-07-09T15:41:15+00:00\",\"dateModified\":\"2026-04-28T21:02:12+00:00\",\"breadcrumb\":{\"@id\":\"https:\\\/\\\/www.lesjardinsdesaintehildegarde.com\\\/en\\\/spelt-food\\\/spelt\\\/large-spelt\\\/pates-tortiglionis-gd-epeautre-bio-500g\\\/#breadcrumb\"},\"inLanguage\":\"en-US\",\"potentialAction\":[{\"@type\":\"ReadAction\",\"target\":[\"https:\\\/\\\/www.lesjardinsdesaintehildegarde.com\\\/en\\\/spelt-food\\\/spelt\\\/large-spelt\\\/pates-tortiglionis-gd-epeautre-bio-500g\\\/\"]}]},{\"@type\":\"ImageObject\",\"inLanguage\":\"en-US\",\"@id\":\"https:\\\/\\\/www.lesjardinsdesaintehildegarde.com\\\/en\\\/spelt-food\\\/spelt\\\/large-spelt\\\/pates-tortiglionis-gd-epeautre-bio-500g\\\/#primaryimage\",\"url\":\"https:\\\/\\\/www.lesjardinsdesaintehildegarde.com\\\/wp-content\\\/uploads\\\/2024\\\/06\\\/03059-tortiglionis-grand-epeautre-bio-500g.jpg\",\"contentUrl\":\"https:\\\/\\\/www.lesjardinsdesaintehildegarde.com\\\/wp-content\\\/uploads\\\/2024\\\/06\\\/03059-tortiglionis-grand-epeautre-bio-500g.jpg\",\"width\":1200,\"height\":1200,\"caption\":\"P\u00e2tes tortiglionis bio de grand \u00e9peautre Oberkulmer bio non hybrid\u00e9 - Paquet de 500g\"},{\"@type\":\"BreadcrumbList\",\"@id\":\"https:\\\/\\\/www.lesjardinsdesaintehildegarde.com\\\/en\\\/spelt-food\\\/spelt\\\/large-spelt\\\/pates-tortiglionis-gd-epeautre-bio-500g\\\/#breadcrumb\",\"itemListElement\":[{\"@type\":\"ListItem\",\"position\":1,\"name\":\"Home\",\"item\":\"https:\\\/\\\/www.lesjardinsdesaintehildegarde.com\\\/en\\\/\"},{\"@type\":\"ListItem\",\"position\":2,\"name\":\"Products\",\"item\":\"https:\\\/\\\/www.lesjardinsdesaintehildegarde.com\\\/en\\\/shop\\\/\"},{\"@type\":\"ListItem\",\"position\":3,\"name\":\"PATES TORTIGLIONIS GD EPEAUTRE BIO 500G*\"}]},{\"@type\":\"WebSite\",\"@id\":\"https:\\\/\\\/www.lesjardinsdesaintehildegarde.com\\\/en\\\/#website\",\"url\":\"https:\\\/\\\/www.lesjardinsdesaintehildegarde.com\\\/en\\\/\",\"name\":\"Les Jardins de Sainte-Hildegarde\",\"description\":\"Viriditas\",\"publisher\":{\"@id\":\"https:\\\/\\\/www.lesjardinsdesaintehildegarde.com\\\/en\\\/#organization\"},\"potentialAction\":[{\"@type\":\"SearchAction\",\"target\":{\"@type\":\"EntryPoint\",\"urlTemplate\":\"https:\\\/\\\/www.lesjardinsdesaintehildegarde.com\\\/en\\\/?s={search_term_string}\"},\"query-input\":{\"@type\":\"PropertyValueSpecification\",\"valueRequired\":true,\"valueName\":\"search_term_string\"}}],\"inLanguage\":\"en-US\"},{\"@type\":\"Organization\",\"@id\":\"https:\\\/\\\/www.lesjardinsdesaintehildegarde.com\\\/en\\\/#organization\",\"name\":\"Les Jardins de Sainte-Hildegarde\",\"url\":\"https:\\\/\\\/www.lesjardinsdesaintehildegarde.com\\\/en\\\/\",\"logo\":{\"@type\":\"ImageObject\",\"inLanguage\":\"en-US\",\"@id\":\"https:\\\/\\\/www.lesjardinsdesaintehildegarde.com\\\/en\\\/#\\\/schema\\\/logo\\\/image\\\/\",\"url\":\"https:\\\/\\\/www.lesjardinsdesaintehildegarde.com\\\/wp-content\\\/uploads\\\/2022\\\/11\\\/logo-2022.png\",\"contentUrl\":\"https:\\\/\\\/www.lesjardinsdesaintehildegarde.com\\\/wp-content\\\/uploads\\\/2022\\\/11\\\/logo-2022.png\",\"width\":365,\"height\":90,\"caption\":\"Les Jardins de Sainte-Hildegarde\"},\"image\":{\"@id\":\"https:\\\/\\\/www.lesjardinsdesaintehildegarde.com\\\/en\\\/#\\\/schema\\\/logo\\\/image\\\/\"}}]}<\/script>\n<!-- \/ Yoast SEO plugin. -->","yoast_head_json":{"title":"PATES TORTIGLIONIS GD EPEAUTRE BIO 500G* - Les Jardins de Sainte-Hildegarde","robots":{"index":"index","follow":"follow","max-snippet":"max-snippet:-1","max-image-preview":"max-image-preview:large","max-video-preview":"max-video-preview:-1"},"canonical":"https:\/\/www.lesjardinsdesaintehildegarde.com\/en\/spelt-food\/spelt\/large-spelt\/pates-tortiglionis-gd-epeautre-bio-500g\/","og_locale":"en_US","og_type":"article","og_title":"PATES TORTIGLIONIS GD EPEAUTRE BIO 500G* - Les Jardins de Sainte-Hildegarde","og_description":"TORTIGLIONIS DE GRAND \u00c9PEAUTRE OBERKULMER NON HYBRID\u00c9 BIO 500 G * (6,80\u20ac \/ kg) SEMI COMPLETES P\u00e2tes de grand \u00e9peautre biologique non hybrid\u00e9 &#8211; Vari\u00e9t\u00e9 &#8220;OBERKULMER&#8221; &#8211; Triticum Spelta * Issu de l&#8217;agriculture biologique &#8211; Origine France Temps de cuisson : 4 minutes. Elles sont savoureuses, l\u00e9g\u00e8res et fondantes. On peut les d\u00e9guster avec toutes [&hellip;]","og_url":"https:\/\/www.lesjardinsdesaintehildegarde.com\/en\/spelt-food\/spelt\/large-spelt\/pates-tortiglionis-gd-epeautre-bio-500g\/","og_site_name":"Les Jardins de Sainte-Hildegarde","article_modified_time":"2026-04-28T21:02:12+00:00","og_image":[{"width":1200,"height":1200,"url":"https:\/\/www.lesjardinsdesaintehildegarde.com\/wp-content\/uploads\/2024\/06\/03059-tortiglionis-grand-epeautre-bio-500g.jpg","type":"image\/jpeg"}],"twitter_card":"summary_large_image","twitter_misc":{"Est. reading time":"2 minutes"},"schema":{"@context":"https:\/\/schema.org","@graph":[{"@type":"WebPage","@id":"https:\/\/www.lesjardinsdesaintehildegarde.com\/en\/spelt-food\/spelt\/large-spelt\/pates-tortiglionis-gd-epeautre-bio-500g\/","url":"https:\/\/www.lesjardinsdesaintehildegarde.com\/en\/spelt-food\/spelt\/large-spelt\/pates-tortiglionis-gd-epeautre-bio-500g\/","name":"PATES TORTIGLIONIS GD EPEAUTRE BIO 500G* - Les Jardins de Sainte-Hildegarde","isPartOf":{"@id":"https:\/\/www.lesjardinsdesaintehildegarde.com\/en\/#website"},"primaryImageOfPage":{"@id":"https:\/\/www.lesjardinsdesaintehildegarde.com\/en\/spelt-food\/spelt\/large-spelt\/pates-tortiglionis-gd-epeautre-bio-500g\/#primaryimage"},"image":{"@id":"https:\/\/www.lesjardinsdesaintehildegarde.com\/en\/spelt-food\/spelt\/large-spelt\/pates-tortiglionis-gd-epeautre-bio-500g\/#primaryimage"},"thumbnailUrl":"https:\/\/www.lesjardinsdesaintehildegarde.com\/wp-content\/uploads\/2024\/06\/03059-tortiglionis-grand-epeautre-bio-500g.jpg","datePublished":"2024-07-09T15:41:15+00:00","dateModified":"2026-04-28T21:02:12+00:00","breadcrumb":{"@id":"https:\/\/www.lesjardinsdesaintehildegarde.com\/en\/spelt-food\/spelt\/large-spelt\/pates-tortiglionis-gd-epeautre-bio-500g\/#breadcrumb"},"inLanguage":"en-US","potentialAction":[{"@type":"ReadAction","target":["https:\/\/www.lesjardinsdesaintehildegarde.com\/en\/spelt-food\/spelt\/large-spelt\/pates-tortiglionis-gd-epeautre-bio-500g\/"]}]},{"@type":"ImageObject","inLanguage":"en-US","@id":"https:\/\/www.lesjardinsdesaintehildegarde.com\/en\/spelt-food\/spelt\/large-spelt\/pates-tortiglionis-gd-epeautre-bio-500g\/#primaryimage","url":"https:\/\/www.lesjardinsdesaintehildegarde.com\/wp-content\/uploads\/2024\/06\/03059-tortiglionis-grand-epeautre-bio-500g.jpg","contentUrl":"https:\/\/www.lesjardinsdesaintehildegarde.com\/wp-content\/uploads\/2024\/06\/03059-tortiglionis-grand-epeautre-bio-500g.jpg","width":1200,"height":1200,"caption":"P\u00e2tes tortiglionis bio de grand \u00e9peautre Oberkulmer bio non hybrid\u00e9 - Paquet de 500g"},{"@type":"BreadcrumbList","@id":"https:\/\/www.lesjardinsdesaintehildegarde.com\/en\/spelt-food\/spelt\/large-spelt\/pates-tortiglionis-gd-epeautre-bio-500g\/#breadcrumb","itemListElement":[{"@type":"ListItem","position":1,"name":"Home","item":"https:\/\/www.lesjardinsdesaintehildegarde.com\/en\/"},{"@type":"ListItem","position":2,"name":"Products","item":"https:\/\/www.lesjardinsdesaintehildegarde.com\/en\/shop\/"},{"@type":"ListItem","position":3,"name":"PATES TORTIGLIONIS GD EPEAUTRE BIO 500G*"}]},{"@type":"WebSite","@id":"https:\/\/www.lesjardinsdesaintehildegarde.com\/en\/#website","url":"https:\/\/www.lesjardinsdesaintehildegarde.com\/en\/","name":"Les Jardins de Sainte-Hildegarde","description":"Viriditas","publisher":{"@id":"https:\/\/www.lesjardinsdesaintehildegarde.com\/en\/#organization"},"potentialAction":[{"@type":"SearchAction","target":{"@type":"EntryPoint","urlTemplate":"https:\/\/www.lesjardinsdesaintehildegarde.com\/en\/?s={search_term_string}"},"query-input":{"@type":"PropertyValueSpecification","valueRequired":true,"valueName":"search_term_string"}}],"inLanguage":"en-US"},{"@type":"Organization","@id":"https:\/\/www.lesjardinsdesaintehildegarde.com\/en\/#organization","name":"Les Jardins de Sainte-Hildegarde","url":"https:\/\/www.lesjardinsdesaintehildegarde.com\/en\/","logo":{"@type":"ImageObject","inLanguage":"en-US","@id":"https:\/\/www.lesjardinsdesaintehildegarde.com\/en\/#\/schema\/logo\/image\/","url":"https:\/\/www.lesjardinsdesaintehildegarde.com\/wp-content\/uploads\/2022\/11\/logo-2022.png","contentUrl":"https:\/\/www.lesjardinsdesaintehildegarde.com\/wp-content\/uploads\/2022\/11\/logo-2022.png","width":365,"height":90,"caption":"Les Jardins de Sainte-Hildegarde"},"image":{"@id":"https:\/\/www.lesjardinsdesaintehildegarde.com\/en\/#\/schema\/logo\/image\/"}}]}},"_links":{"self":[{"href":"https:\/\/www.lesjardinsdesaintehildegarde.com\/en\/wp-json\/wp\/v2\/product\/101058","targetHints":{"allow":["GET"]}}],"collection":[{"href":"https:\/\/www.lesjardinsdesaintehildegarde.com\/en\/wp-json\/wp\/v2\/product"}],"about":[{"href":"https:\/\/www.lesjardinsdesaintehildegarde.com\/en\/wp-json\/wp\/v2\/types\/product"}],"replies":[{"embeddable":true,"href":"https:\/\/www.lesjardinsdesaintehildegarde.com\/en\/wp-json\/wp\/v2\/comments?post=101058"}],"wp:featuredmedia":[{"embeddable":true,"href":"https:\/\/www.lesjardinsdesaintehildegarde.com\/en\/wp-json\/wp\/v2\/media\/101214"}],"wp:attachment":[{"href":"https:\/\/www.lesjardinsdesaintehildegarde.com\/en\/wp-json\/wp\/v2\/media?parent=101058"}],"wp:term":[{"taxonomy":"product_brand","embeddable":true,"href":"https:\/\/www.lesjardinsdesaintehildegarde.com\/en\/wp-json\/wp\/v2\/product_brand?post=101058"},{"taxonomy":"product_cat","embeddable":true,"href":"https:\/\/www.lesjardinsdesaintehildegarde.com\/en\/wp-json\/wp\/v2\/product_cat?post=101058"},{"taxonomy":"product_tag","embeddable":true,"href":"https:\/\/www.lesjardinsdesaintehildegarde.com\/en\/wp-json\/wp\/v2\/product_tag?post=101058"}],"curies":[{"name":"wp","href":"https:\/\/api.w.org\/{rel}","templated":true}]}}