{"id":1075,"date":"2022-11-04T09:07:33","date_gmt":"2022-11-04T08:07:33","guid":{"rendered":"https:\/\/www.lesjardinsdesaintehildegarde.com\/non%20class\u00e9\/huile-solaire-bronzante-125ml\/"},"modified":"2026-04-30T23:02:12","modified_gmt":"2026-04-30T21:02:12","slug":"huile-solaire-bronzante-125ml","status":"publish","type":"product","link":"https:\/\/www.lesjardinsdesaintehildegarde.com\/en\/cosmetics\/natural-viriditas-cosmetics\/oils-of-care\/huile-solaire-bronzante-125ml\/","title":{"rendered":"HUILE SOLAIRE BRONZANTE 125ML"},"content":{"rendered":"<p>HUILE SOLAIRE BRONZANTE VIRIDITAS 125ML (21,52\u20ac \/ 100ml)<\/p>\n<p>Ingr\u00e9dients 100% naturels<\/p>\n<p>Huile de soin s\u00e9same-vanille<\/p>\n<p>Cette huile cosm\u00e9tique soyeuse offre une protection naturelle \u00e0 la peau. <\/p>\n<p>Gr\u00e2ce \u00e0 sa composition riche en huile de s\u00e9same, de coco, d&#8217;avocatier et de carotte, cette formule hydrate et nourrit la peau et permet un bronzage uniforme. Son utilisation r\u00e9guli\u00e8re adoucit intens\u00e9ment l&#8217;\u00e9piderme.<\/p>\n<p>Cette huile contient du calendula dont saint Hildegarde dit qu&#8217;il est plein de verdeur et tr\u00e8s utile pour le soin du corps et aussi de la carotte qui est \u00ab un r\u00e9confort pour l&#8217;homme \u00bb.<\/p>\n<p>Principaux ingr\u00e9dients actifs :<\/p>\n<p>&#8211; Le Calendula : Riche en b\u00eata-carot\u00e8nes et flavono\u00efdes antioxydants qui d\u00e9congestionnent efficacement l&#8217;\u00e9piderme, ces actifs renforcent l&#8217;action de l&#8217;huile de tournesol.<\/p>\n<p>&#8211; Le Tournesol : Contient des acides gras ol\u00e9iques et linol\u00e9iques et de la vitamine E qui renforce la couche de protection naturelle de la peau. Ces nutriments favorisent l&#8217;\u00e9lasticit\u00e9 de l&#8217;\u00e9piderme et retardent le vieillissement cutan\u00e9 d\u00fb \u00e0 l&#8217;exc\u00e8s de soleil.<\/p>\n<p>&#8211; Le S\u00e9same : Riche en insaponifiables et en acides gras insatur\u00e9s qui augmentent la protection naturelle de la peau et favorisent un bronzage harmonieux.<\/p>\n<p>&#8211; Le Coco : Apporte de la vitamine E, des acides gras mono-insatur\u00e9es (ol\u00e9ique, linol\u00e9ique, myristique et laurique), ces composants prot\u00e8gent la barri\u00e8re de la peau. Les actifs de l&#8217;huile de coco apaisent les rougeurs et calment les desquamations.<\/p>\n<p>&#8211; L&#8217;Avocatier : Son fruit est riche en acides gras essentiels (acide ol\u00e9ique et acide linol\u00e9ique), phytost\u00e9rols et vitamine E, nutriments qui \u00e9quilibrent les lipides de la peau et favorisent le maintien d&#8217;un teint uniforme.<\/p>\n<p>&#8211; La Carotte : Apporte des caroteno\u00efdes et des antioxydants qui favorisent l&#8217;harmonie du teint.<\/p>\n<p>Du fait de leur composition naturelle, pour l&#8217;usage des produits de la ligne Viriditas :<\/p>\n<p>Il est possible d&#8217;observer de l\u00e9g\u00e8res variations d&#8217;aspect, de textures et d&#8217;ar\u00f4mes d&#8217;un lot \u00e0 un autre, les qualit\u00e9s des produits n&#8217;en sont pas affect\u00e9es, cela vient simplement du fait qu&#8217;aucun produit chimique n&#8217;est utilis\u00e9 pour les amalgamer.<\/p>\n<p>Ces variations sont propres aux variations naturelles des v\u00e9g\u00e9taux.<\/p>\n<p>Compos\u00e9 Phyto-aromatique :<\/p>\n<p>Cette huile d\u00e9gage la douce odeur du coco et de la vanille ainsi que les notes florales de la palmarosa. Ce bouquet aromatique apporte un parfum raffin\u00e9 et sensuel qui communique, \u00e0 travers la peau et l&#8217;odorat, une profonde sensation de douceur.&nbsp;<\/p>\n<p>Moins grasse que les autres huiles : + fine.<\/p>\n<p>Ingr\u00e9dients : <\/p>\n<p>Calendula officinalis flower extract* and Helianthus annuus seed oil* \u00b7 Vanilla planifolia fruit extract* \u00b7 Persea gratissima oil* \u00b7 Sesamum indicum seed oil* \u00b7 Cocos nucifera oil* \u00b7 Daucus carota sativa seed oil \u00b7 Parfum* \u00b7 Geraniol^ \u00b7 Linalool^ \u00b7 Limonene^ \u00b7 Citral^\u00b7 Farnesol^<\/p>\n<p>*issu de l&#8217;agriculture biologique <\/p>\n<p>\u00b0issu de cueillette sauvage<\/p>\n<p>^issu d&#8217;huiles essentielles naturelles<\/p>\n<p>(En Fran\u00e7ais : Extrait de fleur de Calendula Officinal, Extrait d&#8217;huile de semence de Tournesol, Extrait de fuit de Vanilla planifolia, Extrait d&#8217;huile de semence de S\u00e9same, Huile de Cocotier, Huile d&#8217;avocatier, Huile de semence de Carotte, Parfum (huiles essentielles naturelles), G\u00e9raniol*, Linalool^, Limon\u00e8ne^, Citral^, Farnesol^).<\/p>\n<p>Mode d&#8217;emploi :  Toujours agiter avant emploi pour homog\u00e9n\u00e9iser le produit.<\/p>\n<p>Tr\u00e8s fine, l&#8217;huile solaire s&#8217;applique plusieurs semaines avant exposition, pour pr\u00e9parer la peau au soleil et la nourrir en profondeur.<\/p>\n<p>En p\u00e9riode estivale elle s&#8217;applique en tout d\u00e9but de journ\u00e9e mais aussi apr\u00e8s expositionpour \u00ab fixer \u00bb le bronzage et pr\u00e9venir le dess\u00e8chement cutan\u00e9.<\/p>\n<p>Cette huile peut s&#8217;utiliser en dehors de la p\u00e9riode estivale, de fa\u00e7on optimale comme soin de la peau apr\u00e8s la douche, ou pour des massages relaxants.<\/p>\n<p>Vous pouvez \u00e9galement en rajouter quelques gouttes \u00e0 votre cr\u00e8me dermo-hydratante Fleur de Lys ou la m\u00e9langer \u00e0 notre Gommage Viriditas pour un soin exfoliant nourrissant.<\/p>\n","protected":false},"excerpt":{"rendered":"<p>HUILE SOLAIRE BRONZANTE VIRIDITAS 125ML (21,52\u20ac \/ 100ml) Ingr\u00e9dients 100% naturels Huile de soin s\u00e9same-vanille Cette huile cosm\u00e9tique soyeuse offre une protection naturelle \u00e0 la peau. Gr\u00e2ce \u00e0 sa composition riche en huile de s\u00e9same, de coco, d&#8217;avocatier et de carotte, cette formule hydrate et nourrit la peau et permet un bronzage uniforme. Son utilisation [&hellip;]<\/p>\n","protected":false},"featured_media":70883,"comment_status":"open","ping_status":"closed","template":"","meta":{"_acf_changed":false,"_relevanssi_hide_post":"","_relevanssi_hide_content":"","_relevanssi_pin_for_all":"","_relevanssi_pin_keywords":"","_relevanssi_unpin_keywords":"","_relevanssi_related_keywords":"","_relevanssi_related_include_ids":"","_relevanssi_related_exclude_ids":"","_relevanssi_related_no_append":"","_relevanssi_related_not_related":"","_relevanssi_related_posts":"","_relevanssi_noindex_reason":""},"product_brand":[],"product_cat":[27,96,98],"product_tag":[],"class_list":{"0":"post-1075","1":"product","2":"type-product","3":"status-publish","4":"has-post-thumbnail","6":"product_cat-cosmetiques","7":"product_cat-cosmetiques-viriditas-naturels","8":"product_cat-huiles-de-soin","10":"first","11":"instock","12":"taxable","13":"shipping-taxable","14":"purchasable","15":"product-type-simple"},"acf":[],"yoast_head":"<!-- This site is optimized with the Yoast SEO plugin v27.4 - https:\/\/yoast.com\/product\/yoast-seo-wordpress\/ -->\n<title>HUILE SOLAIRE BRONZANTE 125ML - Les Jardins de Sainte-Hildegarde<\/title>\n<meta name=\"robots\" content=\"index, follow, max-snippet:-1, max-image-preview:large, max-video-preview:-1\" \/>\n<link rel=\"canonical\" href=\"https:\/\/www.lesjardinsdesaintehildegarde.com\/en\/cosmetics\/natural-viriditas-cosmetics\/oils-of-care\/huile-solaire-bronzante-125ml\/\" \/>\n<meta property=\"og:locale\" content=\"en_US\" \/>\n<meta property=\"og:type\" content=\"article\" \/>\n<meta property=\"og:title\" content=\"HUILE SOLAIRE BRONZANTE 125ML - Les Jardins de Sainte-Hildegarde\" \/>\n<meta property=\"og:description\" content=\"HUILE SOLAIRE BRONZANTE VIRIDITAS 125ML (21,52\u20ac \/ 100ml) Ingr\u00e9dients 100% naturels Huile de soin s\u00e9same-vanille Cette huile cosm\u00e9tique soyeuse offre une protection naturelle \u00e0 la peau. Gr\u00e2ce \u00e0 sa composition riche en huile de s\u00e9same, de coco, d&#8217;avocatier et de carotte, cette formule hydrate et nourrit la peau et permet un bronzage uniforme. Son utilisation [&hellip;]\" \/>\n<meta property=\"og:url\" content=\"https:\/\/www.lesjardinsdesaintehildegarde.com\/en\/cosmetics\/natural-viriditas-cosmetics\/oils-of-care\/huile-solaire-bronzante-125ml\/\" \/>\n<meta property=\"og:site_name\" content=\"Les Jardins de Sainte-Hildegarde\" \/>\n<meta property=\"article:modified_time\" content=\"2026-04-30T21:02:12+00:00\" \/>\n<meta property=\"og:image\" content=\"https:\/\/www.lesjardinsdesaintehildegarde.com\/wp-content\/uploads\/2023\/08\/505-huile-solaire-bronzante-125ml.jpg\" \/>\n\t<meta property=\"og:image:width\" content=\"1200\" \/>\n\t<meta property=\"og:image:height\" content=\"1200\" \/>\n\t<meta property=\"og:image:type\" content=\"image\/jpeg\" \/>\n<meta name=\"twitter:card\" content=\"summary_large_image\" \/>\n<meta name=\"twitter:label1\" content=\"Est. reading time\" \/>\n\t<meta name=\"twitter:data1\" content=\"3 minutes\" \/>\n<script type=\"application\/ld+json\" class=\"yoast-schema-graph\">{\"@context\":\"https:\\\/\\\/schema.org\",\"@graph\":[{\"@type\":\"WebPage\",\"@id\":\"https:\\\/\\\/www.lesjardinsdesaintehildegarde.com\\\/en\\\/cosmetics\\\/natural-viriditas-cosmetics\\\/oils-of-care\\\/huile-solaire-bronzante-125ml\\\/\",\"url\":\"https:\\\/\\\/www.lesjardinsdesaintehildegarde.com\\\/en\\\/cosmetics\\\/natural-viriditas-cosmetics\\\/oils-of-care\\\/huile-solaire-bronzante-125ml\\\/\",\"name\":\"HUILE SOLAIRE BRONZANTE 125ML - Les Jardins de Sainte-Hildegarde\",\"isPartOf\":{\"@id\":\"https:\\\/\\\/www.lesjardinsdesaintehildegarde.com\\\/en\\\/#website\"},\"primaryImageOfPage\":{\"@id\":\"https:\\\/\\\/www.lesjardinsdesaintehildegarde.com\\\/en\\\/cosmetics\\\/natural-viriditas-cosmetics\\\/oils-of-care\\\/huile-solaire-bronzante-125ml\\\/#primaryimage\"},\"image\":{\"@id\":\"https:\\\/\\\/www.lesjardinsdesaintehildegarde.com\\\/en\\\/cosmetics\\\/natural-viriditas-cosmetics\\\/oils-of-care\\\/huile-solaire-bronzante-125ml\\\/#primaryimage\"},\"thumbnailUrl\":\"https:\\\/\\\/www.lesjardinsdesaintehildegarde.com\\\/wp-content\\\/uploads\\\/2023\\\/08\\\/505-huile-solaire-bronzante-125ml.jpg\",\"datePublished\":\"2022-11-04T08:07:33+00:00\",\"dateModified\":\"2026-04-30T21:02:12+00:00\",\"breadcrumb\":{\"@id\":\"https:\\\/\\\/www.lesjardinsdesaintehildegarde.com\\\/en\\\/cosmetics\\\/natural-viriditas-cosmetics\\\/oils-of-care\\\/huile-solaire-bronzante-125ml\\\/#breadcrumb\"},\"inLanguage\":\"en-US\",\"potentialAction\":[{\"@type\":\"ReadAction\",\"target\":[\"https:\\\/\\\/www.lesjardinsdesaintehildegarde.com\\\/en\\\/cosmetics\\\/natural-viriditas-cosmetics\\\/oils-of-care\\\/huile-solaire-bronzante-125ml\\\/\"]}]},{\"@type\":\"ImageObject\",\"inLanguage\":\"en-US\",\"@id\":\"https:\\\/\\\/www.lesjardinsdesaintehildegarde.com\\\/en\\\/cosmetics\\\/natural-viriditas-cosmetics\\\/oils-of-care\\\/huile-solaire-bronzante-125ml\\\/#primaryimage\",\"url\":\"https:\\\/\\\/www.lesjardinsdesaintehildegarde.com\\\/wp-content\\\/uploads\\\/2023\\\/08\\\/505-huile-solaire-bronzante-125ml.jpg\",\"contentUrl\":\"https:\\\/\\\/www.lesjardinsdesaintehildegarde.com\\\/wp-content\\\/uploads\\\/2023\\\/08\\\/505-huile-solaire-bronzante-125ml.jpg\",\"width\":1200,\"height\":1200,\"caption\":\"huile solaire pour pr\u00e9parer sa peau \u00e0 l'exposition et la nourrir apr\u00e8s- Fine et d\u00e9licieusement parfum\u00e9e - ingr\u00e9dients 100% naturels -125ml\"},{\"@type\":\"BreadcrumbList\",\"@id\":\"https:\\\/\\\/www.lesjardinsdesaintehildegarde.com\\\/en\\\/cosmetics\\\/natural-viriditas-cosmetics\\\/oils-of-care\\\/huile-solaire-bronzante-125ml\\\/#breadcrumb\",\"itemListElement\":[{\"@type\":\"ListItem\",\"position\":1,\"name\":\"Home\",\"item\":\"https:\\\/\\\/www.lesjardinsdesaintehildegarde.com\\\/en\\\/\"},{\"@type\":\"ListItem\",\"position\":2,\"name\":\"Products\",\"item\":\"https:\\\/\\\/www.lesjardinsdesaintehildegarde.com\\\/en\\\/shop\\\/\"},{\"@type\":\"ListItem\",\"position\":3,\"name\":\"HUILE SOLAIRE BRONZANTE 125ML\"}]},{\"@type\":\"WebSite\",\"@id\":\"https:\\\/\\\/www.lesjardinsdesaintehildegarde.com\\\/en\\\/#website\",\"url\":\"https:\\\/\\\/www.lesjardinsdesaintehildegarde.com\\\/en\\\/\",\"name\":\"Les Jardins de Sainte-Hildegarde\",\"description\":\"Viriditas\",\"publisher\":{\"@id\":\"https:\\\/\\\/www.lesjardinsdesaintehildegarde.com\\\/en\\\/#organization\"},\"potentialAction\":[{\"@type\":\"SearchAction\",\"target\":{\"@type\":\"EntryPoint\",\"urlTemplate\":\"https:\\\/\\\/www.lesjardinsdesaintehildegarde.com\\\/en\\\/?s={search_term_string}\"},\"query-input\":{\"@type\":\"PropertyValueSpecification\",\"valueRequired\":true,\"valueName\":\"search_term_string\"}}],\"inLanguage\":\"en-US\"},{\"@type\":\"Organization\",\"@id\":\"https:\\\/\\\/www.lesjardinsdesaintehildegarde.com\\\/en\\\/#organization\",\"name\":\"Les Jardins de Sainte-Hildegarde\",\"url\":\"https:\\\/\\\/www.lesjardinsdesaintehildegarde.com\\\/en\\\/\",\"logo\":{\"@type\":\"ImageObject\",\"inLanguage\":\"en-US\",\"@id\":\"https:\\\/\\\/www.lesjardinsdesaintehildegarde.com\\\/en\\\/#\\\/schema\\\/logo\\\/image\\\/\",\"url\":\"https:\\\/\\\/www.lesjardinsdesaintehildegarde.com\\\/wp-content\\\/uploads\\\/2022\\\/11\\\/logo-2022.png\",\"contentUrl\":\"https:\\\/\\\/www.lesjardinsdesaintehildegarde.com\\\/wp-content\\\/uploads\\\/2022\\\/11\\\/logo-2022.png\",\"width\":365,\"height\":90,\"caption\":\"Les Jardins de Sainte-Hildegarde\"},\"image\":{\"@id\":\"https:\\\/\\\/www.lesjardinsdesaintehildegarde.com\\\/en\\\/#\\\/schema\\\/logo\\\/image\\\/\"}}]}<\/script>\n<!-- \/ Yoast SEO plugin. -->","yoast_head_json":{"title":"HUILE SOLAIRE BRONZANTE 125ML - Les Jardins de Sainte-Hildegarde","robots":{"index":"index","follow":"follow","max-snippet":"max-snippet:-1","max-image-preview":"max-image-preview:large","max-video-preview":"max-video-preview:-1"},"canonical":"https:\/\/www.lesjardinsdesaintehildegarde.com\/en\/cosmetics\/natural-viriditas-cosmetics\/oils-of-care\/huile-solaire-bronzante-125ml\/","og_locale":"en_US","og_type":"article","og_title":"HUILE SOLAIRE BRONZANTE 125ML - Les Jardins de Sainte-Hildegarde","og_description":"HUILE SOLAIRE BRONZANTE VIRIDITAS 125ML (21,52\u20ac \/ 100ml) Ingr\u00e9dients 100% naturels Huile de soin s\u00e9same-vanille Cette huile cosm\u00e9tique soyeuse offre une protection naturelle \u00e0 la peau. Gr\u00e2ce \u00e0 sa composition riche en huile de s\u00e9same, de coco, d&#8217;avocatier et de carotte, cette formule hydrate et nourrit la peau et permet un bronzage uniforme. Son utilisation [&hellip;]","og_url":"https:\/\/www.lesjardinsdesaintehildegarde.com\/en\/cosmetics\/natural-viriditas-cosmetics\/oils-of-care\/huile-solaire-bronzante-125ml\/","og_site_name":"Les Jardins de Sainte-Hildegarde","article_modified_time":"2026-04-30T21:02:12+00:00","og_image":[{"width":1200,"height":1200,"url":"https:\/\/www.lesjardinsdesaintehildegarde.com\/wp-content\/uploads\/2023\/08\/505-huile-solaire-bronzante-125ml.jpg","type":"image\/jpeg"}],"twitter_card":"summary_large_image","twitter_misc":{"Est. reading time":"3 minutes"},"schema":{"@context":"https:\/\/schema.org","@graph":[{"@type":"WebPage","@id":"https:\/\/www.lesjardinsdesaintehildegarde.com\/en\/cosmetics\/natural-viriditas-cosmetics\/oils-of-care\/huile-solaire-bronzante-125ml\/","url":"https:\/\/www.lesjardinsdesaintehildegarde.com\/en\/cosmetics\/natural-viriditas-cosmetics\/oils-of-care\/huile-solaire-bronzante-125ml\/","name":"HUILE SOLAIRE BRONZANTE 125ML - Les Jardins de Sainte-Hildegarde","isPartOf":{"@id":"https:\/\/www.lesjardinsdesaintehildegarde.com\/en\/#website"},"primaryImageOfPage":{"@id":"https:\/\/www.lesjardinsdesaintehildegarde.com\/en\/cosmetics\/natural-viriditas-cosmetics\/oils-of-care\/huile-solaire-bronzante-125ml\/#primaryimage"},"image":{"@id":"https:\/\/www.lesjardinsdesaintehildegarde.com\/en\/cosmetics\/natural-viriditas-cosmetics\/oils-of-care\/huile-solaire-bronzante-125ml\/#primaryimage"},"thumbnailUrl":"https:\/\/www.lesjardinsdesaintehildegarde.com\/wp-content\/uploads\/2023\/08\/505-huile-solaire-bronzante-125ml.jpg","datePublished":"2022-11-04T08:07:33+00:00","dateModified":"2026-04-30T21:02:12+00:00","breadcrumb":{"@id":"https:\/\/www.lesjardinsdesaintehildegarde.com\/en\/cosmetics\/natural-viriditas-cosmetics\/oils-of-care\/huile-solaire-bronzante-125ml\/#breadcrumb"},"inLanguage":"en-US","potentialAction":[{"@type":"ReadAction","target":["https:\/\/www.lesjardinsdesaintehildegarde.com\/en\/cosmetics\/natural-viriditas-cosmetics\/oils-of-care\/huile-solaire-bronzante-125ml\/"]}]},{"@type":"ImageObject","inLanguage":"en-US","@id":"https:\/\/www.lesjardinsdesaintehildegarde.com\/en\/cosmetics\/natural-viriditas-cosmetics\/oils-of-care\/huile-solaire-bronzante-125ml\/#primaryimage","url":"https:\/\/www.lesjardinsdesaintehildegarde.com\/wp-content\/uploads\/2023\/08\/505-huile-solaire-bronzante-125ml.jpg","contentUrl":"https:\/\/www.lesjardinsdesaintehildegarde.com\/wp-content\/uploads\/2023\/08\/505-huile-solaire-bronzante-125ml.jpg","width":1200,"height":1200,"caption":"huile solaire pour pr\u00e9parer sa peau \u00e0 l'exposition et la nourrir apr\u00e8s- Fine et d\u00e9licieusement parfum\u00e9e - ingr\u00e9dients 100% naturels -125ml"},{"@type":"BreadcrumbList","@id":"https:\/\/www.lesjardinsdesaintehildegarde.com\/en\/cosmetics\/natural-viriditas-cosmetics\/oils-of-care\/huile-solaire-bronzante-125ml\/#breadcrumb","itemListElement":[{"@type":"ListItem","position":1,"name":"Home","item":"https:\/\/www.lesjardinsdesaintehildegarde.com\/en\/"},{"@type":"ListItem","position":2,"name":"Products","item":"https:\/\/www.lesjardinsdesaintehildegarde.com\/en\/shop\/"},{"@type":"ListItem","position":3,"name":"HUILE SOLAIRE BRONZANTE 125ML"}]},{"@type":"WebSite","@id":"https:\/\/www.lesjardinsdesaintehildegarde.com\/en\/#website","url":"https:\/\/www.lesjardinsdesaintehildegarde.com\/en\/","name":"Les Jardins de Sainte-Hildegarde","description":"Viriditas","publisher":{"@id":"https:\/\/www.lesjardinsdesaintehildegarde.com\/en\/#organization"},"potentialAction":[{"@type":"SearchAction","target":{"@type":"EntryPoint","urlTemplate":"https:\/\/www.lesjardinsdesaintehildegarde.com\/en\/?s={search_term_string}"},"query-input":{"@type":"PropertyValueSpecification","valueRequired":true,"valueName":"search_term_string"}}],"inLanguage":"en-US"},{"@type":"Organization","@id":"https:\/\/www.lesjardinsdesaintehildegarde.com\/en\/#organization","name":"Les Jardins de Sainte-Hildegarde","url":"https:\/\/www.lesjardinsdesaintehildegarde.com\/en\/","logo":{"@type":"ImageObject","inLanguage":"en-US","@id":"https:\/\/www.lesjardinsdesaintehildegarde.com\/en\/#\/schema\/logo\/image\/","url":"https:\/\/www.lesjardinsdesaintehildegarde.com\/wp-content\/uploads\/2022\/11\/logo-2022.png","contentUrl":"https:\/\/www.lesjardinsdesaintehildegarde.com\/wp-content\/uploads\/2022\/11\/logo-2022.png","width":365,"height":90,"caption":"Les Jardins de Sainte-Hildegarde"},"image":{"@id":"https:\/\/www.lesjardinsdesaintehildegarde.com\/en\/#\/schema\/logo\/image\/"}}]}},"_links":{"self":[{"href":"https:\/\/www.lesjardinsdesaintehildegarde.com\/en\/wp-json\/wp\/v2\/product\/1075","targetHints":{"allow":["GET"]}}],"collection":[{"href":"https:\/\/www.lesjardinsdesaintehildegarde.com\/en\/wp-json\/wp\/v2\/product"}],"about":[{"href":"https:\/\/www.lesjardinsdesaintehildegarde.com\/en\/wp-json\/wp\/v2\/types\/product"}],"replies":[{"embeddable":true,"href":"https:\/\/www.lesjardinsdesaintehildegarde.com\/en\/wp-json\/wp\/v2\/comments?post=1075"}],"wp:featuredmedia":[{"embeddable":true,"href":"https:\/\/www.lesjardinsdesaintehildegarde.com\/en\/wp-json\/wp\/v2\/media\/70883"}],"wp:attachment":[{"href":"https:\/\/www.lesjardinsdesaintehildegarde.com\/en\/wp-json\/wp\/v2\/media?parent=1075"}],"wp:term":[{"taxonomy":"product_brand","embeddable":true,"href":"https:\/\/www.lesjardinsdesaintehildegarde.com\/en\/wp-json\/wp\/v2\/product_brand?post=1075"},{"taxonomy":"product_cat","embeddable":true,"href":"https:\/\/www.lesjardinsdesaintehildegarde.com\/en\/wp-json\/wp\/v2\/product_cat?post=1075"},{"taxonomy":"product_tag","embeddable":true,"href":"https:\/\/www.lesjardinsdesaintehildegarde.com\/en\/wp-json\/wp\/v2\/product_tag?post=1075"}],"curies":[{"name":"wp","href":"https:\/\/api.w.org\/{rel}","templated":true}]}}