{"id":1116,"date":"2022-11-04T09:07:39","date_gmt":"2022-11-04T08:07:39","guid":{"rendered":"https:\/\/www.lesjardinsdesaintehildegarde.com\/non%20class\u00e9\/propolis-verte-bio-huileuse-liquide-15ml\/"},"modified":"2026-04-09T09:14:08","modified_gmt":"2026-04-09T07:14:08","slug":"propolis-verte-bio-huileuse-liquide-15ml","status":"publish","type":"product","link":"https:\/\/www.lesjardinsdesaintehildegarde.com\/en\/other-products\/products-of-the-hive\/propolis-verte-bio-huileuse-liquide-15ml\/","title":{"rendered":"PROPOLIS VERTE BIO HUILEUSE LIQUIDE 15ML"},"content":{"rendered":"<p>PROPOLIS VERTE LIQUIDE BIO*15ml<\/p>\n<p>PROPOLIS VERTE DU BRESIL (PARANA)<\/p>\n<p>*Issu de l&#8217;agriculture biologique<\/p>\n<p>Composition :<\/p>\n<p>Glyc\u00e9rine 85%, extrait de propolis 15% <\/p>\n<p>La solution de propolis verte bio sans alcool est obtenue \u00e0 partir d&#8217;une propolis de grande qualit\u00e9.<\/p>\n<p>La Parana (r\u00e9gion sud du Br\u00e9sil), contient en abondance un romarin des champs (Baccharis dracunculifolia) sur laquelle les abeilles butinent pour r\u00e9colter et \u00e9laborer cette propolis verte sp\u00e9ciale et pure.<\/p>\n<p>Compl\u00e9ment alimentaire. Ceci n&#8217;est pas un m\u00e9dicament. Ne se substitue pas \u00e0 une alimentation vari\u00e9e et \u00e9quilibr\u00e9e et \u00e0 un mode de vie sain. Ne pas d\u00e9passer la dose conseill\u00e9e. Tenir hors de port\u00e9e des enfants.<\/p>\n<p>Eviter le contact avec les yeux. Tenir hors de la port\u00e9e des enfants. Agiter avant emploi.<\/p>\n<p>Plus sucr\u00e9e que le buccopolis<\/p>\n<p>Conserver \u00e0 l&#8217;abri de la chaleur, de la lumi\u00e8re et de l&#8217;humidit\u00e9<\/p>\n","protected":false},"excerpt":{"rendered":"<p>PROPOLIS VERTE LIQUIDE BIO*15ml PROPOLIS VERTE DU BRESIL (PARANA) *Issu de l&#8217;agriculture biologique Composition : Glyc\u00e9rine 85%, extrait de propolis 15% La solution de propolis verte bio sans alcool est obtenue \u00e0 partir d&#8217;une propolis de grande qualit\u00e9. La Parana (r\u00e9gion sud du Br\u00e9sil), contient en abondance un romarin des champs (Baccharis dracunculifolia) sur laquelle [&hellip;]<\/p>\n","protected":false},"featured_media":92798,"comment_status":"open","ping_status":"closed","template":"","meta":{"_acf_changed":false,"_relevanssi_hide_post":"","_relevanssi_hide_content":"","_relevanssi_pin_for_all":"","_relevanssi_pin_keywords":"","_relevanssi_unpin_keywords":"","_relevanssi_related_keywords":"","_relevanssi_related_include_ids":"","_relevanssi_related_exclude_ids":"","_relevanssi_related_no_append":"","_relevanssi_related_not_related":"","_relevanssi_related_posts":"","_relevanssi_noindex_reason":""},"product_brand":[],"product_cat":[37,119],"product_tag":[],"class_list":{"0":"post-1116","1":"product","2":"type-product","3":"status-publish","4":"has-post-thumbnail","6":"product_cat-produits-divers","7":"product_cat-propolis","9":"first","10":"instock","11":"taxable","12":"shipping-taxable","13":"purchasable","14":"product-type-simple"},"acf":[],"yoast_head":"<!-- This site is optimized with the Yoast SEO plugin v27.2 - https:\/\/yoast.com\/product\/yoast-seo-wordpress\/ -->\n<title>PROPOLIS VERTE BIO HUILEUSE LIQUIDE 15ML - Les Jardins de Sainte-Hildegarde<\/title>\n<meta name=\"robots\" content=\"index, follow, max-snippet:-1, max-image-preview:large, max-video-preview:-1\" \/>\n<link rel=\"canonical\" href=\"https:\/\/www.lesjardinsdesaintehildegarde.com\/en\/other-products\/products-of-the-hive\/propolis-verte-bio-huileuse-liquide-15ml\/\" \/>\n<meta property=\"og:locale\" content=\"en_US\" \/>\n<meta property=\"og:type\" content=\"article\" \/>\n<meta property=\"og:title\" content=\"PROPOLIS VERTE BIO HUILEUSE LIQUIDE 15ML - Les Jardins de Sainte-Hildegarde\" \/>\n<meta property=\"og:description\" content=\"PROPOLIS VERTE LIQUIDE BIO*15ml PROPOLIS VERTE DU BRESIL (PARANA) *Issu de l&#8217;agriculture biologique Composition : Glyc\u00e9rine 85%, extrait de propolis 15% La solution de propolis verte bio sans alcool est obtenue \u00e0 partir d&#8217;une propolis de grande qualit\u00e9. La Parana (r\u00e9gion sud du Br\u00e9sil), contient en abondance un romarin des champs (Baccharis dracunculifolia) sur laquelle [&hellip;]\" \/>\n<meta property=\"og:url\" content=\"https:\/\/www.lesjardinsdesaintehildegarde.com\/en\/other-products\/products-of-the-hive\/propolis-verte-bio-huileuse-liquide-15ml\/\" \/>\n<meta property=\"og:site_name\" content=\"Les Jardins de Sainte-Hildegarde\" \/>\n<meta property=\"article:modified_time\" content=\"2026-04-09T07:14:08+00:00\" \/>\n<meta property=\"og:image\" content=\"https:\/\/www.lesjardinsdesaintehildegarde.com\/wp-content\/uploads\/2022\/11\/67002-propolis-verte-huileuse-bio.jpg\" \/>\n\t<meta property=\"og:image:width\" content=\"1200\" \/>\n\t<meta property=\"og:image:height\" content=\"1200\" \/>\n\t<meta property=\"og:image:type\" content=\"image\/jpeg\" \/>\n<meta name=\"twitter:card\" content=\"summary_large_image\" \/>\n<meta name=\"twitter:label1\" content=\"Est. reading time\" \/>\n\t<meta name=\"twitter:data1\" content=\"1 minute\" \/>\n<script type=\"application\/ld+json\" class=\"yoast-schema-graph\">{\"@context\":\"https:\/\/schema.org\",\"@graph\":[{\"@type\":\"WebPage\",\"@id\":\"https:\/\/www.lesjardinsdesaintehildegarde.com\/en\/other-products\/products-of-the-hive\/propolis-verte-bio-huileuse-liquide-15ml\/\",\"url\":\"https:\/\/www.lesjardinsdesaintehildegarde.com\/en\/other-products\/products-of-the-hive\/propolis-verte-bio-huileuse-liquide-15ml\/\",\"name\":\"PROPOLIS VERTE BIO HUILEUSE LIQUIDE 15ML - Les Jardins de Sainte-Hildegarde\",\"isPartOf\":{\"@id\":\"https:\/\/www.lesjardinsdesaintehildegarde.com\/en\/#website\"},\"primaryImageOfPage\":{\"@id\":\"https:\/\/www.lesjardinsdesaintehildegarde.com\/en\/other-products\/products-of-the-hive\/propolis-verte-bio-huileuse-liquide-15ml\/#primaryimage\"},\"image\":{\"@id\":\"https:\/\/www.lesjardinsdesaintehildegarde.com\/en\/other-products\/products-of-the-hive\/propolis-verte-bio-huileuse-liquide-15ml\/#primaryimage\"},\"thumbnailUrl\":\"https:\/\/www.lesjardinsdesaintehildegarde.com\/wp-content\/uploads\/2022\/11\/67002-propolis-verte-huileuse-bio.jpg\",\"datePublished\":\"2022-11-04T08:07:39+00:00\",\"dateModified\":\"2026-04-09T07:14:08+00:00\",\"breadcrumb\":{\"@id\":\"https:\/\/www.lesjardinsdesaintehildegarde.com\/en\/other-products\/products-of-the-hive\/propolis-verte-bio-huileuse-liquide-15ml\/#breadcrumb\"},\"inLanguage\":\"en-US\",\"potentialAction\":[{\"@type\":\"ReadAction\",\"target\":[\"https:\/\/www.lesjardinsdesaintehildegarde.com\/en\/other-products\/products-of-the-hive\/propolis-verte-bio-huileuse-liquide-15ml\/\"]}]},{\"@type\":\"ImageObject\",\"inLanguage\":\"en-US\",\"@id\":\"https:\/\/www.lesjardinsdesaintehildegarde.com\/en\/other-products\/products-of-the-hive\/propolis-verte-bio-huileuse-liquide-15ml\/#primaryimage\",\"url\":\"https:\/\/www.lesjardinsdesaintehildegarde.com\/wp-content\/uploads\/2022\/11\/67002-propolis-verte-huileuse-bio.jpg\",\"contentUrl\":\"https:\/\/www.lesjardinsdesaintehildegarde.com\/wp-content\/uploads\/2022\/11\/67002-propolis-verte-huileuse-bio.jpg\",\"width\":1200,\"height\":1200,\"caption\":\"PROPOLIS VERTE LIQUIDE BIO*15ml PROPOLIS VERTE DU BRESIL (PARANA) *Issu de l'agriculture biologique\"},{\"@type\":\"BreadcrumbList\",\"@id\":\"https:\/\/www.lesjardinsdesaintehildegarde.com\/en\/other-products\/products-of-the-hive\/propolis-verte-bio-huileuse-liquide-15ml\/#breadcrumb\",\"itemListElement\":[{\"@type\":\"ListItem\",\"position\":1,\"name\":\"Home\",\"item\":\"https:\/\/www.lesjardinsdesaintehildegarde.com\/en\/\"},{\"@type\":\"ListItem\",\"position\":2,\"name\":\"Products\",\"item\":\"https:\/\/www.lesjardinsdesaintehildegarde.com\/en\/shop\/\"},{\"@type\":\"ListItem\",\"position\":3,\"name\":\"PROPOLIS VERTE BIO HUILEUSE LIQUIDE 15ML\"}]},{\"@type\":\"WebSite\",\"@id\":\"https:\/\/www.lesjardinsdesaintehildegarde.com\/en\/#website\",\"url\":\"https:\/\/www.lesjardinsdesaintehildegarde.com\/en\/\",\"name\":\"Les Jardins de Sainte-Hildegarde\",\"description\":\"Viriditas\",\"publisher\":{\"@id\":\"https:\/\/www.lesjardinsdesaintehildegarde.com\/en\/#organization\"},\"potentialAction\":[{\"@type\":\"SearchAction\",\"target\":{\"@type\":\"EntryPoint\",\"urlTemplate\":\"https:\/\/www.lesjardinsdesaintehildegarde.com\/en\/?s={search_term_string}\"},\"query-input\":{\"@type\":\"PropertyValueSpecification\",\"valueRequired\":true,\"valueName\":\"search_term_string\"}}],\"inLanguage\":\"en-US\"},{\"@type\":\"Organization\",\"@id\":\"https:\/\/www.lesjardinsdesaintehildegarde.com\/en\/#organization\",\"name\":\"Les Jardins de Sainte-Hildegarde\",\"url\":\"https:\/\/www.lesjardinsdesaintehildegarde.com\/en\/\",\"logo\":{\"@type\":\"ImageObject\",\"inLanguage\":\"en-US\",\"@id\":\"https:\/\/www.lesjardinsdesaintehildegarde.com\/en\/#\/schema\/logo\/image\/\",\"url\":\"https:\/\/www.lesjardinsdesaintehildegarde.com\/wp-content\/uploads\/2022\/11\/logo-2022.png\",\"contentUrl\":\"https:\/\/www.lesjardinsdesaintehildegarde.com\/wp-content\/uploads\/2022\/11\/logo-2022.png\",\"width\":365,\"height\":90,\"caption\":\"Les Jardins de Sainte-Hildegarde\"},\"image\":{\"@id\":\"https:\/\/www.lesjardinsdesaintehildegarde.com\/en\/#\/schema\/logo\/image\/\"}}]}<\/script>\n<!-- \/ Yoast SEO plugin. -->","yoast_head_json":{"title":"PROPOLIS VERTE BIO HUILEUSE LIQUIDE 15ML - Les Jardins de Sainte-Hildegarde","robots":{"index":"index","follow":"follow","max-snippet":"max-snippet:-1","max-image-preview":"max-image-preview:large","max-video-preview":"max-video-preview:-1"},"canonical":"https:\/\/www.lesjardinsdesaintehildegarde.com\/en\/other-products\/products-of-the-hive\/propolis-verte-bio-huileuse-liquide-15ml\/","og_locale":"en_US","og_type":"article","og_title":"PROPOLIS VERTE BIO HUILEUSE LIQUIDE 15ML - Les Jardins de Sainte-Hildegarde","og_description":"PROPOLIS VERTE LIQUIDE BIO*15ml PROPOLIS VERTE DU BRESIL (PARANA) *Issu de l&#8217;agriculture biologique Composition : Glyc\u00e9rine 85%, extrait de propolis 15% La solution de propolis verte bio sans alcool est obtenue \u00e0 partir d&#8217;une propolis de grande qualit\u00e9. La Parana (r\u00e9gion sud du Br\u00e9sil), contient en abondance un romarin des champs (Baccharis dracunculifolia) sur laquelle [&hellip;]","og_url":"https:\/\/www.lesjardinsdesaintehildegarde.com\/en\/other-products\/products-of-the-hive\/propolis-verte-bio-huileuse-liquide-15ml\/","og_site_name":"Les Jardins de Sainte-Hildegarde","article_modified_time":"2026-04-09T07:14:08+00:00","og_image":[{"width":1200,"height":1200,"url":"https:\/\/www.lesjardinsdesaintehildegarde.com\/wp-content\/uploads\/2022\/11\/67002-propolis-verte-huileuse-bio.jpg","type":"image\/jpeg"}],"twitter_card":"summary_large_image","twitter_misc":{"Est. reading time":"1 minute"},"schema":{"@context":"https:\/\/schema.org","@graph":[{"@type":"WebPage","@id":"https:\/\/www.lesjardinsdesaintehildegarde.com\/en\/other-products\/products-of-the-hive\/propolis-verte-bio-huileuse-liquide-15ml\/","url":"https:\/\/www.lesjardinsdesaintehildegarde.com\/en\/other-products\/products-of-the-hive\/propolis-verte-bio-huileuse-liquide-15ml\/","name":"PROPOLIS VERTE BIO HUILEUSE LIQUIDE 15ML - Les Jardins de Sainte-Hildegarde","isPartOf":{"@id":"https:\/\/www.lesjardinsdesaintehildegarde.com\/en\/#website"},"primaryImageOfPage":{"@id":"https:\/\/www.lesjardinsdesaintehildegarde.com\/en\/other-products\/products-of-the-hive\/propolis-verte-bio-huileuse-liquide-15ml\/#primaryimage"},"image":{"@id":"https:\/\/www.lesjardinsdesaintehildegarde.com\/en\/other-products\/products-of-the-hive\/propolis-verte-bio-huileuse-liquide-15ml\/#primaryimage"},"thumbnailUrl":"https:\/\/www.lesjardinsdesaintehildegarde.com\/wp-content\/uploads\/2022\/11\/67002-propolis-verte-huileuse-bio.jpg","datePublished":"2022-11-04T08:07:39+00:00","dateModified":"2026-04-09T07:14:08+00:00","breadcrumb":{"@id":"https:\/\/www.lesjardinsdesaintehildegarde.com\/en\/other-products\/products-of-the-hive\/propolis-verte-bio-huileuse-liquide-15ml\/#breadcrumb"},"inLanguage":"en-US","potentialAction":[{"@type":"ReadAction","target":["https:\/\/www.lesjardinsdesaintehildegarde.com\/en\/other-products\/products-of-the-hive\/propolis-verte-bio-huileuse-liquide-15ml\/"]}]},{"@type":"ImageObject","inLanguage":"en-US","@id":"https:\/\/www.lesjardinsdesaintehildegarde.com\/en\/other-products\/products-of-the-hive\/propolis-verte-bio-huileuse-liquide-15ml\/#primaryimage","url":"https:\/\/www.lesjardinsdesaintehildegarde.com\/wp-content\/uploads\/2022\/11\/67002-propolis-verte-huileuse-bio.jpg","contentUrl":"https:\/\/www.lesjardinsdesaintehildegarde.com\/wp-content\/uploads\/2022\/11\/67002-propolis-verte-huileuse-bio.jpg","width":1200,"height":1200,"caption":"PROPOLIS VERTE LIQUIDE BIO*15ml PROPOLIS VERTE DU BRESIL (PARANA) *Issu de l'agriculture biologique"},{"@type":"BreadcrumbList","@id":"https:\/\/www.lesjardinsdesaintehildegarde.com\/en\/other-products\/products-of-the-hive\/propolis-verte-bio-huileuse-liquide-15ml\/#breadcrumb","itemListElement":[{"@type":"ListItem","position":1,"name":"Home","item":"https:\/\/www.lesjardinsdesaintehildegarde.com\/en\/"},{"@type":"ListItem","position":2,"name":"Products","item":"https:\/\/www.lesjardinsdesaintehildegarde.com\/en\/shop\/"},{"@type":"ListItem","position":3,"name":"PROPOLIS VERTE BIO HUILEUSE LIQUIDE 15ML"}]},{"@type":"WebSite","@id":"https:\/\/www.lesjardinsdesaintehildegarde.com\/en\/#website","url":"https:\/\/www.lesjardinsdesaintehildegarde.com\/en\/","name":"Les Jardins de Sainte-Hildegarde","description":"Viriditas","publisher":{"@id":"https:\/\/www.lesjardinsdesaintehildegarde.com\/en\/#organization"},"potentialAction":[{"@type":"SearchAction","target":{"@type":"EntryPoint","urlTemplate":"https:\/\/www.lesjardinsdesaintehildegarde.com\/en\/?s={search_term_string}"},"query-input":{"@type":"PropertyValueSpecification","valueRequired":true,"valueName":"search_term_string"}}],"inLanguage":"en-US"},{"@type":"Organization","@id":"https:\/\/www.lesjardinsdesaintehildegarde.com\/en\/#organization","name":"Les Jardins de Sainte-Hildegarde","url":"https:\/\/www.lesjardinsdesaintehildegarde.com\/en\/","logo":{"@type":"ImageObject","inLanguage":"en-US","@id":"https:\/\/www.lesjardinsdesaintehildegarde.com\/en\/#\/schema\/logo\/image\/","url":"https:\/\/www.lesjardinsdesaintehildegarde.com\/wp-content\/uploads\/2022\/11\/logo-2022.png","contentUrl":"https:\/\/www.lesjardinsdesaintehildegarde.com\/wp-content\/uploads\/2022\/11\/logo-2022.png","width":365,"height":90,"caption":"Les Jardins de Sainte-Hildegarde"},"image":{"@id":"https:\/\/www.lesjardinsdesaintehildegarde.com\/en\/#\/schema\/logo\/image\/"}}]}},"_links":{"self":[{"href":"https:\/\/www.lesjardinsdesaintehildegarde.com\/en\/wp-json\/wp\/v2\/product\/1116","targetHints":{"allow":["GET"]}}],"collection":[{"href":"https:\/\/www.lesjardinsdesaintehildegarde.com\/en\/wp-json\/wp\/v2\/product"}],"about":[{"href":"https:\/\/www.lesjardinsdesaintehildegarde.com\/en\/wp-json\/wp\/v2\/types\/product"}],"replies":[{"embeddable":true,"href":"https:\/\/www.lesjardinsdesaintehildegarde.com\/en\/wp-json\/wp\/v2\/comments?post=1116"}],"wp:featuredmedia":[{"embeddable":true,"href":"https:\/\/www.lesjardinsdesaintehildegarde.com\/en\/wp-json\/wp\/v2\/media\/92798"}],"wp:attachment":[{"href":"https:\/\/www.lesjardinsdesaintehildegarde.com\/en\/wp-json\/wp\/v2\/media?parent=1116"}],"wp:term":[{"taxonomy":"product_brand","embeddable":true,"href":"https:\/\/www.lesjardinsdesaintehildegarde.com\/en\/wp-json\/wp\/v2\/product_brand?post=1116"},{"taxonomy":"product_cat","embeddable":true,"href":"https:\/\/www.lesjardinsdesaintehildegarde.com\/en\/wp-json\/wp\/v2\/product_cat?post=1116"},{"taxonomy":"product_tag","embeddable":true,"href":"https:\/\/www.lesjardinsdesaintehildegarde.com\/en\/wp-json\/wp\/v2\/product_tag?post=1116"}],"curies":[{"name":"wp","href":"https:\/\/api.w.org\/{rel}","templated":true}]}}