{"id":1117,"date":"2022-11-04T09:07:39","date_gmt":"2022-11-04T08:07:39","guid":{"rendered":"https:\/\/www.lesjardinsdesaintehildegarde.com\/non%20class\u00e9\/stick-a-levres-propolis-apiphyt-36-g\/"},"modified":"2026-04-21T16:18:03","modified_gmt":"2026-04-21T14:18:03","slug":"stick-a-levres-propolis-apiphyt-36-g","status":"publish","type":"product","link":"https:\/\/www.lesjardinsdesaintehildegarde.com\/en\/other-products\/products-of-the-hive\/stick-a-levres-propolis-apiphyt-36-g\/","title":{"rendered":"STICK A LEVRES PROPOLIS APIVIE 3,5 G"},"content":{"rendered":"<p>STICK A L\u00c8VRES A LA PROPOLIS 3.5 G<\/p>\n<p>Sans Paraben<\/p>\n<p>Soins des l\u00e8vres s\u00e8ches. Vivement recommand\u00e9 pour les l\u00e8vres gerc\u00e9es, abim\u00e9es par le soleil, le vent et les intemp\u00e9ries.<\/p>\n<p>La propolis r\u00e9colt\u00e9e par les abeilles pour se prot\u00e9ger des agressions bact\u00e9riologiques dans la ruche contribue \u00e0 l&#8217;efficacit\u00e9 r\u00e9paratrice de ce stick sur les crevasses, ger\u00e7ures, boutons.<\/p>\n<p>Ingr\u00e9dients :<\/p>\n<p>Ricinus communis oil, Octyldodecanol, Glyceryl, Hydrogenated rosinate, Simmondsia chinensis oil, Candellila cera, Cera alba, Cera carnauba, Ozokerite, Ethylhexyl methoxycinnamate, PEG 8, Isopropyl, Myristate, Cetearyl alcohol, Propolis 2%, Tocopheryl acetate, Titanium dioxide, Parfum, BHA, Linalool<\/p>\n<p>Conserver \u00e0 l&#8217;abri de la chaleur, de la lumi\u00e8re et de l&#8217;humidit\u00e9<\/p>\n<p>Ne pas utiliser chez les personnes allergiques aux produits de la ruche.<\/p>\n<p>Eviter le contact avec les yeux.<\/p>\n<p>Tenir hors de la port\u00e9e des jeunes enfants.<\/p>\n","protected":false},"excerpt":{"rendered":"<p>STICK A L\u00c8VRES A LA PROPOLIS 3.5 G Sans Paraben Soins des l\u00e8vres s\u00e8ches. Vivement recommand\u00e9 pour les l\u00e8vres gerc\u00e9es, abim\u00e9es par le soleil, le vent et les intemp\u00e9ries. La propolis r\u00e9colt\u00e9e par les abeilles pour se prot\u00e9ger des agressions bact\u00e9riologiques dans la ruche contribue \u00e0 l&#8217;efficacit\u00e9 r\u00e9paratrice de ce stick sur les crevasses, ger\u00e7ures, [&hellip;]<\/p>\n","protected":false},"featured_media":93045,"comment_status":"open","ping_status":"closed","template":"","meta":{"_acf_changed":false,"_relevanssi_hide_post":"","_relevanssi_hide_content":"","_relevanssi_pin_for_all":"","_relevanssi_pin_keywords":"","_relevanssi_unpin_keywords":"","_relevanssi_related_keywords":"","_relevanssi_related_include_ids":"","_relevanssi_related_exclude_ids":"","_relevanssi_related_no_append":"","_relevanssi_related_not_related":"","_relevanssi_related_posts":"","_relevanssi_noindex_reason":""},"product_brand":[],"product_cat":[37,119],"product_tag":[],"class_list":{"0":"post-1117","1":"product","2":"type-product","3":"status-publish","4":"has-post-thumbnail","6":"product_cat-produits-divers","7":"product_cat-propolis","9":"first","10":"instock","11":"taxable","12":"shipping-taxable","13":"purchasable","14":"product-type-simple"},"acf":[],"yoast_head":"<!-- This site is optimized with the Yoast SEO plugin v27.4 - https:\/\/yoast.com\/product\/yoast-seo-wordpress\/ -->\n<title>STICK A LEVRES PROPOLIS APIVIE 3,5 G - Les Jardins de Sainte-Hildegarde<\/title>\n<meta name=\"robots\" content=\"index, follow, max-snippet:-1, max-image-preview:large, max-video-preview:-1\" \/>\n<link rel=\"canonical\" href=\"https:\/\/www.lesjardinsdesaintehildegarde.com\/en\/other-products\/products-of-the-hive\/stick-a-levres-propolis-apiphyt-36-g\/\" \/>\n<meta property=\"og:locale\" content=\"en_US\" \/>\n<meta property=\"og:type\" content=\"article\" \/>\n<meta property=\"og:title\" content=\"STICK A LEVRES PROPOLIS APIVIE 3,5 G - Les Jardins de Sainte-Hildegarde\" \/>\n<meta property=\"og:description\" content=\"STICK A L\u00c8VRES A LA PROPOLIS 3.5 G Sans Paraben Soins des l\u00e8vres s\u00e8ches. Vivement recommand\u00e9 pour les l\u00e8vres gerc\u00e9es, abim\u00e9es par le soleil, le vent et les intemp\u00e9ries. La propolis r\u00e9colt\u00e9e par les abeilles pour se prot\u00e9ger des agressions bact\u00e9riologiques dans la ruche contribue \u00e0 l&#8217;efficacit\u00e9 r\u00e9paratrice de ce stick sur les crevasses, ger\u00e7ures, [&hellip;]\" \/>\n<meta property=\"og:url\" content=\"https:\/\/www.lesjardinsdesaintehildegarde.com\/en\/other-products\/products-of-the-hive\/stick-a-levres-propolis-apiphyt-36-g\/\" \/>\n<meta property=\"og:site_name\" content=\"Les Jardins de Sainte-Hildegarde\" \/>\n<meta property=\"article:modified_time\" content=\"2026-04-21T14:18:03+00:00\" \/>\n<meta property=\"og:image\" content=\"https:\/\/www.lesjardinsdesaintehildegarde.com\/wp-content\/uploads\/2022\/11\/67003-apistick-apivie.jpg\" \/>\n\t<meta property=\"og:image:width\" content=\"1200\" \/>\n\t<meta property=\"og:image:height\" content=\"1200\" \/>\n\t<meta property=\"og:image:type\" content=\"image\/jpeg\" \/>\n<meta name=\"twitter:card\" content=\"summary_large_image\" \/>\n<meta name=\"twitter:label1\" content=\"Est. reading time\" \/>\n\t<meta name=\"twitter:data1\" content=\"1 minute\" \/>\n<script type=\"application\/ld+json\" class=\"yoast-schema-graph\">{\"@context\":\"https:\\\/\\\/schema.org\",\"@graph\":[{\"@type\":\"WebPage\",\"@id\":\"https:\\\/\\\/www.lesjardinsdesaintehildegarde.com\\\/en\\\/other-products\\\/products-of-the-hive\\\/stick-a-levres-propolis-apiphyt-36-g\\\/\",\"url\":\"https:\\\/\\\/www.lesjardinsdesaintehildegarde.com\\\/en\\\/other-products\\\/products-of-the-hive\\\/stick-a-levres-propolis-apiphyt-36-g\\\/\",\"name\":\"STICK A LEVRES PROPOLIS APIVIE 3,5 G - Les Jardins de Sainte-Hildegarde\",\"isPartOf\":{\"@id\":\"https:\\\/\\\/www.lesjardinsdesaintehildegarde.com\\\/en\\\/#website\"},\"primaryImageOfPage\":{\"@id\":\"https:\\\/\\\/www.lesjardinsdesaintehildegarde.com\\\/en\\\/other-products\\\/products-of-the-hive\\\/stick-a-levres-propolis-apiphyt-36-g\\\/#primaryimage\"},\"image\":{\"@id\":\"https:\\\/\\\/www.lesjardinsdesaintehildegarde.com\\\/en\\\/other-products\\\/products-of-the-hive\\\/stick-a-levres-propolis-apiphyt-36-g\\\/#primaryimage\"},\"thumbnailUrl\":\"https:\\\/\\\/www.lesjardinsdesaintehildegarde.com\\\/wp-content\\\/uploads\\\/2022\\\/11\\\/67003-apistick-apivie.jpg\",\"datePublished\":\"2022-11-04T08:07:39+00:00\",\"dateModified\":\"2026-04-21T14:18:03+00:00\",\"breadcrumb\":{\"@id\":\"https:\\\/\\\/www.lesjardinsdesaintehildegarde.com\\\/en\\\/other-products\\\/products-of-the-hive\\\/stick-a-levres-propolis-apiphyt-36-g\\\/#breadcrumb\"},\"inLanguage\":\"en-US\",\"potentialAction\":[{\"@type\":\"ReadAction\",\"target\":[\"https:\\\/\\\/www.lesjardinsdesaintehildegarde.com\\\/en\\\/other-products\\\/products-of-the-hive\\\/stick-a-levres-propolis-apiphyt-36-g\\\/\"]}]},{\"@type\":\"ImageObject\",\"inLanguage\":\"en-US\",\"@id\":\"https:\\\/\\\/www.lesjardinsdesaintehildegarde.com\\\/en\\\/other-products\\\/products-of-the-hive\\\/stick-a-levres-propolis-apiphyt-36-g\\\/#primaryimage\",\"url\":\"https:\\\/\\\/www.lesjardinsdesaintehildegarde.com\\\/wp-content\\\/uploads\\\/2022\\\/11\\\/67003-apistick-apivie.jpg\",\"contentUrl\":\"https:\\\/\\\/www.lesjardinsdesaintehildegarde.com\\\/wp-content\\\/uploads\\\/2022\\\/11\\\/67003-apistick-apivie.jpg\",\"width\":1200,\"height\":1200,\"caption\":\"STICK A L\u00c8VRES A LA PROPOLIS 3.6 G Sans Paraben\"},{\"@type\":\"BreadcrumbList\",\"@id\":\"https:\\\/\\\/www.lesjardinsdesaintehildegarde.com\\\/en\\\/other-products\\\/products-of-the-hive\\\/stick-a-levres-propolis-apiphyt-36-g\\\/#breadcrumb\",\"itemListElement\":[{\"@type\":\"ListItem\",\"position\":1,\"name\":\"Home\",\"item\":\"https:\\\/\\\/www.lesjardinsdesaintehildegarde.com\\\/en\\\/\"},{\"@type\":\"ListItem\",\"position\":2,\"name\":\"Products\",\"item\":\"https:\\\/\\\/www.lesjardinsdesaintehildegarde.com\\\/en\\\/shop\\\/\"},{\"@type\":\"ListItem\",\"position\":3,\"name\":\"STICK A LEVRES PROPOLIS APIVIE 3,5 G\"}]},{\"@type\":\"WebSite\",\"@id\":\"https:\\\/\\\/www.lesjardinsdesaintehildegarde.com\\\/en\\\/#website\",\"url\":\"https:\\\/\\\/www.lesjardinsdesaintehildegarde.com\\\/en\\\/\",\"name\":\"Les Jardins de Sainte-Hildegarde\",\"description\":\"Viriditas\",\"publisher\":{\"@id\":\"https:\\\/\\\/www.lesjardinsdesaintehildegarde.com\\\/en\\\/#organization\"},\"potentialAction\":[{\"@type\":\"SearchAction\",\"target\":{\"@type\":\"EntryPoint\",\"urlTemplate\":\"https:\\\/\\\/www.lesjardinsdesaintehildegarde.com\\\/en\\\/?s={search_term_string}\"},\"query-input\":{\"@type\":\"PropertyValueSpecification\",\"valueRequired\":true,\"valueName\":\"search_term_string\"}}],\"inLanguage\":\"en-US\"},{\"@type\":\"Organization\",\"@id\":\"https:\\\/\\\/www.lesjardinsdesaintehildegarde.com\\\/en\\\/#organization\",\"name\":\"Les Jardins de Sainte-Hildegarde\",\"url\":\"https:\\\/\\\/www.lesjardinsdesaintehildegarde.com\\\/en\\\/\",\"logo\":{\"@type\":\"ImageObject\",\"inLanguage\":\"en-US\",\"@id\":\"https:\\\/\\\/www.lesjardinsdesaintehildegarde.com\\\/en\\\/#\\\/schema\\\/logo\\\/image\\\/\",\"url\":\"https:\\\/\\\/www.lesjardinsdesaintehildegarde.com\\\/wp-content\\\/uploads\\\/2022\\\/11\\\/logo-2022.png\",\"contentUrl\":\"https:\\\/\\\/www.lesjardinsdesaintehildegarde.com\\\/wp-content\\\/uploads\\\/2022\\\/11\\\/logo-2022.png\",\"width\":365,\"height\":90,\"caption\":\"Les Jardins de Sainte-Hildegarde\"},\"image\":{\"@id\":\"https:\\\/\\\/www.lesjardinsdesaintehildegarde.com\\\/en\\\/#\\\/schema\\\/logo\\\/image\\\/\"}}]}<\/script>\n<!-- \/ Yoast SEO plugin. -->","yoast_head_json":{"title":"STICK A LEVRES PROPOLIS APIVIE 3,5 G - Les Jardins de Sainte-Hildegarde","robots":{"index":"index","follow":"follow","max-snippet":"max-snippet:-1","max-image-preview":"max-image-preview:large","max-video-preview":"max-video-preview:-1"},"canonical":"https:\/\/www.lesjardinsdesaintehildegarde.com\/en\/other-products\/products-of-the-hive\/stick-a-levres-propolis-apiphyt-36-g\/","og_locale":"en_US","og_type":"article","og_title":"STICK A LEVRES PROPOLIS APIVIE 3,5 G - Les Jardins de Sainte-Hildegarde","og_description":"STICK A L\u00c8VRES A LA PROPOLIS 3.5 G Sans Paraben Soins des l\u00e8vres s\u00e8ches. Vivement recommand\u00e9 pour les l\u00e8vres gerc\u00e9es, abim\u00e9es par le soleil, le vent et les intemp\u00e9ries. La propolis r\u00e9colt\u00e9e par les abeilles pour se prot\u00e9ger des agressions bact\u00e9riologiques dans la ruche contribue \u00e0 l&#8217;efficacit\u00e9 r\u00e9paratrice de ce stick sur les crevasses, ger\u00e7ures, [&hellip;]","og_url":"https:\/\/www.lesjardinsdesaintehildegarde.com\/en\/other-products\/products-of-the-hive\/stick-a-levres-propolis-apiphyt-36-g\/","og_site_name":"Les Jardins de Sainte-Hildegarde","article_modified_time":"2026-04-21T14:18:03+00:00","og_image":[{"width":1200,"height":1200,"url":"https:\/\/www.lesjardinsdesaintehildegarde.com\/wp-content\/uploads\/2022\/11\/67003-apistick-apivie.jpg","type":"image\/jpeg"}],"twitter_card":"summary_large_image","twitter_misc":{"Est. reading time":"1 minute"},"schema":{"@context":"https:\/\/schema.org","@graph":[{"@type":"WebPage","@id":"https:\/\/www.lesjardinsdesaintehildegarde.com\/en\/other-products\/products-of-the-hive\/stick-a-levres-propolis-apiphyt-36-g\/","url":"https:\/\/www.lesjardinsdesaintehildegarde.com\/en\/other-products\/products-of-the-hive\/stick-a-levres-propolis-apiphyt-36-g\/","name":"STICK A LEVRES PROPOLIS APIVIE 3,5 G - Les Jardins de Sainte-Hildegarde","isPartOf":{"@id":"https:\/\/www.lesjardinsdesaintehildegarde.com\/en\/#website"},"primaryImageOfPage":{"@id":"https:\/\/www.lesjardinsdesaintehildegarde.com\/en\/other-products\/products-of-the-hive\/stick-a-levres-propolis-apiphyt-36-g\/#primaryimage"},"image":{"@id":"https:\/\/www.lesjardinsdesaintehildegarde.com\/en\/other-products\/products-of-the-hive\/stick-a-levres-propolis-apiphyt-36-g\/#primaryimage"},"thumbnailUrl":"https:\/\/www.lesjardinsdesaintehildegarde.com\/wp-content\/uploads\/2022\/11\/67003-apistick-apivie.jpg","datePublished":"2022-11-04T08:07:39+00:00","dateModified":"2026-04-21T14:18:03+00:00","breadcrumb":{"@id":"https:\/\/www.lesjardinsdesaintehildegarde.com\/en\/other-products\/products-of-the-hive\/stick-a-levres-propolis-apiphyt-36-g\/#breadcrumb"},"inLanguage":"en-US","potentialAction":[{"@type":"ReadAction","target":["https:\/\/www.lesjardinsdesaintehildegarde.com\/en\/other-products\/products-of-the-hive\/stick-a-levres-propolis-apiphyt-36-g\/"]}]},{"@type":"ImageObject","inLanguage":"en-US","@id":"https:\/\/www.lesjardinsdesaintehildegarde.com\/en\/other-products\/products-of-the-hive\/stick-a-levres-propolis-apiphyt-36-g\/#primaryimage","url":"https:\/\/www.lesjardinsdesaintehildegarde.com\/wp-content\/uploads\/2022\/11\/67003-apistick-apivie.jpg","contentUrl":"https:\/\/www.lesjardinsdesaintehildegarde.com\/wp-content\/uploads\/2022\/11\/67003-apistick-apivie.jpg","width":1200,"height":1200,"caption":"STICK A L\u00c8VRES A LA PROPOLIS 3.6 G Sans Paraben"},{"@type":"BreadcrumbList","@id":"https:\/\/www.lesjardinsdesaintehildegarde.com\/en\/other-products\/products-of-the-hive\/stick-a-levres-propolis-apiphyt-36-g\/#breadcrumb","itemListElement":[{"@type":"ListItem","position":1,"name":"Home","item":"https:\/\/www.lesjardinsdesaintehildegarde.com\/en\/"},{"@type":"ListItem","position":2,"name":"Products","item":"https:\/\/www.lesjardinsdesaintehildegarde.com\/en\/shop\/"},{"@type":"ListItem","position":3,"name":"STICK A LEVRES PROPOLIS APIVIE 3,5 G"}]},{"@type":"WebSite","@id":"https:\/\/www.lesjardinsdesaintehildegarde.com\/en\/#website","url":"https:\/\/www.lesjardinsdesaintehildegarde.com\/en\/","name":"Les Jardins de Sainte-Hildegarde","description":"Viriditas","publisher":{"@id":"https:\/\/www.lesjardinsdesaintehildegarde.com\/en\/#organization"},"potentialAction":[{"@type":"SearchAction","target":{"@type":"EntryPoint","urlTemplate":"https:\/\/www.lesjardinsdesaintehildegarde.com\/en\/?s={search_term_string}"},"query-input":{"@type":"PropertyValueSpecification","valueRequired":true,"valueName":"search_term_string"}}],"inLanguage":"en-US"},{"@type":"Organization","@id":"https:\/\/www.lesjardinsdesaintehildegarde.com\/en\/#organization","name":"Les Jardins de Sainte-Hildegarde","url":"https:\/\/www.lesjardinsdesaintehildegarde.com\/en\/","logo":{"@type":"ImageObject","inLanguage":"en-US","@id":"https:\/\/www.lesjardinsdesaintehildegarde.com\/en\/#\/schema\/logo\/image\/","url":"https:\/\/www.lesjardinsdesaintehildegarde.com\/wp-content\/uploads\/2022\/11\/logo-2022.png","contentUrl":"https:\/\/www.lesjardinsdesaintehildegarde.com\/wp-content\/uploads\/2022\/11\/logo-2022.png","width":365,"height":90,"caption":"Les Jardins de Sainte-Hildegarde"},"image":{"@id":"https:\/\/www.lesjardinsdesaintehildegarde.com\/en\/#\/schema\/logo\/image\/"}}]}},"_links":{"self":[{"href":"https:\/\/www.lesjardinsdesaintehildegarde.com\/en\/wp-json\/wp\/v2\/product\/1117","targetHints":{"allow":["GET"]}}],"collection":[{"href":"https:\/\/www.lesjardinsdesaintehildegarde.com\/en\/wp-json\/wp\/v2\/product"}],"about":[{"href":"https:\/\/www.lesjardinsdesaintehildegarde.com\/en\/wp-json\/wp\/v2\/types\/product"}],"replies":[{"embeddable":true,"href":"https:\/\/www.lesjardinsdesaintehildegarde.com\/en\/wp-json\/wp\/v2\/comments?post=1117"}],"wp:featuredmedia":[{"embeddable":true,"href":"https:\/\/www.lesjardinsdesaintehildegarde.com\/en\/wp-json\/wp\/v2\/media\/93045"}],"wp:attachment":[{"href":"https:\/\/www.lesjardinsdesaintehildegarde.com\/en\/wp-json\/wp\/v2\/media?parent=1117"}],"wp:term":[{"taxonomy":"product_brand","embeddable":true,"href":"https:\/\/www.lesjardinsdesaintehildegarde.com\/en\/wp-json\/wp\/v2\/product_brand?post=1117"},{"taxonomy":"product_cat","embeddable":true,"href":"https:\/\/www.lesjardinsdesaintehildegarde.com\/en\/wp-json\/wp\/v2\/product_cat?post=1117"},{"taxonomy":"product_tag","embeddable":true,"href":"https:\/\/www.lesjardinsdesaintehildegarde.com\/en\/wp-json\/wp\/v2\/product_tag?post=1117"}],"curies":[{"name":"wp","href":"https:\/\/api.w.org\/{rel}","templated":true}]}}