{"id":1132,"date":"2022-11-04T09:07:41","date_gmt":"2022-11-04T08:07:41","guid":{"rendered":"https:\/\/www.lesjardinsdesaintehildegarde.com\/non%20class\u00e9\/calcedoine-bleue-collier-boules-6-mm-42\/"},"modified":"2026-04-13T23:02:03","modified_gmt":"2026-04-13T21:02:03","slug":"calcedoine-bleue-collier-boules-6-mm-42","status":"publish","type":"product","link":"https:\/\/www.lesjardinsdesaintehildegarde.com\/en\/precious-stones\/blue-chalcedony\/calcedoine-bleue-collier-boules-6-mm-42\/","title":{"rendered":"CALCEDOINE BLEUE COLLIER BOULES 6MM"},"content":{"rendered":"<p>CALC\u00c9DOINE COLLIER BOULES<\/p>\n<p>Description : Boules de 6 mm mont\u00e9es sur fil avec fermoir m\u00e9tal, longueur 40 \u00e0 42 cm.<\/p>\n<p>Couleurs  : Bleu ciel, gris laiteux bleut\u00e9 &#8211; nuances uniques pour chaque pierre<\/p>\n<p>Ne pas se doucher avec le collier afin de pr\u00e9server l&#8217;aspect du fermoir et de la cha\u00eenette.<\/p>\n<p>Pour une dur\u00e9e de vie sup\u00e9rieure, vous pouvez faire remonter votre collier et \u00e9ventuellement changer son fermoir aupr\u00e8s de votre bijoutier.<\/p>\n<p>COLLIER : Monture, fermoirs et attaches non garantis. <\/p>\n<p>Photo(s) non contractuelle(s) : <\/p>\n<p>Les min\u00e9raux sont des \u00e9l\u00e9ments de la nature, les formes et nuances des pierres sont diverses et vari\u00e9es, chaque pi\u00e8ce est donc unique !<\/p>\n<p>Attention, le poids brut indiqu\u00e9 ci-dessus n&#8217;est pas le poids du produit lui-m\u00eame mais le poids utilis\u00e9 pour le calcul des frais d&#8217;envoi de votre colis. Les bijoux et min\u00e9raux sont vendus \u00e0 la pi\u00e8ce.<\/p>\n<p>Se r\u00e9f\u00e9rer aux \u00e9crits de Sainte Hildegarde de Bingen pour conna\u00eetre les diff\u00e9rentes utilisations et les bienfaits de cette pierre. (cf Les Pierres qui Gu\u00e9rissent selon Hildegarde de Bingen ou le livre Physica).<\/p>\n<p>GARANTIES : Pierres naturelles, non color\u00e9es, non irradi\u00e9es<\/p>\n<p>R\u00e9g\u00e9n\u00e9rer vos pierres : les mettre dans de l&#8217;eau de source, puis les faire s\u00e9cher \u00e0 la lumi\u00e8re du jour une ou deux heures<\/p>\n","protected":false},"excerpt":{"rendered":"<p>CALC\u00c9DOINE COLLIER BOULES Description : Boules de 6 mm mont\u00e9es sur fil avec fermoir m\u00e9tal, longueur 40 \u00e0 42 cm. Couleurs : Bleu ciel, gris laiteux bleut\u00e9 &#8211; nuances uniques pour chaque pierre Ne pas se doucher avec le collier afin de pr\u00e9server l&#8217;aspect du fermoir et de la cha\u00eenette. Pour une dur\u00e9e de vie [&hellip;]<\/p>\n","protected":false},"featured_media":8149,"comment_status":"open","ping_status":"closed","template":"","meta":{"_acf_changed":false,"_relevanssi_hide_post":"","_relevanssi_hide_content":"","_relevanssi_pin_for_all":"","_relevanssi_pin_keywords":"","_relevanssi_unpin_keywords":"","_relevanssi_related_keywords":"","_relevanssi_related_include_ids":"","_relevanssi_related_exclude_ids":"","_relevanssi_related_no_append":"","_relevanssi_related_not_related":"","_relevanssi_related_posts":"","_relevanssi_noindex_reason":""},"product_brand":[],"product_cat":[71,34],"product_tag":[],"class_list":{"0":"post-1132","1":"product","2":"type-product","3":"status-publish","4":"has-post-thumbnail","6":"product_cat-calcedoine","7":"product_cat-pierres-precieuses-de-sainte-hildegarde-de-bingen","9":"first","10":"instock","11":"taxable","12":"shipping-taxable","13":"purchasable","14":"product-type-simple"},"acf":[],"yoast_head":"<!-- This site is optimized with the Yoast SEO plugin v27.2 - https:\/\/yoast.com\/product\/yoast-seo-wordpress\/ -->\n<title>CALCEDOINE BLEUE COLLIER BOULES 6MM - Les Jardins de Sainte-Hildegarde<\/title>\n<meta name=\"robots\" content=\"index, follow, max-snippet:-1, max-image-preview:large, max-video-preview:-1\" \/>\n<link rel=\"canonical\" href=\"https:\/\/www.lesjardinsdesaintehildegarde.com\/en\/precious-stones\/blue-chalcedony\/calcedoine-bleue-collier-boules-6-mm-42\/\" \/>\n<meta property=\"og:locale\" content=\"en_US\" \/>\n<meta property=\"og:type\" content=\"article\" \/>\n<meta property=\"og:title\" content=\"CALCEDOINE BLEUE COLLIER BOULES 6MM - Les Jardins de Sainte-Hildegarde\" \/>\n<meta property=\"og:description\" content=\"CALC\u00c9DOINE COLLIER BOULES Description : Boules de 6 mm mont\u00e9es sur fil avec fermoir m\u00e9tal, longueur 40 \u00e0 42 cm. Couleurs : Bleu ciel, gris laiteux bleut\u00e9 &#8211; nuances uniques pour chaque pierre Ne pas se doucher avec le collier afin de pr\u00e9server l&#8217;aspect du fermoir et de la cha\u00eenette. Pour une dur\u00e9e de vie [&hellip;]\" \/>\n<meta property=\"og:url\" content=\"https:\/\/www.lesjardinsdesaintehildegarde.com\/en\/precious-stones\/blue-chalcedony\/calcedoine-bleue-collier-boules-6-mm-42\/\" \/>\n<meta property=\"og:site_name\" content=\"Les Jardins de Sainte-Hildegarde\" \/>\n<meta property=\"article:modified_time\" content=\"2026-04-13T21:02:03+00:00\" \/>\n<meta property=\"og:image\" content=\"https:\/\/www.lesjardinsdesaintehildegarde.com\/wp-content\/uploads\/2022\/11\/70017p.jpg\" \/>\n\t<meta property=\"og:image:width\" content=\"2171\" \/>\n\t<meta property=\"og:image:height\" content=\"2683\" \/>\n\t<meta property=\"og:image:type\" content=\"image\/jpeg\" \/>\n<meta name=\"twitter:card\" content=\"summary_large_image\" \/>\n<meta name=\"twitter:label1\" content=\"Est. reading time\" \/>\n\t<meta name=\"twitter:data1\" content=\"1 minute\" \/>\n<script type=\"application\/ld+json\" class=\"yoast-schema-graph\">{\"@context\":\"https:\/\/schema.org\",\"@graph\":[{\"@type\":\"WebPage\",\"@id\":\"https:\/\/www.lesjardinsdesaintehildegarde.com\/en\/precious-stones\/blue-chalcedony\/calcedoine-bleue-collier-boules-6-mm-42\/\",\"url\":\"https:\/\/www.lesjardinsdesaintehildegarde.com\/en\/precious-stones\/blue-chalcedony\/calcedoine-bleue-collier-boules-6-mm-42\/\",\"name\":\"CALCEDOINE BLEUE COLLIER BOULES 6MM - Les Jardins de Sainte-Hildegarde\",\"isPartOf\":{\"@id\":\"https:\/\/www.lesjardinsdesaintehildegarde.com\/en\/#website\"},\"primaryImageOfPage\":{\"@id\":\"https:\/\/www.lesjardinsdesaintehildegarde.com\/en\/precious-stones\/blue-chalcedony\/calcedoine-bleue-collier-boules-6-mm-42\/#primaryimage\"},\"image\":{\"@id\":\"https:\/\/www.lesjardinsdesaintehildegarde.com\/en\/precious-stones\/blue-chalcedony\/calcedoine-bleue-collier-boules-6-mm-42\/#primaryimage\"},\"thumbnailUrl\":\"https:\/\/www.lesjardinsdesaintehildegarde.com\/wp-content\/uploads\/2022\/11\/70017p.jpg\",\"datePublished\":\"2022-11-04T08:07:41+00:00\",\"dateModified\":\"2026-04-13T21:02:03+00:00\",\"breadcrumb\":{\"@id\":\"https:\/\/www.lesjardinsdesaintehildegarde.com\/en\/precious-stones\/blue-chalcedony\/calcedoine-bleue-collier-boules-6-mm-42\/#breadcrumb\"},\"inLanguage\":\"en-US\",\"potentialAction\":[{\"@type\":\"ReadAction\",\"target\":[\"https:\/\/www.lesjardinsdesaintehildegarde.com\/en\/precious-stones\/blue-chalcedony\/calcedoine-bleue-collier-boules-6-mm-42\/\"]}]},{\"@type\":\"ImageObject\",\"inLanguage\":\"en-US\",\"@id\":\"https:\/\/www.lesjardinsdesaintehildegarde.com\/en\/precious-stones\/blue-chalcedony\/calcedoine-bleue-collier-boules-6-mm-42\/#primaryimage\",\"url\":\"https:\/\/www.lesjardinsdesaintehildegarde.com\/wp-content\/uploads\/2022\/11\/70017p.jpg\",\"contentUrl\":\"https:\/\/www.lesjardinsdesaintehildegarde.com\/wp-content\/uploads\/2022\/11\/70017p.jpg\",\"width\":2171,\"height\":2683,\"caption\":\"CALC\u00c9DOINE COLLIER BOULES 6 MM\"},{\"@type\":\"BreadcrumbList\",\"@id\":\"https:\/\/www.lesjardinsdesaintehildegarde.com\/en\/precious-stones\/blue-chalcedony\/calcedoine-bleue-collier-boules-6-mm-42\/#breadcrumb\",\"itemListElement\":[{\"@type\":\"ListItem\",\"position\":1,\"name\":\"Home\",\"item\":\"https:\/\/www.lesjardinsdesaintehildegarde.com\/en\/\"},{\"@type\":\"ListItem\",\"position\":2,\"name\":\"Products\",\"item\":\"https:\/\/www.lesjardinsdesaintehildegarde.com\/en\/shop\/\"},{\"@type\":\"ListItem\",\"position\":3,\"name\":\"CALCEDOINE BLEUE COLLIER BOULES 6MM\"}]},{\"@type\":\"WebSite\",\"@id\":\"https:\/\/www.lesjardinsdesaintehildegarde.com\/en\/#website\",\"url\":\"https:\/\/www.lesjardinsdesaintehildegarde.com\/en\/\",\"name\":\"Les Jardins de Sainte-Hildegarde\",\"description\":\"Viriditas\",\"publisher\":{\"@id\":\"https:\/\/www.lesjardinsdesaintehildegarde.com\/en\/#organization\"},\"potentialAction\":[{\"@type\":\"SearchAction\",\"target\":{\"@type\":\"EntryPoint\",\"urlTemplate\":\"https:\/\/www.lesjardinsdesaintehildegarde.com\/en\/?s={search_term_string}\"},\"query-input\":{\"@type\":\"PropertyValueSpecification\",\"valueRequired\":true,\"valueName\":\"search_term_string\"}}],\"inLanguage\":\"en-US\"},{\"@type\":\"Organization\",\"@id\":\"https:\/\/www.lesjardinsdesaintehildegarde.com\/en\/#organization\",\"name\":\"Les Jardins de Sainte-Hildegarde\",\"url\":\"https:\/\/www.lesjardinsdesaintehildegarde.com\/en\/\",\"logo\":{\"@type\":\"ImageObject\",\"inLanguage\":\"en-US\",\"@id\":\"https:\/\/www.lesjardinsdesaintehildegarde.com\/en\/#\/schema\/logo\/image\/\",\"url\":\"https:\/\/www.lesjardinsdesaintehildegarde.com\/wp-content\/uploads\/2022\/11\/logo-2022.png\",\"contentUrl\":\"https:\/\/www.lesjardinsdesaintehildegarde.com\/wp-content\/uploads\/2022\/11\/logo-2022.png\",\"width\":365,\"height\":90,\"caption\":\"Les Jardins de Sainte-Hildegarde\"},\"image\":{\"@id\":\"https:\/\/www.lesjardinsdesaintehildegarde.com\/en\/#\/schema\/logo\/image\/\"}}]}<\/script>\n<!-- \/ Yoast SEO plugin. -->","yoast_head_json":{"title":"CALCEDOINE BLEUE COLLIER BOULES 6MM - Les Jardins de Sainte-Hildegarde","robots":{"index":"index","follow":"follow","max-snippet":"max-snippet:-1","max-image-preview":"max-image-preview:large","max-video-preview":"max-video-preview:-1"},"canonical":"https:\/\/www.lesjardinsdesaintehildegarde.com\/en\/precious-stones\/blue-chalcedony\/calcedoine-bleue-collier-boules-6-mm-42\/","og_locale":"en_US","og_type":"article","og_title":"CALCEDOINE BLEUE COLLIER BOULES 6MM - Les Jardins de Sainte-Hildegarde","og_description":"CALC\u00c9DOINE COLLIER BOULES Description : Boules de 6 mm mont\u00e9es sur fil avec fermoir m\u00e9tal, longueur 40 \u00e0 42 cm. Couleurs : Bleu ciel, gris laiteux bleut\u00e9 &#8211; nuances uniques pour chaque pierre Ne pas se doucher avec le collier afin de pr\u00e9server l&#8217;aspect du fermoir et de la cha\u00eenette. Pour une dur\u00e9e de vie [&hellip;]","og_url":"https:\/\/www.lesjardinsdesaintehildegarde.com\/en\/precious-stones\/blue-chalcedony\/calcedoine-bleue-collier-boules-6-mm-42\/","og_site_name":"Les Jardins de Sainte-Hildegarde","article_modified_time":"2026-04-13T21:02:03+00:00","og_image":[{"width":2171,"height":2683,"url":"https:\/\/www.lesjardinsdesaintehildegarde.com\/wp-content\/uploads\/2022\/11\/70017p.jpg","type":"image\/jpeg"}],"twitter_card":"summary_large_image","twitter_misc":{"Est. reading time":"1 minute"},"schema":{"@context":"https:\/\/schema.org","@graph":[{"@type":"WebPage","@id":"https:\/\/www.lesjardinsdesaintehildegarde.com\/en\/precious-stones\/blue-chalcedony\/calcedoine-bleue-collier-boules-6-mm-42\/","url":"https:\/\/www.lesjardinsdesaintehildegarde.com\/en\/precious-stones\/blue-chalcedony\/calcedoine-bleue-collier-boules-6-mm-42\/","name":"CALCEDOINE BLEUE COLLIER BOULES 6MM - Les Jardins de Sainte-Hildegarde","isPartOf":{"@id":"https:\/\/www.lesjardinsdesaintehildegarde.com\/en\/#website"},"primaryImageOfPage":{"@id":"https:\/\/www.lesjardinsdesaintehildegarde.com\/en\/precious-stones\/blue-chalcedony\/calcedoine-bleue-collier-boules-6-mm-42\/#primaryimage"},"image":{"@id":"https:\/\/www.lesjardinsdesaintehildegarde.com\/en\/precious-stones\/blue-chalcedony\/calcedoine-bleue-collier-boules-6-mm-42\/#primaryimage"},"thumbnailUrl":"https:\/\/www.lesjardinsdesaintehildegarde.com\/wp-content\/uploads\/2022\/11\/70017p.jpg","datePublished":"2022-11-04T08:07:41+00:00","dateModified":"2026-04-13T21:02:03+00:00","breadcrumb":{"@id":"https:\/\/www.lesjardinsdesaintehildegarde.com\/en\/precious-stones\/blue-chalcedony\/calcedoine-bleue-collier-boules-6-mm-42\/#breadcrumb"},"inLanguage":"en-US","potentialAction":[{"@type":"ReadAction","target":["https:\/\/www.lesjardinsdesaintehildegarde.com\/en\/precious-stones\/blue-chalcedony\/calcedoine-bleue-collier-boules-6-mm-42\/"]}]},{"@type":"ImageObject","inLanguage":"en-US","@id":"https:\/\/www.lesjardinsdesaintehildegarde.com\/en\/precious-stones\/blue-chalcedony\/calcedoine-bleue-collier-boules-6-mm-42\/#primaryimage","url":"https:\/\/www.lesjardinsdesaintehildegarde.com\/wp-content\/uploads\/2022\/11\/70017p.jpg","contentUrl":"https:\/\/www.lesjardinsdesaintehildegarde.com\/wp-content\/uploads\/2022\/11\/70017p.jpg","width":2171,"height":2683,"caption":"CALC\u00c9DOINE COLLIER BOULES 6 MM"},{"@type":"BreadcrumbList","@id":"https:\/\/www.lesjardinsdesaintehildegarde.com\/en\/precious-stones\/blue-chalcedony\/calcedoine-bleue-collier-boules-6-mm-42\/#breadcrumb","itemListElement":[{"@type":"ListItem","position":1,"name":"Home","item":"https:\/\/www.lesjardinsdesaintehildegarde.com\/en\/"},{"@type":"ListItem","position":2,"name":"Products","item":"https:\/\/www.lesjardinsdesaintehildegarde.com\/en\/shop\/"},{"@type":"ListItem","position":3,"name":"CALCEDOINE BLEUE COLLIER BOULES 6MM"}]},{"@type":"WebSite","@id":"https:\/\/www.lesjardinsdesaintehildegarde.com\/en\/#website","url":"https:\/\/www.lesjardinsdesaintehildegarde.com\/en\/","name":"Les Jardins de Sainte-Hildegarde","description":"Viriditas","publisher":{"@id":"https:\/\/www.lesjardinsdesaintehildegarde.com\/en\/#organization"},"potentialAction":[{"@type":"SearchAction","target":{"@type":"EntryPoint","urlTemplate":"https:\/\/www.lesjardinsdesaintehildegarde.com\/en\/?s={search_term_string}"},"query-input":{"@type":"PropertyValueSpecification","valueRequired":true,"valueName":"search_term_string"}}],"inLanguage":"en-US"},{"@type":"Organization","@id":"https:\/\/www.lesjardinsdesaintehildegarde.com\/en\/#organization","name":"Les Jardins de Sainte-Hildegarde","url":"https:\/\/www.lesjardinsdesaintehildegarde.com\/en\/","logo":{"@type":"ImageObject","inLanguage":"en-US","@id":"https:\/\/www.lesjardinsdesaintehildegarde.com\/en\/#\/schema\/logo\/image\/","url":"https:\/\/www.lesjardinsdesaintehildegarde.com\/wp-content\/uploads\/2022\/11\/logo-2022.png","contentUrl":"https:\/\/www.lesjardinsdesaintehildegarde.com\/wp-content\/uploads\/2022\/11\/logo-2022.png","width":365,"height":90,"caption":"Les Jardins de Sainte-Hildegarde"},"image":{"@id":"https:\/\/www.lesjardinsdesaintehildegarde.com\/en\/#\/schema\/logo\/image\/"}}]}},"_links":{"self":[{"href":"https:\/\/www.lesjardinsdesaintehildegarde.com\/en\/wp-json\/wp\/v2\/product\/1132","targetHints":{"allow":["GET"]}}],"collection":[{"href":"https:\/\/www.lesjardinsdesaintehildegarde.com\/en\/wp-json\/wp\/v2\/product"}],"about":[{"href":"https:\/\/www.lesjardinsdesaintehildegarde.com\/en\/wp-json\/wp\/v2\/types\/product"}],"replies":[{"embeddable":true,"href":"https:\/\/www.lesjardinsdesaintehildegarde.com\/en\/wp-json\/wp\/v2\/comments?post=1132"}],"wp:featuredmedia":[{"embeddable":true,"href":"https:\/\/www.lesjardinsdesaintehildegarde.com\/en\/wp-json\/wp\/v2\/media\/8149"}],"wp:attachment":[{"href":"https:\/\/www.lesjardinsdesaintehildegarde.com\/en\/wp-json\/wp\/v2\/media?parent=1132"}],"wp:term":[{"taxonomy":"product_brand","embeddable":true,"href":"https:\/\/www.lesjardinsdesaintehildegarde.com\/en\/wp-json\/wp\/v2\/product_brand?post=1132"},{"taxonomy":"product_cat","embeddable":true,"href":"https:\/\/www.lesjardinsdesaintehildegarde.com\/en\/wp-json\/wp\/v2\/product_cat?post=1132"},{"taxonomy":"product_tag","embeddable":true,"href":"https:\/\/www.lesjardinsdesaintehildegarde.com\/en\/wp-json\/wp\/v2\/product_tag?post=1132"}],"curies":[{"name":"wp","href":"https:\/\/api.w.org\/{rel}","templated":true}]}}