{"id":1185,"date":"2022-11-04T09:07:48","date_gmt":"2022-11-04T08:07:48","guid":{"rendered":"https:\/\/www.lesjardinsdesaintehildegarde.com\/non%20class\u00e9\/ambre-vegetal-collier-de-bebe-32-cm\/"},"modified":"2026-05-07T23:01:03","modified_gmt":"2026-05-07T21:01:03","slug":"ambre-vegetal-collier-de-bebe-32-cm","status":"publish","type":"product","link":"https:\/\/www.lesjardinsdesaintehildegarde.com\/en\/precious-stones\/vegetal-amber\/ambre-vegetal-collier-de-bebe-32-cm\/","title":{"rendered":"AMBRE VEGETAL COLLIER DE BEBE 32 CM"},"content":{"rendered":"<p>AMBRE V\u00c9G\u00c9TAL COLLIER B\u00c9B\u00c9 PIERRES ROULEES <\/p>\n<p>Description : Collier en pierres roul\u00e9es mont\u00e9es sur fil, longueur d&#8217;environ 32 cm avec fermoir s\u00e9curit\u00e9 \u00e0 embo\u00eetement qui se d\u00e9clipse en cas de tension sur le collier. N\u0153ud de s\u00e9curit\u00e9 entre chaque pierre, si le collier venait \u00e0 casser les perles ne s&#8217;en \u00e9chapperaient pas.<\/p>\n<p>COULEUR  : Jaune, Cognac, marron &#8211; nuances uniques pour chaque pierre<\/p>\n<p>Attention, le poids brut indiqu\u00e9 ci-dessus n&#8217;est pas le poids du produit lui-m\u00eame mais le poids utilis\u00e9 pour le calcul des frais d&#8217;envoi de votre colis. Les bijoux et min\u00e9raux sont vendus \u00e0 la pi\u00e8ce.<\/p>\n<p>Photo(s) non contractuelle(s) : <\/p>\n<p>Les min\u00e9raux sont des \u00e9l\u00e9ments de la nature, les formes et nuances des pierres sont diverses et vari\u00e9es, chaque pi\u00e8ce est donc unique !<\/p>\n<p>Se r\u00e9f\u00e9rer aux \u00e9crits de Sainte Hildegarde de Bingen pour conna\u00eetre les diff\u00e9rentes utilisations et les bienfaits de cette pierre. (cf Les Pierres qui Gu\u00e9rissent selon Hildegarde de Bingen ou le livre Physica).<\/p>\n<p>GARANTIES : Pierres naturelles, non color\u00e9es, non irradi\u00e9es<\/p>\n<p>R\u00e9g\u00e9n\u00e9rer vos pierres : les mettre dans de l&#8217;eau de source, puis les faire s\u00e9cher \u00e0 la lumi\u00e8re du jour une ou deux heures<\/p>\n","protected":false},"excerpt":{"rendered":"<p>AMBRE V\u00c9G\u00c9TAL COLLIER B\u00c9B\u00c9 PIERRES ROULEES Description : Collier en pierres roul\u00e9es mont\u00e9es sur fil, longueur d&#8217;environ 32 cm avec fermoir s\u00e9curit\u00e9 \u00e0 embo\u00eetement qui se d\u00e9clipse en cas de tension sur le collier. N\u0153ud de s\u00e9curit\u00e9 entre chaque pierre, si le collier venait \u00e0 casser les perles ne s&#8217;en \u00e9chapperaient pas. COULEUR : Jaune, [&hellip;]<\/p>\n","protected":false},"featured_media":6003,"comment_status":"open","ping_status":"closed","template":"","meta":{"_acf_changed":false,"_relevanssi_hide_post":"","_relevanssi_hide_content":"","_relevanssi_pin_for_all":"","_relevanssi_pin_keywords":"","_relevanssi_unpin_keywords":"","_relevanssi_related_keywords":"","_relevanssi_related_include_ids":"","_relevanssi_related_exclude_ids":"","_relevanssi_related_no_append":"","_relevanssi_related_not_related":"","_relevanssi_related_posts":"","_relevanssi_noindex_reason":""},"product_brand":[],"product_cat":[86,34],"product_tag":[],"class_list":{"0":"post-1185","1":"product","2":"type-product","3":"status-publish","4":"has-post-thumbnail","6":"product_cat-ambre-vegetal","7":"product_cat-pierres-precieuses-de-sainte-hildegarde-de-bingen","9":"first","10":"instock","11":"taxable","12":"shipping-taxable","13":"purchasable","14":"product-type-simple"},"acf":[],"yoast_head":"<!-- This site is optimized with the Yoast SEO plugin v27.4 - https:\/\/yoast.com\/product\/yoast-seo-wordpress\/ -->\n<title>AMBRE VEGETAL COLLIER DE BEBE 32 CM - Les Jardins de Sainte-Hildegarde<\/title>\n<meta name=\"robots\" content=\"index, follow, max-snippet:-1, max-image-preview:large, max-video-preview:-1\" \/>\n<link rel=\"canonical\" href=\"https:\/\/www.lesjardinsdesaintehildegarde.com\/en\/precious-stones\/vegetal-amber\/ambre-vegetal-collier-de-bebe-32-cm\/\" \/>\n<meta property=\"og:locale\" content=\"en_US\" \/>\n<meta property=\"og:type\" content=\"article\" \/>\n<meta property=\"og:title\" content=\"AMBRE VEGETAL COLLIER DE BEBE 32 CM - Les Jardins de Sainte-Hildegarde\" \/>\n<meta property=\"og:description\" content=\"AMBRE V\u00c9G\u00c9TAL COLLIER B\u00c9B\u00c9 PIERRES ROULEES Description : Collier en pierres roul\u00e9es mont\u00e9es sur fil, longueur d&#8217;environ 32 cm avec fermoir s\u00e9curit\u00e9 \u00e0 embo\u00eetement qui se d\u00e9clipse en cas de tension sur le collier. N\u0153ud de s\u00e9curit\u00e9 entre chaque pierre, si le collier venait \u00e0 casser les perles ne s&#8217;en \u00e9chapperaient pas. COULEUR : Jaune, [&hellip;]\" \/>\n<meta property=\"og:url\" content=\"https:\/\/www.lesjardinsdesaintehildegarde.com\/en\/precious-stones\/vegetal-amber\/ambre-vegetal-collier-de-bebe-32-cm\/\" \/>\n<meta property=\"og:site_name\" content=\"Les Jardins de Sainte-Hildegarde\" \/>\n<meta property=\"article:modified_time\" content=\"2026-05-07T21:01:03+00:00\" \/>\n<meta property=\"og:image\" content=\"https:\/\/www.lesjardinsdesaintehildegarde.com\/wp-content\/uploads\/2022\/11\/72700-1.jpg\" \/>\n\t<meta property=\"og:image:width\" content=\"2177\" \/>\n\t<meta property=\"og:image:height\" content=\"2185\" \/>\n\t<meta property=\"og:image:type\" content=\"image\/jpeg\" \/>\n<meta name=\"twitter:card\" content=\"summary_large_image\" \/>\n<meta name=\"twitter:label1\" content=\"Est. reading time\" \/>\n\t<meta name=\"twitter:data1\" content=\"1 minute\" \/>\n<script type=\"application\/ld+json\" class=\"yoast-schema-graph\">{\"@context\":\"https:\\\/\\\/schema.org\",\"@graph\":[{\"@type\":\"WebPage\",\"@id\":\"https:\\\/\\\/www.lesjardinsdesaintehildegarde.com\\\/en\\\/precious-stones\\\/vegetal-amber\\\/ambre-vegetal-collier-de-bebe-32-cm\\\/\",\"url\":\"https:\\\/\\\/www.lesjardinsdesaintehildegarde.com\\\/en\\\/precious-stones\\\/vegetal-amber\\\/ambre-vegetal-collier-de-bebe-32-cm\\\/\",\"name\":\"AMBRE VEGETAL COLLIER DE BEBE 32 CM - Les Jardins de Sainte-Hildegarde\",\"isPartOf\":{\"@id\":\"https:\\\/\\\/www.lesjardinsdesaintehildegarde.com\\\/en\\\/#website\"},\"primaryImageOfPage\":{\"@id\":\"https:\\\/\\\/www.lesjardinsdesaintehildegarde.com\\\/en\\\/precious-stones\\\/vegetal-amber\\\/ambre-vegetal-collier-de-bebe-32-cm\\\/#primaryimage\"},\"image\":{\"@id\":\"https:\\\/\\\/www.lesjardinsdesaintehildegarde.com\\\/en\\\/precious-stones\\\/vegetal-amber\\\/ambre-vegetal-collier-de-bebe-32-cm\\\/#primaryimage\"},\"thumbnailUrl\":\"https:\\\/\\\/www.lesjardinsdesaintehildegarde.com\\\/wp-content\\\/uploads\\\/2022\\\/11\\\/72700-1.jpg\",\"datePublished\":\"2022-11-04T08:07:48+00:00\",\"dateModified\":\"2026-05-07T21:01:03+00:00\",\"breadcrumb\":{\"@id\":\"https:\\\/\\\/www.lesjardinsdesaintehildegarde.com\\\/en\\\/precious-stones\\\/vegetal-amber\\\/ambre-vegetal-collier-de-bebe-32-cm\\\/#breadcrumb\"},\"inLanguage\":\"en-US\",\"potentialAction\":[{\"@type\":\"ReadAction\",\"target\":[\"https:\\\/\\\/www.lesjardinsdesaintehildegarde.com\\\/en\\\/precious-stones\\\/vegetal-amber\\\/ambre-vegetal-collier-de-bebe-32-cm\\\/\"]}]},{\"@type\":\"ImageObject\",\"inLanguage\":\"en-US\",\"@id\":\"https:\\\/\\\/www.lesjardinsdesaintehildegarde.com\\\/en\\\/precious-stones\\\/vegetal-amber\\\/ambre-vegetal-collier-de-bebe-32-cm\\\/#primaryimage\",\"url\":\"https:\\\/\\\/www.lesjardinsdesaintehildegarde.com\\\/wp-content\\\/uploads\\\/2022\\\/11\\\/72700-1.jpg\",\"contentUrl\":\"https:\\\/\\\/www.lesjardinsdesaintehildegarde.com\\\/wp-content\\\/uploads\\\/2022\\\/11\\\/72700-1.jpg\",\"width\":2177,\"height\":2185,\"caption\":\"AMBRE V\u00c9G\u00c9TAL COLLIER B\u00c9B\u00c9 PIERRES POLIES\"},{\"@type\":\"BreadcrumbList\",\"@id\":\"https:\\\/\\\/www.lesjardinsdesaintehildegarde.com\\\/en\\\/precious-stones\\\/vegetal-amber\\\/ambre-vegetal-collier-de-bebe-32-cm\\\/#breadcrumb\",\"itemListElement\":[{\"@type\":\"ListItem\",\"position\":1,\"name\":\"Home\",\"item\":\"https:\\\/\\\/www.lesjardinsdesaintehildegarde.com\\\/en\\\/\"},{\"@type\":\"ListItem\",\"position\":2,\"name\":\"Products\",\"item\":\"https:\\\/\\\/www.lesjardinsdesaintehildegarde.com\\\/en\\\/shop\\\/\"},{\"@type\":\"ListItem\",\"position\":3,\"name\":\"AMBRE VEGETAL COLLIER DE BEBE 32 CM\"}]},{\"@type\":\"WebSite\",\"@id\":\"https:\\\/\\\/www.lesjardinsdesaintehildegarde.com\\\/en\\\/#website\",\"url\":\"https:\\\/\\\/www.lesjardinsdesaintehildegarde.com\\\/en\\\/\",\"name\":\"Les Jardins de Sainte-Hildegarde\",\"description\":\"Viriditas\",\"publisher\":{\"@id\":\"https:\\\/\\\/www.lesjardinsdesaintehildegarde.com\\\/en\\\/#organization\"},\"potentialAction\":[{\"@type\":\"SearchAction\",\"target\":{\"@type\":\"EntryPoint\",\"urlTemplate\":\"https:\\\/\\\/www.lesjardinsdesaintehildegarde.com\\\/en\\\/?s={search_term_string}\"},\"query-input\":{\"@type\":\"PropertyValueSpecification\",\"valueRequired\":true,\"valueName\":\"search_term_string\"}}],\"inLanguage\":\"en-US\"},{\"@type\":\"Organization\",\"@id\":\"https:\\\/\\\/www.lesjardinsdesaintehildegarde.com\\\/en\\\/#organization\",\"name\":\"Les Jardins de Sainte-Hildegarde\",\"url\":\"https:\\\/\\\/www.lesjardinsdesaintehildegarde.com\\\/en\\\/\",\"logo\":{\"@type\":\"ImageObject\",\"inLanguage\":\"en-US\",\"@id\":\"https:\\\/\\\/www.lesjardinsdesaintehildegarde.com\\\/en\\\/#\\\/schema\\\/logo\\\/image\\\/\",\"url\":\"https:\\\/\\\/www.lesjardinsdesaintehildegarde.com\\\/wp-content\\\/uploads\\\/2022\\\/11\\\/logo-2022.png\",\"contentUrl\":\"https:\\\/\\\/www.lesjardinsdesaintehildegarde.com\\\/wp-content\\\/uploads\\\/2022\\\/11\\\/logo-2022.png\",\"width\":365,\"height\":90,\"caption\":\"Les Jardins de Sainte-Hildegarde\"},\"image\":{\"@id\":\"https:\\\/\\\/www.lesjardinsdesaintehildegarde.com\\\/en\\\/#\\\/schema\\\/logo\\\/image\\\/\"}}]}<\/script>\n<!-- \/ Yoast SEO plugin. -->","yoast_head_json":{"title":"AMBRE VEGETAL COLLIER DE BEBE 32 CM - Les Jardins de Sainte-Hildegarde","robots":{"index":"index","follow":"follow","max-snippet":"max-snippet:-1","max-image-preview":"max-image-preview:large","max-video-preview":"max-video-preview:-1"},"canonical":"https:\/\/www.lesjardinsdesaintehildegarde.com\/en\/precious-stones\/vegetal-amber\/ambre-vegetal-collier-de-bebe-32-cm\/","og_locale":"en_US","og_type":"article","og_title":"AMBRE VEGETAL COLLIER DE BEBE 32 CM - Les Jardins de Sainte-Hildegarde","og_description":"AMBRE V\u00c9G\u00c9TAL COLLIER B\u00c9B\u00c9 PIERRES ROULEES Description : Collier en pierres roul\u00e9es mont\u00e9es sur fil, longueur d&#8217;environ 32 cm avec fermoir s\u00e9curit\u00e9 \u00e0 embo\u00eetement qui se d\u00e9clipse en cas de tension sur le collier. N\u0153ud de s\u00e9curit\u00e9 entre chaque pierre, si le collier venait \u00e0 casser les perles ne s&#8217;en \u00e9chapperaient pas. COULEUR : Jaune, [&hellip;]","og_url":"https:\/\/www.lesjardinsdesaintehildegarde.com\/en\/precious-stones\/vegetal-amber\/ambre-vegetal-collier-de-bebe-32-cm\/","og_site_name":"Les Jardins de Sainte-Hildegarde","article_modified_time":"2026-05-07T21:01:03+00:00","og_image":[{"width":2177,"height":2185,"url":"https:\/\/www.lesjardinsdesaintehildegarde.com\/wp-content\/uploads\/2022\/11\/72700-1.jpg","type":"image\/jpeg"}],"twitter_card":"summary_large_image","twitter_misc":{"Est. reading time":"1 minute"},"schema":{"@context":"https:\/\/schema.org","@graph":[{"@type":"WebPage","@id":"https:\/\/www.lesjardinsdesaintehildegarde.com\/en\/precious-stones\/vegetal-amber\/ambre-vegetal-collier-de-bebe-32-cm\/","url":"https:\/\/www.lesjardinsdesaintehildegarde.com\/en\/precious-stones\/vegetal-amber\/ambre-vegetal-collier-de-bebe-32-cm\/","name":"AMBRE VEGETAL COLLIER DE BEBE 32 CM - Les Jardins de Sainte-Hildegarde","isPartOf":{"@id":"https:\/\/www.lesjardinsdesaintehildegarde.com\/en\/#website"},"primaryImageOfPage":{"@id":"https:\/\/www.lesjardinsdesaintehildegarde.com\/en\/precious-stones\/vegetal-amber\/ambre-vegetal-collier-de-bebe-32-cm\/#primaryimage"},"image":{"@id":"https:\/\/www.lesjardinsdesaintehildegarde.com\/en\/precious-stones\/vegetal-amber\/ambre-vegetal-collier-de-bebe-32-cm\/#primaryimage"},"thumbnailUrl":"https:\/\/www.lesjardinsdesaintehildegarde.com\/wp-content\/uploads\/2022\/11\/72700-1.jpg","datePublished":"2022-11-04T08:07:48+00:00","dateModified":"2026-05-07T21:01:03+00:00","breadcrumb":{"@id":"https:\/\/www.lesjardinsdesaintehildegarde.com\/en\/precious-stones\/vegetal-amber\/ambre-vegetal-collier-de-bebe-32-cm\/#breadcrumb"},"inLanguage":"en-US","potentialAction":[{"@type":"ReadAction","target":["https:\/\/www.lesjardinsdesaintehildegarde.com\/en\/precious-stones\/vegetal-amber\/ambre-vegetal-collier-de-bebe-32-cm\/"]}]},{"@type":"ImageObject","inLanguage":"en-US","@id":"https:\/\/www.lesjardinsdesaintehildegarde.com\/en\/precious-stones\/vegetal-amber\/ambre-vegetal-collier-de-bebe-32-cm\/#primaryimage","url":"https:\/\/www.lesjardinsdesaintehildegarde.com\/wp-content\/uploads\/2022\/11\/72700-1.jpg","contentUrl":"https:\/\/www.lesjardinsdesaintehildegarde.com\/wp-content\/uploads\/2022\/11\/72700-1.jpg","width":2177,"height":2185,"caption":"AMBRE V\u00c9G\u00c9TAL COLLIER B\u00c9B\u00c9 PIERRES POLIES"},{"@type":"BreadcrumbList","@id":"https:\/\/www.lesjardinsdesaintehildegarde.com\/en\/precious-stones\/vegetal-amber\/ambre-vegetal-collier-de-bebe-32-cm\/#breadcrumb","itemListElement":[{"@type":"ListItem","position":1,"name":"Home","item":"https:\/\/www.lesjardinsdesaintehildegarde.com\/en\/"},{"@type":"ListItem","position":2,"name":"Products","item":"https:\/\/www.lesjardinsdesaintehildegarde.com\/en\/shop\/"},{"@type":"ListItem","position":3,"name":"AMBRE VEGETAL COLLIER DE BEBE 32 CM"}]},{"@type":"WebSite","@id":"https:\/\/www.lesjardinsdesaintehildegarde.com\/en\/#website","url":"https:\/\/www.lesjardinsdesaintehildegarde.com\/en\/","name":"Les Jardins de Sainte-Hildegarde","description":"Viriditas","publisher":{"@id":"https:\/\/www.lesjardinsdesaintehildegarde.com\/en\/#organization"},"potentialAction":[{"@type":"SearchAction","target":{"@type":"EntryPoint","urlTemplate":"https:\/\/www.lesjardinsdesaintehildegarde.com\/en\/?s={search_term_string}"},"query-input":{"@type":"PropertyValueSpecification","valueRequired":true,"valueName":"search_term_string"}}],"inLanguage":"en-US"},{"@type":"Organization","@id":"https:\/\/www.lesjardinsdesaintehildegarde.com\/en\/#organization","name":"Les Jardins de Sainte-Hildegarde","url":"https:\/\/www.lesjardinsdesaintehildegarde.com\/en\/","logo":{"@type":"ImageObject","inLanguage":"en-US","@id":"https:\/\/www.lesjardinsdesaintehildegarde.com\/en\/#\/schema\/logo\/image\/","url":"https:\/\/www.lesjardinsdesaintehildegarde.com\/wp-content\/uploads\/2022\/11\/logo-2022.png","contentUrl":"https:\/\/www.lesjardinsdesaintehildegarde.com\/wp-content\/uploads\/2022\/11\/logo-2022.png","width":365,"height":90,"caption":"Les Jardins de Sainte-Hildegarde"},"image":{"@id":"https:\/\/www.lesjardinsdesaintehildegarde.com\/en\/#\/schema\/logo\/image\/"}}]}},"_links":{"self":[{"href":"https:\/\/www.lesjardinsdesaintehildegarde.com\/en\/wp-json\/wp\/v2\/product\/1185","targetHints":{"allow":["GET"]}}],"collection":[{"href":"https:\/\/www.lesjardinsdesaintehildegarde.com\/en\/wp-json\/wp\/v2\/product"}],"about":[{"href":"https:\/\/www.lesjardinsdesaintehildegarde.com\/en\/wp-json\/wp\/v2\/types\/product"}],"replies":[{"embeddable":true,"href":"https:\/\/www.lesjardinsdesaintehildegarde.com\/en\/wp-json\/wp\/v2\/comments?post=1185"}],"wp:featuredmedia":[{"embeddable":true,"href":"https:\/\/www.lesjardinsdesaintehildegarde.com\/en\/wp-json\/wp\/v2\/media\/6003"}],"wp:attachment":[{"href":"https:\/\/www.lesjardinsdesaintehildegarde.com\/en\/wp-json\/wp\/v2\/media?parent=1185"}],"wp:term":[{"taxonomy":"product_brand","embeddable":true,"href":"https:\/\/www.lesjardinsdesaintehildegarde.com\/en\/wp-json\/wp\/v2\/product_brand?post=1185"},{"taxonomy":"product_cat","embeddable":true,"href":"https:\/\/www.lesjardinsdesaintehildegarde.com\/en\/wp-json\/wp\/v2\/product_cat?post=1185"},{"taxonomy":"product_tag","embeddable":true,"href":"https:\/\/www.lesjardinsdesaintehildegarde.com\/en\/wp-json\/wp\/v2\/product_tag?post=1185"}],"curies":[{"name":"wp","href":"https:\/\/api.w.org\/{rel}","templated":true}]}}