{"id":1186,"date":"2022-11-04T09:07:48","date_gmt":"2022-11-04T08:07:48","guid":{"rendered":"https:\/\/www.lesjardinsdesaintehildegarde.com\/non%20class\u00e9\/pierre-d-alun-polie-vrac\/"},"modified":"2026-04-21T11:44:02","modified_gmt":"2026-04-21T09:44:02","slug":"pierre-d-alun-polie-vrac","status":"publish","type":"product","link":"https:\/\/www.lesjardinsdesaintehildegarde.com\/en\/cosmetics\/natural-viriditas-cosmetics\/pierre-d-alun-polie-vrac\/","title":{"rendered":"PIERRE D ALUN POLIE"},"content":{"rendered":"<p>PIERRE D&#8217;ALUN POLIE 100g<\/p>\n<p>Deodorant corporel 100% naturel, fabriqu\u00e9 en France<\/p>\n<p>Id\u00e9al pour peaux d\u00e9licates<\/p>\n<p>Non test\u00e9 sur les animaux<\/p>\n<p>Informations :<\/p>\n<p>La pierre d&#8217;Alun est un d\u00e9odorant corporel naturel. <\/p>\n<p>Elle n&#8217;emp\u00eache pas de transpirer mais \u00e9vite tout naturellement la prolif\u00e9ration des bact\u00e9ries responsables des mauvaises odeurs. <\/p>\n<p>Elle est absolument inodore, incolore, ne tache pas, ne laisse pas de traces. <\/p>\n<p>Conseill\u00e9 pour d\u00e9sodoriser les aisselles, les pieds, les parties intimes ou n&#8217;importe qu&#8217;elle autre partie du corps.<\/p>\n<p>Non seulement cette pierre est tr\u00e8s efficace, mais en plus elle ne pr\u00e9sente aucun danger pour la sant\u00e9.<\/p>\n<p>Mode d&#8217;emploi :<\/p>\n<p>Humidifier la pierre en la passant sous l&#8217;eau avant de l&#8217;utiliser puis la rincer apr\u00e8s utilisation.<\/p>\n<p>Anallergique,  ne br\u00fble pas, ne graisse pas et ne contient pas de parfum.<\/p>\n<p>Composition :<\/p>\n<p>100% Alun de potassium naturel, extrait de carri\u00e8re d&#8217;alunite, garantie sans chlorhydrates d\u2019aluminium.<\/p>\n<p>USAGE EXTERNE.<\/p>\n","protected":false},"excerpt":{"rendered":"<p>PIERRE D&#8217;ALUN POLIE 100g Deodorant corporel 100% naturel, fabriqu\u00e9 en France Id\u00e9al pour peaux d\u00e9licates Non test\u00e9 sur les animaux Informations : La pierre d&#8217;Alun est un d\u00e9odorant corporel naturel. Elle n&#8217;emp\u00eache pas de transpirer mais \u00e9vite tout naturellement la prolif\u00e9ration des bact\u00e9ries responsables des mauvaises odeurs. Elle est absolument inodore, incolore, ne tache pas, [&hellip;]<\/p>\n","protected":false},"featured_media":92727,"comment_status":"open","ping_status":"closed","template":"","meta":{"_acf_changed":false,"_relevanssi_hide_post":"","_relevanssi_hide_content":"","_relevanssi_pin_for_all":"","_relevanssi_pin_keywords":"","_relevanssi_unpin_keywords":"","_relevanssi_related_keywords":"","_relevanssi_related_include_ids":"","_relevanssi_related_exclude_ids":"","_relevanssi_related_no_append":"","_relevanssi_related_not_related":"","_relevanssi_related_posts":"","_relevanssi_noindex_reason":""},"product_brand":[],"product_cat":[27,96],"product_tag":[],"class_list":{"0":"post-1186","1":"product","2":"type-product","3":"status-publish","4":"has-post-thumbnail","6":"product_cat-cosmetiques","7":"product_cat-cosmetiques-viriditas-naturels","9":"first","10":"instock","11":"taxable","12":"shipping-taxable","13":"purchasable","14":"product-type-simple"},"acf":[],"yoast_head":"<!-- This site is optimized with the Yoast SEO plugin v27.4 - https:\/\/yoast.com\/product\/yoast-seo-wordpress\/ -->\n<title>PIERRE D ALUN POLIE - Les Jardins de Sainte-Hildegarde<\/title>\n<meta name=\"robots\" content=\"index, follow, max-snippet:-1, max-image-preview:large, max-video-preview:-1\" \/>\n<link rel=\"canonical\" href=\"https:\/\/www.lesjardinsdesaintehildegarde.com\/en\/cosmetics\/natural-viriditas-cosmetics\/pierre-d-alun-polie-vrac\/\" \/>\n<meta property=\"og:locale\" content=\"en_US\" \/>\n<meta property=\"og:type\" content=\"article\" \/>\n<meta property=\"og:title\" content=\"PIERRE D ALUN POLIE - Les Jardins de Sainte-Hildegarde\" \/>\n<meta property=\"og:description\" content=\"PIERRE D&#8217;ALUN POLIE 100g Deodorant corporel 100% naturel, fabriqu\u00e9 en France Id\u00e9al pour peaux d\u00e9licates Non test\u00e9 sur les animaux Informations : La pierre d&#8217;Alun est un d\u00e9odorant corporel naturel. Elle n&#8217;emp\u00eache pas de transpirer mais \u00e9vite tout naturellement la prolif\u00e9ration des bact\u00e9ries responsables des mauvaises odeurs. Elle est absolument inodore, incolore, ne tache pas, [&hellip;]\" \/>\n<meta property=\"og:url\" content=\"https:\/\/www.lesjardinsdesaintehildegarde.com\/en\/cosmetics\/natural-viriditas-cosmetics\/pierre-d-alun-polie-vrac\/\" \/>\n<meta property=\"og:site_name\" content=\"Les Jardins de Sainte-Hildegarde\" \/>\n<meta property=\"article:modified_time\" content=\"2026-04-21T09:44:02+00:00\" \/>\n<meta property=\"og:image\" content=\"https:\/\/www.lesjardinsdesaintehildegarde.com\/wp-content\/uploads\/2022\/11\/731-pierre-alun.jpg\" \/>\n\t<meta property=\"og:image:width\" content=\"1200\" \/>\n\t<meta property=\"og:image:height\" content=\"1200\" \/>\n\t<meta property=\"og:image:type\" content=\"image\/jpeg\" \/>\n<meta name=\"twitter:card\" content=\"summary_large_image\" \/>\n<meta name=\"twitter:label1\" content=\"Est. reading time\" \/>\n\t<meta name=\"twitter:data1\" content=\"1 minute\" \/>\n<script type=\"application\/ld+json\" class=\"yoast-schema-graph\">{\"@context\":\"https:\\\/\\\/schema.org\",\"@graph\":[{\"@type\":\"WebPage\",\"@id\":\"https:\\\/\\\/www.lesjardinsdesaintehildegarde.com\\\/en\\\/cosmetics\\\/natural-viriditas-cosmetics\\\/pierre-d-alun-polie-vrac\\\/\",\"url\":\"https:\\\/\\\/www.lesjardinsdesaintehildegarde.com\\\/en\\\/cosmetics\\\/natural-viriditas-cosmetics\\\/pierre-d-alun-polie-vrac\\\/\",\"name\":\"PIERRE D ALUN POLIE - Les Jardins de Sainte-Hildegarde\",\"isPartOf\":{\"@id\":\"https:\\\/\\\/www.lesjardinsdesaintehildegarde.com\\\/en\\\/#website\"},\"primaryImageOfPage\":{\"@id\":\"https:\\\/\\\/www.lesjardinsdesaintehildegarde.com\\\/en\\\/cosmetics\\\/natural-viriditas-cosmetics\\\/pierre-d-alun-polie-vrac\\\/#primaryimage\"},\"image\":{\"@id\":\"https:\\\/\\\/www.lesjardinsdesaintehildegarde.com\\\/en\\\/cosmetics\\\/natural-viriditas-cosmetics\\\/pierre-d-alun-polie-vrac\\\/#primaryimage\"},\"thumbnailUrl\":\"https:\\\/\\\/www.lesjardinsdesaintehildegarde.com\\\/wp-content\\\/uploads\\\/2022\\\/11\\\/731-pierre-alun.jpg\",\"datePublished\":\"2022-11-04T08:07:48+00:00\",\"dateModified\":\"2026-04-21T09:44:02+00:00\",\"breadcrumb\":{\"@id\":\"https:\\\/\\\/www.lesjardinsdesaintehildegarde.com\\\/en\\\/cosmetics\\\/natural-viriditas-cosmetics\\\/pierre-d-alun-polie-vrac\\\/#breadcrumb\"},\"inLanguage\":\"en-US\",\"potentialAction\":[{\"@type\":\"ReadAction\",\"target\":[\"https:\\\/\\\/www.lesjardinsdesaintehildegarde.com\\\/en\\\/cosmetics\\\/natural-viriditas-cosmetics\\\/pierre-d-alun-polie-vrac\\\/\"]}]},{\"@type\":\"ImageObject\",\"inLanguage\":\"en-US\",\"@id\":\"https:\\\/\\\/www.lesjardinsdesaintehildegarde.com\\\/en\\\/cosmetics\\\/natural-viriditas-cosmetics\\\/pierre-d-alun-polie-vrac\\\/#primaryimage\",\"url\":\"https:\\\/\\\/www.lesjardinsdesaintehildegarde.com\\\/wp-content\\\/uploads\\\/2022\\\/11\\\/731-pierre-alun.jpg\",\"contentUrl\":\"https:\\\/\\\/www.lesjardinsdesaintehildegarde.com\\\/wp-content\\\/uploads\\\/2022\\\/11\\\/731-pierre-alun.jpg\",\"width\":1200,\"height\":1200,\"caption\":\"PIERRE D'ALUN BRUTE 90g D\u00e9odorant corporel 100% naturel Id\u00e9al pour peaux d\u00e9licates\"},{\"@type\":\"BreadcrumbList\",\"@id\":\"https:\\\/\\\/www.lesjardinsdesaintehildegarde.com\\\/en\\\/cosmetics\\\/natural-viriditas-cosmetics\\\/pierre-d-alun-polie-vrac\\\/#breadcrumb\",\"itemListElement\":[{\"@type\":\"ListItem\",\"position\":1,\"name\":\"Home\",\"item\":\"https:\\\/\\\/www.lesjardinsdesaintehildegarde.com\\\/en\\\/\"},{\"@type\":\"ListItem\",\"position\":2,\"name\":\"Products\",\"item\":\"https:\\\/\\\/www.lesjardinsdesaintehildegarde.com\\\/en\\\/shop\\\/\"},{\"@type\":\"ListItem\",\"position\":3,\"name\":\"PIERRE D ALUN POLIE\"}]},{\"@type\":\"WebSite\",\"@id\":\"https:\\\/\\\/www.lesjardinsdesaintehildegarde.com\\\/en\\\/#website\",\"url\":\"https:\\\/\\\/www.lesjardinsdesaintehildegarde.com\\\/en\\\/\",\"name\":\"Les Jardins de Sainte-Hildegarde\",\"description\":\"Viriditas\",\"publisher\":{\"@id\":\"https:\\\/\\\/www.lesjardinsdesaintehildegarde.com\\\/en\\\/#organization\"},\"potentialAction\":[{\"@type\":\"SearchAction\",\"target\":{\"@type\":\"EntryPoint\",\"urlTemplate\":\"https:\\\/\\\/www.lesjardinsdesaintehildegarde.com\\\/en\\\/?s={search_term_string}\"},\"query-input\":{\"@type\":\"PropertyValueSpecification\",\"valueRequired\":true,\"valueName\":\"search_term_string\"}}],\"inLanguage\":\"en-US\"},{\"@type\":\"Organization\",\"@id\":\"https:\\\/\\\/www.lesjardinsdesaintehildegarde.com\\\/en\\\/#organization\",\"name\":\"Les Jardins de Sainte-Hildegarde\",\"url\":\"https:\\\/\\\/www.lesjardinsdesaintehildegarde.com\\\/en\\\/\",\"logo\":{\"@type\":\"ImageObject\",\"inLanguage\":\"en-US\",\"@id\":\"https:\\\/\\\/www.lesjardinsdesaintehildegarde.com\\\/en\\\/#\\\/schema\\\/logo\\\/image\\\/\",\"url\":\"https:\\\/\\\/www.lesjardinsdesaintehildegarde.com\\\/wp-content\\\/uploads\\\/2022\\\/11\\\/logo-2022.png\",\"contentUrl\":\"https:\\\/\\\/www.lesjardinsdesaintehildegarde.com\\\/wp-content\\\/uploads\\\/2022\\\/11\\\/logo-2022.png\",\"width\":365,\"height\":90,\"caption\":\"Les Jardins de Sainte-Hildegarde\"},\"image\":{\"@id\":\"https:\\\/\\\/www.lesjardinsdesaintehildegarde.com\\\/en\\\/#\\\/schema\\\/logo\\\/image\\\/\"}}]}<\/script>\n<!-- \/ Yoast SEO plugin. -->","yoast_head_json":{"title":"PIERRE D ALUN POLIE - Les Jardins de Sainte-Hildegarde","robots":{"index":"index","follow":"follow","max-snippet":"max-snippet:-1","max-image-preview":"max-image-preview:large","max-video-preview":"max-video-preview:-1"},"canonical":"https:\/\/www.lesjardinsdesaintehildegarde.com\/en\/cosmetics\/natural-viriditas-cosmetics\/pierre-d-alun-polie-vrac\/","og_locale":"en_US","og_type":"article","og_title":"PIERRE D ALUN POLIE - Les Jardins de Sainte-Hildegarde","og_description":"PIERRE D&#8217;ALUN POLIE 100g Deodorant corporel 100% naturel, fabriqu\u00e9 en France Id\u00e9al pour peaux d\u00e9licates Non test\u00e9 sur les animaux Informations : La pierre d&#8217;Alun est un d\u00e9odorant corporel naturel. Elle n&#8217;emp\u00eache pas de transpirer mais \u00e9vite tout naturellement la prolif\u00e9ration des bact\u00e9ries responsables des mauvaises odeurs. Elle est absolument inodore, incolore, ne tache pas, [&hellip;]","og_url":"https:\/\/www.lesjardinsdesaintehildegarde.com\/en\/cosmetics\/natural-viriditas-cosmetics\/pierre-d-alun-polie-vrac\/","og_site_name":"Les Jardins de Sainte-Hildegarde","article_modified_time":"2026-04-21T09:44:02+00:00","og_image":[{"width":1200,"height":1200,"url":"https:\/\/www.lesjardinsdesaintehildegarde.com\/wp-content\/uploads\/2022\/11\/731-pierre-alun.jpg","type":"image\/jpeg"}],"twitter_card":"summary_large_image","twitter_misc":{"Est. reading time":"1 minute"},"schema":{"@context":"https:\/\/schema.org","@graph":[{"@type":"WebPage","@id":"https:\/\/www.lesjardinsdesaintehildegarde.com\/en\/cosmetics\/natural-viriditas-cosmetics\/pierre-d-alun-polie-vrac\/","url":"https:\/\/www.lesjardinsdesaintehildegarde.com\/en\/cosmetics\/natural-viriditas-cosmetics\/pierre-d-alun-polie-vrac\/","name":"PIERRE D ALUN POLIE - Les Jardins de Sainte-Hildegarde","isPartOf":{"@id":"https:\/\/www.lesjardinsdesaintehildegarde.com\/en\/#website"},"primaryImageOfPage":{"@id":"https:\/\/www.lesjardinsdesaintehildegarde.com\/en\/cosmetics\/natural-viriditas-cosmetics\/pierre-d-alun-polie-vrac\/#primaryimage"},"image":{"@id":"https:\/\/www.lesjardinsdesaintehildegarde.com\/en\/cosmetics\/natural-viriditas-cosmetics\/pierre-d-alun-polie-vrac\/#primaryimage"},"thumbnailUrl":"https:\/\/www.lesjardinsdesaintehildegarde.com\/wp-content\/uploads\/2022\/11\/731-pierre-alun.jpg","datePublished":"2022-11-04T08:07:48+00:00","dateModified":"2026-04-21T09:44:02+00:00","breadcrumb":{"@id":"https:\/\/www.lesjardinsdesaintehildegarde.com\/en\/cosmetics\/natural-viriditas-cosmetics\/pierre-d-alun-polie-vrac\/#breadcrumb"},"inLanguage":"en-US","potentialAction":[{"@type":"ReadAction","target":["https:\/\/www.lesjardinsdesaintehildegarde.com\/en\/cosmetics\/natural-viriditas-cosmetics\/pierre-d-alun-polie-vrac\/"]}]},{"@type":"ImageObject","inLanguage":"en-US","@id":"https:\/\/www.lesjardinsdesaintehildegarde.com\/en\/cosmetics\/natural-viriditas-cosmetics\/pierre-d-alun-polie-vrac\/#primaryimage","url":"https:\/\/www.lesjardinsdesaintehildegarde.com\/wp-content\/uploads\/2022\/11\/731-pierre-alun.jpg","contentUrl":"https:\/\/www.lesjardinsdesaintehildegarde.com\/wp-content\/uploads\/2022\/11\/731-pierre-alun.jpg","width":1200,"height":1200,"caption":"PIERRE D'ALUN BRUTE 90g D\u00e9odorant corporel 100% naturel Id\u00e9al pour peaux d\u00e9licates"},{"@type":"BreadcrumbList","@id":"https:\/\/www.lesjardinsdesaintehildegarde.com\/en\/cosmetics\/natural-viriditas-cosmetics\/pierre-d-alun-polie-vrac\/#breadcrumb","itemListElement":[{"@type":"ListItem","position":1,"name":"Home","item":"https:\/\/www.lesjardinsdesaintehildegarde.com\/en\/"},{"@type":"ListItem","position":2,"name":"Products","item":"https:\/\/www.lesjardinsdesaintehildegarde.com\/en\/shop\/"},{"@type":"ListItem","position":3,"name":"PIERRE D ALUN POLIE"}]},{"@type":"WebSite","@id":"https:\/\/www.lesjardinsdesaintehildegarde.com\/en\/#website","url":"https:\/\/www.lesjardinsdesaintehildegarde.com\/en\/","name":"Les Jardins de Sainte-Hildegarde","description":"Viriditas","publisher":{"@id":"https:\/\/www.lesjardinsdesaintehildegarde.com\/en\/#organization"},"potentialAction":[{"@type":"SearchAction","target":{"@type":"EntryPoint","urlTemplate":"https:\/\/www.lesjardinsdesaintehildegarde.com\/en\/?s={search_term_string}"},"query-input":{"@type":"PropertyValueSpecification","valueRequired":true,"valueName":"search_term_string"}}],"inLanguage":"en-US"},{"@type":"Organization","@id":"https:\/\/www.lesjardinsdesaintehildegarde.com\/en\/#organization","name":"Les Jardins de Sainte-Hildegarde","url":"https:\/\/www.lesjardinsdesaintehildegarde.com\/en\/","logo":{"@type":"ImageObject","inLanguage":"en-US","@id":"https:\/\/www.lesjardinsdesaintehildegarde.com\/en\/#\/schema\/logo\/image\/","url":"https:\/\/www.lesjardinsdesaintehildegarde.com\/wp-content\/uploads\/2022\/11\/logo-2022.png","contentUrl":"https:\/\/www.lesjardinsdesaintehildegarde.com\/wp-content\/uploads\/2022\/11\/logo-2022.png","width":365,"height":90,"caption":"Les Jardins de Sainte-Hildegarde"},"image":{"@id":"https:\/\/www.lesjardinsdesaintehildegarde.com\/en\/#\/schema\/logo\/image\/"}}]}},"_links":{"self":[{"href":"https:\/\/www.lesjardinsdesaintehildegarde.com\/en\/wp-json\/wp\/v2\/product\/1186","targetHints":{"allow":["GET"]}}],"collection":[{"href":"https:\/\/www.lesjardinsdesaintehildegarde.com\/en\/wp-json\/wp\/v2\/product"}],"about":[{"href":"https:\/\/www.lesjardinsdesaintehildegarde.com\/en\/wp-json\/wp\/v2\/types\/product"}],"replies":[{"embeddable":true,"href":"https:\/\/www.lesjardinsdesaintehildegarde.com\/en\/wp-json\/wp\/v2\/comments?post=1186"}],"wp:featuredmedia":[{"embeddable":true,"href":"https:\/\/www.lesjardinsdesaintehildegarde.com\/en\/wp-json\/wp\/v2\/media\/92727"}],"wp:attachment":[{"href":"https:\/\/www.lesjardinsdesaintehildegarde.com\/en\/wp-json\/wp\/v2\/media?parent=1186"}],"wp:term":[{"taxonomy":"product_brand","embeddable":true,"href":"https:\/\/www.lesjardinsdesaintehildegarde.com\/en\/wp-json\/wp\/v2\/product_brand?post=1186"},{"taxonomy":"product_cat","embeddable":true,"href":"https:\/\/www.lesjardinsdesaintehildegarde.com\/en\/wp-json\/wp\/v2\/product_cat?post=1186"},{"taxonomy":"product_tag","embeddable":true,"href":"https:\/\/www.lesjardinsdesaintehildegarde.com\/en\/wp-json\/wp\/v2\/product_tag?post=1186"}],"curies":[{"name":"wp","href":"https:\/\/api.w.org\/{rel}","templated":true}]}}