{"id":1187,"date":"2022-11-04T09:07:48","date_gmt":"2022-11-04T08:07:48","guid":{"rendered":"https:\/\/www.lesjardinsdesaintehildegarde.com\/non%20class\u00e9\/savon-corporel-liquide-250-ml\/"},"modified":"2026-04-08T23:02:11","modified_gmt":"2026-04-08T21:02:11","slug":"savon-corporel-liquide-250-ml","status":"publish","type":"product","link":"https:\/\/www.lesjardinsdesaintehildegarde.com\/en\/cosmetics\/natural-viriditas-cosmetics\/soap-shampoos\/savon-corporel-liquide-250-ml\/","title":{"rendered":"SAVON CORPOREL LIQUIDE 250 ML"},"content":{"rendered":"<p>SAVON CORPOREL LIQUIDE 250ML (60.60\u20ac \/ L)<\/p>\n<p>Hygi\u00e8ne revitalisante &#8211; tous types de peaux<\/p>\n<p>Toute la richesse des vertus du romarin concentr\u00e9e dans un savon tr\u00e8s doux pour l&#8217;hygi\u00e8ne corporelle. Cette formule a la particularit\u00e9 de nettoyer et revitaliser le corps. <\/p>\n<p>Elle contient des acides gras essentiels qui adoucissent et prot\u00e8gent la couche de protection naturelle de la peau. Sa composition apporte des extraits de plantes aux actifs vivifiants et d\u00e9lassants.<\/p>\n<p>Le Savon Corporel Liquide laisse la peau souple et procure une agr\u00e9able sensation de regain d&#8217;\u00e9nergie.<\/p>\n<p>Entrent dans la composition du savon corporel Viriditas des plantes essentielles recommand\u00e9es par sainte Hildegarde pour le bien \u00eatre du corps et de l&#8217;esprit.<\/p>\n<p>Le tilleul poss\u00e8de une grande chaleur, celle-ci se trouve dans ses racines avant de monter dans ses branches et dans ses feuilles. Elle recommande de placer des feuilles de tilleul fra\u00eeches sur le visage et les yeux, il peut aussi \u00eatre utilis\u00e9 en bain pour d&#8217;autres bienfaits. Les extraits de tilleul contenus dans ce savon permettent de b\u00e9n\u00e9ficier de tous ses bienfaits.<\/p>\n<p>On retrouve \u00e9galement le calendula, d\u00e9crit comme \u00e9tant \u00ab plein de verdeur \u00bb, mais aussi la lavande qui, nous dit-elle, poss\u00e8de une chaleur s\u00e8che et une odeur p\u00e9n\u00e9trante. Elle a un ar\u00f4me des plus puissants et l&#8217;utilit\u00e9 des plus amers, elle \u00e9carte en outre les esprits mauvais.<\/p>\n<p>Principaux ingr\u00e9dients actifs :<\/p>\n<p>&#8211; Le Calendula : Fournit des b\u00eata-carot\u00e8nes, des flavono\u00efdes, du lycop\u00e8ne, des mucilages et des actifs antioxydants qui aident \u00e0 d\u00e9congestionner l&#8217;\u00e9piderme et am\u00e9liorent l&#8217;action du tilleul.<\/p>\n<p>&#8211; Le Tournesol : Cette huile prot\u00e8ge la couche de protection naturelle de la peau en lui apportant de l&#8217;acide ol\u00e9ique et linol\u00e9ique. <\/p>\n<p>&#8211; Le Romarin : L&#8217;extrait de cette plante contient une huile essentielle balsamique et de nombreux antioxydants. Traditionnellement, le romarin a \u00e9t\u00e9 utilis\u00e9 pour am\u00e9liorer le tonus musculaire.<\/p>\n<p>&#8211; La Lavande : Apporte une huile essentielle caract\u00e9ristique, des tanins, des flavono\u00efdes et de l&#8217;acide rosmanique, principes actifs qui r\u00e9g\u00e9n\u00e8rent le tissu cutan\u00e9.<\/p>\n<p>&#8211; Le Tilleul : Les fleurs de cet arbre apportent une huile essentielle, des  bioflavono\u00efdes et du farnesol, actifs qui apaisent la peau sensible.<\/p>\n<p>&#8211; La Carotte : Nourrit la peau en b\u00eata-carot\u00e8ne et antioxydants qui favorisent une bonne tonicit\u00e9 de la peau. Ces \u00e9l\u00e9ments am\u00e9liorent les vertus du Calendula.<\/p>\n<p>Compos\u00e9 Phyto-aromatique :<\/p>\n<p>Les huiles essentielles de romarin et de lavande composent le parfum balsamique de ce savon. Ses notes aromatiques transmettent, \u00e0 travers la peau et l&#8217;odorat, de la vigueur et de la force.<\/p>\n<p>Ingr\u00e9dients :<\/p>\n<p>Aqua \u00b7 Sodium laureth sulfate and disodium laureth sulfosuccinate \u00b7 Cocamide DEA \u00b7 Maris sal \u00b7 Rosa centifolia flower extract* and Helianthus annuus seed oil* \u00b7 Borago officinalis extract* \u00b7 Calendula officinalis flower extract* \u00b7 Parfum* \u00b7 Corylus avellana seed oil* \u00b7 Lactic acid \u00b7 Daucus carota sativa root extract \u00b7 Limonene^ \u00b7 Citral^ \u00b7 Linalool^<\/p>\n<p>*issu de l&#8217;agriculture biologique <\/p>\n<p>\u00b0issu de cueillette sauvage<\/p>\n<p>^issu d&#8217;huiles essentielles naturelles<\/p>\n<p>(En Fran\u00e7ais : Eau, Huile de fleur de Romarin, Laureth sulfate de sodium, Disodium laureth sulfosuccinate, Cocamide DEA, Maris sal, Extrait de fleur de Calendula Officinal, Extrait d&#8217;huile de semence de Tournesol, Extrait de feuille de Romarin, Extrait d&#8217;herbe de Lavande Aspic, Tilleul, Parfum (huiles essentielles naturelles), Acide Lactique, Extrait de racine de Carotte, Linalool^).<\/p>\n<p>Mode d&#8217;emploi : Toujours agiter avant emploi pour homog\u00e9n\u00e9iser le produit.<\/p>\n<p>Le massage avec de l&#8217;Huile Corporelle favorise les propri\u00e9t\u00e9s stimulantes et d\u00e9sodorisantes du Savon Corporel Liquide. <\/p>\n<p>Cette utilisation particuli\u00e8re est recommand\u00e9e comme soin compl\u00e9mentaire en cas de peau s\u00e8che.<\/p>\n","protected":false},"excerpt":{"rendered":"<p>SAVON CORPOREL LIQUIDE 250ML (60.60\u20ac \/ L) Hygi\u00e8ne revitalisante &#8211; tous types de peaux Toute la richesse des vertus du romarin concentr\u00e9e dans un savon tr\u00e8s doux pour l&#8217;hygi\u00e8ne corporelle. Cette formule a la particularit\u00e9 de nettoyer et revitaliser le corps. Elle contient des acides gras essentiels qui adoucissent et prot\u00e8gent la couche de protection [&hellip;]<\/p>\n","protected":false},"featured_media":70874,"comment_status":"open","ping_status":"closed","template":"","meta":{"_acf_changed":false,"_relevanssi_hide_post":"","_relevanssi_hide_content":"","_relevanssi_pin_for_all":"","_relevanssi_pin_keywords":"","_relevanssi_unpin_keywords":"","_relevanssi_related_keywords":"","_relevanssi_related_include_ids":"","_relevanssi_related_exclude_ids":"","_relevanssi_related_no_append":"","_relevanssi_related_not_related":"","_relevanssi_related_posts":"","_relevanssi_noindex_reason":""},"product_brand":[],"product_cat":[27,96,97],"product_tag":[],"class_list":{"0":"post-1187","1":"product","2":"type-product","3":"status-publish","4":"has-post-thumbnail","6":"product_cat-cosmetiques","7":"product_cat-cosmetiques-viriditas-naturels","8":"product_cat-savon-shampoings","10":"first","11":"instock","12":"taxable","13":"shipping-taxable","14":"purchasable","15":"product-type-simple"},"acf":[],"yoast_head":"<!-- This site is optimized with the Yoast SEO plugin v27.2 - https:\/\/yoast.com\/product\/yoast-seo-wordpress\/ -->\n<title>SAVON CORPOREL LIQUIDE 250 ML - Les Jardins de Sainte-Hildegarde<\/title>\n<meta name=\"robots\" content=\"index, follow, max-snippet:-1, max-image-preview:large, max-video-preview:-1\" \/>\n<link rel=\"canonical\" href=\"https:\/\/www.lesjardinsdesaintehildegarde.com\/en\/cosmetics\/natural-viriditas-cosmetics\/soap-shampoos\/savon-corporel-liquide-250-ml\/\" \/>\n<meta property=\"og:locale\" content=\"en_US\" \/>\n<meta property=\"og:type\" content=\"article\" \/>\n<meta property=\"og:title\" content=\"SAVON CORPOREL LIQUIDE 250 ML - Les Jardins de Sainte-Hildegarde\" \/>\n<meta property=\"og:description\" content=\"SAVON CORPOREL LIQUIDE 250ML (60.60\u20ac \/ L) Hygi\u00e8ne revitalisante &#8211; tous types de peaux Toute la richesse des vertus du romarin concentr\u00e9e dans un savon tr\u00e8s doux pour l&#8217;hygi\u00e8ne corporelle. Cette formule a la particularit\u00e9 de nettoyer et revitaliser le corps. Elle contient des acides gras essentiels qui adoucissent et prot\u00e8gent la couche de protection [&hellip;]\" \/>\n<meta property=\"og:url\" content=\"https:\/\/www.lesjardinsdesaintehildegarde.com\/en\/cosmetics\/natural-viriditas-cosmetics\/soap-shampoos\/savon-corporel-liquide-250-ml\/\" \/>\n<meta property=\"og:site_name\" content=\"Les Jardins de Sainte-Hildegarde\" \/>\n<meta property=\"article:modified_time\" content=\"2026-04-08T21:02:11+00:00\" \/>\n<meta property=\"og:image\" content=\"https:\/\/www.lesjardinsdesaintehildegarde.com\/wp-content\/uploads\/2023\/08\/734-savon-corporel-liquide-250ml.jpg\" \/>\n\t<meta property=\"og:image:width\" content=\"1200\" \/>\n\t<meta property=\"og:image:height\" content=\"1200\" \/>\n\t<meta property=\"og:image:type\" content=\"image\/jpeg\" \/>\n<meta name=\"twitter:card\" content=\"summary_large_image\" \/>\n<meta name=\"twitter:label1\" content=\"Est. reading time\" \/>\n\t<meta name=\"twitter:data1\" content=\"3 minutes\" \/>\n<script type=\"application\/ld+json\" class=\"yoast-schema-graph\">{\"@context\":\"https:\/\/schema.org\",\"@graph\":[{\"@type\":\"WebPage\",\"@id\":\"https:\/\/www.lesjardinsdesaintehildegarde.com\/en\/cosmetics\/natural-viriditas-cosmetics\/soap-shampoos\/savon-corporel-liquide-250-ml\/\",\"url\":\"https:\/\/www.lesjardinsdesaintehildegarde.com\/en\/cosmetics\/natural-viriditas-cosmetics\/soap-shampoos\/savon-corporel-liquide-250-ml\/\",\"name\":\"SAVON CORPOREL LIQUIDE 250 ML - Les Jardins de Sainte-Hildegarde\",\"isPartOf\":{\"@id\":\"https:\/\/www.lesjardinsdesaintehildegarde.com\/en\/#website\"},\"primaryImageOfPage\":{\"@id\":\"https:\/\/www.lesjardinsdesaintehildegarde.com\/en\/cosmetics\/natural-viriditas-cosmetics\/soap-shampoos\/savon-corporel-liquide-250-ml\/#primaryimage\"},\"image\":{\"@id\":\"https:\/\/www.lesjardinsdesaintehildegarde.com\/en\/cosmetics\/natural-viriditas-cosmetics\/soap-shampoos\/savon-corporel-liquide-250-ml\/#primaryimage\"},\"thumbnailUrl\":\"https:\/\/www.lesjardinsdesaintehildegarde.com\/wp-content\/uploads\/2023\/08\/734-savon-corporel-liquide-250ml.jpg\",\"datePublished\":\"2022-11-04T08:07:48+00:00\",\"dateModified\":\"2026-04-08T21:02:11+00:00\",\"breadcrumb\":{\"@id\":\"https:\/\/www.lesjardinsdesaintehildegarde.com\/en\/cosmetics\/natural-viriditas-cosmetics\/soap-shampoos\/savon-corporel-liquide-250-ml\/#breadcrumb\"},\"inLanguage\":\"en-US\",\"potentialAction\":[{\"@type\":\"ReadAction\",\"target\":[\"https:\/\/www.lesjardinsdesaintehildegarde.com\/en\/cosmetics\/natural-viriditas-cosmetics\/soap-shampoos\/savon-corporel-liquide-250-ml\/\"]}]},{\"@type\":\"ImageObject\",\"inLanguage\":\"en-US\",\"@id\":\"https:\/\/www.lesjardinsdesaintehildegarde.com\/en\/cosmetics\/natural-viriditas-cosmetics\/soap-shampoos\/savon-corporel-liquide-250-ml\/#primaryimage\",\"url\":\"https:\/\/www.lesjardinsdesaintehildegarde.com\/wp-content\/uploads\/2023\/08\/734-savon-corporel-liquide-250ml.jpg\",\"contentUrl\":\"https:\/\/www.lesjardinsdesaintehildegarde.com\/wp-content\/uploads\/2023\/08\/734-savon-corporel-liquide-250ml.jpg\",\"width\":1200,\"height\":1200,\"caption\":\"savon corporel liquide, tr\u00e8s doux et respectueux de l'\u00e9piderme - 250ml\"},{\"@type\":\"BreadcrumbList\",\"@id\":\"https:\/\/www.lesjardinsdesaintehildegarde.com\/en\/cosmetics\/natural-viriditas-cosmetics\/soap-shampoos\/savon-corporel-liquide-250-ml\/#breadcrumb\",\"itemListElement\":[{\"@type\":\"ListItem\",\"position\":1,\"name\":\"Home\",\"item\":\"https:\/\/www.lesjardinsdesaintehildegarde.com\/en\/\"},{\"@type\":\"ListItem\",\"position\":2,\"name\":\"Products\",\"item\":\"https:\/\/www.lesjardinsdesaintehildegarde.com\/en\/shop\/\"},{\"@type\":\"ListItem\",\"position\":3,\"name\":\"SAVON CORPOREL LIQUIDE 250 ML\"}]},{\"@type\":\"WebSite\",\"@id\":\"https:\/\/www.lesjardinsdesaintehildegarde.com\/en\/#website\",\"url\":\"https:\/\/www.lesjardinsdesaintehildegarde.com\/en\/\",\"name\":\"Les Jardins de Sainte-Hildegarde\",\"description\":\"Viriditas\",\"publisher\":{\"@id\":\"https:\/\/www.lesjardinsdesaintehildegarde.com\/en\/#organization\"},\"potentialAction\":[{\"@type\":\"SearchAction\",\"target\":{\"@type\":\"EntryPoint\",\"urlTemplate\":\"https:\/\/www.lesjardinsdesaintehildegarde.com\/en\/?s={search_term_string}\"},\"query-input\":{\"@type\":\"PropertyValueSpecification\",\"valueRequired\":true,\"valueName\":\"search_term_string\"}}],\"inLanguage\":\"en-US\"},{\"@type\":\"Organization\",\"@id\":\"https:\/\/www.lesjardinsdesaintehildegarde.com\/en\/#organization\",\"name\":\"Les Jardins de Sainte-Hildegarde\",\"url\":\"https:\/\/www.lesjardinsdesaintehildegarde.com\/en\/\",\"logo\":{\"@type\":\"ImageObject\",\"inLanguage\":\"en-US\",\"@id\":\"https:\/\/www.lesjardinsdesaintehildegarde.com\/en\/#\/schema\/logo\/image\/\",\"url\":\"https:\/\/www.lesjardinsdesaintehildegarde.com\/wp-content\/uploads\/2022\/11\/logo-2022.png\",\"contentUrl\":\"https:\/\/www.lesjardinsdesaintehildegarde.com\/wp-content\/uploads\/2022\/11\/logo-2022.png\",\"width\":365,\"height\":90,\"caption\":\"Les Jardins de Sainte-Hildegarde\"},\"image\":{\"@id\":\"https:\/\/www.lesjardinsdesaintehildegarde.com\/en\/#\/schema\/logo\/image\/\"}}]}<\/script>\n<!-- \/ Yoast SEO plugin. -->","yoast_head_json":{"title":"SAVON CORPOREL LIQUIDE 250 ML - Les Jardins de Sainte-Hildegarde","robots":{"index":"index","follow":"follow","max-snippet":"max-snippet:-1","max-image-preview":"max-image-preview:large","max-video-preview":"max-video-preview:-1"},"canonical":"https:\/\/www.lesjardinsdesaintehildegarde.com\/en\/cosmetics\/natural-viriditas-cosmetics\/soap-shampoos\/savon-corporel-liquide-250-ml\/","og_locale":"en_US","og_type":"article","og_title":"SAVON CORPOREL LIQUIDE 250 ML - Les Jardins de Sainte-Hildegarde","og_description":"SAVON CORPOREL LIQUIDE 250ML (60.60\u20ac \/ L) Hygi\u00e8ne revitalisante &#8211; tous types de peaux Toute la richesse des vertus du romarin concentr\u00e9e dans un savon tr\u00e8s doux pour l&#8217;hygi\u00e8ne corporelle. Cette formule a la particularit\u00e9 de nettoyer et revitaliser le corps. Elle contient des acides gras essentiels qui adoucissent et prot\u00e8gent la couche de protection [&hellip;]","og_url":"https:\/\/www.lesjardinsdesaintehildegarde.com\/en\/cosmetics\/natural-viriditas-cosmetics\/soap-shampoos\/savon-corporel-liquide-250-ml\/","og_site_name":"Les Jardins de Sainte-Hildegarde","article_modified_time":"2026-04-08T21:02:11+00:00","og_image":[{"width":1200,"height":1200,"url":"https:\/\/www.lesjardinsdesaintehildegarde.com\/wp-content\/uploads\/2023\/08\/734-savon-corporel-liquide-250ml.jpg","type":"image\/jpeg"}],"twitter_card":"summary_large_image","twitter_misc":{"Est. reading time":"3 minutes"},"schema":{"@context":"https:\/\/schema.org","@graph":[{"@type":"WebPage","@id":"https:\/\/www.lesjardinsdesaintehildegarde.com\/en\/cosmetics\/natural-viriditas-cosmetics\/soap-shampoos\/savon-corporel-liquide-250-ml\/","url":"https:\/\/www.lesjardinsdesaintehildegarde.com\/en\/cosmetics\/natural-viriditas-cosmetics\/soap-shampoos\/savon-corporel-liquide-250-ml\/","name":"SAVON CORPOREL LIQUIDE 250 ML - Les Jardins de Sainte-Hildegarde","isPartOf":{"@id":"https:\/\/www.lesjardinsdesaintehildegarde.com\/en\/#website"},"primaryImageOfPage":{"@id":"https:\/\/www.lesjardinsdesaintehildegarde.com\/en\/cosmetics\/natural-viriditas-cosmetics\/soap-shampoos\/savon-corporel-liquide-250-ml\/#primaryimage"},"image":{"@id":"https:\/\/www.lesjardinsdesaintehildegarde.com\/en\/cosmetics\/natural-viriditas-cosmetics\/soap-shampoos\/savon-corporel-liquide-250-ml\/#primaryimage"},"thumbnailUrl":"https:\/\/www.lesjardinsdesaintehildegarde.com\/wp-content\/uploads\/2023\/08\/734-savon-corporel-liquide-250ml.jpg","datePublished":"2022-11-04T08:07:48+00:00","dateModified":"2026-04-08T21:02:11+00:00","breadcrumb":{"@id":"https:\/\/www.lesjardinsdesaintehildegarde.com\/en\/cosmetics\/natural-viriditas-cosmetics\/soap-shampoos\/savon-corporel-liquide-250-ml\/#breadcrumb"},"inLanguage":"en-US","potentialAction":[{"@type":"ReadAction","target":["https:\/\/www.lesjardinsdesaintehildegarde.com\/en\/cosmetics\/natural-viriditas-cosmetics\/soap-shampoos\/savon-corporel-liquide-250-ml\/"]}]},{"@type":"ImageObject","inLanguage":"en-US","@id":"https:\/\/www.lesjardinsdesaintehildegarde.com\/en\/cosmetics\/natural-viriditas-cosmetics\/soap-shampoos\/savon-corporel-liquide-250-ml\/#primaryimage","url":"https:\/\/www.lesjardinsdesaintehildegarde.com\/wp-content\/uploads\/2023\/08\/734-savon-corporel-liquide-250ml.jpg","contentUrl":"https:\/\/www.lesjardinsdesaintehildegarde.com\/wp-content\/uploads\/2023\/08\/734-savon-corporel-liquide-250ml.jpg","width":1200,"height":1200,"caption":"savon corporel liquide, tr\u00e8s doux et respectueux de l'\u00e9piderme - 250ml"},{"@type":"BreadcrumbList","@id":"https:\/\/www.lesjardinsdesaintehildegarde.com\/en\/cosmetics\/natural-viriditas-cosmetics\/soap-shampoos\/savon-corporel-liquide-250-ml\/#breadcrumb","itemListElement":[{"@type":"ListItem","position":1,"name":"Home","item":"https:\/\/www.lesjardinsdesaintehildegarde.com\/en\/"},{"@type":"ListItem","position":2,"name":"Products","item":"https:\/\/www.lesjardinsdesaintehildegarde.com\/en\/shop\/"},{"@type":"ListItem","position":3,"name":"SAVON CORPOREL LIQUIDE 250 ML"}]},{"@type":"WebSite","@id":"https:\/\/www.lesjardinsdesaintehildegarde.com\/en\/#website","url":"https:\/\/www.lesjardinsdesaintehildegarde.com\/en\/","name":"Les Jardins de Sainte-Hildegarde","description":"Viriditas","publisher":{"@id":"https:\/\/www.lesjardinsdesaintehildegarde.com\/en\/#organization"},"potentialAction":[{"@type":"SearchAction","target":{"@type":"EntryPoint","urlTemplate":"https:\/\/www.lesjardinsdesaintehildegarde.com\/en\/?s={search_term_string}"},"query-input":{"@type":"PropertyValueSpecification","valueRequired":true,"valueName":"search_term_string"}}],"inLanguage":"en-US"},{"@type":"Organization","@id":"https:\/\/www.lesjardinsdesaintehildegarde.com\/en\/#organization","name":"Les Jardins de Sainte-Hildegarde","url":"https:\/\/www.lesjardinsdesaintehildegarde.com\/en\/","logo":{"@type":"ImageObject","inLanguage":"en-US","@id":"https:\/\/www.lesjardinsdesaintehildegarde.com\/en\/#\/schema\/logo\/image\/","url":"https:\/\/www.lesjardinsdesaintehildegarde.com\/wp-content\/uploads\/2022\/11\/logo-2022.png","contentUrl":"https:\/\/www.lesjardinsdesaintehildegarde.com\/wp-content\/uploads\/2022\/11\/logo-2022.png","width":365,"height":90,"caption":"Les Jardins de Sainte-Hildegarde"},"image":{"@id":"https:\/\/www.lesjardinsdesaintehildegarde.com\/en\/#\/schema\/logo\/image\/"}}]}},"_links":{"self":[{"href":"https:\/\/www.lesjardinsdesaintehildegarde.com\/en\/wp-json\/wp\/v2\/product\/1187","targetHints":{"allow":["GET"]}}],"collection":[{"href":"https:\/\/www.lesjardinsdesaintehildegarde.com\/en\/wp-json\/wp\/v2\/product"}],"about":[{"href":"https:\/\/www.lesjardinsdesaintehildegarde.com\/en\/wp-json\/wp\/v2\/types\/product"}],"replies":[{"embeddable":true,"href":"https:\/\/www.lesjardinsdesaintehildegarde.com\/en\/wp-json\/wp\/v2\/comments?post=1187"}],"wp:featuredmedia":[{"embeddable":true,"href":"https:\/\/www.lesjardinsdesaintehildegarde.com\/en\/wp-json\/wp\/v2\/media\/70874"}],"wp:attachment":[{"href":"https:\/\/www.lesjardinsdesaintehildegarde.com\/en\/wp-json\/wp\/v2\/media?parent=1187"}],"wp:term":[{"taxonomy":"product_brand","embeddable":true,"href":"https:\/\/www.lesjardinsdesaintehildegarde.com\/en\/wp-json\/wp\/v2\/product_brand?post=1187"},{"taxonomy":"product_cat","embeddable":true,"href":"https:\/\/www.lesjardinsdesaintehildegarde.com\/en\/wp-json\/wp\/v2\/product_cat?post=1187"},{"taxonomy":"product_tag","embeddable":true,"href":"https:\/\/www.lesjardinsdesaintehildegarde.com\/en\/wp-json\/wp\/v2\/product_tag?post=1187"}],"curies":[{"name":"wp","href":"https:\/\/api.w.org\/{rel}","templated":true}]}}