{"id":1190,"date":"2022-11-04T09:07:49","date_gmt":"2022-11-04T08:07:49","guid":{"rendered":"https:\/\/www.lesjardinsdesaintehildegarde.com\/non%20class\u00e9\/shampooing-traitant-rose-cheveux-secs\/"},"modified":"2026-04-30T23:02:18","modified_gmt":"2026-04-30T21:02:18","slug":"shampooing-traitant-rose-cheveux-secs","status":"publish","type":"product","link":"https:\/\/www.lesjardinsdesaintehildegarde.com\/en\/cosmetics\/natural-viriditas-cosmetics\/soap-shampoos\/shampooing-traitant-rose-cheveux-secs\/","title":{"rendered":"SHAMPOING TRAITANT ROSE CHEVEUX SECS"},"content":{"rendered":"<p>SHAMPOING A LA ROSE VIRIDITAS 250ml (58\u20ac \/ L)<\/p>\n<p>Les shampoings Viriditas sont adaptog\u00e8nes, c&#8217;est-\u00e0-dire qu&#8217;ils conviennent \u00e0 tous les types de cheveux. Que vous optiez pour le parfum sauge, rose ou fenouil le r\u00e9sultat sera \u00e0 la hauteur de vos attentes ! <\/p>\n<p>Indications :<\/p>\n<p>&#8211; Hygi\u00e8ne des cheveux<\/p>\n<p>&#8211; Apporte brillance et volume<\/p>\n<p>&#8211; Renforce la fibre capillaire<\/p>\n<p>&#8211; Prot\u00e8ge le cuir chevelu<\/p>\n<p>&#8211; Produit adaptog\u00e8ne pour le lavage et le soin des cheveux gras comme les                                            cheveux  secs<\/p>\n<p>&#8211; En raison de sa faible teneur en savon, l&#8217;utilisation de ce shampooing est recommand\u00e9e pour \u00e9viter les exc\u00e8s de tensioactifs.<\/p>\n<p>Nourrit et embellit et adoucit<\/p>\n<p>Cette lotion lavante a \u00e9t\u00e9 con\u00e7ue avec une haute teneur en actifs de raisin pour vitaliser et d\u00e9tendre les cheveux. Elle contient des extraits de plantes et de l&#8217;huile de jojoba pour prot\u00e9ger les cheveux du dess\u00e8chement de mani\u00e8re efficace.<\/p>\n<p>Son utilisation aide \u00e0 r\u00e9parer les cheveux soumis aux teintures, permanentes et d\u00e9colorations.<\/p>\n<p>Sp\u00e9cialement enrichi en extrait de bleuet, ce shampooing apporte brillance et embellit les cheveux aux tons clairs.<\/p>\n<p>Le Shampoing \u00e0 la rose Viriditas respecte le pH du cuir chevelu.<\/p>\n<p>Sainte Hildegarde nous dit que la rose poss\u00e8de de remarquables qualit\u00e9s, \u00ab elle augmente les propri\u00e9t\u00e9s de tous les produits de beaut\u00e9 et des onguents auxquels elle est ajout\u00e9e \u00bb. <\/p>\n<p>Nous pouvons b\u00e9n\u00e9ficier pleinement de ses nombreuses propri\u00e9t\u00e9s \u00e0 la fois par le biais de la peau mais aussi par l&#8217;odorat gr\u00e2ce \u00e0 son agr\u00e9able parfum qui r\u00e9jouit le c\u0153ur.<\/p>\n<p> \u00ab La sauge est de nature chaude et s\u00e8che. Elle se d\u00e9veloppe gr\u00e2ce \u00e0 chaleur du soleil plut\u00f4t que gr\u00e2ce \u00e0 l&#8217;humidit\u00e9 de la terre, elle est utile contre les humeurs molles car elle est s\u00e8che. Elle apaise les humeurs nocives \u00bb.<\/p>\n<p>Principaux ingr\u00e9dients actifs :<\/p>\n<p>&#8211; Le Raisin : apporte des polyph\u00e9nols, des tanins, des sels min\u00e9raux, des anthocyanes, des oligo-\u00e9l\u00e9ments et des acides amin\u00e9s, ces nutriments et antioxydants renforcent la racine des cheveux.<\/p>\n<p>&#8211; Le Romarin : Cette plante est riche en chlorophylle et essences balsamiques, elle a traditionnellement \u00e9t\u00e9 utilis\u00e9e pour am\u00e9liorer la circulation sanguine.<\/p>\n<p>&#8211; Le Tournesol : Apporte de l&#8217;acide ol\u00e9ique et linol\u00e9ique, des nutriments qui adoucissent et prot\u00e8gent le cuir chevelu.<\/p>\n<p>&#8211; Le Jojoba : contient des c\u00e9ramides qui offrent une protection contre les rayons du soleil.<\/p>\n<p>&#8211; Le Bleuet : ces jolies fleurs sont riches en anthocyanes et oligo-\u00e9l\u00e9ments qui procurent une brillance particuli\u00e8re aux cheveux de tons clairs.<\/p>\n<p>&#8211; Le Persil : Sa composition apporte de la chlorophylle, des sels min\u00e9raux et des flavono\u00efdes, substances qui aident \u00e0 renforcer les cheveux.<\/p>\n<p>&#8211; La Sauge : Apporte une huile essentielle et de l&#8217;acide rosmarinique. Ses principes actifs sont adaptog\u00e8nes et permettent donc \u00e0 la fois de nettoyer et de prot\u00e9ger les cheveux secs comme les cheveux gras.<\/p>\n<p>&#8211; La Saponaire : La saponine de cette plante nettoie et adoucit les cheveux.<\/p>\n<p>&#8211; La Capucine : Ses actifs fournissent des sels min\u00e9raux, de l&#8217;isothiocyanate, du soufre et des vitamines qui renforcent la fibre capillaire.<\/p>\n<p>&#8211; La Rose : contient de l&#8217;huile essentielle, des flavono\u00efdes, de la vitamine C et des oligo- \u00e9l\u00e9ments. Les pr\u00e9cieux anti- oxydants de cette fleur prot\u00e8gent la peau des radicaux libres. Sainte Hildegarde nous dit que son odeur r\u00e9jouit le c\u0153ur et qu&#8217;elle est tr\u00e8s utile dans les onguents et pr\u00e9parations diverses.<\/p>\n<p>Compos\u00e9 Phyto-aromatique :<\/p>\n<p>Le shampoing  \u00e0 la Rose Viriditas d\u00e9gage un doux parfum de fleurs de ylang ylang et les notes envo\u00fbtantes de la rose de damas. Ce bouquet aromatique transmet du bien-\u00eatre au cuir chevelu.<\/p>\n<p>Ingr\u00e9dients :<\/p>\n<p>Vitis vinifera juice \u00b7 Sodium laureth sulfate and disodium laureth sulfosuccinate \u00b7 Decyl glucoside \u00b7 Rosmarinus officinalis leaf extract* and Helianthus annuus seed oil* \u00b7 Parfum* \u00b7 Simmondsia chinensis seed oil* \u00b7 Centaurea cyanus flower extract* \u00b7 Petroselinum crispum extract* \u00b7 Salvia officinalis leaf extract* \u00b7 Saponaria officinalis leaf\/root extract\u00ba \u00b7 Tropaeolum majus extract* \u00b7 Rosa damascena flower oil* \u00b7 Limonene^ \u00b7 Citronellol^ \u00b7 Citral^ \u00b7 Linalool^<\/p>\n<p>*issu de l&#8217;agriculture biologique<\/p>\n<p>\u00b0issu de cueillette sauvage<\/p>\n<p>^issu d&#8217; huiles essentielles naturelles<\/p>\n<p>(En Fran\u00e7ais : Jus de vigne, Laureth sulfate de sodium, Disodium laureth sulfosuccinate, D\u00e9cyl glucoside, Extrait de feuille de Romarin, Extrait d&#8217;huile de semence de Tournesol, Parfum (huiles essentielles naturelles), Huile de semence de Jojoba, Extrait de fleur de Bleuet, Persil, Extrait de feuille de Sauge Officinale, Extrait de feuille et racine de Saponaire Officinale, Extrait de Grande Capucine, huile de fleurs de rose de damas, Limonene^ \u00b7 Citronellol^ \u00b7 Citral^ \u00b7 Linalool^)<\/p>\n<p>Mode d&#8217;emploi : Toujours agiter avant emploi pour homog\u00e9n\u00e9iser le produit.<\/p>\n<p>R\u00e9partir du shampoing sur cheveux secs. Laisser reposer une minute. Mouiller les cheveux et effectuer un massage lent. Rincer partiellement et proc\u00e9der \u00e0 un second lavage si besoin, sinon rincer totalement. Attention, du fait de l&#8217;absence d&#8217;agents \u00e9paississants ce shampoing est liquide il vaut donc mieux l&#8217;appliquer directement sur les cheveux que dans la main puis sur les cheveux.<\/p>\n","protected":false},"excerpt":{"rendered":"<p>SHAMPOING A LA ROSE VIRIDITAS 250ml (58\u20ac \/ L) Les shampoings Viriditas sont adaptog\u00e8nes, c&#8217;est-\u00e0-dire qu&#8217;ils conviennent \u00e0 tous les types de cheveux. Que vous optiez pour le parfum sauge, rose ou fenouil le r\u00e9sultat sera \u00e0 la hauteur de vos attentes ! Indications : &#8211; Hygi\u00e8ne des cheveux &#8211; Apporte brillance et volume &#8211; [&hellip;]<\/p>\n","protected":false},"featured_media":70898,"comment_status":"open","ping_status":"closed","template":"","meta":{"_acf_changed":false,"_relevanssi_hide_post":"","_relevanssi_hide_content":"","_relevanssi_pin_for_all":"","_relevanssi_pin_keywords":"","_relevanssi_unpin_keywords":"","_relevanssi_related_keywords":"","_relevanssi_related_include_ids":"","_relevanssi_related_exclude_ids":"","_relevanssi_related_no_append":"","_relevanssi_related_not_related":"","_relevanssi_related_posts":"","_relevanssi_noindex_reason":""},"product_brand":[],"product_cat":[27,96,97],"product_tag":[],"class_list":{"0":"post-1190","1":"product","2":"type-product","3":"status-publish","4":"has-post-thumbnail","6":"product_cat-cosmetiques","7":"product_cat-cosmetiques-viriditas-naturels","8":"product_cat-savon-shampoings","10":"first","11":"instock","12":"taxable","13":"shipping-taxable","14":"purchasable","15":"product-type-simple"},"acf":[],"yoast_head":"<!-- This site is optimized with the Yoast SEO plugin v27.4 - https:\/\/yoast.com\/product\/yoast-seo-wordpress\/ -->\n<title>SHAMPOING TRAITANT ROSE CHEVEUX SECS - Les Jardins de Sainte-Hildegarde<\/title>\n<meta name=\"robots\" content=\"index, follow, max-snippet:-1, max-image-preview:large, max-video-preview:-1\" \/>\n<link rel=\"canonical\" href=\"https:\/\/www.lesjardinsdesaintehildegarde.com\/en\/cosmetics\/natural-viriditas-cosmetics\/soap-shampoos\/shampooing-traitant-rose-cheveux-secs\/\" \/>\n<meta property=\"og:locale\" content=\"en_US\" \/>\n<meta property=\"og:type\" content=\"article\" \/>\n<meta property=\"og:title\" content=\"SHAMPOING TRAITANT ROSE CHEVEUX SECS - Les Jardins de Sainte-Hildegarde\" \/>\n<meta property=\"og:description\" content=\"SHAMPOING A LA ROSE VIRIDITAS 250ml (58\u20ac \/ L) Les shampoings Viriditas sont adaptog\u00e8nes, c&#8217;est-\u00e0-dire qu&#8217;ils conviennent \u00e0 tous les types de cheveux. Que vous optiez pour le parfum sauge, rose ou fenouil le r\u00e9sultat sera \u00e0 la hauteur de vos attentes ! Indications : &#8211; Hygi\u00e8ne des cheveux &#8211; Apporte brillance et volume &#8211; [&hellip;]\" \/>\n<meta property=\"og:url\" content=\"https:\/\/www.lesjardinsdesaintehildegarde.com\/en\/cosmetics\/natural-viriditas-cosmetics\/soap-shampoos\/shampooing-traitant-rose-cheveux-secs\/\" \/>\n<meta property=\"og:site_name\" content=\"Les Jardins de Sainte-Hildegarde\" \/>\n<meta property=\"article:modified_time\" content=\"2026-04-30T21:02:18+00:00\" \/>\n<meta property=\"og:image\" content=\"https:\/\/www.lesjardinsdesaintehildegarde.com\/wp-content\/uploads\/2023\/08\/741-shampoing-rose-250ml.jpg\" \/>\n\t<meta property=\"og:image:width\" content=\"1200\" \/>\n\t<meta property=\"og:image:height\" content=\"1200\" \/>\n\t<meta property=\"og:image:type\" content=\"image\/jpeg\" \/>\n<meta name=\"twitter:card\" content=\"summary_large_image\" \/>\n<meta name=\"twitter:label1\" content=\"Est. reading time\" \/>\n\t<meta name=\"twitter:data1\" content=\"4 minutes\" \/>\n<script type=\"application\/ld+json\" class=\"yoast-schema-graph\">{\"@context\":\"https:\\\/\\\/schema.org\",\"@graph\":[{\"@type\":\"WebPage\",\"@id\":\"https:\\\/\\\/www.lesjardinsdesaintehildegarde.com\\\/en\\\/cosmetics\\\/natural-viriditas-cosmetics\\\/soap-shampoos\\\/shampooing-traitant-rose-cheveux-secs\\\/\",\"url\":\"https:\\\/\\\/www.lesjardinsdesaintehildegarde.com\\\/en\\\/cosmetics\\\/natural-viriditas-cosmetics\\\/soap-shampoos\\\/shampooing-traitant-rose-cheveux-secs\\\/\",\"name\":\"SHAMPOING TRAITANT ROSE CHEVEUX SECS - Les Jardins de Sainte-Hildegarde\",\"isPartOf\":{\"@id\":\"https:\\\/\\\/www.lesjardinsdesaintehildegarde.com\\\/en\\\/#website\"},\"primaryImageOfPage\":{\"@id\":\"https:\\\/\\\/www.lesjardinsdesaintehildegarde.com\\\/en\\\/cosmetics\\\/natural-viriditas-cosmetics\\\/soap-shampoos\\\/shampooing-traitant-rose-cheveux-secs\\\/#primaryimage\"},\"image\":{\"@id\":\"https:\\\/\\\/www.lesjardinsdesaintehildegarde.com\\\/en\\\/cosmetics\\\/natural-viriditas-cosmetics\\\/soap-shampoos\\\/shampooing-traitant-rose-cheveux-secs\\\/#primaryimage\"},\"thumbnailUrl\":\"https:\\\/\\\/www.lesjardinsdesaintehildegarde.com\\\/wp-content\\\/uploads\\\/2023\\\/08\\\/741-shampoing-rose-250ml.jpg\",\"datePublished\":\"2022-11-04T08:07:49+00:00\",\"dateModified\":\"2026-04-30T21:02:18+00:00\",\"breadcrumb\":{\"@id\":\"https:\\\/\\\/www.lesjardinsdesaintehildegarde.com\\\/en\\\/cosmetics\\\/natural-viriditas-cosmetics\\\/soap-shampoos\\\/shampooing-traitant-rose-cheveux-secs\\\/#breadcrumb\"},\"inLanguage\":\"en-US\",\"potentialAction\":[{\"@type\":\"ReadAction\",\"target\":[\"https:\\\/\\\/www.lesjardinsdesaintehildegarde.com\\\/en\\\/cosmetics\\\/natural-viriditas-cosmetics\\\/soap-shampoos\\\/shampooing-traitant-rose-cheveux-secs\\\/\"]}]},{\"@type\":\"ImageObject\",\"inLanguage\":\"en-US\",\"@id\":\"https:\\\/\\\/www.lesjardinsdesaintehildegarde.com\\\/en\\\/cosmetics\\\/natural-viriditas-cosmetics\\\/soap-shampoos\\\/shampooing-traitant-rose-cheveux-secs\\\/#primaryimage\",\"url\":\"https:\\\/\\\/www.lesjardinsdesaintehildegarde.com\\\/wp-content\\\/uploads\\\/2023\\\/08\\\/741-shampoing-rose-250ml.jpg\",\"contentUrl\":\"https:\\\/\\\/www.lesjardinsdesaintehildegarde.com\\\/wp-content\\\/uploads\\\/2023\\\/08\\\/741-shampoing-rose-250ml.jpg\",\"width\":1200,\"height\":1200,\"caption\":\"shampoing biotraitant \u00e0 la rose, pour cheveux secs - 250ml\"},{\"@type\":\"BreadcrumbList\",\"@id\":\"https:\\\/\\\/www.lesjardinsdesaintehildegarde.com\\\/en\\\/cosmetics\\\/natural-viriditas-cosmetics\\\/soap-shampoos\\\/shampooing-traitant-rose-cheveux-secs\\\/#breadcrumb\",\"itemListElement\":[{\"@type\":\"ListItem\",\"position\":1,\"name\":\"Home\",\"item\":\"https:\\\/\\\/www.lesjardinsdesaintehildegarde.com\\\/en\\\/\"},{\"@type\":\"ListItem\",\"position\":2,\"name\":\"Products\",\"item\":\"https:\\\/\\\/www.lesjardinsdesaintehildegarde.com\\\/en\\\/shop\\\/\"},{\"@type\":\"ListItem\",\"position\":3,\"name\":\"SHAMPOING TRAITANT ROSE CHEVEUX SECS\"}]},{\"@type\":\"WebSite\",\"@id\":\"https:\\\/\\\/www.lesjardinsdesaintehildegarde.com\\\/en\\\/#website\",\"url\":\"https:\\\/\\\/www.lesjardinsdesaintehildegarde.com\\\/en\\\/\",\"name\":\"Les Jardins de Sainte-Hildegarde\",\"description\":\"Viriditas\",\"publisher\":{\"@id\":\"https:\\\/\\\/www.lesjardinsdesaintehildegarde.com\\\/en\\\/#organization\"},\"potentialAction\":[{\"@type\":\"SearchAction\",\"target\":{\"@type\":\"EntryPoint\",\"urlTemplate\":\"https:\\\/\\\/www.lesjardinsdesaintehildegarde.com\\\/en\\\/?s={search_term_string}\"},\"query-input\":{\"@type\":\"PropertyValueSpecification\",\"valueRequired\":true,\"valueName\":\"search_term_string\"}}],\"inLanguage\":\"en-US\"},{\"@type\":\"Organization\",\"@id\":\"https:\\\/\\\/www.lesjardinsdesaintehildegarde.com\\\/en\\\/#organization\",\"name\":\"Les Jardins de Sainte-Hildegarde\",\"url\":\"https:\\\/\\\/www.lesjardinsdesaintehildegarde.com\\\/en\\\/\",\"logo\":{\"@type\":\"ImageObject\",\"inLanguage\":\"en-US\",\"@id\":\"https:\\\/\\\/www.lesjardinsdesaintehildegarde.com\\\/en\\\/#\\\/schema\\\/logo\\\/image\\\/\",\"url\":\"https:\\\/\\\/www.lesjardinsdesaintehildegarde.com\\\/wp-content\\\/uploads\\\/2022\\\/11\\\/logo-2022.png\",\"contentUrl\":\"https:\\\/\\\/www.lesjardinsdesaintehildegarde.com\\\/wp-content\\\/uploads\\\/2022\\\/11\\\/logo-2022.png\",\"width\":365,\"height\":90,\"caption\":\"Les Jardins de Sainte-Hildegarde\"},\"image\":{\"@id\":\"https:\\\/\\\/www.lesjardinsdesaintehildegarde.com\\\/en\\\/#\\\/schema\\\/logo\\\/image\\\/\"}}]}<\/script>\n<!-- \/ Yoast SEO plugin. -->","yoast_head_json":{"title":"SHAMPOING TRAITANT ROSE CHEVEUX SECS - Les Jardins de Sainte-Hildegarde","robots":{"index":"index","follow":"follow","max-snippet":"max-snippet:-1","max-image-preview":"max-image-preview:large","max-video-preview":"max-video-preview:-1"},"canonical":"https:\/\/www.lesjardinsdesaintehildegarde.com\/en\/cosmetics\/natural-viriditas-cosmetics\/soap-shampoos\/shampooing-traitant-rose-cheveux-secs\/","og_locale":"en_US","og_type":"article","og_title":"SHAMPOING TRAITANT ROSE CHEVEUX SECS - Les Jardins de Sainte-Hildegarde","og_description":"SHAMPOING A LA ROSE VIRIDITAS 250ml (58\u20ac \/ L) Les shampoings Viriditas sont adaptog\u00e8nes, c&#8217;est-\u00e0-dire qu&#8217;ils conviennent \u00e0 tous les types de cheveux. Que vous optiez pour le parfum sauge, rose ou fenouil le r\u00e9sultat sera \u00e0 la hauteur de vos attentes ! Indications : &#8211; Hygi\u00e8ne des cheveux &#8211; Apporte brillance et volume &#8211; [&hellip;]","og_url":"https:\/\/www.lesjardinsdesaintehildegarde.com\/en\/cosmetics\/natural-viriditas-cosmetics\/soap-shampoos\/shampooing-traitant-rose-cheveux-secs\/","og_site_name":"Les Jardins de Sainte-Hildegarde","article_modified_time":"2026-04-30T21:02:18+00:00","og_image":[{"width":1200,"height":1200,"url":"https:\/\/www.lesjardinsdesaintehildegarde.com\/wp-content\/uploads\/2023\/08\/741-shampoing-rose-250ml.jpg","type":"image\/jpeg"}],"twitter_card":"summary_large_image","twitter_misc":{"Est. reading time":"4 minutes"},"schema":{"@context":"https:\/\/schema.org","@graph":[{"@type":"WebPage","@id":"https:\/\/www.lesjardinsdesaintehildegarde.com\/en\/cosmetics\/natural-viriditas-cosmetics\/soap-shampoos\/shampooing-traitant-rose-cheveux-secs\/","url":"https:\/\/www.lesjardinsdesaintehildegarde.com\/en\/cosmetics\/natural-viriditas-cosmetics\/soap-shampoos\/shampooing-traitant-rose-cheveux-secs\/","name":"SHAMPOING TRAITANT ROSE CHEVEUX SECS - Les Jardins de Sainte-Hildegarde","isPartOf":{"@id":"https:\/\/www.lesjardinsdesaintehildegarde.com\/en\/#website"},"primaryImageOfPage":{"@id":"https:\/\/www.lesjardinsdesaintehildegarde.com\/en\/cosmetics\/natural-viriditas-cosmetics\/soap-shampoos\/shampooing-traitant-rose-cheveux-secs\/#primaryimage"},"image":{"@id":"https:\/\/www.lesjardinsdesaintehildegarde.com\/en\/cosmetics\/natural-viriditas-cosmetics\/soap-shampoos\/shampooing-traitant-rose-cheveux-secs\/#primaryimage"},"thumbnailUrl":"https:\/\/www.lesjardinsdesaintehildegarde.com\/wp-content\/uploads\/2023\/08\/741-shampoing-rose-250ml.jpg","datePublished":"2022-11-04T08:07:49+00:00","dateModified":"2026-04-30T21:02:18+00:00","breadcrumb":{"@id":"https:\/\/www.lesjardinsdesaintehildegarde.com\/en\/cosmetics\/natural-viriditas-cosmetics\/soap-shampoos\/shampooing-traitant-rose-cheveux-secs\/#breadcrumb"},"inLanguage":"en-US","potentialAction":[{"@type":"ReadAction","target":["https:\/\/www.lesjardinsdesaintehildegarde.com\/en\/cosmetics\/natural-viriditas-cosmetics\/soap-shampoos\/shampooing-traitant-rose-cheveux-secs\/"]}]},{"@type":"ImageObject","inLanguage":"en-US","@id":"https:\/\/www.lesjardinsdesaintehildegarde.com\/en\/cosmetics\/natural-viriditas-cosmetics\/soap-shampoos\/shampooing-traitant-rose-cheveux-secs\/#primaryimage","url":"https:\/\/www.lesjardinsdesaintehildegarde.com\/wp-content\/uploads\/2023\/08\/741-shampoing-rose-250ml.jpg","contentUrl":"https:\/\/www.lesjardinsdesaintehildegarde.com\/wp-content\/uploads\/2023\/08\/741-shampoing-rose-250ml.jpg","width":1200,"height":1200,"caption":"shampoing biotraitant \u00e0 la rose, pour cheveux secs - 250ml"},{"@type":"BreadcrumbList","@id":"https:\/\/www.lesjardinsdesaintehildegarde.com\/en\/cosmetics\/natural-viriditas-cosmetics\/soap-shampoos\/shampooing-traitant-rose-cheveux-secs\/#breadcrumb","itemListElement":[{"@type":"ListItem","position":1,"name":"Home","item":"https:\/\/www.lesjardinsdesaintehildegarde.com\/en\/"},{"@type":"ListItem","position":2,"name":"Products","item":"https:\/\/www.lesjardinsdesaintehildegarde.com\/en\/shop\/"},{"@type":"ListItem","position":3,"name":"SHAMPOING TRAITANT ROSE CHEVEUX SECS"}]},{"@type":"WebSite","@id":"https:\/\/www.lesjardinsdesaintehildegarde.com\/en\/#website","url":"https:\/\/www.lesjardinsdesaintehildegarde.com\/en\/","name":"Les Jardins de Sainte-Hildegarde","description":"Viriditas","publisher":{"@id":"https:\/\/www.lesjardinsdesaintehildegarde.com\/en\/#organization"},"potentialAction":[{"@type":"SearchAction","target":{"@type":"EntryPoint","urlTemplate":"https:\/\/www.lesjardinsdesaintehildegarde.com\/en\/?s={search_term_string}"},"query-input":{"@type":"PropertyValueSpecification","valueRequired":true,"valueName":"search_term_string"}}],"inLanguage":"en-US"},{"@type":"Organization","@id":"https:\/\/www.lesjardinsdesaintehildegarde.com\/en\/#organization","name":"Les Jardins de Sainte-Hildegarde","url":"https:\/\/www.lesjardinsdesaintehildegarde.com\/en\/","logo":{"@type":"ImageObject","inLanguage":"en-US","@id":"https:\/\/www.lesjardinsdesaintehildegarde.com\/en\/#\/schema\/logo\/image\/","url":"https:\/\/www.lesjardinsdesaintehildegarde.com\/wp-content\/uploads\/2022\/11\/logo-2022.png","contentUrl":"https:\/\/www.lesjardinsdesaintehildegarde.com\/wp-content\/uploads\/2022\/11\/logo-2022.png","width":365,"height":90,"caption":"Les Jardins de Sainte-Hildegarde"},"image":{"@id":"https:\/\/www.lesjardinsdesaintehildegarde.com\/en\/#\/schema\/logo\/image\/"}}]}},"_links":{"self":[{"href":"https:\/\/www.lesjardinsdesaintehildegarde.com\/en\/wp-json\/wp\/v2\/product\/1190","targetHints":{"allow":["GET"]}}],"collection":[{"href":"https:\/\/www.lesjardinsdesaintehildegarde.com\/en\/wp-json\/wp\/v2\/product"}],"about":[{"href":"https:\/\/www.lesjardinsdesaintehildegarde.com\/en\/wp-json\/wp\/v2\/types\/product"}],"replies":[{"embeddable":true,"href":"https:\/\/www.lesjardinsdesaintehildegarde.com\/en\/wp-json\/wp\/v2\/comments?post=1190"}],"wp:featuredmedia":[{"embeddable":true,"href":"https:\/\/www.lesjardinsdesaintehildegarde.com\/en\/wp-json\/wp\/v2\/media\/70898"}],"wp:attachment":[{"href":"https:\/\/www.lesjardinsdesaintehildegarde.com\/en\/wp-json\/wp\/v2\/media?parent=1190"}],"wp:term":[{"taxonomy":"product_brand","embeddable":true,"href":"https:\/\/www.lesjardinsdesaintehildegarde.com\/en\/wp-json\/wp\/v2\/product_brand?post=1190"},{"taxonomy":"product_cat","embeddable":true,"href":"https:\/\/www.lesjardinsdesaintehildegarde.com\/en\/wp-json\/wp\/v2\/product_cat?post=1190"},{"taxonomy":"product_tag","embeddable":true,"href":"https:\/\/www.lesjardinsdesaintehildegarde.com\/en\/wp-json\/wp\/v2\/product_tag?post=1190"}],"curies":[{"name":"wp","href":"https:\/\/api.w.org\/{rel}","templated":true}]}}