{"id":1217,"date":"2022-11-04T09:07:53","date_gmt":"2022-11-04T08:07:53","guid":{"rendered":"https:\/\/www.lesjardinsdesaintehildegarde.com\/non%20class\u00e9\/he-lavande-aspic-latifolia-bio-15ml\/"},"modified":"2026-04-10T23:03:11","modified_gmt":"2026-04-10T21:03:11","slug":"he-lavande-aspic-latifolia-bio-15ml","status":"publish","type":"product","link":"https:\/\/www.lesjardinsdesaintehildegarde.com\/en\/cosmetics\/essential-oils\/he-lavande-aspic-latifolia-bio-15ml\/","title":{"rendered":"HE LAVANDE ASPIC (LATIFOLIA) BIO 15ML*"},"content":{"rendered":"<p>HUILE ESSENTIELLE LAVANDE  BIO 15ml * <\/p>\n<p>Lavandula Latifolia Medicus (Synonyme Lavendula spica var.latifolia)<\/p>\n<p>Parties utilis\u00e9e &amp; Origine : som. fleurie &#8211; Espagne<\/p>\n<p>Substance Naturelle Complexe (100% pure et naturelle)<\/p>\n<p>* Produit issu de l&#8217;agriculture biologique certifi\u00e9 FR-BIO-10<\/p>\n<p>\u00c9labor\u00e9es lors de la Photosynth\u00e8se, les essences donnent aux plantes aromatiques la Puissance et l&#8217;\u00c9nergie du Soleil. Entra\u00een\u00e9es par la vapeur d&#8217;eau, dans l&#8217;alambic, elles se lib\u00e8rent de la plante tout en gardant leur force et deviennent Huiles Essentielles !<\/p>\n<p>Nos garanties reposent sur des esp\u00e8ces botaniques pr\u00e9cises. Pure, naturelle, obtenue par distillation \u00e0 la vapeur d&#8217;eau, et sans aucune adjonction, chaque huile essentielle est ch\u00e9motyp\u00e9e, notion significative en aromath\u00e9rapie traditionnelle.<\/p>\n<p>Utilisation :<\/p>\n<p>Pure ou dilu\u00e9e dans de l&#8217;alcool pour diffusion dans l&#8217;air; dilu\u00e9e dans de l&#8217;huile v\u00e9g\u00e9tale pour des massages. Par voie interne, \u00e0 utiliser avec pr\u00e9caution (voir notice).<\/p>\n<p>Principaux constituants et allerg\u00e8nes :<\/p>\n<p>Linalol (25 \u00e0 50%), Cin\u00e9lol 1-8 (Eucalyptol) (20 \u00e0 35%), Camphre ( 8 \u00e0 20%),<\/p>\n<p>Allerg\u00e8nes: Linalol, Limon\u00e8ne, Citronellol, G\u00e9raniol, Coumarine, Eugenol<\/p>\n<p>Ne doit pas \u00eatre utilis\u00e9e chez les enfants de moins de 6 ans. <\/p>\n<p>Tenir hors de port\u00e9e des enfants, ne jamais enlever le codigoutte fourni. \u00c9viter le contact avec des zones sensibles telles que les yeux. En cas d&#8217;accident, laver avec une  huile v\u00e9g\u00e9tale et jamais avec de l&#8217;eau. Consulter la notice pour plus d&#8217;informations. Aucune contre-indication connue.<\/p>\n<p>Mode d&#8217;obtention :<\/p>\n<p>Huile essentielle obtenue par distillation \u00e0 la vapeur d&#8217;eau des sommit\u00e9s fleuries de Lavandula latifolia Medikus Biologique.<\/p>\n<p>Caract\u00e9ristiques organoleptiques :<\/p>\n<p>Odeur : Florale, fra\u00eeche et camphr\u00e9e<\/p>\n<p>Apparence : Liquide mobile<\/p>\n<p>Couleur : Incolore \u00e0 jaune p\u00e2le<\/p>\n<p>Caract\u00e9ristique physico-chimiques :<\/p>\n<p>Densit\u00e9 \u00e0 20\u00b0 C : 0.894 \u00e0 0.917<\/p>\n<p>Marque Les Jardins de sainte Hildegarde- Photo non contractuelle<\/p>\n","protected":false},"excerpt":{"rendered":"<p>HUILE ESSENTIELLE LAVANDE BIO 15ml * Lavandula Latifolia Medicus (Synonyme Lavendula spica var.latifolia) Parties utilis\u00e9e &amp; Origine : som. fleurie &#8211; Espagne Substance Naturelle Complexe (100% pure et naturelle) * Produit issu de l&#8217;agriculture biologique certifi\u00e9 FR-BIO-10 \u00c9labor\u00e9es lors de la Photosynth\u00e8se, les essences donnent aux plantes aromatiques la Puissance et l&#8217;\u00c9nergie du Soleil. Entra\u00een\u00e9es [&hellip;]<\/p>\n","protected":false},"featured_media":72005,"comment_status":"open","ping_status":"closed","template":"","meta":{"_acf_changed":false,"_relevanssi_hide_post":"","_relevanssi_hide_content":"","_relevanssi_pin_for_all":"","_relevanssi_pin_keywords":"","_relevanssi_unpin_keywords":"","_relevanssi_related_keywords":"","_relevanssi_related_include_ids":"","_relevanssi_related_exclude_ids":"","_relevanssi_related_no_append":"","_relevanssi_related_not_related":"","_relevanssi_related_posts":"","_relevanssi_noindex_reason":""},"product_brand":[],"product_cat":[27,95],"product_tag":[49],"class_list":{"0":"post-1217","1":"product","2":"type-product","3":"status-publish","4":"has-post-thumbnail","6":"product_cat-cosmetiques","7":"product_cat-huiles-essentielles","8":"product_tag-produit-bio","10":"first","11":"instock","12":"taxable","13":"shipping-taxable","14":"purchasable","15":"product-type-simple"},"acf":[],"yoast_head":"<!-- This site is optimized with the Yoast SEO plugin v27.2 - https:\/\/yoast.com\/product\/yoast-seo-wordpress\/ -->\n<title>HE LAVANDE ASPIC (LATIFOLIA) BIO 15ML* - Les Jardins de Sainte-Hildegarde<\/title>\n<meta name=\"robots\" content=\"index, follow, max-snippet:-1, max-image-preview:large, max-video-preview:-1\" \/>\n<link rel=\"canonical\" href=\"https:\/\/www.lesjardinsdesaintehildegarde.com\/en\/cosmetics\/essential-oils\/he-lavande-aspic-latifolia-bio-15ml\/\" \/>\n<meta property=\"og:locale\" content=\"en_US\" \/>\n<meta property=\"og:type\" content=\"article\" \/>\n<meta property=\"og:title\" content=\"HE LAVANDE ASPIC (LATIFOLIA) BIO 15ML* - Les Jardins de Sainte-Hildegarde\" \/>\n<meta property=\"og:description\" content=\"HUILE ESSENTIELLE LAVANDE BIO 15ml * Lavandula Latifolia Medicus (Synonyme Lavendula spica var.latifolia) Parties utilis\u00e9e &amp; Origine : som. fleurie &#8211; Espagne Substance Naturelle Complexe (100% pure et naturelle) * Produit issu de l&#8217;agriculture biologique certifi\u00e9 FR-BIO-10 \u00c9labor\u00e9es lors de la Photosynth\u00e8se, les essences donnent aux plantes aromatiques la Puissance et l&#8217;\u00c9nergie du Soleil. Entra\u00een\u00e9es [&hellip;]\" \/>\n<meta property=\"og:url\" content=\"https:\/\/www.lesjardinsdesaintehildegarde.com\/en\/cosmetics\/essential-oils\/he-lavande-aspic-latifolia-bio-15ml\/\" \/>\n<meta property=\"og:site_name\" content=\"Les Jardins de Sainte-Hildegarde\" \/>\n<meta property=\"article:modified_time\" content=\"2026-04-10T21:03:11+00:00\" \/>\n<meta property=\"og:image\" content=\"https:\/\/www.lesjardinsdesaintehildegarde.com\/wp-content\/uploads\/2022\/11\/80011-huile-essentielle-lavande-aspic.jpg\" \/>\n\t<meta property=\"og:image:width\" content=\"1200\" \/>\n\t<meta property=\"og:image:height\" content=\"1200\" \/>\n\t<meta property=\"og:image:type\" content=\"image\/jpeg\" \/>\n<meta name=\"twitter:card\" content=\"summary_large_image\" \/>\n<meta name=\"twitter:label1\" content=\"Est. reading time\" \/>\n\t<meta name=\"twitter:data1\" content=\"2 minutes\" \/>\n<script type=\"application\/ld+json\" class=\"yoast-schema-graph\">{\"@context\":\"https:\/\/schema.org\",\"@graph\":[{\"@type\":\"WebPage\",\"@id\":\"https:\/\/www.lesjardinsdesaintehildegarde.com\/en\/cosmetics\/essential-oils\/he-lavande-aspic-latifolia-bio-15ml\/\",\"url\":\"https:\/\/www.lesjardinsdesaintehildegarde.com\/en\/cosmetics\/essential-oils\/he-lavande-aspic-latifolia-bio-15ml\/\",\"name\":\"HE LAVANDE ASPIC (LATIFOLIA) BIO 15ML* - Les Jardins de Sainte-Hildegarde\",\"isPartOf\":{\"@id\":\"https:\/\/www.lesjardinsdesaintehildegarde.com\/en\/#website\"},\"primaryImageOfPage\":{\"@id\":\"https:\/\/www.lesjardinsdesaintehildegarde.com\/en\/cosmetics\/essential-oils\/he-lavande-aspic-latifolia-bio-15ml\/#primaryimage\"},\"image\":{\"@id\":\"https:\/\/www.lesjardinsdesaintehildegarde.com\/en\/cosmetics\/essential-oils\/he-lavande-aspic-latifolia-bio-15ml\/#primaryimage\"},\"thumbnailUrl\":\"https:\/\/www.lesjardinsdesaintehildegarde.com\/wp-content\/uploads\/2022\/11\/80011-huile-essentielle-lavande-aspic.jpg\",\"datePublished\":\"2022-11-04T08:07:53+00:00\",\"dateModified\":\"2026-04-10T21:03:11+00:00\",\"breadcrumb\":{\"@id\":\"https:\/\/www.lesjardinsdesaintehildegarde.com\/en\/cosmetics\/essential-oils\/he-lavande-aspic-latifolia-bio-15ml\/#breadcrumb\"},\"inLanguage\":\"en-US\",\"potentialAction\":[{\"@type\":\"ReadAction\",\"target\":[\"https:\/\/www.lesjardinsdesaintehildegarde.com\/en\/cosmetics\/essential-oils\/he-lavande-aspic-latifolia-bio-15ml\/\"]}]},{\"@type\":\"ImageObject\",\"inLanguage\":\"en-US\",\"@id\":\"https:\/\/www.lesjardinsdesaintehildegarde.com\/en\/cosmetics\/essential-oils\/he-lavande-aspic-latifolia-bio-15ml\/#primaryimage\",\"url\":\"https:\/\/www.lesjardinsdesaintehildegarde.com\/wp-content\/uploads\/2022\/11\/80011-huile-essentielle-lavande-aspic.jpg\",\"contentUrl\":\"https:\/\/www.lesjardinsdesaintehildegarde.com\/wp-content\/uploads\/2022\/11\/80011-huile-essentielle-lavande-aspic.jpg\",\"width\":1200,\"height\":1200,\"caption\":\"Huile essentielle bio de lavande aspic (lavendula latifolia) - 15ml\"},{\"@type\":\"BreadcrumbList\",\"@id\":\"https:\/\/www.lesjardinsdesaintehildegarde.com\/en\/cosmetics\/essential-oils\/he-lavande-aspic-latifolia-bio-15ml\/#breadcrumb\",\"itemListElement\":[{\"@type\":\"ListItem\",\"position\":1,\"name\":\"Home\",\"item\":\"https:\/\/www.lesjardinsdesaintehildegarde.com\/en\/\"},{\"@type\":\"ListItem\",\"position\":2,\"name\":\"Products\",\"item\":\"https:\/\/www.lesjardinsdesaintehildegarde.com\/en\/shop\/\"},{\"@type\":\"ListItem\",\"position\":3,\"name\":\"HE LAVANDE ASPIC (LATIFOLIA) BIO 15ML*\"}]},{\"@type\":\"WebSite\",\"@id\":\"https:\/\/www.lesjardinsdesaintehildegarde.com\/en\/#website\",\"url\":\"https:\/\/www.lesjardinsdesaintehildegarde.com\/en\/\",\"name\":\"Les Jardins de Sainte-Hildegarde\",\"description\":\"Viriditas\",\"publisher\":{\"@id\":\"https:\/\/www.lesjardinsdesaintehildegarde.com\/en\/#organization\"},\"potentialAction\":[{\"@type\":\"SearchAction\",\"target\":{\"@type\":\"EntryPoint\",\"urlTemplate\":\"https:\/\/www.lesjardinsdesaintehildegarde.com\/en\/?s={search_term_string}\"},\"query-input\":{\"@type\":\"PropertyValueSpecification\",\"valueRequired\":true,\"valueName\":\"search_term_string\"}}],\"inLanguage\":\"en-US\"},{\"@type\":\"Organization\",\"@id\":\"https:\/\/www.lesjardinsdesaintehildegarde.com\/en\/#organization\",\"name\":\"Les Jardins de Sainte-Hildegarde\",\"url\":\"https:\/\/www.lesjardinsdesaintehildegarde.com\/en\/\",\"logo\":{\"@type\":\"ImageObject\",\"inLanguage\":\"en-US\",\"@id\":\"https:\/\/www.lesjardinsdesaintehildegarde.com\/en\/#\/schema\/logo\/image\/\",\"url\":\"https:\/\/www.lesjardinsdesaintehildegarde.com\/wp-content\/uploads\/2022\/11\/logo-2022.png\",\"contentUrl\":\"https:\/\/www.lesjardinsdesaintehildegarde.com\/wp-content\/uploads\/2022\/11\/logo-2022.png\",\"width\":365,\"height\":90,\"caption\":\"Les Jardins de Sainte-Hildegarde\"},\"image\":{\"@id\":\"https:\/\/www.lesjardinsdesaintehildegarde.com\/en\/#\/schema\/logo\/image\/\"}}]}<\/script>\n<!-- \/ Yoast SEO plugin. -->","yoast_head_json":{"title":"HE LAVANDE ASPIC (LATIFOLIA) BIO 15ML* - Les Jardins de Sainte-Hildegarde","robots":{"index":"index","follow":"follow","max-snippet":"max-snippet:-1","max-image-preview":"max-image-preview:large","max-video-preview":"max-video-preview:-1"},"canonical":"https:\/\/www.lesjardinsdesaintehildegarde.com\/en\/cosmetics\/essential-oils\/he-lavande-aspic-latifolia-bio-15ml\/","og_locale":"en_US","og_type":"article","og_title":"HE LAVANDE ASPIC (LATIFOLIA) BIO 15ML* - Les Jardins de Sainte-Hildegarde","og_description":"HUILE ESSENTIELLE LAVANDE BIO 15ml * Lavandula Latifolia Medicus (Synonyme Lavendula spica var.latifolia) Parties utilis\u00e9e &amp; Origine : som. fleurie &#8211; Espagne Substance Naturelle Complexe (100% pure et naturelle) * Produit issu de l&#8217;agriculture biologique certifi\u00e9 FR-BIO-10 \u00c9labor\u00e9es lors de la Photosynth\u00e8se, les essences donnent aux plantes aromatiques la Puissance et l&#8217;\u00c9nergie du Soleil. Entra\u00een\u00e9es [&hellip;]","og_url":"https:\/\/www.lesjardinsdesaintehildegarde.com\/en\/cosmetics\/essential-oils\/he-lavande-aspic-latifolia-bio-15ml\/","og_site_name":"Les Jardins de Sainte-Hildegarde","article_modified_time":"2026-04-10T21:03:11+00:00","og_image":[{"width":1200,"height":1200,"url":"https:\/\/www.lesjardinsdesaintehildegarde.com\/wp-content\/uploads\/2022\/11\/80011-huile-essentielle-lavande-aspic.jpg","type":"image\/jpeg"}],"twitter_card":"summary_large_image","twitter_misc":{"Est. reading time":"2 minutes"},"schema":{"@context":"https:\/\/schema.org","@graph":[{"@type":"WebPage","@id":"https:\/\/www.lesjardinsdesaintehildegarde.com\/en\/cosmetics\/essential-oils\/he-lavande-aspic-latifolia-bio-15ml\/","url":"https:\/\/www.lesjardinsdesaintehildegarde.com\/en\/cosmetics\/essential-oils\/he-lavande-aspic-latifolia-bio-15ml\/","name":"HE LAVANDE ASPIC (LATIFOLIA) BIO 15ML* - Les Jardins de Sainte-Hildegarde","isPartOf":{"@id":"https:\/\/www.lesjardinsdesaintehildegarde.com\/en\/#website"},"primaryImageOfPage":{"@id":"https:\/\/www.lesjardinsdesaintehildegarde.com\/en\/cosmetics\/essential-oils\/he-lavande-aspic-latifolia-bio-15ml\/#primaryimage"},"image":{"@id":"https:\/\/www.lesjardinsdesaintehildegarde.com\/en\/cosmetics\/essential-oils\/he-lavande-aspic-latifolia-bio-15ml\/#primaryimage"},"thumbnailUrl":"https:\/\/www.lesjardinsdesaintehildegarde.com\/wp-content\/uploads\/2022\/11\/80011-huile-essentielle-lavande-aspic.jpg","datePublished":"2022-11-04T08:07:53+00:00","dateModified":"2026-04-10T21:03:11+00:00","breadcrumb":{"@id":"https:\/\/www.lesjardinsdesaintehildegarde.com\/en\/cosmetics\/essential-oils\/he-lavande-aspic-latifolia-bio-15ml\/#breadcrumb"},"inLanguage":"en-US","potentialAction":[{"@type":"ReadAction","target":["https:\/\/www.lesjardinsdesaintehildegarde.com\/en\/cosmetics\/essential-oils\/he-lavande-aspic-latifolia-bio-15ml\/"]}]},{"@type":"ImageObject","inLanguage":"en-US","@id":"https:\/\/www.lesjardinsdesaintehildegarde.com\/en\/cosmetics\/essential-oils\/he-lavande-aspic-latifolia-bio-15ml\/#primaryimage","url":"https:\/\/www.lesjardinsdesaintehildegarde.com\/wp-content\/uploads\/2022\/11\/80011-huile-essentielle-lavande-aspic.jpg","contentUrl":"https:\/\/www.lesjardinsdesaintehildegarde.com\/wp-content\/uploads\/2022\/11\/80011-huile-essentielle-lavande-aspic.jpg","width":1200,"height":1200,"caption":"Huile essentielle bio de lavande aspic (lavendula latifolia) - 15ml"},{"@type":"BreadcrumbList","@id":"https:\/\/www.lesjardinsdesaintehildegarde.com\/en\/cosmetics\/essential-oils\/he-lavande-aspic-latifolia-bio-15ml\/#breadcrumb","itemListElement":[{"@type":"ListItem","position":1,"name":"Home","item":"https:\/\/www.lesjardinsdesaintehildegarde.com\/en\/"},{"@type":"ListItem","position":2,"name":"Products","item":"https:\/\/www.lesjardinsdesaintehildegarde.com\/en\/shop\/"},{"@type":"ListItem","position":3,"name":"HE LAVANDE ASPIC (LATIFOLIA) BIO 15ML*"}]},{"@type":"WebSite","@id":"https:\/\/www.lesjardinsdesaintehildegarde.com\/en\/#website","url":"https:\/\/www.lesjardinsdesaintehildegarde.com\/en\/","name":"Les Jardins de Sainte-Hildegarde","description":"Viriditas","publisher":{"@id":"https:\/\/www.lesjardinsdesaintehildegarde.com\/en\/#organization"},"potentialAction":[{"@type":"SearchAction","target":{"@type":"EntryPoint","urlTemplate":"https:\/\/www.lesjardinsdesaintehildegarde.com\/en\/?s={search_term_string}"},"query-input":{"@type":"PropertyValueSpecification","valueRequired":true,"valueName":"search_term_string"}}],"inLanguage":"en-US"},{"@type":"Organization","@id":"https:\/\/www.lesjardinsdesaintehildegarde.com\/en\/#organization","name":"Les Jardins de Sainte-Hildegarde","url":"https:\/\/www.lesjardinsdesaintehildegarde.com\/en\/","logo":{"@type":"ImageObject","inLanguage":"en-US","@id":"https:\/\/www.lesjardinsdesaintehildegarde.com\/en\/#\/schema\/logo\/image\/","url":"https:\/\/www.lesjardinsdesaintehildegarde.com\/wp-content\/uploads\/2022\/11\/logo-2022.png","contentUrl":"https:\/\/www.lesjardinsdesaintehildegarde.com\/wp-content\/uploads\/2022\/11\/logo-2022.png","width":365,"height":90,"caption":"Les Jardins de Sainte-Hildegarde"},"image":{"@id":"https:\/\/www.lesjardinsdesaintehildegarde.com\/en\/#\/schema\/logo\/image\/"}}]}},"_links":{"self":[{"href":"https:\/\/www.lesjardinsdesaintehildegarde.com\/en\/wp-json\/wp\/v2\/product\/1217","targetHints":{"allow":["GET"]}}],"collection":[{"href":"https:\/\/www.lesjardinsdesaintehildegarde.com\/en\/wp-json\/wp\/v2\/product"}],"about":[{"href":"https:\/\/www.lesjardinsdesaintehildegarde.com\/en\/wp-json\/wp\/v2\/types\/product"}],"replies":[{"embeddable":true,"href":"https:\/\/www.lesjardinsdesaintehildegarde.com\/en\/wp-json\/wp\/v2\/comments?post=1217"}],"wp:featuredmedia":[{"embeddable":true,"href":"https:\/\/www.lesjardinsdesaintehildegarde.com\/en\/wp-json\/wp\/v2\/media\/72005"}],"wp:attachment":[{"href":"https:\/\/www.lesjardinsdesaintehildegarde.com\/en\/wp-json\/wp\/v2\/media?parent=1217"}],"wp:term":[{"taxonomy":"product_brand","embeddable":true,"href":"https:\/\/www.lesjardinsdesaintehildegarde.com\/en\/wp-json\/wp\/v2\/product_brand?post=1217"},{"taxonomy":"product_cat","embeddable":true,"href":"https:\/\/www.lesjardinsdesaintehildegarde.com\/en\/wp-json\/wp\/v2\/product_cat?post=1217"},{"taxonomy":"product_tag","embeddable":true,"href":"https:\/\/www.lesjardinsdesaintehildegarde.com\/en\/wp-json\/wp\/v2\/product_tag?post=1217"}],"curies":[{"name":"wp","href":"https:\/\/api.w.org\/{rel}","templated":true}]}}