{"id":1223,"date":"2022-11-04T09:07:54","date_gmt":"2022-11-04T08:07:54","guid":{"rendered":"https:\/\/www.lesjardinsdesaintehildegarde.com\/non%20class\u00e9\/huile-corporelle-125ml\/"},"modified":"2026-04-14T23:01:08","modified_gmt":"2026-04-14T21:01:08","slug":"huile-corporelle-125ml","status":"publish","type":"product","link":"https:\/\/www.lesjardinsdesaintehildegarde.com\/en\/cosmetics\/natural-viriditas-cosmetics\/oils-of-care\/huile-corporelle-125ml\/","title":{"rendered":"HUILE CORPORELLE 125ML"},"content":{"rendered":"<p>HUILE CORPORELLE A L&#8217;ORANGE VIRIDITAS 125ML (17,52\u20ac \/ 100ml)<\/p>\n<p>Ingr\u00e9dients 100% naturels<\/p>\n<p>Offre sp\u00e9ciale : prix remis\u00e9 du 12\/11\/2025 au 20\/02\/2026<\/p>\n<p>Nourrit et relaxe &#8211; Tous types de peaux<\/p>\n<p>Entrent dans sa composition des plantes essentielles recommand\u00e9es par sainte Hildegarde pour le bien \u00eatre, qui passe tant par la peau que par l&#8217;odorat.<\/p>\n<p>Le bl\u00e9 est chaud, rempli de richesses, si bien \u00ab qu&#8217;il ne manque rien en lui \u00bb.<\/p>\n<p>Le calendula est d\u00e9crit comme \u00e9tant plein de verdeur.<\/p>\n<p>Nous retrouvons \u00e9galement la camomille qui est chaude et dont le suc est agr\u00e9able.<\/p>\n<p>Principaux ingr\u00e9dients actifs :<\/p>\n<p>&#8211; Le Tournesol : son huile contient des acides gras ol\u00e9iques et linol\u00e9iques qui prot\u00e8gent la couche de protection naturelle de la peau. <\/p>\n<p>Ces \u00e9l\u00e9ments maintiennent l&#8217;\u00e9lasticit\u00e9 du tissu cutan\u00e9.<\/p>\n<p>&#8211; Le Calendula : Riche en b\u00eata-carot\u00e8nes et flavono\u00efdes antioxydants qui d\u00e9congestionnent efficacement l&#8217;\u00e9piderme. Ces actifs renforcent l&#8217;action de l&#8217;huile de tournesol.<\/p>\n<p>&#8211; Le Coco : Fournit de la vitamine E et des acides gras mono-insatur\u00e9s (acide ol\u00e9ique, linol\u00e9ique, myristique et laurique), composants qui prot\u00e8gent la barri\u00e8re de la peau. <\/p>\n<p>Cette huile a une action adaptog\u00e8ne, c&#8217;est-\u00e0-dire qu&#8217;elle \u00e9quilibre les peaux tant \u00e0 tendance s\u00e8che qu&#8217;\u00e0 tendance grasse.<\/p>\n<p>&#8211; La Camomille : Apporte du bisabolol et les pr\u00e9cieux azul\u00e8nes qui sont calmants et r\u00e9g\u00e9n\u00e9rants. Ces actifs renforcent l&#8217;action du Calendula.<\/p>\n<p>&#8211; Le Germe de Bl\u00e9 : Son huile apporte de la vitamine E, des phospholipides et des acides gras qui prot\u00e8gent l&#8217;\u00e9piderme et sont particuli\u00e8rement indiqu\u00e9s pour la peau ayant tendance au rel\u00e2chement.<\/p>\n<p>Du fait de leur composition naturelle, pour l&#8217;usage des produits de la ligne Viriditas :<\/p>\n<p>Il est possible d&#8217;observer de l\u00e9g\u00e8res variations d&#8217;aspect, de textures et d&#8217;ar\u00f4mes d&#8217;un lot \u00e0 un autre, les qualit\u00e9s des produits n&#8217;en sont pas affect\u00e9es, cela vient simplement du fait qu&#8217;aucun produit chimique n&#8217;est utilis\u00e9 pour les amalgamer.<\/p>\n<p>Ces variations sont propres aux variations naturelles des v\u00e9g\u00e9taux.<\/p>\n<p>Compos\u00e9 Phyto-aromatique :<\/p>\n<p>L&#8217;Huile Corporelle d\u00e9gage la douce odeur de l&#8217;orange et le parfum exquis du n\u00e9roli. C&#8217;est un bouquet olfactif qui transmet, \u00e0 travers la peau et l&#8217;odorat, la s\u00e9r\u00e9nit\u00e9 et la tranquillit\u00e9.<\/p>\n<p>Ingr\u00e9dient:<\/p>\n<p>Helianthus annuus seed oil* \u00b7 Calendula officinalis flower extract* \u00b7 Cocos nucifera oil* \u00b7 Anthemis nobilis flower extract \u00b7 Triticum vulgare germ oil \u00b7 Parfum* \u00b7 Citrus nobilis oil* \u00b7 Limonene^ \u00b7 Linalool^<\/p>\n<p>*issu de l&#8217;agriculture biologique <\/p>\n<p>\u00b0issu de cueillette sauvage<\/p>\n<p>^issu d&#8217;huiles essentielles naturelles<\/p>\n<p>(En Fran\u00e7ais : Extrait d&#8217;huile de semence de Tournesol, Extrait de fleur de Calendula Officinal, Huile de Cocotier, Extrait de fleur de Camomille Romaine, Huile de Germe de Bl\u00e9, Parfum (huiles essentielles naturelles), Huile de Mandarinier, Limon\u00e8ne^, Linalool^)<\/p>\n<p>Mode d&#8217;emploi : Toujours agiter avant emploi pour homog\u00e9n\u00e9iser le produit.<\/p>\n","protected":false},"excerpt":{"rendered":"<p>HUILE CORPORELLE A L&#8217;ORANGE VIRIDITAS 125ML (17,52\u20ac \/ 100ml) Ingr\u00e9dients 100% naturels Offre sp\u00e9ciale : prix remis\u00e9 du 12\/11\/2025 au 20\/02\/2026 Nourrit et relaxe &#8211; Tous types de peaux Entrent dans sa composition des plantes essentielles recommand\u00e9es par sainte Hildegarde pour le bien \u00eatre, qui passe tant par la peau que par l&#8217;odorat. Le bl\u00e9 [&hellip;]<\/p>\n","protected":false},"featured_media":70853,"comment_status":"open","ping_status":"closed","template":"","meta":{"_acf_changed":false,"_relevanssi_hide_post":"","_relevanssi_hide_content":"","_relevanssi_pin_for_all":"","_relevanssi_pin_keywords":"","_relevanssi_unpin_keywords":"","_relevanssi_related_keywords":"","_relevanssi_related_include_ids":"","_relevanssi_related_exclude_ids":"","_relevanssi_related_no_append":"","_relevanssi_related_not_related":"","_relevanssi_related_posts":"","_relevanssi_noindex_reason":""},"product_brand":[],"product_cat":[27,96,98],"product_tag":[],"class_list":{"0":"post-1223","1":"product","2":"type-product","3":"status-publish","4":"has-post-thumbnail","6":"product_cat-cosmetiques","7":"product_cat-cosmetiques-viriditas-naturels","8":"product_cat-huiles-de-soin","10":"first","11":"instock","12":"taxable","13":"shipping-taxable","14":"purchasable","15":"product-type-simple"},"acf":[],"yoast_head":"<!-- This site is optimized with the Yoast SEO plugin v27.2 - https:\/\/yoast.com\/product\/yoast-seo-wordpress\/ -->\n<title>HUILE CORPORELLE 125ML - Les Jardins de Sainte-Hildegarde<\/title>\n<meta name=\"robots\" content=\"index, follow, max-snippet:-1, max-image-preview:large, max-video-preview:-1\" \/>\n<link rel=\"canonical\" href=\"https:\/\/www.lesjardinsdesaintehildegarde.com\/en\/cosmetics\/natural-viriditas-cosmetics\/oils-of-care\/huile-corporelle-125ml\/\" \/>\n<meta property=\"og:locale\" content=\"en_US\" \/>\n<meta property=\"og:type\" content=\"article\" \/>\n<meta property=\"og:title\" content=\"HUILE CORPORELLE 125ML - Les Jardins de Sainte-Hildegarde\" \/>\n<meta property=\"og:description\" content=\"HUILE CORPORELLE A L&#8217;ORANGE VIRIDITAS 125ML (17,52\u20ac \/ 100ml) Ingr\u00e9dients 100% naturels Offre sp\u00e9ciale : prix remis\u00e9 du 12\/11\/2025 au 20\/02\/2026 Nourrit et relaxe &#8211; Tous types de peaux Entrent dans sa composition des plantes essentielles recommand\u00e9es par sainte Hildegarde pour le bien \u00eatre, qui passe tant par la peau que par l&#8217;odorat. Le bl\u00e9 [&hellip;]\" \/>\n<meta property=\"og:url\" content=\"https:\/\/www.lesjardinsdesaintehildegarde.com\/en\/cosmetics\/natural-viriditas-cosmetics\/oils-of-care\/huile-corporelle-125ml\/\" \/>\n<meta property=\"og:site_name\" content=\"Les Jardins de Sainte-Hildegarde\" \/>\n<meta property=\"article:modified_time\" content=\"2026-04-14T21:01:08+00:00\" \/>\n<meta property=\"og:image\" content=\"https:\/\/www.lesjardinsdesaintehildegarde.com\/wp-content\/uploads\/2023\/08\/813-huile-corporelle.jpg\" \/>\n\t<meta property=\"og:image:width\" content=\"1200\" \/>\n\t<meta property=\"og:image:height\" content=\"1200\" \/>\n\t<meta property=\"og:image:type\" content=\"image\/jpeg\" \/>\n<meta name=\"twitter:card\" content=\"summary_large_image\" \/>\n<meta name=\"twitter:label1\" content=\"Est. reading time\" \/>\n\t<meta name=\"twitter:data1\" content=\"3 minutes\" \/>\n<script type=\"application\/ld+json\" class=\"yoast-schema-graph\">{\"@context\":\"https:\/\/schema.org\",\"@graph\":[{\"@type\":\"WebPage\",\"@id\":\"https:\/\/www.lesjardinsdesaintehildegarde.com\/en\/cosmetics\/natural-viriditas-cosmetics\/oils-of-care\/huile-corporelle-125ml\/\",\"url\":\"https:\/\/www.lesjardinsdesaintehildegarde.com\/en\/cosmetics\/natural-viriditas-cosmetics\/oils-of-care\/huile-corporelle-125ml\/\",\"name\":\"HUILE CORPORELLE 125ML - Les Jardins de Sainte-Hildegarde\",\"isPartOf\":{\"@id\":\"https:\/\/www.lesjardinsdesaintehildegarde.com\/en\/#website\"},\"primaryImageOfPage\":{\"@id\":\"https:\/\/www.lesjardinsdesaintehildegarde.com\/en\/cosmetics\/natural-viriditas-cosmetics\/oils-of-care\/huile-corporelle-125ml\/#primaryimage\"},\"image\":{\"@id\":\"https:\/\/www.lesjardinsdesaintehildegarde.com\/en\/cosmetics\/natural-viriditas-cosmetics\/oils-of-care\/huile-corporelle-125ml\/#primaryimage\"},\"thumbnailUrl\":\"https:\/\/www.lesjardinsdesaintehildegarde.com\/wp-content\/uploads\/2023\/08\/813-huile-corporelle.jpg\",\"datePublished\":\"2022-11-04T08:07:54+00:00\",\"dateModified\":\"2026-04-14T21:01:08+00:00\",\"breadcrumb\":{\"@id\":\"https:\/\/www.lesjardinsdesaintehildegarde.com\/en\/cosmetics\/natural-viriditas-cosmetics\/oils-of-care\/huile-corporelle-125ml\/#breadcrumb\"},\"inLanguage\":\"en-US\",\"potentialAction\":[{\"@type\":\"ReadAction\",\"target\":[\"https:\/\/www.lesjardinsdesaintehildegarde.com\/en\/cosmetics\/natural-viriditas-cosmetics\/oils-of-care\/huile-corporelle-125ml\/\"]}]},{\"@type\":\"ImageObject\",\"inLanguage\":\"en-US\",\"@id\":\"https:\/\/www.lesjardinsdesaintehildegarde.com\/en\/cosmetics\/natural-viriditas-cosmetics\/oils-of-care\/huile-corporelle-125ml\/#primaryimage\",\"url\":\"https:\/\/www.lesjardinsdesaintehildegarde.com\/wp-content\/uploads\/2023\/08\/813-huile-corporelle.jpg\",\"contentUrl\":\"https:\/\/www.lesjardinsdesaintehildegarde.com\/wp-content\/uploads\/2023\/08\/813-huile-corporelle.jpg\",\"width\":1200,\"height\":1200,\"caption\":\"huile corporelle \u00e0 l'orange et au germe de bl\u00e9, pour nourrir et adoucir la peau - ingr\u00e9dients 100% naturels - 125ml\"},{\"@type\":\"BreadcrumbList\",\"@id\":\"https:\/\/www.lesjardinsdesaintehildegarde.com\/en\/cosmetics\/natural-viriditas-cosmetics\/oils-of-care\/huile-corporelle-125ml\/#breadcrumb\",\"itemListElement\":[{\"@type\":\"ListItem\",\"position\":1,\"name\":\"Home\",\"item\":\"https:\/\/www.lesjardinsdesaintehildegarde.com\/en\/\"},{\"@type\":\"ListItem\",\"position\":2,\"name\":\"Products\",\"item\":\"https:\/\/www.lesjardinsdesaintehildegarde.com\/en\/shop\/\"},{\"@type\":\"ListItem\",\"position\":3,\"name\":\"HUILE CORPORELLE 125ML\"}]},{\"@type\":\"WebSite\",\"@id\":\"https:\/\/www.lesjardinsdesaintehildegarde.com\/en\/#website\",\"url\":\"https:\/\/www.lesjardinsdesaintehildegarde.com\/en\/\",\"name\":\"Les Jardins de Sainte-Hildegarde\",\"description\":\"Viriditas\",\"publisher\":{\"@id\":\"https:\/\/www.lesjardinsdesaintehildegarde.com\/en\/#organization\"},\"potentialAction\":[{\"@type\":\"SearchAction\",\"target\":{\"@type\":\"EntryPoint\",\"urlTemplate\":\"https:\/\/www.lesjardinsdesaintehildegarde.com\/en\/?s={search_term_string}\"},\"query-input\":{\"@type\":\"PropertyValueSpecification\",\"valueRequired\":true,\"valueName\":\"search_term_string\"}}],\"inLanguage\":\"en-US\"},{\"@type\":\"Organization\",\"@id\":\"https:\/\/www.lesjardinsdesaintehildegarde.com\/en\/#organization\",\"name\":\"Les Jardins de Sainte-Hildegarde\",\"url\":\"https:\/\/www.lesjardinsdesaintehildegarde.com\/en\/\",\"logo\":{\"@type\":\"ImageObject\",\"inLanguage\":\"en-US\",\"@id\":\"https:\/\/www.lesjardinsdesaintehildegarde.com\/en\/#\/schema\/logo\/image\/\",\"url\":\"https:\/\/www.lesjardinsdesaintehildegarde.com\/wp-content\/uploads\/2022\/11\/logo-2022.png\",\"contentUrl\":\"https:\/\/www.lesjardinsdesaintehildegarde.com\/wp-content\/uploads\/2022\/11\/logo-2022.png\",\"width\":365,\"height\":90,\"caption\":\"Les Jardins de Sainte-Hildegarde\"},\"image\":{\"@id\":\"https:\/\/www.lesjardinsdesaintehildegarde.com\/en\/#\/schema\/logo\/image\/\"}}]}<\/script>\n<!-- \/ Yoast SEO plugin. -->","yoast_head_json":{"title":"HUILE CORPORELLE 125ML - Les Jardins de Sainte-Hildegarde","robots":{"index":"index","follow":"follow","max-snippet":"max-snippet:-1","max-image-preview":"max-image-preview:large","max-video-preview":"max-video-preview:-1"},"canonical":"https:\/\/www.lesjardinsdesaintehildegarde.com\/en\/cosmetics\/natural-viriditas-cosmetics\/oils-of-care\/huile-corporelle-125ml\/","og_locale":"en_US","og_type":"article","og_title":"HUILE CORPORELLE 125ML - Les Jardins de Sainte-Hildegarde","og_description":"HUILE CORPORELLE A L&#8217;ORANGE VIRIDITAS 125ML (17,52\u20ac \/ 100ml) Ingr\u00e9dients 100% naturels Offre sp\u00e9ciale : prix remis\u00e9 du 12\/11\/2025 au 20\/02\/2026 Nourrit et relaxe &#8211; Tous types de peaux Entrent dans sa composition des plantes essentielles recommand\u00e9es par sainte Hildegarde pour le bien \u00eatre, qui passe tant par la peau que par l&#8217;odorat. Le bl\u00e9 [&hellip;]","og_url":"https:\/\/www.lesjardinsdesaintehildegarde.com\/en\/cosmetics\/natural-viriditas-cosmetics\/oils-of-care\/huile-corporelle-125ml\/","og_site_name":"Les Jardins de Sainte-Hildegarde","article_modified_time":"2026-04-14T21:01:08+00:00","og_image":[{"width":1200,"height":1200,"url":"https:\/\/www.lesjardinsdesaintehildegarde.com\/wp-content\/uploads\/2023\/08\/813-huile-corporelle.jpg","type":"image\/jpeg"}],"twitter_card":"summary_large_image","twitter_misc":{"Est. reading time":"3 minutes"},"schema":{"@context":"https:\/\/schema.org","@graph":[{"@type":"WebPage","@id":"https:\/\/www.lesjardinsdesaintehildegarde.com\/en\/cosmetics\/natural-viriditas-cosmetics\/oils-of-care\/huile-corporelle-125ml\/","url":"https:\/\/www.lesjardinsdesaintehildegarde.com\/en\/cosmetics\/natural-viriditas-cosmetics\/oils-of-care\/huile-corporelle-125ml\/","name":"HUILE CORPORELLE 125ML - Les Jardins de Sainte-Hildegarde","isPartOf":{"@id":"https:\/\/www.lesjardinsdesaintehildegarde.com\/en\/#website"},"primaryImageOfPage":{"@id":"https:\/\/www.lesjardinsdesaintehildegarde.com\/en\/cosmetics\/natural-viriditas-cosmetics\/oils-of-care\/huile-corporelle-125ml\/#primaryimage"},"image":{"@id":"https:\/\/www.lesjardinsdesaintehildegarde.com\/en\/cosmetics\/natural-viriditas-cosmetics\/oils-of-care\/huile-corporelle-125ml\/#primaryimage"},"thumbnailUrl":"https:\/\/www.lesjardinsdesaintehildegarde.com\/wp-content\/uploads\/2023\/08\/813-huile-corporelle.jpg","datePublished":"2022-11-04T08:07:54+00:00","dateModified":"2026-04-14T21:01:08+00:00","breadcrumb":{"@id":"https:\/\/www.lesjardinsdesaintehildegarde.com\/en\/cosmetics\/natural-viriditas-cosmetics\/oils-of-care\/huile-corporelle-125ml\/#breadcrumb"},"inLanguage":"en-US","potentialAction":[{"@type":"ReadAction","target":["https:\/\/www.lesjardinsdesaintehildegarde.com\/en\/cosmetics\/natural-viriditas-cosmetics\/oils-of-care\/huile-corporelle-125ml\/"]}]},{"@type":"ImageObject","inLanguage":"en-US","@id":"https:\/\/www.lesjardinsdesaintehildegarde.com\/en\/cosmetics\/natural-viriditas-cosmetics\/oils-of-care\/huile-corporelle-125ml\/#primaryimage","url":"https:\/\/www.lesjardinsdesaintehildegarde.com\/wp-content\/uploads\/2023\/08\/813-huile-corporelle.jpg","contentUrl":"https:\/\/www.lesjardinsdesaintehildegarde.com\/wp-content\/uploads\/2023\/08\/813-huile-corporelle.jpg","width":1200,"height":1200,"caption":"huile corporelle \u00e0 l'orange et au germe de bl\u00e9, pour nourrir et adoucir la peau - ingr\u00e9dients 100% naturels - 125ml"},{"@type":"BreadcrumbList","@id":"https:\/\/www.lesjardinsdesaintehildegarde.com\/en\/cosmetics\/natural-viriditas-cosmetics\/oils-of-care\/huile-corporelle-125ml\/#breadcrumb","itemListElement":[{"@type":"ListItem","position":1,"name":"Home","item":"https:\/\/www.lesjardinsdesaintehildegarde.com\/en\/"},{"@type":"ListItem","position":2,"name":"Products","item":"https:\/\/www.lesjardinsdesaintehildegarde.com\/en\/shop\/"},{"@type":"ListItem","position":3,"name":"HUILE CORPORELLE 125ML"}]},{"@type":"WebSite","@id":"https:\/\/www.lesjardinsdesaintehildegarde.com\/en\/#website","url":"https:\/\/www.lesjardinsdesaintehildegarde.com\/en\/","name":"Les Jardins de Sainte-Hildegarde","description":"Viriditas","publisher":{"@id":"https:\/\/www.lesjardinsdesaintehildegarde.com\/en\/#organization"},"potentialAction":[{"@type":"SearchAction","target":{"@type":"EntryPoint","urlTemplate":"https:\/\/www.lesjardinsdesaintehildegarde.com\/en\/?s={search_term_string}"},"query-input":{"@type":"PropertyValueSpecification","valueRequired":true,"valueName":"search_term_string"}}],"inLanguage":"en-US"},{"@type":"Organization","@id":"https:\/\/www.lesjardinsdesaintehildegarde.com\/en\/#organization","name":"Les Jardins de Sainte-Hildegarde","url":"https:\/\/www.lesjardinsdesaintehildegarde.com\/en\/","logo":{"@type":"ImageObject","inLanguage":"en-US","@id":"https:\/\/www.lesjardinsdesaintehildegarde.com\/en\/#\/schema\/logo\/image\/","url":"https:\/\/www.lesjardinsdesaintehildegarde.com\/wp-content\/uploads\/2022\/11\/logo-2022.png","contentUrl":"https:\/\/www.lesjardinsdesaintehildegarde.com\/wp-content\/uploads\/2022\/11\/logo-2022.png","width":365,"height":90,"caption":"Les Jardins de Sainte-Hildegarde"},"image":{"@id":"https:\/\/www.lesjardinsdesaintehildegarde.com\/en\/#\/schema\/logo\/image\/"}}]}},"_links":{"self":[{"href":"https:\/\/www.lesjardinsdesaintehildegarde.com\/en\/wp-json\/wp\/v2\/product\/1223","targetHints":{"allow":["GET"]}}],"collection":[{"href":"https:\/\/www.lesjardinsdesaintehildegarde.com\/en\/wp-json\/wp\/v2\/product"}],"about":[{"href":"https:\/\/www.lesjardinsdesaintehildegarde.com\/en\/wp-json\/wp\/v2\/types\/product"}],"replies":[{"embeddable":true,"href":"https:\/\/www.lesjardinsdesaintehildegarde.com\/en\/wp-json\/wp\/v2\/comments?post=1223"}],"wp:featuredmedia":[{"embeddable":true,"href":"https:\/\/www.lesjardinsdesaintehildegarde.com\/en\/wp-json\/wp\/v2\/media\/70853"}],"wp:attachment":[{"href":"https:\/\/www.lesjardinsdesaintehildegarde.com\/en\/wp-json\/wp\/v2\/media?parent=1223"}],"wp:term":[{"taxonomy":"product_brand","embeddable":true,"href":"https:\/\/www.lesjardinsdesaintehildegarde.com\/en\/wp-json\/wp\/v2\/product_brand?post=1223"},{"taxonomy":"product_cat","embeddable":true,"href":"https:\/\/www.lesjardinsdesaintehildegarde.com\/en\/wp-json\/wp\/v2\/product_cat?post=1223"},{"taxonomy":"product_tag","embeddable":true,"href":"https:\/\/www.lesjardinsdesaintehildegarde.com\/en\/wp-json\/wp\/v2\/product_tag?post=1223"}],"curies":[{"name":"wp","href":"https:\/\/api.w.org\/{rel}","templated":true}]}}