{"id":1226,"date":"2022-11-04T09:07:54","date_gmt":"2022-11-04T08:07:54","guid":{"rendered":"https:\/\/www.lesjardinsdesaintehildegarde.com\/non%20class\u00e9\/eau-florale-douceur-125-ml\/"},"modified":"2026-04-30T23:02:09","modified_gmt":"2026-04-30T21:02:09","slug":"eau-florale-douceur-125-ml","status":"publish","type":"product","link":"https:\/\/www.lesjardinsdesaintehildegarde.com\/en\/cosmetics\/natural-viriditas-cosmetics\/lotions-and-essential-saps\/eau-florale-douceur-125-ml\/","title":{"rendered":"EAU FLORALE DOUCEUR 125 ML"},"content":{"rendered":"<p>EAU FLORALE DOUCEUR VIRIDITAS 125ml  (20.16\u20ac \/ 100ml)<\/p>\n<p>Ingr\u00e9dients 100% naturels<\/p>\n<p>Indications : <\/p>\n<p>&#8211; Nourrit, hydrate la peau<\/p>\n<p>&#8211; Nettoie la peau en douceur sans l&#8217;utilisation de d\u00e9tergents<\/p>\n<p>&#8211; Apporte douceur \u00e0 la peau<\/p>\n<p>&#8211; Id\u00e9al pour les peaux sensibles et d\u00e9licates<\/p>\n<p>&#8211; Apaise et calme la peau<\/p>\n<p>Lotion douceur<\/p>\n<p>Prenez soin de la peau de b\u00e9b\u00e9 tout en douceur. Cette Eau Florale rafra\u00eechit et procure une sensation de bien-\u00eatre dans tout le corps. C&#8217;est une Eau Florale fluide qui nettoie la peau sans savon, tout en l&#8217;apaisant .<\/p>\n<p>Ses ingr\u00e9dients, tr\u00e8s ajust\u00e9s \u00e0 la peau, nourrissent, hydratent et nettoient en douceur. L&#8217;application de cette lotion aide \u00e0 pr\u00e9venir les dommages que produisent l&#8217;exc\u00e8s de savon et de cr\u00e8mes grasses qui obstruent et \u00e9touffent les peaux d\u00e9licates des enfants.<\/p>\n<p>Le tilleul et le calendula, qui entrent dans sa composition, sont particuli\u00e8rement recommand\u00e9s par sainte Hildegarde.<\/p>\n<p>Elle nous dit que le tilleul poss\u00e8de une grande chaleur, celle-ci se trouve dans ses racines avant de monter dans ses branches et dans ses feuilles. Elle recommande de placer des feuilles de tilleul fra\u00eeches sur le visage et les yeux, il peut aussi \u00eatre utilis\u00e9 en bain pour d&#8217;autres bienfaits. Les extraits de tilleul contenus dans cette lotion permettent de b\u00e9n\u00e9ficier de tous ses bienfaits.<\/p>\n<p>Le calendula est d\u00e9crit comme \u00e9tant plein de verdeur et tr\u00e8s utile pour les soins du corps.<\/p>\n<p>Principaux ingr\u00e9dients actifs :<\/p>\n<p>&#8211; La M\u00e9lisse : Contient une huile essentielle caract\u00e9ristique, des vitamines et des flavono\u00efdes. Ces \u00e9l\u00e9ments sont des nutriments et antioxydants qui prot\u00e8gent les peaux d\u00e9licates.<\/p>\n<p>&#8211; Le Calendula : Cette fleur apporte un extrait riche en flavono\u00efdes, b\u00eate-carot\u00e8nes et mucilages, \u00e9l\u00e9ments tr\u00e8s pr\u00e9cieux pour apaiser la peau.<\/p>\n<p>&#8211; Le Sureau : Apporte son huile essentielle, des flavono\u00efdes et des mucilages qui prot\u00e8gent et adoucissent la peau.<\/p>\n<p>&#8211; Le Tilleul : Les fleurs de cet arbre apportent une huile essentielle caract\u00e9ristique et du farnesol,  principes actifs \u00e9mollients tr\u00e8s apaisants.<\/p>\n<p>Du fait de leur composition naturelle, pour l&#8217;usage des produits de la ligne Viriditas :<\/p>\n<p>Il est possible d&#8217;observer de l\u00e9g\u00e8res variations d&#8217;aspect, de textures et d&#8217;ar\u00f4mes d&#8217;un lot \u00e0 un autre, les qualit\u00e9s des produits n&#8217;en sont pas affect\u00e9es, cela vient simplement du fait qu&#8217;aucun produit chimique n&#8217;est utilis\u00e9 pour les amalgamer.<\/p>\n<p>Ces variations sont propres aux variations naturelles des v\u00e9g\u00e9taux.<\/p>\n<p>Compos\u00e9 Phyto-aromatique :<\/p>\n<p>L&#8217;Eau Florale, diffuse une douce odeur de bois de rose et des notes vertes et fra\u00eeches de la M\u00e9lisse. Ce bouquet aromatique apaisant, transmet, \u00e0 travers la peau et l&#8217;odeur, un sentiment de protection.<\/p>\n<p>Ingr\u00e9dients :<\/p>\n<p>Aqua, Melissa officinalis leaf oil* \u00b7 Styrax benzoin resin extract\u00ba \u00b7 Calendula officinalis flower extract* \u00b7 Sambucus nigra flower extract* \u00b7 Parfum* \u00b7 Rosa damascena flower oil* \u00b7 Tilia cordata flower extract* \u00b7 Linalool^ \u00b7 Citral^<\/p>\n<p>*issu de l&#8217;agriculture biologique <\/p>\n<p>\u00b0issu de cueillette sauvage<\/p>\n<p>^issu d&#8217;huiles essentielles naturelles<\/p>\n<p>(En Fran\u00e7ais : Eau, Huile de feuille de M\u00e9lisse Officinale, Extrait de r\u00e9sine de Styrax Benzoin, Extrait de fleur de Calendula Officinal, Extrait de fleur de Sureau noir, Parfum (huiles essentielles naturelles), Tilleul, Linalool^, Citral^)<\/p>\n<p>Mode d&#8217;emploi : Toujours agiter avant emploi pour homog\u00e9n\u00e9iser le produit.<\/p>\n<p>Elle peut \u00eatre appliqu\u00e9e directement sur la peau ou avec un coton par l\u00e9gers massages circulaires. Recommand\u00e9e pour l&#8217;hygi\u00e8ne des femmes allaitantes car elle nettoie sans laisser de d\u00e9p\u00f4ts r\u00e9siduels sur la peau.<\/p>\n","protected":false},"excerpt":{"rendered":"<p>EAU FLORALE DOUCEUR VIRIDITAS 125ml (20.16\u20ac \/ 100ml) Ingr\u00e9dients 100% naturels Indications : &#8211; Nourrit, hydrate la peau &#8211; Nettoie la peau en douceur sans l&#8217;utilisation de d\u00e9tergents &#8211; Apporte douceur \u00e0 la peau &#8211; Id\u00e9al pour les peaux sensibles et d\u00e9licates &#8211; Apaise et calme la peau Lotion douceur Prenez soin de la peau [&hellip;]<\/p>\n","protected":false},"featured_media":70877,"comment_status":"open","ping_status":"closed","template":"","meta":{"_acf_changed":false,"_relevanssi_hide_post":"","_relevanssi_hide_content":"","_relevanssi_pin_for_all":"","_relevanssi_pin_keywords":"","_relevanssi_unpin_keywords":"","_relevanssi_related_keywords":"","_relevanssi_related_include_ids":"","_relevanssi_related_exclude_ids":"","_relevanssi_related_no_append":"","_relevanssi_related_not_related":"","_relevanssi_related_posts":"","_relevanssi_noindex_reason":""},"product_brand":[],"product_cat":[27,96,99],"product_tag":[],"class_list":{"0":"post-1226","1":"product","2":"type-product","3":"status-publish","4":"has-post-thumbnail","6":"product_cat-cosmetiques","7":"product_cat-cosmetiques-viriditas-naturels","8":"product_cat-lotions-et-seves-essentielles","10":"first","11":"instock","12":"taxable","13":"shipping-taxable","14":"purchasable","15":"product-type-simple"},"acf":[],"yoast_head":"<!-- This site is optimized with the Yoast SEO plugin v27.4 - https:\/\/yoast.com\/product\/yoast-seo-wordpress\/ -->\n<title>EAU FLORALE DOUCEUR 125 ML - Les Jardins de Sainte-Hildegarde<\/title>\n<meta name=\"robots\" content=\"index, follow, max-snippet:-1, max-image-preview:large, max-video-preview:-1\" \/>\n<link rel=\"canonical\" href=\"https:\/\/www.lesjardinsdesaintehildegarde.com\/en\/cosmetics\/natural-viriditas-cosmetics\/lotions-and-essential-saps\/eau-florale-douceur-125-ml\/\" \/>\n<meta property=\"og:locale\" content=\"en_US\" \/>\n<meta property=\"og:type\" content=\"article\" \/>\n<meta property=\"og:title\" content=\"EAU FLORALE DOUCEUR 125 ML - Les Jardins de Sainte-Hildegarde\" \/>\n<meta property=\"og:description\" content=\"EAU FLORALE DOUCEUR VIRIDITAS 125ml (20.16\u20ac \/ 100ml) Ingr\u00e9dients 100% naturels Indications : &#8211; Nourrit, hydrate la peau &#8211; Nettoie la peau en douceur sans l&#8217;utilisation de d\u00e9tergents &#8211; Apporte douceur \u00e0 la peau &#8211; Id\u00e9al pour les peaux sensibles et d\u00e9licates &#8211; Apaise et calme la peau Lotion douceur Prenez soin de la peau [&hellip;]\" \/>\n<meta property=\"og:url\" content=\"https:\/\/www.lesjardinsdesaintehildegarde.com\/en\/cosmetics\/natural-viriditas-cosmetics\/lotions-and-essential-saps\/eau-florale-douceur-125-ml\/\" \/>\n<meta property=\"og:site_name\" content=\"Les Jardins de Sainte-Hildegarde\" \/>\n<meta property=\"article:modified_time\" content=\"2026-04-30T21:02:09+00:00\" \/>\n<meta property=\"og:image\" content=\"https:\/\/www.lesjardinsdesaintehildegarde.com\/wp-content\/uploads\/2023\/08\/820-eau-florale-douceur-125ml.jpg\" \/>\n\t<meta property=\"og:image:width\" content=\"1200\" \/>\n\t<meta property=\"og:image:height\" content=\"1200\" \/>\n\t<meta property=\"og:image:type\" content=\"image\/jpeg\" \/>\n<meta name=\"twitter:card\" content=\"summary_large_image\" \/>\n<meta name=\"twitter:label1\" content=\"Est. reading time\" \/>\n\t<meta name=\"twitter:data1\" content=\"3 minutes\" \/>\n<script type=\"application\/ld+json\" class=\"yoast-schema-graph\">{\"@context\":\"https:\\\/\\\/schema.org\",\"@graph\":[{\"@type\":\"WebPage\",\"@id\":\"https:\\\/\\\/www.lesjardinsdesaintehildegarde.com\\\/en\\\/cosmetics\\\/natural-viriditas-cosmetics\\\/lotions-and-essential-saps\\\/eau-florale-douceur-125-ml\\\/\",\"url\":\"https:\\\/\\\/www.lesjardinsdesaintehildegarde.com\\\/en\\\/cosmetics\\\/natural-viriditas-cosmetics\\\/lotions-and-essential-saps\\\/eau-florale-douceur-125-ml\\\/\",\"name\":\"EAU FLORALE DOUCEUR 125 ML - Les Jardins de Sainte-Hildegarde\",\"isPartOf\":{\"@id\":\"https:\\\/\\\/www.lesjardinsdesaintehildegarde.com\\\/en\\\/#website\"},\"primaryImageOfPage\":{\"@id\":\"https:\\\/\\\/www.lesjardinsdesaintehildegarde.com\\\/en\\\/cosmetics\\\/natural-viriditas-cosmetics\\\/lotions-and-essential-saps\\\/eau-florale-douceur-125-ml\\\/#primaryimage\"},\"image\":{\"@id\":\"https:\\\/\\\/www.lesjardinsdesaintehildegarde.com\\\/en\\\/cosmetics\\\/natural-viriditas-cosmetics\\\/lotions-and-essential-saps\\\/eau-florale-douceur-125-ml\\\/#primaryimage\"},\"thumbnailUrl\":\"https:\\\/\\\/www.lesjardinsdesaintehildegarde.com\\\/wp-content\\\/uploads\\\/2023\\\/08\\\/820-eau-florale-douceur-125ml.jpg\",\"datePublished\":\"2022-11-04T08:07:54+00:00\",\"dateModified\":\"2026-04-30T21:02:09+00:00\",\"breadcrumb\":{\"@id\":\"https:\\\/\\\/www.lesjardinsdesaintehildegarde.com\\\/en\\\/cosmetics\\\/natural-viriditas-cosmetics\\\/lotions-and-essential-saps\\\/eau-florale-douceur-125-ml\\\/#breadcrumb\"},\"inLanguage\":\"en-US\",\"potentialAction\":[{\"@type\":\"ReadAction\",\"target\":[\"https:\\\/\\\/www.lesjardinsdesaintehildegarde.com\\\/en\\\/cosmetics\\\/natural-viriditas-cosmetics\\\/lotions-and-essential-saps\\\/eau-florale-douceur-125-ml\\\/\"]}]},{\"@type\":\"ImageObject\",\"inLanguage\":\"en-US\",\"@id\":\"https:\\\/\\\/www.lesjardinsdesaintehildegarde.com\\\/en\\\/cosmetics\\\/natural-viriditas-cosmetics\\\/lotions-and-essential-saps\\\/eau-florale-douceur-125-ml\\\/#primaryimage\",\"url\":\"https:\\\/\\\/www.lesjardinsdesaintehildegarde.com\\\/wp-content\\\/uploads\\\/2023\\\/08\\\/820-eau-florale-douceur-125ml.jpg\",\"contentUrl\":\"https:\\\/\\\/www.lesjardinsdesaintehildegarde.com\\\/wp-content\\\/uploads\\\/2023\\\/08\\\/820-eau-florale-douceur-125ml.jpg\",\"width\":1200,\"height\":1200,\"caption\":\"Eau florale douceur, lotion pour les peaux fines et sensible, nettoyante et adoucissante - ingr\u00e9dients 100% naturels - 125ml\"},{\"@type\":\"BreadcrumbList\",\"@id\":\"https:\\\/\\\/www.lesjardinsdesaintehildegarde.com\\\/en\\\/cosmetics\\\/natural-viriditas-cosmetics\\\/lotions-and-essential-saps\\\/eau-florale-douceur-125-ml\\\/#breadcrumb\",\"itemListElement\":[{\"@type\":\"ListItem\",\"position\":1,\"name\":\"Home\",\"item\":\"https:\\\/\\\/www.lesjardinsdesaintehildegarde.com\\\/en\\\/\"},{\"@type\":\"ListItem\",\"position\":2,\"name\":\"Products\",\"item\":\"https:\\\/\\\/www.lesjardinsdesaintehildegarde.com\\\/en\\\/shop\\\/\"},{\"@type\":\"ListItem\",\"position\":3,\"name\":\"EAU FLORALE DOUCEUR 125 ML\"}]},{\"@type\":\"WebSite\",\"@id\":\"https:\\\/\\\/www.lesjardinsdesaintehildegarde.com\\\/en\\\/#website\",\"url\":\"https:\\\/\\\/www.lesjardinsdesaintehildegarde.com\\\/en\\\/\",\"name\":\"Les Jardins de Sainte-Hildegarde\",\"description\":\"Viriditas\",\"publisher\":{\"@id\":\"https:\\\/\\\/www.lesjardinsdesaintehildegarde.com\\\/en\\\/#organization\"},\"potentialAction\":[{\"@type\":\"SearchAction\",\"target\":{\"@type\":\"EntryPoint\",\"urlTemplate\":\"https:\\\/\\\/www.lesjardinsdesaintehildegarde.com\\\/en\\\/?s={search_term_string}\"},\"query-input\":{\"@type\":\"PropertyValueSpecification\",\"valueRequired\":true,\"valueName\":\"search_term_string\"}}],\"inLanguage\":\"en-US\"},{\"@type\":\"Organization\",\"@id\":\"https:\\\/\\\/www.lesjardinsdesaintehildegarde.com\\\/en\\\/#organization\",\"name\":\"Les Jardins de Sainte-Hildegarde\",\"url\":\"https:\\\/\\\/www.lesjardinsdesaintehildegarde.com\\\/en\\\/\",\"logo\":{\"@type\":\"ImageObject\",\"inLanguage\":\"en-US\",\"@id\":\"https:\\\/\\\/www.lesjardinsdesaintehildegarde.com\\\/en\\\/#\\\/schema\\\/logo\\\/image\\\/\",\"url\":\"https:\\\/\\\/www.lesjardinsdesaintehildegarde.com\\\/wp-content\\\/uploads\\\/2022\\\/11\\\/logo-2022.png\",\"contentUrl\":\"https:\\\/\\\/www.lesjardinsdesaintehildegarde.com\\\/wp-content\\\/uploads\\\/2022\\\/11\\\/logo-2022.png\",\"width\":365,\"height\":90,\"caption\":\"Les Jardins de Sainte-Hildegarde\"},\"image\":{\"@id\":\"https:\\\/\\\/www.lesjardinsdesaintehildegarde.com\\\/en\\\/#\\\/schema\\\/logo\\\/image\\\/\"}}]}<\/script>\n<!-- \/ Yoast SEO plugin. -->","yoast_head_json":{"title":"EAU FLORALE DOUCEUR 125 ML - Les Jardins de Sainte-Hildegarde","robots":{"index":"index","follow":"follow","max-snippet":"max-snippet:-1","max-image-preview":"max-image-preview:large","max-video-preview":"max-video-preview:-1"},"canonical":"https:\/\/www.lesjardinsdesaintehildegarde.com\/en\/cosmetics\/natural-viriditas-cosmetics\/lotions-and-essential-saps\/eau-florale-douceur-125-ml\/","og_locale":"en_US","og_type":"article","og_title":"EAU FLORALE DOUCEUR 125 ML - Les Jardins de Sainte-Hildegarde","og_description":"EAU FLORALE DOUCEUR VIRIDITAS 125ml (20.16\u20ac \/ 100ml) Ingr\u00e9dients 100% naturels Indications : &#8211; Nourrit, hydrate la peau &#8211; Nettoie la peau en douceur sans l&#8217;utilisation de d\u00e9tergents &#8211; Apporte douceur \u00e0 la peau &#8211; Id\u00e9al pour les peaux sensibles et d\u00e9licates &#8211; Apaise et calme la peau Lotion douceur Prenez soin de la peau [&hellip;]","og_url":"https:\/\/www.lesjardinsdesaintehildegarde.com\/en\/cosmetics\/natural-viriditas-cosmetics\/lotions-and-essential-saps\/eau-florale-douceur-125-ml\/","og_site_name":"Les Jardins de Sainte-Hildegarde","article_modified_time":"2026-04-30T21:02:09+00:00","og_image":[{"width":1200,"height":1200,"url":"https:\/\/www.lesjardinsdesaintehildegarde.com\/wp-content\/uploads\/2023\/08\/820-eau-florale-douceur-125ml.jpg","type":"image\/jpeg"}],"twitter_card":"summary_large_image","twitter_misc":{"Est. reading time":"3 minutes"},"schema":{"@context":"https:\/\/schema.org","@graph":[{"@type":"WebPage","@id":"https:\/\/www.lesjardinsdesaintehildegarde.com\/en\/cosmetics\/natural-viriditas-cosmetics\/lotions-and-essential-saps\/eau-florale-douceur-125-ml\/","url":"https:\/\/www.lesjardinsdesaintehildegarde.com\/en\/cosmetics\/natural-viriditas-cosmetics\/lotions-and-essential-saps\/eau-florale-douceur-125-ml\/","name":"EAU FLORALE DOUCEUR 125 ML - Les Jardins de Sainte-Hildegarde","isPartOf":{"@id":"https:\/\/www.lesjardinsdesaintehildegarde.com\/en\/#website"},"primaryImageOfPage":{"@id":"https:\/\/www.lesjardinsdesaintehildegarde.com\/en\/cosmetics\/natural-viriditas-cosmetics\/lotions-and-essential-saps\/eau-florale-douceur-125-ml\/#primaryimage"},"image":{"@id":"https:\/\/www.lesjardinsdesaintehildegarde.com\/en\/cosmetics\/natural-viriditas-cosmetics\/lotions-and-essential-saps\/eau-florale-douceur-125-ml\/#primaryimage"},"thumbnailUrl":"https:\/\/www.lesjardinsdesaintehildegarde.com\/wp-content\/uploads\/2023\/08\/820-eau-florale-douceur-125ml.jpg","datePublished":"2022-11-04T08:07:54+00:00","dateModified":"2026-04-30T21:02:09+00:00","breadcrumb":{"@id":"https:\/\/www.lesjardinsdesaintehildegarde.com\/en\/cosmetics\/natural-viriditas-cosmetics\/lotions-and-essential-saps\/eau-florale-douceur-125-ml\/#breadcrumb"},"inLanguage":"en-US","potentialAction":[{"@type":"ReadAction","target":["https:\/\/www.lesjardinsdesaintehildegarde.com\/en\/cosmetics\/natural-viriditas-cosmetics\/lotions-and-essential-saps\/eau-florale-douceur-125-ml\/"]}]},{"@type":"ImageObject","inLanguage":"en-US","@id":"https:\/\/www.lesjardinsdesaintehildegarde.com\/en\/cosmetics\/natural-viriditas-cosmetics\/lotions-and-essential-saps\/eau-florale-douceur-125-ml\/#primaryimage","url":"https:\/\/www.lesjardinsdesaintehildegarde.com\/wp-content\/uploads\/2023\/08\/820-eau-florale-douceur-125ml.jpg","contentUrl":"https:\/\/www.lesjardinsdesaintehildegarde.com\/wp-content\/uploads\/2023\/08\/820-eau-florale-douceur-125ml.jpg","width":1200,"height":1200,"caption":"Eau florale douceur, lotion pour les peaux fines et sensible, nettoyante et adoucissante - ingr\u00e9dients 100% naturels - 125ml"},{"@type":"BreadcrumbList","@id":"https:\/\/www.lesjardinsdesaintehildegarde.com\/en\/cosmetics\/natural-viriditas-cosmetics\/lotions-and-essential-saps\/eau-florale-douceur-125-ml\/#breadcrumb","itemListElement":[{"@type":"ListItem","position":1,"name":"Home","item":"https:\/\/www.lesjardinsdesaintehildegarde.com\/en\/"},{"@type":"ListItem","position":2,"name":"Products","item":"https:\/\/www.lesjardinsdesaintehildegarde.com\/en\/shop\/"},{"@type":"ListItem","position":3,"name":"EAU FLORALE DOUCEUR 125 ML"}]},{"@type":"WebSite","@id":"https:\/\/www.lesjardinsdesaintehildegarde.com\/en\/#website","url":"https:\/\/www.lesjardinsdesaintehildegarde.com\/en\/","name":"Les Jardins de Sainte-Hildegarde","description":"Viriditas","publisher":{"@id":"https:\/\/www.lesjardinsdesaintehildegarde.com\/en\/#organization"},"potentialAction":[{"@type":"SearchAction","target":{"@type":"EntryPoint","urlTemplate":"https:\/\/www.lesjardinsdesaintehildegarde.com\/en\/?s={search_term_string}"},"query-input":{"@type":"PropertyValueSpecification","valueRequired":true,"valueName":"search_term_string"}}],"inLanguage":"en-US"},{"@type":"Organization","@id":"https:\/\/www.lesjardinsdesaintehildegarde.com\/en\/#organization","name":"Les Jardins de Sainte-Hildegarde","url":"https:\/\/www.lesjardinsdesaintehildegarde.com\/en\/","logo":{"@type":"ImageObject","inLanguage":"en-US","@id":"https:\/\/www.lesjardinsdesaintehildegarde.com\/en\/#\/schema\/logo\/image\/","url":"https:\/\/www.lesjardinsdesaintehildegarde.com\/wp-content\/uploads\/2022\/11\/logo-2022.png","contentUrl":"https:\/\/www.lesjardinsdesaintehildegarde.com\/wp-content\/uploads\/2022\/11\/logo-2022.png","width":365,"height":90,"caption":"Les Jardins de Sainte-Hildegarde"},"image":{"@id":"https:\/\/www.lesjardinsdesaintehildegarde.com\/en\/#\/schema\/logo\/image\/"}}]}},"_links":{"self":[{"href":"https:\/\/www.lesjardinsdesaintehildegarde.com\/en\/wp-json\/wp\/v2\/product\/1226","targetHints":{"allow":["GET"]}}],"collection":[{"href":"https:\/\/www.lesjardinsdesaintehildegarde.com\/en\/wp-json\/wp\/v2\/product"}],"about":[{"href":"https:\/\/www.lesjardinsdesaintehildegarde.com\/en\/wp-json\/wp\/v2\/types\/product"}],"replies":[{"embeddable":true,"href":"https:\/\/www.lesjardinsdesaintehildegarde.com\/en\/wp-json\/wp\/v2\/comments?post=1226"}],"wp:featuredmedia":[{"embeddable":true,"href":"https:\/\/www.lesjardinsdesaintehildegarde.com\/en\/wp-json\/wp\/v2\/media\/70877"}],"wp:attachment":[{"href":"https:\/\/www.lesjardinsdesaintehildegarde.com\/en\/wp-json\/wp\/v2\/media?parent=1226"}],"wp:term":[{"taxonomy":"product_brand","embeddable":true,"href":"https:\/\/www.lesjardinsdesaintehildegarde.com\/en\/wp-json\/wp\/v2\/product_brand?post=1226"},{"taxonomy":"product_cat","embeddable":true,"href":"https:\/\/www.lesjardinsdesaintehildegarde.com\/en\/wp-json\/wp\/v2\/product_cat?post=1226"},{"taxonomy":"product_tag","embeddable":true,"href":"https:\/\/www.lesjardinsdesaintehildegarde.com\/en\/wp-json\/wp\/v2\/product_tag?post=1226"}],"curies":[{"name":"wp","href":"https:\/\/api.w.org\/{rel}","templated":true}]}}