{"id":1228,"date":"2022-11-04T09:07:54","date_gmt":"2022-11-04T08:07:54","guid":{"rendered":"https:\/\/www.lesjardinsdesaintehildegarde.com\/non%20class\u00e9\/huile-douceur-massage-125-ml\/"},"modified":"2026-04-20T23:02:13","modified_gmt":"2026-04-20T21:02:13","slug":"huile-douceur-massage-125-ml","status":"publish","type":"product","link":"https:\/\/www.lesjardinsdesaintehildegarde.com\/en\/cosmetics\/natural-viriditas-cosmetics\/oils-of-care\/huile-douceur-massage-125-ml\/","title":{"rendered":"HUILE DOUCEUR MASSAGE 125 ML"},"content":{"rendered":"<p>HUILE DOUCEUR MASSAGEAU TILLEUL VIRIDITAS 125ML (20,76\u20ac \/ 100ml)<\/p>\n<p>Ingr\u00e9dients 100% naturels<\/p>\n<p>Fluide et d\u00e9licatement parfum\u00e9e<\/p>\n<p>Huile apaisante au tilleul  <\/p>\n<p>Cette formule contient un ingr\u00e9dient unique : l&#8217;huile de la plante appel\u00e9e \u00ab Mousse de la prairie \u00bb (la limnanthe), particuli\u00e8rement riche en acide gras insatur\u00e9s. <\/p>\n<p>Cet excellent produit aide \u00e0 \u00e9liminer les graisses qui se forment dans les plis de certaines parties du corps. Son usage permet une pr\u00e9cieuse protection.<\/p>\n<p>Entrent dans sa composition des plantes essentielles recommand\u00e9es par sainte Hildegarde pour le bien \u00eatre, qui passe tant par la peau que par l&#8217;odorat.<\/p>\n<p>Le tilleul poss\u00e8de une grande chaleur, celle-ci se trouve dans ses racines avant de monter dans ses branches et dans ses feuilles. Elle recommande de placer des feuilles de tilleul fra\u00eeches sur le visage et les yeux, il peut aussi \u00eatre utilis\u00e9 en bain pour d&#8217;autres bienfaits. Les extraits de tilleul contenus dans cette huile permettent de b\u00e9n\u00e9ficier de tous ses bienfaits.<\/p>\n<p>Le calendula est d\u00e9crit comme \u00e9tant plein de verdeur et utile pour les soins du corps tout comme le noisetier. <\/p>\n<p>Principaux ingr\u00e9dients actifs :<\/p>\n<p>&#8211; Le Tournesol : Cette huile contient des acides gras ol\u00e9iques et linol\u00e9iques et de la vitamine E qui renforce la couche de protection naturelle de la peau.<\/p>\n<p>&#8211; Le Noisetier : Sa teneur en vitamine E et en acides gras essentiels \u00e9quilibre la couche de protection naturelle de la peau.<\/p>\n<p>&#8211; Le Tilleul : Les fleurs de cet arbre fournissent une huile essentielle caract\u00e9ristiques et du farnesol. Ses principes actifs sont \u00e9mollients et calmants.<\/p>\n<p>&#8211; Limnanthes alba : L&#8217;huile des graines de cette plante apporte de l&#8217;acide gras insatur\u00e9, tr\u00e8s stable \u00e0 l&#8217;oxydation, extr\u00eamement \u00e9mollient et protecteur des peaux d\u00e9licates.<\/p>\n<p>Du fait de leur composition naturelle, pour l&#8217;usage des produits de la ligne Viriditas :<\/p>\n<p>Il est possible d&#8217;observer de l\u00e9g\u00e8res variations d&#8217;aspect, de textures et d&#8217;ar\u00f4mes d&#8217;un lot \u00e0 un autre, les qualit\u00e9s des produits n&#8217;en sont pas affect\u00e9es, cela vient simplement du fait qu&#8217;aucun produit chimique n&#8217;est utilis\u00e9 pour les amalgamer.<\/p>\n<p>Ces variations sont propres aux variations naturelles des v\u00e9g\u00e9taux.<\/p>\n<p>Compos\u00e9 Phyto-aromatique :<\/p>\n<p>Cette huile d\u00e9gage une odeur de bois de rose ainsi qu&#8217;une note verte et fra\u00eeche de litsea. Ce bouquet aromatique transmet, \u00e0 travers la peau et l&#8217;odorat, une sensation de d\u00e9tente et de protection.<\/p>\n<p>Ingr\u00e9dients : <\/p>\n<p>Helianthus annuus seed oil* \u00b7 Corylus avellana seed oil* \u00b7 Rosa centifolia flower extract* \u00b7 Tilia  cordata flower extract* \u00b7 Limnanthes alba seed oil \u00b7 Parfum* \u00b7 Limonene^ \u00b7 Linalool^ \u00b7 Citral^ \u00b7 Geraniol^<\/p>\n<p>*issu de l&#8217;agriculture biologique <\/p>\n<p>\u00b0issu de cueillette sauvage<\/p>\n<p>^issu d&#8217;huiles essentielles naturelles<\/p>\n<p>(En Fran\u00e7ais : Extrait d&#8217;huile de semence de Tournesol, Extrait d&#8217;huile de semence de Noisetier, Extrait de fleur de Rose &#8220;Cent-Feuilles&#8221;, Tilleul, Huile de graine de limnanthe, Parfum (huiles essentielles naturelles), Limon\u00e8ne^, Linalool^, citral^, g\u00e9raniol^).<\/p>\n<p>Mode d&#8217;emploi : Toujours agiter avant emploi pour homog\u00e9n\u00e9iser le produit.<\/p>\n<p>Apr\u00e8s la douche et sur peau humide, \u00e9taler l&#8217;Huile \u00ab Douceur Massage \u00bb sur le corps. <\/p>\n<p>Pour le massage, utiliser le produit directement sur la peau s\u00e8che. <\/p>\n<p>En cas de cro\u00fbtes de lait, appliquer de l&#8217;huile et laisser reposer 10 minutes avant de l&#8217;enlever doucement avec une brosse douce puis laver avec un shampooing doux.<\/p>\n","protected":false},"excerpt":{"rendered":"<p>HUILE DOUCEUR MASSAGEAU TILLEUL VIRIDITAS 125ML (20,76\u20ac \/ 100ml) Ingr\u00e9dients 100% naturels Fluide et d\u00e9licatement parfum\u00e9e Huile apaisante au tilleul Cette formule contient un ingr\u00e9dient unique : l&#8217;huile de la plante appel\u00e9e \u00ab Mousse de la prairie \u00bb (la limnanthe), particuli\u00e8rement riche en acide gras insatur\u00e9s. Cet excellent produit aide \u00e0 \u00e9liminer les graisses qui [&hellip;]<\/p>\n","protected":false},"featured_media":70880,"comment_status":"open","ping_status":"closed","template":"","meta":{"_acf_changed":false,"_relevanssi_hide_post":"","_relevanssi_hide_content":"","_relevanssi_pin_for_all":"","_relevanssi_pin_keywords":"","_relevanssi_unpin_keywords":"","_relevanssi_related_keywords":"","_relevanssi_related_include_ids":"","_relevanssi_related_exclude_ids":"","_relevanssi_related_no_append":"","_relevanssi_related_not_related":"","_relevanssi_related_posts":"","_relevanssi_noindex_reason":""},"product_brand":[],"product_cat":[27,96,98],"product_tag":[],"class_list":{"0":"post-1228","1":"product","2":"type-product","3":"status-publish","4":"has-post-thumbnail","6":"product_cat-cosmetiques","7":"product_cat-cosmetiques-viriditas-naturels","8":"product_cat-huiles-de-soin","10":"first","11":"instock","12":"taxable","13":"shipping-taxable","14":"purchasable","15":"product-type-simple"},"acf":[],"yoast_head":"<!-- This site is optimized with the Yoast SEO plugin v27.2 - https:\/\/yoast.com\/product\/yoast-seo-wordpress\/ -->\n<title>HUILE DOUCEUR MASSAGE 125 ML - Les Jardins de Sainte-Hildegarde<\/title>\n<meta name=\"robots\" content=\"index, follow, max-snippet:-1, max-image-preview:large, max-video-preview:-1\" \/>\n<link rel=\"canonical\" href=\"https:\/\/www.lesjardinsdesaintehildegarde.com\/en\/cosmetics\/natural-viriditas-cosmetics\/oils-of-care\/huile-douceur-massage-125-ml\/\" \/>\n<meta property=\"og:locale\" content=\"en_US\" \/>\n<meta property=\"og:type\" content=\"article\" \/>\n<meta property=\"og:title\" content=\"HUILE DOUCEUR MASSAGE 125 ML - Les Jardins de Sainte-Hildegarde\" \/>\n<meta property=\"og:description\" content=\"HUILE DOUCEUR MASSAGEAU TILLEUL VIRIDITAS 125ML (20,76\u20ac \/ 100ml) Ingr\u00e9dients 100% naturels Fluide et d\u00e9licatement parfum\u00e9e Huile apaisante au tilleul Cette formule contient un ingr\u00e9dient unique : l&#8217;huile de la plante appel\u00e9e \u00ab Mousse de la prairie \u00bb (la limnanthe), particuli\u00e8rement riche en acide gras insatur\u00e9s. Cet excellent produit aide \u00e0 \u00e9liminer les graisses qui [&hellip;]\" \/>\n<meta property=\"og:url\" content=\"https:\/\/www.lesjardinsdesaintehildegarde.com\/en\/cosmetics\/natural-viriditas-cosmetics\/oils-of-care\/huile-douceur-massage-125-ml\/\" \/>\n<meta property=\"og:site_name\" content=\"Les Jardins de Sainte-Hildegarde\" \/>\n<meta property=\"article:modified_time\" content=\"2026-04-20T21:02:13+00:00\" \/>\n<meta property=\"og:image\" content=\"https:\/\/www.lesjardinsdesaintehildegarde.com\/wp-content\/uploads\/2023\/08\/822-huile-douceur-massage-125ml.jpg\" \/>\n\t<meta property=\"og:image:width\" content=\"1200\" \/>\n\t<meta property=\"og:image:height\" content=\"1200\" \/>\n\t<meta property=\"og:image:type\" content=\"image\/jpeg\" \/>\n<meta name=\"twitter:card\" content=\"summary_large_image\" \/>\n<meta name=\"twitter:label1\" content=\"Est. reading time\" \/>\n\t<meta name=\"twitter:data1\" content=\"3 minutes\" \/>\n<script type=\"application\/ld+json\" class=\"yoast-schema-graph\">{\"@context\":\"https:\/\/schema.org\",\"@graph\":[{\"@type\":\"WebPage\",\"@id\":\"https:\/\/www.lesjardinsdesaintehildegarde.com\/en\/cosmetics\/natural-viriditas-cosmetics\/oils-of-care\/huile-douceur-massage-125-ml\/\",\"url\":\"https:\/\/www.lesjardinsdesaintehildegarde.com\/en\/cosmetics\/natural-viriditas-cosmetics\/oils-of-care\/huile-douceur-massage-125-ml\/\",\"name\":\"HUILE DOUCEUR MASSAGE 125 ML - Les Jardins de Sainte-Hildegarde\",\"isPartOf\":{\"@id\":\"https:\/\/www.lesjardinsdesaintehildegarde.com\/en\/#website\"},\"primaryImageOfPage\":{\"@id\":\"https:\/\/www.lesjardinsdesaintehildegarde.com\/en\/cosmetics\/natural-viriditas-cosmetics\/oils-of-care\/huile-douceur-massage-125-ml\/#primaryimage\"},\"image\":{\"@id\":\"https:\/\/www.lesjardinsdesaintehildegarde.com\/en\/cosmetics\/natural-viriditas-cosmetics\/oils-of-care\/huile-douceur-massage-125-ml\/#primaryimage\"},\"thumbnailUrl\":\"https:\/\/www.lesjardinsdesaintehildegarde.com\/wp-content\/uploads\/2023\/08\/822-huile-douceur-massage-125ml.jpg\",\"datePublished\":\"2022-11-04T08:07:54+00:00\",\"dateModified\":\"2026-04-20T21:02:13+00:00\",\"breadcrumb\":{\"@id\":\"https:\/\/www.lesjardinsdesaintehildegarde.com\/en\/cosmetics\/natural-viriditas-cosmetics\/oils-of-care\/huile-douceur-massage-125-ml\/#breadcrumb\"},\"inLanguage\":\"en-US\",\"potentialAction\":[{\"@type\":\"ReadAction\",\"target\":[\"https:\/\/www.lesjardinsdesaintehildegarde.com\/en\/cosmetics\/natural-viriditas-cosmetics\/oils-of-care\/huile-douceur-massage-125-ml\/\"]}]},{\"@type\":\"ImageObject\",\"inLanguage\":\"en-US\",\"@id\":\"https:\/\/www.lesjardinsdesaintehildegarde.com\/en\/cosmetics\/natural-viriditas-cosmetics\/oils-of-care\/huile-douceur-massage-125-ml\/#primaryimage\",\"url\":\"https:\/\/www.lesjardinsdesaintehildegarde.com\/wp-content\/uploads\/2023\/08\/822-huile-douceur-massage-125ml.jpg\",\"contentUrl\":\"https:\/\/www.lesjardinsdesaintehildegarde.com\/wp-content\/uploads\/2023\/08\/822-huile-douceur-massage-125ml.jpg\",\"width\":1200,\"height\":1200,\"caption\":\"huile douceur massage au tilleul et au romarin, pour apaiser et d\u00e9tendre - fine et fluide - ingr\u00e9dients 100% naturels - 125ml\"},{\"@type\":\"BreadcrumbList\",\"@id\":\"https:\/\/www.lesjardinsdesaintehildegarde.com\/en\/cosmetics\/natural-viriditas-cosmetics\/oils-of-care\/huile-douceur-massage-125-ml\/#breadcrumb\",\"itemListElement\":[{\"@type\":\"ListItem\",\"position\":1,\"name\":\"Home\",\"item\":\"https:\/\/www.lesjardinsdesaintehildegarde.com\/en\/\"},{\"@type\":\"ListItem\",\"position\":2,\"name\":\"Products\",\"item\":\"https:\/\/www.lesjardinsdesaintehildegarde.com\/en\/shop\/\"},{\"@type\":\"ListItem\",\"position\":3,\"name\":\"HUILE DOUCEUR MASSAGE 125 ML\"}]},{\"@type\":\"WebSite\",\"@id\":\"https:\/\/www.lesjardinsdesaintehildegarde.com\/en\/#website\",\"url\":\"https:\/\/www.lesjardinsdesaintehildegarde.com\/en\/\",\"name\":\"Les Jardins de Sainte-Hildegarde\",\"description\":\"Viriditas\",\"publisher\":{\"@id\":\"https:\/\/www.lesjardinsdesaintehildegarde.com\/en\/#organization\"},\"potentialAction\":[{\"@type\":\"SearchAction\",\"target\":{\"@type\":\"EntryPoint\",\"urlTemplate\":\"https:\/\/www.lesjardinsdesaintehildegarde.com\/en\/?s={search_term_string}\"},\"query-input\":{\"@type\":\"PropertyValueSpecification\",\"valueRequired\":true,\"valueName\":\"search_term_string\"}}],\"inLanguage\":\"en-US\"},{\"@type\":\"Organization\",\"@id\":\"https:\/\/www.lesjardinsdesaintehildegarde.com\/en\/#organization\",\"name\":\"Les Jardins de Sainte-Hildegarde\",\"url\":\"https:\/\/www.lesjardinsdesaintehildegarde.com\/en\/\",\"logo\":{\"@type\":\"ImageObject\",\"inLanguage\":\"en-US\",\"@id\":\"https:\/\/www.lesjardinsdesaintehildegarde.com\/en\/#\/schema\/logo\/image\/\",\"url\":\"https:\/\/www.lesjardinsdesaintehildegarde.com\/wp-content\/uploads\/2022\/11\/logo-2022.png\",\"contentUrl\":\"https:\/\/www.lesjardinsdesaintehildegarde.com\/wp-content\/uploads\/2022\/11\/logo-2022.png\",\"width\":365,\"height\":90,\"caption\":\"Les Jardins de Sainte-Hildegarde\"},\"image\":{\"@id\":\"https:\/\/www.lesjardinsdesaintehildegarde.com\/en\/#\/schema\/logo\/image\/\"}}]}<\/script>\n<!-- \/ Yoast SEO plugin. -->","yoast_head_json":{"title":"HUILE DOUCEUR MASSAGE 125 ML - Les Jardins de Sainte-Hildegarde","robots":{"index":"index","follow":"follow","max-snippet":"max-snippet:-1","max-image-preview":"max-image-preview:large","max-video-preview":"max-video-preview:-1"},"canonical":"https:\/\/www.lesjardinsdesaintehildegarde.com\/en\/cosmetics\/natural-viriditas-cosmetics\/oils-of-care\/huile-douceur-massage-125-ml\/","og_locale":"en_US","og_type":"article","og_title":"HUILE DOUCEUR MASSAGE 125 ML - Les Jardins de Sainte-Hildegarde","og_description":"HUILE DOUCEUR MASSAGEAU TILLEUL VIRIDITAS 125ML (20,76\u20ac \/ 100ml) Ingr\u00e9dients 100% naturels Fluide et d\u00e9licatement parfum\u00e9e Huile apaisante au tilleul Cette formule contient un ingr\u00e9dient unique : l&#8217;huile de la plante appel\u00e9e \u00ab Mousse de la prairie \u00bb (la limnanthe), particuli\u00e8rement riche en acide gras insatur\u00e9s. Cet excellent produit aide \u00e0 \u00e9liminer les graisses qui [&hellip;]","og_url":"https:\/\/www.lesjardinsdesaintehildegarde.com\/en\/cosmetics\/natural-viriditas-cosmetics\/oils-of-care\/huile-douceur-massage-125-ml\/","og_site_name":"Les Jardins de Sainte-Hildegarde","article_modified_time":"2026-04-20T21:02:13+00:00","og_image":[{"width":1200,"height":1200,"url":"https:\/\/www.lesjardinsdesaintehildegarde.com\/wp-content\/uploads\/2023\/08\/822-huile-douceur-massage-125ml.jpg","type":"image\/jpeg"}],"twitter_card":"summary_large_image","twitter_misc":{"Est. reading time":"3 minutes"},"schema":{"@context":"https:\/\/schema.org","@graph":[{"@type":"WebPage","@id":"https:\/\/www.lesjardinsdesaintehildegarde.com\/en\/cosmetics\/natural-viriditas-cosmetics\/oils-of-care\/huile-douceur-massage-125-ml\/","url":"https:\/\/www.lesjardinsdesaintehildegarde.com\/en\/cosmetics\/natural-viriditas-cosmetics\/oils-of-care\/huile-douceur-massage-125-ml\/","name":"HUILE DOUCEUR MASSAGE 125 ML - Les Jardins de Sainte-Hildegarde","isPartOf":{"@id":"https:\/\/www.lesjardinsdesaintehildegarde.com\/en\/#website"},"primaryImageOfPage":{"@id":"https:\/\/www.lesjardinsdesaintehildegarde.com\/en\/cosmetics\/natural-viriditas-cosmetics\/oils-of-care\/huile-douceur-massage-125-ml\/#primaryimage"},"image":{"@id":"https:\/\/www.lesjardinsdesaintehildegarde.com\/en\/cosmetics\/natural-viriditas-cosmetics\/oils-of-care\/huile-douceur-massage-125-ml\/#primaryimage"},"thumbnailUrl":"https:\/\/www.lesjardinsdesaintehildegarde.com\/wp-content\/uploads\/2023\/08\/822-huile-douceur-massage-125ml.jpg","datePublished":"2022-11-04T08:07:54+00:00","dateModified":"2026-04-20T21:02:13+00:00","breadcrumb":{"@id":"https:\/\/www.lesjardinsdesaintehildegarde.com\/en\/cosmetics\/natural-viriditas-cosmetics\/oils-of-care\/huile-douceur-massage-125-ml\/#breadcrumb"},"inLanguage":"en-US","potentialAction":[{"@type":"ReadAction","target":["https:\/\/www.lesjardinsdesaintehildegarde.com\/en\/cosmetics\/natural-viriditas-cosmetics\/oils-of-care\/huile-douceur-massage-125-ml\/"]}]},{"@type":"ImageObject","inLanguage":"en-US","@id":"https:\/\/www.lesjardinsdesaintehildegarde.com\/en\/cosmetics\/natural-viriditas-cosmetics\/oils-of-care\/huile-douceur-massage-125-ml\/#primaryimage","url":"https:\/\/www.lesjardinsdesaintehildegarde.com\/wp-content\/uploads\/2023\/08\/822-huile-douceur-massage-125ml.jpg","contentUrl":"https:\/\/www.lesjardinsdesaintehildegarde.com\/wp-content\/uploads\/2023\/08\/822-huile-douceur-massage-125ml.jpg","width":1200,"height":1200,"caption":"huile douceur massage au tilleul et au romarin, pour apaiser et d\u00e9tendre - fine et fluide - ingr\u00e9dients 100% naturels - 125ml"},{"@type":"BreadcrumbList","@id":"https:\/\/www.lesjardinsdesaintehildegarde.com\/en\/cosmetics\/natural-viriditas-cosmetics\/oils-of-care\/huile-douceur-massage-125-ml\/#breadcrumb","itemListElement":[{"@type":"ListItem","position":1,"name":"Home","item":"https:\/\/www.lesjardinsdesaintehildegarde.com\/en\/"},{"@type":"ListItem","position":2,"name":"Products","item":"https:\/\/www.lesjardinsdesaintehildegarde.com\/en\/shop\/"},{"@type":"ListItem","position":3,"name":"HUILE DOUCEUR MASSAGE 125 ML"}]},{"@type":"WebSite","@id":"https:\/\/www.lesjardinsdesaintehildegarde.com\/en\/#website","url":"https:\/\/www.lesjardinsdesaintehildegarde.com\/en\/","name":"Les Jardins de Sainte-Hildegarde","description":"Viriditas","publisher":{"@id":"https:\/\/www.lesjardinsdesaintehildegarde.com\/en\/#organization"},"potentialAction":[{"@type":"SearchAction","target":{"@type":"EntryPoint","urlTemplate":"https:\/\/www.lesjardinsdesaintehildegarde.com\/en\/?s={search_term_string}"},"query-input":{"@type":"PropertyValueSpecification","valueRequired":true,"valueName":"search_term_string"}}],"inLanguage":"en-US"},{"@type":"Organization","@id":"https:\/\/www.lesjardinsdesaintehildegarde.com\/en\/#organization","name":"Les Jardins de Sainte-Hildegarde","url":"https:\/\/www.lesjardinsdesaintehildegarde.com\/en\/","logo":{"@type":"ImageObject","inLanguage":"en-US","@id":"https:\/\/www.lesjardinsdesaintehildegarde.com\/en\/#\/schema\/logo\/image\/","url":"https:\/\/www.lesjardinsdesaintehildegarde.com\/wp-content\/uploads\/2022\/11\/logo-2022.png","contentUrl":"https:\/\/www.lesjardinsdesaintehildegarde.com\/wp-content\/uploads\/2022\/11\/logo-2022.png","width":365,"height":90,"caption":"Les Jardins de Sainte-Hildegarde"},"image":{"@id":"https:\/\/www.lesjardinsdesaintehildegarde.com\/en\/#\/schema\/logo\/image\/"}}]}},"_links":{"self":[{"href":"https:\/\/www.lesjardinsdesaintehildegarde.com\/en\/wp-json\/wp\/v2\/product\/1228","targetHints":{"allow":["GET"]}}],"collection":[{"href":"https:\/\/www.lesjardinsdesaintehildegarde.com\/en\/wp-json\/wp\/v2\/product"}],"about":[{"href":"https:\/\/www.lesjardinsdesaintehildegarde.com\/en\/wp-json\/wp\/v2\/types\/product"}],"replies":[{"embeddable":true,"href":"https:\/\/www.lesjardinsdesaintehildegarde.com\/en\/wp-json\/wp\/v2\/comments?post=1228"}],"wp:featuredmedia":[{"embeddable":true,"href":"https:\/\/www.lesjardinsdesaintehildegarde.com\/en\/wp-json\/wp\/v2\/media\/70880"}],"wp:attachment":[{"href":"https:\/\/www.lesjardinsdesaintehildegarde.com\/en\/wp-json\/wp\/v2\/media?parent=1228"}],"wp:term":[{"taxonomy":"product_brand","embeddable":true,"href":"https:\/\/www.lesjardinsdesaintehildegarde.com\/en\/wp-json\/wp\/v2\/product_brand?post=1228"},{"taxonomy":"product_cat","embeddable":true,"href":"https:\/\/www.lesjardinsdesaintehildegarde.com\/en\/wp-json\/wp\/v2\/product_cat?post=1228"},{"taxonomy":"product_tag","embeddable":true,"href":"https:\/\/www.lesjardinsdesaintehildegarde.com\/en\/wp-json\/wp\/v2\/product_tag?post=1228"}],"curies":[{"name":"wp","href":"https:\/\/api.w.org\/{rel}","templated":true}]}}