{"id":1240,"date":"2022-11-04T09:07:56","date_gmt":"2022-11-04T08:07:56","guid":{"rendered":"https:\/\/www.lesjardinsdesaintehildegarde.com\/non%20class\u00e9\/chapelure-grand-epeautre-bio-300g\/"},"modified":"2026-05-02T09:02:03","modified_gmt":"2026-05-02T07:02:03","slug":"chapelure-grand-epeautre-bio-300g","status":"publish","type":"product","link":"https:\/\/www.lesjardinsdesaintehildegarde.com\/en\/spelt-food\/spelt\/large-spelt\/chapelure-grand-epeautre-bio-300g\/","title":{"rendered":"CHAPELURE GRAND EPEAUTRE BIO 300G*"},"content":{"rendered":"<p>CHAPELURE DE GRAND \u00c9PEAUTRE BIO 300G* (12\u20ac \/ kg)<\/p>\n<p>Non crois\u00e9 avec du bl\u00e9 &#8211; Vari\u00e9t\u00e9 ancienne &#8220;OBERKULMER&#8221;<\/p>\n<p>* issu de l&#8217;agriculture biologique &#8211; Origine France <\/p>\n<p>Depuis plus de 25 ans Les Jardins de sainte Hildegarde sont sp\u00e9cialistes de l&#8217;\u00e9peautre non crois\u00e9 avec du bl\u00e9 (dit aussi \u00ab non hybrid\u00e9 \u00bb). Cet anc\u00eatre du bl\u00e9 moderne est une tr\u00e8s ancienne c\u00e9r\u00e9ale : + de 10000 ans. R\u00e9ellement pur, l&#8217;\u00e9peautre bio est la c\u00e9r\u00e9ale par excellence, conseill\u00e9e comme base essentielle d&#8217;une bonne alimentation par sainte Hildegarde de Bingen.<\/p>\n<p>Cette chapelure de grande qualit\u00e9 vous permettra de r\u00e9aliser vos pr\u00e9parations culinaires habituelles tout en b\u00e9n\u00e9ficiant de tous les bienfaits de l&#8217;\u00e9peautre non crois\u00e9 avec du bl\u00e9 : panures, farces, crumbles, gratins.<\/p>\n<p>Ingr\u00e9dients : <\/p>\n<p>Farine de grand \u00e9peautre Oberk\u00fclmer* (GLUTEN d&#8217;\u00e9peautre), huile de coco non hydrog\u00e9n\u00e9e*, sucre de canne roux non raffin\u00e9*, levure boulang\u00e8re, sel de l&#8217;\u00eele de R\u00e9.<\/p>\n<p>Sans colorant, sans conservateur, sans huile de palme.<\/p>\n<p>Atelier utilisant des fruits \u00e0 coque, du s\u00e9same, du lait et des \u0153ufs<\/p>\n<p>Poids net : 300g<\/p>\n<p>Conserver dans un endroit propre, sec et temp\u00e9r\u00e9.<\/p>\n<p>Valeurs nutritionnelles pour 100g :<\/p>\n<p>Valeurs \u00e9nerg\u00e9tiques : 1690 kJ \/ 400 kcal<\/p>\n<p>Glucides : 70g dont sucres 3.6g<\/p>\n<p>Lipides : 7.9g dont acides gras satur\u00e9s 6.4g<\/p>\n<p>Prot\u00e9ines : 12g<\/p>\n<p>Fibres : 0.5g<\/p>\n<p>Sel : 1.4g<\/p>\n<p>Photo(s) non contractuelles:<\/p>\n<p>L&#8217;origine naturelle de ce produit ne nous permet pas de vous garantir un aspect strictement identique d &#8216;un lot \u00e0 l&#8217;autre.<\/p>\n<p>En effet, de sensibles variations de couleurs, d&#8217;aspect, de texture, de go\u00fbt, de coupe, peuvent intervenir selon la zone g\u00e9ographique de culture, selon le climat, et selon les diff\u00e9rentes \u00e9tapes qui succ\u00e8dent \u00e0 la r\u00e9colte.<\/p>\n","protected":false},"excerpt":{"rendered":"<p>CHAPELURE DE GRAND \u00c9PEAUTRE BIO 300G* (12\u20ac \/ kg) Non crois\u00e9 avec du bl\u00e9 &#8211; Vari\u00e9t\u00e9 ancienne &#8220;OBERKULMER&#8221; * issu de l&#8217;agriculture biologique &#8211; Origine France Depuis plus de 25 ans Les Jardins de sainte Hildegarde sont sp\u00e9cialistes de l&#8217;\u00e9peautre non crois\u00e9 avec du bl\u00e9 (dit aussi \u00ab non hybrid\u00e9 \u00bb). Cet anc\u00eatre du bl\u00e9 [&hellip;]<\/p>\n","protected":false},"featured_media":9393,"comment_status":"open","ping_status":"closed","template":"","meta":{"_acf_changed":false,"_relevanssi_hide_post":"","_relevanssi_hide_content":"","_relevanssi_pin_for_all":"","_relevanssi_pin_keywords":"","_relevanssi_unpin_keywords":"","_relevanssi_related_keywords":"","_relevanssi_related_include_ids":"","_relevanssi_related_exclude_ids":"","_relevanssi_related_no_append":"","_relevanssi_related_not_related":"","_relevanssi_related_posts":"","_relevanssi_noindex_reason":""},"product_brand":[],"product_cat":[52,30,59],"product_tag":[49],"class_list":{"0":"post-1240","1":"product","2":"type-product","3":"status-publish","4":"has-post-thumbnail","6":"product_cat-epeautre","7":"product_cat-epeautres-alimentation","8":"product_cat-grand-epeautre","9":"product_tag-produit-bio","11":"first","12":"instock","13":"taxable","14":"shipping-taxable","15":"purchasable","16":"product-type-simple"},"acf":[],"yoast_head":"<!-- This site is optimized with the Yoast SEO plugin v27.4 - https:\/\/yoast.com\/product\/yoast-seo-wordpress\/ -->\n<title>CHAPELURE GRAND EPEAUTRE BIO 300G* - Les Jardins de Sainte-Hildegarde<\/title>\n<meta name=\"robots\" content=\"index, follow, max-snippet:-1, max-image-preview:large, max-video-preview:-1\" \/>\n<link rel=\"canonical\" href=\"https:\/\/www.lesjardinsdesaintehildegarde.com\/en\/spelt-food\/spelt\/large-spelt\/chapelure-grand-epeautre-bio-300g\/\" \/>\n<meta property=\"og:locale\" content=\"en_US\" \/>\n<meta property=\"og:type\" content=\"article\" \/>\n<meta property=\"og:title\" content=\"CHAPELURE GRAND EPEAUTRE BIO 300G* - Les Jardins de Sainte-Hildegarde\" \/>\n<meta property=\"og:description\" content=\"CHAPELURE DE GRAND \u00c9PEAUTRE BIO 300G* (12\u20ac \/ kg) Non crois\u00e9 avec du bl\u00e9 &#8211; Vari\u00e9t\u00e9 ancienne &#8220;OBERKULMER&#8221; * issu de l&#8217;agriculture biologique &#8211; Origine France Depuis plus de 25 ans Les Jardins de sainte Hildegarde sont sp\u00e9cialistes de l&#8217;\u00e9peautre non crois\u00e9 avec du bl\u00e9 (dit aussi \u00ab non hybrid\u00e9 \u00bb). Cet anc\u00eatre du bl\u00e9 [&hellip;]\" \/>\n<meta property=\"og:url\" content=\"https:\/\/www.lesjardinsdesaintehildegarde.com\/en\/spelt-food\/spelt\/large-spelt\/chapelure-grand-epeautre-bio-300g\/\" \/>\n<meta property=\"og:site_name\" content=\"Les Jardins de Sainte-Hildegarde\" \/>\n<meta property=\"article:modified_time\" content=\"2026-05-02T07:02:03+00:00\" \/>\n<meta property=\"og:image\" content=\"https:\/\/www.lesjardinsdesaintehildegarde.com\/wp-content\/uploads\/2022\/11\/94611-7819.jpg\" \/>\n\t<meta property=\"og:image:width\" content=\"853\" \/>\n\t<meta property=\"og:image:height\" content=\"1240\" \/>\n\t<meta property=\"og:image:type\" content=\"image\/jpeg\" \/>\n<meta name=\"twitter:card\" content=\"summary_large_image\" \/>\n<meta name=\"twitter:label1\" content=\"Est. reading time\" \/>\n\t<meta name=\"twitter:data1\" content=\"2 minutes\" \/>\n<script type=\"application\/ld+json\" class=\"yoast-schema-graph\">{\"@context\":\"https:\\\/\\\/schema.org\",\"@graph\":[{\"@type\":\"WebPage\",\"@id\":\"https:\\\/\\\/www.lesjardinsdesaintehildegarde.com\\\/en\\\/spelt-food\\\/spelt\\\/large-spelt\\\/chapelure-grand-epeautre-bio-300g\\\/\",\"url\":\"https:\\\/\\\/www.lesjardinsdesaintehildegarde.com\\\/en\\\/spelt-food\\\/spelt\\\/large-spelt\\\/chapelure-grand-epeautre-bio-300g\\\/\",\"name\":\"CHAPELURE GRAND EPEAUTRE BIO 300G* - Les Jardins de Sainte-Hildegarde\",\"isPartOf\":{\"@id\":\"https:\\\/\\\/www.lesjardinsdesaintehildegarde.com\\\/en\\\/#website\"},\"primaryImageOfPage\":{\"@id\":\"https:\\\/\\\/www.lesjardinsdesaintehildegarde.com\\\/en\\\/spelt-food\\\/spelt\\\/large-spelt\\\/chapelure-grand-epeautre-bio-300g\\\/#primaryimage\"},\"image\":{\"@id\":\"https:\\\/\\\/www.lesjardinsdesaintehildegarde.com\\\/en\\\/spelt-food\\\/spelt\\\/large-spelt\\\/chapelure-grand-epeautre-bio-300g\\\/#primaryimage\"},\"thumbnailUrl\":\"https:\\\/\\\/www.lesjardinsdesaintehildegarde.com\\\/wp-content\\\/uploads\\\/2022\\\/11\\\/94611-7819.jpg\",\"datePublished\":\"2022-11-04T08:07:56+00:00\",\"dateModified\":\"2026-05-02T07:02:03+00:00\",\"breadcrumb\":{\"@id\":\"https:\\\/\\\/www.lesjardinsdesaintehildegarde.com\\\/en\\\/spelt-food\\\/spelt\\\/large-spelt\\\/chapelure-grand-epeautre-bio-300g\\\/#breadcrumb\"},\"inLanguage\":\"en-US\",\"potentialAction\":[{\"@type\":\"ReadAction\",\"target\":[\"https:\\\/\\\/www.lesjardinsdesaintehildegarde.com\\\/en\\\/spelt-food\\\/spelt\\\/large-spelt\\\/chapelure-grand-epeautre-bio-300g\\\/\"]}]},{\"@type\":\"ImageObject\",\"inLanguage\":\"en-US\",\"@id\":\"https:\\\/\\\/www.lesjardinsdesaintehildegarde.com\\\/en\\\/spelt-food\\\/spelt\\\/large-spelt\\\/chapelure-grand-epeautre-bio-300g\\\/#primaryimage\",\"url\":\"https:\\\/\\\/www.lesjardinsdesaintehildegarde.com\\\/wp-content\\\/uploads\\\/2022\\\/11\\\/94611-7819.jpg\",\"contentUrl\":\"https:\\\/\\\/www.lesjardinsdesaintehildegarde.com\\\/wp-content\\\/uploads\\\/2022\\\/11\\\/94611-7819.jpg\",\"width\":853,\"height\":1240},{\"@type\":\"BreadcrumbList\",\"@id\":\"https:\\\/\\\/www.lesjardinsdesaintehildegarde.com\\\/en\\\/spelt-food\\\/spelt\\\/large-spelt\\\/chapelure-grand-epeautre-bio-300g\\\/#breadcrumb\",\"itemListElement\":[{\"@type\":\"ListItem\",\"position\":1,\"name\":\"Home\",\"item\":\"https:\\\/\\\/www.lesjardinsdesaintehildegarde.com\\\/en\\\/\"},{\"@type\":\"ListItem\",\"position\":2,\"name\":\"Products\",\"item\":\"https:\\\/\\\/www.lesjardinsdesaintehildegarde.com\\\/en\\\/shop\\\/\"},{\"@type\":\"ListItem\",\"position\":3,\"name\":\"CHAPELURE GRAND EPEAUTRE BIO 300G*\"}]},{\"@type\":\"WebSite\",\"@id\":\"https:\\\/\\\/www.lesjardinsdesaintehildegarde.com\\\/en\\\/#website\",\"url\":\"https:\\\/\\\/www.lesjardinsdesaintehildegarde.com\\\/en\\\/\",\"name\":\"Les Jardins de Sainte-Hildegarde\",\"description\":\"Viriditas\",\"publisher\":{\"@id\":\"https:\\\/\\\/www.lesjardinsdesaintehildegarde.com\\\/en\\\/#organization\"},\"potentialAction\":[{\"@type\":\"SearchAction\",\"target\":{\"@type\":\"EntryPoint\",\"urlTemplate\":\"https:\\\/\\\/www.lesjardinsdesaintehildegarde.com\\\/en\\\/?s={search_term_string}\"},\"query-input\":{\"@type\":\"PropertyValueSpecification\",\"valueRequired\":true,\"valueName\":\"search_term_string\"}}],\"inLanguage\":\"en-US\"},{\"@type\":\"Organization\",\"@id\":\"https:\\\/\\\/www.lesjardinsdesaintehildegarde.com\\\/en\\\/#organization\",\"name\":\"Les Jardins de Sainte-Hildegarde\",\"url\":\"https:\\\/\\\/www.lesjardinsdesaintehildegarde.com\\\/en\\\/\",\"logo\":{\"@type\":\"ImageObject\",\"inLanguage\":\"en-US\",\"@id\":\"https:\\\/\\\/www.lesjardinsdesaintehildegarde.com\\\/en\\\/#\\\/schema\\\/logo\\\/image\\\/\",\"url\":\"https:\\\/\\\/www.lesjardinsdesaintehildegarde.com\\\/wp-content\\\/uploads\\\/2022\\\/11\\\/logo-2022.png\",\"contentUrl\":\"https:\\\/\\\/www.lesjardinsdesaintehildegarde.com\\\/wp-content\\\/uploads\\\/2022\\\/11\\\/logo-2022.png\",\"width\":365,\"height\":90,\"caption\":\"Les Jardins de Sainte-Hildegarde\"},\"image\":{\"@id\":\"https:\\\/\\\/www.lesjardinsdesaintehildegarde.com\\\/en\\\/#\\\/schema\\\/logo\\\/image\\\/\"}}]}<\/script>\n<!-- \/ Yoast SEO plugin. -->","yoast_head_json":{"title":"CHAPELURE GRAND EPEAUTRE BIO 300G* - Les Jardins de Sainte-Hildegarde","robots":{"index":"index","follow":"follow","max-snippet":"max-snippet:-1","max-image-preview":"max-image-preview:large","max-video-preview":"max-video-preview:-1"},"canonical":"https:\/\/www.lesjardinsdesaintehildegarde.com\/en\/spelt-food\/spelt\/large-spelt\/chapelure-grand-epeautre-bio-300g\/","og_locale":"en_US","og_type":"article","og_title":"CHAPELURE GRAND EPEAUTRE BIO 300G* - Les Jardins de Sainte-Hildegarde","og_description":"CHAPELURE DE GRAND \u00c9PEAUTRE BIO 300G* (12\u20ac \/ kg) Non crois\u00e9 avec du bl\u00e9 &#8211; Vari\u00e9t\u00e9 ancienne &#8220;OBERKULMER&#8221; * issu de l&#8217;agriculture biologique &#8211; Origine France Depuis plus de 25 ans Les Jardins de sainte Hildegarde sont sp\u00e9cialistes de l&#8217;\u00e9peautre non crois\u00e9 avec du bl\u00e9 (dit aussi \u00ab non hybrid\u00e9 \u00bb). Cet anc\u00eatre du bl\u00e9 [&hellip;]","og_url":"https:\/\/www.lesjardinsdesaintehildegarde.com\/en\/spelt-food\/spelt\/large-spelt\/chapelure-grand-epeautre-bio-300g\/","og_site_name":"Les Jardins de Sainte-Hildegarde","article_modified_time":"2026-05-02T07:02:03+00:00","og_image":[{"width":853,"height":1240,"url":"https:\/\/www.lesjardinsdesaintehildegarde.com\/wp-content\/uploads\/2022\/11\/94611-7819.jpg","type":"image\/jpeg"}],"twitter_card":"summary_large_image","twitter_misc":{"Est. reading time":"2 minutes"},"schema":{"@context":"https:\/\/schema.org","@graph":[{"@type":"WebPage","@id":"https:\/\/www.lesjardinsdesaintehildegarde.com\/en\/spelt-food\/spelt\/large-spelt\/chapelure-grand-epeautre-bio-300g\/","url":"https:\/\/www.lesjardinsdesaintehildegarde.com\/en\/spelt-food\/spelt\/large-spelt\/chapelure-grand-epeautre-bio-300g\/","name":"CHAPELURE GRAND EPEAUTRE BIO 300G* - Les Jardins de Sainte-Hildegarde","isPartOf":{"@id":"https:\/\/www.lesjardinsdesaintehildegarde.com\/en\/#website"},"primaryImageOfPage":{"@id":"https:\/\/www.lesjardinsdesaintehildegarde.com\/en\/spelt-food\/spelt\/large-spelt\/chapelure-grand-epeautre-bio-300g\/#primaryimage"},"image":{"@id":"https:\/\/www.lesjardinsdesaintehildegarde.com\/en\/spelt-food\/spelt\/large-spelt\/chapelure-grand-epeautre-bio-300g\/#primaryimage"},"thumbnailUrl":"https:\/\/www.lesjardinsdesaintehildegarde.com\/wp-content\/uploads\/2022\/11\/94611-7819.jpg","datePublished":"2022-11-04T08:07:56+00:00","dateModified":"2026-05-02T07:02:03+00:00","breadcrumb":{"@id":"https:\/\/www.lesjardinsdesaintehildegarde.com\/en\/spelt-food\/spelt\/large-spelt\/chapelure-grand-epeautre-bio-300g\/#breadcrumb"},"inLanguage":"en-US","potentialAction":[{"@type":"ReadAction","target":["https:\/\/www.lesjardinsdesaintehildegarde.com\/en\/spelt-food\/spelt\/large-spelt\/chapelure-grand-epeautre-bio-300g\/"]}]},{"@type":"ImageObject","inLanguage":"en-US","@id":"https:\/\/www.lesjardinsdesaintehildegarde.com\/en\/spelt-food\/spelt\/large-spelt\/chapelure-grand-epeautre-bio-300g\/#primaryimage","url":"https:\/\/www.lesjardinsdesaintehildegarde.com\/wp-content\/uploads\/2022\/11\/94611-7819.jpg","contentUrl":"https:\/\/www.lesjardinsdesaintehildegarde.com\/wp-content\/uploads\/2022\/11\/94611-7819.jpg","width":853,"height":1240},{"@type":"BreadcrumbList","@id":"https:\/\/www.lesjardinsdesaintehildegarde.com\/en\/spelt-food\/spelt\/large-spelt\/chapelure-grand-epeautre-bio-300g\/#breadcrumb","itemListElement":[{"@type":"ListItem","position":1,"name":"Home","item":"https:\/\/www.lesjardinsdesaintehildegarde.com\/en\/"},{"@type":"ListItem","position":2,"name":"Products","item":"https:\/\/www.lesjardinsdesaintehildegarde.com\/en\/shop\/"},{"@type":"ListItem","position":3,"name":"CHAPELURE GRAND EPEAUTRE BIO 300G*"}]},{"@type":"WebSite","@id":"https:\/\/www.lesjardinsdesaintehildegarde.com\/en\/#website","url":"https:\/\/www.lesjardinsdesaintehildegarde.com\/en\/","name":"Les Jardins de Sainte-Hildegarde","description":"Viriditas","publisher":{"@id":"https:\/\/www.lesjardinsdesaintehildegarde.com\/en\/#organization"},"potentialAction":[{"@type":"SearchAction","target":{"@type":"EntryPoint","urlTemplate":"https:\/\/www.lesjardinsdesaintehildegarde.com\/en\/?s={search_term_string}"},"query-input":{"@type":"PropertyValueSpecification","valueRequired":true,"valueName":"search_term_string"}}],"inLanguage":"en-US"},{"@type":"Organization","@id":"https:\/\/www.lesjardinsdesaintehildegarde.com\/en\/#organization","name":"Les Jardins de Sainte-Hildegarde","url":"https:\/\/www.lesjardinsdesaintehildegarde.com\/en\/","logo":{"@type":"ImageObject","inLanguage":"en-US","@id":"https:\/\/www.lesjardinsdesaintehildegarde.com\/en\/#\/schema\/logo\/image\/","url":"https:\/\/www.lesjardinsdesaintehildegarde.com\/wp-content\/uploads\/2022\/11\/logo-2022.png","contentUrl":"https:\/\/www.lesjardinsdesaintehildegarde.com\/wp-content\/uploads\/2022\/11\/logo-2022.png","width":365,"height":90,"caption":"Les Jardins de Sainte-Hildegarde"},"image":{"@id":"https:\/\/www.lesjardinsdesaintehildegarde.com\/en\/#\/schema\/logo\/image\/"}}]}},"_links":{"self":[{"href":"https:\/\/www.lesjardinsdesaintehildegarde.com\/en\/wp-json\/wp\/v2\/product\/1240","targetHints":{"allow":["GET"]}}],"collection":[{"href":"https:\/\/www.lesjardinsdesaintehildegarde.com\/en\/wp-json\/wp\/v2\/product"}],"about":[{"href":"https:\/\/www.lesjardinsdesaintehildegarde.com\/en\/wp-json\/wp\/v2\/types\/product"}],"replies":[{"embeddable":true,"href":"https:\/\/www.lesjardinsdesaintehildegarde.com\/en\/wp-json\/wp\/v2\/comments?post=1240"}],"wp:featuredmedia":[{"embeddable":true,"href":"https:\/\/www.lesjardinsdesaintehildegarde.com\/en\/wp-json\/wp\/v2\/media\/9393"}],"wp:attachment":[{"href":"https:\/\/www.lesjardinsdesaintehildegarde.com\/en\/wp-json\/wp\/v2\/media?parent=1240"}],"wp:term":[{"taxonomy":"product_brand","embeddable":true,"href":"https:\/\/www.lesjardinsdesaintehildegarde.com\/en\/wp-json\/wp\/v2\/product_brand?post=1240"},{"taxonomy":"product_cat","embeddable":true,"href":"https:\/\/www.lesjardinsdesaintehildegarde.com\/en\/wp-json\/wp\/v2\/product_cat?post=1240"},{"taxonomy":"product_tag","embeddable":true,"href":"https:\/\/www.lesjardinsdesaintehildegarde.com\/en\/wp-json\/wp\/v2\/product_tag?post=1240"}],"curies":[{"name":"wp","href":"https:\/\/api.w.org\/{rel}","templated":true}]}}