{"id":1249,"date":"2022-11-04T09:07:58","date_gmt":"2022-11-04T08:07:58","guid":{"rendered":"https:\/\/www.lesjardinsdesaintehildegarde.com\/non%20class\u00e9\/baume-a-la-violette-50g\/"},"modified":"2026-04-15T21:05:02","modified_gmt":"2026-04-15T19:05:02","slug":"baume-a-la-violette-50g","status":"publish","type":"product","link":"https:\/\/www.lesjardinsdesaintehildegarde.com\/en\/cosmetics\/recipes-of-saint-hildegard\/baume-a-la-violette-50g\/","title":{"rendered":"BAUME A LA VIOLETTE 50G"},"content":{"rendered":"<p>BAUME A LA VIOLETTE 50 ML (49.80\u20ac \/ 100ml)<\/p>\n<p>Ingr\u00e9dients 100% naturels<\/p>\n<p>Nous ne proposons qu&#8217;une seule formule de baume \u00e0 la violette, id\u00e9alement concentr\u00e9e. <\/p>\n<p>Ce baume correspond \u00e0 une recette originale de sainte Hildegarde. <\/p>\n<p>Il n&#8217;y a pas chez nous de notion de baume \u00e0 la violette &#8220;intensive&#8221; puisque nous ne proposons pas &#8220;une version basique&#8221; et &#8220;une version concentr\u00e9e&#8221;.<\/p>\n<p>Notre formule de baume \u00e0 la violette est unique et puissante, elle fait ses preuves depuis plus de 30 ans.<\/p>\n<p>Le corps gras agit en tant que conducteur des principes actifs contenus dans les plantes.<\/p>\n<p>Vous pourrez trouver toutes les indications relatives \u00e0 ce baume dans les nombreux livres de sainte Hildegarde ou consacr\u00e9s \u00e0 l&#8217;approfondissement de son oeuvre.<\/p>\n<p>Selon ses \u00e9crits, la violette se trouve \u00ab entre le froid et le chaud \u00bb, sa coloration est discr\u00e8te et elle pousse gr\u00e2ce \u00e0 la douceur et \u00e0 la l\u00e9g\u00e8ret\u00e9 de l&#8217;air. Les passionn\u00e9s de sainte Hildegarde pourront se r\u00e9f\u00e9rer au chapitre du livre \u00ab Physica \u00bb consacr\u00e9 \u00e0 la violette pour s&#8217;en rem\u00e9morer tous les bienfaits.<\/p>\n<p>La rose poss\u00e8de de remarquables qualit\u00e9s si bien qu&#8217;elle augmente les propri\u00e9t\u00e9s de tous les produits de beaut\u00e9 et des onguents auxquels elle est ajout\u00e9e. <\/p>\n<p>Nous pouvons b\u00e9n\u00e9ficier pleinement de ses nombreuses propri\u00e9t\u00e9s \u00e0 la fois par le biais de la peau mais aussi par l&#8217;odorat gr\u00e2ce \u00e0 son agr\u00e9able parfum qui r\u00e9jouit le coeur.<\/p>\n<p>Principaux ingr\u00e9dients actifs :<\/p>\n<p>&#8211; La violette : contient des mucilages, des saponines, des acides organiques, de l&#8217;irone et de la violamine et une essence caract\u00e9ristique. Elle \u00e9limine les impuret\u00e9s de la peau et la prot\u00e8ge des dangers du soleil. C&#8217;est une fleur tr\u00e8s pr\u00e9cieuse pour diverses pr\u00e9parations chez sainte Hildegarde.<\/p>\n<p>&#8211; Le tilleul : Les fleurs de cet arbre apportent une huile essentielle caract\u00e9ristique et du farnesol,  principes actifs \u00e9mollients tr\u00e8s apaisants.<\/p>\n<p>&#8211; La rose : contient de l&#8217;huile essentielle, des flavono\u00efdes, de la vitamine C et des oligo-\u00e9l\u00e9ments. Ces substances aident \u00e0 retrouver de l&#8217;elasticit\u00e9 et la jeunesse des zones les plus d\u00e9licates comme le contour des yeux, le d\u00e9collet\u00e9 et les seins. Les pr\u00e9cieux anti-oxydants de cette fleur prot\u00e8gent la peau des radicaux libres. <\/p>\n<p>Du fait de leur composition naturelle, pour l&#8217;usage des produits de la ligne Viriditas :<\/p>\n<p>Il est possible d&#8217;observer de l\u00e9g\u00e8res variations d&#8217;aspect, de textures et d&#8217;ar\u00f4mes d&#8217;un lot \u00e0 un autre, les qualit\u00e9s des produits n&#8217;en sont pas affect\u00e9es, cela vient simplement du fait qu&#8217;aucun produit chimique n&#8217;est utilis\u00e9 pour les amalgamer.<\/p>\n<p>Ces variations sont propres aux variations naturelles des v\u00e9g\u00e9taux.<\/p>\n<p>Compos\u00e9 Phyto-aromatique :<\/p>\n<p>Ingr\u00e9dients : Butyrospermum parkii butter* \u00b7 Tilia  cordata flower extract* and Helianthus annuus seed oil* \u00b7 Viola odorata flower\/leaf extract\u00ba \u00b7 Parfum* \u00b7 Rosa damascena flower oil* \u00b7 Geraniol^ \u00b7 Linalool^ \u00b7 Citral^ \u00b7 Farnesol^<\/p>\n<p>*issu de l&#8217;agriculture biologique <\/p>\n<p>\u00b0issu de cueillette sauvage<\/p>\n<p>^issu d&#8217;huiles essentielles naturelles<\/p>\n<p>(En Fran\u00e7ais : Beurre de karit\u00e9*\u00b7 extraits de fleurs de tilleul \u00e0 petites feuilles* et huile de graines de tournesol*\u00b7 extraits de fleurs et de feuilles de violette odorante\u00b0\u00b7 Parfum*\u00b7 huile de rose de damas\u00b7 Geraniol^ \u00b7 Linalool^ \u00b7 Citral^ \u00b7 Farnesol^)<\/p>\n<p>Mode d&#8217;emploi :<\/p>\n<p>&#8211; Appliquer deux ou trois fois par jour sur la zone de votre choix et faire de doux massages circulaires.<\/p>\n<p>Attention : ne pas appliquer sur une plaie ouverte.<\/p>\n","protected":false},"excerpt":{"rendered":"<p>BAUME A LA VIOLETTE 50 ML (49.80\u20ac \/ 100ml) Ingr\u00e9dients 100% naturels Nous ne proposons qu&#8217;une seule formule de baume \u00e0 la violette, id\u00e9alement concentr\u00e9e. Ce baume correspond \u00e0 une recette originale de sainte Hildegarde. Il n&#8217;y a pas chez nous de notion de baume \u00e0 la violette &#8220;intensive&#8221; puisque nous ne proposons pas &#8220;une [&hellip;]<\/p>\n","protected":false},"featured_media":70859,"comment_status":"open","ping_status":"closed","template":"","meta":{"_acf_changed":false,"_relevanssi_hide_post":"","_relevanssi_hide_content":"","_relevanssi_pin_for_all":"","_relevanssi_pin_keywords":"","_relevanssi_unpin_keywords":"","_relevanssi_related_keywords":"","_relevanssi_related_include_ids":"","_relevanssi_related_exclude_ids":"","_relevanssi_related_no_append":"","_relevanssi_related_not_related":"","_relevanssi_related_posts":"","_relevanssi_noindex_reason":""},"product_brand":[],"product_cat":[27,94],"product_tag":[],"class_list":{"0":"post-1249","1":"product","2":"type-product","3":"status-publish","4":"has-post-thumbnail","6":"product_cat-cosmetiques","7":"product_cat-recettes-de-sainte-hildegarde","9":"first","10":"instock","11":"taxable","12":"shipping-taxable","13":"purchasable","14":"product-type-simple"},"acf":[],"yoast_head":"<!-- This site is optimized with the Yoast SEO plugin v27.2 - https:\/\/yoast.com\/product\/yoast-seo-wordpress\/ -->\n<title>BAUME A LA VIOLETTE 50G - Les Jardins de Sainte-Hildegarde<\/title>\n<meta name=\"robots\" content=\"index, follow, max-snippet:-1, max-image-preview:large, max-video-preview:-1\" \/>\n<link rel=\"canonical\" href=\"https:\/\/www.lesjardinsdesaintehildegarde.com\/en\/cosmetics\/recipes-of-saint-hildegard\/baume-a-la-violette-50g\/\" \/>\n<meta property=\"og:locale\" content=\"en_US\" \/>\n<meta property=\"og:type\" content=\"article\" \/>\n<meta property=\"og:title\" content=\"BAUME A LA VIOLETTE 50G - Les Jardins de Sainte-Hildegarde\" \/>\n<meta property=\"og:description\" content=\"BAUME A LA VIOLETTE 50 ML (49.80\u20ac \/ 100ml) Ingr\u00e9dients 100% naturels Nous ne proposons qu&#8217;une seule formule de baume \u00e0 la violette, id\u00e9alement concentr\u00e9e. Ce baume correspond \u00e0 une recette originale de sainte Hildegarde. Il n&#8217;y a pas chez nous de notion de baume \u00e0 la violette &#8220;intensive&#8221; puisque nous ne proposons pas &#8220;une [&hellip;]\" \/>\n<meta property=\"og:url\" content=\"https:\/\/www.lesjardinsdesaintehildegarde.com\/en\/cosmetics\/recipes-of-saint-hildegard\/baume-a-la-violette-50g\/\" \/>\n<meta property=\"og:site_name\" content=\"Les Jardins de Sainte-Hildegarde\" \/>\n<meta property=\"article:modified_time\" content=\"2026-04-15T19:05:02+00:00\" \/>\n<meta property=\"og:image\" content=\"https:\/\/www.lesjardinsdesaintehildegarde.com\/wp-content\/uploads\/2023\/08\/b0017-baume-violette-50ml.jpg\" \/>\n\t<meta property=\"og:image:width\" content=\"1200\" \/>\n\t<meta property=\"og:image:height\" content=\"1200\" \/>\n\t<meta property=\"og:image:type\" content=\"image\/jpeg\" \/>\n<meta name=\"twitter:card\" content=\"summary_large_image\" \/>\n<meta name=\"twitter:label1\" content=\"Est. reading time\" \/>\n\t<meta name=\"twitter:data1\" content=\"3 minutes\" \/>\n<script type=\"application\/ld+json\" class=\"yoast-schema-graph\">{\"@context\":\"https:\/\/schema.org\",\"@graph\":[{\"@type\":\"WebPage\",\"@id\":\"https:\/\/www.lesjardinsdesaintehildegarde.com\/en\/cosmetics\/recipes-of-saint-hildegard\/baume-a-la-violette-50g\/\",\"url\":\"https:\/\/www.lesjardinsdesaintehildegarde.com\/en\/cosmetics\/recipes-of-saint-hildegard\/baume-a-la-violette-50g\/\",\"name\":\"BAUME A LA VIOLETTE 50G - Les Jardins de Sainte-Hildegarde\",\"isPartOf\":{\"@id\":\"https:\/\/www.lesjardinsdesaintehildegarde.com\/en\/#website\"},\"primaryImageOfPage\":{\"@id\":\"https:\/\/www.lesjardinsdesaintehildegarde.com\/en\/cosmetics\/recipes-of-saint-hildegard\/baume-a-la-violette-50g\/#primaryimage\"},\"image\":{\"@id\":\"https:\/\/www.lesjardinsdesaintehildegarde.com\/en\/cosmetics\/recipes-of-saint-hildegard\/baume-a-la-violette-50g\/#primaryimage\"},\"thumbnailUrl\":\"https:\/\/www.lesjardinsdesaintehildegarde.com\/wp-content\/uploads\/2023\/08\/b0017-baume-violette-50ml.jpg\",\"datePublished\":\"2022-11-04T08:07:58+00:00\",\"dateModified\":\"2026-04-15T19:05:02+00:00\",\"breadcrumb\":{\"@id\":\"https:\/\/www.lesjardinsdesaintehildegarde.com\/en\/cosmetics\/recipes-of-saint-hildegard\/baume-a-la-violette-50g\/#breadcrumb\"},\"inLanguage\":\"en-US\",\"potentialAction\":[{\"@type\":\"ReadAction\",\"target\":[\"https:\/\/www.lesjardinsdesaintehildegarde.com\/en\/cosmetics\/recipes-of-saint-hildegard\/baume-a-la-violette-50g\/\"]}]},{\"@type\":\"ImageObject\",\"inLanguage\":\"en-US\",\"@id\":\"https:\/\/www.lesjardinsdesaintehildegarde.com\/en\/cosmetics\/recipes-of-saint-hildegard\/baume-a-la-violette-50g\/#primaryimage\",\"url\":\"https:\/\/www.lesjardinsdesaintehildegarde.com\/wp-content\/uploads\/2023\/08\/b0017-baume-violette-50ml.jpg\",\"contentUrl\":\"https:\/\/www.lesjardinsdesaintehildegarde.com\/wp-content\/uploads\/2023\/08\/b0017-baume-violette-50ml.jpg\",\"width\":1200,\"height\":1200,\"caption\":\"Baume \u00e0 la violette de sainte Hildegarde de Bingen - ingr\u00e9dients 100% naturels - 50ml\"},{\"@type\":\"BreadcrumbList\",\"@id\":\"https:\/\/www.lesjardinsdesaintehildegarde.com\/en\/cosmetics\/recipes-of-saint-hildegard\/baume-a-la-violette-50g\/#breadcrumb\",\"itemListElement\":[{\"@type\":\"ListItem\",\"position\":1,\"name\":\"Home\",\"item\":\"https:\/\/www.lesjardinsdesaintehildegarde.com\/en\/\"},{\"@type\":\"ListItem\",\"position\":2,\"name\":\"Products\",\"item\":\"https:\/\/www.lesjardinsdesaintehildegarde.com\/en\/shop\/\"},{\"@type\":\"ListItem\",\"position\":3,\"name\":\"BAUME A LA VIOLETTE 50G\"}]},{\"@type\":\"WebSite\",\"@id\":\"https:\/\/www.lesjardinsdesaintehildegarde.com\/en\/#website\",\"url\":\"https:\/\/www.lesjardinsdesaintehildegarde.com\/en\/\",\"name\":\"Les Jardins de Sainte-Hildegarde\",\"description\":\"Viriditas\",\"publisher\":{\"@id\":\"https:\/\/www.lesjardinsdesaintehildegarde.com\/en\/#organization\"},\"potentialAction\":[{\"@type\":\"SearchAction\",\"target\":{\"@type\":\"EntryPoint\",\"urlTemplate\":\"https:\/\/www.lesjardinsdesaintehildegarde.com\/en\/?s={search_term_string}\"},\"query-input\":{\"@type\":\"PropertyValueSpecification\",\"valueRequired\":true,\"valueName\":\"search_term_string\"}}],\"inLanguage\":\"en-US\"},{\"@type\":\"Organization\",\"@id\":\"https:\/\/www.lesjardinsdesaintehildegarde.com\/en\/#organization\",\"name\":\"Les Jardins de Sainte-Hildegarde\",\"url\":\"https:\/\/www.lesjardinsdesaintehildegarde.com\/en\/\",\"logo\":{\"@type\":\"ImageObject\",\"inLanguage\":\"en-US\",\"@id\":\"https:\/\/www.lesjardinsdesaintehildegarde.com\/en\/#\/schema\/logo\/image\/\",\"url\":\"https:\/\/www.lesjardinsdesaintehildegarde.com\/wp-content\/uploads\/2022\/11\/logo-2022.png\",\"contentUrl\":\"https:\/\/www.lesjardinsdesaintehildegarde.com\/wp-content\/uploads\/2022\/11\/logo-2022.png\",\"width\":365,\"height\":90,\"caption\":\"Les Jardins de Sainte-Hildegarde\"},\"image\":{\"@id\":\"https:\/\/www.lesjardinsdesaintehildegarde.com\/en\/#\/schema\/logo\/image\/\"}}]}<\/script>\n<!-- \/ Yoast SEO plugin. -->","yoast_head_json":{"title":"BAUME A LA VIOLETTE 50G - Les Jardins de Sainte-Hildegarde","robots":{"index":"index","follow":"follow","max-snippet":"max-snippet:-1","max-image-preview":"max-image-preview:large","max-video-preview":"max-video-preview:-1"},"canonical":"https:\/\/www.lesjardinsdesaintehildegarde.com\/en\/cosmetics\/recipes-of-saint-hildegard\/baume-a-la-violette-50g\/","og_locale":"en_US","og_type":"article","og_title":"BAUME A LA VIOLETTE 50G - Les Jardins de Sainte-Hildegarde","og_description":"BAUME A LA VIOLETTE 50 ML (49.80\u20ac \/ 100ml) Ingr\u00e9dients 100% naturels Nous ne proposons qu&#8217;une seule formule de baume \u00e0 la violette, id\u00e9alement concentr\u00e9e. Ce baume correspond \u00e0 une recette originale de sainte Hildegarde. Il n&#8217;y a pas chez nous de notion de baume \u00e0 la violette &#8220;intensive&#8221; puisque nous ne proposons pas &#8220;une [&hellip;]","og_url":"https:\/\/www.lesjardinsdesaintehildegarde.com\/en\/cosmetics\/recipes-of-saint-hildegard\/baume-a-la-violette-50g\/","og_site_name":"Les Jardins de Sainte-Hildegarde","article_modified_time":"2026-04-15T19:05:02+00:00","og_image":[{"width":1200,"height":1200,"url":"https:\/\/www.lesjardinsdesaintehildegarde.com\/wp-content\/uploads\/2023\/08\/b0017-baume-violette-50ml.jpg","type":"image\/jpeg"}],"twitter_card":"summary_large_image","twitter_misc":{"Est. reading time":"3 minutes"},"schema":{"@context":"https:\/\/schema.org","@graph":[{"@type":"WebPage","@id":"https:\/\/www.lesjardinsdesaintehildegarde.com\/en\/cosmetics\/recipes-of-saint-hildegard\/baume-a-la-violette-50g\/","url":"https:\/\/www.lesjardinsdesaintehildegarde.com\/en\/cosmetics\/recipes-of-saint-hildegard\/baume-a-la-violette-50g\/","name":"BAUME A LA VIOLETTE 50G - Les Jardins de Sainte-Hildegarde","isPartOf":{"@id":"https:\/\/www.lesjardinsdesaintehildegarde.com\/en\/#website"},"primaryImageOfPage":{"@id":"https:\/\/www.lesjardinsdesaintehildegarde.com\/en\/cosmetics\/recipes-of-saint-hildegard\/baume-a-la-violette-50g\/#primaryimage"},"image":{"@id":"https:\/\/www.lesjardinsdesaintehildegarde.com\/en\/cosmetics\/recipes-of-saint-hildegard\/baume-a-la-violette-50g\/#primaryimage"},"thumbnailUrl":"https:\/\/www.lesjardinsdesaintehildegarde.com\/wp-content\/uploads\/2023\/08\/b0017-baume-violette-50ml.jpg","datePublished":"2022-11-04T08:07:58+00:00","dateModified":"2026-04-15T19:05:02+00:00","breadcrumb":{"@id":"https:\/\/www.lesjardinsdesaintehildegarde.com\/en\/cosmetics\/recipes-of-saint-hildegard\/baume-a-la-violette-50g\/#breadcrumb"},"inLanguage":"en-US","potentialAction":[{"@type":"ReadAction","target":["https:\/\/www.lesjardinsdesaintehildegarde.com\/en\/cosmetics\/recipes-of-saint-hildegard\/baume-a-la-violette-50g\/"]}]},{"@type":"ImageObject","inLanguage":"en-US","@id":"https:\/\/www.lesjardinsdesaintehildegarde.com\/en\/cosmetics\/recipes-of-saint-hildegard\/baume-a-la-violette-50g\/#primaryimage","url":"https:\/\/www.lesjardinsdesaintehildegarde.com\/wp-content\/uploads\/2023\/08\/b0017-baume-violette-50ml.jpg","contentUrl":"https:\/\/www.lesjardinsdesaintehildegarde.com\/wp-content\/uploads\/2023\/08\/b0017-baume-violette-50ml.jpg","width":1200,"height":1200,"caption":"Baume \u00e0 la violette de sainte Hildegarde de Bingen - ingr\u00e9dients 100% naturels - 50ml"},{"@type":"BreadcrumbList","@id":"https:\/\/www.lesjardinsdesaintehildegarde.com\/en\/cosmetics\/recipes-of-saint-hildegard\/baume-a-la-violette-50g\/#breadcrumb","itemListElement":[{"@type":"ListItem","position":1,"name":"Home","item":"https:\/\/www.lesjardinsdesaintehildegarde.com\/en\/"},{"@type":"ListItem","position":2,"name":"Products","item":"https:\/\/www.lesjardinsdesaintehildegarde.com\/en\/shop\/"},{"@type":"ListItem","position":3,"name":"BAUME A LA VIOLETTE 50G"}]},{"@type":"WebSite","@id":"https:\/\/www.lesjardinsdesaintehildegarde.com\/en\/#website","url":"https:\/\/www.lesjardinsdesaintehildegarde.com\/en\/","name":"Les Jardins de Sainte-Hildegarde","description":"Viriditas","publisher":{"@id":"https:\/\/www.lesjardinsdesaintehildegarde.com\/en\/#organization"},"potentialAction":[{"@type":"SearchAction","target":{"@type":"EntryPoint","urlTemplate":"https:\/\/www.lesjardinsdesaintehildegarde.com\/en\/?s={search_term_string}"},"query-input":{"@type":"PropertyValueSpecification","valueRequired":true,"valueName":"search_term_string"}}],"inLanguage":"en-US"},{"@type":"Organization","@id":"https:\/\/www.lesjardinsdesaintehildegarde.com\/en\/#organization","name":"Les Jardins de Sainte-Hildegarde","url":"https:\/\/www.lesjardinsdesaintehildegarde.com\/en\/","logo":{"@type":"ImageObject","inLanguage":"en-US","@id":"https:\/\/www.lesjardinsdesaintehildegarde.com\/en\/#\/schema\/logo\/image\/","url":"https:\/\/www.lesjardinsdesaintehildegarde.com\/wp-content\/uploads\/2022\/11\/logo-2022.png","contentUrl":"https:\/\/www.lesjardinsdesaintehildegarde.com\/wp-content\/uploads\/2022\/11\/logo-2022.png","width":365,"height":90,"caption":"Les Jardins de Sainte-Hildegarde"},"image":{"@id":"https:\/\/www.lesjardinsdesaintehildegarde.com\/en\/#\/schema\/logo\/image\/"}}]}},"_links":{"self":[{"href":"https:\/\/www.lesjardinsdesaintehildegarde.com\/en\/wp-json\/wp\/v2\/product\/1249","targetHints":{"allow":["GET"]}}],"collection":[{"href":"https:\/\/www.lesjardinsdesaintehildegarde.com\/en\/wp-json\/wp\/v2\/product"}],"about":[{"href":"https:\/\/www.lesjardinsdesaintehildegarde.com\/en\/wp-json\/wp\/v2\/types\/product"}],"replies":[{"embeddable":true,"href":"https:\/\/www.lesjardinsdesaintehildegarde.com\/en\/wp-json\/wp\/v2\/comments?post=1249"}],"wp:featuredmedia":[{"embeddable":true,"href":"https:\/\/www.lesjardinsdesaintehildegarde.com\/en\/wp-json\/wp\/v2\/media\/70859"}],"wp:attachment":[{"href":"https:\/\/www.lesjardinsdesaintehildegarde.com\/en\/wp-json\/wp\/v2\/media?parent=1249"}],"wp:term":[{"taxonomy":"product_brand","embeddable":true,"href":"https:\/\/www.lesjardinsdesaintehildegarde.com\/en\/wp-json\/wp\/v2\/product_brand?post=1249"},{"taxonomy":"product_cat","embeddable":true,"href":"https:\/\/www.lesjardinsdesaintehildegarde.com\/en\/wp-json\/wp\/v2\/product_cat?post=1249"},{"taxonomy":"product_tag","embeddable":true,"href":"https:\/\/www.lesjardinsdesaintehildegarde.com\/en\/wp-json\/wp\/v2\/product_tag?post=1249"}],"curies":[{"name":"wp","href":"https:\/\/api.w.org\/{rel}","templated":true}]}}