{"id":1377,"date":"2022-11-04T09:08:18","date_gmt":"2022-11-04T08:08:18","guid":{"rendered":"https:\/\/www.lesjardinsdesaintehildegarde.com\/non%20class\u00e9\/chaussons-blaireau-mouton-t42\/"},"modified":"2026-04-23T23:02:06","modified_gmt":"2026-04-23T21:02:06","slug":"chaussons-blaireau-mouton-t42","status":"publish","type":"product","link":"https:\/\/www.lesjardinsdesaintehildegarde.com\/en\/badger-accessories\/slippers\/chaussons-blaireau-mouton-t42\/","title":{"rendered":"CHAUSSONS BLAIREAU MOUTON T42"},"content":{"rendered":"<p><\/p>\n<p><strong>CHAUSSONS BLAIREAU MOUTON T42<\/strong><\/p>\n<p><\/p>\n<p>SEMELLE EN BLAIREAU DOUBL\u00c9E CR\u00caPE INTERIEUR<\/p>\n<p><\/p>\n<p>TOUR ET DESSUS : MOUTON RETOURN\u00c9<\/p>\n<p><\/p>\n<p>BANDEAU, GARNITURE : FOURRURE DE BLAIREAU<\/p>\n<p><\/p>\n<p>Fabrication enti\u00e8rement artisanale, chaque pi\u00e8ce est unique.<\/p>\n<p><\/p>\n<p>Sur les photos vous pouvez voir deux paires avec des couleurs de<br \/>\nblaireau diff\u00e9rentes car selon la peau utilis\u00e9e les paires de chaussons<br \/>\nne sont pas indentiques.<\/p>\n<p><\/p>\n<p>Chaque paire est taill\u00e9e dans la m\u00eame peau, de ce fait le pied droit<br \/>\net le pied gauche sont toujours assortis entre eux.<\/p>\n<p><\/p>\n<p>Les deux semelles d&#8217;une m\u00eame paires sont \u00e9galement taill\u00e9es dans la<br \/>\nm\u00eame peau afin d&#8217;avoir la m\u00eame \u00e9paisseur et de ne pas subir de<br \/>\nd\u00e9s\u00e9quilibre entre les deux pieds.<\/p>\n<p><\/p>\n<p><strong>Mode d&#8217;emploi : <\/strong>S&#8217;utilise toujours avec la<br \/>\nfourrure en contact avec la peau.<\/p>\n<p><\/p>\n<p><em>Pour les bienfaits de cet article se r\u00e9f\u00e9rer aux \u00e9crits de Sainte<br \/>\nHildegarde de Bingen.<\/em><\/p>\n<p><\/p>\n<p><strong>Entretien :<\/strong> Quand la fourrure est encrass\u00e9e,<br \/>\nla nettoyer au moyen de la &#8220;Terre de Sommi\u00e8re&#8221;, Ref BL001 p21 dans le<br \/>\ncatalogue.<\/p>\n<p><\/p>\n<p><em>&#8220;Le blaireau est chaud, il a des moeurs tranquilles; il est<br \/>\nmauvais, mais sans pr\u00e9somption; il d\u00e9tient en lui des forces tr\u00e8s<br \/>\npuissantes, mais il ne fait pas grand cas de cette valeur qu&#8217;il a en<br \/>\nlui, si ce n&#8217;est que, parfois, il la montre brusquement et s&#8217;arr\u00eate<br \/>\naussit\u00f4t : en effet, s&#8217;il la montrait sans arr\u00eat, on pourrait la<br \/>\ncomparer aux forces du lion. Mais il n&#8217;a pas envie de montrer ses<br \/>\nforces, si ce n&#8217;est que, de temps en temps, il les montre, dans la joie<br \/>\net l&#8217;exultation..&#8221;<\/em><\/p>\n<p><\/p>\n<p><strong>PHYSICA Ch.XXVIII : LE BLAIREAU<\/strong><\/p>\n","protected":false},"excerpt":{"rendered":"<p>CHAUSSONS BLAIREAU MOUTON T42 SEMELLE EN BLAIREAU DOUBL\u00c9E CR\u00caPE INTERIEUR TOUR ET DESSUS : MOUTON RETOURN\u00c9 BANDEAU, GARNITURE : FOURRURE DE BLAIREAU Fabrication enti\u00e8rement artisanale, chaque pi\u00e8ce est unique. Sur les photos vous pouvez voir deux paires avec des couleurs de blaireau diff\u00e9rentes car selon la peau utilis\u00e9e les paires de chaussons ne sont pas [&hellip;]<\/p>\n","protected":false},"featured_media":4745,"comment_status":"open","ping_status":"closed","template":"","meta":{"_acf_changed":false,"_relevanssi_hide_post":"","_relevanssi_hide_content":"","_relevanssi_pin_for_all":"","_relevanssi_pin_keywords":"","_relevanssi_unpin_keywords":"","_relevanssi_related_keywords":"","_relevanssi_related_include_ids":"","_relevanssi_related_exclude_ids":"","_relevanssi_related_no_append":"","_relevanssi_related_not_related":"","_relevanssi_related_posts":"","_relevanssi_noindex_reason":""},"product_brand":[],"product_cat":[21,103],"product_tag":[],"class_list":{"0":"post-1377","1":"product","2":"type-product","3":"status-publish","4":"has-post-thumbnail","6":"product_cat-accessoires-en-blaireau","7":"product_cat-chaussons","9":"first","10":"instock","11":"taxable","12":"shipping-taxable","13":"purchasable","14":"product-type-simple"},"acf":[],"yoast_head":"<!-- This site is optimized with the Yoast SEO plugin v27.4 - https:\/\/yoast.com\/product\/yoast-seo-wordpress\/ -->\n<title>CHAUSSONS BLAIREAU MOUTON T42 - Les Jardins de Sainte-Hildegarde<\/title>\n<meta name=\"robots\" content=\"index, follow, max-snippet:-1, max-image-preview:large, max-video-preview:-1\" \/>\n<link rel=\"canonical\" href=\"https:\/\/www.lesjardinsdesaintehildegarde.com\/en\/badger-accessories\/slippers\/chaussons-blaireau-mouton-t42\/\" \/>\n<meta property=\"og:locale\" content=\"en_US\" \/>\n<meta property=\"og:type\" content=\"article\" \/>\n<meta property=\"og:title\" content=\"CHAUSSONS BLAIREAU MOUTON T42 - Les Jardins de Sainte-Hildegarde\" \/>\n<meta property=\"og:description\" content=\"CHAUSSONS BLAIREAU MOUTON T42 SEMELLE EN BLAIREAU DOUBL\u00c9E CR\u00caPE INTERIEUR TOUR ET DESSUS : MOUTON RETOURN\u00c9 BANDEAU, GARNITURE : FOURRURE DE BLAIREAU Fabrication enti\u00e8rement artisanale, chaque pi\u00e8ce est unique. Sur les photos vous pouvez voir deux paires avec des couleurs de blaireau diff\u00e9rentes car selon la peau utilis\u00e9e les paires de chaussons ne sont pas [&hellip;]\" \/>\n<meta property=\"og:url\" content=\"https:\/\/www.lesjardinsdesaintehildegarde.com\/en\/badger-accessories\/slippers\/chaussons-blaireau-mouton-t42\/\" \/>\n<meta property=\"og:site_name\" content=\"Les Jardins de Sainte-Hildegarde\" \/>\n<meta property=\"article:modified_time\" content=\"2026-04-23T21:02:06+00:00\" \/>\n<meta property=\"og:image\" content=\"https:\/\/www.lesjardinsdesaintehildegarde.com\/wp-content\/uploads\/2022\/11\/blch-7631.jpg\" \/>\n\t<meta property=\"og:image:width\" content=\"1701\" \/>\n\t<meta property=\"og:image:height\" content=\"1823\" \/>\n\t<meta property=\"og:image:type\" content=\"image\/jpeg\" \/>\n<meta name=\"twitter:card\" content=\"summary_large_image\" \/>\n<meta name=\"twitter:label1\" content=\"Est. reading time\" \/>\n\t<meta name=\"twitter:data1\" content=\"2 minutes\" \/>\n<script type=\"application\/ld+json\" class=\"yoast-schema-graph\">{\"@context\":\"https:\\\/\\\/schema.org\",\"@graph\":[{\"@type\":\"WebPage\",\"@id\":\"https:\\\/\\\/www.lesjardinsdesaintehildegarde.com\\\/en\\\/badger-accessories\\\/slippers\\\/chaussons-blaireau-mouton-t42\\\/\",\"url\":\"https:\\\/\\\/www.lesjardinsdesaintehildegarde.com\\\/en\\\/badger-accessories\\\/slippers\\\/chaussons-blaireau-mouton-t42\\\/\",\"name\":\"CHAUSSONS BLAIREAU MOUTON T42 - Les Jardins de Sainte-Hildegarde\",\"isPartOf\":{\"@id\":\"https:\\\/\\\/www.lesjardinsdesaintehildegarde.com\\\/en\\\/#website\"},\"primaryImageOfPage\":{\"@id\":\"https:\\\/\\\/www.lesjardinsdesaintehildegarde.com\\\/en\\\/badger-accessories\\\/slippers\\\/chaussons-blaireau-mouton-t42\\\/#primaryimage\"},\"image\":{\"@id\":\"https:\\\/\\\/www.lesjardinsdesaintehildegarde.com\\\/en\\\/badger-accessories\\\/slippers\\\/chaussons-blaireau-mouton-t42\\\/#primaryimage\"},\"thumbnailUrl\":\"https:\\\/\\\/www.lesjardinsdesaintehildegarde.com\\\/wp-content\\\/uploads\\\/2022\\\/11\\\/blch-7631.jpg\",\"datePublished\":\"2022-11-04T08:08:18+00:00\",\"dateModified\":\"2026-04-23T21:02:06+00:00\",\"breadcrumb\":{\"@id\":\"https:\\\/\\\/www.lesjardinsdesaintehildegarde.com\\\/en\\\/badger-accessories\\\/slippers\\\/chaussons-blaireau-mouton-t42\\\/#breadcrumb\"},\"inLanguage\":\"en-US\",\"potentialAction\":[{\"@type\":\"ReadAction\",\"target\":[\"https:\\\/\\\/www.lesjardinsdesaintehildegarde.com\\\/en\\\/badger-accessories\\\/slippers\\\/chaussons-blaireau-mouton-t42\\\/\"]}]},{\"@type\":\"ImageObject\",\"inLanguage\":\"en-US\",\"@id\":\"https:\\\/\\\/www.lesjardinsdesaintehildegarde.com\\\/en\\\/badger-accessories\\\/slippers\\\/chaussons-blaireau-mouton-t42\\\/#primaryimage\",\"url\":\"https:\\\/\\\/www.lesjardinsdesaintehildegarde.com\\\/wp-content\\\/uploads\\\/2022\\\/11\\\/blch-7631.jpg\",\"contentUrl\":\"https:\\\/\\\/www.lesjardinsdesaintehildegarde.com\\\/wp-content\\\/uploads\\\/2022\\\/11\\\/blch-7631.jpg\",\"width\":1701,\"height\":1823,\"caption\":\"CHAUSSONS BLAIREAU MOUTON T42\"},{\"@type\":\"BreadcrumbList\",\"@id\":\"https:\\\/\\\/www.lesjardinsdesaintehildegarde.com\\\/en\\\/badger-accessories\\\/slippers\\\/chaussons-blaireau-mouton-t42\\\/#breadcrumb\",\"itemListElement\":[{\"@type\":\"ListItem\",\"position\":1,\"name\":\"Home\",\"item\":\"https:\\\/\\\/www.lesjardinsdesaintehildegarde.com\\\/en\\\/\"},{\"@type\":\"ListItem\",\"position\":2,\"name\":\"Products\",\"item\":\"https:\\\/\\\/www.lesjardinsdesaintehildegarde.com\\\/en\\\/shop\\\/\"},{\"@type\":\"ListItem\",\"position\":3,\"name\":\"CHAUSSONS BLAIREAU MOUTON T42\"}]},{\"@type\":\"WebSite\",\"@id\":\"https:\\\/\\\/www.lesjardinsdesaintehildegarde.com\\\/en\\\/#website\",\"url\":\"https:\\\/\\\/www.lesjardinsdesaintehildegarde.com\\\/en\\\/\",\"name\":\"Les Jardins de Sainte-Hildegarde\",\"description\":\"Viriditas\",\"publisher\":{\"@id\":\"https:\\\/\\\/www.lesjardinsdesaintehildegarde.com\\\/en\\\/#organization\"},\"potentialAction\":[{\"@type\":\"SearchAction\",\"target\":{\"@type\":\"EntryPoint\",\"urlTemplate\":\"https:\\\/\\\/www.lesjardinsdesaintehildegarde.com\\\/en\\\/?s={search_term_string}\"},\"query-input\":{\"@type\":\"PropertyValueSpecification\",\"valueRequired\":true,\"valueName\":\"search_term_string\"}}],\"inLanguage\":\"en-US\"},{\"@type\":\"Organization\",\"@id\":\"https:\\\/\\\/www.lesjardinsdesaintehildegarde.com\\\/en\\\/#organization\",\"name\":\"Les Jardins de Sainte-Hildegarde\",\"url\":\"https:\\\/\\\/www.lesjardinsdesaintehildegarde.com\\\/en\\\/\",\"logo\":{\"@type\":\"ImageObject\",\"inLanguage\":\"en-US\",\"@id\":\"https:\\\/\\\/www.lesjardinsdesaintehildegarde.com\\\/en\\\/#\\\/schema\\\/logo\\\/image\\\/\",\"url\":\"https:\\\/\\\/www.lesjardinsdesaintehildegarde.com\\\/wp-content\\\/uploads\\\/2022\\\/11\\\/logo-2022.png\",\"contentUrl\":\"https:\\\/\\\/www.lesjardinsdesaintehildegarde.com\\\/wp-content\\\/uploads\\\/2022\\\/11\\\/logo-2022.png\",\"width\":365,\"height\":90,\"caption\":\"Les Jardins de Sainte-Hildegarde\"},\"image\":{\"@id\":\"https:\\\/\\\/www.lesjardinsdesaintehildegarde.com\\\/en\\\/#\\\/schema\\\/logo\\\/image\\\/\"}}]}<\/script>\n<!-- \/ Yoast SEO plugin. -->","yoast_head_json":{"title":"CHAUSSONS BLAIREAU MOUTON T42 - Les Jardins de Sainte-Hildegarde","robots":{"index":"index","follow":"follow","max-snippet":"max-snippet:-1","max-image-preview":"max-image-preview:large","max-video-preview":"max-video-preview:-1"},"canonical":"https:\/\/www.lesjardinsdesaintehildegarde.com\/en\/badger-accessories\/slippers\/chaussons-blaireau-mouton-t42\/","og_locale":"en_US","og_type":"article","og_title":"CHAUSSONS BLAIREAU MOUTON T42 - Les Jardins de Sainte-Hildegarde","og_description":"CHAUSSONS BLAIREAU MOUTON T42 SEMELLE EN BLAIREAU DOUBL\u00c9E CR\u00caPE INTERIEUR TOUR ET DESSUS : MOUTON RETOURN\u00c9 BANDEAU, GARNITURE : FOURRURE DE BLAIREAU Fabrication enti\u00e8rement artisanale, chaque pi\u00e8ce est unique. Sur les photos vous pouvez voir deux paires avec des couleurs de blaireau diff\u00e9rentes car selon la peau utilis\u00e9e les paires de chaussons ne sont pas [&hellip;]","og_url":"https:\/\/www.lesjardinsdesaintehildegarde.com\/en\/badger-accessories\/slippers\/chaussons-blaireau-mouton-t42\/","og_site_name":"Les Jardins de Sainte-Hildegarde","article_modified_time":"2026-04-23T21:02:06+00:00","og_image":[{"width":1701,"height":1823,"url":"https:\/\/www.lesjardinsdesaintehildegarde.com\/wp-content\/uploads\/2022\/11\/blch-7631.jpg","type":"image\/jpeg"}],"twitter_card":"summary_large_image","twitter_misc":{"Est. reading time":"2 minutes"},"schema":{"@context":"https:\/\/schema.org","@graph":[{"@type":"WebPage","@id":"https:\/\/www.lesjardinsdesaintehildegarde.com\/en\/badger-accessories\/slippers\/chaussons-blaireau-mouton-t42\/","url":"https:\/\/www.lesjardinsdesaintehildegarde.com\/en\/badger-accessories\/slippers\/chaussons-blaireau-mouton-t42\/","name":"CHAUSSONS BLAIREAU MOUTON T42 - Les Jardins de Sainte-Hildegarde","isPartOf":{"@id":"https:\/\/www.lesjardinsdesaintehildegarde.com\/en\/#website"},"primaryImageOfPage":{"@id":"https:\/\/www.lesjardinsdesaintehildegarde.com\/en\/badger-accessories\/slippers\/chaussons-blaireau-mouton-t42\/#primaryimage"},"image":{"@id":"https:\/\/www.lesjardinsdesaintehildegarde.com\/en\/badger-accessories\/slippers\/chaussons-blaireau-mouton-t42\/#primaryimage"},"thumbnailUrl":"https:\/\/www.lesjardinsdesaintehildegarde.com\/wp-content\/uploads\/2022\/11\/blch-7631.jpg","datePublished":"2022-11-04T08:08:18+00:00","dateModified":"2026-04-23T21:02:06+00:00","breadcrumb":{"@id":"https:\/\/www.lesjardinsdesaintehildegarde.com\/en\/badger-accessories\/slippers\/chaussons-blaireau-mouton-t42\/#breadcrumb"},"inLanguage":"en-US","potentialAction":[{"@type":"ReadAction","target":["https:\/\/www.lesjardinsdesaintehildegarde.com\/en\/badger-accessories\/slippers\/chaussons-blaireau-mouton-t42\/"]}]},{"@type":"ImageObject","inLanguage":"en-US","@id":"https:\/\/www.lesjardinsdesaintehildegarde.com\/en\/badger-accessories\/slippers\/chaussons-blaireau-mouton-t42\/#primaryimage","url":"https:\/\/www.lesjardinsdesaintehildegarde.com\/wp-content\/uploads\/2022\/11\/blch-7631.jpg","contentUrl":"https:\/\/www.lesjardinsdesaintehildegarde.com\/wp-content\/uploads\/2022\/11\/blch-7631.jpg","width":1701,"height":1823,"caption":"CHAUSSONS BLAIREAU MOUTON T42"},{"@type":"BreadcrumbList","@id":"https:\/\/www.lesjardinsdesaintehildegarde.com\/en\/badger-accessories\/slippers\/chaussons-blaireau-mouton-t42\/#breadcrumb","itemListElement":[{"@type":"ListItem","position":1,"name":"Home","item":"https:\/\/www.lesjardinsdesaintehildegarde.com\/en\/"},{"@type":"ListItem","position":2,"name":"Products","item":"https:\/\/www.lesjardinsdesaintehildegarde.com\/en\/shop\/"},{"@type":"ListItem","position":3,"name":"CHAUSSONS BLAIREAU MOUTON T42"}]},{"@type":"WebSite","@id":"https:\/\/www.lesjardinsdesaintehildegarde.com\/en\/#website","url":"https:\/\/www.lesjardinsdesaintehildegarde.com\/en\/","name":"Les Jardins de Sainte-Hildegarde","description":"Viriditas","publisher":{"@id":"https:\/\/www.lesjardinsdesaintehildegarde.com\/en\/#organization"},"potentialAction":[{"@type":"SearchAction","target":{"@type":"EntryPoint","urlTemplate":"https:\/\/www.lesjardinsdesaintehildegarde.com\/en\/?s={search_term_string}"},"query-input":{"@type":"PropertyValueSpecification","valueRequired":true,"valueName":"search_term_string"}}],"inLanguage":"en-US"},{"@type":"Organization","@id":"https:\/\/www.lesjardinsdesaintehildegarde.com\/en\/#organization","name":"Les Jardins de Sainte-Hildegarde","url":"https:\/\/www.lesjardinsdesaintehildegarde.com\/en\/","logo":{"@type":"ImageObject","inLanguage":"en-US","@id":"https:\/\/www.lesjardinsdesaintehildegarde.com\/en\/#\/schema\/logo\/image\/","url":"https:\/\/www.lesjardinsdesaintehildegarde.com\/wp-content\/uploads\/2022\/11\/logo-2022.png","contentUrl":"https:\/\/www.lesjardinsdesaintehildegarde.com\/wp-content\/uploads\/2022\/11\/logo-2022.png","width":365,"height":90,"caption":"Les Jardins de Sainte-Hildegarde"},"image":{"@id":"https:\/\/www.lesjardinsdesaintehildegarde.com\/en\/#\/schema\/logo\/image\/"}}]}},"_links":{"self":[{"href":"https:\/\/www.lesjardinsdesaintehildegarde.com\/en\/wp-json\/wp\/v2\/product\/1377","targetHints":{"allow":["GET"]}}],"collection":[{"href":"https:\/\/www.lesjardinsdesaintehildegarde.com\/en\/wp-json\/wp\/v2\/product"}],"about":[{"href":"https:\/\/www.lesjardinsdesaintehildegarde.com\/en\/wp-json\/wp\/v2\/types\/product"}],"replies":[{"embeddable":true,"href":"https:\/\/www.lesjardinsdesaintehildegarde.com\/en\/wp-json\/wp\/v2\/comments?post=1377"}],"wp:featuredmedia":[{"embeddable":true,"href":"https:\/\/www.lesjardinsdesaintehildegarde.com\/en\/wp-json\/wp\/v2\/media\/4745"}],"wp:attachment":[{"href":"https:\/\/www.lesjardinsdesaintehildegarde.com\/en\/wp-json\/wp\/v2\/media?parent=1377"}],"wp:term":[{"taxonomy":"product_brand","embeddable":true,"href":"https:\/\/www.lesjardinsdesaintehildegarde.com\/en\/wp-json\/wp\/v2\/product_brand?post=1377"},{"taxonomy":"product_cat","embeddable":true,"href":"https:\/\/www.lesjardinsdesaintehildegarde.com\/en\/wp-json\/wp\/v2\/product_cat?post=1377"},{"taxonomy":"product_tag","embeddable":true,"href":"https:\/\/www.lesjardinsdesaintehildegarde.com\/en\/wp-json\/wp\/v2\/product_tag?post=1377"}],"curies":[{"name":"wp","href":"https:\/\/api.w.org\/{rel}","templated":true}]}}