{"id":1383,"date":"2022-11-04T09:08:19","date_gmt":"2022-11-04T08:08:19","guid":{"rendered":"https:\/\/www.lesjardinsdesaintehildegarde.com\/non%20class\u00e9\/semelles-en-fourrure-de-blaireau-t-38\/"},"modified":"2026-04-10T23:03:17","modified_gmt":"2026-04-10T21:03:17","slug":"semelles-en-fourrure-de-blaireau-t-38","status":"publish","type":"product","link":"https:\/\/www.lesjardinsdesaintehildegarde.com\/en\/badger-accessories\/soles\/semelles-en-fourrure-de-blaireau-t-38\/","title":{"rendered":"SEMELLES EN FOURRURE DE BLAIREAU T.38"},"content":{"rendered":"<p>SEMELLES T38 EN FOURRURE DE  BLAIREAU paire<\/p>\n<p>Peau de blaireau mont\u00e9e sur semelle en fleur de cuir gr\u00e2ce \u00e0 une technique de couture et de collage pour une solidit\u00e9 et une r\u00e9sistance maximale. <\/p>\n<p>La fleur de cuir est souple et confortable, la semelle \u00e9pousera la forme de votre pied rapidement.<\/p>\n<p>Fabrication enti\u00e8rement artisanale, chaque pi\u00e8ce est unique. <\/p>\n<p>Les deux semelles d&#8217;une m\u00eame paire sont taill\u00e9es dans la m\u00eame peau afin d&#8217;avoir la m\u00eame \u00e9paisseur et de ne pas subir de d\u00e9s\u00e9quilibre entre les deux pieds.<\/p>\n<p>Ce produit est tr\u00e8s demand\u00e9 actuellement, nos artisans en fabriquent en continu. S&#8217;il s&#8217;affiche en rupture, il sera \u00e0 nouveau disponible sous quelques jours.<\/p>\n<p>Mode d&#8217;emploi : S&#8217;utilise toujours avec la fourrure en contact avec la peau. A utiliser bien \u00e0 plat dans la chaussure. Retailler si besoin..<\/p>\n<p>Pour les bienfaits de cet article se r\u00e9f\u00e9rer aux \u00e9crits de Sainte Hildegarde de Bingen.<\/p>\n<p>Entretien : Quand la fourrure est encrass\u00e9e, la nettoyer au moyen de la &#8220;Terre de Sommi\u00e8re&#8221;, Ref BL001 p21 dans le catalogue.<\/p>\n<p>Attention : Etant port\u00e9es sous le poids du corps il se peut que les semelles perdent leurs poils \u00e0 cause du frottement. <\/p>\n<p>Cel\u00e0 d\u00e9pend essentiellement du poids et des appuis de chaque personne, en effet quand les appuis sont mal r\u00e9partis sous la vo\u00fbte plantaire le pied va solliciter certaines zones beaucoup plus que d&#8217;autres et peut laisser une partie de semelle glabre.  Ceci est compl\u00e8tement normal et ne peut pas faire l&#8217;objet d&#8217;une r\u00e9clamation.<\/p>\n<p>Si vous voulez \u00e9viter ce ph\u00e9nom\u00e8ne nous vous conseillons de porter les semelles la nuit, dans des chaussettes ou bien de privil\u00e9gier l&#8217;achat d&#8217;une jambi\u00e8re ou de tout autre article en blaireau.<\/p>\n<p>&#8220;Le blaireau est chaud, il a des moeurs tranquilles; il est mauvais, mais sans pr\u00e9somption; il d\u00e9tient en lui des forces tr\u00e8s puissantes, mais il ne fait pas grand cas de cette valeur qu&#8217;il a en lui, si ce n&#8217;est que, parfois, il la montre brusquement et s&#8217;arr\u00eate aussit\u00f4t : en effet, s&#8217;il la montrait sans arr\u00eat, on pourrait la comparer aux forces du lion. Mais il n&#8217;a pas envie de montrer ses forces, si ce n&#8217;est que, de temps en temps, il les montre, dans la joie et l&#8217;exultation..&#8221;<\/p>\n<p>PHYSICA Ch.XXVIII : LE BLAIREAU<\/p>\n","protected":false},"excerpt":{"rendered":"<p>SEMELLES T38 EN FOURRURE DE BLAIREAU paire Peau de blaireau mont\u00e9e sur semelle en fleur de cuir gr\u00e2ce \u00e0 une technique de couture et de collage pour une solidit\u00e9 et une r\u00e9sistance maximale. La fleur de cuir est souple et confortable, la semelle \u00e9pousera la forme de votre pied rapidement. Fabrication enti\u00e8rement artisanale, chaque pi\u00e8ce [&hellip;]<\/p>\n","protected":false},"featured_media":44134,"comment_status":"open","ping_status":"closed","template":"","meta":{"_acf_changed":false,"_relevanssi_hide_post":"","_relevanssi_hide_content":"","_relevanssi_pin_for_all":"","_relevanssi_pin_keywords":"","_relevanssi_unpin_keywords":"","_relevanssi_related_keywords":"","_relevanssi_related_include_ids":"","_relevanssi_related_exclude_ids":"","_relevanssi_related_no_append":"","_relevanssi_related_not_related":"","_relevanssi_related_posts":"","_relevanssi_noindex_reason":""},"product_brand":[],"product_cat":[21,102],"product_tag":[],"class_list":{"0":"post-1383","1":"product","2":"type-product","3":"status-publish","4":"has-post-thumbnail","6":"product_cat-accessoires-en-blaireau","7":"product_cat-semelles","9":"first","10":"instock","11":"taxable","12":"shipping-taxable","13":"purchasable","14":"product-type-simple"},"acf":[],"yoast_head":"<!-- This site is optimized with the Yoast SEO plugin v27.2 - https:\/\/yoast.com\/product\/yoast-seo-wordpress\/ -->\n<title>SEMELLES EN FOURRURE DE BLAIREAU T.38 - Les Jardins de Sainte-Hildegarde<\/title>\n<meta name=\"robots\" content=\"index, follow, max-snippet:-1, max-image-preview:large, max-video-preview:-1\" \/>\n<link rel=\"canonical\" href=\"https:\/\/www.lesjardinsdesaintehildegarde.com\/en\/badger-accessories\/soles\/semelles-en-fourrure-de-blaireau-t-38\/\" \/>\n<meta property=\"og:locale\" content=\"en_US\" \/>\n<meta property=\"og:type\" content=\"article\" \/>\n<meta property=\"og:title\" content=\"SEMELLES EN FOURRURE DE BLAIREAU T.38 - Les Jardins de Sainte-Hildegarde\" \/>\n<meta property=\"og:description\" content=\"SEMELLES T38 EN FOURRURE DE BLAIREAU paire Peau de blaireau mont\u00e9e sur semelle en fleur de cuir gr\u00e2ce \u00e0 une technique de couture et de collage pour une solidit\u00e9 et une r\u00e9sistance maximale. La fleur de cuir est souple et confortable, la semelle \u00e9pousera la forme de votre pied rapidement. Fabrication enti\u00e8rement artisanale, chaque pi\u00e8ce [&hellip;]\" \/>\n<meta property=\"og:url\" content=\"https:\/\/www.lesjardinsdesaintehildegarde.com\/en\/badger-accessories\/soles\/semelles-en-fourrure-de-blaireau-t-38\/\" \/>\n<meta property=\"og:site_name\" content=\"Les Jardins de Sainte-Hildegarde\" \/>\n<meta property=\"article:modified_time\" content=\"2026-04-10T21:03:17+00:00\" \/>\n<meta property=\"og:image\" content=\"https:\/\/www.lesjardinsdesaintehildegarde.com\/wp-content\/uploads\/2022\/11\/semelles-1.jpg\" \/>\n\t<meta property=\"og:image:width\" content=\"756\" \/>\n\t<meta property=\"og:image:height\" content=\"1008\" \/>\n\t<meta property=\"og:image:type\" content=\"image\/jpeg\" \/>\n<meta name=\"twitter:card\" content=\"summary_large_image\" \/>\n<meta name=\"twitter:label1\" content=\"Est. reading time\" \/>\n\t<meta name=\"twitter:data1\" content=\"2 minutes\" \/>\n<script type=\"application\/ld+json\" class=\"yoast-schema-graph\">{\"@context\":\"https:\/\/schema.org\",\"@graph\":[{\"@type\":\"WebPage\",\"@id\":\"https:\/\/www.lesjardinsdesaintehildegarde.com\/en\/badger-accessories\/soles\/semelles-en-fourrure-de-blaireau-t-38\/\",\"url\":\"https:\/\/www.lesjardinsdesaintehildegarde.com\/en\/badger-accessories\/soles\/semelles-en-fourrure-de-blaireau-t-38\/\",\"name\":\"SEMELLES EN FOURRURE DE BLAIREAU T.38 - Les Jardins de Sainte-Hildegarde\",\"isPartOf\":{\"@id\":\"https:\/\/www.lesjardinsdesaintehildegarde.com\/en\/#website\"},\"primaryImageOfPage\":{\"@id\":\"https:\/\/www.lesjardinsdesaintehildegarde.com\/en\/badger-accessories\/soles\/semelles-en-fourrure-de-blaireau-t-38\/#primaryimage\"},\"image\":{\"@id\":\"https:\/\/www.lesjardinsdesaintehildegarde.com\/en\/badger-accessories\/soles\/semelles-en-fourrure-de-blaireau-t-38\/#primaryimage\"},\"thumbnailUrl\":\"https:\/\/www.lesjardinsdesaintehildegarde.com\/wp-content\/uploads\/2022\/11\/semelles-1.jpg\",\"datePublished\":\"2022-11-04T08:08:19+00:00\",\"dateModified\":\"2026-04-10T21:03:17+00:00\",\"breadcrumb\":{\"@id\":\"https:\/\/www.lesjardinsdesaintehildegarde.com\/en\/badger-accessories\/soles\/semelles-en-fourrure-de-blaireau-t-38\/#breadcrumb\"},\"inLanguage\":\"en-US\",\"potentialAction\":[{\"@type\":\"ReadAction\",\"target\":[\"https:\/\/www.lesjardinsdesaintehildegarde.com\/en\/badger-accessories\/soles\/semelles-en-fourrure-de-blaireau-t-38\/\"]}]},{\"@type\":\"ImageObject\",\"inLanguage\":\"en-US\",\"@id\":\"https:\/\/www.lesjardinsdesaintehildegarde.com\/en\/badger-accessories\/soles\/semelles-en-fourrure-de-blaireau-t-38\/#primaryimage\",\"url\":\"https:\/\/www.lesjardinsdesaintehildegarde.com\/wp-content\/uploads\/2022\/11\/semelles-1.jpg\",\"contentUrl\":\"https:\/\/www.lesjardinsdesaintehildegarde.com\/wp-content\/uploads\/2022\/11\/semelles-1.jpg\",\"width\":756,\"height\":1008,\"caption\":\"semelles de blaireau mont\u00e9es sur fleur de cuir, recommand\u00e9 par sainte Hildegarde de Bingen\"},{\"@type\":\"BreadcrumbList\",\"@id\":\"https:\/\/www.lesjardinsdesaintehildegarde.com\/en\/badger-accessories\/soles\/semelles-en-fourrure-de-blaireau-t-38\/#breadcrumb\",\"itemListElement\":[{\"@type\":\"ListItem\",\"position\":1,\"name\":\"Home\",\"item\":\"https:\/\/www.lesjardinsdesaintehildegarde.com\/en\/\"},{\"@type\":\"ListItem\",\"position\":2,\"name\":\"Products\",\"item\":\"https:\/\/www.lesjardinsdesaintehildegarde.com\/en\/shop\/\"},{\"@type\":\"ListItem\",\"position\":3,\"name\":\"SEMELLES EN FOURRURE DE BLAIREAU T.38\"}]},{\"@type\":\"WebSite\",\"@id\":\"https:\/\/www.lesjardinsdesaintehildegarde.com\/en\/#website\",\"url\":\"https:\/\/www.lesjardinsdesaintehildegarde.com\/en\/\",\"name\":\"Les Jardins de Sainte-Hildegarde\",\"description\":\"Viriditas\",\"publisher\":{\"@id\":\"https:\/\/www.lesjardinsdesaintehildegarde.com\/en\/#organization\"},\"potentialAction\":[{\"@type\":\"SearchAction\",\"target\":{\"@type\":\"EntryPoint\",\"urlTemplate\":\"https:\/\/www.lesjardinsdesaintehildegarde.com\/en\/?s={search_term_string}\"},\"query-input\":{\"@type\":\"PropertyValueSpecification\",\"valueRequired\":true,\"valueName\":\"search_term_string\"}}],\"inLanguage\":\"en-US\"},{\"@type\":\"Organization\",\"@id\":\"https:\/\/www.lesjardinsdesaintehildegarde.com\/en\/#organization\",\"name\":\"Les Jardins de Sainte-Hildegarde\",\"url\":\"https:\/\/www.lesjardinsdesaintehildegarde.com\/en\/\",\"logo\":{\"@type\":\"ImageObject\",\"inLanguage\":\"en-US\",\"@id\":\"https:\/\/www.lesjardinsdesaintehildegarde.com\/en\/#\/schema\/logo\/image\/\",\"url\":\"https:\/\/www.lesjardinsdesaintehildegarde.com\/wp-content\/uploads\/2022\/11\/logo-2022.png\",\"contentUrl\":\"https:\/\/www.lesjardinsdesaintehildegarde.com\/wp-content\/uploads\/2022\/11\/logo-2022.png\",\"width\":365,\"height\":90,\"caption\":\"Les Jardins de Sainte-Hildegarde\"},\"image\":{\"@id\":\"https:\/\/www.lesjardinsdesaintehildegarde.com\/en\/#\/schema\/logo\/image\/\"}}]}<\/script>\n<!-- \/ Yoast SEO plugin. -->","yoast_head_json":{"title":"SEMELLES EN FOURRURE DE BLAIREAU T.38 - Les Jardins de Sainte-Hildegarde","robots":{"index":"index","follow":"follow","max-snippet":"max-snippet:-1","max-image-preview":"max-image-preview:large","max-video-preview":"max-video-preview:-1"},"canonical":"https:\/\/www.lesjardinsdesaintehildegarde.com\/en\/badger-accessories\/soles\/semelles-en-fourrure-de-blaireau-t-38\/","og_locale":"en_US","og_type":"article","og_title":"SEMELLES EN FOURRURE DE BLAIREAU T.38 - Les Jardins de Sainte-Hildegarde","og_description":"SEMELLES T38 EN FOURRURE DE BLAIREAU paire Peau de blaireau mont\u00e9e sur semelle en fleur de cuir gr\u00e2ce \u00e0 une technique de couture et de collage pour une solidit\u00e9 et une r\u00e9sistance maximale. La fleur de cuir est souple et confortable, la semelle \u00e9pousera la forme de votre pied rapidement. Fabrication enti\u00e8rement artisanale, chaque pi\u00e8ce [&hellip;]","og_url":"https:\/\/www.lesjardinsdesaintehildegarde.com\/en\/badger-accessories\/soles\/semelles-en-fourrure-de-blaireau-t-38\/","og_site_name":"Les Jardins de Sainte-Hildegarde","article_modified_time":"2026-04-10T21:03:17+00:00","og_image":[{"width":756,"height":1008,"url":"https:\/\/www.lesjardinsdesaintehildegarde.com\/wp-content\/uploads\/2022\/11\/semelles-1.jpg","type":"image\/jpeg"}],"twitter_card":"summary_large_image","twitter_misc":{"Est. reading time":"2 minutes"},"schema":{"@context":"https:\/\/schema.org","@graph":[{"@type":"WebPage","@id":"https:\/\/www.lesjardinsdesaintehildegarde.com\/en\/badger-accessories\/soles\/semelles-en-fourrure-de-blaireau-t-38\/","url":"https:\/\/www.lesjardinsdesaintehildegarde.com\/en\/badger-accessories\/soles\/semelles-en-fourrure-de-blaireau-t-38\/","name":"SEMELLES EN FOURRURE DE BLAIREAU T.38 - Les Jardins de Sainte-Hildegarde","isPartOf":{"@id":"https:\/\/www.lesjardinsdesaintehildegarde.com\/en\/#website"},"primaryImageOfPage":{"@id":"https:\/\/www.lesjardinsdesaintehildegarde.com\/en\/badger-accessories\/soles\/semelles-en-fourrure-de-blaireau-t-38\/#primaryimage"},"image":{"@id":"https:\/\/www.lesjardinsdesaintehildegarde.com\/en\/badger-accessories\/soles\/semelles-en-fourrure-de-blaireau-t-38\/#primaryimage"},"thumbnailUrl":"https:\/\/www.lesjardinsdesaintehildegarde.com\/wp-content\/uploads\/2022\/11\/semelles-1.jpg","datePublished":"2022-11-04T08:08:19+00:00","dateModified":"2026-04-10T21:03:17+00:00","breadcrumb":{"@id":"https:\/\/www.lesjardinsdesaintehildegarde.com\/en\/badger-accessories\/soles\/semelles-en-fourrure-de-blaireau-t-38\/#breadcrumb"},"inLanguage":"en-US","potentialAction":[{"@type":"ReadAction","target":["https:\/\/www.lesjardinsdesaintehildegarde.com\/en\/badger-accessories\/soles\/semelles-en-fourrure-de-blaireau-t-38\/"]}]},{"@type":"ImageObject","inLanguage":"en-US","@id":"https:\/\/www.lesjardinsdesaintehildegarde.com\/en\/badger-accessories\/soles\/semelles-en-fourrure-de-blaireau-t-38\/#primaryimage","url":"https:\/\/www.lesjardinsdesaintehildegarde.com\/wp-content\/uploads\/2022\/11\/semelles-1.jpg","contentUrl":"https:\/\/www.lesjardinsdesaintehildegarde.com\/wp-content\/uploads\/2022\/11\/semelles-1.jpg","width":756,"height":1008,"caption":"semelles de blaireau mont\u00e9es sur fleur de cuir, recommand\u00e9 par sainte Hildegarde de Bingen"},{"@type":"BreadcrumbList","@id":"https:\/\/www.lesjardinsdesaintehildegarde.com\/en\/badger-accessories\/soles\/semelles-en-fourrure-de-blaireau-t-38\/#breadcrumb","itemListElement":[{"@type":"ListItem","position":1,"name":"Home","item":"https:\/\/www.lesjardinsdesaintehildegarde.com\/en\/"},{"@type":"ListItem","position":2,"name":"Products","item":"https:\/\/www.lesjardinsdesaintehildegarde.com\/en\/shop\/"},{"@type":"ListItem","position":3,"name":"SEMELLES EN FOURRURE DE BLAIREAU T.38"}]},{"@type":"WebSite","@id":"https:\/\/www.lesjardinsdesaintehildegarde.com\/en\/#website","url":"https:\/\/www.lesjardinsdesaintehildegarde.com\/en\/","name":"Les Jardins de Sainte-Hildegarde","description":"Viriditas","publisher":{"@id":"https:\/\/www.lesjardinsdesaintehildegarde.com\/en\/#organization"},"potentialAction":[{"@type":"SearchAction","target":{"@type":"EntryPoint","urlTemplate":"https:\/\/www.lesjardinsdesaintehildegarde.com\/en\/?s={search_term_string}"},"query-input":{"@type":"PropertyValueSpecification","valueRequired":true,"valueName":"search_term_string"}}],"inLanguage":"en-US"},{"@type":"Organization","@id":"https:\/\/www.lesjardinsdesaintehildegarde.com\/en\/#organization","name":"Les Jardins de Sainte-Hildegarde","url":"https:\/\/www.lesjardinsdesaintehildegarde.com\/en\/","logo":{"@type":"ImageObject","inLanguage":"en-US","@id":"https:\/\/www.lesjardinsdesaintehildegarde.com\/en\/#\/schema\/logo\/image\/","url":"https:\/\/www.lesjardinsdesaintehildegarde.com\/wp-content\/uploads\/2022\/11\/logo-2022.png","contentUrl":"https:\/\/www.lesjardinsdesaintehildegarde.com\/wp-content\/uploads\/2022\/11\/logo-2022.png","width":365,"height":90,"caption":"Les Jardins de Sainte-Hildegarde"},"image":{"@id":"https:\/\/www.lesjardinsdesaintehildegarde.com\/en\/#\/schema\/logo\/image\/"}}]}},"_links":{"self":[{"href":"https:\/\/www.lesjardinsdesaintehildegarde.com\/en\/wp-json\/wp\/v2\/product\/1383","targetHints":{"allow":["GET"]}}],"collection":[{"href":"https:\/\/www.lesjardinsdesaintehildegarde.com\/en\/wp-json\/wp\/v2\/product"}],"about":[{"href":"https:\/\/www.lesjardinsdesaintehildegarde.com\/en\/wp-json\/wp\/v2\/types\/product"}],"replies":[{"embeddable":true,"href":"https:\/\/www.lesjardinsdesaintehildegarde.com\/en\/wp-json\/wp\/v2\/comments?post=1383"}],"wp:featuredmedia":[{"embeddable":true,"href":"https:\/\/www.lesjardinsdesaintehildegarde.com\/en\/wp-json\/wp\/v2\/media\/44134"}],"wp:attachment":[{"href":"https:\/\/www.lesjardinsdesaintehildegarde.com\/en\/wp-json\/wp\/v2\/media?parent=1383"}],"wp:term":[{"taxonomy":"product_brand","embeddable":true,"href":"https:\/\/www.lesjardinsdesaintehildegarde.com\/en\/wp-json\/wp\/v2\/product_brand?post=1383"},{"taxonomy":"product_cat","embeddable":true,"href":"https:\/\/www.lesjardinsdesaintehildegarde.com\/en\/wp-json\/wp\/v2\/product_cat?post=1383"},{"taxonomy":"product_tag","embeddable":true,"href":"https:\/\/www.lesjardinsdesaintehildegarde.com\/en\/wp-json\/wp\/v2\/product_tag?post=1383"}],"curies":[{"name":"wp","href":"https:\/\/api.w.org\/{rel}","templated":true}]}}