{"id":1417,"date":"2022-11-04T09:08:24","date_gmt":"2022-11-04T08:08:24","guid":{"rendered":"https:\/\/www.lesjardinsdesaintehildegarde.com\/non%20class\u00e9\/cd-chants-de-l-extase-n-1-groupe-sequent\/"},"modified":"2026-03-09T08:00:03","modified_gmt":"2026-03-09T07:00:03","slug":"cd-chants-de-l-extase-n-1-groupe-sequent","status":"publish","type":"product","link":"https:\/\/www.lesjardinsdesaintehildegarde.com\/en\/books-and-music\/cd-and-video\/cd-chants-de-l-extase-n-1-groupe-sequent\/","title":{"rendered":"CD CHANTS DE L EXTASE N 1 GROUPE SEQUENT"},"content":{"rendered":"<p><\/p>\n<p><strong>CHANTS DE L&#8217;EXTASE n\u00b01 <\/strong><\/p>\n<p><\/p>\n<p>Groupe Sequentia<\/p>\n<p><\/p>\n<p><strong>Description : <\/strong><\/p>\n<p><\/p>\n<p>1 CD, ensemble de musique m\u00e9di\u00e9vale.<\/p>\n<p><\/p>\n<p>Chant, direction :<\/p>\n<p><\/p>\n<p>Barbara Thornton, Gundula Anders, Pamela Dellal, Elizabeth Glen,<br \/>\nHeather Knutson, Laurie Monathan, Susanne Norin, Janet Youngdahl<\/p>\n<p><\/p>\n<p>Vi\u00e8le m\u00e9di\u00e9vale : <\/p>\n<p><\/p>\n<p>Elizabeth Gaver, Elisabetta de Mircovich<\/p>\n<p><\/p>\n<p>Harpe m\u00e9di\u00e9vale, Organistrum :<strong> <\/strong><\/p>\n<p><\/p>\n<p>Benjamin Bagby<\/p>\n<p><\/p>\n<p><strong>R\u00e9sum\u00e9 :<\/strong><\/p>\n<p><\/p>\n<p>Hildegarde de Bingen : visionnaire du 12\u00e8me si\u00e8cle, abbesse,<br \/>\ngu\u00e9risseuse, compositeur, \u00e9crivain et Sainte.<\/p>\n<p><\/p>\n<p>Sequentia : un nom synonyme d&#8217;excellence dans la reconstitution des<br \/>\nsonorit\u00e9s et arts litt\u00e9raires m\u00e9di\u00e9vaux. Ici, avec les Chants de<br \/>\nl&#8217;extase, l&#8217;ensemble vocal f\u00e9minin de Sequentia, actuellement les<br \/>\nmeilleurs interpr\u00e8tes des oeuvres de Ste Hildegarde, poursuit la s\u00e9rie<br \/>\nd&#8217;enregistrements de la musique de Ste Hildegarde.<\/p>\n<p><\/p>\n<p>Le pr\u00e9sent arrangement d&#8217;antiennes marials, de s\u00e9quences et r\u00e9ponses<br \/>\nadress\u00e9s \u00e0 l&#8217;Esprit Supr\u00eame, montrent toute l&#8217;\u00e9tendue de la puissance<br \/>\nimaginative des compositions de Ste Hildegarde, et d\u00e9ploient la<br \/>\nvirtuosit\u00e9 vertigineuse des ensembles vocaux et instrumentaux de<br \/>\nSequentia.<\/p>\n","protected":false},"excerpt":{"rendered":"<p>CHANTS DE L&#8217;EXTASE n\u00b01 Groupe Sequentia Description : 1 CD, ensemble de musique m\u00e9di\u00e9vale. Chant, direction : Barbara Thornton, Gundula Anders, Pamela Dellal, Elizabeth Glen, Heather Knutson, Laurie Monathan, Susanne Norin, Janet Youngdahl Vi\u00e8le m\u00e9di\u00e9vale : Elizabeth Gaver, Elisabetta de Mircovich Harpe m\u00e9di\u00e9vale, Organistrum : Benjamin Bagby R\u00e9sum\u00e9 : Hildegarde de Bingen : visionnaire du [&hellip;]<\/p>\n","protected":false},"featured_media":75201,"comment_status":"open","ping_status":"closed","template":"","meta":{"_acf_changed":false,"_relevanssi_hide_post":"","_relevanssi_hide_content":"","_relevanssi_pin_for_all":"","_relevanssi_pin_keywords":"","_relevanssi_unpin_keywords":"","_relevanssi_related_keywords":"","_relevanssi_related_include_ids":"","_relevanssi_related_exclude_ids":"","_relevanssi_related_no_append":"","_relevanssi_related_not_related":"","_relevanssi_related_posts":"","_relevanssi_noindex_reason":""},"product_brand":[],"product_cat":[109,33],"product_tag":[],"class_list":{"0":"post-1417","1":"product","2":"type-product","3":"status-publish","4":"has-post-thumbnail","6":"product_cat-cd-et-video","7":"product_cat-livres-et-loisirs","9":"first","10":"instock","11":"taxable","12":"shipping-taxable","13":"purchasable","14":"product-type-simple"},"acf":[],"yoast_head":"<!-- This site is optimized with the Yoast SEO plugin v27.2 - https:\/\/yoast.com\/product\/yoast-seo-wordpress\/ -->\n<title>CD CHANTS DE L EXTASE N 1 GROUPE SEQUENT - Les Jardins de Sainte-Hildegarde<\/title>\n<meta name=\"robots\" content=\"index, follow, max-snippet:-1, max-image-preview:large, max-video-preview:-1\" \/>\n<link rel=\"canonical\" href=\"https:\/\/www.lesjardinsdesaintehildegarde.com\/en\/books-and-music\/cd-and-video\/cd-chants-de-l-extase-n-1-groupe-sequent\/\" \/>\n<meta property=\"og:locale\" content=\"en_US\" \/>\n<meta property=\"og:type\" content=\"article\" \/>\n<meta property=\"og:title\" content=\"CD CHANTS DE L EXTASE N 1 GROUPE SEQUENT - Les Jardins de Sainte-Hildegarde\" \/>\n<meta property=\"og:description\" content=\"CHANTS DE L&#8217;EXTASE n\u00b01 Groupe Sequentia Description : 1 CD, ensemble de musique m\u00e9di\u00e9vale. Chant, direction : Barbara Thornton, Gundula Anders, Pamela Dellal, Elizabeth Glen, Heather Knutson, Laurie Monathan, Susanne Norin, Janet Youngdahl Vi\u00e8le m\u00e9di\u00e9vale : Elizabeth Gaver, Elisabetta de Mircovich Harpe m\u00e9di\u00e9vale, Organistrum : Benjamin Bagby R\u00e9sum\u00e9 : Hildegarde de Bingen : visionnaire du [&hellip;]\" \/>\n<meta property=\"og:url\" content=\"https:\/\/www.lesjardinsdesaintehildegarde.com\/en\/books-and-music\/cd-and-video\/cd-chants-de-l-extase-n-1-groupe-sequent\/\" \/>\n<meta property=\"og:site_name\" content=\"Les Jardins de Sainte-Hildegarde\" \/>\n<meta property=\"article:modified_time\" content=\"2026-03-09T07:00:03+00:00\" \/>\n<meta property=\"og:image\" content=\"https:\/\/www.lesjardinsdesaintehildegarde.com\/wp-content\/uploads\/2023\/10\/cdext-chants-de-l-extase.jpg\" \/>\n\t<meta property=\"og:image:width\" content=\"1200\" \/>\n\t<meta property=\"og:image:height\" content=\"1200\" \/>\n\t<meta property=\"og:image:type\" content=\"image\/jpeg\" \/>\n<meta name=\"twitter:card\" content=\"summary_large_image\" \/>\n<meta name=\"twitter:label1\" content=\"Est. reading time\" \/>\n\t<meta name=\"twitter:data1\" content=\"1 minute\" \/>\n<script type=\"application\/ld+json\" class=\"yoast-schema-graph\">{\"@context\":\"https:\/\/schema.org\",\"@graph\":[{\"@type\":\"WebPage\",\"@id\":\"https:\/\/www.lesjardinsdesaintehildegarde.com\/en\/books-and-music\/cd-and-video\/cd-chants-de-l-extase-n-1-groupe-sequent\/\",\"url\":\"https:\/\/www.lesjardinsdesaintehildegarde.com\/en\/books-and-music\/cd-and-video\/cd-chants-de-l-extase-n-1-groupe-sequent\/\",\"name\":\"CD CHANTS DE L EXTASE N 1 GROUPE SEQUENT - Les Jardins de Sainte-Hildegarde\",\"isPartOf\":{\"@id\":\"https:\/\/www.lesjardinsdesaintehildegarde.com\/en\/#website\"},\"primaryImageOfPage\":{\"@id\":\"https:\/\/www.lesjardinsdesaintehildegarde.com\/en\/books-and-music\/cd-and-video\/cd-chants-de-l-extase-n-1-groupe-sequent\/#primaryimage\"},\"image\":{\"@id\":\"https:\/\/www.lesjardinsdesaintehildegarde.com\/en\/books-and-music\/cd-and-video\/cd-chants-de-l-extase-n-1-groupe-sequent\/#primaryimage\"},\"thumbnailUrl\":\"https:\/\/www.lesjardinsdesaintehildegarde.com\/wp-content\/uploads\/2023\/10\/cdext-chants-de-l-extase.jpg\",\"datePublished\":\"2022-11-04T08:08:24+00:00\",\"dateModified\":\"2026-03-09T07:00:03+00:00\",\"breadcrumb\":{\"@id\":\"https:\/\/www.lesjardinsdesaintehildegarde.com\/en\/books-and-music\/cd-and-video\/cd-chants-de-l-extase-n-1-groupe-sequent\/#breadcrumb\"},\"inLanguage\":\"en-US\",\"potentialAction\":[{\"@type\":\"ReadAction\",\"target\":[\"https:\/\/www.lesjardinsdesaintehildegarde.com\/en\/books-and-music\/cd-and-video\/cd-chants-de-l-extase-n-1-groupe-sequent\/\"]}]},{\"@type\":\"ImageObject\",\"inLanguage\":\"en-US\",\"@id\":\"https:\/\/www.lesjardinsdesaintehildegarde.com\/en\/books-and-music\/cd-and-video\/cd-chants-de-l-extase-n-1-groupe-sequent\/#primaryimage\",\"url\":\"https:\/\/www.lesjardinsdesaintehildegarde.com\/wp-content\/uploads\/2023\/10\/cdext-chants-de-l-extase.jpg\",\"contentUrl\":\"https:\/\/www.lesjardinsdesaintehildegarde.com\/wp-content\/uploads\/2023\/10\/cdext-chants-de-l-extase.jpg\",\"width\":1200,\"height\":1200,\"caption\":\"CHANTS DE L'EXTASE n\u00b01 Groupe Sequentia\"},{\"@type\":\"BreadcrumbList\",\"@id\":\"https:\/\/www.lesjardinsdesaintehildegarde.com\/en\/books-and-music\/cd-and-video\/cd-chants-de-l-extase-n-1-groupe-sequent\/#breadcrumb\",\"itemListElement\":[{\"@type\":\"ListItem\",\"position\":1,\"name\":\"Home\",\"item\":\"https:\/\/www.lesjardinsdesaintehildegarde.com\/en\/\"},{\"@type\":\"ListItem\",\"position\":2,\"name\":\"Products\",\"item\":\"https:\/\/www.lesjardinsdesaintehildegarde.com\/en\/shop\/\"},{\"@type\":\"ListItem\",\"position\":3,\"name\":\"CD CHANTS DE L EXTASE N 1 GROUPE SEQUENT\"}]},{\"@type\":\"WebSite\",\"@id\":\"https:\/\/www.lesjardinsdesaintehildegarde.com\/en\/#website\",\"url\":\"https:\/\/www.lesjardinsdesaintehildegarde.com\/en\/\",\"name\":\"Les Jardins de Sainte-Hildegarde\",\"description\":\"Viriditas\",\"publisher\":{\"@id\":\"https:\/\/www.lesjardinsdesaintehildegarde.com\/en\/#organization\"},\"potentialAction\":[{\"@type\":\"SearchAction\",\"target\":{\"@type\":\"EntryPoint\",\"urlTemplate\":\"https:\/\/www.lesjardinsdesaintehildegarde.com\/en\/?s={search_term_string}\"},\"query-input\":{\"@type\":\"PropertyValueSpecification\",\"valueRequired\":true,\"valueName\":\"search_term_string\"}}],\"inLanguage\":\"en-US\"},{\"@type\":\"Organization\",\"@id\":\"https:\/\/www.lesjardinsdesaintehildegarde.com\/en\/#organization\",\"name\":\"Les Jardins de Sainte-Hildegarde\",\"url\":\"https:\/\/www.lesjardinsdesaintehildegarde.com\/en\/\",\"logo\":{\"@type\":\"ImageObject\",\"inLanguage\":\"en-US\",\"@id\":\"https:\/\/www.lesjardinsdesaintehildegarde.com\/en\/#\/schema\/logo\/image\/\",\"url\":\"https:\/\/www.lesjardinsdesaintehildegarde.com\/wp-content\/uploads\/2022\/11\/logo-2022.png\",\"contentUrl\":\"https:\/\/www.lesjardinsdesaintehildegarde.com\/wp-content\/uploads\/2022\/11\/logo-2022.png\",\"width\":365,\"height\":90,\"caption\":\"Les Jardins de Sainte-Hildegarde\"},\"image\":{\"@id\":\"https:\/\/www.lesjardinsdesaintehildegarde.com\/en\/#\/schema\/logo\/image\/\"}}]}<\/script>\n<!-- \/ Yoast SEO plugin. -->","yoast_head_json":{"title":"CD CHANTS DE L EXTASE N 1 GROUPE SEQUENT - Les Jardins de Sainte-Hildegarde","robots":{"index":"index","follow":"follow","max-snippet":"max-snippet:-1","max-image-preview":"max-image-preview:large","max-video-preview":"max-video-preview:-1"},"canonical":"https:\/\/www.lesjardinsdesaintehildegarde.com\/en\/books-and-music\/cd-and-video\/cd-chants-de-l-extase-n-1-groupe-sequent\/","og_locale":"en_US","og_type":"article","og_title":"CD CHANTS DE L EXTASE N 1 GROUPE SEQUENT - Les Jardins de Sainte-Hildegarde","og_description":"CHANTS DE L&#8217;EXTASE n\u00b01 Groupe Sequentia Description : 1 CD, ensemble de musique m\u00e9di\u00e9vale. Chant, direction : Barbara Thornton, Gundula Anders, Pamela Dellal, Elizabeth Glen, Heather Knutson, Laurie Monathan, Susanne Norin, Janet Youngdahl Vi\u00e8le m\u00e9di\u00e9vale : Elizabeth Gaver, Elisabetta de Mircovich Harpe m\u00e9di\u00e9vale, Organistrum : Benjamin Bagby R\u00e9sum\u00e9 : Hildegarde de Bingen : visionnaire du [&hellip;]","og_url":"https:\/\/www.lesjardinsdesaintehildegarde.com\/en\/books-and-music\/cd-and-video\/cd-chants-de-l-extase-n-1-groupe-sequent\/","og_site_name":"Les Jardins de Sainte-Hildegarde","article_modified_time":"2026-03-09T07:00:03+00:00","og_image":[{"width":1200,"height":1200,"url":"https:\/\/www.lesjardinsdesaintehildegarde.com\/wp-content\/uploads\/2023\/10\/cdext-chants-de-l-extase.jpg","type":"image\/jpeg"}],"twitter_card":"summary_large_image","twitter_misc":{"Est. reading time":"1 minute"},"schema":{"@context":"https:\/\/schema.org","@graph":[{"@type":"WebPage","@id":"https:\/\/www.lesjardinsdesaintehildegarde.com\/en\/books-and-music\/cd-and-video\/cd-chants-de-l-extase-n-1-groupe-sequent\/","url":"https:\/\/www.lesjardinsdesaintehildegarde.com\/en\/books-and-music\/cd-and-video\/cd-chants-de-l-extase-n-1-groupe-sequent\/","name":"CD CHANTS DE L EXTASE N 1 GROUPE SEQUENT - Les Jardins de Sainte-Hildegarde","isPartOf":{"@id":"https:\/\/www.lesjardinsdesaintehildegarde.com\/en\/#website"},"primaryImageOfPage":{"@id":"https:\/\/www.lesjardinsdesaintehildegarde.com\/en\/books-and-music\/cd-and-video\/cd-chants-de-l-extase-n-1-groupe-sequent\/#primaryimage"},"image":{"@id":"https:\/\/www.lesjardinsdesaintehildegarde.com\/en\/books-and-music\/cd-and-video\/cd-chants-de-l-extase-n-1-groupe-sequent\/#primaryimage"},"thumbnailUrl":"https:\/\/www.lesjardinsdesaintehildegarde.com\/wp-content\/uploads\/2023\/10\/cdext-chants-de-l-extase.jpg","datePublished":"2022-11-04T08:08:24+00:00","dateModified":"2026-03-09T07:00:03+00:00","breadcrumb":{"@id":"https:\/\/www.lesjardinsdesaintehildegarde.com\/en\/books-and-music\/cd-and-video\/cd-chants-de-l-extase-n-1-groupe-sequent\/#breadcrumb"},"inLanguage":"en-US","potentialAction":[{"@type":"ReadAction","target":["https:\/\/www.lesjardinsdesaintehildegarde.com\/en\/books-and-music\/cd-and-video\/cd-chants-de-l-extase-n-1-groupe-sequent\/"]}]},{"@type":"ImageObject","inLanguage":"en-US","@id":"https:\/\/www.lesjardinsdesaintehildegarde.com\/en\/books-and-music\/cd-and-video\/cd-chants-de-l-extase-n-1-groupe-sequent\/#primaryimage","url":"https:\/\/www.lesjardinsdesaintehildegarde.com\/wp-content\/uploads\/2023\/10\/cdext-chants-de-l-extase.jpg","contentUrl":"https:\/\/www.lesjardinsdesaintehildegarde.com\/wp-content\/uploads\/2023\/10\/cdext-chants-de-l-extase.jpg","width":1200,"height":1200,"caption":"CHANTS DE L'EXTASE n\u00b01 Groupe Sequentia"},{"@type":"BreadcrumbList","@id":"https:\/\/www.lesjardinsdesaintehildegarde.com\/en\/books-and-music\/cd-and-video\/cd-chants-de-l-extase-n-1-groupe-sequent\/#breadcrumb","itemListElement":[{"@type":"ListItem","position":1,"name":"Home","item":"https:\/\/www.lesjardinsdesaintehildegarde.com\/en\/"},{"@type":"ListItem","position":2,"name":"Products","item":"https:\/\/www.lesjardinsdesaintehildegarde.com\/en\/shop\/"},{"@type":"ListItem","position":3,"name":"CD CHANTS DE L EXTASE N 1 GROUPE SEQUENT"}]},{"@type":"WebSite","@id":"https:\/\/www.lesjardinsdesaintehildegarde.com\/en\/#website","url":"https:\/\/www.lesjardinsdesaintehildegarde.com\/en\/","name":"Les Jardins de Sainte-Hildegarde","description":"Viriditas","publisher":{"@id":"https:\/\/www.lesjardinsdesaintehildegarde.com\/en\/#organization"},"potentialAction":[{"@type":"SearchAction","target":{"@type":"EntryPoint","urlTemplate":"https:\/\/www.lesjardinsdesaintehildegarde.com\/en\/?s={search_term_string}"},"query-input":{"@type":"PropertyValueSpecification","valueRequired":true,"valueName":"search_term_string"}}],"inLanguage":"en-US"},{"@type":"Organization","@id":"https:\/\/www.lesjardinsdesaintehildegarde.com\/en\/#organization","name":"Les Jardins de Sainte-Hildegarde","url":"https:\/\/www.lesjardinsdesaintehildegarde.com\/en\/","logo":{"@type":"ImageObject","inLanguage":"en-US","@id":"https:\/\/www.lesjardinsdesaintehildegarde.com\/en\/#\/schema\/logo\/image\/","url":"https:\/\/www.lesjardinsdesaintehildegarde.com\/wp-content\/uploads\/2022\/11\/logo-2022.png","contentUrl":"https:\/\/www.lesjardinsdesaintehildegarde.com\/wp-content\/uploads\/2022\/11\/logo-2022.png","width":365,"height":90,"caption":"Les Jardins de Sainte-Hildegarde"},"image":{"@id":"https:\/\/www.lesjardinsdesaintehildegarde.com\/en\/#\/schema\/logo\/image\/"}}]}},"_links":{"self":[{"href":"https:\/\/www.lesjardinsdesaintehildegarde.com\/en\/wp-json\/wp\/v2\/product\/1417","targetHints":{"allow":["GET"]}}],"collection":[{"href":"https:\/\/www.lesjardinsdesaintehildegarde.com\/en\/wp-json\/wp\/v2\/product"}],"about":[{"href":"https:\/\/www.lesjardinsdesaintehildegarde.com\/en\/wp-json\/wp\/v2\/types\/product"}],"replies":[{"embeddable":true,"href":"https:\/\/www.lesjardinsdesaintehildegarde.com\/en\/wp-json\/wp\/v2\/comments?post=1417"}],"wp:featuredmedia":[{"embeddable":true,"href":"https:\/\/www.lesjardinsdesaintehildegarde.com\/en\/wp-json\/wp\/v2\/media\/75201"}],"wp:attachment":[{"href":"https:\/\/www.lesjardinsdesaintehildegarde.com\/en\/wp-json\/wp\/v2\/media?parent=1417"}],"wp:term":[{"taxonomy":"product_brand","embeddable":true,"href":"https:\/\/www.lesjardinsdesaintehildegarde.com\/en\/wp-json\/wp\/v2\/product_brand?post=1417"},{"taxonomy":"product_cat","embeddable":true,"href":"https:\/\/www.lesjardinsdesaintehildegarde.com\/en\/wp-json\/wp\/v2\/product_cat?post=1417"},{"taxonomy":"product_tag","embeddable":true,"href":"https:\/\/www.lesjardinsdesaintehildegarde.com\/en\/wp-json\/wp\/v2\/product_tag?post=1417"}],"curies":[{"name":"wp","href":"https:\/\/api.w.org\/{rel}","templated":true}]}}