{"id":142440,"date":"2025-10-03T09:41:06","date_gmt":"2025-10-03T07:41:06","guid":{"rendered":"https:\/\/www.lesjardinsdesaintehildegarde.com\/non%20class\u00e9\/cuisiner-selon-les-saisons-avec-hildgard\/"},"modified":"2026-04-10T14:48:02","modified_gmt":"2026-04-10T12:48:02","slug":"cuisiner-selon-les-saisons-avec-hildgard","status":"publish","type":"product","link":"https:\/\/www.lesjardinsdesaintehildegarde.com\/en\/books-and-music\/books\/food-and-cooking\/cuisiner-selon-les-saisons-avec-hildgard\/","title":{"rendered":"CUISINER SELON LES SAISONS AVEC HILDGARD"},"content":{"rendered":"<p>CUISINER AVEC HILDEGARDE DE BINGEN SELON LES SAISONS<\/p>\n<p>100 recettes gourmandes au fil des saisons<\/p>\n<p>160 pages, Format 170 x 210 mm \u00c9ditions du Rocher Octobre 2025<\/p>\n<p>Marie-France Delpech<\/p>\n<p>Offre sp\u00e9ciale : remise du 03\/10\/2025 au 20\/02\/2026<\/p>\n<p>Au XIIe si\u00e8cle, la religieuse Hildegarde de Bingen a d\u00e9velopp\u00e9 des observations remarquables sur les vertus pour la sant\u00e9 de notre alimentation, ainsi que son lien avec le cycle des saisons\u2026 Pour b\u00e9n\u00e9ficier au quotidien des ingr\u00e9dients les plus vivifiants, quoi de mieux qu&#8217;un livre de cuisine ?<\/p>\n<p>Apr\u00e8s le succ\u00e8s de son premier ouvrage, Marie-France Delpech, qui suit depuis plus de trente ans les principes d&#8217;Hildegarde de Bingen, partage avec nous 100 nouvelles recettes, pour tous les jours ou pour les grandes occasions. <\/p>\n<p>Elles sont \u00e0 la fois faciles \u00e0 pr\u00e9parer et incroyablement gourmandes : ses enfants, petits-enfants et tous ses amis les lui r\u00e9clament \u00e0 longueur d&#8217;ann\u00e9e !<\/p>\n","protected":false},"excerpt":{"rendered":"<p>CUISINER AVEC HILDEGARDE DE BINGEN SELON LES SAISONS 100 recettes gourmandes au fil des saisons 160 pages, Format 170 x 210 mm \u00c9ditions du Rocher Octobre 2025 Marie-France Delpech Offre sp\u00e9ciale : remise du 03\/10\/2025 au 20\/02\/2026 Au XIIe si\u00e8cle, la religieuse Hildegarde de Bingen a d\u00e9velopp\u00e9 des observations remarquables sur les vertus pour la [&hellip;]<\/p>\n","protected":false},"featured_media":142489,"comment_status":"open","ping_status":"closed","template":"","meta":{"_acf_changed":false,"_relevanssi_hide_post":"","_relevanssi_hide_content":"","_relevanssi_pin_for_all":"","_relevanssi_pin_keywords":"","_relevanssi_unpin_keywords":"","_relevanssi_related_keywords":"","_relevanssi_related_include_ids":"","_relevanssi_related_exclude_ids":"","_relevanssi_related_no_append":"","_relevanssi_related_not_related":"","_relevanssi_related_posts":"","_relevanssi_noindex_reason":""},"product_brand":[],"product_cat":[114,108,33],"product_tag":[48],"class_list":{"0":"post-142440","1":"product","2":"type-product","3":"status-publish","4":"has-post-thumbnail","6":"product_cat-alimentation-et-recettes-de-cuisine","7":"product_cat-livres","8":"product_cat-livres-et-loisirs","9":"product_tag-achat-direct","11":"first","12":"instock","13":"taxable","14":"shipping-taxable","15":"purchasable","16":"product-type-simple"},"acf":[],"yoast_head":"<!-- This site is optimized with the Yoast SEO plugin v27.2 - https:\/\/yoast.com\/product\/yoast-seo-wordpress\/ -->\n<title>CUISINER SELON LES SAISONS AVEC HILDGARD - Les Jardins de Sainte-Hildegarde<\/title>\n<meta name=\"robots\" content=\"index, follow, max-snippet:-1, max-image-preview:large, max-video-preview:-1\" \/>\n<link rel=\"canonical\" href=\"https:\/\/www.lesjardinsdesaintehildegarde.com\/en\/books-and-music\/books\/food-and-cooking\/cuisiner-selon-les-saisons-avec-hildgard\/\" \/>\n<meta property=\"og:locale\" content=\"en_US\" \/>\n<meta property=\"og:type\" content=\"article\" \/>\n<meta property=\"og:title\" content=\"CUISINER SELON LES SAISONS AVEC HILDGARD - Les Jardins de Sainte-Hildegarde\" \/>\n<meta property=\"og:description\" content=\"CUISINER AVEC HILDEGARDE DE BINGEN SELON LES SAISONS 100 recettes gourmandes au fil des saisons 160 pages, Format 170 x 210 mm \u00c9ditions du Rocher Octobre 2025 Marie-France Delpech Offre sp\u00e9ciale : remise du 03\/10\/2025 au 20\/02\/2026 Au XIIe si\u00e8cle, la religieuse Hildegarde de Bingen a d\u00e9velopp\u00e9 des observations remarquables sur les vertus pour la [&hellip;]\" \/>\n<meta property=\"og:url\" content=\"https:\/\/www.lesjardinsdesaintehildegarde.com\/en\/books-and-music\/books\/food-and-cooking\/cuisiner-selon-les-saisons-avec-hildgard\/\" \/>\n<meta property=\"og:site_name\" content=\"Les Jardins de Sainte-Hildegarde\" \/>\n<meta property=\"article:modified_time\" content=\"2026-04-10T12:48:02+00:00\" \/>\n<meta property=\"og:image\" content=\"https:\/\/www.lesjardinsdesaintehildegarde.com\/wp-content\/uploads\/2025\/10\/l0128-cuisiner-avec-hildegarde-de-bingen-au-fil-des-saisons-1.jpg\" \/>\n\t<meta property=\"og:image:width\" content=\"1200\" \/>\n\t<meta property=\"og:image:height\" content=\"1200\" \/>\n\t<meta property=\"og:image:type\" content=\"image\/jpeg\" \/>\n<meta name=\"twitter:card\" content=\"summary_large_image\" \/>\n<meta name=\"twitter:label1\" content=\"Est. reading time\" \/>\n\t<meta name=\"twitter:data1\" content=\"1 minute\" \/>\n<script type=\"application\/ld+json\" class=\"yoast-schema-graph\">{\"@context\":\"https:\/\/schema.org\",\"@graph\":[{\"@type\":\"WebPage\",\"@id\":\"https:\/\/www.lesjardinsdesaintehildegarde.com\/en\/books-and-music\/books\/food-and-cooking\/cuisiner-selon-les-saisons-avec-hildgard\/\",\"url\":\"https:\/\/www.lesjardinsdesaintehildegarde.com\/en\/books-and-music\/books\/food-and-cooking\/cuisiner-selon-les-saisons-avec-hildgard\/\",\"name\":\"CUISINER SELON LES SAISONS AVEC HILDGARD - Les Jardins de Sainte-Hildegarde\",\"isPartOf\":{\"@id\":\"https:\/\/www.lesjardinsdesaintehildegarde.com\/en\/#website\"},\"primaryImageOfPage\":{\"@id\":\"https:\/\/www.lesjardinsdesaintehildegarde.com\/en\/books-and-music\/books\/food-and-cooking\/cuisiner-selon-les-saisons-avec-hildgard\/#primaryimage\"},\"image\":{\"@id\":\"https:\/\/www.lesjardinsdesaintehildegarde.com\/en\/books-and-music\/books\/food-and-cooking\/cuisiner-selon-les-saisons-avec-hildgard\/#primaryimage\"},\"thumbnailUrl\":\"https:\/\/www.lesjardinsdesaintehildegarde.com\/wp-content\/uploads\/2025\/10\/l0128-cuisiner-avec-hildegarde-de-bingen-au-fil-des-saisons-1.jpg\",\"datePublished\":\"2025-10-03T07:41:06+00:00\",\"dateModified\":\"2026-04-10T12:48:02+00:00\",\"breadcrumb\":{\"@id\":\"https:\/\/www.lesjardinsdesaintehildegarde.com\/en\/books-and-music\/books\/food-and-cooking\/cuisiner-selon-les-saisons-avec-hildgard\/#breadcrumb\"},\"inLanguage\":\"en-US\",\"potentialAction\":[{\"@type\":\"ReadAction\",\"target\":[\"https:\/\/www.lesjardinsdesaintehildegarde.com\/en\/books-and-music\/books\/food-and-cooking\/cuisiner-selon-les-saisons-avec-hildgard\/\"]}]},{\"@type\":\"ImageObject\",\"inLanguage\":\"en-US\",\"@id\":\"https:\/\/www.lesjardinsdesaintehildegarde.com\/en\/books-and-music\/books\/food-and-cooking\/cuisiner-selon-les-saisons-avec-hildgard\/#primaryimage\",\"url\":\"https:\/\/www.lesjardinsdesaintehildegarde.com\/wp-content\/uploads\/2025\/10\/l0128-cuisiner-avec-hildegarde-de-bingen-au-fil-des-saisons-1.jpg\",\"contentUrl\":\"https:\/\/www.lesjardinsdesaintehildegarde.com\/wp-content\/uploads\/2025\/10\/l0128-cuisiner-avec-hildegarde-de-bingen-au-fil-des-saisons-1.jpg\",\"width\":1200,\"height\":1200,\"caption\":\"Livre cuisiner avec Hildegarde de Bingen au fil des saisons -Couverture\"},{\"@type\":\"BreadcrumbList\",\"@id\":\"https:\/\/www.lesjardinsdesaintehildegarde.com\/en\/books-and-music\/books\/food-and-cooking\/cuisiner-selon-les-saisons-avec-hildgard\/#breadcrumb\",\"itemListElement\":[{\"@type\":\"ListItem\",\"position\":1,\"name\":\"Home\",\"item\":\"https:\/\/www.lesjardinsdesaintehildegarde.com\/en\/\"},{\"@type\":\"ListItem\",\"position\":2,\"name\":\"Products\",\"item\":\"https:\/\/www.lesjardinsdesaintehildegarde.com\/en\/shop\/\"},{\"@type\":\"ListItem\",\"position\":3,\"name\":\"CUISINER SELON LES SAISONS AVEC HILDGARD\"}]},{\"@type\":\"WebSite\",\"@id\":\"https:\/\/www.lesjardinsdesaintehildegarde.com\/en\/#website\",\"url\":\"https:\/\/www.lesjardinsdesaintehildegarde.com\/en\/\",\"name\":\"Les Jardins de Sainte-Hildegarde\",\"description\":\"Viriditas\",\"publisher\":{\"@id\":\"https:\/\/www.lesjardinsdesaintehildegarde.com\/en\/#organization\"},\"potentialAction\":[{\"@type\":\"SearchAction\",\"target\":{\"@type\":\"EntryPoint\",\"urlTemplate\":\"https:\/\/www.lesjardinsdesaintehildegarde.com\/en\/?s={search_term_string}\"},\"query-input\":{\"@type\":\"PropertyValueSpecification\",\"valueRequired\":true,\"valueName\":\"search_term_string\"}}],\"inLanguage\":\"en-US\"},{\"@type\":\"Organization\",\"@id\":\"https:\/\/www.lesjardinsdesaintehildegarde.com\/en\/#organization\",\"name\":\"Les Jardins de Sainte-Hildegarde\",\"url\":\"https:\/\/www.lesjardinsdesaintehildegarde.com\/en\/\",\"logo\":{\"@type\":\"ImageObject\",\"inLanguage\":\"en-US\",\"@id\":\"https:\/\/www.lesjardinsdesaintehildegarde.com\/en\/#\/schema\/logo\/image\/\",\"url\":\"https:\/\/www.lesjardinsdesaintehildegarde.com\/wp-content\/uploads\/2022\/11\/logo-2022.png\",\"contentUrl\":\"https:\/\/www.lesjardinsdesaintehildegarde.com\/wp-content\/uploads\/2022\/11\/logo-2022.png\",\"width\":365,\"height\":90,\"caption\":\"Les Jardins de Sainte-Hildegarde\"},\"image\":{\"@id\":\"https:\/\/www.lesjardinsdesaintehildegarde.com\/en\/#\/schema\/logo\/image\/\"}}]}<\/script>\n<!-- \/ Yoast SEO plugin. -->","yoast_head_json":{"title":"CUISINER SELON LES SAISONS AVEC HILDGARD - Les Jardins de Sainte-Hildegarde","robots":{"index":"index","follow":"follow","max-snippet":"max-snippet:-1","max-image-preview":"max-image-preview:large","max-video-preview":"max-video-preview:-1"},"canonical":"https:\/\/www.lesjardinsdesaintehildegarde.com\/en\/books-and-music\/books\/food-and-cooking\/cuisiner-selon-les-saisons-avec-hildgard\/","og_locale":"en_US","og_type":"article","og_title":"CUISINER SELON LES SAISONS AVEC HILDGARD - Les Jardins de Sainte-Hildegarde","og_description":"CUISINER AVEC HILDEGARDE DE BINGEN SELON LES SAISONS 100 recettes gourmandes au fil des saisons 160 pages, Format 170 x 210 mm \u00c9ditions du Rocher Octobre 2025 Marie-France Delpech Offre sp\u00e9ciale : remise du 03\/10\/2025 au 20\/02\/2026 Au XIIe si\u00e8cle, la religieuse Hildegarde de Bingen a d\u00e9velopp\u00e9 des observations remarquables sur les vertus pour la [&hellip;]","og_url":"https:\/\/www.lesjardinsdesaintehildegarde.com\/en\/books-and-music\/books\/food-and-cooking\/cuisiner-selon-les-saisons-avec-hildgard\/","og_site_name":"Les Jardins de Sainte-Hildegarde","article_modified_time":"2026-04-10T12:48:02+00:00","og_image":[{"width":1200,"height":1200,"url":"https:\/\/www.lesjardinsdesaintehildegarde.com\/wp-content\/uploads\/2025\/10\/l0128-cuisiner-avec-hildegarde-de-bingen-au-fil-des-saisons-1.jpg","type":"image\/jpeg"}],"twitter_card":"summary_large_image","twitter_misc":{"Est. reading time":"1 minute"},"schema":{"@context":"https:\/\/schema.org","@graph":[{"@type":"WebPage","@id":"https:\/\/www.lesjardinsdesaintehildegarde.com\/en\/books-and-music\/books\/food-and-cooking\/cuisiner-selon-les-saisons-avec-hildgard\/","url":"https:\/\/www.lesjardinsdesaintehildegarde.com\/en\/books-and-music\/books\/food-and-cooking\/cuisiner-selon-les-saisons-avec-hildgard\/","name":"CUISINER SELON LES SAISONS AVEC HILDGARD - Les Jardins de Sainte-Hildegarde","isPartOf":{"@id":"https:\/\/www.lesjardinsdesaintehildegarde.com\/en\/#website"},"primaryImageOfPage":{"@id":"https:\/\/www.lesjardinsdesaintehildegarde.com\/en\/books-and-music\/books\/food-and-cooking\/cuisiner-selon-les-saisons-avec-hildgard\/#primaryimage"},"image":{"@id":"https:\/\/www.lesjardinsdesaintehildegarde.com\/en\/books-and-music\/books\/food-and-cooking\/cuisiner-selon-les-saisons-avec-hildgard\/#primaryimage"},"thumbnailUrl":"https:\/\/www.lesjardinsdesaintehildegarde.com\/wp-content\/uploads\/2025\/10\/l0128-cuisiner-avec-hildegarde-de-bingen-au-fil-des-saisons-1.jpg","datePublished":"2025-10-03T07:41:06+00:00","dateModified":"2026-04-10T12:48:02+00:00","breadcrumb":{"@id":"https:\/\/www.lesjardinsdesaintehildegarde.com\/en\/books-and-music\/books\/food-and-cooking\/cuisiner-selon-les-saisons-avec-hildgard\/#breadcrumb"},"inLanguage":"en-US","potentialAction":[{"@type":"ReadAction","target":["https:\/\/www.lesjardinsdesaintehildegarde.com\/en\/books-and-music\/books\/food-and-cooking\/cuisiner-selon-les-saisons-avec-hildgard\/"]}]},{"@type":"ImageObject","inLanguage":"en-US","@id":"https:\/\/www.lesjardinsdesaintehildegarde.com\/en\/books-and-music\/books\/food-and-cooking\/cuisiner-selon-les-saisons-avec-hildgard\/#primaryimage","url":"https:\/\/www.lesjardinsdesaintehildegarde.com\/wp-content\/uploads\/2025\/10\/l0128-cuisiner-avec-hildegarde-de-bingen-au-fil-des-saisons-1.jpg","contentUrl":"https:\/\/www.lesjardinsdesaintehildegarde.com\/wp-content\/uploads\/2025\/10\/l0128-cuisiner-avec-hildegarde-de-bingen-au-fil-des-saisons-1.jpg","width":1200,"height":1200,"caption":"Livre cuisiner avec Hildegarde de Bingen au fil des saisons -Couverture"},{"@type":"BreadcrumbList","@id":"https:\/\/www.lesjardinsdesaintehildegarde.com\/en\/books-and-music\/books\/food-and-cooking\/cuisiner-selon-les-saisons-avec-hildgard\/#breadcrumb","itemListElement":[{"@type":"ListItem","position":1,"name":"Home","item":"https:\/\/www.lesjardinsdesaintehildegarde.com\/en\/"},{"@type":"ListItem","position":2,"name":"Products","item":"https:\/\/www.lesjardinsdesaintehildegarde.com\/en\/shop\/"},{"@type":"ListItem","position":3,"name":"CUISINER SELON LES SAISONS AVEC HILDGARD"}]},{"@type":"WebSite","@id":"https:\/\/www.lesjardinsdesaintehildegarde.com\/en\/#website","url":"https:\/\/www.lesjardinsdesaintehildegarde.com\/en\/","name":"Les Jardins de Sainte-Hildegarde","description":"Viriditas","publisher":{"@id":"https:\/\/www.lesjardinsdesaintehildegarde.com\/en\/#organization"},"potentialAction":[{"@type":"SearchAction","target":{"@type":"EntryPoint","urlTemplate":"https:\/\/www.lesjardinsdesaintehildegarde.com\/en\/?s={search_term_string}"},"query-input":{"@type":"PropertyValueSpecification","valueRequired":true,"valueName":"search_term_string"}}],"inLanguage":"en-US"},{"@type":"Organization","@id":"https:\/\/www.lesjardinsdesaintehildegarde.com\/en\/#organization","name":"Les Jardins de Sainte-Hildegarde","url":"https:\/\/www.lesjardinsdesaintehildegarde.com\/en\/","logo":{"@type":"ImageObject","inLanguage":"en-US","@id":"https:\/\/www.lesjardinsdesaintehildegarde.com\/en\/#\/schema\/logo\/image\/","url":"https:\/\/www.lesjardinsdesaintehildegarde.com\/wp-content\/uploads\/2022\/11\/logo-2022.png","contentUrl":"https:\/\/www.lesjardinsdesaintehildegarde.com\/wp-content\/uploads\/2022\/11\/logo-2022.png","width":365,"height":90,"caption":"Les Jardins de Sainte-Hildegarde"},"image":{"@id":"https:\/\/www.lesjardinsdesaintehildegarde.com\/en\/#\/schema\/logo\/image\/"}}]}},"_links":{"self":[{"href":"https:\/\/www.lesjardinsdesaintehildegarde.com\/en\/wp-json\/wp\/v2\/product\/142440","targetHints":{"allow":["GET"]}}],"collection":[{"href":"https:\/\/www.lesjardinsdesaintehildegarde.com\/en\/wp-json\/wp\/v2\/product"}],"about":[{"href":"https:\/\/www.lesjardinsdesaintehildegarde.com\/en\/wp-json\/wp\/v2\/types\/product"}],"replies":[{"embeddable":true,"href":"https:\/\/www.lesjardinsdesaintehildegarde.com\/en\/wp-json\/wp\/v2\/comments?post=142440"}],"wp:featuredmedia":[{"embeddable":true,"href":"https:\/\/www.lesjardinsdesaintehildegarde.com\/en\/wp-json\/wp\/v2\/media\/142489"}],"wp:attachment":[{"href":"https:\/\/www.lesjardinsdesaintehildegarde.com\/en\/wp-json\/wp\/v2\/media?parent=142440"}],"wp:term":[{"taxonomy":"product_brand","embeddable":true,"href":"https:\/\/www.lesjardinsdesaintehildegarde.com\/en\/wp-json\/wp\/v2\/product_brand?post=142440"},{"taxonomy":"product_cat","embeddable":true,"href":"https:\/\/www.lesjardinsdesaintehildegarde.com\/en\/wp-json\/wp\/v2\/product_cat?post=142440"},{"taxonomy":"product_tag","embeddable":true,"href":"https:\/\/www.lesjardinsdesaintehildegarde.com\/en\/wp-json\/wp\/v2\/product_tag?post=142440"}],"curies":[{"name":"wp","href":"https:\/\/api.w.org\/{rel}","templated":true}]}}