{"id":1463,"date":"2022-11-04T09:08:30","date_gmt":"2022-11-04T08:08:30","guid":{"rendered":"https:\/\/www.lesjardinsdesaintehildegarde.com\/non%20class\u00e9\/vin-aromatise-gui-de-poirier-lierre-te\/"},"modified":"2026-04-30T23:02:19","modified_gmt":"2026-04-30T21:02:19","slug":"vin-aromatise-gui-de-poirier-lierre-te","status":"publish","type":"product","link":"https:\/\/www.lesjardinsdesaintehildegarde.com\/en\/flavoured-wines\/vin-aromatise-gui-de-poirier-lierre-te\/","title":{"rendered":"VIN AROMATISE GUI DE POIRIER + LIERRE TE"},"content":{"rendered":"<p>\u00c9LIXIR DE GUI DE POIRIER 500ml (47.40\u20ac \/ L)<\/p>\n<p>\u00c9lixir aromatis\u00e9 \u00e0 base de vin<\/p>\n<p>Mode d&#8217;emploi :<\/p>\n<p>Agiter le flacon avant de prendre chaque jour, un verre \u00e0 liqueur avant les repas et deux verres \u00e0 liqueur apr\u00e8s les repas.<\/p>\n<p>Ingr\u00e9dients :<\/p>\n<p>Vin blanc 66%, eau, miel, cumin des pr\u00e9s, basilic, gui de poirier, lierre terrestre, muscade, galanga.<\/p>\n<p>(Pr\u00e9sence 9 % d&#8217;alcool)<\/p>\n<p>L\u2019abus d\u2019alcool est dangereux pour la sant\u00e9, \u00e0 consommer avec mod\u00e9ration. La consommation d\u2019alcool pendant la grossesse, m\u00eame en faible quantit\u00e9, peut avoir des cons\u00e9quences graves sur la sant\u00e9 de l\u2019enfant<\/p>\n<p>A conserver au r\u00e9frig\u00e9rateur apr\u00e8s ouverture.<\/p>\n","protected":false},"excerpt":{"rendered":"<p>\u00c9LIXIR DE GUI DE POIRIER 500ml (47.40\u20ac \/ L) \u00c9lixir aromatis\u00e9 \u00e0 base de vin Mode d&#8217;emploi : Agiter le flacon avant de prendre chaque jour, un verre \u00e0 liqueur avant les repas et deux verres \u00e0 liqueur apr\u00e8s les repas. Ingr\u00e9dients : Vin blanc 66%, eau, miel, cumin des pr\u00e9s, basilic, gui de poirier, [&hellip;]<\/p>\n","protected":false},"featured_media":51054,"comment_status":"open","ping_status":"closed","template":"","meta":{"_acf_changed":false,"_relevanssi_hide_post":"","_relevanssi_hide_content":"","_relevanssi_pin_for_all":"","_relevanssi_pin_keywords":"","_relevanssi_unpin_keywords":"","_relevanssi_related_keywords":"","_relevanssi_related_include_ids":"","_relevanssi_related_exclude_ids":"","_relevanssi_related_no_append":"","_relevanssi_related_not_related":"","_relevanssi_related_posts":"","_relevanssi_noindex_reason":""},"product_brand":[],"product_cat":[23],"product_tag":[],"class_list":{"0":"post-1463","1":"product","2":"type-product","3":"status-publish","4":"has-post-thumbnail","6":"product_cat-bien-etre-et-sante","8":"first","9":"instock","10":"taxable","11":"shipping-taxable","12":"purchasable","13":"product-type-simple"},"acf":[],"yoast_head":"<!-- This site is optimized with the Yoast SEO plugin v27.4 - https:\/\/yoast.com\/product\/yoast-seo-wordpress\/ -->\n<title>VIN AROMATISE GUI DE POIRIER + LIERRE TE - Les Jardins de Sainte-Hildegarde<\/title>\n<meta name=\"robots\" content=\"index, follow, max-snippet:-1, max-image-preview:large, max-video-preview:-1\" \/>\n<link rel=\"canonical\" href=\"https:\/\/www.lesjardinsdesaintehildegarde.com\/en\/flavoured-wines\/vin-aromatise-gui-de-poirier-lierre-te\/\" \/>\n<meta property=\"og:locale\" content=\"en_US\" \/>\n<meta property=\"og:type\" content=\"article\" \/>\n<meta property=\"og:title\" content=\"VIN AROMATISE GUI DE POIRIER + LIERRE TE - Les Jardins de Sainte-Hildegarde\" \/>\n<meta property=\"og:description\" content=\"\u00c9LIXIR DE GUI DE POIRIER 500ml (47.40\u20ac \/ L) \u00c9lixir aromatis\u00e9 \u00e0 base de vin Mode d&#8217;emploi : Agiter le flacon avant de prendre chaque jour, un verre \u00e0 liqueur avant les repas et deux verres \u00e0 liqueur apr\u00e8s les repas. Ingr\u00e9dients : Vin blanc 66%, eau, miel, cumin des pr\u00e9s, basilic, gui de poirier, [&hellip;]\" \/>\n<meta property=\"og:url\" content=\"https:\/\/www.lesjardinsdesaintehildegarde.com\/en\/flavoured-wines\/vin-aromatise-gui-de-poirier-lierre-te\/\" \/>\n<meta property=\"og:site_name\" content=\"Les Jardins de Sainte-Hildegarde\" \/>\n<meta property=\"article:modified_time\" content=\"2026-04-30T21:02:19+00:00\" \/>\n<meta property=\"og:image\" content=\"https:\/\/www.lesjardinsdesaintehildegarde.com\/wp-content\/uploads\/2023\/01\/elf67-gui-de-poirier-bio-500ml.jpg\" \/>\n\t<meta property=\"og:image:width\" content=\"1200\" \/>\n\t<meta property=\"og:image:height\" content=\"1200\" \/>\n\t<meta property=\"og:image:type\" content=\"image\/jpeg\" \/>\n<meta name=\"twitter:card\" content=\"summary_large_image\" \/>\n<meta name=\"twitter:label1\" content=\"Est. reading time\" \/>\n\t<meta name=\"twitter:data1\" content=\"1 minute\" \/>\n<script type=\"application\/ld+json\" class=\"yoast-schema-graph\">{\"@context\":\"https:\\\/\\\/schema.org\",\"@graph\":[{\"@type\":\"WebPage\",\"@id\":\"https:\\\/\\\/www.lesjardinsdesaintehildegarde.com\\\/en\\\/flavoured-wines\\\/vin-aromatise-gui-de-poirier-lierre-te\\\/\",\"url\":\"https:\\\/\\\/www.lesjardinsdesaintehildegarde.com\\\/en\\\/flavoured-wines\\\/vin-aromatise-gui-de-poirier-lierre-te\\\/\",\"name\":\"VIN AROMATISE GUI DE POIRIER + LIERRE TE - Les Jardins de Sainte-Hildegarde\",\"isPartOf\":{\"@id\":\"https:\\\/\\\/www.lesjardinsdesaintehildegarde.com\\\/en\\\/#website\"},\"primaryImageOfPage\":{\"@id\":\"https:\\\/\\\/www.lesjardinsdesaintehildegarde.com\\\/en\\\/flavoured-wines\\\/vin-aromatise-gui-de-poirier-lierre-te\\\/#primaryimage\"},\"image\":{\"@id\":\"https:\\\/\\\/www.lesjardinsdesaintehildegarde.com\\\/en\\\/flavoured-wines\\\/vin-aromatise-gui-de-poirier-lierre-te\\\/#primaryimage\"},\"thumbnailUrl\":\"https:\\\/\\\/www.lesjardinsdesaintehildegarde.com\\\/wp-content\\\/uploads\\\/2023\\\/01\\\/elf67-gui-de-poirier-bio-500ml.jpg\",\"datePublished\":\"2022-11-04T08:08:30+00:00\",\"dateModified\":\"2026-04-30T21:02:19+00:00\",\"breadcrumb\":{\"@id\":\"https:\\\/\\\/www.lesjardinsdesaintehildegarde.com\\\/en\\\/flavoured-wines\\\/vin-aromatise-gui-de-poirier-lierre-te\\\/#breadcrumb\"},\"inLanguage\":\"en-US\",\"potentialAction\":[{\"@type\":\"ReadAction\",\"target\":[\"https:\\\/\\\/www.lesjardinsdesaintehildegarde.com\\\/en\\\/flavoured-wines\\\/vin-aromatise-gui-de-poirier-lierre-te\\\/\"]}]},{\"@type\":\"ImageObject\",\"inLanguage\":\"en-US\",\"@id\":\"https:\\\/\\\/www.lesjardinsdesaintehildegarde.com\\\/en\\\/flavoured-wines\\\/vin-aromatise-gui-de-poirier-lierre-te\\\/#primaryimage\",\"url\":\"https:\\\/\\\/www.lesjardinsdesaintehildegarde.com\\\/wp-content\\\/uploads\\\/2023\\\/01\\\/elf67-gui-de-poirier-bio-500ml.jpg\",\"contentUrl\":\"https:\\\/\\\/www.lesjardinsdesaintehildegarde.com\\\/wp-content\\\/uploads\\\/2023\\\/01\\\/elf67-gui-de-poirier-bio-500ml.jpg\",\"width\":1200,\"height\":1200,\"caption\":\"\u00c9lixir de gui de poirier 1 flacon de 500 ml, recommand\u00e9 par sainte Hildegarde de Bingen\"},{\"@type\":\"BreadcrumbList\",\"@id\":\"https:\\\/\\\/www.lesjardinsdesaintehildegarde.com\\\/en\\\/flavoured-wines\\\/vin-aromatise-gui-de-poirier-lierre-te\\\/#breadcrumb\",\"itemListElement\":[{\"@type\":\"ListItem\",\"position\":1,\"name\":\"Home\",\"item\":\"https:\\\/\\\/www.lesjardinsdesaintehildegarde.com\\\/en\\\/\"},{\"@type\":\"ListItem\",\"position\":2,\"name\":\"Products\",\"item\":\"https:\\\/\\\/www.lesjardinsdesaintehildegarde.com\\\/en\\\/shop\\\/\"},{\"@type\":\"ListItem\",\"position\":3,\"name\":\"VIN AROMATISE GUI DE POIRIER + LIERRE TE\"}]},{\"@type\":\"WebSite\",\"@id\":\"https:\\\/\\\/www.lesjardinsdesaintehildegarde.com\\\/en\\\/#website\",\"url\":\"https:\\\/\\\/www.lesjardinsdesaintehildegarde.com\\\/en\\\/\",\"name\":\"Les Jardins de Sainte-Hildegarde\",\"description\":\"Viriditas\",\"publisher\":{\"@id\":\"https:\\\/\\\/www.lesjardinsdesaintehildegarde.com\\\/en\\\/#organization\"},\"potentialAction\":[{\"@type\":\"SearchAction\",\"target\":{\"@type\":\"EntryPoint\",\"urlTemplate\":\"https:\\\/\\\/www.lesjardinsdesaintehildegarde.com\\\/en\\\/?s={search_term_string}\"},\"query-input\":{\"@type\":\"PropertyValueSpecification\",\"valueRequired\":true,\"valueName\":\"search_term_string\"}}],\"inLanguage\":\"en-US\"},{\"@type\":\"Organization\",\"@id\":\"https:\\\/\\\/www.lesjardinsdesaintehildegarde.com\\\/en\\\/#organization\",\"name\":\"Les Jardins de Sainte-Hildegarde\",\"url\":\"https:\\\/\\\/www.lesjardinsdesaintehildegarde.com\\\/en\\\/\",\"logo\":{\"@type\":\"ImageObject\",\"inLanguage\":\"en-US\",\"@id\":\"https:\\\/\\\/www.lesjardinsdesaintehildegarde.com\\\/en\\\/#\\\/schema\\\/logo\\\/image\\\/\",\"url\":\"https:\\\/\\\/www.lesjardinsdesaintehildegarde.com\\\/wp-content\\\/uploads\\\/2022\\\/11\\\/logo-2022.png\",\"contentUrl\":\"https:\\\/\\\/www.lesjardinsdesaintehildegarde.com\\\/wp-content\\\/uploads\\\/2022\\\/11\\\/logo-2022.png\",\"width\":365,\"height\":90,\"caption\":\"Les Jardins de Sainte-Hildegarde\"},\"image\":{\"@id\":\"https:\\\/\\\/www.lesjardinsdesaintehildegarde.com\\\/en\\\/#\\\/schema\\\/logo\\\/image\\\/\"}}]}<\/script>\n<!-- \/ Yoast SEO plugin. -->","yoast_head_json":{"title":"VIN AROMATISE GUI DE POIRIER + LIERRE TE - Les Jardins de Sainte-Hildegarde","robots":{"index":"index","follow":"follow","max-snippet":"max-snippet:-1","max-image-preview":"max-image-preview:large","max-video-preview":"max-video-preview:-1"},"canonical":"https:\/\/www.lesjardinsdesaintehildegarde.com\/en\/flavoured-wines\/vin-aromatise-gui-de-poirier-lierre-te\/","og_locale":"en_US","og_type":"article","og_title":"VIN AROMATISE GUI DE POIRIER + LIERRE TE - Les Jardins de Sainte-Hildegarde","og_description":"\u00c9LIXIR DE GUI DE POIRIER 500ml (47.40\u20ac \/ L) \u00c9lixir aromatis\u00e9 \u00e0 base de vin Mode d&#8217;emploi : Agiter le flacon avant de prendre chaque jour, un verre \u00e0 liqueur avant les repas et deux verres \u00e0 liqueur apr\u00e8s les repas. Ingr\u00e9dients : Vin blanc 66%, eau, miel, cumin des pr\u00e9s, basilic, gui de poirier, [&hellip;]","og_url":"https:\/\/www.lesjardinsdesaintehildegarde.com\/en\/flavoured-wines\/vin-aromatise-gui-de-poirier-lierre-te\/","og_site_name":"Les Jardins de Sainte-Hildegarde","article_modified_time":"2026-04-30T21:02:19+00:00","og_image":[{"width":1200,"height":1200,"url":"https:\/\/www.lesjardinsdesaintehildegarde.com\/wp-content\/uploads\/2023\/01\/elf67-gui-de-poirier-bio-500ml.jpg","type":"image\/jpeg"}],"twitter_card":"summary_large_image","twitter_misc":{"Est. reading time":"1 minute"},"schema":{"@context":"https:\/\/schema.org","@graph":[{"@type":"WebPage","@id":"https:\/\/www.lesjardinsdesaintehildegarde.com\/en\/flavoured-wines\/vin-aromatise-gui-de-poirier-lierre-te\/","url":"https:\/\/www.lesjardinsdesaintehildegarde.com\/en\/flavoured-wines\/vin-aromatise-gui-de-poirier-lierre-te\/","name":"VIN AROMATISE GUI DE POIRIER + LIERRE TE - Les Jardins de Sainte-Hildegarde","isPartOf":{"@id":"https:\/\/www.lesjardinsdesaintehildegarde.com\/en\/#website"},"primaryImageOfPage":{"@id":"https:\/\/www.lesjardinsdesaintehildegarde.com\/en\/flavoured-wines\/vin-aromatise-gui-de-poirier-lierre-te\/#primaryimage"},"image":{"@id":"https:\/\/www.lesjardinsdesaintehildegarde.com\/en\/flavoured-wines\/vin-aromatise-gui-de-poirier-lierre-te\/#primaryimage"},"thumbnailUrl":"https:\/\/www.lesjardinsdesaintehildegarde.com\/wp-content\/uploads\/2023\/01\/elf67-gui-de-poirier-bio-500ml.jpg","datePublished":"2022-11-04T08:08:30+00:00","dateModified":"2026-04-30T21:02:19+00:00","breadcrumb":{"@id":"https:\/\/www.lesjardinsdesaintehildegarde.com\/en\/flavoured-wines\/vin-aromatise-gui-de-poirier-lierre-te\/#breadcrumb"},"inLanguage":"en-US","potentialAction":[{"@type":"ReadAction","target":["https:\/\/www.lesjardinsdesaintehildegarde.com\/en\/flavoured-wines\/vin-aromatise-gui-de-poirier-lierre-te\/"]}]},{"@type":"ImageObject","inLanguage":"en-US","@id":"https:\/\/www.lesjardinsdesaintehildegarde.com\/en\/flavoured-wines\/vin-aromatise-gui-de-poirier-lierre-te\/#primaryimage","url":"https:\/\/www.lesjardinsdesaintehildegarde.com\/wp-content\/uploads\/2023\/01\/elf67-gui-de-poirier-bio-500ml.jpg","contentUrl":"https:\/\/www.lesjardinsdesaintehildegarde.com\/wp-content\/uploads\/2023\/01\/elf67-gui-de-poirier-bio-500ml.jpg","width":1200,"height":1200,"caption":"\u00c9lixir de gui de poirier 1 flacon de 500 ml, recommand\u00e9 par sainte Hildegarde de Bingen"},{"@type":"BreadcrumbList","@id":"https:\/\/www.lesjardinsdesaintehildegarde.com\/en\/flavoured-wines\/vin-aromatise-gui-de-poirier-lierre-te\/#breadcrumb","itemListElement":[{"@type":"ListItem","position":1,"name":"Home","item":"https:\/\/www.lesjardinsdesaintehildegarde.com\/en\/"},{"@type":"ListItem","position":2,"name":"Products","item":"https:\/\/www.lesjardinsdesaintehildegarde.com\/en\/shop\/"},{"@type":"ListItem","position":3,"name":"VIN AROMATISE GUI DE POIRIER + LIERRE TE"}]},{"@type":"WebSite","@id":"https:\/\/www.lesjardinsdesaintehildegarde.com\/en\/#website","url":"https:\/\/www.lesjardinsdesaintehildegarde.com\/en\/","name":"Les Jardins de Sainte-Hildegarde","description":"Viriditas","publisher":{"@id":"https:\/\/www.lesjardinsdesaintehildegarde.com\/en\/#organization"},"potentialAction":[{"@type":"SearchAction","target":{"@type":"EntryPoint","urlTemplate":"https:\/\/www.lesjardinsdesaintehildegarde.com\/en\/?s={search_term_string}"},"query-input":{"@type":"PropertyValueSpecification","valueRequired":true,"valueName":"search_term_string"}}],"inLanguage":"en-US"},{"@type":"Organization","@id":"https:\/\/www.lesjardinsdesaintehildegarde.com\/en\/#organization","name":"Les Jardins de Sainte-Hildegarde","url":"https:\/\/www.lesjardinsdesaintehildegarde.com\/en\/","logo":{"@type":"ImageObject","inLanguage":"en-US","@id":"https:\/\/www.lesjardinsdesaintehildegarde.com\/en\/#\/schema\/logo\/image\/","url":"https:\/\/www.lesjardinsdesaintehildegarde.com\/wp-content\/uploads\/2022\/11\/logo-2022.png","contentUrl":"https:\/\/www.lesjardinsdesaintehildegarde.com\/wp-content\/uploads\/2022\/11\/logo-2022.png","width":365,"height":90,"caption":"Les Jardins de Sainte-Hildegarde"},"image":{"@id":"https:\/\/www.lesjardinsdesaintehildegarde.com\/en\/#\/schema\/logo\/image\/"}}]}},"_links":{"self":[{"href":"https:\/\/www.lesjardinsdesaintehildegarde.com\/en\/wp-json\/wp\/v2\/product\/1463","targetHints":{"allow":["GET"]}}],"collection":[{"href":"https:\/\/www.lesjardinsdesaintehildegarde.com\/en\/wp-json\/wp\/v2\/product"}],"about":[{"href":"https:\/\/www.lesjardinsdesaintehildegarde.com\/en\/wp-json\/wp\/v2\/types\/product"}],"replies":[{"embeddable":true,"href":"https:\/\/www.lesjardinsdesaintehildegarde.com\/en\/wp-json\/wp\/v2\/comments?post=1463"}],"wp:featuredmedia":[{"embeddable":true,"href":"https:\/\/www.lesjardinsdesaintehildegarde.com\/en\/wp-json\/wp\/v2\/media\/51054"}],"wp:attachment":[{"href":"https:\/\/www.lesjardinsdesaintehildegarde.com\/en\/wp-json\/wp\/v2\/media?parent=1463"}],"wp:term":[{"taxonomy":"product_brand","embeddable":true,"href":"https:\/\/www.lesjardinsdesaintehildegarde.com\/en\/wp-json\/wp\/v2\/product_brand?post=1463"},{"taxonomy":"product_cat","embeddable":true,"href":"https:\/\/www.lesjardinsdesaintehildegarde.com\/en\/wp-json\/wp\/v2\/product_cat?post=1463"},{"taxonomy":"product_tag","embeddable":true,"href":"https:\/\/www.lesjardinsdesaintehildegarde.com\/en\/wp-json\/wp\/v2\/product_tag?post=1463"}],"curies":[{"name":"wp","href":"https:\/\/api.w.org\/{rel}","templated":true}]}}