{"id":156581,"date":"2026-03-23T15:20:03","date_gmt":"2026-03-23T14:20:03","guid":{"rendered":"https:\/\/www.lesjardinsdesaintehildegarde.com\/non%20class\u00e9\/biere-blonde-de-grand-epeautre-75cl-copie\/"},"modified":"2026-04-09T18:12:03","modified_gmt":"2026-04-09T16:12:03","slug":"biere-blonde-de-grand-epeautre-75cl-copie","status":"publish","type":"product","link":"https:\/\/www.lesjardinsdesaintehildegarde.com\/en\/spelt-food\/spelt\/large-spelt\/biere-blonde-de-grand-epeautre-75cl-copie\/","title":{"rendered":"BIERE BLONDE DE GRAND EPEAUTRE 75CL OFFRE SPECIALE"},"content":{"rendered":"<p>BI\u00c8RE BLONDE BIO ET ARTISANALE DE GRAND EPEAUTRE NON HYBRID\u00c9 75 CL (5,33\u20ac\/L)<\/p>\n<p>Dans le cadre de l\u2019\u00e9volution de notre recette et de notre collaboration avec une nouvelle brasserie, nous vous proposons les derni\u00e8res bouteilles de cette version&nbsp; \u00e0 un tarif privil\u00e9gi\u00e9 !<\/p>\n<p>Origine France<\/p>\n<p>D\u00e9crite comme la meilleure des boissons par sainte Hildegarde, notre bi\u00e8re l\u00e9g\u00e8re et rafra\u00eechissante est brass\u00e9e tout pr\u00e8s de chez nous en Dordogne par une brasserie artisanale et bio avec notre grand \u00e9peautre fran\u00e7ais, bio et non hybrid\u00e9.<\/p>\n<p>Ingr\u00e9dients: eau, \u00e9peautre non hybrid\u00e9 Oberkulmer* Origine France (pr\u00e9sence de GLUTEN d&#8217;\u00e9peautre), ORGE*, houblon*, levures*.<\/p>\n<p>Pr\u00e9sence d&#8217;alcool 3,8%<\/p>\n<p>*Ingr\u00e9dient issu de l&#8217;agriculture biologique<\/p>\n<p>Produit certifi\u00e9 FRBIO10 &#8211; D\u00e9conseill\u00e9 aux femmes enceintes, interdit aux mineurs. L&#8217;abus d&#8217;alcool est dangereux pour la sant\u00e9.<\/p>\n","protected":false},"excerpt":{"rendered":"<p>BI\u00c8RE BLONDE BIO ET ARTISANALE DE GRAND EPEAUTRE NON HYBRID\u00c9 75 CL (5,33\u20ac\/L) Dans le cadre de l\u2019\u00e9volution de notre recette et de notre collaboration avec une nouvelle brasserie, nous vous proposons les derni\u00e8res bouteilles de cette version&nbsp; \u00e0 un tarif privil\u00e9gi\u00e9 ! Origine France D\u00e9crite comme la meilleure des boissons par sainte Hildegarde, notre [&hellip;]<\/p>\n","protected":false},"featured_media":156894,"comment_status":"open","ping_status":"closed","template":"","meta":{"_acf_changed":false,"_relevanssi_hide_post":"","_relevanssi_hide_content":"","_relevanssi_pin_for_all":"","_relevanssi_pin_keywords":"","_relevanssi_unpin_keywords":"","_relevanssi_related_keywords":"","_relevanssi_related_include_ids":"","_relevanssi_related_exclude_ids":"","_relevanssi_related_no_append":"","_relevanssi_related_not_related":"","_relevanssi_related_posts":"","_relevanssi_noindex_reason":""},"product_brand":[],"product_cat":[52,30,59],"product_tag":[],"class_list":{"0":"post-156581","1":"product","2":"type-product","3":"status-publish","4":"has-post-thumbnail","6":"product_cat-epeautre","7":"product_cat-epeautres-alimentation","8":"product_cat-grand-epeautre","10":"first","11":"instock","12":"sale","13":"taxable","14":"shipping-taxable","15":"purchasable","16":"product-type-simple"},"acf":[],"yoast_head":"<!-- This site is optimized with the Yoast SEO plugin v27.2 - https:\/\/yoast.com\/product\/yoast-seo-wordpress\/ -->\n<title>BIERE BLONDE DE GRAND EPEAUTRE 75CL OFFRE SPECIALE - Les Jardins de Sainte-Hildegarde<\/title>\n<meta name=\"robots\" content=\"index, follow, max-snippet:-1, max-image-preview:large, max-video-preview:-1\" \/>\n<link rel=\"canonical\" href=\"https:\/\/www.lesjardinsdesaintehildegarde.com\/en\/spelt-food\/spelt\/large-spelt\/biere-blonde-de-grand-epeautre-75cl-copie\/\" \/>\n<meta property=\"og:locale\" content=\"en_US\" \/>\n<meta property=\"og:type\" content=\"article\" \/>\n<meta property=\"og:title\" content=\"BIERE BLONDE DE GRAND EPEAUTRE 75CL OFFRE SPECIALE - Les Jardins de Sainte-Hildegarde\" \/>\n<meta property=\"og:description\" content=\"BI\u00c8RE BLONDE BIO ET ARTISANALE DE GRAND EPEAUTRE NON HYBRID\u00c9 75 CL (5,33\u20ac\/L) Dans le cadre de l\u2019\u00e9volution de notre recette et de notre collaboration avec une nouvelle brasserie, nous vous proposons les derni\u00e8res bouteilles de cette version&nbsp; \u00e0 un tarif privil\u00e9gi\u00e9 ! Origine France D\u00e9crite comme la meilleure des boissons par sainte Hildegarde, notre [&hellip;]\" \/>\n<meta property=\"og:url\" content=\"https:\/\/www.lesjardinsdesaintehildegarde.com\/en\/spelt-food\/spelt\/large-spelt\/biere-blonde-de-grand-epeautre-75cl-copie\/\" \/>\n<meta property=\"og:site_name\" content=\"Les Jardins de Sainte-Hildegarde\" \/>\n<meta property=\"article:modified_time\" content=\"2026-04-09T16:12:03+00:00\" \/>\n<meta property=\"og:image\" content=\"https:\/\/www.lesjardinsdesaintehildegarde.com\/wp-content\/uploads\/2022\/11\/000775-fin-biere-grand-epeautre-75cl.jpg\" \/>\n\t<meta property=\"og:image:width\" content=\"1200\" \/>\n\t<meta property=\"og:image:height\" content=\"1200\" \/>\n\t<meta property=\"og:image:type\" content=\"image\/jpeg\" \/>\n<meta name=\"twitter:card\" content=\"summary_large_image\" \/>\n<meta name=\"twitter:label1\" content=\"Est. reading time\" \/>\n\t<meta name=\"twitter:data1\" content=\"1 minute\" \/>\n<script type=\"application\/ld+json\" class=\"yoast-schema-graph\">{\"@context\":\"https:\/\/schema.org\",\"@graph\":[{\"@type\":\"WebPage\",\"@id\":\"https:\/\/www.lesjardinsdesaintehildegarde.com\/en\/spelt-food\/spelt\/large-spelt\/biere-blonde-de-grand-epeautre-75cl-copie\/\",\"url\":\"https:\/\/www.lesjardinsdesaintehildegarde.com\/en\/spelt-food\/spelt\/large-spelt\/biere-blonde-de-grand-epeautre-75cl-copie\/\",\"name\":\"BIERE BLONDE DE GRAND EPEAUTRE 75CL OFFRE SPECIALE - Les Jardins de Sainte-Hildegarde\",\"isPartOf\":{\"@id\":\"https:\/\/www.lesjardinsdesaintehildegarde.com\/en\/#website\"},\"primaryImageOfPage\":{\"@id\":\"https:\/\/www.lesjardinsdesaintehildegarde.com\/en\/spelt-food\/spelt\/large-spelt\/biere-blonde-de-grand-epeautre-75cl-copie\/#primaryimage\"},\"image\":{\"@id\":\"https:\/\/www.lesjardinsdesaintehildegarde.com\/en\/spelt-food\/spelt\/large-spelt\/biere-blonde-de-grand-epeautre-75cl-copie\/#primaryimage\"},\"thumbnailUrl\":\"https:\/\/www.lesjardinsdesaintehildegarde.com\/wp-content\/uploads\/2022\/11\/000775-fin-biere-grand-epeautre-75cl.jpg\",\"datePublished\":\"2026-03-23T14:20:03+00:00\",\"dateModified\":\"2026-04-09T16:12:03+00:00\",\"breadcrumb\":{\"@id\":\"https:\/\/www.lesjardinsdesaintehildegarde.com\/en\/spelt-food\/spelt\/large-spelt\/biere-blonde-de-grand-epeautre-75cl-copie\/#breadcrumb\"},\"inLanguage\":\"en-US\",\"potentialAction\":[{\"@type\":\"ReadAction\",\"target\":[\"https:\/\/www.lesjardinsdesaintehildegarde.com\/en\/spelt-food\/spelt\/large-spelt\/biere-blonde-de-grand-epeautre-75cl-copie\/\"]}]},{\"@type\":\"ImageObject\",\"inLanguage\":\"en-US\",\"@id\":\"https:\/\/www.lesjardinsdesaintehildegarde.com\/en\/spelt-food\/spelt\/large-spelt\/biere-blonde-de-grand-epeautre-75cl-copie\/#primaryimage\",\"url\":\"https:\/\/www.lesjardinsdesaintehildegarde.com\/wp-content\/uploads\/2022\/11\/000775-fin-biere-grand-epeautre-75cl.jpg\",\"contentUrl\":\"https:\/\/www.lesjardinsdesaintehildegarde.com\/wp-content\/uploads\/2022\/11\/000775-fin-biere-grand-epeautre-75cl.jpg\",\"width\":1200,\"height\":1200},{\"@type\":\"BreadcrumbList\",\"@id\":\"https:\/\/www.lesjardinsdesaintehildegarde.com\/en\/spelt-food\/spelt\/large-spelt\/biere-blonde-de-grand-epeautre-75cl-copie\/#breadcrumb\",\"itemListElement\":[{\"@type\":\"ListItem\",\"position\":1,\"name\":\"Home\",\"item\":\"https:\/\/www.lesjardinsdesaintehildegarde.com\/en\/\"},{\"@type\":\"ListItem\",\"position\":2,\"name\":\"Products\",\"item\":\"https:\/\/www.lesjardinsdesaintehildegarde.com\/en\/shop\/\"},{\"@type\":\"ListItem\",\"position\":3,\"name\":\"BIERE BLONDE DE GRAND EPEAUTRE 75CL OFFRE SPECIALE\"}]},{\"@type\":\"WebSite\",\"@id\":\"https:\/\/www.lesjardinsdesaintehildegarde.com\/en\/#website\",\"url\":\"https:\/\/www.lesjardinsdesaintehildegarde.com\/en\/\",\"name\":\"Les Jardins de Sainte-Hildegarde\",\"description\":\"Viriditas\",\"publisher\":{\"@id\":\"https:\/\/www.lesjardinsdesaintehildegarde.com\/en\/#organization\"},\"potentialAction\":[{\"@type\":\"SearchAction\",\"target\":{\"@type\":\"EntryPoint\",\"urlTemplate\":\"https:\/\/www.lesjardinsdesaintehildegarde.com\/en\/?s={search_term_string}\"},\"query-input\":{\"@type\":\"PropertyValueSpecification\",\"valueRequired\":true,\"valueName\":\"search_term_string\"}}],\"inLanguage\":\"en-US\"},{\"@type\":\"Organization\",\"@id\":\"https:\/\/www.lesjardinsdesaintehildegarde.com\/en\/#organization\",\"name\":\"Les Jardins de Sainte-Hildegarde\",\"url\":\"https:\/\/www.lesjardinsdesaintehildegarde.com\/en\/\",\"logo\":{\"@type\":\"ImageObject\",\"inLanguage\":\"en-US\",\"@id\":\"https:\/\/www.lesjardinsdesaintehildegarde.com\/en\/#\/schema\/logo\/image\/\",\"url\":\"https:\/\/www.lesjardinsdesaintehildegarde.com\/wp-content\/uploads\/2022\/11\/logo-2022.png\",\"contentUrl\":\"https:\/\/www.lesjardinsdesaintehildegarde.com\/wp-content\/uploads\/2022\/11\/logo-2022.png\",\"width\":365,\"height\":90,\"caption\":\"Les Jardins de Sainte-Hildegarde\"},\"image\":{\"@id\":\"https:\/\/www.lesjardinsdesaintehildegarde.com\/en\/#\/schema\/logo\/image\/\"}}]}<\/script>\n<!-- \/ Yoast SEO plugin. -->","yoast_head_json":{"title":"BIERE BLONDE DE GRAND EPEAUTRE 75CL OFFRE SPECIALE - Les Jardins de Sainte-Hildegarde","robots":{"index":"index","follow":"follow","max-snippet":"max-snippet:-1","max-image-preview":"max-image-preview:large","max-video-preview":"max-video-preview:-1"},"canonical":"https:\/\/www.lesjardinsdesaintehildegarde.com\/en\/spelt-food\/spelt\/large-spelt\/biere-blonde-de-grand-epeautre-75cl-copie\/","og_locale":"en_US","og_type":"article","og_title":"BIERE BLONDE DE GRAND EPEAUTRE 75CL OFFRE SPECIALE - Les Jardins de Sainte-Hildegarde","og_description":"BI\u00c8RE BLONDE BIO ET ARTISANALE DE GRAND EPEAUTRE NON HYBRID\u00c9 75 CL (5,33\u20ac\/L) Dans le cadre de l\u2019\u00e9volution de notre recette et de notre collaboration avec une nouvelle brasserie, nous vous proposons les derni\u00e8res bouteilles de cette version&nbsp; \u00e0 un tarif privil\u00e9gi\u00e9 ! Origine France D\u00e9crite comme la meilleure des boissons par sainte Hildegarde, notre [&hellip;]","og_url":"https:\/\/www.lesjardinsdesaintehildegarde.com\/en\/spelt-food\/spelt\/large-spelt\/biere-blonde-de-grand-epeautre-75cl-copie\/","og_site_name":"Les Jardins de Sainte-Hildegarde","article_modified_time":"2026-04-09T16:12:03+00:00","og_image":[{"width":1200,"height":1200,"url":"https:\/\/www.lesjardinsdesaintehildegarde.com\/wp-content\/uploads\/2022\/11\/000775-fin-biere-grand-epeautre-75cl.jpg","type":"image\/jpeg"}],"twitter_card":"summary_large_image","twitter_misc":{"Est. reading time":"1 minute"},"schema":{"@context":"https:\/\/schema.org","@graph":[{"@type":"WebPage","@id":"https:\/\/www.lesjardinsdesaintehildegarde.com\/en\/spelt-food\/spelt\/large-spelt\/biere-blonde-de-grand-epeautre-75cl-copie\/","url":"https:\/\/www.lesjardinsdesaintehildegarde.com\/en\/spelt-food\/spelt\/large-spelt\/biere-blonde-de-grand-epeautre-75cl-copie\/","name":"BIERE BLONDE DE GRAND EPEAUTRE 75CL OFFRE SPECIALE - Les Jardins de Sainte-Hildegarde","isPartOf":{"@id":"https:\/\/www.lesjardinsdesaintehildegarde.com\/en\/#website"},"primaryImageOfPage":{"@id":"https:\/\/www.lesjardinsdesaintehildegarde.com\/en\/spelt-food\/spelt\/large-spelt\/biere-blonde-de-grand-epeautre-75cl-copie\/#primaryimage"},"image":{"@id":"https:\/\/www.lesjardinsdesaintehildegarde.com\/en\/spelt-food\/spelt\/large-spelt\/biere-blonde-de-grand-epeautre-75cl-copie\/#primaryimage"},"thumbnailUrl":"https:\/\/www.lesjardinsdesaintehildegarde.com\/wp-content\/uploads\/2022\/11\/000775-fin-biere-grand-epeautre-75cl.jpg","datePublished":"2026-03-23T14:20:03+00:00","dateModified":"2026-04-09T16:12:03+00:00","breadcrumb":{"@id":"https:\/\/www.lesjardinsdesaintehildegarde.com\/en\/spelt-food\/spelt\/large-spelt\/biere-blonde-de-grand-epeautre-75cl-copie\/#breadcrumb"},"inLanguage":"en-US","potentialAction":[{"@type":"ReadAction","target":["https:\/\/www.lesjardinsdesaintehildegarde.com\/en\/spelt-food\/spelt\/large-spelt\/biere-blonde-de-grand-epeautre-75cl-copie\/"]}]},{"@type":"ImageObject","inLanguage":"en-US","@id":"https:\/\/www.lesjardinsdesaintehildegarde.com\/en\/spelt-food\/spelt\/large-spelt\/biere-blonde-de-grand-epeautre-75cl-copie\/#primaryimage","url":"https:\/\/www.lesjardinsdesaintehildegarde.com\/wp-content\/uploads\/2022\/11\/000775-fin-biere-grand-epeautre-75cl.jpg","contentUrl":"https:\/\/www.lesjardinsdesaintehildegarde.com\/wp-content\/uploads\/2022\/11\/000775-fin-biere-grand-epeautre-75cl.jpg","width":1200,"height":1200},{"@type":"BreadcrumbList","@id":"https:\/\/www.lesjardinsdesaintehildegarde.com\/en\/spelt-food\/spelt\/large-spelt\/biere-blonde-de-grand-epeautre-75cl-copie\/#breadcrumb","itemListElement":[{"@type":"ListItem","position":1,"name":"Home","item":"https:\/\/www.lesjardinsdesaintehildegarde.com\/en\/"},{"@type":"ListItem","position":2,"name":"Products","item":"https:\/\/www.lesjardinsdesaintehildegarde.com\/en\/shop\/"},{"@type":"ListItem","position":3,"name":"BIERE BLONDE DE GRAND EPEAUTRE 75CL OFFRE SPECIALE"}]},{"@type":"WebSite","@id":"https:\/\/www.lesjardinsdesaintehildegarde.com\/en\/#website","url":"https:\/\/www.lesjardinsdesaintehildegarde.com\/en\/","name":"Les Jardins de Sainte-Hildegarde","description":"Viriditas","publisher":{"@id":"https:\/\/www.lesjardinsdesaintehildegarde.com\/en\/#organization"},"potentialAction":[{"@type":"SearchAction","target":{"@type":"EntryPoint","urlTemplate":"https:\/\/www.lesjardinsdesaintehildegarde.com\/en\/?s={search_term_string}"},"query-input":{"@type":"PropertyValueSpecification","valueRequired":true,"valueName":"search_term_string"}}],"inLanguage":"en-US"},{"@type":"Organization","@id":"https:\/\/www.lesjardinsdesaintehildegarde.com\/en\/#organization","name":"Les Jardins de Sainte-Hildegarde","url":"https:\/\/www.lesjardinsdesaintehildegarde.com\/en\/","logo":{"@type":"ImageObject","inLanguage":"en-US","@id":"https:\/\/www.lesjardinsdesaintehildegarde.com\/en\/#\/schema\/logo\/image\/","url":"https:\/\/www.lesjardinsdesaintehildegarde.com\/wp-content\/uploads\/2022\/11\/logo-2022.png","contentUrl":"https:\/\/www.lesjardinsdesaintehildegarde.com\/wp-content\/uploads\/2022\/11\/logo-2022.png","width":365,"height":90,"caption":"Les Jardins de Sainte-Hildegarde"},"image":{"@id":"https:\/\/www.lesjardinsdesaintehildegarde.com\/en\/#\/schema\/logo\/image\/"}}]}},"_links":{"self":[{"href":"https:\/\/www.lesjardinsdesaintehildegarde.com\/en\/wp-json\/wp\/v2\/product\/156581","targetHints":{"allow":["GET"]}}],"collection":[{"href":"https:\/\/www.lesjardinsdesaintehildegarde.com\/en\/wp-json\/wp\/v2\/product"}],"about":[{"href":"https:\/\/www.lesjardinsdesaintehildegarde.com\/en\/wp-json\/wp\/v2\/types\/product"}],"replies":[{"embeddable":true,"href":"https:\/\/www.lesjardinsdesaintehildegarde.com\/en\/wp-json\/wp\/v2\/comments?post=156581"}],"wp:featuredmedia":[{"embeddable":true,"href":"https:\/\/www.lesjardinsdesaintehildegarde.com\/en\/wp-json\/wp\/v2\/media\/156894"}],"wp:attachment":[{"href":"https:\/\/www.lesjardinsdesaintehildegarde.com\/en\/wp-json\/wp\/v2\/media?parent=156581"}],"wp:term":[{"taxonomy":"product_brand","embeddable":true,"href":"https:\/\/www.lesjardinsdesaintehildegarde.com\/en\/wp-json\/wp\/v2\/product_brand?post=156581"},{"taxonomy":"product_cat","embeddable":true,"href":"https:\/\/www.lesjardinsdesaintehildegarde.com\/en\/wp-json\/wp\/v2\/product_cat?post=156581"},{"taxonomy":"product_tag","embeddable":true,"href":"https:\/\/www.lesjardinsdesaintehildegarde.com\/en\/wp-json\/wp\/v2\/product_tag?post=156581"}],"curies":[{"name":"wp","href":"https:\/\/api.w.org\/{rel}","templated":true}]}}