{"id":156908,"date":"2026-03-27T11:17:03","date_gmt":"2026-03-27T10:17:03","guid":{"rendered":"https:\/\/www.lesjardinsdesaintehildegarde.com\/non%20class\u00e9\/biere-blonde-de-grand-epeautre-33cl-copie\/"},"modified":"2026-04-16T23:01:03","modified_gmt":"2026-04-16T21:01:03","slug":"biere-blonde-de-grand-epeautre-33cl-copie","status":"publish","type":"product","link":"https:\/\/www.lesjardinsdesaintehildegarde.com\/en\/spelt-food\/spelt\/large-spelt\/biere-blonde-de-grand-epeautre-33cl-copie\/","title":{"rendered":"BIERE BLONDE DE GRAND EPEAUTRE 33CL LOT 6"},"content":{"rendered":"<p>BI\u00c8RE BLONDE BIO ET ARTISANALE DE GRAND EPEAUTRE NON HYBRID\u00c9 6 X 33 CL (9,09\u20ac\/L)<\/p>\n<p>Offre sp\u00e9ciale promotionnelle, du 7 avril au 17 juillet 2026&nbsp;<\/p>\n<p>Origine France<\/p>\n<p>D\u00e9crite comme la meilleure des boissons par sainte Hildegarde, notre bi\u00e8re l\u00e9g\u00e8re et rafra\u00eechissante est brass\u00e9e tout pr\u00e8s de chez nous en Dordogne par une brasserie artisanale et bio avec notre grand \u00e9peautre fran\u00e7ais, bio et non hybrid\u00e9.<\/p>\n<p>Ingr\u00e9dients: Eau, malt d\u2019ORGE*, grand \u00c9PEAUTRE Oberkulmer Origine France*, houblon*, levures*, sucre de canne*. <\/p>\n<p>*Ingr\u00e9dient issu de l\u2019agriculture biologique &#8211; Bi\u00e8re non filtr\u00e9e et non pasteuris\u00e9e, garder la bouteille droite.<\/p>\n<p>Pr\u00e9sence d&#8217;alcool 3,4%<\/p>\n<p>Brass\u00e9e et embouteill\u00e9e pour Les Jardins de Sainte Hildegarde par : BRASSERIE LA N\u00d2V\u00c9 24100 &#8211; BERGERAC &#8211; FRANCE<\/p>\n<p>Produit certifi\u00e9 FRBIO10 &#8211; D\u00e9conseill\u00e9 aux femmes enceintes, interdit aux mineurs. L&#8217;abus d&#8217;alcool est dangereux pour la sant\u00e9.<\/p>\n","protected":false},"excerpt":{"rendered":"<p>BI\u00c8RE BLONDE BIO ET ARTISANALE DE GRAND EPEAUTRE NON HYBRID\u00c9 6 X 33 CL (9,09\u20ac\/L) Offre sp\u00e9ciale promotionnelle, du 7 avril au 17 juillet 2026&nbsp; Origine France D\u00e9crite comme la meilleure des boissons par sainte Hildegarde, notre bi\u00e8re l\u00e9g\u00e8re et rafra\u00eechissante est brass\u00e9e tout pr\u00e8s de chez nous en Dordogne par une brasserie artisanale et [&hellip;]<\/p>\n","protected":false},"featured_media":157421,"comment_status":"open","ping_status":"closed","template":"","meta":{"_acf_changed":false,"_relevanssi_hide_post":"","_relevanssi_hide_content":"","_relevanssi_pin_for_all":"","_relevanssi_pin_keywords":"","_relevanssi_unpin_keywords":"","_relevanssi_related_keywords":"","_relevanssi_related_include_ids":"","_relevanssi_related_exclude_ids":"","_relevanssi_related_no_append":"","_relevanssi_related_not_related":"","_relevanssi_related_posts":"","_relevanssi_noindex_reason":""},"product_brand":[],"product_cat":[52,30,59],"product_tag":[],"class_list":{"0":"post-156908","1":"product","2":"type-product","3":"status-publish","4":"has-post-thumbnail","6":"product_cat-epeautre","7":"product_cat-epeautres-alimentation","8":"product_cat-grand-epeautre","10":"first","11":"instock","12":"sale","13":"taxable","14":"shipping-taxable","15":"purchasable","16":"product-type-simple"},"acf":[],"yoast_head":"<!-- This site is optimized with the Yoast SEO plugin v27.2 - https:\/\/yoast.com\/product\/yoast-seo-wordpress\/ -->\n<title>BIERE BLONDE DE GRAND EPEAUTRE 33CL LOT 6 - Les Jardins de Sainte-Hildegarde<\/title>\n<meta name=\"robots\" content=\"index, follow, max-snippet:-1, max-image-preview:large, max-video-preview:-1\" \/>\n<link rel=\"canonical\" href=\"https:\/\/www.lesjardinsdesaintehildegarde.com\/en\/spelt-food\/spelt\/large-spelt\/biere-blonde-de-grand-epeautre-33cl-copie\/\" \/>\n<meta property=\"og:locale\" content=\"en_US\" \/>\n<meta property=\"og:type\" content=\"article\" \/>\n<meta property=\"og:title\" content=\"BIERE BLONDE DE GRAND EPEAUTRE 33CL LOT 6 - Les Jardins de Sainte-Hildegarde\" \/>\n<meta property=\"og:description\" content=\"BI\u00c8RE BLONDE BIO ET ARTISANALE DE GRAND EPEAUTRE NON HYBRID\u00c9 6 X 33 CL (9,09\u20ac\/L) Offre sp\u00e9ciale promotionnelle, du 7 avril au 17 juillet 2026&nbsp; Origine France D\u00e9crite comme la meilleure des boissons par sainte Hildegarde, notre bi\u00e8re l\u00e9g\u00e8re et rafra\u00eechissante est brass\u00e9e tout pr\u00e8s de chez nous en Dordogne par une brasserie artisanale et [&hellip;]\" \/>\n<meta property=\"og:url\" content=\"https:\/\/www.lesjardinsdesaintehildegarde.com\/en\/spelt-food\/spelt\/large-spelt\/biere-blonde-de-grand-epeautre-33cl-copie\/\" \/>\n<meta property=\"og:site_name\" content=\"Les Jardins de Sainte-Hildegarde\" \/>\n<meta property=\"article:modified_time\" content=\"2026-04-16T21:01:03+00:00\" \/>\n<meta property=\"og:image\" content=\"https:\/\/www.lesjardinsdesaintehildegarde.com\/wp-content\/uploads\/2026\/03\/000733-biere-grand-epeautre-bio-33cl-x6.png\" \/>\n\t<meta property=\"og:image:width\" content=\"1200\" \/>\n\t<meta property=\"og:image:height\" content=\"1200\" \/>\n\t<meta property=\"og:image:type\" content=\"image\/png\" \/>\n<meta name=\"twitter:card\" content=\"summary_large_image\" \/>\n<meta name=\"twitter:label1\" content=\"Est. reading time\" \/>\n\t<meta name=\"twitter:data1\" content=\"1 minute\" \/>\n<script type=\"application\/ld+json\" class=\"yoast-schema-graph\">{\"@context\":\"https:\/\/schema.org\",\"@graph\":[{\"@type\":\"WebPage\",\"@id\":\"https:\/\/www.lesjardinsdesaintehildegarde.com\/en\/spelt-food\/spelt\/large-spelt\/biere-blonde-de-grand-epeautre-33cl-copie\/\",\"url\":\"https:\/\/www.lesjardinsdesaintehildegarde.com\/en\/spelt-food\/spelt\/large-spelt\/biere-blonde-de-grand-epeautre-33cl-copie\/\",\"name\":\"BIERE BLONDE DE GRAND EPEAUTRE 33CL LOT 6 - Les Jardins de Sainte-Hildegarde\",\"isPartOf\":{\"@id\":\"https:\/\/www.lesjardinsdesaintehildegarde.com\/en\/#website\"},\"primaryImageOfPage\":{\"@id\":\"https:\/\/www.lesjardinsdesaintehildegarde.com\/en\/spelt-food\/spelt\/large-spelt\/biere-blonde-de-grand-epeautre-33cl-copie\/#primaryimage\"},\"image\":{\"@id\":\"https:\/\/www.lesjardinsdesaintehildegarde.com\/en\/spelt-food\/spelt\/large-spelt\/biere-blonde-de-grand-epeautre-33cl-copie\/#primaryimage\"},\"thumbnailUrl\":\"https:\/\/www.lesjardinsdesaintehildegarde.com\/wp-content\/uploads\/2026\/03\/000733-biere-grand-epeautre-bio-33cl-x6.png\",\"datePublished\":\"2026-03-27T10:17:03+00:00\",\"dateModified\":\"2026-04-16T21:01:03+00:00\",\"breadcrumb\":{\"@id\":\"https:\/\/www.lesjardinsdesaintehildegarde.com\/en\/spelt-food\/spelt\/large-spelt\/biere-blonde-de-grand-epeautre-33cl-copie\/#breadcrumb\"},\"inLanguage\":\"en-US\",\"potentialAction\":[{\"@type\":\"ReadAction\",\"target\":[\"https:\/\/www.lesjardinsdesaintehildegarde.com\/en\/spelt-food\/spelt\/large-spelt\/biere-blonde-de-grand-epeautre-33cl-copie\/\"]}]},{\"@type\":\"ImageObject\",\"inLanguage\":\"en-US\",\"@id\":\"https:\/\/www.lesjardinsdesaintehildegarde.com\/en\/spelt-food\/spelt\/large-spelt\/biere-blonde-de-grand-epeautre-33cl-copie\/#primaryimage\",\"url\":\"https:\/\/www.lesjardinsdesaintehildegarde.com\/wp-content\/uploads\/2026\/03\/000733-biere-grand-epeautre-bio-33cl-x6.png\",\"contentUrl\":\"https:\/\/www.lesjardinsdesaintehildegarde.com\/wp-content\/uploads\/2026\/03\/000733-biere-grand-epeautre-bio-33cl-x6.png\",\"width\":1200,\"height\":1200,\"caption\":\"Bi\u00e8re blonde de grand \u00e9peautre non hybrid\u00e9 Oberkulmer- origine France 3 X 33cl Bio\"},{\"@type\":\"BreadcrumbList\",\"@id\":\"https:\/\/www.lesjardinsdesaintehildegarde.com\/en\/spelt-food\/spelt\/large-spelt\/biere-blonde-de-grand-epeautre-33cl-copie\/#breadcrumb\",\"itemListElement\":[{\"@type\":\"ListItem\",\"position\":1,\"name\":\"Home\",\"item\":\"https:\/\/www.lesjardinsdesaintehildegarde.com\/en\/\"},{\"@type\":\"ListItem\",\"position\":2,\"name\":\"Products\",\"item\":\"https:\/\/www.lesjardinsdesaintehildegarde.com\/en\/shop\/\"},{\"@type\":\"ListItem\",\"position\":3,\"name\":\"BIERE BLONDE DE GRAND EPEAUTRE 33CL LOT 6\"}]},{\"@type\":\"WebSite\",\"@id\":\"https:\/\/www.lesjardinsdesaintehildegarde.com\/en\/#website\",\"url\":\"https:\/\/www.lesjardinsdesaintehildegarde.com\/en\/\",\"name\":\"Les Jardins de Sainte-Hildegarde\",\"description\":\"Viriditas\",\"publisher\":{\"@id\":\"https:\/\/www.lesjardinsdesaintehildegarde.com\/en\/#organization\"},\"potentialAction\":[{\"@type\":\"SearchAction\",\"target\":{\"@type\":\"EntryPoint\",\"urlTemplate\":\"https:\/\/www.lesjardinsdesaintehildegarde.com\/en\/?s={search_term_string}\"},\"query-input\":{\"@type\":\"PropertyValueSpecification\",\"valueRequired\":true,\"valueName\":\"search_term_string\"}}],\"inLanguage\":\"en-US\"},{\"@type\":\"Organization\",\"@id\":\"https:\/\/www.lesjardinsdesaintehildegarde.com\/en\/#organization\",\"name\":\"Les Jardins de Sainte-Hildegarde\",\"url\":\"https:\/\/www.lesjardinsdesaintehildegarde.com\/en\/\",\"logo\":{\"@type\":\"ImageObject\",\"inLanguage\":\"en-US\",\"@id\":\"https:\/\/www.lesjardinsdesaintehildegarde.com\/en\/#\/schema\/logo\/image\/\",\"url\":\"https:\/\/www.lesjardinsdesaintehildegarde.com\/wp-content\/uploads\/2022\/11\/logo-2022.png\",\"contentUrl\":\"https:\/\/www.lesjardinsdesaintehildegarde.com\/wp-content\/uploads\/2022\/11\/logo-2022.png\",\"width\":365,\"height\":90,\"caption\":\"Les Jardins de Sainte-Hildegarde\"},\"image\":{\"@id\":\"https:\/\/www.lesjardinsdesaintehildegarde.com\/en\/#\/schema\/logo\/image\/\"}}]}<\/script>\n<!-- \/ Yoast SEO plugin. -->","yoast_head_json":{"title":"BIERE BLONDE DE GRAND EPEAUTRE 33CL LOT 6 - Les Jardins de Sainte-Hildegarde","robots":{"index":"index","follow":"follow","max-snippet":"max-snippet:-1","max-image-preview":"max-image-preview:large","max-video-preview":"max-video-preview:-1"},"canonical":"https:\/\/www.lesjardinsdesaintehildegarde.com\/en\/spelt-food\/spelt\/large-spelt\/biere-blonde-de-grand-epeautre-33cl-copie\/","og_locale":"en_US","og_type":"article","og_title":"BIERE BLONDE DE GRAND EPEAUTRE 33CL LOT 6 - Les Jardins de Sainte-Hildegarde","og_description":"BI\u00c8RE BLONDE BIO ET ARTISANALE DE GRAND EPEAUTRE NON HYBRID\u00c9 6 X 33 CL (9,09\u20ac\/L) Offre sp\u00e9ciale promotionnelle, du 7 avril au 17 juillet 2026&nbsp; Origine France D\u00e9crite comme la meilleure des boissons par sainte Hildegarde, notre bi\u00e8re l\u00e9g\u00e8re et rafra\u00eechissante est brass\u00e9e tout pr\u00e8s de chez nous en Dordogne par une brasserie artisanale et [&hellip;]","og_url":"https:\/\/www.lesjardinsdesaintehildegarde.com\/en\/spelt-food\/spelt\/large-spelt\/biere-blonde-de-grand-epeautre-33cl-copie\/","og_site_name":"Les Jardins de Sainte-Hildegarde","article_modified_time":"2026-04-16T21:01:03+00:00","og_image":[{"width":1200,"height":1200,"url":"https:\/\/www.lesjardinsdesaintehildegarde.com\/wp-content\/uploads\/2026\/03\/000733-biere-grand-epeautre-bio-33cl-x6.png","type":"image\/png"}],"twitter_card":"summary_large_image","twitter_misc":{"Est. reading time":"1 minute"},"schema":{"@context":"https:\/\/schema.org","@graph":[{"@type":"WebPage","@id":"https:\/\/www.lesjardinsdesaintehildegarde.com\/en\/spelt-food\/spelt\/large-spelt\/biere-blonde-de-grand-epeautre-33cl-copie\/","url":"https:\/\/www.lesjardinsdesaintehildegarde.com\/en\/spelt-food\/spelt\/large-spelt\/biere-blonde-de-grand-epeautre-33cl-copie\/","name":"BIERE BLONDE DE GRAND EPEAUTRE 33CL LOT 6 - Les Jardins de Sainte-Hildegarde","isPartOf":{"@id":"https:\/\/www.lesjardinsdesaintehildegarde.com\/en\/#website"},"primaryImageOfPage":{"@id":"https:\/\/www.lesjardinsdesaintehildegarde.com\/en\/spelt-food\/spelt\/large-spelt\/biere-blonde-de-grand-epeautre-33cl-copie\/#primaryimage"},"image":{"@id":"https:\/\/www.lesjardinsdesaintehildegarde.com\/en\/spelt-food\/spelt\/large-spelt\/biere-blonde-de-grand-epeautre-33cl-copie\/#primaryimage"},"thumbnailUrl":"https:\/\/www.lesjardinsdesaintehildegarde.com\/wp-content\/uploads\/2026\/03\/000733-biere-grand-epeautre-bio-33cl-x6.png","datePublished":"2026-03-27T10:17:03+00:00","dateModified":"2026-04-16T21:01:03+00:00","breadcrumb":{"@id":"https:\/\/www.lesjardinsdesaintehildegarde.com\/en\/spelt-food\/spelt\/large-spelt\/biere-blonde-de-grand-epeautre-33cl-copie\/#breadcrumb"},"inLanguage":"en-US","potentialAction":[{"@type":"ReadAction","target":["https:\/\/www.lesjardinsdesaintehildegarde.com\/en\/spelt-food\/spelt\/large-spelt\/biere-blonde-de-grand-epeautre-33cl-copie\/"]}]},{"@type":"ImageObject","inLanguage":"en-US","@id":"https:\/\/www.lesjardinsdesaintehildegarde.com\/en\/spelt-food\/spelt\/large-spelt\/biere-blonde-de-grand-epeautre-33cl-copie\/#primaryimage","url":"https:\/\/www.lesjardinsdesaintehildegarde.com\/wp-content\/uploads\/2026\/03\/000733-biere-grand-epeautre-bio-33cl-x6.png","contentUrl":"https:\/\/www.lesjardinsdesaintehildegarde.com\/wp-content\/uploads\/2026\/03\/000733-biere-grand-epeautre-bio-33cl-x6.png","width":1200,"height":1200,"caption":"Bi\u00e8re blonde de grand \u00e9peautre non hybrid\u00e9 Oberkulmer- origine France 3 X 33cl Bio"},{"@type":"BreadcrumbList","@id":"https:\/\/www.lesjardinsdesaintehildegarde.com\/en\/spelt-food\/spelt\/large-spelt\/biere-blonde-de-grand-epeautre-33cl-copie\/#breadcrumb","itemListElement":[{"@type":"ListItem","position":1,"name":"Home","item":"https:\/\/www.lesjardinsdesaintehildegarde.com\/en\/"},{"@type":"ListItem","position":2,"name":"Products","item":"https:\/\/www.lesjardinsdesaintehildegarde.com\/en\/shop\/"},{"@type":"ListItem","position":3,"name":"BIERE BLONDE DE GRAND EPEAUTRE 33CL LOT 6"}]},{"@type":"WebSite","@id":"https:\/\/www.lesjardinsdesaintehildegarde.com\/en\/#website","url":"https:\/\/www.lesjardinsdesaintehildegarde.com\/en\/","name":"Les Jardins de Sainte-Hildegarde","description":"Viriditas","publisher":{"@id":"https:\/\/www.lesjardinsdesaintehildegarde.com\/en\/#organization"},"potentialAction":[{"@type":"SearchAction","target":{"@type":"EntryPoint","urlTemplate":"https:\/\/www.lesjardinsdesaintehildegarde.com\/en\/?s={search_term_string}"},"query-input":{"@type":"PropertyValueSpecification","valueRequired":true,"valueName":"search_term_string"}}],"inLanguage":"en-US"},{"@type":"Organization","@id":"https:\/\/www.lesjardinsdesaintehildegarde.com\/en\/#organization","name":"Les Jardins de Sainte-Hildegarde","url":"https:\/\/www.lesjardinsdesaintehildegarde.com\/en\/","logo":{"@type":"ImageObject","inLanguage":"en-US","@id":"https:\/\/www.lesjardinsdesaintehildegarde.com\/en\/#\/schema\/logo\/image\/","url":"https:\/\/www.lesjardinsdesaintehildegarde.com\/wp-content\/uploads\/2022\/11\/logo-2022.png","contentUrl":"https:\/\/www.lesjardinsdesaintehildegarde.com\/wp-content\/uploads\/2022\/11\/logo-2022.png","width":365,"height":90,"caption":"Les Jardins de Sainte-Hildegarde"},"image":{"@id":"https:\/\/www.lesjardinsdesaintehildegarde.com\/en\/#\/schema\/logo\/image\/"}}]}},"_links":{"self":[{"href":"https:\/\/www.lesjardinsdesaintehildegarde.com\/en\/wp-json\/wp\/v2\/product\/156908","targetHints":{"allow":["GET"]}}],"collection":[{"href":"https:\/\/www.lesjardinsdesaintehildegarde.com\/en\/wp-json\/wp\/v2\/product"}],"about":[{"href":"https:\/\/www.lesjardinsdesaintehildegarde.com\/en\/wp-json\/wp\/v2\/types\/product"}],"replies":[{"embeddable":true,"href":"https:\/\/www.lesjardinsdesaintehildegarde.com\/en\/wp-json\/wp\/v2\/comments?post=156908"}],"wp:featuredmedia":[{"embeddable":true,"href":"https:\/\/www.lesjardinsdesaintehildegarde.com\/en\/wp-json\/wp\/v2\/media\/157421"}],"wp:attachment":[{"href":"https:\/\/www.lesjardinsdesaintehildegarde.com\/en\/wp-json\/wp\/v2\/media?parent=156908"}],"wp:term":[{"taxonomy":"product_brand","embeddable":true,"href":"https:\/\/www.lesjardinsdesaintehildegarde.com\/en\/wp-json\/wp\/v2\/product_brand?post=156908"},{"taxonomy":"product_cat","embeddable":true,"href":"https:\/\/www.lesjardinsdesaintehildegarde.com\/en\/wp-json\/wp\/v2\/product_cat?post=156908"},{"taxonomy":"product_tag","embeddable":true,"href":"https:\/\/www.lesjardinsdesaintehildegarde.com\/en\/wp-json\/wp\/v2\/product_tag?post=156908"}],"curies":[{"name":"wp","href":"https:\/\/api.w.org\/{rel}","templated":true}]}}