{"id":1575,"date":"2022-11-04T09:08:45","date_gmt":"2022-11-04T08:08:45","guid":{"rendered":"https:\/\/www.lesjardinsdesaintehildegarde.com\/non%20class\u00e9\/la-symphonie-des-harmonies-celestes\/"},"modified":"2026-04-03T09:36:03","modified_gmt":"2026-04-03T07:36:03","slug":"la-symphonie-des-harmonies-celestes","status":"publish","type":"product","link":"https:\/\/www.lesjardinsdesaintehildegarde.com\/en\/books-and-music\/books\/writings-of-saint-hildegard-of-bingen\/la-symphonie-des-harmonies-celestes\/","title":{"rendered":"LA SYMPHONIE DES HARMONIES CELESTES"},"content":{"rendered":"<p><\/p>\n<p><strong>LA SYMPHONIE DES HARMONIES C\u00c9LESTES <\/strong><\/p>\n<p><\/p>\n<p>273 pages, format : L12xH19 cm<\/p>\n<p><\/p>\n<p>\u00c9dition Millon<\/p>\n<p><\/p>\n<p><strong>Les \u00e9crits de Sainte<br \/>\nHildegarde.<\/strong><\/p>\n<p><\/p>\n<p>Traduit du latin par Rebecca Lenoir et Christophe Carraud. Pr\u00e9sent\u00e9<br \/>\net annot\u00e9 par Rebecca Lenoir.<\/p>\n<p><\/p>\n<p><strong>4\u00e8me de couverture :<\/strong><\/p>\n<p><\/p>\n<p>La <em>symphonia<\/em> vaut pour toute la musique : le titre fait<br \/>\nr\u00e9f\u00e9rence aux chants c\u00e9lestes que la sainte entend lorsqu&#8217;elle est ravie<br \/>\nen extase. Apr\u00e8s avoir joui des c\u00e9lestes harmonies de ses visions, la<br \/>\nsainte \u00e9crivait de la musique destin\u00e9e \u00e0 \u00eatre chant\u00e9e en public. Le<br \/>\nvocabulaire m\u00eame de Hildegarde lorsqu&#8217;elle d\u00e9crit ses exp\u00e9riences<br \/>\nmystiques conforte l&#8217;id\u00e9e que le terme de &#8220;vision&#8221; est impropre \u00e0<br \/>\ntraduire leur nature; \u00e0 diverses reprises, les r\u00e9cits de la sainte<br \/>\nindiquent clairement qu&#8217;il s&#8217;agit autant de la retranscription d&#8217;un<br \/>\nconcert c\u00e9leste que Sainte Hildegarde entend lorsque les cieux s&#8217;ouvrent<br \/>\npour elle que d&#8217;une exp\u00e9rience simplement visuelle; audition et vision<br \/>\nsont presque toujours m\u00eal\u00e9es. La lumi\u00e8re et les paroles sont comme une<br \/>\nflamme brillante. Pour Hildegarde, la musique est r\u00e9miniscence de cette<br \/>\nscience divine que l&#8217;homme a perdu apr\u00e8s la chute, elle est un des seuls<br \/>\nliens qui l&#8217;unit encore aux r\u00e9alit\u00e9s spirituelles et le d\u00e9tourne de<br \/>\nl&#8217;accablement que son bannissement du paradis c\u00e9leste pourrait lui<br \/>\ncauser.<\/p>\n<p><\/p>\n<p>L&#8217;<em>Ordo Virtutum<\/em> aurait pu \u00eatre jou\u00e9 et chant\u00e9 lors de la<br \/>\nc\u00e9r\u00e9monie de cons\u00e9cration du couvent de Sainte Hildegarde sur le mont<br \/>\nRupert le Ier mai 1152, en pr\u00e9sence de l&#8217;archev\u00eaque, du clerg\u00e9 de<br \/>\nMayence et des familles des jeunes moniales issues de l&#8217;aristocratie.<br \/>\nL&#8217;\u00e9loge de la chastet\u00e9 qu&#8217;on y entend, les reproches adress\u00e9s aux Vertus<br \/>\npar le Diable au motif qu&#8217;elles ignorent les joies de la maternit\u00e9 et de<br \/>\nl&#8217;union physique, tout cela peut faire penser que le drame serait une<br \/>\n&#8220;mise en jeu&#8221; de la liturgie de prise de voile lors de la cons\u00e9cration<br \/>\ndes moniales.<\/p>\n","protected":false},"excerpt":{"rendered":"<p>LA SYMPHONIE DES HARMONIES C\u00c9LESTES 273 pages, format : L12xH19 cm \u00c9dition Millon Les \u00e9crits de Sainte Hildegarde. Traduit du latin par Rebecca Lenoir et Christophe Carraud. Pr\u00e9sent\u00e9 et annot\u00e9 par Rebecca Lenoir. 4\u00e8me de couverture : La symphonia vaut pour toute la musique : le titre fait r\u00e9f\u00e9rence aux chants c\u00e9lestes que la sainte [&hellip;]<\/p>\n","protected":false},"featured_media":75034,"comment_status":"open","ping_status":"closed","template":"","meta":{"_acf_changed":false,"_relevanssi_hide_post":"","_relevanssi_hide_content":"","_relevanssi_pin_for_all":"","_relevanssi_pin_keywords":"","_relevanssi_unpin_keywords":"","_relevanssi_related_keywords":"","_relevanssi_related_include_ids":"","_relevanssi_related_exclude_ids":"","_relevanssi_related_no_append":"","_relevanssi_related_not_related":"","_relevanssi_related_posts":"","_relevanssi_noindex_reason":""},"product_brand":[],"product_cat":[112,108,33],"product_tag":[],"class_list":{"0":"post-1575","1":"product","2":"type-product","3":"status-publish","4":"has-post-thumbnail","6":"product_cat-ecrits-de-sainte-hildegarde","7":"product_cat-livres","8":"product_cat-livres-et-loisirs","10":"first","11":"instock","12":"taxable","13":"shipping-taxable","14":"purchasable","15":"product-type-simple"},"acf":[],"yoast_head":"<!-- This site is optimized with the Yoast SEO plugin v27.2 - https:\/\/yoast.com\/product\/yoast-seo-wordpress\/ -->\n<title>LA SYMPHONIE DES HARMONIES CELESTES - Les Jardins de Sainte-Hildegarde<\/title>\n<meta name=\"robots\" content=\"index, follow, max-snippet:-1, max-image-preview:large, max-video-preview:-1\" \/>\n<link rel=\"canonical\" href=\"https:\/\/www.lesjardinsdesaintehildegarde.com\/en\/books-and-music\/books\/writings-of-saint-hildegard-of-bingen\/la-symphonie-des-harmonies-celestes\/\" \/>\n<meta property=\"og:locale\" content=\"en_US\" \/>\n<meta property=\"og:type\" content=\"article\" \/>\n<meta property=\"og:title\" content=\"LA SYMPHONIE DES HARMONIES CELESTES - Les Jardins de Sainte-Hildegarde\" \/>\n<meta property=\"og:description\" content=\"LA SYMPHONIE DES HARMONIES C\u00c9LESTES 273 pages, format : L12xH19 cm \u00c9dition Millon Les \u00e9crits de Sainte Hildegarde. Traduit du latin par Rebecca Lenoir et Christophe Carraud. Pr\u00e9sent\u00e9 et annot\u00e9 par Rebecca Lenoir. 4\u00e8me de couverture : La symphonia vaut pour toute la musique : le titre fait r\u00e9f\u00e9rence aux chants c\u00e9lestes que la sainte [&hellip;]\" \/>\n<meta property=\"og:url\" content=\"https:\/\/www.lesjardinsdesaintehildegarde.com\/en\/books-and-music\/books\/writings-of-saint-hildegard-of-bingen\/la-symphonie-des-harmonies-celestes\/\" \/>\n<meta property=\"og:site_name\" content=\"Les Jardins de Sainte-Hildegarde\" \/>\n<meta property=\"article:modified_time\" content=\"2026-04-03T07:36:03+00:00\" \/>\n<meta property=\"og:image\" content=\"https:\/\/www.lesjardinsdesaintehildegarde.com\/wp-content\/uploads\/2023\/10\/l0017-la-symphonie-des-harmonies-celestes.jpg\" \/>\n\t<meta property=\"og:image:width\" content=\"1200\" \/>\n\t<meta property=\"og:image:height\" content=\"1200\" \/>\n\t<meta property=\"og:image:type\" content=\"image\/jpeg\" \/>\n<meta name=\"twitter:card\" content=\"summary_large_image\" \/>\n<meta name=\"twitter:label1\" content=\"Est. reading time\" \/>\n\t<meta name=\"twitter:data1\" content=\"2 minutes\" \/>\n<script type=\"application\/ld+json\" class=\"yoast-schema-graph\">{\"@context\":\"https:\/\/schema.org\",\"@graph\":[{\"@type\":\"WebPage\",\"@id\":\"https:\/\/www.lesjardinsdesaintehildegarde.com\/en\/books-and-music\/books\/writings-of-saint-hildegard-of-bingen\/la-symphonie-des-harmonies-celestes\/\",\"url\":\"https:\/\/www.lesjardinsdesaintehildegarde.com\/en\/books-and-music\/books\/writings-of-saint-hildegard-of-bingen\/la-symphonie-des-harmonies-celestes\/\",\"name\":\"LA SYMPHONIE DES HARMONIES CELESTES - Les Jardins de Sainte-Hildegarde\",\"isPartOf\":{\"@id\":\"https:\/\/www.lesjardinsdesaintehildegarde.com\/en\/#website\"},\"primaryImageOfPage\":{\"@id\":\"https:\/\/www.lesjardinsdesaintehildegarde.com\/en\/books-and-music\/books\/writings-of-saint-hildegard-of-bingen\/la-symphonie-des-harmonies-celestes\/#primaryimage\"},\"image\":{\"@id\":\"https:\/\/www.lesjardinsdesaintehildegarde.com\/en\/books-and-music\/books\/writings-of-saint-hildegard-of-bingen\/la-symphonie-des-harmonies-celestes\/#primaryimage\"},\"thumbnailUrl\":\"https:\/\/www.lesjardinsdesaintehildegarde.com\/wp-content\/uploads\/2023\/10\/l0017-la-symphonie-des-harmonies-celestes.jpg\",\"datePublished\":\"2022-11-04T08:08:45+00:00\",\"dateModified\":\"2026-04-03T07:36:03+00:00\",\"breadcrumb\":{\"@id\":\"https:\/\/www.lesjardinsdesaintehildegarde.com\/en\/books-and-music\/books\/writings-of-saint-hildegard-of-bingen\/la-symphonie-des-harmonies-celestes\/#breadcrumb\"},\"inLanguage\":\"en-US\",\"potentialAction\":[{\"@type\":\"ReadAction\",\"target\":[\"https:\/\/www.lesjardinsdesaintehildegarde.com\/en\/books-and-music\/books\/writings-of-saint-hildegard-of-bingen\/la-symphonie-des-harmonies-celestes\/\"]}]},{\"@type\":\"ImageObject\",\"inLanguage\":\"en-US\",\"@id\":\"https:\/\/www.lesjardinsdesaintehildegarde.com\/en\/books-and-music\/books\/writings-of-saint-hildegard-of-bingen\/la-symphonie-des-harmonies-celestes\/#primaryimage\",\"url\":\"https:\/\/www.lesjardinsdesaintehildegarde.com\/wp-content\/uploads\/2023\/10\/l0017-la-symphonie-des-harmonies-celestes.jpg\",\"contentUrl\":\"https:\/\/www.lesjardinsdesaintehildegarde.com\/wp-content\/uploads\/2023\/10\/l0017-la-symphonie-des-harmonies-celestes.jpg\",\"width\":1200,\"height\":1200,\"caption\":\"LA SYMPHONIE DES HARMONIES C\u00c9LESTES 273 pages, format : L12xH19 cm \u00c9dition Millon\"},{\"@type\":\"BreadcrumbList\",\"@id\":\"https:\/\/www.lesjardinsdesaintehildegarde.com\/en\/books-and-music\/books\/writings-of-saint-hildegard-of-bingen\/la-symphonie-des-harmonies-celestes\/#breadcrumb\",\"itemListElement\":[{\"@type\":\"ListItem\",\"position\":1,\"name\":\"Home\",\"item\":\"https:\/\/www.lesjardinsdesaintehildegarde.com\/en\/\"},{\"@type\":\"ListItem\",\"position\":2,\"name\":\"Products\",\"item\":\"https:\/\/www.lesjardinsdesaintehildegarde.com\/en\/shop\/\"},{\"@type\":\"ListItem\",\"position\":3,\"name\":\"LA SYMPHONIE DES HARMONIES CELESTES\"}]},{\"@type\":\"WebSite\",\"@id\":\"https:\/\/www.lesjardinsdesaintehildegarde.com\/en\/#website\",\"url\":\"https:\/\/www.lesjardinsdesaintehildegarde.com\/en\/\",\"name\":\"Les Jardins de Sainte-Hildegarde\",\"description\":\"Viriditas\",\"publisher\":{\"@id\":\"https:\/\/www.lesjardinsdesaintehildegarde.com\/en\/#organization\"},\"potentialAction\":[{\"@type\":\"SearchAction\",\"target\":{\"@type\":\"EntryPoint\",\"urlTemplate\":\"https:\/\/www.lesjardinsdesaintehildegarde.com\/en\/?s={search_term_string}\"},\"query-input\":{\"@type\":\"PropertyValueSpecification\",\"valueRequired\":true,\"valueName\":\"search_term_string\"}}],\"inLanguage\":\"en-US\"},{\"@type\":\"Organization\",\"@id\":\"https:\/\/www.lesjardinsdesaintehildegarde.com\/en\/#organization\",\"name\":\"Les Jardins de Sainte-Hildegarde\",\"url\":\"https:\/\/www.lesjardinsdesaintehildegarde.com\/en\/\",\"logo\":{\"@type\":\"ImageObject\",\"inLanguage\":\"en-US\",\"@id\":\"https:\/\/www.lesjardinsdesaintehildegarde.com\/en\/#\/schema\/logo\/image\/\",\"url\":\"https:\/\/www.lesjardinsdesaintehildegarde.com\/wp-content\/uploads\/2022\/11\/logo-2022.png\",\"contentUrl\":\"https:\/\/www.lesjardinsdesaintehildegarde.com\/wp-content\/uploads\/2022\/11\/logo-2022.png\",\"width\":365,\"height\":90,\"caption\":\"Les Jardins de Sainte-Hildegarde\"},\"image\":{\"@id\":\"https:\/\/www.lesjardinsdesaintehildegarde.com\/en\/#\/schema\/logo\/image\/\"}}]}<\/script>\n<!-- \/ Yoast SEO plugin. -->","yoast_head_json":{"title":"LA SYMPHONIE DES HARMONIES CELESTES - Les Jardins de Sainte-Hildegarde","robots":{"index":"index","follow":"follow","max-snippet":"max-snippet:-1","max-image-preview":"max-image-preview:large","max-video-preview":"max-video-preview:-1"},"canonical":"https:\/\/www.lesjardinsdesaintehildegarde.com\/en\/books-and-music\/books\/writings-of-saint-hildegard-of-bingen\/la-symphonie-des-harmonies-celestes\/","og_locale":"en_US","og_type":"article","og_title":"LA SYMPHONIE DES HARMONIES CELESTES - Les Jardins de Sainte-Hildegarde","og_description":"LA SYMPHONIE DES HARMONIES C\u00c9LESTES 273 pages, format : L12xH19 cm \u00c9dition Millon Les \u00e9crits de Sainte Hildegarde. Traduit du latin par Rebecca Lenoir et Christophe Carraud. Pr\u00e9sent\u00e9 et annot\u00e9 par Rebecca Lenoir. 4\u00e8me de couverture : La symphonia vaut pour toute la musique : le titre fait r\u00e9f\u00e9rence aux chants c\u00e9lestes que la sainte [&hellip;]","og_url":"https:\/\/www.lesjardinsdesaintehildegarde.com\/en\/books-and-music\/books\/writings-of-saint-hildegard-of-bingen\/la-symphonie-des-harmonies-celestes\/","og_site_name":"Les Jardins de Sainte-Hildegarde","article_modified_time":"2026-04-03T07:36:03+00:00","og_image":[{"width":1200,"height":1200,"url":"https:\/\/www.lesjardinsdesaintehildegarde.com\/wp-content\/uploads\/2023\/10\/l0017-la-symphonie-des-harmonies-celestes.jpg","type":"image\/jpeg"}],"twitter_card":"summary_large_image","twitter_misc":{"Est. reading time":"2 minutes"},"schema":{"@context":"https:\/\/schema.org","@graph":[{"@type":"WebPage","@id":"https:\/\/www.lesjardinsdesaintehildegarde.com\/en\/books-and-music\/books\/writings-of-saint-hildegard-of-bingen\/la-symphonie-des-harmonies-celestes\/","url":"https:\/\/www.lesjardinsdesaintehildegarde.com\/en\/books-and-music\/books\/writings-of-saint-hildegard-of-bingen\/la-symphonie-des-harmonies-celestes\/","name":"LA SYMPHONIE DES HARMONIES CELESTES - Les Jardins de Sainte-Hildegarde","isPartOf":{"@id":"https:\/\/www.lesjardinsdesaintehildegarde.com\/en\/#website"},"primaryImageOfPage":{"@id":"https:\/\/www.lesjardinsdesaintehildegarde.com\/en\/books-and-music\/books\/writings-of-saint-hildegard-of-bingen\/la-symphonie-des-harmonies-celestes\/#primaryimage"},"image":{"@id":"https:\/\/www.lesjardinsdesaintehildegarde.com\/en\/books-and-music\/books\/writings-of-saint-hildegard-of-bingen\/la-symphonie-des-harmonies-celestes\/#primaryimage"},"thumbnailUrl":"https:\/\/www.lesjardinsdesaintehildegarde.com\/wp-content\/uploads\/2023\/10\/l0017-la-symphonie-des-harmonies-celestes.jpg","datePublished":"2022-11-04T08:08:45+00:00","dateModified":"2026-04-03T07:36:03+00:00","breadcrumb":{"@id":"https:\/\/www.lesjardinsdesaintehildegarde.com\/en\/books-and-music\/books\/writings-of-saint-hildegard-of-bingen\/la-symphonie-des-harmonies-celestes\/#breadcrumb"},"inLanguage":"en-US","potentialAction":[{"@type":"ReadAction","target":["https:\/\/www.lesjardinsdesaintehildegarde.com\/en\/books-and-music\/books\/writings-of-saint-hildegard-of-bingen\/la-symphonie-des-harmonies-celestes\/"]}]},{"@type":"ImageObject","inLanguage":"en-US","@id":"https:\/\/www.lesjardinsdesaintehildegarde.com\/en\/books-and-music\/books\/writings-of-saint-hildegard-of-bingen\/la-symphonie-des-harmonies-celestes\/#primaryimage","url":"https:\/\/www.lesjardinsdesaintehildegarde.com\/wp-content\/uploads\/2023\/10\/l0017-la-symphonie-des-harmonies-celestes.jpg","contentUrl":"https:\/\/www.lesjardinsdesaintehildegarde.com\/wp-content\/uploads\/2023\/10\/l0017-la-symphonie-des-harmonies-celestes.jpg","width":1200,"height":1200,"caption":"LA SYMPHONIE DES HARMONIES C\u00c9LESTES 273 pages, format : L12xH19 cm \u00c9dition Millon"},{"@type":"BreadcrumbList","@id":"https:\/\/www.lesjardinsdesaintehildegarde.com\/en\/books-and-music\/books\/writings-of-saint-hildegard-of-bingen\/la-symphonie-des-harmonies-celestes\/#breadcrumb","itemListElement":[{"@type":"ListItem","position":1,"name":"Home","item":"https:\/\/www.lesjardinsdesaintehildegarde.com\/en\/"},{"@type":"ListItem","position":2,"name":"Products","item":"https:\/\/www.lesjardinsdesaintehildegarde.com\/en\/shop\/"},{"@type":"ListItem","position":3,"name":"LA SYMPHONIE DES HARMONIES CELESTES"}]},{"@type":"WebSite","@id":"https:\/\/www.lesjardinsdesaintehildegarde.com\/en\/#website","url":"https:\/\/www.lesjardinsdesaintehildegarde.com\/en\/","name":"Les Jardins de Sainte-Hildegarde","description":"Viriditas","publisher":{"@id":"https:\/\/www.lesjardinsdesaintehildegarde.com\/en\/#organization"},"potentialAction":[{"@type":"SearchAction","target":{"@type":"EntryPoint","urlTemplate":"https:\/\/www.lesjardinsdesaintehildegarde.com\/en\/?s={search_term_string}"},"query-input":{"@type":"PropertyValueSpecification","valueRequired":true,"valueName":"search_term_string"}}],"inLanguage":"en-US"},{"@type":"Organization","@id":"https:\/\/www.lesjardinsdesaintehildegarde.com\/en\/#organization","name":"Les Jardins de Sainte-Hildegarde","url":"https:\/\/www.lesjardinsdesaintehildegarde.com\/en\/","logo":{"@type":"ImageObject","inLanguage":"en-US","@id":"https:\/\/www.lesjardinsdesaintehildegarde.com\/en\/#\/schema\/logo\/image\/","url":"https:\/\/www.lesjardinsdesaintehildegarde.com\/wp-content\/uploads\/2022\/11\/logo-2022.png","contentUrl":"https:\/\/www.lesjardinsdesaintehildegarde.com\/wp-content\/uploads\/2022\/11\/logo-2022.png","width":365,"height":90,"caption":"Les Jardins de Sainte-Hildegarde"},"image":{"@id":"https:\/\/www.lesjardinsdesaintehildegarde.com\/en\/#\/schema\/logo\/image\/"}}]}},"_links":{"self":[{"href":"https:\/\/www.lesjardinsdesaintehildegarde.com\/en\/wp-json\/wp\/v2\/product\/1575","targetHints":{"allow":["GET"]}}],"collection":[{"href":"https:\/\/www.lesjardinsdesaintehildegarde.com\/en\/wp-json\/wp\/v2\/product"}],"about":[{"href":"https:\/\/www.lesjardinsdesaintehildegarde.com\/en\/wp-json\/wp\/v2\/types\/product"}],"replies":[{"embeddable":true,"href":"https:\/\/www.lesjardinsdesaintehildegarde.com\/en\/wp-json\/wp\/v2\/comments?post=1575"}],"wp:featuredmedia":[{"embeddable":true,"href":"https:\/\/www.lesjardinsdesaintehildegarde.com\/en\/wp-json\/wp\/v2\/media\/75034"}],"wp:attachment":[{"href":"https:\/\/www.lesjardinsdesaintehildegarde.com\/en\/wp-json\/wp\/v2\/media?parent=1575"}],"wp:term":[{"taxonomy":"product_brand","embeddable":true,"href":"https:\/\/www.lesjardinsdesaintehildegarde.com\/en\/wp-json\/wp\/v2\/product_brand?post=1575"},{"taxonomy":"product_cat","embeddable":true,"href":"https:\/\/www.lesjardinsdesaintehildegarde.com\/en\/wp-json\/wp\/v2\/product_cat?post=1575"},{"taxonomy":"product_tag","embeddable":true,"href":"https:\/\/www.lesjardinsdesaintehildegarde.com\/en\/wp-json\/wp\/v2\/product_tag?post=1575"}],"curies":[{"name":"wp","href":"https:\/\/api.w.org\/{rel}","templated":true}]}}