{"id":1576,"date":"2022-11-04T09:08:45","date_gmt":"2022-11-04T08:08:45","guid":{"rendered":"https:\/\/www.lesjardinsdesaintehildegarde.com\/non%20class\u00e9\/le-livre-des-oeuvres-divines-hdb\/"},"modified":"2026-03-10T08:18:02","modified_gmt":"2026-03-10T07:18:02","slug":"le-livre-des-oeuvres-divines-hdb","status":"publish","type":"product","link":"https:\/\/www.lesjardinsdesaintehildegarde.com\/en\/books-and-music\/books\/writings-of-saint-hildegard-of-bingen\/le-livre-des-oeuvres-divines-hdb\/","title":{"rendered":"LE LIVRE DES OEUVRES DIVINES HDB"},"content":{"rendered":"<p><\/p>\n<p><strong>LE LIVRE DES OEUVRES DIVINES<\/strong><\/p>\n<p><\/p>\n<p>376 pages, format : L11xH18 cm<\/p>\n<p><\/p>\n<p>\u00c9dition Albin Michel<\/p>\n<p><\/p>\n<p><strong>Les \u00e9crits de Sainte<br \/>\nHildegarde.<\/strong><\/p>\n<p><\/p>\n<p><strong>4\u00e8me de couverture : <\/strong><\/p>\n<p><\/p>\n<p>N\u00e9e au c\u0153ur de la tourmente des Croisades, Hildegarde de Bingen fut<br \/>\nd\u00e8s son plus jeune \u00e2ge, et jusque dans sa vieillesse, gratifi\u00e9e de<br \/>\nvisions mystiques extraordinaires.<\/p>\n<p><\/p>\n<p>Ses cosmologies divines, \u00e0 l&#8217;imagerie puissante, sont de plus ancr\u00e9es<br \/>\ndans une th\u00e9ologie rigoureuse qui l&#8217;ont impos\u00e9e, de son vivant m\u00eame,<br \/>\ncomme un mod\u00e8le de saintet\u00e9 et comme une autorit\u00e9 en mati\u00e8re de foi.<\/p>\n<p><\/p>\n<p>Consult\u00e9e aussi bien par les papes que par les empereurs (Fr\u00e9d\u00e9ric<br \/>\nBarberousse), communiquant avec Bernard de Clairvaux, mais aussi<br \/>\n&#8220;patronne&#8221; des m\u00e9decines douces, elle incarna ce XII\u00e8me si\u00e8cle grandiose<br \/>\net tourment\u00e9, p\u00e9tri de mystique et de politique, et vivant dans<br \/>\nl&#8217;imminence du Royaume de Dieu.<\/p>\n<p><\/p>\n<p><em>Le Livre des oeuvres divines, son ultime recueil de vision,<br \/>\nsublime son si\u00e9cle, finalement si proche du n\u00f4tre.<\/em><\/p>\n","protected":false},"excerpt":{"rendered":"<p>LE LIVRE DES OEUVRES DIVINES 376 pages, format : L11xH18 cm \u00c9dition Albin Michel Les \u00e9crits de Sainte Hildegarde. 4\u00e8me de couverture : N\u00e9e au c\u0153ur de la tourmente des Croisades, Hildegarde de Bingen fut d\u00e8s son plus jeune \u00e2ge, et jusque dans sa vieillesse, gratifi\u00e9e de visions mystiques extraordinaires. Ses cosmologies divines, \u00e0 l&#8217;imagerie [&hellip;]<\/p>\n","protected":false},"featured_media":75019,"comment_status":"open","ping_status":"closed","template":"","meta":{"_acf_changed":false,"_relevanssi_hide_post":"","_relevanssi_hide_content":"","_relevanssi_pin_for_all":"","_relevanssi_pin_keywords":"","_relevanssi_unpin_keywords":"","_relevanssi_related_keywords":"","_relevanssi_related_include_ids":"","_relevanssi_related_exclude_ids":"","_relevanssi_related_no_append":"","_relevanssi_related_not_related":"","_relevanssi_related_posts":"","_relevanssi_noindex_reason":""},"product_brand":[],"product_cat":[112,108,33],"product_tag":[],"class_list":{"0":"post-1576","1":"product","2":"type-product","3":"status-publish","4":"has-post-thumbnail","6":"product_cat-ecrits-de-sainte-hildegarde","7":"product_cat-livres","8":"product_cat-livres-et-loisirs","10":"first","11":"instock","12":"taxable","13":"shipping-taxable","14":"purchasable","15":"product-type-simple"},"acf":[],"yoast_head":"<!-- This site is optimized with the Yoast SEO plugin v27.2 - https:\/\/yoast.com\/product\/yoast-seo-wordpress\/ -->\n<title>LE LIVRE DES OEUVRES DIVINES HDB - Les Jardins de Sainte-Hildegarde<\/title>\n<meta name=\"robots\" content=\"index, follow, max-snippet:-1, max-image-preview:large, max-video-preview:-1\" \/>\n<link rel=\"canonical\" href=\"https:\/\/www.lesjardinsdesaintehildegarde.com\/en\/books-and-music\/books\/writings-of-saint-hildegard-of-bingen\/le-livre-des-oeuvres-divines-hdb\/\" \/>\n<meta property=\"og:locale\" content=\"en_US\" \/>\n<meta property=\"og:type\" content=\"article\" \/>\n<meta property=\"og:title\" content=\"LE LIVRE DES OEUVRES DIVINES HDB - Les Jardins de Sainte-Hildegarde\" \/>\n<meta property=\"og:description\" content=\"LE LIVRE DES OEUVRES DIVINES 376 pages, format : L11xH18 cm \u00c9dition Albin Michel Les \u00e9crits de Sainte Hildegarde. 4\u00e8me de couverture : N\u00e9e au c\u0153ur de la tourmente des Croisades, Hildegarde de Bingen fut d\u00e8s son plus jeune \u00e2ge, et jusque dans sa vieillesse, gratifi\u00e9e de visions mystiques extraordinaires. Ses cosmologies divines, \u00e0 l&#8217;imagerie [&hellip;]\" \/>\n<meta property=\"og:url\" content=\"https:\/\/www.lesjardinsdesaintehildegarde.com\/en\/books-and-music\/books\/writings-of-saint-hildegard-of-bingen\/le-livre-des-oeuvres-divines-hdb\/\" \/>\n<meta property=\"og:site_name\" content=\"Les Jardins de Sainte-Hildegarde\" \/>\n<meta property=\"article:modified_time\" content=\"2026-03-10T07:18:02+00:00\" \/>\n<meta property=\"og:image\" content=\"https:\/\/www.lesjardinsdesaintehildegarde.com\/wp-content\/uploads\/2023\/10\/l0018-le-livre-des-oeuvres-divines.jpg\" \/>\n\t<meta property=\"og:image:width\" content=\"1200\" \/>\n\t<meta property=\"og:image:height\" content=\"1200\" \/>\n\t<meta property=\"og:image:type\" content=\"image\/jpeg\" \/>\n<meta name=\"twitter:card\" content=\"summary_large_image\" \/>\n<meta name=\"twitter:label1\" content=\"Est. reading time\" \/>\n\t<meta name=\"twitter:data1\" content=\"1 minute\" \/>\n<script type=\"application\/ld+json\" class=\"yoast-schema-graph\">{\"@context\":\"https:\/\/schema.org\",\"@graph\":[{\"@type\":\"WebPage\",\"@id\":\"https:\/\/www.lesjardinsdesaintehildegarde.com\/en\/books-and-music\/books\/writings-of-saint-hildegard-of-bingen\/le-livre-des-oeuvres-divines-hdb\/\",\"url\":\"https:\/\/www.lesjardinsdesaintehildegarde.com\/en\/books-and-music\/books\/writings-of-saint-hildegard-of-bingen\/le-livre-des-oeuvres-divines-hdb\/\",\"name\":\"LE LIVRE DES OEUVRES DIVINES HDB - Les Jardins de Sainte-Hildegarde\",\"isPartOf\":{\"@id\":\"https:\/\/www.lesjardinsdesaintehildegarde.com\/en\/#website\"},\"primaryImageOfPage\":{\"@id\":\"https:\/\/www.lesjardinsdesaintehildegarde.com\/en\/books-and-music\/books\/writings-of-saint-hildegard-of-bingen\/le-livre-des-oeuvres-divines-hdb\/#primaryimage\"},\"image\":{\"@id\":\"https:\/\/www.lesjardinsdesaintehildegarde.com\/en\/books-and-music\/books\/writings-of-saint-hildegard-of-bingen\/le-livre-des-oeuvres-divines-hdb\/#primaryimage\"},\"thumbnailUrl\":\"https:\/\/www.lesjardinsdesaintehildegarde.com\/wp-content\/uploads\/2023\/10\/l0018-le-livre-des-oeuvres-divines.jpg\",\"datePublished\":\"2022-11-04T08:08:45+00:00\",\"dateModified\":\"2026-03-10T07:18:02+00:00\",\"breadcrumb\":{\"@id\":\"https:\/\/www.lesjardinsdesaintehildegarde.com\/en\/books-and-music\/books\/writings-of-saint-hildegard-of-bingen\/le-livre-des-oeuvres-divines-hdb\/#breadcrumb\"},\"inLanguage\":\"en-US\",\"potentialAction\":[{\"@type\":\"ReadAction\",\"target\":[\"https:\/\/www.lesjardinsdesaintehildegarde.com\/en\/books-and-music\/books\/writings-of-saint-hildegard-of-bingen\/le-livre-des-oeuvres-divines-hdb\/\"]}]},{\"@type\":\"ImageObject\",\"inLanguage\":\"en-US\",\"@id\":\"https:\/\/www.lesjardinsdesaintehildegarde.com\/en\/books-and-music\/books\/writings-of-saint-hildegard-of-bingen\/le-livre-des-oeuvres-divines-hdb\/#primaryimage\",\"url\":\"https:\/\/www.lesjardinsdesaintehildegarde.com\/wp-content\/uploads\/2023\/10\/l0018-le-livre-des-oeuvres-divines.jpg\",\"contentUrl\":\"https:\/\/www.lesjardinsdesaintehildegarde.com\/wp-content\/uploads\/2023\/10\/l0018-le-livre-des-oeuvres-divines.jpg\",\"width\":1200,\"height\":1200,\"caption\":\"LE LIVRE DES OEUVRES DIVINES 376 pages, format : L11xH18 cm \u00c9dition Albin Michel\"},{\"@type\":\"BreadcrumbList\",\"@id\":\"https:\/\/www.lesjardinsdesaintehildegarde.com\/en\/books-and-music\/books\/writings-of-saint-hildegard-of-bingen\/le-livre-des-oeuvres-divines-hdb\/#breadcrumb\",\"itemListElement\":[{\"@type\":\"ListItem\",\"position\":1,\"name\":\"Home\",\"item\":\"https:\/\/www.lesjardinsdesaintehildegarde.com\/en\/\"},{\"@type\":\"ListItem\",\"position\":2,\"name\":\"Products\",\"item\":\"https:\/\/www.lesjardinsdesaintehildegarde.com\/en\/shop\/\"},{\"@type\":\"ListItem\",\"position\":3,\"name\":\"LE LIVRE DES OEUVRES DIVINES HDB\"}]},{\"@type\":\"WebSite\",\"@id\":\"https:\/\/www.lesjardinsdesaintehildegarde.com\/en\/#website\",\"url\":\"https:\/\/www.lesjardinsdesaintehildegarde.com\/en\/\",\"name\":\"Les Jardins de Sainte-Hildegarde\",\"description\":\"Viriditas\",\"publisher\":{\"@id\":\"https:\/\/www.lesjardinsdesaintehildegarde.com\/en\/#organization\"},\"potentialAction\":[{\"@type\":\"SearchAction\",\"target\":{\"@type\":\"EntryPoint\",\"urlTemplate\":\"https:\/\/www.lesjardinsdesaintehildegarde.com\/en\/?s={search_term_string}\"},\"query-input\":{\"@type\":\"PropertyValueSpecification\",\"valueRequired\":true,\"valueName\":\"search_term_string\"}}],\"inLanguage\":\"en-US\"},{\"@type\":\"Organization\",\"@id\":\"https:\/\/www.lesjardinsdesaintehildegarde.com\/en\/#organization\",\"name\":\"Les Jardins de Sainte-Hildegarde\",\"url\":\"https:\/\/www.lesjardinsdesaintehildegarde.com\/en\/\",\"logo\":{\"@type\":\"ImageObject\",\"inLanguage\":\"en-US\",\"@id\":\"https:\/\/www.lesjardinsdesaintehildegarde.com\/en\/#\/schema\/logo\/image\/\",\"url\":\"https:\/\/www.lesjardinsdesaintehildegarde.com\/wp-content\/uploads\/2022\/11\/logo-2022.png\",\"contentUrl\":\"https:\/\/www.lesjardinsdesaintehildegarde.com\/wp-content\/uploads\/2022\/11\/logo-2022.png\",\"width\":365,\"height\":90,\"caption\":\"Les Jardins de Sainte-Hildegarde\"},\"image\":{\"@id\":\"https:\/\/www.lesjardinsdesaintehildegarde.com\/en\/#\/schema\/logo\/image\/\"}}]}<\/script>\n<!-- \/ Yoast SEO plugin. -->","yoast_head_json":{"title":"LE LIVRE DES OEUVRES DIVINES HDB - Les Jardins de Sainte-Hildegarde","robots":{"index":"index","follow":"follow","max-snippet":"max-snippet:-1","max-image-preview":"max-image-preview:large","max-video-preview":"max-video-preview:-1"},"canonical":"https:\/\/www.lesjardinsdesaintehildegarde.com\/en\/books-and-music\/books\/writings-of-saint-hildegard-of-bingen\/le-livre-des-oeuvres-divines-hdb\/","og_locale":"en_US","og_type":"article","og_title":"LE LIVRE DES OEUVRES DIVINES HDB - Les Jardins de Sainte-Hildegarde","og_description":"LE LIVRE DES OEUVRES DIVINES 376 pages, format : L11xH18 cm \u00c9dition Albin Michel Les \u00e9crits de Sainte Hildegarde. 4\u00e8me de couverture : N\u00e9e au c\u0153ur de la tourmente des Croisades, Hildegarde de Bingen fut d\u00e8s son plus jeune \u00e2ge, et jusque dans sa vieillesse, gratifi\u00e9e de visions mystiques extraordinaires. Ses cosmologies divines, \u00e0 l&#8217;imagerie [&hellip;]","og_url":"https:\/\/www.lesjardinsdesaintehildegarde.com\/en\/books-and-music\/books\/writings-of-saint-hildegard-of-bingen\/le-livre-des-oeuvres-divines-hdb\/","og_site_name":"Les Jardins de Sainte-Hildegarde","article_modified_time":"2026-03-10T07:18:02+00:00","og_image":[{"width":1200,"height":1200,"url":"https:\/\/www.lesjardinsdesaintehildegarde.com\/wp-content\/uploads\/2023\/10\/l0018-le-livre-des-oeuvres-divines.jpg","type":"image\/jpeg"}],"twitter_card":"summary_large_image","twitter_misc":{"Est. reading time":"1 minute"},"schema":{"@context":"https:\/\/schema.org","@graph":[{"@type":"WebPage","@id":"https:\/\/www.lesjardinsdesaintehildegarde.com\/en\/books-and-music\/books\/writings-of-saint-hildegard-of-bingen\/le-livre-des-oeuvres-divines-hdb\/","url":"https:\/\/www.lesjardinsdesaintehildegarde.com\/en\/books-and-music\/books\/writings-of-saint-hildegard-of-bingen\/le-livre-des-oeuvres-divines-hdb\/","name":"LE LIVRE DES OEUVRES DIVINES HDB - Les Jardins de Sainte-Hildegarde","isPartOf":{"@id":"https:\/\/www.lesjardinsdesaintehildegarde.com\/en\/#website"},"primaryImageOfPage":{"@id":"https:\/\/www.lesjardinsdesaintehildegarde.com\/en\/books-and-music\/books\/writings-of-saint-hildegard-of-bingen\/le-livre-des-oeuvres-divines-hdb\/#primaryimage"},"image":{"@id":"https:\/\/www.lesjardinsdesaintehildegarde.com\/en\/books-and-music\/books\/writings-of-saint-hildegard-of-bingen\/le-livre-des-oeuvres-divines-hdb\/#primaryimage"},"thumbnailUrl":"https:\/\/www.lesjardinsdesaintehildegarde.com\/wp-content\/uploads\/2023\/10\/l0018-le-livre-des-oeuvres-divines.jpg","datePublished":"2022-11-04T08:08:45+00:00","dateModified":"2026-03-10T07:18:02+00:00","breadcrumb":{"@id":"https:\/\/www.lesjardinsdesaintehildegarde.com\/en\/books-and-music\/books\/writings-of-saint-hildegard-of-bingen\/le-livre-des-oeuvres-divines-hdb\/#breadcrumb"},"inLanguage":"en-US","potentialAction":[{"@type":"ReadAction","target":["https:\/\/www.lesjardinsdesaintehildegarde.com\/en\/books-and-music\/books\/writings-of-saint-hildegard-of-bingen\/le-livre-des-oeuvres-divines-hdb\/"]}]},{"@type":"ImageObject","inLanguage":"en-US","@id":"https:\/\/www.lesjardinsdesaintehildegarde.com\/en\/books-and-music\/books\/writings-of-saint-hildegard-of-bingen\/le-livre-des-oeuvres-divines-hdb\/#primaryimage","url":"https:\/\/www.lesjardinsdesaintehildegarde.com\/wp-content\/uploads\/2023\/10\/l0018-le-livre-des-oeuvres-divines.jpg","contentUrl":"https:\/\/www.lesjardinsdesaintehildegarde.com\/wp-content\/uploads\/2023\/10\/l0018-le-livre-des-oeuvres-divines.jpg","width":1200,"height":1200,"caption":"LE LIVRE DES OEUVRES DIVINES 376 pages, format : L11xH18 cm \u00c9dition Albin Michel"},{"@type":"BreadcrumbList","@id":"https:\/\/www.lesjardinsdesaintehildegarde.com\/en\/books-and-music\/books\/writings-of-saint-hildegard-of-bingen\/le-livre-des-oeuvres-divines-hdb\/#breadcrumb","itemListElement":[{"@type":"ListItem","position":1,"name":"Home","item":"https:\/\/www.lesjardinsdesaintehildegarde.com\/en\/"},{"@type":"ListItem","position":2,"name":"Products","item":"https:\/\/www.lesjardinsdesaintehildegarde.com\/en\/shop\/"},{"@type":"ListItem","position":3,"name":"LE LIVRE DES OEUVRES DIVINES HDB"}]},{"@type":"WebSite","@id":"https:\/\/www.lesjardinsdesaintehildegarde.com\/en\/#website","url":"https:\/\/www.lesjardinsdesaintehildegarde.com\/en\/","name":"Les Jardins de Sainte-Hildegarde","description":"Viriditas","publisher":{"@id":"https:\/\/www.lesjardinsdesaintehildegarde.com\/en\/#organization"},"potentialAction":[{"@type":"SearchAction","target":{"@type":"EntryPoint","urlTemplate":"https:\/\/www.lesjardinsdesaintehildegarde.com\/en\/?s={search_term_string}"},"query-input":{"@type":"PropertyValueSpecification","valueRequired":true,"valueName":"search_term_string"}}],"inLanguage":"en-US"},{"@type":"Organization","@id":"https:\/\/www.lesjardinsdesaintehildegarde.com\/en\/#organization","name":"Les Jardins de Sainte-Hildegarde","url":"https:\/\/www.lesjardinsdesaintehildegarde.com\/en\/","logo":{"@type":"ImageObject","inLanguage":"en-US","@id":"https:\/\/www.lesjardinsdesaintehildegarde.com\/en\/#\/schema\/logo\/image\/","url":"https:\/\/www.lesjardinsdesaintehildegarde.com\/wp-content\/uploads\/2022\/11\/logo-2022.png","contentUrl":"https:\/\/www.lesjardinsdesaintehildegarde.com\/wp-content\/uploads\/2022\/11\/logo-2022.png","width":365,"height":90,"caption":"Les Jardins de Sainte-Hildegarde"},"image":{"@id":"https:\/\/www.lesjardinsdesaintehildegarde.com\/en\/#\/schema\/logo\/image\/"}}]}},"_links":{"self":[{"href":"https:\/\/www.lesjardinsdesaintehildegarde.com\/en\/wp-json\/wp\/v2\/product\/1576","targetHints":{"allow":["GET"]}}],"collection":[{"href":"https:\/\/www.lesjardinsdesaintehildegarde.com\/en\/wp-json\/wp\/v2\/product"}],"about":[{"href":"https:\/\/www.lesjardinsdesaintehildegarde.com\/en\/wp-json\/wp\/v2\/types\/product"}],"replies":[{"embeddable":true,"href":"https:\/\/www.lesjardinsdesaintehildegarde.com\/en\/wp-json\/wp\/v2\/comments?post=1576"}],"wp:featuredmedia":[{"embeddable":true,"href":"https:\/\/www.lesjardinsdesaintehildegarde.com\/en\/wp-json\/wp\/v2\/media\/75019"}],"wp:attachment":[{"href":"https:\/\/www.lesjardinsdesaintehildegarde.com\/en\/wp-json\/wp\/v2\/media?parent=1576"}],"wp:term":[{"taxonomy":"product_brand","embeddable":true,"href":"https:\/\/www.lesjardinsdesaintehildegarde.com\/en\/wp-json\/wp\/v2\/product_brand?post=1576"},{"taxonomy":"product_cat","embeddable":true,"href":"https:\/\/www.lesjardinsdesaintehildegarde.com\/en\/wp-json\/wp\/v2\/product_cat?post=1576"},{"taxonomy":"product_tag","embeddable":true,"href":"https:\/\/www.lesjardinsdesaintehildegarde.com\/en\/wp-json\/wp\/v2\/product_tag?post=1576"}],"curies":[{"name":"wp","href":"https:\/\/api.w.org\/{rel}","templated":true}]}}