{"id":1578,"date":"2022-11-04T09:08:46","date_gmt":"2022-11-04T08:08:46","guid":{"rendered":"https:\/\/www.lesjardinsdesaintehildegarde.com\/non%20class\u00e9\/la-petite-pharmacie-domestique-de-hdb\/"},"modified":"2026-04-14T15:09:03","modified_gmt":"2026-04-14T13:09:03","slug":"la-petite-pharmacie-domestique-de-hdb","status":"publish","type":"product","link":"https:\/\/www.lesjardinsdesaintehildegarde.com\/en\/books-and-music\/books\/practical-advice\/la-petite-pharmacie-domestique-de-hdb\/","title":{"rendered":"LA PETITE PHARMACIE DOMESTIQUE DE HDB"},"content":{"rendered":"<p><\/p>\n<p><strong>LA PETITE PHARMACIE DOMESTIQUE<\/strong><\/p>\n<p><\/p>\n<p>236 pages, format L12.5xH20 cm<\/p>\n<p><\/p>\n<p>Dr Gottfried Hertzka<\/p>\n<p><\/p>\n<p><strong>Les conseils de Sainte Hildegarde en<br \/>\npratique<\/strong><\/p>\n<p><\/p>\n<p><strong>4\u00e8me de couverture :<\/strong><\/p>\n<p><\/p>\n<p>Sainte Hildegarde de Bingen, l&#8217;une des femmes les plus int\u00e9ressantes<br \/>\ndu Moyen \u00c2ge, a re\u00e7u de Dieu, par voie surnaturelle (charisme des<br \/>\nvisionnaires), un aper\u00e7u des myst\u00e8res de la cr\u00e9ation et des forces<br \/>\ncuratives de la nature.<\/p>\n<p><\/p>\n<p>Le Docteur Gottfried Hertzka a red\u00e9couvert \u00e0 notre usage, la m\u00e9decine<br \/>\nde l&#8217;abbesse des b\u00e9n\u00e9dictines de Rupertsberg et l&#8217;a rendue accessible<br \/>\ntant au sp\u00e9cialiste qu&#8217;au public.<\/p>\n<p><\/p>\n<p>Sainte Hildegarde sait nous conseiller pour les maux d&#8217;estomac, les<br \/>\nrhumatismes, la faiblesse du coeur, les \u00e9ruptions cutan\u00e9es, la<br \/>\nnervosit\u00e9, la m\u00e9lancolie et bien d&#8217;autres mis\u00e8res&#8230;<\/p>\n<p><\/p>\n<p>Dieu nous a pr\u00e9par\u00e9 tant de rem\u00e8des dans la nature, pr\u00eats \u00e0 l&#8217;emploi<br \/>\n! Nous n&#8217;avons qu&#8217;\u00e0 nous servir !<\/p>\n<p><\/p>\n<p>Laissons Sainte Hildegarde nous ouvrir les yeux et nous guider dans<br \/>\nle jardin paradisiaque de la cr\u00e9ation divine.<\/p>\n","protected":false},"excerpt":{"rendered":"<p>LA PETITE PHARMACIE DOMESTIQUE 236 pages, format L12.5xH20 cm Dr Gottfried Hertzka Les conseils de Sainte Hildegarde en pratique 4\u00e8me de couverture : Sainte Hildegarde de Bingen, l&#8217;une des femmes les plus int\u00e9ressantes du Moyen \u00c2ge, a re\u00e7u de Dieu, par voie surnaturelle (charisme des visionnaires), un aper\u00e7u des myst\u00e8res de la cr\u00e9ation et des [&hellip;]<\/p>\n","protected":false},"featured_media":75055,"comment_status":"open","ping_status":"closed","template":"","meta":{"_acf_changed":false,"_relevanssi_hide_post":"","_relevanssi_hide_content":"","_relevanssi_pin_for_all":"","_relevanssi_pin_keywords":"","_relevanssi_unpin_keywords":"","_relevanssi_related_keywords":"","_relevanssi_related_include_ids":"","_relevanssi_related_exclude_ids":"","_relevanssi_related_no_append":"","_relevanssi_related_not_related":"","_relevanssi_related_posts":"","_relevanssi_noindex_reason":""},"product_brand":[],"product_cat":[111,108,33],"product_tag":[],"class_list":{"0":"post-1578","1":"product","2":"type-product","3":"status-publish","4":"has-post-thumbnail","6":"product_cat-conseils-pratiques","7":"product_cat-livres","8":"product_cat-livres-et-loisirs","10":"first","11":"instock","12":"taxable","13":"shipping-taxable","14":"purchasable","15":"product-type-simple"},"acf":[],"yoast_head":"<!-- This site is optimized with the Yoast SEO plugin v27.2 - https:\/\/yoast.com\/product\/yoast-seo-wordpress\/ -->\n<title>LA PETITE PHARMACIE DOMESTIQUE DE HDB - Les Jardins de Sainte-Hildegarde<\/title>\n<meta name=\"robots\" content=\"index, follow, max-snippet:-1, max-image-preview:large, max-video-preview:-1\" \/>\n<link rel=\"canonical\" href=\"https:\/\/www.lesjardinsdesaintehildegarde.com\/en\/books-and-music\/books\/practical-advice\/la-petite-pharmacie-domestique-de-hdb\/\" \/>\n<meta property=\"og:locale\" content=\"en_US\" \/>\n<meta property=\"og:type\" content=\"article\" \/>\n<meta property=\"og:title\" content=\"LA PETITE PHARMACIE DOMESTIQUE DE HDB - Les Jardins de Sainte-Hildegarde\" \/>\n<meta property=\"og:description\" content=\"LA PETITE PHARMACIE DOMESTIQUE 236 pages, format L12.5xH20 cm Dr Gottfried Hertzka Les conseils de Sainte Hildegarde en pratique 4\u00e8me de couverture : Sainte Hildegarde de Bingen, l&#8217;une des femmes les plus int\u00e9ressantes du Moyen \u00c2ge, a re\u00e7u de Dieu, par voie surnaturelle (charisme des visionnaires), un aper\u00e7u des myst\u00e8res de la cr\u00e9ation et des [&hellip;]\" \/>\n<meta property=\"og:url\" content=\"https:\/\/www.lesjardinsdesaintehildegarde.com\/en\/books-and-music\/books\/practical-advice\/la-petite-pharmacie-domestique-de-hdb\/\" \/>\n<meta property=\"og:site_name\" content=\"Les Jardins de Sainte-Hildegarde\" \/>\n<meta property=\"article:modified_time\" content=\"2026-04-14T13:09:03+00:00\" \/>\n<meta property=\"og:image\" content=\"https:\/\/www.lesjardinsdesaintehildegarde.com\/wp-content\/uploads\/2023\/10\/l0024-la-petite-pharmacie-domestique.jpg\" \/>\n\t<meta property=\"og:image:width\" content=\"1200\" \/>\n\t<meta property=\"og:image:height\" content=\"1200\" \/>\n\t<meta property=\"og:image:type\" content=\"image\/jpeg\" \/>\n<meta name=\"twitter:card\" content=\"summary_large_image\" \/>\n<meta name=\"twitter:label1\" content=\"Est. reading time\" \/>\n\t<meta name=\"twitter:data1\" content=\"1 minute\" \/>\n<script type=\"application\/ld+json\" class=\"yoast-schema-graph\">{\"@context\":\"https:\/\/schema.org\",\"@graph\":[{\"@type\":\"WebPage\",\"@id\":\"https:\/\/www.lesjardinsdesaintehildegarde.com\/en\/books-and-music\/books\/practical-advice\/la-petite-pharmacie-domestique-de-hdb\/\",\"url\":\"https:\/\/www.lesjardinsdesaintehildegarde.com\/en\/books-and-music\/books\/practical-advice\/la-petite-pharmacie-domestique-de-hdb\/\",\"name\":\"LA PETITE PHARMACIE DOMESTIQUE DE HDB - Les Jardins de Sainte-Hildegarde\",\"isPartOf\":{\"@id\":\"https:\/\/www.lesjardinsdesaintehildegarde.com\/en\/#website\"},\"primaryImageOfPage\":{\"@id\":\"https:\/\/www.lesjardinsdesaintehildegarde.com\/en\/books-and-music\/books\/practical-advice\/la-petite-pharmacie-domestique-de-hdb\/#primaryimage\"},\"image\":{\"@id\":\"https:\/\/www.lesjardinsdesaintehildegarde.com\/en\/books-and-music\/books\/practical-advice\/la-petite-pharmacie-domestique-de-hdb\/#primaryimage\"},\"thumbnailUrl\":\"https:\/\/www.lesjardinsdesaintehildegarde.com\/wp-content\/uploads\/2023\/10\/l0024-la-petite-pharmacie-domestique.jpg\",\"datePublished\":\"2022-11-04T08:08:46+00:00\",\"dateModified\":\"2026-04-14T13:09:03+00:00\",\"breadcrumb\":{\"@id\":\"https:\/\/www.lesjardinsdesaintehildegarde.com\/en\/books-and-music\/books\/practical-advice\/la-petite-pharmacie-domestique-de-hdb\/#breadcrumb\"},\"inLanguage\":\"en-US\",\"potentialAction\":[{\"@type\":\"ReadAction\",\"target\":[\"https:\/\/www.lesjardinsdesaintehildegarde.com\/en\/books-and-music\/books\/practical-advice\/la-petite-pharmacie-domestique-de-hdb\/\"]}]},{\"@type\":\"ImageObject\",\"inLanguage\":\"en-US\",\"@id\":\"https:\/\/www.lesjardinsdesaintehildegarde.com\/en\/books-and-music\/books\/practical-advice\/la-petite-pharmacie-domestique-de-hdb\/#primaryimage\",\"url\":\"https:\/\/www.lesjardinsdesaintehildegarde.com\/wp-content\/uploads\/2023\/10\/l0024-la-petite-pharmacie-domestique.jpg\",\"contentUrl\":\"https:\/\/www.lesjardinsdesaintehildegarde.com\/wp-content\/uploads\/2023\/10\/l0024-la-petite-pharmacie-domestique.jpg\",\"width\":1200,\"height\":1200,\"caption\":\"LA PETITE PHARMACIE DOMESTIQUE 236 pages, format L12.5xH20 cm - ISBN : 978-2-7029-0379-7 Dr Gottfried Hertzka\"},{\"@type\":\"BreadcrumbList\",\"@id\":\"https:\/\/www.lesjardinsdesaintehildegarde.com\/en\/books-and-music\/books\/practical-advice\/la-petite-pharmacie-domestique-de-hdb\/#breadcrumb\",\"itemListElement\":[{\"@type\":\"ListItem\",\"position\":1,\"name\":\"Home\",\"item\":\"https:\/\/www.lesjardinsdesaintehildegarde.com\/en\/\"},{\"@type\":\"ListItem\",\"position\":2,\"name\":\"Products\",\"item\":\"https:\/\/www.lesjardinsdesaintehildegarde.com\/en\/shop\/\"},{\"@type\":\"ListItem\",\"position\":3,\"name\":\"LA PETITE PHARMACIE DOMESTIQUE DE HDB\"}]},{\"@type\":\"WebSite\",\"@id\":\"https:\/\/www.lesjardinsdesaintehildegarde.com\/en\/#website\",\"url\":\"https:\/\/www.lesjardinsdesaintehildegarde.com\/en\/\",\"name\":\"Les Jardins de Sainte-Hildegarde\",\"description\":\"Viriditas\",\"publisher\":{\"@id\":\"https:\/\/www.lesjardinsdesaintehildegarde.com\/en\/#organization\"},\"potentialAction\":[{\"@type\":\"SearchAction\",\"target\":{\"@type\":\"EntryPoint\",\"urlTemplate\":\"https:\/\/www.lesjardinsdesaintehildegarde.com\/en\/?s={search_term_string}\"},\"query-input\":{\"@type\":\"PropertyValueSpecification\",\"valueRequired\":true,\"valueName\":\"search_term_string\"}}],\"inLanguage\":\"en-US\"},{\"@type\":\"Organization\",\"@id\":\"https:\/\/www.lesjardinsdesaintehildegarde.com\/en\/#organization\",\"name\":\"Les Jardins de Sainte-Hildegarde\",\"url\":\"https:\/\/www.lesjardinsdesaintehildegarde.com\/en\/\",\"logo\":{\"@type\":\"ImageObject\",\"inLanguage\":\"en-US\",\"@id\":\"https:\/\/www.lesjardinsdesaintehildegarde.com\/en\/#\/schema\/logo\/image\/\",\"url\":\"https:\/\/www.lesjardinsdesaintehildegarde.com\/wp-content\/uploads\/2022\/11\/logo-2022.png\",\"contentUrl\":\"https:\/\/www.lesjardinsdesaintehildegarde.com\/wp-content\/uploads\/2022\/11\/logo-2022.png\",\"width\":365,\"height\":90,\"caption\":\"Les Jardins de Sainte-Hildegarde\"},\"image\":{\"@id\":\"https:\/\/www.lesjardinsdesaintehildegarde.com\/en\/#\/schema\/logo\/image\/\"}}]}<\/script>\n<!-- \/ Yoast SEO plugin. -->","yoast_head_json":{"title":"LA PETITE PHARMACIE DOMESTIQUE DE HDB - Les Jardins de Sainte-Hildegarde","robots":{"index":"index","follow":"follow","max-snippet":"max-snippet:-1","max-image-preview":"max-image-preview:large","max-video-preview":"max-video-preview:-1"},"canonical":"https:\/\/www.lesjardinsdesaintehildegarde.com\/en\/books-and-music\/books\/practical-advice\/la-petite-pharmacie-domestique-de-hdb\/","og_locale":"en_US","og_type":"article","og_title":"LA PETITE PHARMACIE DOMESTIQUE DE HDB - Les Jardins de Sainte-Hildegarde","og_description":"LA PETITE PHARMACIE DOMESTIQUE 236 pages, format L12.5xH20 cm Dr Gottfried Hertzka Les conseils de Sainte Hildegarde en pratique 4\u00e8me de couverture : Sainte Hildegarde de Bingen, l&#8217;une des femmes les plus int\u00e9ressantes du Moyen \u00c2ge, a re\u00e7u de Dieu, par voie surnaturelle (charisme des visionnaires), un aper\u00e7u des myst\u00e8res de la cr\u00e9ation et des [&hellip;]","og_url":"https:\/\/www.lesjardinsdesaintehildegarde.com\/en\/books-and-music\/books\/practical-advice\/la-petite-pharmacie-domestique-de-hdb\/","og_site_name":"Les Jardins de Sainte-Hildegarde","article_modified_time":"2026-04-14T13:09:03+00:00","og_image":[{"width":1200,"height":1200,"url":"https:\/\/www.lesjardinsdesaintehildegarde.com\/wp-content\/uploads\/2023\/10\/l0024-la-petite-pharmacie-domestique.jpg","type":"image\/jpeg"}],"twitter_card":"summary_large_image","twitter_misc":{"Est. reading time":"1 minute"},"schema":{"@context":"https:\/\/schema.org","@graph":[{"@type":"WebPage","@id":"https:\/\/www.lesjardinsdesaintehildegarde.com\/en\/books-and-music\/books\/practical-advice\/la-petite-pharmacie-domestique-de-hdb\/","url":"https:\/\/www.lesjardinsdesaintehildegarde.com\/en\/books-and-music\/books\/practical-advice\/la-petite-pharmacie-domestique-de-hdb\/","name":"LA PETITE PHARMACIE DOMESTIQUE DE HDB - Les Jardins de Sainte-Hildegarde","isPartOf":{"@id":"https:\/\/www.lesjardinsdesaintehildegarde.com\/en\/#website"},"primaryImageOfPage":{"@id":"https:\/\/www.lesjardinsdesaintehildegarde.com\/en\/books-and-music\/books\/practical-advice\/la-petite-pharmacie-domestique-de-hdb\/#primaryimage"},"image":{"@id":"https:\/\/www.lesjardinsdesaintehildegarde.com\/en\/books-and-music\/books\/practical-advice\/la-petite-pharmacie-domestique-de-hdb\/#primaryimage"},"thumbnailUrl":"https:\/\/www.lesjardinsdesaintehildegarde.com\/wp-content\/uploads\/2023\/10\/l0024-la-petite-pharmacie-domestique.jpg","datePublished":"2022-11-04T08:08:46+00:00","dateModified":"2026-04-14T13:09:03+00:00","breadcrumb":{"@id":"https:\/\/www.lesjardinsdesaintehildegarde.com\/en\/books-and-music\/books\/practical-advice\/la-petite-pharmacie-domestique-de-hdb\/#breadcrumb"},"inLanguage":"en-US","potentialAction":[{"@type":"ReadAction","target":["https:\/\/www.lesjardinsdesaintehildegarde.com\/en\/books-and-music\/books\/practical-advice\/la-petite-pharmacie-domestique-de-hdb\/"]}]},{"@type":"ImageObject","inLanguage":"en-US","@id":"https:\/\/www.lesjardinsdesaintehildegarde.com\/en\/books-and-music\/books\/practical-advice\/la-petite-pharmacie-domestique-de-hdb\/#primaryimage","url":"https:\/\/www.lesjardinsdesaintehildegarde.com\/wp-content\/uploads\/2023\/10\/l0024-la-petite-pharmacie-domestique.jpg","contentUrl":"https:\/\/www.lesjardinsdesaintehildegarde.com\/wp-content\/uploads\/2023\/10\/l0024-la-petite-pharmacie-domestique.jpg","width":1200,"height":1200,"caption":"LA PETITE PHARMACIE DOMESTIQUE 236 pages, format L12.5xH20 cm - ISBN : 978-2-7029-0379-7 Dr Gottfried Hertzka"},{"@type":"BreadcrumbList","@id":"https:\/\/www.lesjardinsdesaintehildegarde.com\/en\/books-and-music\/books\/practical-advice\/la-petite-pharmacie-domestique-de-hdb\/#breadcrumb","itemListElement":[{"@type":"ListItem","position":1,"name":"Home","item":"https:\/\/www.lesjardinsdesaintehildegarde.com\/en\/"},{"@type":"ListItem","position":2,"name":"Products","item":"https:\/\/www.lesjardinsdesaintehildegarde.com\/en\/shop\/"},{"@type":"ListItem","position":3,"name":"LA PETITE PHARMACIE DOMESTIQUE DE HDB"}]},{"@type":"WebSite","@id":"https:\/\/www.lesjardinsdesaintehildegarde.com\/en\/#website","url":"https:\/\/www.lesjardinsdesaintehildegarde.com\/en\/","name":"Les Jardins de Sainte-Hildegarde","description":"Viriditas","publisher":{"@id":"https:\/\/www.lesjardinsdesaintehildegarde.com\/en\/#organization"},"potentialAction":[{"@type":"SearchAction","target":{"@type":"EntryPoint","urlTemplate":"https:\/\/www.lesjardinsdesaintehildegarde.com\/en\/?s={search_term_string}"},"query-input":{"@type":"PropertyValueSpecification","valueRequired":true,"valueName":"search_term_string"}}],"inLanguage":"en-US"},{"@type":"Organization","@id":"https:\/\/www.lesjardinsdesaintehildegarde.com\/en\/#organization","name":"Les Jardins de Sainte-Hildegarde","url":"https:\/\/www.lesjardinsdesaintehildegarde.com\/en\/","logo":{"@type":"ImageObject","inLanguage":"en-US","@id":"https:\/\/www.lesjardinsdesaintehildegarde.com\/en\/#\/schema\/logo\/image\/","url":"https:\/\/www.lesjardinsdesaintehildegarde.com\/wp-content\/uploads\/2022\/11\/logo-2022.png","contentUrl":"https:\/\/www.lesjardinsdesaintehildegarde.com\/wp-content\/uploads\/2022\/11\/logo-2022.png","width":365,"height":90,"caption":"Les Jardins de Sainte-Hildegarde"},"image":{"@id":"https:\/\/www.lesjardinsdesaintehildegarde.com\/en\/#\/schema\/logo\/image\/"}}]}},"_links":{"self":[{"href":"https:\/\/www.lesjardinsdesaintehildegarde.com\/en\/wp-json\/wp\/v2\/product\/1578","targetHints":{"allow":["GET"]}}],"collection":[{"href":"https:\/\/www.lesjardinsdesaintehildegarde.com\/en\/wp-json\/wp\/v2\/product"}],"about":[{"href":"https:\/\/www.lesjardinsdesaintehildegarde.com\/en\/wp-json\/wp\/v2\/types\/product"}],"replies":[{"embeddable":true,"href":"https:\/\/www.lesjardinsdesaintehildegarde.com\/en\/wp-json\/wp\/v2\/comments?post=1578"}],"wp:featuredmedia":[{"embeddable":true,"href":"https:\/\/www.lesjardinsdesaintehildegarde.com\/en\/wp-json\/wp\/v2\/media\/75055"}],"wp:attachment":[{"href":"https:\/\/www.lesjardinsdesaintehildegarde.com\/en\/wp-json\/wp\/v2\/media?parent=1578"}],"wp:term":[{"taxonomy":"product_brand","embeddable":true,"href":"https:\/\/www.lesjardinsdesaintehildegarde.com\/en\/wp-json\/wp\/v2\/product_brand?post=1578"},{"taxonomy":"product_cat","embeddable":true,"href":"https:\/\/www.lesjardinsdesaintehildegarde.com\/en\/wp-json\/wp\/v2\/product_cat?post=1578"},{"taxonomy":"product_tag","embeddable":true,"href":"https:\/\/www.lesjardinsdesaintehildegarde.com\/en\/wp-json\/wp\/v2\/product_tag?post=1578"}],"curies":[{"name":"wp","href":"https:\/\/api.w.org\/{rel}","templated":true}]}}