{"id":1579,"date":"2022-11-04T09:08:46","date_gmt":"2022-11-04T08:08:46","guid":{"rendered":"https:\/\/www.lesjardinsdesaintehildegarde.com\/non%20class\u00e9\/toute-la-science-medicale-de-ste-hdb\/"},"modified":"2026-04-03T20:02:05","modified_gmt":"2026-04-03T18:02:05","slug":"toute-la-science-medicale-de-ste-hdb","status":"publish","type":"product","link":"https:\/\/www.lesjardinsdesaintehildegarde.com\/en\/books-and-music\/books\/practical-advice\/toute-la-science-medicale-de-ste-hdb\/","title":{"rendered":"TOUTE LA SCIENCE MEDICALE DE STE HDB"},"content":{"rendered":"<p><\/p>\n<p><strong>TOUTE LA SCIENCE M\u00c9DICALE de STE HILDEGARDE<\/strong><\/p>\n<p><\/p>\n<p>297 pages, format L15xH21 cm<\/p>\n<p><\/p>\n<p>Dr Wighard Strehlow<\/p>\n<p><\/p>\n<p><strong>Les conseils de Sainte Hildegarde en<br \/>\npratique<\/strong><\/p>\n<p><\/p>\n<p>La di\u00e9t\u00e9tique<\/p>\n<p><\/p>\n<p>La th\u00e9orie de l&#8217;\u00e9quilibre<\/p>\n<p><\/p>\n<p>La di\u00e8te<\/p>\n<p><\/p>\n<p>La lithoth\u00e9rapie&#8230;<\/p>\n<p><\/p>\n<p><strong>4\u00e9me de couverture :<\/strong><\/p>\n<p><\/p>\n<p>Nos habitudes alimentaires et les aliments industriels sans aucune<br \/>\nvaleur nutritive et souvent trop riches en prot\u00e9ines animales, graisses,<br \/>\nsucres et sel, sont la source d&#8217;un grand nombre de maladies et probl\u00e8mes<br \/>\nde sant\u00e9 actuels. Pourtant, les aliments sont l&#8217;un des moyens qui nous<br \/>\nest offert pour conserver et retrouver la sant\u00e9. A cet \u00e9gard, la<br \/>\nth\u00e9rapie alimentaire d\u00e9velopp\u00e9e par Sainte Hildegarde de Bingen il y a<br \/>\nplus de 900 ans, \u00e0 base de fruits et l\u00e9gumes et de c\u00e9r\u00e9ales compl\u00e8tes<br \/>\ndont les vertus curatives ne sont plus \u00e0 d\u00e9montrer, appara\u00eet comme la<br \/>\nr\u00e9ponse appropri\u00e9e \u00e0 ces questions.<\/p>\n<p><\/p>\n<p>En exposant les bases de la m\u00e9decine d&#8217;Hildegarde ainsi que ses<br \/>\ndiff\u00e9rentes approches th\u00e9rapeutiques, comme la di\u00e9t\u00e9tique ou la th\u00e9orie<br \/>\nde l&#8217;\u00e9quilibre, le docteur Wighard Strehlow nous donne toutes les<br \/>\ninformations n\u00e9cessaires pour nous aider \u00e0 traiter efficacement nombre<br \/>\nde maladies, et tout particuli\u00e8rement les affections chroniques, si<br \/>\ndifficiles \u00e0 vaincre. Il nous livre \u00e9galement le secret de ses baumes et<br \/>\n\u00e9lixirs ainsi que tous les renseignements utiles sur ses rem\u00e8des et sur<br \/>\nl&#8217;usage correct des herbes m\u00e9dicinales.<\/p>\n<p><\/p>\n<p>Deux index des rem\u00e8des et des maladies font, de cet ouvrage pratique<br \/>\net de r\u00e9f\u00e9rence, un livre qui vous accompagnera au jour le jour.<\/p>\n<p><\/p>\n<p>Les conseils que l&#8217;on trouve dans cet ouvrage se r\u00e9f\u00e8rent \u00e0 ses neufs<br \/>\nlivres sur les vertus curatives des aliments, notamment <em>Physica<\/em><br \/>\net son trait\u00e9 de m\u00e9decine <em>Causae<\/em> et <em>Curae<\/em> sur<br \/>\nl&#8217;origine des maladies et la mani\u00e8re de les soigner.<\/p>\n","protected":false},"excerpt":{"rendered":"<p>TOUTE LA SCIENCE M\u00c9DICALE de STE HILDEGARDE 297 pages, format L15xH21 cm Dr Wighard Strehlow Les conseils de Sainte Hildegarde en pratique La di\u00e9t\u00e9tique La th\u00e9orie de l&#8217;\u00e9quilibre La di\u00e8te La lithoth\u00e9rapie&#8230; 4\u00e9me de couverture : Nos habitudes alimentaires et les aliments industriels sans aucune valeur nutritive et souvent trop riches en prot\u00e9ines animales, graisses, [&hellip;]<\/p>\n","protected":false},"featured_media":74968,"comment_status":"open","ping_status":"closed","template":"","meta":{"_acf_changed":false,"_relevanssi_hide_post":"","_relevanssi_hide_content":"","_relevanssi_pin_for_all":"","_relevanssi_pin_keywords":"","_relevanssi_unpin_keywords":"","_relevanssi_related_keywords":"","_relevanssi_related_include_ids":"","_relevanssi_related_exclude_ids":"","_relevanssi_related_no_append":"","_relevanssi_related_not_related":"","_relevanssi_related_posts":"","_relevanssi_noindex_reason":""},"product_brand":[],"product_cat":[111,108,33],"product_tag":[],"class_list":{"0":"post-1579","1":"product","2":"type-product","3":"status-publish","4":"has-post-thumbnail","6":"product_cat-conseils-pratiques","7":"product_cat-livres","8":"product_cat-livres-et-loisirs","10":"first","11":"instock","12":"taxable","13":"shipping-taxable","14":"purchasable","15":"product-type-simple"},"acf":[],"yoast_head":"<!-- This site is optimized with the Yoast SEO plugin v27.2 - https:\/\/yoast.com\/product\/yoast-seo-wordpress\/ -->\n<title>TOUTE LA SCIENCE MEDICALE DE STE HDB - Les Jardins de Sainte-Hildegarde<\/title>\n<meta name=\"robots\" content=\"index, follow, max-snippet:-1, max-image-preview:large, max-video-preview:-1\" \/>\n<link rel=\"canonical\" href=\"https:\/\/www.lesjardinsdesaintehildegarde.com\/en\/books-and-music\/books\/practical-advice\/toute-la-science-medicale-de-ste-hdb\/\" \/>\n<meta property=\"og:locale\" content=\"en_US\" \/>\n<meta property=\"og:type\" content=\"article\" \/>\n<meta property=\"og:title\" content=\"TOUTE LA SCIENCE MEDICALE DE STE HDB - Les Jardins de Sainte-Hildegarde\" \/>\n<meta property=\"og:description\" content=\"TOUTE LA SCIENCE M\u00c9DICALE de STE HILDEGARDE 297 pages, format L15xH21 cm Dr Wighard Strehlow Les conseils de Sainte Hildegarde en pratique La di\u00e9t\u00e9tique La th\u00e9orie de l&#8217;\u00e9quilibre La di\u00e8te La lithoth\u00e9rapie&#8230; 4\u00e9me de couverture : Nos habitudes alimentaires et les aliments industriels sans aucune valeur nutritive et souvent trop riches en prot\u00e9ines animales, graisses, [&hellip;]\" \/>\n<meta property=\"og:url\" content=\"https:\/\/www.lesjardinsdesaintehildegarde.com\/en\/books-and-music\/books\/practical-advice\/toute-la-science-medicale-de-ste-hdb\/\" \/>\n<meta property=\"og:site_name\" content=\"Les Jardins de Sainte-Hildegarde\" \/>\n<meta property=\"article:modified_time\" content=\"2026-04-03T18:02:05+00:00\" \/>\n<meta property=\"og:image\" content=\"https:\/\/www.lesjardinsdesaintehildegarde.com\/wp-content\/uploads\/2023\/10\/l0025-toute-la-science-medicale.jpg\" \/>\n\t<meta property=\"og:image:width\" content=\"1200\" \/>\n\t<meta property=\"og:image:height\" content=\"1200\" \/>\n\t<meta property=\"og:image:type\" content=\"image\/jpeg\" \/>\n<meta name=\"twitter:card\" content=\"summary_large_image\" \/>\n<meta name=\"twitter:label1\" content=\"Est. reading time\" \/>\n\t<meta name=\"twitter:data1\" content=\"2 minutes\" \/>\n<script type=\"application\/ld+json\" class=\"yoast-schema-graph\">{\"@context\":\"https:\/\/schema.org\",\"@graph\":[{\"@type\":\"WebPage\",\"@id\":\"https:\/\/www.lesjardinsdesaintehildegarde.com\/en\/books-and-music\/books\/practical-advice\/toute-la-science-medicale-de-ste-hdb\/\",\"url\":\"https:\/\/www.lesjardinsdesaintehildegarde.com\/en\/books-and-music\/books\/practical-advice\/toute-la-science-medicale-de-ste-hdb\/\",\"name\":\"TOUTE LA SCIENCE MEDICALE DE STE HDB - Les Jardins de Sainte-Hildegarde\",\"isPartOf\":{\"@id\":\"https:\/\/www.lesjardinsdesaintehildegarde.com\/en\/#website\"},\"primaryImageOfPage\":{\"@id\":\"https:\/\/www.lesjardinsdesaintehildegarde.com\/en\/books-and-music\/books\/practical-advice\/toute-la-science-medicale-de-ste-hdb\/#primaryimage\"},\"image\":{\"@id\":\"https:\/\/www.lesjardinsdesaintehildegarde.com\/en\/books-and-music\/books\/practical-advice\/toute-la-science-medicale-de-ste-hdb\/#primaryimage\"},\"thumbnailUrl\":\"https:\/\/www.lesjardinsdesaintehildegarde.com\/wp-content\/uploads\/2023\/10\/l0025-toute-la-science-medicale.jpg\",\"datePublished\":\"2022-11-04T08:08:46+00:00\",\"dateModified\":\"2026-04-03T18:02:05+00:00\",\"breadcrumb\":{\"@id\":\"https:\/\/www.lesjardinsdesaintehildegarde.com\/en\/books-and-music\/books\/practical-advice\/toute-la-science-medicale-de-ste-hdb\/#breadcrumb\"},\"inLanguage\":\"en-US\",\"potentialAction\":[{\"@type\":\"ReadAction\",\"target\":[\"https:\/\/www.lesjardinsdesaintehildegarde.com\/en\/books-and-music\/books\/practical-advice\/toute-la-science-medicale-de-ste-hdb\/\"]}]},{\"@type\":\"ImageObject\",\"inLanguage\":\"en-US\",\"@id\":\"https:\/\/www.lesjardinsdesaintehildegarde.com\/en\/books-and-music\/books\/practical-advice\/toute-la-science-medicale-de-ste-hdb\/#primaryimage\",\"url\":\"https:\/\/www.lesjardinsdesaintehildegarde.com\/wp-content\/uploads\/2023\/10\/l0025-toute-la-science-medicale.jpg\",\"contentUrl\":\"https:\/\/www.lesjardinsdesaintehildegarde.com\/wp-content\/uploads\/2023\/10\/l0025-toute-la-science-medicale.jpg\",\"width\":1200,\"height\":1200,\"caption\":\"TOUTE LA SCIENCE M\u00c9DICALE de STE HILDEGARDE 297 pages, format L15xH21 cm Dr Wighard Strehlow\"},{\"@type\":\"BreadcrumbList\",\"@id\":\"https:\/\/www.lesjardinsdesaintehildegarde.com\/en\/books-and-music\/books\/practical-advice\/toute-la-science-medicale-de-ste-hdb\/#breadcrumb\",\"itemListElement\":[{\"@type\":\"ListItem\",\"position\":1,\"name\":\"Home\",\"item\":\"https:\/\/www.lesjardinsdesaintehildegarde.com\/en\/\"},{\"@type\":\"ListItem\",\"position\":2,\"name\":\"Products\",\"item\":\"https:\/\/www.lesjardinsdesaintehildegarde.com\/en\/shop\/\"},{\"@type\":\"ListItem\",\"position\":3,\"name\":\"TOUTE LA SCIENCE MEDICALE DE STE HDB\"}]},{\"@type\":\"WebSite\",\"@id\":\"https:\/\/www.lesjardinsdesaintehildegarde.com\/en\/#website\",\"url\":\"https:\/\/www.lesjardinsdesaintehildegarde.com\/en\/\",\"name\":\"Les Jardins de Sainte-Hildegarde\",\"description\":\"Viriditas\",\"publisher\":{\"@id\":\"https:\/\/www.lesjardinsdesaintehildegarde.com\/en\/#organization\"},\"potentialAction\":[{\"@type\":\"SearchAction\",\"target\":{\"@type\":\"EntryPoint\",\"urlTemplate\":\"https:\/\/www.lesjardinsdesaintehildegarde.com\/en\/?s={search_term_string}\"},\"query-input\":{\"@type\":\"PropertyValueSpecification\",\"valueRequired\":true,\"valueName\":\"search_term_string\"}}],\"inLanguage\":\"en-US\"},{\"@type\":\"Organization\",\"@id\":\"https:\/\/www.lesjardinsdesaintehildegarde.com\/en\/#organization\",\"name\":\"Les Jardins de Sainte-Hildegarde\",\"url\":\"https:\/\/www.lesjardinsdesaintehildegarde.com\/en\/\",\"logo\":{\"@type\":\"ImageObject\",\"inLanguage\":\"en-US\",\"@id\":\"https:\/\/www.lesjardinsdesaintehildegarde.com\/en\/#\/schema\/logo\/image\/\",\"url\":\"https:\/\/www.lesjardinsdesaintehildegarde.com\/wp-content\/uploads\/2022\/11\/logo-2022.png\",\"contentUrl\":\"https:\/\/www.lesjardinsdesaintehildegarde.com\/wp-content\/uploads\/2022\/11\/logo-2022.png\",\"width\":365,\"height\":90,\"caption\":\"Les Jardins de Sainte-Hildegarde\"},\"image\":{\"@id\":\"https:\/\/www.lesjardinsdesaintehildegarde.com\/en\/#\/schema\/logo\/image\/\"}}]}<\/script>\n<!-- \/ Yoast SEO plugin. -->","yoast_head_json":{"title":"TOUTE LA SCIENCE MEDICALE DE STE HDB - Les Jardins de Sainte-Hildegarde","robots":{"index":"index","follow":"follow","max-snippet":"max-snippet:-1","max-image-preview":"max-image-preview:large","max-video-preview":"max-video-preview:-1"},"canonical":"https:\/\/www.lesjardinsdesaintehildegarde.com\/en\/books-and-music\/books\/practical-advice\/toute-la-science-medicale-de-ste-hdb\/","og_locale":"en_US","og_type":"article","og_title":"TOUTE LA SCIENCE MEDICALE DE STE HDB - Les Jardins de Sainte-Hildegarde","og_description":"TOUTE LA SCIENCE M\u00c9DICALE de STE HILDEGARDE 297 pages, format L15xH21 cm Dr Wighard Strehlow Les conseils de Sainte Hildegarde en pratique La di\u00e9t\u00e9tique La th\u00e9orie de l&#8217;\u00e9quilibre La di\u00e8te La lithoth\u00e9rapie&#8230; 4\u00e9me de couverture : Nos habitudes alimentaires et les aliments industriels sans aucune valeur nutritive et souvent trop riches en prot\u00e9ines animales, graisses, [&hellip;]","og_url":"https:\/\/www.lesjardinsdesaintehildegarde.com\/en\/books-and-music\/books\/practical-advice\/toute-la-science-medicale-de-ste-hdb\/","og_site_name":"Les Jardins de Sainte-Hildegarde","article_modified_time":"2026-04-03T18:02:05+00:00","og_image":[{"width":1200,"height":1200,"url":"https:\/\/www.lesjardinsdesaintehildegarde.com\/wp-content\/uploads\/2023\/10\/l0025-toute-la-science-medicale.jpg","type":"image\/jpeg"}],"twitter_card":"summary_large_image","twitter_misc":{"Est. reading time":"2 minutes"},"schema":{"@context":"https:\/\/schema.org","@graph":[{"@type":"WebPage","@id":"https:\/\/www.lesjardinsdesaintehildegarde.com\/en\/books-and-music\/books\/practical-advice\/toute-la-science-medicale-de-ste-hdb\/","url":"https:\/\/www.lesjardinsdesaintehildegarde.com\/en\/books-and-music\/books\/practical-advice\/toute-la-science-medicale-de-ste-hdb\/","name":"TOUTE LA SCIENCE MEDICALE DE STE HDB - Les Jardins de Sainte-Hildegarde","isPartOf":{"@id":"https:\/\/www.lesjardinsdesaintehildegarde.com\/en\/#website"},"primaryImageOfPage":{"@id":"https:\/\/www.lesjardinsdesaintehildegarde.com\/en\/books-and-music\/books\/practical-advice\/toute-la-science-medicale-de-ste-hdb\/#primaryimage"},"image":{"@id":"https:\/\/www.lesjardinsdesaintehildegarde.com\/en\/books-and-music\/books\/practical-advice\/toute-la-science-medicale-de-ste-hdb\/#primaryimage"},"thumbnailUrl":"https:\/\/www.lesjardinsdesaintehildegarde.com\/wp-content\/uploads\/2023\/10\/l0025-toute-la-science-medicale.jpg","datePublished":"2022-11-04T08:08:46+00:00","dateModified":"2026-04-03T18:02:05+00:00","breadcrumb":{"@id":"https:\/\/www.lesjardinsdesaintehildegarde.com\/en\/books-and-music\/books\/practical-advice\/toute-la-science-medicale-de-ste-hdb\/#breadcrumb"},"inLanguage":"en-US","potentialAction":[{"@type":"ReadAction","target":["https:\/\/www.lesjardinsdesaintehildegarde.com\/en\/books-and-music\/books\/practical-advice\/toute-la-science-medicale-de-ste-hdb\/"]}]},{"@type":"ImageObject","inLanguage":"en-US","@id":"https:\/\/www.lesjardinsdesaintehildegarde.com\/en\/books-and-music\/books\/practical-advice\/toute-la-science-medicale-de-ste-hdb\/#primaryimage","url":"https:\/\/www.lesjardinsdesaintehildegarde.com\/wp-content\/uploads\/2023\/10\/l0025-toute-la-science-medicale.jpg","contentUrl":"https:\/\/www.lesjardinsdesaintehildegarde.com\/wp-content\/uploads\/2023\/10\/l0025-toute-la-science-medicale.jpg","width":1200,"height":1200,"caption":"TOUTE LA SCIENCE M\u00c9DICALE de STE HILDEGARDE 297 pages, format L15xH21 cm Dr Wighard Strehlow"},{"@type":"BreadcrumbList","@id":"https:\/\/www.lesjardinsdesaintehildegarde.com\/en\/books-and-music\/books\/practical-advice\/toute-la-science-medicale-de-ste-hdb\/#breadcrumb","itemListElement":[{"@type":"ListItem","position":1,"name":"Home","item":"https:\/\/www.lesjardinsdesaintehildegarde.com\/en\/"},{"@type":"ListItem","position":2,"name":"Products","item":"https:\/\/www.lesjardinsdesaintehildegarde.com\/en\/shop\/"},{"@type":"ListItem","position":3,"name":"TOUTE LA SCIENCE MEDICALE DE STE HDB"}]},{"@type":"WebSite","@id":"https:\/\/www.lesjardinsdesaintehildegarde.com\/en\/#website","url":"https:\/\/www.lesjardinsdesaintehildegarde.com\/en\/","name":"Les Jardins de Sainte-Hildegarde","description":"Viriditas","publisher":{"@id":"https:\/\/www.lesjardinsdesaintehildegarde.com\/en\/#organization"},"potentialAction":[{"@type":"SearchAction","target":{"@type":"EntryPoint","urlTemplate":"https:\/\/www.lesjardinsdesaintehildegarde.com\/en\/?s={search_term_string}"},"query-input":{"@type":"PropertyValueSpecification","valueRequired":true,"valueName":"search_term_string"}}],"inLanguage":"en-US"},{"@type":"Organization","@id":"https:\/\/www.lesjardinsdesaintehildegarde.com\/en\/#organization","name":"Les Jardins de Sainte-Hildegarde","url":"https:\/\/www.lesjardinsdesaintehildegarde.com\/en\/","logo":{"@type":"ImageObject","inLanguage":"en-US","@id":"https:\/\/www.lesjardinsdesaintehildegarde.com\/en\/#\/schema\/logo\/image\/","url":"https:\/\/www.lesjardinsdesaintehildegarde.com\/wp-content\/uploads\/2022\/11\/logo-2022.png","contentUrl":"https:\/\/www.lesjardinsdesaintehildegarde.com\/wp-content\/uploads\/2022\/11\/logo-2022.png","width":365,"height":90,"caption":"Les Jardins de Sainte-Hildegarde"},"image":{"@id":"https:\/\/www.lesjardinsdesaintehildegarde.com\/en\/#\/schema\/logo\/image\/"}}]}},"_links":{"self":[{"href":"https:\/\/www.lesjardinsdesaintehildegarde.com\/en\/wp-json\/wp\/v2\/product\/1579","targetHints":{"allow":["GET"]}}],"collection":[{"href":"https:\/\/www.lesjardinsdesaintehildegarde.com\/en\/wp-json\/wp\/v2\/product"}],"about":[{"href":"https:\/\/www.lesjardinsdesaintehildegarde.com\/en\/wp-json\/wp\/v2\/types\/product"}],"replies":[{"embeddable":true,"href":"https:\/\/www.lesjardinsdesaintehildegarde.com\/en\/wp-json\/wp\/v2\/comments?post=1579"}],"wp:featuredmedia":[{"embeddable":true,"href":"https:\/\/www.lesjardinsdesaintehildegarde.com\/en\/wp-json\/wp\/v2\/media\/74968"}],"wp:attachment":[{"href":"https:\/\/www.lesjardinsdesaintehildegarde.com\/en\/wp-json\/wp\/v2\/media?parent=1579"}],"wp:term":[{"taxonomy":"product_brand","embeddable":true,"href":"https:\/\/www.lesjardinsdesaintehildegarde.com\/en\/wp-json\/wp\/v2\/product_brand?post=1579"},{"taxonomy":"product_cat","embeddable":true,"href":"https:\/\/www.lesjardinsdesaintehildegarde.com\/en\/wp-json\/wp\/v2\/product_cat?post=1579"},{"taxonomy":"product_tag","embeddable":true,"href":"https:\/\/www.lesjardinsdesaintehildegarde.com\/en\/wp-json\/wp\/v2\/product_tag?post=1579"}],"curies":[{"name":"wp","href":"https:\/\/api.w.org\/{rel}","templated":true}]}}