{"id":1585,"date":"2022-11-04T09:08:47","date_gmt":"2022-11-04T08:08:47","guid":{"rendered":"https:\/\/www.lesjardinsdesaintehildegarde.com\/non%20class\u00e9\/a-la-table-de-ste-hildegarde-dr-strehlow\/"},"modified":"2026-03-30T15:15:03","modified_gmt":"2026-03-30T13:15:03","slug":"a-la-table-de-ste-hildegarde-dr-strehlow","status":"publish","type":"product","link":"https:\/\/www.lesjardinsdesaintehildegarde.com\/en\/books-and-music\/books\/food-and-cooking\/a-la-table-de-ste-hildegarde-dr-strehlow\/","title":{"rendered":"A LA TABLE DE STE HILDEGARDE-DR STREHLOW"},"content":{"rendered":"<p><\/p>\n<p><strong>A LA TABLE DE SAINTE HILDEGARDE<\/strong><\/p>\n<p><\/p>\n<p>356 pages, format : L13.5 x H21.5 cm<\/p>\n<p><\/p>\n<p>Dr Wighard Strehlow<\/p>\n<p><\/p>\n<p><strong>L&#8217;alimentation avec Sainte Hildegarde<\/strong><\/p>\n<p><\/p>\n<p>Ce livre expose avec une grande clart\u00e9 l&#8217;ensemble des connaissances<br \/>\ndi\u00e9t\u00e9tiques d&#8217;une mystique, humble moniale du XII\u00e8me si\u00e8cle, dont le<br \/>\nmessage est, plus que jamais, d&#8217;actualit\u00e9.<\/p>\n<p><\/p>\n<p>4\u00e8me de couverture :<\/p>\n<p><\/p>\n<p>L&#8217;oeuvre de Sainte Hildegarde n&#8217;a cess\u00e9 d&#8217;int\u00e9resser de nombreux<br \/>\nchercheurs, et depuis sa red\u00e9couverte, apr\u00e8s 800 ans d&#8217;un long sommeil<br \/>\nd\u00fb \u00e0 la n\u00e9gligence de th\u00e9ologiens, peu soucieux de ce tr\u00e9sor de<br \/>\nconnaissances confi\u00e9 \u00e0 l&#8217;\u00c9glise, comme le souligne le philosophe et<br \/>\nscientifique Max Th\u00fcrkauf (1925-1993), sa juste renomm\u00e9e ne cesse de<br \/>\ncro\u00eetre.<\/p>\n<p><\/p>\n<p>Depuis les premi\u00e8res \u00e9tudes consacr\u00e9es \u00e0 la botanique hildegardienne,<br \/>\ndes corrections ont \u00e9t\u00e9 apport\u00e9es \u00e0 l&#8217;identification de certains<br \/>\nv\u00e9g\u00e9taux.<\/p>\n<p><\/p>\n<p>Par ailleurs, les informations donn\u00e9es par Sainte Hildegarde ont<br \/>\npermis de tirer des conclusions sur l&#8217;utilisation de certaines plantes<br \/>\nnon mentionn\u00e9es dans ses \u00e9crits. Ces d\u00e9couvertes sont \u00e9voqu\u00e9es dans le<br \/>\npr\u00e9sent ouvrage. La diff\u00e9rence essentielle entre la di\u00e9t\u00e9tique<br \/>\ncontemporaine, qui s&#8217;appuie sur des chiffres, et l&#8217;enseignement de la<br \/>\nSainte r\u00e9side dans le &#8220;caract\u00e8re subtil&#8221; des aliments, qu&#8217;elle d\u00e9crit<br \/>\navec une grande pr\u00e9cision. Cette r\u00e9v\u00e9lation, d&#8217;origine divine, lui a \u00e9t\u00e9<br \/>\ndonn\u00e9e par des visions c\u00e9lestes, dont l&#8217;\u00c9glise a confirm\u00e9<br \/>\nl&#8217;authenticit\u00e9.<\/p>\n<p><\/p>\n<p>La th\u00e9rapeutique hildegardienne englobe l&#8217;homme dans son ensemble,<br \/>\ncar elle ne se contente pas de soigner les sympt\u00f4mes, mais se pr\u00e9occupe<br \/>\nde l&#8217;\u00e9quilibre de l&#8217;homme en sa triple nature corps-\u00e2me-esprit.<\/p>\n","protected":false},"excerpt":{"rendered":"<p>A LA TABLE DE SAINTE HILDEGARDE 356 pages, format : L13.5 x H21.5 cm Dr Wighard Strehlow L&#8217;alimentation avec Sainte Hildegarde Ce livre expose avec une grande clart\u00e9 l&#8217;ensemble des connaissances di\u00e9t\u00e9tiques d&#8217;une mystique, humble moniale du XII\u00e8me si\u00e8cle, dont le message est, plus que jamais, d&#8217;actualit\u00e9. 4\u00e8me de couverture : L&#8217;oeuvre de Sainte Hildegarde [&hellip;]<\/p>\n","protected":false},"featured_media":75088,"comment_status":"open","ping_status":"closed","template":"","meta":{"_acf_changed":false,"_relevanssi_hide_post":"","_relevanssi_hide_content":"","_relevanssi_pin_for_all":"","_relevanssi_pin_keywords":"","_relevanssi_unpin_keywords":"","_relevanssi_related_keywords":"","_relevanssi_related_include_ids":"","_relevanssi_related_exclude_ids":"","_relevanssi_related_no_append":"","_relevanssi_related_not_related":"","_relevanssi_related_posts":"","_relevanssi_noindex_reason":""},"product_brand":[],"product_cat":[114,108,33],"product_tag":[],"class_list":{"0":"post-1585","1":"product","2":"type-product","3":"status-publish","4":"has-post-thumbnail","6":"product_cat-alimentation-et-recettes-de-cuisine","7":"product_cat-livres","8":"product_cat-livres-et-loisirs","10":"first","11":"instock","12":"taxable","13":"shipping-taxable","14":"purchasable","15":"product-type-simple"},"acf":[],"yoast_head":"<!-- This site is optimized with the Yoast SEO plugin v27.2 - https:\/\/yoast.com\/product\/yoast-seo-wordpress\/ -->\n<title>A LA TABLE DE STE HILDEGARDE-DR STREHLOW - Les Jardins de Sainte-Hildegarde<\/title>\n<meta name=\"robots\" content=\"index, follow, max-snippet:-1, max-image-preview:large, max-video-preview:-1\" \/>\n<link rel=\"canonical\" href=\"https:\/\/www.lesjardinsdesaintehildegarde.com\/en\/books-and-music\/books\/food-and-cooking\/a-la-table-de-ste-hildegarde-dr-strehlow\/\" \/>\n<meta property=\"og:locale\" content=\"en_US\" \/>\n<meta property=\"og:type\" content=\"article\" \/>\n<meta property=\"og:title\" content=\"A LA TABLE DE STE HILDEGARDE-DR STREHLOW - Les Jardins de Sainte-Hildegarde\" \/>\n<meta property=\"og:description\" content=\"A LA TABLE DE SAINTE HILDEGARDE 356 pages, format : L13.5 x H21.5 cm Dr Wighard Strehlow L&#8217;alimentation avec Sainte Hildegarde Ce livre expose avec une grande clart\u00e9 l&#8217;ensemble des connaissances di\u00e9t\u00e9tiques d&#8217;une mystique, humble moniale du XII\u00e8me si\u00e8cle, dont le message est, plus que jamais, d&#8217;actualit\u00e9. 4\u00e8me de couverture : L&#8217;oeuvre de Sainte Hildegarde [&hellip;]\" \/>\n<meta property=\"og:url\" content=\"https:\/\/www.lesjardinsdesaintehildegarde.com\/en\/books-and-music\/books\/food-and-cooking\/a-la-table-de-ste-hildegarde-dr-strehlow\/\" \/>\n<meta property=\"og:site_name\" content=\"Les Jardins de Sainte-Hildegarde\" \/>\n<meta property=\"article:modified_time\" content=\"2026-03-30T13:15:03+00:00\" \/>\n<meta property=\"og:image\" content=\"https:\/\/www.lesjardinsdesaintehildegarde.com\/wp-content\/uploads\/2023\/10\/l0052-a-la-table-de-sainte-hildegarde.jpg\" \/>\n\t<meta property=\"og:image:width\" content=\"1200\" \/>\n\t<meta property=\"og:image:height\" content=\"1200\" \/>\n\t<meta property=\"og:image:type\" content=\"image\/jpeg\" \/>\n<meta name=\"twitter:card\" content=\"summary_large_image\" \/>\n<meta name=\"twitter:label1\" content=\"Est. reading time\" \/>\n\t<meta name=\"twitter:data1\" content=\"2 minutes\" \/>\n<script type=\"application\/ld+json\" class=\"yoast-schema-graph\">{\"@context\":\"https:\/\/schema.org\",\"@graph\":[{\"@type\":\"WebPage\",\"@id\":\"https:\/\/www.lesjardinsdesaintehildegarde.com\/en\/books-and-music\/books\/food-and-cooking\/a-la-table-de-ste-hildegarde-dr-strehlow\/\",\"url\":\"https:\/\/www.lesjardinsdesaintehildegarde.com\/en\/books-and-music\/books\/food-and-cooking\/a-la-table-de-ste-hildegarde-dr-strehlow\/\",\"name\":\"A LA TABLE DE STE HILDEGARDE-DR STREHLOW - Les Jardins de Sainte-Hildegarde\",\"isPartOf\":{\"@id\":\"https:\/\/www.lesjardinsdesaintehildegarde.com\/en\/#website\"},\"primaryImageOfPage\":{\"@id\":\"https:\/\/www.lesjardinsdesaintehildegarde.com\/en\/books-and-music\/books\/food-and-cooking\/a-la-table-de-ste-hildegarde-dr-strehlow\/#primaryimage\"},\"image\":{\"@id\":\"https:\/\/www.lesjardinsdesaintehildegarde.com\/en\/books-and-music\/books\/food-and-cooking\/a-la-table-de-ste-hildegarde-dr-strehlow\/#primaryimage\"},\"thumbnailUrl\":\"https:\/\/www.lesjardinsdesaintehildegarde.com\/wp-content\/uploads\/2023\/10\/l0052-a-la-table-de-sainte-hildegarde.jpg\",\"datePublished\":\"2022-11-04T08:08:47+00:00\",\"dateModified\":\"2026-03-30T13:15:03+00:00\",\"breadcrumb\":{\"@id\":\"https:\/\/www.lesjardinsdesaintehildegarde.com\/en\/books-and-music\/books\/food-and-cooking\/a-la-table-de-ste-hildegarde-dr-strehlow\/#breadcrumb\"},\"inLanguage\":\"en-US\",\"potentialAction\":[{\"@type\":\"ReadAction\",\"target\":[\"https:\/\/www.lesjardinsdesaintehildegarde.com\/en\/books-and-music\/books\/food-and-cooking\/a-la-table-de-ste-hildegarde-dr-strehlow\/\"]}]},{\"@type\":\"ImageObject\",\"inLanguage\":\"en-US\",\"@id\":\"https:\/\/www.lesjardinsdesaintehildegarde.com\/en\/books-and-music\/books\/food-and-cooking\/a-la-table-de-ste-hildegarde-dr-strehlow\/#primaryimage\",\"url\":\"https:\/\/www.lesjardinsdesaintehildegarde.com\/wp-content\/uploads\/2023\/10\/l0052-a-la-table-de-sainte-hildegarde.jpg\",\"contentUrl\":\"https:\/\/www.lesjardinsdesaintehildegarde.com\/wp-content\/uploads\/2023\/10\/l0052-a-la-table-de-sainte-hildegarde.jpg\",\"width\":1200,\"height\":1200,\"caption\":\"A LA TABLE DE SAINTE HILDEGARDE 356 pages, format : L13.5 x H21.5 cm Dr Wighard Strehlow\"},{\"@type\":\"BreadcrumbList\",\"@id\":\"https:\/\/www.lesjardinsdesaintehildegarde.com\/en\/books-and-music\/books\/food-and-cooking\/a-la-table-de-ste-hildegarde-dr-strehlow\/#breadcrumb\",\"itemListElement\":[{\"@type\":\"ListItem\",\"position\":1,\"name\":\"Home\",\"item\":\"https:\/\/www.lesjardinsdesaintehildegarde.com\/en\/\"},{\"@type\":\"ListItem\",\"position\":2,\"name\":\"Products\",\"item\":\"https:\/\/www.lesjardinsdesaintehildegarde.com\/en\/shop\/\"},{\"@type\":\"ListItem\",\"position\":3,\"name\":\"A LA TABLE DE STE HILDEGARDE-DR STREHLOW\"}]},{\"@type\":\"WebSite\",\"@id\":\"https:\/\/www.lesjardinsdesaintehildegarde.com\/en\/#website\",\"url\":\"https:\/\/www.lesjardinsdesaintehildegarde.com\/en\/\",\"name\":\"Les Jardins de Sainte-Hildegarde\",\"description\":\"Viriditas\",\"publisher\":{\"@id\":\"https:\/\/www.lesjardinsdesaintehildegarde.com\/en\/#organization\"},\"potentialAction\":[{\"@type\":\"SearchAction\",\"target\":{\"@type\":\"EntryPoint\",\"urlTemplate\":\"https:\/\/www.lesjardinsdesaintehildegarde.com\/en\/?s={search_term_string}\"},\"query-input\":{\"@type\":\"PropertyValueSpecification\",\"valueRequired\":true,\"valueName\":\"search_term_string\"}}],\"inLanguage\":\"en-US\"},{\"@type\":\"Organization\",\"@id\":\"https:\/\/www.lesjardinsdesaintehildegarde.com\/en\/#organization\",\"name\":\"Les Jardins de Sainte-Hildegarde\",\"url\":\"https:\/\/www.lesjardinsdesaintehildegarde.com\/en\/\",\"logo\":{\"@type\":\"ImageObject\",\"inLanguage\":\"en-US\",\"@id\":\"https:\/\/www.lesjardinsdesaintehildegarde.com\/en\/#\/schema\/logo\/image\/\",\"url\":\"https:\/\/www.lesjardinsdesaintehildegarde.com\/wp-content\/uploads\/2022\/11\/logo-2022.png\",\"contentUrl\":\"https:\/\/www.lesjardinsdesaintehildegarde.com\/wp-content\/uploads\/2022\/11\/logo-2022.png\",\"width\":365,\"height\":90,\"caption\":\"Les Jardins de Sainte-Hildegarde\"},\"image\":{\"@id\":\"https:\/\/www.lesjardinsdesaintehildegarde.com\/en\/#\/schema\/logo\/image\/\"}}]}<\/script>\n<!-- \/ Yoast SEO plugin. -->","yoast_head_json":{"title":"A LA TABLE DE STE HILDEGARDE-DR STREHLOW - Les Jardins de Sainte-Hildegarde","robots":{"index":"index","follow":"follow","max-snippet":"max-snippet:-1","max-image-preview":"max-image-preview:large","max-video-preview":"max-video-preview:-1"},"canonical":"https:\/\/www.lesjardinsdesaintehildegarde.com\/en\/books-and-music\/books\/food-and-cooking\/a-la-table-de-ste-hildegarde-dr-strehlow\/","og_locale":"en_US","og_type":"article","og_title":"A LA TABLE DE STE HILDEGARDE-DR STREHLOW - Les Jardins de Sainte-Hildegarde","og_description":"A LA TABLE DE SAINTE HILDEGARDE 356 pages, format : L13.5 x H21.5 cm Dr Wighard Strehlow L&#8217;alimentation avec Sainte Hildegarde Ce livre expose avec une grande clart\u00e9 l&#8217;ensemble des connaissances di\u00e9t\u00e9tiques d&#8217;une mystique, humble moniale du XII\u00e8me si\u00e8cle, dont le message est, plus que jamais, d&#8217;actualit\u00e9. 4\u00e8me de couverture : L&#8217;oeuvre de Sainte Hildegarde [&hellip;]","og_url":"https:\/\/www.lesjardinsdesaintehildegarde.com\/en\/books-and-music\/books\/food-and-cooking\/a-la-table-de-ste-hildegarde-dr-strehlow\/","og_site_name":"Les Jardins de Sainte-Hildegarde","article_modified_time":"2026-03-30T13:15:03+00:00","og_image":[{"width":1200,"height":1200,"url":"https:\/\/www.lesjardinsdesaintehildegarde.com\/wp-content\/uploads\/2023\/10\/l0052-a-la-table-de-sainte-hildegarde.jpg","type":"image\/jpeg"}],"twitter_card":"summary_large_image","twitter_misc":{"Est. reading time":"2 minutes"},"schema":{"@context":"https:\/\/schema.org","@graph":[{"@type":"WebPage","@id":"https:\/\/www.lesjardinsdesaintehildegarde.com\/en\/books-and-music\/books\/food-and-cooking\/a-la-table-de-ste-hildegarde-dr-strehlow\/","url":"https:\/\/www.lesjardinsdesaintehildegarde.com\/en\/books-and-music\/books\/food-and-cooking\/a-la-table-de-ste-hildegarde-dr-strehlow\/","name":"A LA TABLE DE STE HILDEGARDE-DR STREHLOW - Les Jardins de Sainte-Hildegarde","isPartOf":{"@id":"https:\/\/www.lesjardinsdesaintehildegarde.com\/en\/#website"},"primaryImageOfPage":{"@id":"https:\/\/www.lesjardinsdesaintehildegarde.com\/en\/books-and-music\/books\/food-and-cooking\/a-la-table-de-ste-hildegarde-dr-strehlow\/#primaryimage"},"image":{"@id":"https:\/\/www.lesjardinsdesaintehildegarde.com\/en\/books-and-music\/books\/food-and-cooking\/a-la-table-de-ste-hildegarde-dr-strehlow\/#primaryimage"},"thumbnailUrl":"https:\/\/www.lesjardinsdesaintehildegarde.com\/wp-content\/uploads\/2023\/10\/l0052-a-la-table-de-sainte-hildegarde.jpg","datePublished":"2022-11-04T08:08:47+00:00","dateModified":"2026-03-30T13:15:03+00:00","breadcrumb":{"@id":"https:\/\/www.lesjardinsdesaintehildegarde.com\/en\/books-and-music\/books\/food-and-cooking\/a-la-table-de-ste-hildegarde-dr-strehlow\/#breadcrumb"},"inLanguage":"en-US","potentialAction":[{"@type":"ReadAction","target":["https:\/\/www.lesjardinsdesaintehildegarde.com\/en\/books-and-music\/books\/food-and-cooking\/a-la-table-de-ste-hildegarde-dr-strehlow\/"]}]},{"@type":"ImageObject","inLanguage":"en-US","@id":"https:\/\/www.lesjardinsdesaintehildegarde.com\/en\/books-and-music\/books\/food-and-cooking\/a-la-table-de-ste-hildegarde-dr-strehlow\/#primaryimage","url":"https:\/\/www.lesjardinsdesaintehildegarde.com\/wp-content\/uploads\/2023\/10\/l0052-a-la-table-de-sainte-hildegarde.jpg","contentUrl":"https:\/\/www.lesjardinsdesaintehildegarde.com\/wp-content\/uploads\/2023\/10\/l0052-a-la-table-de-sainte-hildegarde.jpg","width":1200,"height":1200,"caption":"A LA TABLE DE SAINTE HILDEGARDE 356 pages, format : L13.5 x H21.5 cm Dr Wighard Strehlow"},{"@type":"BreadcrumbList","@id":"https:\/\/www.lesjardinsdesaintehildegarde.com\/en\/books-and-music\/books\/food-and-cooking\/a-la-table-de-ste-hildegarde-dr-strehlow\/#breadcrumb","itemListElement":[{"@type":"ListItem","position":1,"name":"Home","item":"https:\/\/www.lesjardinsdesaintehildegarde.com\/en\/"},{"@type":"ListItem","position":2,"name":"Products","item":"https:\/\/www.lesjardinsdesaintehildegarde.com\/en\/shop\/"},{"@type":"ListItem","position":3,"name":"A LA TABLE DE STE HILDEGARDE-DR STREHLOW"}]},{"@type":"WebSite","@id":"https:\/\/www.lesjardinsdesaintehildegarde.com\/en\/#website","url":"https:\/\/www.lesjardinsdesaintehildegarde.com\/en\/","name":"Les Jardins de Sainte-Hildegarde","description":"Viriditas","publisher":{"@id":"https:\/\/www.lesjardinsdesaintehildegarde.com\/en\/#organization"},"potentialAction":[{"@type":"SearchAction","target":{"@type":"EntryPoint","urlTemplate":"https:\/\/www.lesjardinsdesaintehildegarde.com\/en\/?s={search_term_string}"},"query-input":{"@type":"PropertyValueSpecification","valueRequired":true,"valueName":"search_term_string"}}],"inLanguage":"en-US"},{"@type":"Organization","@id":"https:\/\/www.lesjardinsdesaintehildegarde.com\/en\/#organization","name":"Les Jardins de Sainte-Hildegarde","url":"https:\/\/www.lesjardinsdesaintehildegarde.com\/en\/","logo":{"@type":"ImageObject","inLanguage":"en-US","@id":"https:\/\/www.lesjardinsdesaintehildegarde.com\/en\/#\/schema\/logo\/image\/","url":"https:\/\/www.lesjardinsdesaintehildegarde.com\/wp-content\/uploads\/2022\/11\/logo-2022.png","contentUrl":"https:\/\/www.lesjardinsdesaintehildegarde.com\/wp-content\/uploads\/2022\/11\/logo-2022.png","width":365,"height":90,"caption":"Les Jardins de Sainte-Hildegarde"},"image":{"@id":"https:\/\/www.lesjardinsdesaintehildegarde.com\/en\/#\/schema\/logo\/image\/"}}]}},"_links":{"self":[{"href":"https:\/\/www.lesjardinsdesaintehildegarde.com\/en\/wp-json\/wp\/v2\/product\/1585","targetHints":{"allow":["GET"]}}],"collection":[{"href":"https:\/\/www.lesjardinsdesaintehildegarde.com\/en\/wp-json\/wp\/v2\/product"}],"about":[{"href":"https:\/\/www.lesjardinsdesaintehildegarde.com\/en\/wp-json\/wp\/v2\/types\/product"}],"replies":[{"embeddable":true,"href":"https:\/\/www.lesjardinsdesaintehildegarde.com\/en\/wp-json\/wp\/v2\/comments?post=1585"}],"wp:featuredmedia":[{"embeddable":true,"href":"https:\/\/www.lesjardinsdesaintehildegarde.com\/en\/wp-json\/wp\/v2\/media\/75088"}],"wp:attachment":[{"href":"https:\/\/www.lesjardinsdesaintehildegarde.com\/en\/wp-json\/wp\/v2\/media?parent=1585"}],"wp:term":[{"taxonomy":"product_brand","embeddable":true,"href":"https:\/\/www.lesjardinsdesaintehildegarde.com\/en\/wp-json\/wp\/v2\/product_brand?post=1585"},{"taxonomy":"product_cat","embeddable":true,"href":"https:\/\/www.lesjardinsdesaintehildegarde.com\/en\/wp-json\/wp\/v2\/product_cat?post=1585"},{"taxonomy":"product_tag","embeddable":true,"href":"https:\/\/www.lesjardinsdesaintehildegarde.com\/en\/wp-json\/wp\/v2\/product_tag?post=1585"}],"curies":[{"name":"wp","href":"https:\/\/api.w.org\/{rel}","templated":true}]}}