{"id":1586,"date":"2022-11-04T09:08:47","date_gmt":"2022-11-04T08:08:47","guid":{"rendered":"https:\/\/www.lesjardinsdesaintehildegarde.com\/non%20class\u00e9\/voila-comment-dieu-guerit-dr-hertzka\/"},"modified":"2026-04-09T09:54:05","modified_gmt":"2026-04-09T07:54:05","slug":"voila-comment-dieu-guerit-dr-hertzka","status":"publish","type":"product","link":"https:\/\/www.lesjardinsdesaintehildegarde.com\/en\/books-and-music\/books\/practical-advice\/voila-comment-dieu-guerit-dr-hertzka\/","title":{"rendered":"VOILA COMMENT DIEU GUERIT &#8211; DR HERTZKA"},"content":{"rendered":"<p><\/p>\n<p><strong>VOILA COMMENT DIEU GU\u00c9RIT<\/strong><\/p>\n<p><\/p>\n<p>151 pages, format L13xH20 cm<\/p>\n<p><\/p>\n<p>Dr Gottfried Hertzka<\/p>\n<p><\/p>\n<p><strong>Les conseils de Sainte Hildegarde en<br \/>\npratique<\/strong><\/p>\n<p><\/p>\n<p>La m\u00e9decine de Sainte Hildegarde, nouvelle m\u00e9thode de gu\u00e9rison par la<br \/>\nnature.<\/p>\n<p><\/p>\n<p><strong>4\u00e9me de couverture :<\/strong><\/p>\n<p><\/p>\n<p>Il y a 800 ans se produisit une chose \u00e9tonnante : Dieu fit voir \u00e0<br \/>\nl&#8217;abbesse b\u00e9n\u00e9dictine Hildegarde de Bingen les secrets de la cr\u00e9ation et<br \/>\nde la r\u00e9demption, ainsi que les merveilles de la nature, les fonctions<br \/>\ndu corps humain, les causes des maladies et les rem\u00e8des que Lui, le<br \/>\nCr\u00e9ateur, a pr\u00e9vus dans la nature pour la gu\u00e9rison des malades.<br \/>\nHildegarde re\u00e7ut de Dieu cet ordre : &#8220;<strong>\u00c9cris ce que tu vois !<br \/>\nR\u00e9v\u00e8le les merveilles que tu exp\u00e9rimentes ! \u00c9cris-les et parle<br \/>\n!<\/strong>&#8220;<\/p>\n<p><\/p>\n<p>Apr\u00e8s de longues h\u00e9sitations, Sainte Hildegarde, contrainte par Dieu<br \/>\net par la souffrance, commen\u00e7a \u00e0 dicter en latin ses nombreux livres.<br \/>\nElle exer\u00e7a, \u00e0 travers eux, une \u00e9norme influence spirituelle sur tout<br \/>\nl&#8217;Occident d&#8217;alors.<\/p>\n<p><\/p>\n<p>Mais Sainte Hildegarde et ses livres de sciences naturelles et de<br \/>\nm\u00e9decine tomb\u00e8rent dans un oubli quasi total au cours des derniers<br \/>\nsi\u00e8cles. L&#8217;auteur de ce livre, le docteur G. Hertzka, a red\u00e9couvert les<br \/>\nconnaissances et conseils de cette sainte dans le domaine de la m\u00e9decine<br \/>\net les rend accessibles \u00e0 notre temps. Plus de 100 000 exemplaires de<br \/>\nl&#8217;\u00e9dition originale allemande ont d\u00e9j\u00e0 \u00e9t\u00e9 vendus !<\/p>\n<p><\/p>\n<p>La m\u00e9decine de Sainte Hildegarde est \u00e0 ce point moderne que c&#8217;est<br \/>\nseulement \u00e0 notre \u00e9poque, apr\u00e8s des millions d&#8217;heures d&#8217;intensives<br \/>\nrecherches de la part des plus grands savants, avec des appareils et des<br \/>\nm\u00e9thodes de mesure des plus raffin\u00e9s, que nous commen\u00e7ons \u00e0 comprendre<br \/>\nun peu ce que le c\u00e9leste programme m\u00e9dical contient de connaissances<br \/>\napprofondies \u00e0 propos de la sant\u00e9 et de la maladie.<\/p>\n<p><\/p>\n<p>Le Pape Eug\u00e8ne III fit examiner le don de vision d&#8217;Hildegarde; il<br \/>\nreconnut officiellement son charisme, Aujourd&#8217;hui, 800 ans plus tard,<br \/>\nses connaissances m\u00e9dicales commencent \u00e0 \u00eatre reconnues et v\u00e9rifi\u00e9es par<br \/>\nla m\u00e9decine moderne.<\/p>\n<p><\/p>\n<p>Une m\u00e9decine naturelle \u00e0 d\u00e9couvrir !<\/p>\n","protected":false},"excerpt":{"rendered":"<p>VOILA COMMENT DIEU GU\u00c9RIT 151 pages, format L13xH20 cm Dr Gottfried Hertzka Les conseils de Sainte Hildegarde en pratique La m\u00e9decine de Sainte Hildegarde, nouvelle m\u00e9thode de gu\u00e9rison par la nature. 4\u00e9me de couverture : Il y a 800 ans se produisit une chose \u00e9tonnante : Dieu fit voir \u00e0 l&#8217;abbesse b\u00e9n\u00e9dictine Hildegarde de Bingen [&hellip;]<\/p>\n","protected":false},"featured_media":74959,"comment_status":"open","ping_status":"closed","template":"","meta":{"_acf_changed":false,"_relevanssi_hide_post":"","_relevanssi_hide_content":"","_relevanssi_pin_for_all":"","_relevanssi_pin_keywords":"","_relevanssi_unpin_keywords":"","_relevanssi_related_keywords":"","_relevanssi_related_include_ids":"","_relevanssi_related_exclude_ids":"","_relevanssi_related_no_append":"","_relevanssi_related_not_related":"","_relevanssi_related_posts":"","_relevanssi_noindex_reason":""},"product_brand":[],"product_cat":[111,108,33],"product_tag":[],"class_list":{"0":"post-1586","1":"product","2":"type-product","3":"status-publish","4":"has-post-thumbnail","6":"product_cat-conseils-pratiques","7":"product_cat-livres","8":"product_cat-livres-et-loisirs","10":"first","11":"instock","12":"taxable","13":"shipping-taxable","14":"purchasable","15":"product-type-simple"},"acf":[],"yoast_head":"<!-- This site is optimized with the Yoast SEO plugin v27.2 - https:\/\/yoast.com\/product\/yoast-seo-wordpress\/ -->\n<title>VOILA COMMENT DIEU GUERIT - DR HERTZKA - Les Jardins de Sainte-Hildegarde<\/title>\n<meta name=\"robots\" content=\"index, follow, max-snippet:-1, max-image-preview:large, max-video-preview:-1\" \/>\n<link rel=\"canonical\" href=\"https:\/\/www.lesjardinsdesaintehildegarde.com\/en\/books-and-music\/books\/practical-advice\/voila-comment-dieu-guerit-dr-hertzka\/\" \/>\n<meta property=\"og:locale\" content=\"en_US\" \/>\n<meta property=\"og:type\" content=\"article\" \/>\n<meta property=\"og:title\" content=\"VOILA COMMENT DIEU GUERIT - DR HERTZKA - Les Jardins de Sainte-Hildegarde\" \/>\n<meta property=\"og:description\" content=\"VOILA COMMENT DIEU GU\u00c9RIT 151 pages, format L13xH20 cm Dr Gottfried Hertzka Les conseils de Sainte Hildegarde en pratique La m\u00e9decine de Sainte Hildegarde, nouvelle m\u00e9thode de gu\u00e9rison par la nature. 4\u00e9me de couverture : Il y a 800 ans se produisit une chose \u00e9tonnante : Dieu fit voir \u00e0 l&#8217;abbesse b\u00e9n\u00e9dictine Hildegarde de Bingen [&hellip;]\" \/>\n<meta property=\"og:url\" content=\"https:\/\/www.lesjardinsdesaintehildegarde.com\/en\/books-and-music\/books\/practical-advice\/voila-comment-dieu-guerit-dr-hertzka\/\" \/>\n<meta property=\"og:site_name\" content=\"Les Jardins de Sainte-Hildegarde\" \/>\n<meta property=\"article:modified_time\" content=\"2026-04-09T07:54:05+00:00\" \/>\n<meta property=\"og:image\" content=\"https:\/\/www.lesjardinsdesaintehildegarde.com\/wp-content\/uploads\/2023\/10\/l0053-voila-comment-dieu-guerit.jpg\" \/>\n\t<meta property=\"og:image:width\" content=\"1200\" \/>\n\t<meta property=\"og:image:height\" content=\"1200\" \/>\n\t<meta property=\"og:image:type\" content=\"image\/jpeg\" \/>\n<meta name=\"twitter:card\" content=\"summary_large_image\" \/>\n<meta name=\"twitter:label1\" content=\"Est. reading time\" \/>\n\t<meta name=\"twitter:data1\" content=\"2 minutes\" \/>\n<script type=\"application\/ld+json\" class=\"yoast-schema-graph\">{\"@context\":\"https:\/\/schema.org\",\"@graph\":[{\"@type\":\"WebPage\",\"@id\":\"https:\/\/www.lesjardinsdesaintehildegarde.com\/en\/books-and-music\/books\/practical-advice\/voila-comment-dieu-guerit-dr-hertzka\/\",\"url\":\"https:\/\/www.lesjardinsdesaintehildegarde.com\/en\/books-and-music\/books\/practical-advice\/voila-comment-dieu-guerit-dr-hertzka\/\",\"name\":\"VOILA COMMENT DIEU GUERIT - DR HERTZKA - Les Jardins de Sainte-Hildegarde\",\"isPartOf\":{\"@id\":\"https:\/\/www.lesjardinsdesaintehildegarde.com\/en\/#website\"},\"primaryImageOfPage\":{\"@id\":\"https:\/\/www.lesjardinsdesaintehildegarde.com\/en\/books-and-music\/books\/practical-advice\/voila-comment-dieu-guerit-dr-hertzka\/#primaryimage\"},\"image\":{\"@id\":\"https:\/\/www.lesjardinsdesaintehildegarde.com\/en\/books-and-music\/books\/practical-advice\/voila-comment-dieu-guerit-dr-hertzka\/#primaryimage\"},\"thumbnailUrl\":\"https:\/\/www.lesjardinsdesaintehildegarde.com\/wp-content\/uploads\/2023\/10\/l0053-voila-comment-dieu-guerit.jpg\",\"datePublished\":\"2022-11-04T08:08:47+00:00\",\"dateModified\":\"2026-04-09T07:54:05+00:00\",\"breadcrumb\":{\"@id\":\"https:\/\/www.lesjardinsdesaintehildegarde.com\/en\/books-and-music\/books\/practical-advice\/voila-comment-dieu-guerit-dr-hertzka\/#breadcrumb\"},\"inLanguage\":\"en-US\",\"potentialAction\":[{\"@type\":\"ReadAction\",\"target\":[\"https:\/\/www.lesjardinsdesaintehildegarde.com\/en\/books-and-music\/books\/practical-advice\/voila-comment-dieu-guerit-dr-hertzka\/\"]}]},{\"@type\":\"ImageObject\",\"inLanguage\":\"en-US\",\"@id\":\"https:\/\/www.lesjardinsdesaintehildegarde.com\/en\/books-and-music\/books\/practical-advice\/voila-comment-dieu-guerit-dr-hertzka\/#primaryimage\",\"url\":\"https:\/\/www.lesjardinsdesaintehildegarde.com\/wp-content\/uploads\/2023\/10\/l0053-voila-comment-dieu-guerit.jpg\",\"contentUrl\":\"https:\/\/www.lesjardinsdesaintehildegarde.com\/wp-content\/uploads\/2023\/10\/l0053-voila-comment-dieu-guerit.jpg\",\"width\":1200,\"height\":1200,\"caption\":\"VOILA COMMENT DIEU GU\u00c9RIT 151 pages, format L13xH20 cm Dr Gottfried Hertzka\"},{\"@type\":\"BreadcrumbList\",\"@id\":\"https:\/\/www.lesjardinsdesaintehildegarde.com\/en\/books-and-music\/books\/practical-advice\/voila-comment-dieu-guerit-dr-hertzka\/#breadcrumb\",\"itemListElement\":[{\"@type\":\"ListItem\",\"position\":1,\"name\":\"Home\",\"item\":\"https:\/\/www.lesjardinsdesaintehildegarde.com\/en\/\"},{\"@type\":\"ListItem\",\"position\":2,\"name\":\"Products\",\"item\":\"https:\/\/www.lesjardinsdesaintehildegarde.com\/en\/shop\/\"},{\"@type\":\"ListItem\",\"position\":3,\"name\":\"VOILA COMMENT DIEU GUERIT &#8211; DR HERTZKA\"}]},{\"@type\":\"WebSite\",\"@id\":\"https:\/\/www.lesjardinsdesaintehildegarde.com\/en\/#website\",\"url\":\"https:\/\/www.lesjardinsdesaintehildegarde.com\/en\/\",\"name\":\"Les Jardins de Sainte-Hildegarde\",\"description\":\"Viriditas\",\"publisher\":{\"@id\":\"https:\/\/www.lesjardinsdesaintehildegarde.com\/en\/#organization\"},\"potentialAction\":[{\"@type\":\"SearchAction\",\"target\":{\"@type\":\"EntryPoint\",\"urlTemplate\":\"https:\/\/www.lesjardinsdesaintehildegarde.com\/en\/?s={search_term_string}\"},\"query-input\":{\"@type\":\"PropertyValueSpecification\",\"valueRequired\":true,\"valueName\":\"search_term_string\"}}],\"inLanguage\":\"en-US\"},{\"@type\":\"Organization\",\"@id\":\"https:\/\/www.lesjardinsdesaintehildegarde.com\/en\/#organization\",\"name\":\"Les Jardins de Sainte-Hildegarde\",\"url\":\"https:\/\/www.lesjardinsdesaintehildegarde.com\/en\/\",\"logo\":{\"@type\":\"ImageObject\",\"inLanguage\":\"en-US\",\"@id\":\"https:\/\/www.lesjardinsdesaintehildegarde.com\/en\/#\/schema\/logo\/image\/\",\"url\":\"https:\/\/www.lesjardinsdesaintehildegarde.com\/wp-content\/uploads\/2022\/11\/logo-2022.png\",\"contentUrl\":\"https:\/\/www.lesjardinsdesaintehildegarde.com\/wp-content\/uploads\/2022\/11\/logo-2022.png\",\"width\":365,\"height\":90,\"caption\":\"Les Jardins de Sainte-Hildegarde\"},\"image\":{\"@id\":\"https:\/\/www.lesjardinsdesaintehildegarde.com\/en\/#\/schema\/logo\/image\/\"}}]}<\/script>\n<!-- \/ Yoast SEO plugin. -->","yoast_head_json":{"title":"VOILA COMMENT DIEU GUERIT - DR HERTZKA - Les Jardins de Sainte-Hildegarde","robots":{"index":"index","follow":"follow","max-snippet":"max-snippet:-1","max-image-preview":"max-image-preview:large","max-video-preview":"max-video-preview:-1"},"canonical":"https:\/\/www.lesjardinsdesaintehildegarde.com\/en\/books-and-music\/books\/practical-advice\/voila-comment-dieu-guerit-dr-hertzka\/","og_locale":"en_US","og_type":"article","og_title":"VOILA COMMENT DIEU GUERIT - DR HERTZKA - Les Jardins de Sainte-Hildegarde","og_description":"VOILA COMMENT DIEU GU\u00c9RIT 151 pages, format L13xH20 cm Dr Gottfried Hertzka Les conseils de Sainte Hildegarde en pratique La m\u00e9decine de Sainte Hildegarde, nouvelle m\u00e9thode de gu\u00e9rison par la nature. 4\u00e9me de couverture : Il y a 800 ans se produisit une chose \u00e9tonnante : Dieu fit voir \u00e0 l&#8217;abbesse b\u00e9n\u00e9dictine Hildegarde de Bingen [&hellip;]","og_url":"https:\/\/www.lesjardinsdesaintehildegarde.com\/en\/books-and-music\/books\/practical-advice\/voila-comment-dieu-guerit-dr-hertzka\/","og_site_name":"Les Jardins de Sainte-Hildegarde","article_modified_time":"2026-04-09T07:54:05+00:00","og_image":[{"width":1200,"height":1200,"url":"https:\/\/www.lesjardinsdesaintehildegarde.com\/wp-content\/uploads\/2023\/10\/l0053-voila-comment-dieu-guerit.jpg","type":"image\/jpeg"}],"twitter_card":"summary_large_image","twitter_misc":{"Est. reading time":"2 minutes"},"schema":{"@context":"https:\/\/schema.org","@graph":[{"@type":"WebPage","@id":"https:\/\/www.lesjardinsdesaintehildegarde.com\/en\/books-and-music\/books\/practical-advice\/voila-comment-dieu-guerit-dr-hertzka\/","url":"https:\/\/www.lesjardinsdesaintehildegarde.com\/en\/books-and-music\/books\/practical-advice\/voila-comment-dieu-guerit-dr-hertzka\/","name":"VOILA COMMENT DIEU GUERIT - DR HERTZKA - Les Jardins de Sainte-Hildegarde","isPartOf":{"@id":"https:\/\/www.lesjardinsdesaintehildegarde.com\/en\/#website"},"primaryImageOfPage":{"@id":"https:\/\/www.lesjardinsdesaintehildegarde.com\/en\/books-and-music\/books\/practical-advice\/voila-comment-dieu-guerit-dr-hertzka\/#primaryimage"},"image":{"@id":"https:\/\/www.lesjardinsdesaintehildegarde.com\/en\/books-and-music\/books\/practical-advice\/voila-comment-dieu-guerit-dr-hertzka\/#primaryimage"},"thumbnailUrl":"https:\/\/www.lesjardinsdesaintehildegarde.com\/wp-content\/uploads\/2023\/10\/l0053-voila-comment-dieu-guerit.jpg","datePublished":"2022-11-04T08:08:47+00:00","dateModified":"2026-04-09T07:54:05+00:00","breadcrumb":{"@id":"https:\/\/www.lesjardinsdesaintehildegarde.com\/en\/books-and-music\/books\/practical-advice\/voila-comment-dieu-guerit-dr-hertzka\/#breadcrumb"},"inLanguage":"en-US","potentialAction":[{"@type":"ReadAction","target":["https:\/\/www.lesjardinsdesaintehildegarde.com\/en\/books-and-music\/books\/practical-advice\/voila-comment-dieu-guerit-dr-hertzka\/"]}]},{"@type":"ImageObject","inLanguage":"en-US","@id":"https:\/\/www.lesjardinsdesaintehildegarde.com\/en\/books-and-music\/books\/practical-advice\/voila-comment-dieu-guerit-dr-hertzka\/#primaryimage","url":"https:\/\/www.lesjardinsdesaintehildegarde.com\/wp-content\/uploads\/2023\/10\/l0053-voila-comment-dieu-guerit.jpg","contentUrl":"https:\/\/www.lesjardinsdesaintehildegarde.com\/wp-content\/uploads\/2023\/10\/l0053-voila-comment-dieu-guerit.jpg","width":1200,"height":1200,"caption":"VOILA COMMENT DIEU GU\u00c9RIT 151 pages, format L13xH20 cm Dr Gottfried Hertzka"},{"@type":"BreadcrumbList","@id":"https:\/\/www.lesjardinsdesaintehildegarde.com\/en\/books-and-music\/books\/practical-advice\/voila-comment-dieu-guerit-dr-hertzka\/#breadcrumb","itemListElement":[{"@type":"ListItem","position":1,"name":"Home","item":"https:\/\/www.lesjardinsdesaintehildegarde.com\/en\/"},{"@type":"ListItem","position":2,"name":"Products","item":"https:\/\/www.lesjardinsdesaintehildegarde.com\/en\/shop\/"},{"@type":"ListItem","position":3,"name":"VOILA COMMENT DIEU GUERIT &#8211; DR HERTZKA"}]},{"@type":"WebSite","@id":"https:\/\/www.lesjardinsdesaintehildegarde.com\/en\/#website","url":"https:\/\/www.lesjardinsdesaintehildegarde.com\/en\/","name":"Les Jardins de Sainte-Hildegarde","description":"Viriditas","publisher":{"@id":"https:\/\/www.lesjardinsdesaintehildegarde.com\/en\/#organization"},"potentialAction":[{"@type":"SearchAction","target":{"@type":"EntryPoint","urlTemplate":"https:\/\/www.lesjardinsdesaintehildegarde.com\/en\/?s={search_term_string}"},"query-input":{"@type":"PropertyValueSpecification","valueRequired":true,"valueName":"search_term_string"}}],"inLanguage":"en-US"},{"@type":"Organization","@id":"https:\/\/www.lesjardinsdesaintehildegarde.com\/en\/#organization","name":"Les Jardins de Sainte-Hildegarde","url":"https:\/\/www.lesjardinsdesaintehildegarde.com\/en\/","logo":{"@type":"ImageObject","inLanguage":"en-US","@id":"https:\/\/www.lesjardinsdesaintehildegarde.com\/en\/#\/schema\/logo\/image\/","url":"https:\/\/www.lesjardinsdesaintehildegarde.com\/wp-content\/uploads\/2022\/11\/logo-2022.png","contentUrl":"https:\/\/www.lesjardinsdesaintehildegarde.com\/wp-content\/uploads\/2022\/11\/logo-2022.png","width":365,"height":90,"caption":"Les Jardins de Sainte-Hildegarde"},"image":{"@id":"https:\/\/www.lesjardinsdesaintehildegarde.com\/en\/#\/schema\/logo\/image\/"}}]}},"_links":{"self":[{"href":"https:\/\/www.lesjardinsdesaintehildegarde.com\/en\/wp-json\/wp\/v2\/product\/1586","targetHints":{"allow":["GET"]}}],"collection":[{"href":"https:\/\/www.lesjardinsdesaintehildegarde.com\/en\/wp-json\/wp\/v2\/product"}],"about":[{"href":"https:\/\/www.lesjardinsdesaintehildegarde.com\/en\/wp-json\/wp\/v2\/types\/product"}],"replies":[{"embeddable":true,"href":"https:\/\/www.lesjardinsdesaintehildegarde.com\/en\/wp-json\/wp\/v2\/comments?post=1586"}],"wp:featuredmedia":[{"embeddable":true,"href":"https:\/\/www.lesjardinsdesaintehildegarde.com\/en\/wp-json\/wp\/v2\/media\/74959"}],"wp:attachment":[{"href":"https:\/\/www.lesjardinsdesaintehildegarde.com\/en\/wp-json\/wp\/v2\/media?parent=1586"}],"wp:term":[{"taxonomy":"product_brand","embeddable":true,"href":"https:\/\/www.lesjardinsdesaintehildegarde.com\/en\/wp-json\/wp\/v2\/product_brand?post=1586"},{"taxonomy":"product_cat","embeddable":true,"href":"https:\/\/www.lesjardinsdesaintehildegarde.com\/en\/wp-json\/wp\/v2\/product_cat?post=1586"},{"taxonomy":"product_tag","embeddable":true,"href":"https:\/\/www.lesjardinsdesaintehildegarde.com\/en\/wp-json\/wp\/v2\/product_tag?post=1586"}],"curies":[{"name":"wp","href":"https:\/\/api.w.org\/{rel}","templated":true}]}}