{"id":1589,"date":"2022-11-04T09:08:47","date_gmt":"2022-11-04T08:08:47","guid":{"rendered":"https:\/\/www.lesjardinsdesaintehildegarde.com\/non%20class\u00e9\/guerir-par-l-alimentation\/"},"modified":"2026-04-04T17:08:04","modified_gmt":"2026-04-04T15:08:04","slug":"guerir-par-l-alimentation","status":"publish","type":"product","link":"https:\/\/www.lesjardinsdesaintehildegarde.com\/en\/books-and-music\/books\/food-and-cooking\/guerir-par-l-alimentation\/","title":{"rendered":"GUERIR PAR L ALIMENTATION"},"content":{"rendered":"<p>GU\u00c9RIR PAR L&#8217;ALIMENTATION <\/p>\n<p>516 pages, format :  16.1 x 3.5 x 24.6 cm<\/p>\n<p>Dr Wighard Strehlow traduit de l&#8217;allemand par Marthe Mensah<\/p>\n<p>\u00c9ditions du Rocher collection Les Jardins de sainte Hildegarde<\/p>\n<p>L&#8217;alimentation avec Sainte Hildegarde<\/p>\n<p>La premi\u00e8re partie de cet ouvrage traite des vertus curatives des diff\u00e9rents aliments. <\/p>\n<p>La deuxi\u00e8me partie offre une large palette de recettes. <\/p>\n<p>La troisi\u00e8me partie d\u00e9crit des traitements et des r\u00e9gimes sp\u00e9cifiques pour une vingtaine de signes cliniques, dont les affections cardiaques et les troubles circulatoires, les allergies, les rhumatismes et les troubles gastro-intestinaux.&#8221;     <\/p>\n<p>4\u00e8me de couverture :<\/p>\n<p>&#8220;Les m\u00e9decins sp\u00e9cialistes nous mettent en garde contre la nourriture industrielle. Deux Am\u00e9ricains sur trois meurent des suites d&#8217;une mauvaise alimentation. Les autorit\u00e9s sanitaires reconnaissent toutes qu&#8217;il faut remplacer l&#8217;alimentation industrielle sans aucune valeur nutritive, trop riche en prot\u00e9ines animales, en graisses, en sucres et en sel, par une alimentation \u00e0 base de c\u00e9r\u00e9ales compl\u00e8tes, de fruits et de l\u00e9gumes.<\/p>\n<p>Dans un tel contexte, la th\u00e9rapie fond\u00e9e sur l&#8217;alimentation pr\u00e9conis\u00e9e par sainte Hildegarde, th\u00e9rapie vieille de 900 ans, est de nouveau d&#8217;actualit\u00e9. La ch\u00e2taigne et l&#8217;\u00e9peautre, que l&#8217;on peut utiliser pour la cuisson et la p\u00e2tisserie et qui nous donnent le &#8220;Habermus&#8221; de grande valeur nutritive (bouillie d&#8217;\u00e9peautre chaude) et le savoureux pain d&#8217;\u00e9peautre, sont au centre de l&#8217;art culinaire d&#8217;Hildegarde. Parce qu&#8217;ils sont naturellement prot\u00e9g\u00e9s par leur enveloppe dure, l&#8217;\u00e9peautre et la ch\u00e2taigne peuvent \u00eatre cultiv\u00e9s sans polluants chimiques.<\/p>\n<p>En comparaison avec d&#8217;autres r\u00e9gimes biologiques et d&#8217;autres th\u00e9rapies naturelles, la th\u00e9rapie alimentaire d&#8217;Hildegarde nous informe sur les vertus curatives des fruits et l\u00e9gumes, l&#8217;usage correct des herbes m\u00e9dicinales et les effets curatifs de la viande, du foie et du poisson. Le bilan de l&#8217;art culinaire d&#8217;Hildegarde est \u00e0 la fois simple et fabuleux : rien qu&#8217;avec une nourriture \u00e0 base d&#8217;\u00e9peautre, on peut pr\u00e9venir et gu\u00e9rir la plupart des maladies dues \u00e0 l&#8217;alimentation, pour autant que cela soit encore possible.<\/p>\n<p>Les conseils que l&#8217;on trouvera dans ce livre pour une vie heureuse, saine, pleine de vigueur, se r\u00e9f\u00e8rent aux neufs livres d&#8217;Hildegarde, \u00e9crits en latin, sur les vertus curatives des aliments que nous offre la nature, notamment la Physica, et son trait\u00e9 de m\u00e9decine Causae et Curae sur l&#8217;origine des maladies et la mani\u00e8re de les soigner. Ces principes nutritionnels ont \u00e9t\u00e9 red\u00e9couverts pour la premi\u00e8re fois peu apr\u00e8s la deuxi\u00e8me guerre mondiale par le Dr. Gottfried Hertzka, de Constance, qui les a appliqu\u00e9s \u00e0 ses malades. Depuis, ils ont maintes fois fait leurs preuves dans la vie quotidienne, m\u00eame dans des situations d\u00e9sesp\u00e9r\u00e9es.<\/p>\n<p>Les aliments sont &#8220;source de vie&#8221;, ils sont l&#8217;un des moyens qui nous sont offerts pour conserver et retrouver la sant\u00e9. Il ne faut donc pas laisser le hasard ou l&#8217;habitude nous dicter le choix de ce que nous mangeons.<\/p>\n","protected":false},"excerpt":{"rendered":"<p>GU\u00c9RIR PAR L&#8217;ALIMENTATION 516 pages, format : 16.1 x 3.5 x 24.6 cm Dr Wighard Strehlow traduit de l&#8217;allemand par Marthe Mensah \u00c9ditions du Rocher collection Les Jardins de sainte Hildegarde L&#8217;alimentation avec Sainte Hildegarde La premi\u00e8re partie de cet ouvrage traite des vertus curatives des diff\u00e9rents aliments. La deuxi\u00e8me partie offre une large palette [&hellip;]<\/p>\n","protected":false},"featured_media":75091,"comment_status":"open","ping_status":"closed","template":"","meta":{"_acf_changed":false,"_relevanssi_hide_post":"","_relevanssi_hide_content":"","_relevanssi_pin_for_all":"","_relevanssi_pin_keywords":"","_relevanssi_unpin_keywords":"","_relevanssi_related_keywords":"","_relevanssi_related_include_ids":"","_relevanssi_related_exclude_ids":"","_relevanssi_related_no_append":"","_relevanssi_related_not_related":"","_relevanssi_related_posts":"","_relevanssi_noindex_reason":""},"product_brand":[],"product_cat":[114,108,33],"product_tag":[],"class_list":{"0":"post-1589","1":"product","2":"type-product","3":"status-publish","4":"has-post-thumbnail","6":"product_cat-alimentation-et-recettes-de-cuisine","7":"product_cat-livres","8":"product_cat-livres-et-loisirs","10":"first","11":"instock","12":"taxable","13":"shipping-taxable","14":"purchasable","15":"product-type-simple"},"acf":[],"yoast_head":"<!-- This site is optimized with the Yoast SEO plugin v27.2 - https:\/\/yoast.com\/product\/yoast-seo-wordpress\/ -->\n<title>GUERIR PAR L ALIMENTATION - Les Jardins de Sainte-Hildegarde<\/title>\n<meta name=\"robots\" content=\"index, follow, max-snippet:-1, max-image-preview:large, max-video-preview:-1\" \/>\n<link rel=\"canonical\" href=\"https:\/\/www.lesjardinsdesaintehildegarde.com\/en\/books-and-music\/books\/food-and-cooking\/guerir-par-l-alimentation\/\" \/>\n<meta property=\"og:locale\" content=\"en_US\" \/>\n<meta property=\"og:type\" content=\"article\" \/>\n<meta property=\"og:title\" content=\"GUERIR PAR L ALIMENTATION - Les Jardins de Sainte-Hildegarde\" \/>\n<meta property=\"og:description\" content=\"GU\u00c9RIR PAR L&#8217;ALIMENTATION 516 pages, format : 16.1 x 3.5 x 24.6 cm Dr Wighard Strehlow traduit de l&#8217;allemand par Marthe Mensah \u00c9ditions du Rocher collection Les Jardins de sainte Hildegarde L&#8217;alimentation avec Sainte Hildegarde La premi\u00e8re partie de cet ouvrage traite des vertus curatives des diff\u00e9rents aliments. La deuxi\u00e8me partie offre une large palette [&hellip;]\" \/>\n<meta property=\"og:url\" content=\"https:\/\/www.lesjardinsdesaintehildegarde.com\/en\/books-and-music\/books\/food-and-cooking\/guerir-par-l-alimentation\/\" \/>\n<meta property=\"og:site_name\" content=\"Les Jardins de Sainte-Hildegarde\" \/>\n<meta property=\"article:modified_time\" content=\"2026-04-04T15:08:04+00:00\" \/>\n<meta property=\"og:image\" content=\"https:\/\/www.lesjardinsdesaintehildegarde.com\/wp-content\/uploads\/2023\/10\/l0085-guerir-par-lalimentation.jpg\" \/>\n\t<meta property=\"og:image:width\" content=\"1200\" \/>\n\t<meta property=\"og:image:height\" content=\"1200\" \/>\n\t<meta property=\"og:image:type\" content=\"image\/jpeg\" \/>\n<meta name=\"twitter:card\" content=\"summary_large_image\" \/>\n<meta name=\"twitter:label1\" content=\"Est. reading time\" \/>\n\t<meta name=\"twitter:data1\" content=\"3 minutes\" \/>\n<script type=\"application\/ld+json\" class=\"yoast-schema-graph\">{\"@context\":\"https:\/\/schema.org\",\"@graph\":[{\"@type\":\"WebPage\",\"@id\":\"https:\/\/www.lesjardinsdesaintehildegarde.com\/en\/books-and-music\/books\/food-and-cooking\/guerir-par-l-alimentation\/\",\"url\":\"https:\/\/www.lesjardinsdesaintehildegarde.com\/en\/books-and-music\/books\/food-and-cooking\/guerir-par-l-alimentation\/\",\"name\":\"GUERIR PAR L ALIMENTATION - Les Jardins de Sainte-Hildegarde\",\"isPartOf\":{\"@id\":\"https:\/\/www.lesjardinsdesaintehildegarde.com\/en\/#website\"},\"primaryImageOfPage\":{\"@id\":\"https:\/\/www.lesjardinsdesaintehildegarde.com\/en\/books-and-music\/books\/food-and-cooking\/guerir-par-l-alimentation\/#primaryimage\"},\"image\":{\"@id\":\"https:\/\/www.lesjardinsdesaintehildegarde.com\/en\/books-and-music\/books\/food-and-cooking\/guerir-par-l-alimentation\/#primaryimage\"},\"thumbnailUrl\":\"https:\/\/www.lesjardinsdesaintehildegarde.com\/wp-content\/uploads\/2023\/10\/l0085-guerir-par-lalimentation.jpg\",\"datePublished\":\"2022-11-04T08:08:47+00:00\",\"dateModified\":\"2026-04-04T15:08:04+00:00\",\"breadcrumb\":{\"@id\":\"https:\/\/www.lesjardinsdesaintehildegarde.com\/en\/books-and-music\/books\/food-and-cooking\/guerir-par-l-alimentation\/#breadcrumb\"},\"inLanguage\":\"en-US\",\"potentialAction\":[{\"@type\":\"ReadAction\",\"target\":[\"https:\/\/www.lesjardinsdesaintehildegarde.com\/en\/books-and-music\/books\/food-and-cooking\/guerir-par-l-alimentation\/\"]}]},{\"@type\":\"ImageObject\",\"inLanguage\":\"en-US\",\"@id\":\"https:\/\/www.lesjardinsdesaintehildegarde.com\/en\/books-and-music\/books\/food-and-cooking\/guerir-par-l-alimentation\/#primaryimage\",\"url\":\"https:\/\/www.lesjardinsdesaintehildegarde.com\/wp-content\/uploads\/2023\/10\/l0085-guerir-par-lalimentation.jpg\",\"contentUrl\":\"https:\/\/www.lesjardinsdesaintehildegarde.com\/wp-content\/uploads\/2023\/10\/l0085-guerir-par-lalimentation.jpg\",\"width\":1200,\"height\":1200,\"caption\":\"GU\u00c9RIR PAR L'ALIMENTATION 516 pages Dr Wighard Strehlow \u00c9ditions du Rocvher, collection \\\"Les Jardins d'Hildegarde\\\"\"},{\"@type\":\"BreadcrumbList\",\"@id\":\"https:\/\/www.lesjardinsdesaintehildegarde.com\/en\/books-and-music\/books\/food-and-cooking\/guerir-par-l-alimentation\/#breadcrumb\",\"itemListElement\":[{\"@type\":\"ListItem\",\"position\":1,\"name\":\"Home\",\"item\":\"https:\/\/www.lesjardinsdesaintehildegarde.com\/en\/\"},{\"@type\":\"ListItem\",\"position\":2,\"name\":\"Products\",\"item\":\"https:\/\/www.lesjardinsdesaintehildegarde.com\/en\/shop\/\"},{\"@type\":\"ListItem\",\"position\":3,\"name\":\"GUERIR PAR L ALIMENTATION\"}]},{\"@type\":\"WebSite\",\"@id\":\"https:\/\/www.lesjardinsdesaintehildegarde.com\/en\/#website\",\"url\":\"https:\/\/www.lesjardinsdesaintehildegarde.com\/en\/\",\"name\":\"Les Jardins de Sainte-Hildegarde\",\"description\":\"Viriditas\",\"publisher\":{\"@id\":\"https:\/\/www.lesjardinsdesaintehildegarde.com\/en\/#organization\"},\"potentialAction\":[{\"@type\":\"SearchAction\",\"target\":{\"@type\":\"EntryPoint\",\"urlTemplate\":\"https:\/\/www.lesjardinsdesaintehildegarde.com\/en\/?s={search_term_string}\"},\"query-input\":{\"@type\":\"PropertyValueSpecification\",\"valueRequired\":true,\"valueName\":\"search_term_string\"}}],\"inLanguage\":\"en-US\"},{\"@type\":\"Organization\",\"@id\":\"https:\/\/www.lesjardinsdesaintehildegarde.com\/en\/#organization\",\"name\":\"Les Jardins de Sainte-Hildegarde\",\"url\":\"https:\/\/www.lesjardinsdesaintehildegarde.com\/en\/\",\"logo\":{\"@type\":\"ImageObject\",\"inLanguage\":\"en-US\",\"@id\":\"https:\/\/www.lesjardinsdesaintehildegarde.com\/en\/#\/schema\/logo\/image\/\",\"url\":\"https:\/\/www.lesjardinsdesaintehildegarde.com\/wp-content\/uploads\/2022\/11\/logo-2022.png\",\"contentUrl\":\"https:\/\/www.lesjardinsdesaintehildegarde.com\/wp-content\/uploads\/2022\/11\/logo-2022.png\",\"width\":365,\"height\":90,\"caption\":\"Les Jardins de Sainte-Hildegarde\"},\"image\":{\"@id\":\"https:\/\/www.lesjardinsdesaintehildegarde.com\/en\/#\/schema\/logo\/image\/\"}}]}<\/script>\n<!-- \/ Yoast SEO plugin. -->","yoast_head_json":{"title":"GUERIR PAR L ALIMENTATION - Les Jardins de Sainte-Hildegarde","robots":{"index":"index","follow":"follow","max-snippet":"max-snippet:-1","max-image-preview":"max-image-preview:large","max-video-preview":"max-video-preview:-1"},"canonical":"https:\/\/www.lesjardinsdesaintehildegarde.com\/en\/books-and-music\/books\/food-and-cooking\/guerir-par-l-alimentation\/","og_locale":"en_US","og_type":"article","og_title":"GUERIR PAR L ALIMENTATION - Les Jardins de Sainte-Hildegarde","og_description":"GU\u00c9RIR PAR L&#8217;ALIMENTATION 516 pages, format : 16.1 x 3.5 x 24.6 cm Dr Wighard Strehlow traduit de l&#8217;allemand par Marthe Mensah \u00c9ditions du Rocher collection Les Jardins de sainte Hildegarde L&#8217;alimentation avec Sainte Hildegarde La premi\u00e8re partie de cet ouvrage traite des vertus curatives des diff\u00e9rents aliments. La deuxi\u00e8me partie offre une large palette [&hellip;]","og_url":"https:\/\/www.lesjardinsdesaintehildegarde.com\/en\/books-and-music\/books\/food-and-cooking\/guerir-par-l-alimentation\/","og_site_name":"Les Jardins de Sainte-Hildegarde","article_modified_time":"2026-04-04T15:08:04+00:00","og_image":[{"width":1200,"height":1200,"url":"https:\/\/www.lesjardinsdesaintehildegarde.com\/wp-content\/uploads\/2023\/10\/l0085-guerir-par-lalimentation.jpg","type":"image\/jpeg"}],"twitter_card":"summary_large_image","twitter_misc":{"Est. reading time":"3 minutes"},"schema":{"@context":"https:\/\/schema.org","@graph":[{"@type":"WebPage","@id":"https:\/\/www.lesjardinsdesaintehildegarde.com\/en\/books-and-music\/books\/food-and-cooking\/guerir-par-l-alimentation\/","url":"https:\/\/www.lesjardinsdesaintehildegarde.com\/en\/books-and-music\/books\/food-and-cooking\/guerir-par-l-alimentation\/","name":"GUERIR PAR L ALIMENTATION - Les Jardins de Sainte-Hildegarde","isPartOf":{"@id":"https:\/\/www.lesjardinsdesaintehildegarde.com\/en\/#website"},"primaryImageOfPage":{"@id":"https:\/\/www.lesjardinsdesaintehildegarde.com\/en\/books-and-music\/books\/food-and-cooking\/guerir-par-l-alimentation\/#primaryimage"},"image":{"@id":"https:\/\/www.lesjardinsdesaintehildegarde.com\/en\/books-and-music\/books\/food-and-cooking\/guerir-par-l-alimentation\/#primaryimage"},"thumbnailUrl":"https:\/\/www.lesjardinsdesaintehildegarde.com\/wp-content\/uploads\/2023\/10\/l0085-guerir-par-lalimentation.jpg","datePublished":"2022-11-04T08:08:47+00:00","dateModified":"2026-04-04T15:08:04+00:00","breadcrumb":{"@id":"https:\/\/www.lesjardinsdesaintehildegarde.com\/en\/books-and-music\/books\/food-and-cooking\/guerir-par-l-alimentation\/#breadcrumb"},"inLanguage":"en-US","potentialAction":[{"@type":"ReadAction","target":["https:\/\/www.lesjardinsdesaintehildegarde.com\/en\/books-and-music\/books\/food-and-cooking\/guerir-par-l-alimentation\/"]}]},{"@type":"ImageObject","inLanguage":"en-US","@id":"https:\/\/www.lesjardinsdesaintehildegarde.com\/en\/books-and-music\/books\/food-and-cooking\/guerir-par-l-alimentation\/#primaryimage","url":"https:\/\/www.lesjardinsdesaintehildegarde.com\/wp-content\/uploads\/2023\/10\/l0085-guerir-par-lalimentation.jpg","contentUrl":"https:\/\/www.lesjardinsdesaintehildegarde.com\/wp-content\/uploads\/2023\/10\/l0085-guerir-par-lalimentation.jpg","width":1200,"height":1200,"caption":"GU\u00c9RIR PAR L'ALIMENTATION 516 pages Dr Wighard Strehlow \u00c9ditions du Rocvher, collection \"Les Jardins d'Hildegarde\""},{"@type":"BreadcrumbList","@id":"https:\/\/www.lesjardinsdesaintehildegarde.com\/en\/books-and-music\/books\/food-and-cooking\/guerir-par-l-alimentation\/#breadcrumb","itemListElement":[{"@type":"ListItem","position":1,"name":"Home","item":"https:\/\/www.lesjardinsdesaintehildegarde.com\/en\/"},{"@type":"ListItem","position":2,"name":"Products","item":"https:\/\/www.lesjardinsdesaintehildegarde.com\/en\/shop\/"},{"@type":"ListItem","position":3,"name":"GUERIR PAR L ALIMENTATION"}]},{"@type":"WebSite","@id":"https:\/\/www.lesjardinsdesaintehildegarde.com\/en\/#website","url":"https:\/\/www.lesjardinsdesaintehildegarde.com\/en\/","name":"Les Jardins de Sainte-Hildegarde","description":"Viriditas","publisher":{"@id":"https:\/\/www.lesjardinsdesaintehildegarde.com\/en\/#organization"},"potentialAction":[{"@type":"SearchAction","target":{"@type":"EntryPoint","urlTemplate":"https:\/\/www.lesjardinsdesaintehildegarde.com\/en\/?s={search_term_string}"},"query-input":{"@type":"PropertyValueSpecification","valueRequired":true,"valueName":"search_term_string"}}],"inLanguage":"en-US"},{"@type":"Organization","@id":"https:\/\/www.lesjardinsdesaintehildegarde.com\/en\/#organization","name":"Les Jardins de Sainte-Hildegarde","url":"https:\/\/www.lesjardinsdesaintehildegarde.com\/en\/","logo":{"@type":"ImageObject","inLanguage":"en-US","@id":"https:\/\/www.lesjardinsdesaintehildegarde.com\/en\/#\/schema\/logo\/image\/","url":"https:\/\/www.lesjardinsdesaintehildegarde.com\/wp-content\/uploads\/2022\/11\/logo-2022.png","contentUrl":"https:\/\/www.lesjardinsdesaintehildegarde.com\/wp-content\/uploads\/2022\/11\/logo-2022.png","width":365,"height":90,"caption":"Les Jardins de Sainte-Hildegarde"},"image":{"@id":"https:\/\/www.lesjardinsdesaintehildegarde.com\/en\/#\/schema\/logo\/image\/"}}]}},"_links":{"self":[{"href":"https:\/\/www.lesjardinsdesaintehildegarde.com\/en\/wp-json\/wp\/v2\/product\/1589","targetHints":{"allow":["GET"]}}],"collection":[{"href":"https:\/\/www.lesjardinsdesaintehildegarde.com\/en\/wp-json\/wp\/v2\/product"}],"about":[{"href":"https:\/\/www.lesjardinsdesaintehildegarde.com\/en\/wp-json\/wp\/v2\/types\/product"}],"replies":[{"embeddable":true,"href":"https:\/\/www.lesjardinsdesaintehildegarde.com\/en\/wp-json\/wp\/v2\/comments?post=1589"}],"wp:featuredmedia":[{"embeddable":true,"href":"https:\/\/www.lesjardinsdesaintehildegarde.com\/en\/wp-json\/wp\/v2\/media\/75091"}],"wp:attachment":[{"href":"https:\/\/www.lesjardinsdesaintehildegarde.com\/en\/wp-json\/wp\/v2\/media?parent=1589"}],"wp:term":[{"taxonomy":"product_brand","embeddable":true,"href":"https:\/\/www.lesjardinsdesaintehildegarde.com\/en\/wp-json\/wp\/v2\/product_brand?post=1589"},{"taxonomy":"product_cat","embeddable":true,"href":"https:\/\/www.lesjardinsdesaintehildegarde.com\/en\/wp-json\/wp\/v2\/product_cat?post=1589"},{"taxonomy":"product_tag","embeddable":true,"href":"https:\/\/www.lesjardinsdesaintehildegarde.com\/en\/wp-json\/wp\/v2\/product_tag?post=1589"}],"curies":[{"name":"wp","href":"https:\/\/api.w.org\/{rel}","templated":true}]}}