{"id":1593,"date":"2022-11-04T09:08:48","date_gmt":"2022-11-04T08:08:48","guid":{"rendered":"https:\/\/www.lesjardinsdesaintehildegarde.com\/non%20class\u00e9\/la-sante-de-la-femme-selon-hildegarde\/"},"modified":"2026-03-31T10:46:03","modified_gmt":"2026-03-31T08:46:03","slug":"la-sante-de-la-femme-selon-hildegarde","status":"publish","type":"product","link":"https:\/\/www.lesjardinsdesaintehildegarde.com\/en\/books-and-music\/books\/practical-advice\/la-sante-de-la-femme-selon-hildegarde\/","title":{"rendered":"LA SANTE DE LA FEMME SELON HILDEGARDE"},"content":{"rendered":"<p>LA SANT\u00c9 DE LA FEMME SELON HILDEGARDE DE BINGEN<\/p>\n<p>312 pages, format L14 X H21 cm<\/p>\n<p>Dr r Wighard Strehlow<\/p>\n<p>\u00c9ditions du Rocher collection Les Jardins de sainte Hildegarde<\/p>\n<p>Les conseils de Sainte Hildegarde en pratique<\/p>\n<p>Gu\u00e9rir de fa\u00e7on alternative \/ Les rem\u00e8des selon Sainte Hildegarde : une m\u00e9decine d&#8217;avenir<\/p>\n<p>4\u00e9me de couverture : <\/p>\n<p>Sainte Hildegarde est un mod\u00e8le pour toutes les femmes qui ne veulent pas se r\u00e9signer \u00e0 ce que la m\u00e9nopause soit le d\u00e9but de la d\u00e9g\u00e9n\u00e9rescence du corps et de l&#8217;esprit, mais, au contraire, consid\u00e8rent que c&#8217;est le d\u00e9but d&#8217;une vie nouvelle et heureuse. <\/p>\n<p>A l&#8217;\u00e2ge de cinquante ans, elle d\u00e9ployait une activit\u00e9 \u00e9tonnante, fondait son propre monast\u00e8re, composait un op\u00e9ra, r\u00e9digeait plusieurs livres sur les rem\u00e8des naturels, spirituels et cosmiques, entreprenait de longs voyages \u00e0 pied, \u00e0 cheval ou en bateau. M\u00eame tr\u00e8s \u00e2g\u00e9e, elle intervenait encore par ses critiques et conseils dans la vie politique de son \u00e9poque.<\/p>\n<p>Vous trouverez dans ce livre les informations essentielles sur les moyens et m\u00e9thodes qui permettent de gu\u00e9rir les maladies f\u00e9minines, telles que Sainte Hildegarde nous les a expliqu\u00e9es. Elle peut vous \u00e9tonner par ses connaissances sur la sexualit\u00e9 des hommes et des femmes, le choix d&#8217;un conjoint, la conception, les rem\u00e8des contre l&#8217;infertilit\u00e9 et le risque de perdre un foetus. <\/p>\n<p>Les directives qu&#8217;elle donne faciliteront votre choix de rem\u00e8des et de m\u00e9thodes naturelles pour gu\u00e9rir les troubles de la r\u00e9gulation hormonale, appliquer des moyens simples et efficaces en cas de probl\u00e8mes de menstruation, r\u00e9soudre les difficult\u00e9s li\u00e9es \u00e0 la m\u00e9nopause, trouver une protection naturelle contre l&#8217;ost\u00e9oporose et le cancer du sein.<\/p>\n<p>De nombreuses maladies sp\u00e9cifiquement f\u00e9minines, en particulier le cancer du sein, peuvent se d\u00e9velopper par un manque de purification du sang, ou \u00e0 la suite d&#8217;un arr\u00eat subit des r\u00e8gles apr\u00e8s une op\u00e9ration chirurgicale, ou suite \u00e0 l&#8217;ablation de l&#8217;ut\u00e9rus. <\/p>\n<p>Un moyen de pr\u00e9vention efficace serait dans ce cas, une simple saign\u00e9e, pratiqu\u00e9e selon Sainte Hildegarde.&#8221;<\/p>\n","protected":false},"excerpt":{"rendered":"<p>LA SANT\u00c9 DE LA FEMME SELON HILDEGARDE DE BINGEN 312 pages, format L14 X H21 cm Dr r Wighard Strehlow \u00c9ditions du Rocher collection Les Jardins de sainte Hildegarde Les conseils de Sainte Hildegarde en pratique Gu\u00e9rir de fa\u00e7on alternative \/ Les rem\u00e8des selon Sainte Hildegarde : une m\u00e9decine d&#8217;avenir 4\u00e9me de couverture : Sainte [&hellip;]<\/p>\n","protected":false},"featured_media":75049,"comment_status":"open","ping_status":"closed","template":"","meta":{"_acf_changed":false,"_relevanssi_hide_post":"","_relevanssi_hide_content":"","_relevanssi_pin_for_all":"","_relevanssi_pin_keywords":"","_relevanssi_unpin_keywords":"","_relevanssi_related_keywords":"","_relevanssi_related_include_ids":"","_relevanssi_related_exclude_ids":"","_relevanssi_related_no_append":"","_relevanssi_related_not_related":"","_relevanssi_related_posts":"","_relevanssi_noindex_reason":""},"product_brand":[],"product_cat":[111,108,33],"product_tag":[],"class_list":{"0":"post-1593","1":"product","2":"type-product","3":"status-publish","4":"has-post-thumbnail","6":"product_cat-conseils-pratiques","7":"product_cat-livres","8":"product_cat-livres-et-loisirs","10":"first","11":"instock","12":"taxable","13":"shipping-taxable","14":"purchasable","15":"product-type-simple"},"acf":[],"yoast_head":"<!-- This site is optimized with the Yoast SEO plugin v27.2 - https:\/\/yoast.com\/product\/yoast-seo-wordpress\/ -->\n<title>LA SANTE DE LA FEMME SELON HILDEGARDE - Les Jardins de Sainte-Hildegarde<\/title>\n<meta name=\"robots\" content=\"index, follow, max-snippet:-1, max-image-preview:large, max-video-preview:-1\" \/>\n<link rel=\"canonical\" href=\"https:\/\/www.lesjardinsdesaintehildegarde.com\/en\/books-and-music\/books\/practical-advice\/la-sante-de-la-femme-selon-hildegarde\/\" \/>\n<meta property=\"og:locale\" content=\"en_US\" \/>\n<meta property=\"og:type\" content=\"article\" \/>\n<meta property=\"og:title\" content=\"LA SANTE DE LA FEMME SELON HILDEGARDE - Les Jardins de Sainte-Hildegarde\" \/>\n<meta property=\"og:description\" content=\"LA SANT\u00c9 DE LA FEMME SELON HILDEGARDE DE BINGEN 312 pages, format L14 X H21 cm Dr r Wighard Strehlow \u00c9ditions du Rocher collection Les Jardins de sainte Hildegarde Les conseils de Sainte Hildegarde en pratique Gu\u00e9rir de fa\u00e7on alternative \/ Les rem\u00e8des selon Sainte Hildegarde : une m\u00e9decine d&#8217;avenir 4\u00e9me de couverture : Sainte [&hellip;]\" \/>\n<meta property=\"og:url\" content=\"https:\/\/www.lesjardinsdesaintehildegarde.com\/en\/books-and-music\/books\/practical-advice\/la-sante-de-la-femme-selon-hildegarde\/\" \/>\n<meta property=\"og:site_name\" content=\"Les Jardins de Sainte-Hildegarde\" \/>\n<meta property=\"article:modified_time\" content=\"2026-03-31T08:46:03+00:00\" \/>\n<meta property=\"og:image\" content=\"https:\/\/www.lesjardinsdesaintehildegarde.com\/wp-content\/uploads\/2023\/10\/l0089-la-sante-de-la-femme.jpg\" \/>\n\t<meta property=\"og:image:width\" content=\"1200\" \/>\n\t<meta property=\"og:image:height\" content=\"1200\" \/>\n\t<meta property=\"og:image:type\" content=\"image\/jpeg\" \/>\n<meta name=\"twitter:card\" content=\"summary_large_image\" \/>\n<meta name=\"twitter:label1\" content=\"Est. reading time\" \/>\n\t<meta name=\"twitter:data1\" content=\"2 minutes\" \/>\n<script type=\"application\/ld+json\" class=\"yoast-schema-graph\">{\"@context\":\"https:\/\/schema.org\",\"@graph\":[{\"@type\":\"WebPage\",\"@id\":\"https:\/\/www.lesjardinsdesaintehildegarde.com\/en\/books-and-music\/books\/practical-advice\/la-sante-de-la-femme-selon-hildegarde\/\",\"url\":\"https:\/\/www.lesjardinsdesaintehildegarde.com\/en\/books-and-music\/books\/practical-advice\/la-sante-de-la-femme-selon-hildegarde\/\",\"name\":\"LA SANTE DE LA FEMME SELON HILDEGARDE - Les Jardins de Sainte-Hildegarde\",\"isPartOf\":{\"@id\":\"https:\/\/www.lesjardinsdesaintehildegarde.com\/en\/#website\"},\"primaryImageOfPage\":{\"@id\":\"https:\/\/www.lesjardinsdesaintehildegarde.com\/en\/books-and-music\/books\/practical-advice\/la-sante-de-la-femme-selon-hildegarde\/#primaryimage\"},\"image\":{\"@id\":\"https:\/\/www.lesjardinsdesaintehildegarde.com\/en\/books-and-music\/books\/practical-advice\/la-sante-de-la-femme-selon-hildegarde\/#primaryimage\"},\"thumbnailUrl\":\"https:\/\/www.lesjardinsdesaintehildegarde.com\/wp-content\/uploads\/2023\/10\/l0089-la-sante-de-la-femme.jpg\",\"datePublished\":\"2022-11-04T08:08:48+00:00\",\"dateModified\":\"2026-03-31T08:46:03+00:00\",\"breadcrumb\":{\"@id\":\"https:\/\/www.lesjardinsdesaintehildegarde.com\/en\/books-and-music\/books\/practical-advice\/la-sante-de-la-femme-selon-hildegarde\/#breadcrumb\"},\"inLanguage\":\"en-US\",\"potentialAction\":[{\"@type\":\"ReadAction\",\"target\":[\"https:\/\/www.lesjardinsdesaintehildegarde.com\/en\/books-and-music\/books\/practical-advice\/la-sante-de-la-femme-selon-hildegarde\/\"]}]},{\"@type\":\"ImageObject\",\"inLanguage\":\"en-US\",\"@id\":\"https:\/\/www.lesjardinsdesaintehildegarde.com\/en\/books-and-music\/books\/practical-advice\/la-sante-de-la-femme-selon-hildegarde\/#primaryimage\",\"url\":\"https:\/\/www.lesjardinsdesaintehildegarde.com\/wp-content\/uploads\/2023\/10\/l0089-la-sante-de-la-femme.jpg\",\"contentUrl\":\"https:\/\/www.lesjardinsdesaintehildegarde.com\/wp-content\/uploads\/2023\/10\/l0089-la-sante-de-la-femme.jpg\",\"width\":1200,\"height\":1200,\"caption\":\"LA SANT\u00c9 DE LA FEMME SELON HILDEGARDE DE BINGEN 276 pages, format L11.5xH18 cm Dr r Wighard Strehlow\"},{\"@type\":\"BreadcrumbList\",\"@id\":\"https:\/\/www.lesjardinsdesaintehildegarde.com\/en\/books-and-music\/books\/practical-advice\/la-sante-de-la-femme-selon-hildegarde\/#breadcrumb\",\"itemListElement\":[{\"@type\":\"ListItem\",\"position\":1,\"name\":\"Home\",\"item\":\"https:\/\/www.lesjardinsdesaintehildegarde.com\/en\/\"},{\"@type\":\"ListItem\",\"position\":2,\"name\":\"Products\",\"item\":\"https:\/\/www.lesjardinsdesaintehildegarde.com\/en\/shop\/\"},{\"@type\":\"ListItem\",\"position\":3,\"name\":\"LA SANTE DE LA FEMME SELON HILDEGARDE\"}]},{\"@type\":\"WebSite\",\"@id\":\"https:\/\/www.lesjardinsdesaintehildegarde.com\/en\/#website\",\"url\":\"https:\/\/www.lesjardinsdesaintehildegarde.com\/en\/\",\"name\":\"Les Jardins de Sainte-Hildegarde\",\"description\":\"Viriditas\",\"publisher\":{\"@id\":\"https:\/\/www.lesjardinsdesaintehildegarde.com\/en\/#organization\"},\"potentialAction\":[{\"@type\":\"SearchAction\",\"target\":{\"@type\":\"EntryPoint\",\"urlTemplate\":\"https:\/\/www.lesjardinsdesaintehildegarde.com\/en\/?s={search_term_string}\"},\"query-input\":{\"@type\":\"PropertyValueSpecification\",\"valueRequired\":true,\"valueName\":\"search_term_string\"}}],\"inLanguage\":\"en-US\"},{\"@type\":\"Organization\",\"@id\":\"https:\/\/www.lesjardinsdesaintehildegarde.com\/en\/#organization\",\"name\":\"Les Jardins de Sainte-Hildegarde\",\"url\":\"https:\/\/www.lesjardinsdesaintehildegarde.com\/en\/\",\"logo\":{\"@type\":\"ImageObject\",\"inLanguage\":\"en-US\",\"@id\":\"https:\/\/www.lesjardinsdesaintehildegarde.com\/en\/#\/schema\/logo\/image\/\",\"url\":\"https:\/\/www.lesjardinsdesaintehildegarde.com\/wp-content\/uploads\/2022\/11\/logo-2022.png\",\"contentUrl\":\"https:\/\/www.lesjardinsdesaintehildegarde.com\/wp-content\/uploads\/2022\/11\/logo-2022.png\",\"width\":365,\"height\":90,\"caption\":\"Les Jardins de Sainte-Hildegarde\"},\"image\":{\"@id\":\"https:\/\/www.lesjardinsdesaintehildegarde.com\/en\/#\/schema\/logo\/image\/\"}}]}<\/script>\n<!-- \/ Yoast SEO plugin. -->","yoast_head_json":{"title":"LA SANTE DE LA FEMME SELON HILDEGARDE - Les Jardins de Sainte-Hildegarde","robots":{"index":"index","follow":"follow","max-snippet":"max-snippet:-1","max-image-preview":"max-image-preview:large","max-video-preview":"max-video-preview:-1"},"canonical":"https:\/\/www.lesjardinsdesaintehildegarde.com\/en\/books-and-music\/books\/practical-advice\/la-sante-de-la-femme-selon-hildegarde\/","og_locale":"en_US","og_type":"article","og_title":"LA SANTE DE LA FEMME SELON HILDEGARDE - Les Jardins de Sainte-Hildegarde","og_description":"LA SANT\u00c9 DE LA FEMME SELON HILDEGARDE DE BINGEN 312 pages, format L14 X H21 cm Dr r Wighard Strehlow \u00c9ditions du Rocher collection Les Jardins de sainte Hildegarde Les conseils de Sainte Hildegarde en pratique Gu\u00e9rir de fa\u00e7on alternative \/ Les rem\u00e8des selon Sainte Hildegarde : une m\u00e9decine d&#8217;avenir 4\u00e9me de couverture : Sainte [&hellip;]","og_url":"https:\/\/www.lesjardinsdesaintehildegarde.com\/en\/books-and-music\/books\/practical-advice\/la-sante-de-la-femme-selon-hildegarde\/","og_site_name":"Les Jardins de Sainte-Hildegarde","article_modified_time":"2026-03-31T08:46:03+00:00","og_image":[{"width":1200,"height":1200,"url":"https:\/\/www.lesjardinsdesaintehildegarde.com\/wp-content\/uploads\/2023\/10\/l0089-la-sante-de-la-femme.jpg","type":"image\/jpeg"}],"twitter_card":"summary_large_image","twitter_misc":{"Est. reading time":"2 minutes"},"schema":{"@context":"https:\/\/schema.org","@graph":[{"@type":"WebPage","@id":"https:\/\/www.lesjardinsdesaintehildegarde.com\/en\/books-and-music\/books\/practical-advice\/la-sante-de-la-femme-selon-hildegarde\/","url":"https:\/\/www.lesjardinsdesaintehildegarde.com\/en\/books-and-music\/books\/practical-advice\/la-sante-de-la-femme-selon-hildegarde\/","name":"LA SANTE DE LA FEMME SELON HILDEGARDE - Les Jardins de Sainte-Hildegarde","isPartOf":{"@id":"https:\/\/www.lesjardinsdesaintehildegarde.com\/en\/#website"},"primaryImageOfPage":{"@id":"https:\/\/www.lesjardinsdesaintehildegarde.com\/en\/books-and-music\/books\/practical-advice\/la-sante-de-la-femme-selon-hildegarde\/#primaryimage"},"image":{"@id":"https:\/\/www.lesjardinsdesaintehildegarde.com\/en\/books-and-music\/books\/practical-advice\/la-sante-de-la-femme-selon-hildegarde\/#primaryimage"},"thumbnailUrl":"https:\/\/www.lesjardinsdesaintehildegarde.com\/wp-content\/uploads\/2023\/10\/l0089-la-sante-de-la-femme.jpg","datePublished":"2022-11-04T08:08:48+00:00","dateModified":"2026-03-31T08:46:03+00:00","breadcrumb":{"@id":"https:\/\/www.lesjardinsdesaintehildegarde.com\/en\/books-and-music\/books\/practical-advice\/la-sante-de-la-femme-selon-hildegarde\/#breadcrumb"},"inLanguage":"en-US","potentialAction":[{"@type":"ReadAction","target":["https:\/\/www.lesjardinsdesaintehildegarde.com\/en\/books-and-music\/books\/practical-advice\/la-sante-de-la-femme-selon-hildegarde\/"]}]},{"@type":"ImageObject","inLanguage":"en-US","@id":"https:\/\/www.lesjardinsdesaintehildegarde.com\/en\/books-and-music\/books\/practical-advice\/la-sante-de-la-femme-selon-hildegarde\/#primaryimage","url":"https:\/\/www.lesjardinsdesaintehildegarde.com\/wp-content\/uploads\/2023\/10\/l0089-la-sante-de-la-femme.jpg","contentUrl":"https:\/\/www.lesjardinsdesaintehildegarde.com\/wp-content\/uploads\/2023\/10\/l0089-la-sante-de-la-femme.jpg","width":1200,"height":1200,"caption":"LA SANT\u00c9 DE LA FEMME SELON HILDEGARDE DE BINGEN 276 pages, format L11.5xH18 cm Dr r Wighard Strehlow"},{"@type":"BreadcrumbList","@id":"https:\/\/www.lesjardinsdesaintehildegarde.com\/en\/books-and-music\/books\/practical-advice\/la-sante-de-la-femme-selon-hildegarde\/#breadcrumb","itemListElement":[{"@type":"ListItem","position":1,"name":"Home","item":"https:\/\/www.lesjardinsdesaintehildegarde.com\/en\/"},{"@type":"ListItem","position":2,"name":"Products","item":"https:\/\/www.lesjardinsdesaintehildegarde.com\/en\/shop\/"},{"@type":"ListItem","position":3,"name":"LA SANTE DE LA FEMME SELON HILDEGARDE"}]},{"@type":"WebSite","@id":"https:\/\/www.lesjardinsdesaintehildegarde.com\/en\/#website","url":"https:\/\/www.lesjardinsdesaintehildegarde.com\/en\/","name":"Les Jardins de Sainte-Hildegarde","description":"Viriditas","publisher":{"@id":"https:\/\/www.lesjardinsdesaintehildegarde.com\/en\/#organization"},"potentialAction":[{"@type":"SearchAction","target":{"@type":"EntryPoint","urlTemplate":"https:\/\/www.lesjardinsdesaintehildegarde.com\/en\/?s={search_term_string}"},"query-input":{"@type":"PropertyValueSpecification","valueRequired":true,"valueName":"search_term_string"}}],"inLanguage":"en-US"},{"@type":"Organization","@id":"https:\/\/www.lesjardinsdesaintehildegarde.com\/en\/#organization","name":"Les Jardins de Sainte-Hildegarde","url":"https:\/\/www.lesjardinsdesaintehildegarde.com\/en\/","logo":{"@type":"ImageObject","inLanguage":"en-US","@id":"https:\/\/www.lesjardinsdesaintehildegarde.com\/en\/#\/schema\/logo\/image\/","url":"https:\/\/www.lesjardinsdesaintehildegarde.com\/wp-content\/uploads\/2022\/11\/logo-2022.png","contentUrl":"https:\/\/www.lesjardinsdesaintehildegarde.com\/wp-content\/uploads\/2022\/11\/logo-2022.png","width":365,"height":90,"caption":"Les Jardins de Sainte-Hildegarde"},"image":{"@id":"https:\/\/www.lesjardinsdesaintehildegarde.com\/en\/#\/schema\/logo\/image\/"}}]}},"_links":{"self":[{"href":"https:\/\/www.lesjardinsdesaintehildegarde.com\/en\/wp-json\/wp\/v2\/product\/1593","targetHints":{"allow":["GET"]}}],"collection":[{"href":"https:\/\/www.lesjardinsdesaintehildegarde.com\/en\/wp-json\/wp\/v2\/product"}],"about":[{"href":"https:\/\/www.lesjardinsdesaintehildegarde.com\/en\/wp-json\/wp\/v2\/types\/product"}],"replies":[{"embeddable":true,"href":"https:\/\/www.lesjardinsdesaintehildegarde.com\/en\/wp-json\/wp\/v2\/comments?post=1593"}],"wp:featuredmedia":[{"embeddable":true,"href":"https:\/\/www.lesjardinsdesaintehildegarde.com\/en\/wp-json\/wp\/v2\/media\/75049"}],"wp:attachment":[{"href":"https:\/\/www.lesjardinsdesaintehildegarde.com\/en\/wp-json\/wp\/v2\/media?parent=1593"}],"wp:term":[{"taxonomy":"product_brand","embeddable":true,"href":"https:\/\/www.lesjardinsdesaintehildegarde.com\/en\/wp-json\/wp\/v2\/product_brand?post=1593"},{"taxonomy":"product_cat","embeddable":true,"href":"https:\/\/www.lesjardinsdesaintehildegarde.com\/en\/wp-json\/wp\/v2\/product_cat?post=1593"},{"taxonomy":"product_tag","embeddable":true,"href":"https:\/\/www.lesjardinsdesaintehildegarde.com\/en\/wp-json\/wp\/v2\/product_tag?post=1593"}],"curies":[{"name":"wp","href":"https:\/\/api.w.org\/{rel}","templated":true}]}}