{"id":1594,"date":"2022-11-04T09:08:48","date_gmt":"2022-11-04T08:08:48","guid":{"rendered":"https:\/\/www.lesjardinsdesaintehildegarde.com\/non%20class\u00e9\/les-pierres-qui-guerissent-selon-ste-hdb\/"},"modified":"2026-03-31T15:23:05","modified_gmt":"2026-03-31T13:23:05","slug":"les-pierres-qui-guerissent-selon-ste-hdb","status":"publish","type":"product","link":"https:\/\/www.lesjardinsdesaintehildegarde.com\/en\/books-and-music\/books\/practical-advice\/les-pierres-qui-guerissent-selon-ste-hdb\/","title":{"rendered":"LES PIERRES QUI GUERISSENT SELON STE HDB"},"content":{"rendered":"<p><\/p>\n<p><strong>LES PIERRES QUI GU\u00c9RISSENT SELON HILDEGARDE DE<br \/>\nBINGEN<\/strong><\/p>\n<p><\/p>\n<p>152 pages, format L16xH24 cm<\/p>\n<p><\/p>\n<p>Michael Giender<\/p>\n<p><\/p>\n<p>\u00c9dition Guy Tr\u00e9daniel<\/p>\n<p><\/p>\n<p><strong>Les conseils de Sainte Hildegarde en<br \/>\npratique<\/strong><\/p>\n<p><\/p>\n<p>Manuel de lapidoth\u00e9rapie &#8211; Nouvelles et surprenantes d\u00e9couvertes sur<br \/>\nles pierres th\u00e9rapeutiques !<\/p>\n<p><\/p>\n<p><strong>4\u00e9me de couverture :<\/strong><\/p>\n<p><\/p>\n<p>R\u00e9dig\u00e9 il y a 850 ans, le <em>Lapis Lapidarium<\/em>, livre de<br \/>\nHildegarde de Bingen sur les pierres, est toujours d&#8217;actualit\u00e9.<\/p>\n<p><\/p>\n<p>Il d\u00e9crit 24 pierres th\u00e9rapeutiques, dont les effets sont confirm\u00e9s<br \/>\npar les exp\u00e9riences de la Lapidoth\u00e9rapie moderne.<\/p>\n<p><\/p>\n<p>Bien plus, les m\u00e9taphores utilis\u00e9es par Hildegarde pour d\u00e9crire la<br \/>\nnaissance de ces pierres, refl\u00e8tent les acquisitions de la science<br \/>\nd&#8217;aujourd&#8217;hui.<\/p>\n<p><\/p>\n<p>Pour la premi\u00e8re fois, toutes les pierres th\u00e9rapeutiques de<br \/>\nHildegarde de Bingen sont min\u00e9ralogiquement d\u00e9finies avec pr\u00e9cision et<br \/>\nconfront\u00e9es aux acquisitions de la science et de la m\u00e9decine modernes.<br \/>\nDes erreurs classiques sont \u00e9galement corrig\u00e9es car, dans la litt\u00e9rature<br \/>\nant\u00e9rieure, huit pierres th\u00e9rapeutiques sont souvent mal traduites, ou<br \/>\nleur nom mal attribu\u00e9 !<\/p>\n<p><\/p>\n<p>Vous apprendrez ainsi comment utiliser au quotidien les pierres<br \/>\nth\u00e9rapeutiques de Hildegarde de Bingen, pour le plus grand bien de votre<br \/>\nsant\u00e9.<\/p>\n","protected":false},"excerpt":{"rendered":"<p>LES PIERRES QUI GU\u00c9RISSENT SELON HILDEGARDE DE BINGEN 152 pages, format L16xH24 cm Michael Giender \u00c9dition Guy Tr\u00e9daniel Les conseils de Sainte Hildegarde en pratique Manuel de lapidoth\u00e9rapie &#8211; Nouvelles et surprenantes d\u00e9couvertes sur les pierres th\u00e9rapeutiques ! 4\u00e9me de couverture : R\u00e9dig\u00e9 il y a 850 ans, le Lapis Lapidarium, livre de Hildegarde de [&hellip;]<\/p>\n","protected":false},"featured_media":75001,"comment_status":"open","ping_status":"closed","template":"","meta":{"_acf_changed":false,"_relevanssi_hide_post":"","_relevanssi_hide_content":"","_relevanssi_pin_for_all":"","_relevanssi_pin_keywords":"","_relevanssi_unpin_keywords":"","_relevanssi_related_keywords":"","_relevanssi_related_include_ids":"","_relevanssi_related_exclude_ids":"","_relevanssi_related_no_append":"","_relevanssi_related_not_related":"","_relevanssi_related_posts":"","_relevanssi_noindex_reason":""},"product_brand":[],"product_cat":[111,108,33],"product_tag":[],"class_list":{"0":"post-1594","1":"product","2":"type-product","3":"status-publish","4":"has-post-thumbnail","6":"product_cat-conseils-pratiques","7":"product_cat-livres","8":"product_cat-livres-et-loisirs","10":"first","11":"instock","12":"taxable","13":"shipping-taxable","14":"purchasable","15":"product-type-simple"},"acf":[],"yoast_head":"<!-- This site is optimized with the Yoast SEO plugin v27.2 - https:\/\/yoast.com\/product\/yoast-seo-wordpress\/ -->\n<title>LES PIERRES QUI GUERISSENT SELON STE HDB - Les Jardins de Sainte-Hildegarde<\/title>\n<meta name=\"robots\" content=\"index, follow, max-snippet:-1, max-image-preview:large, max-video-preview:-1\" \/>\n<link rel=\"canonical\" href=\"https:\/\/www.lesjardinsdesaintehildegarde.com\/en\/books-and-music\/books\/practical-advice\/les-pierres-qui-guerissent-selon-ste-hdb\/\" \/>\n<meta property=\"og:locale\" content=\"en_US\" \/>\n<meta property=\"og:type\" content=\"article\" \/>\n<meta property=\"og:title\" content=\"LES PIERRES QUI GUERISSENT SELON STE HDB - Les Jardins de Sainte-Hildegarde\" \/>\n<meta property=\"og:description\" content=\"LES PIERRES QUI GU\u00c9RISSENT SELON HILDEGARDE DE BINGEN 152 pages, format L16xH24 cm Michael Giender \u00c9dition Guy Tr\u00e9daniel Les conseils de Sainte Hildegarde en pratique Manuel de lapidoth\u00e9rapie &#8211; Nouvelles et surprenantes d\u00e9couvertes sur les pierres th\u00e9rapeutiques ! 4\u00e9me de couverture : R\u00e9dig\u00e9 il y a 850 ans, le Lapis Lapidarium, livre de Hildegarde de [&hellip;]\" \/>\n<meta property=\"og:url\" content=\"https:\/\/www.lesjardinsdesaintehildegarde.com\/en\/books-and-music\/books\/practical-advice\/les-pierres-qui-guerissent-selon-ste-hdb\/\" \/>\n<meta property=\"og:site_name\" content=\"Les Jardins de Sainte-Hildegarde\" \/>\n<meta property=\"article:modified_time\" content=\"2026-03-31T13:23:05+00:00\" \/>\n<meta property=\"og:image\" content=\"https:\/\/www.lesjardinsdesaintehildegarde.com\/wp-content\/uploads\/2023\/10\/l0090-les-pierres-qui-guerissent.jpg\" \/>\n\t<meta property=\"og:image:width\" content=\"1200\" \/>\n\t<meta property=\"og:image:height\" content=\"1200\" \/>\n\t<meta property=\"og:image:type\" content=\"image\/jpeg\" \/>\n<meta name=\"twitter:card\" content=\"summary_large_image\" \/>\n<meta name=\"twitter:label1\" content=\"Est. reading time\" \/>\n\t<meta name=\"twitter:data1\" content=\"1 minute\" \/>\n<script type=\"application\/ld+json\" class=\"yoast-schema-graph\">{\"@context\":\"https:\/\/schema.org\",\"@graph\":[{\"@type\":\"WebPage\",\"@id\":\"https:\/\/www.lesjardinsdesaintehildegarde.com\/en\/books-and-music\/books\/practical-advice\/les-pierres-qui-guerissent-selon-ste-hdb\/\",\"url\":\"https:\/\/www.lesjardinsdesaintehildegarde.com\/en\/books-and-music\/books\/practical-advice\/les-pierres-qui-guerissent-selon-ste-hdb\/\",\"name\":\"LES PIERRES QUI GUERISSENT SELON STE HDB - Les Jardins de Sainte-Hildegarde\",\"isPartOf\":{\"@id\":\"https:\/\/www.lesjardinsdesaintehildegarde.com\/en\/#website\"},\"primaryImageOfPage\":{\"@id\":\"https:\/\/www.lesjardinsdesaintehildegarde.com\/en\/books-and-music\/books\/practical-advice\/les-pierres-qui-guerissent-selon-ste-hdb\/#primaryimage\"},\"image\":{\"@id\":\"https:\/\/www.lesjardinsdesaintehildegarde.com\/en\/books-and-music\/books\/practical-advice\/les-pierres-qui-guerissent-selon-ste-hdb\/#primaryimage\"},\"thumbnailUrl\":\"https:\/\/www.lesjardinsdesaintehildegarde.com\/wp-content\/uploads\/2023\/10\/l0090-les-pierres-qui-guerissent.jpg\",\"datePublished\":\"2022-11-04T08:08:48+00:00\",\"dateModified\":\"2026-03-31T13:23:05+00:00\",\"breadcrumb\":{\"@id\":\"https:\/\/www.lesjardinsdesaintehildegarde.com\/en\/books-and-music\/books\/practical-advice\/les-pierres-qui-guerissent-selon-ste-hdb\/#breadcrumb\"},\"inLanguage\":\"en-US\",\"potentialAction\":[{\"@type\":\"ReadAction\",\"target\":[\"https:\/\/www.lesjardinsdesaintehildegarde.com\/en\/books-and-music\/books\/practical-advice\/les-pierres-qui-guerissent-selon-ste-hdb\/\"]}]},{\"@type\":\"ImageObject\",\"inLanguage\":\"en-US\",\"@id\":\"https:\/\/www.lesjardinsdesaintehildegarde.com\/en\/books-and-music\/books\/practical-advice\/les-pierres-qui-guerissent-selon-ste-hdb\/#primaryimage\",\"url\":\"https:\/\/www.lesjardinsdesaintehildegarde.com\/wp-content\/uploads\/2023\/10\/l0090-les-pierres-qui-guerissent.jpg\",\"contentUrl\":\"https:\/\/www.lesjardinsdesaintehildegarde.com\/wp-content\/uploads\/2023\/10\/l0090-les-pierres-qui-guerissent.jpg\",\"width\":1200,\"height\":1200,\"caption\":\"LES PIERRES QUI GU\u00c9RISSENT SELON HILDEGARDE DE BINGEN 152 pages, format L16xH24 cm Michael Giender\"},{\"@type\":\"BreadcrumbList\",\"@id\":\"https:\/\/www.lesjardinsdesaintehildegarde.com\/en\/books-and-music\/books\/practical-advice\/les-pierres-qui-guerissent-selon-ste-hdb\/#breadcrumb\",\"itemListElement\":[{\"@type\":\"ListItem\",\"position\":1,\"name\":\"Home\",\"item\":\"https:\/\/www.lesjardinsdesaintehildegarde.com\/en\/\"},{\"@type\":\"ListItem\",\"position\":2,\"name\":\"Products\",\"item\":\"https:\/\/www.lesjardinsdesaintehildegarde.com\/en\/shop\/\"},{\"@type\":\"ListItem\",\"position\":3,\"name\":\"LES PIERRES QUI GUERISSENT SELON STE HDB\"}]},{\"@type\":\"WebSite\",\"@id\":\"https:\/\/www.lesjardinsdesaintehildegarde.com\/en\/#website\",\"url\":\"https:\/\/www.lesjardinsdesaintehildegarde.com\/en\/\",\"name\":\"Les Jardins de Sainte-Hildegarde\",\"description\":\"Viriditas\",\"publisher\":{\"@id\":\"https:\/\/www.lesjardinsdesaintehildegarde.com\/en\/#organization\"},\"potentialAction\":[{\"@type\":\"SearchAction\",\"target\":{\"@type\":\"EntryPoint\",\"urlTemplate\":\"https:\/\/www.lesjardinsdesaintehildegarde.com\/en\/?s={search_term_string}\"},\"query-input\":{\"@type\":\"PropertyValueSpecification\",\"valueRequired\":true,\"valueName\":\"search_term_string\"}}],\"inLanguage\":\"en-US\"},{\"@type\":\"Organization\",\"@id\":\"https:\/\/www.lesjardinsdesaintehildegarde.com\/en\/#organization\",\"name\":\"Les Jardins de Sainte-Hildegarde\",\"url\":\"https:\/\/www.lesjardinsdesaintehildegarde.com\/en\/\",\"logo\":{\"@type\":\"ImageObject\",\"inLanguage\":\"en-US\",\"@id\":\"https:\/\/www.lesjardinsdesaintehildegarde.com\/en\/#\/schema\/logo\/image\/\",\"url\":\"https:\/\/www.lesjardinsdesaintehildegarde.com\/wp-content\/uploads\/2022\/11\/logo-2022.png\",\"contentUrl\":\"https:\/\/www.lesjardinsdesaintehildegarde.com\/wp-content\/uploads\/2022\/11\/logo-2022.png\",\"width\":365,\"height\":90,\"caption\":\"Les Jardins de Sainte-Hildegarde\"},\"image\":{\"@id\":\"https:\/\/www.lesjardinsdesaintehildegarde.com\/en\/#\/schema\/logo\/image\/\"}}]}<\/script>\n<!-- \/ Yoast SEO plugin. -->","yoast_head_json":{"title":"LES PIERRES QUI GUERISSENT SELON STE HDB - Les Jardins de Sainte-Hildegarde","robots":{"index":"index","follow":"follow","max-snippet":"max-snippet:-1","max-image-preview":"max-image-preview:large","max-video-preview":"max-video-preview:-1"},"canonical":"https:\/\/www.lesjardinsdesaintehildegarde.com\/en\/books-and-music\/books\/practical-advice\/les-pierres-qui-guerissent-selon-ste-hdb\/","og_locale":"en_US","og_type":"article","og_title":"LES PIERRES QUI GUERISSENT SELON STE HDB - Les Jardins de Sainte-Hildegarde","og_description":"LES PIERRES QUI GU\u00c9RISSENT SELON HILDEGARDE DE BINGEN 152 pages, format L16xH24 cm Michael Giender \u00c9dition Guy Tr\u00e9daniel Les conseils de Sainte Hildegarde en pratique Manuel de lapidoth\u00e9rapie &#8211; Nouvelles et surprenantes d\u00e9couvertes sur les pierres th\u00e9rapeutiques ! 4\u00e9me de couverture : R\u00e9dig\u00e9 il y a 850 ans, le Lapis Lapidarium, livre de Hildegarde de [&hellip;]","og_url":"https:\/\/www.lesjardinsdesaintehildegarde.com\/en\/books-and-music\/books\/practical-advice\/les-pierres-qui-guerissent-selon-ste-hdb\/","og_site_name":"Les Jardins de Sainte-Hildegarde","article_modified_time":"2026-03-31T13:23:05+00:00","og_image":[{"width":1200,"height":1200,"url":"https:\/\/www.lesjardinsdesaintehildegarde.com\/wp-content\/uploads\/2023\/10\/l0090-les-pierres-qui-guerissent.jpg","type":"image\/jpeg"}],"twitter_card":"summary_large_image","twitter_misc":{"Est. reading time":"1 minute"},"schema":{"@context":"https:\/\/schema.org","@graph":[{"@type":"WebPage","@id":"https:\/\/www.lesjardinsdesaintehildegarde.com\/en\/books-and-music\/books\/practical-advice\/les-pierres-qui-guerissent-selon-ste-hdb\/","url":"https:\/\/www.lesjardinsdesaintehildegarde.com\/en\/books-and-music\/books\/practical-advice\/les-pierres-qui-guerissent-selon-ste-hdb\/","name":"LES PIERRES QUI GUERISSENT SELON STE HDB - Les Jardins de Sainte-Hildegarde","isPartOf":{"@id":"https:\/\/www.lesjardinsdesaintehildegarde.com\/en\/#website"},"primaryImageOfPage":{"@id":"https:\/\/www.lesjardinsdesaintehildegarde.com\/en\/books-and-music\/books\/practical-advice\/les-pierres-qui-guerissent-selon-ste-hdb\/#primaryimage"},"image":{"@id":"https:\/\/www.lesjardinsdesaintehildegarde.com\/en\/books-and-music\/books\/practical-advice\/les-pierres-qui-guerissent-selon-ste-hdb\/#primaryimage"},"thumbnailUrl":"https:\/\/www.lesjardinsdesaintehildegarde.com\/wp-content\/uploads\/2023\/10\/l0090-les-pierres-qui-guerissent.jpg","datePublished":"2022-11-04T08:08:48+00:00","dateModified":"2026-03-31T13:23:05+00:00","breadcrumb":{"@id":"https:\/\/www.lesjardinsdesaintehildegarde.com\/en\/books-and-music\/books\/practical-advice\/les-pierres-qui-guerissent-selon-ste-hdb\/#breadcrumb"},"inLanguage":"en-US","potentialAction":[{"@type":"ReadAction","target":["https:\/\/www.lesjardinsdesaintehildegarde.com\/en\/books-and-music\/books\/practical-advice\/les-pierres-qui-guerissent-selon-ste-hdb\/"]}]},{"@type":"ImageObject","inLanguage":"en-US","@id":"https:\/\/www.lesjardinsdesaintehildegarde.com\/en\/books-and-music\/books\/practical-advice\/les-pierres-qui-guerissent-selon-ste-hdb\/#primaryimage","url":"https:\/\/www.lesjardinsdesaintehildegarde.com\/wp-content\/uploads\/2023\/10\/l0090-les-pierres-qui-guerissent.jpg","contentUrl":"https:\/\/www.lesjardinsdesaintehildegarde.com\/wp-content\/uploads\/2023\/10\/l0090-les-pierres-qui-guerissent.jpg","width":1200,"height":1200,"caption":"LES PIERRES QUI GU\u00c9RISSENT SELON HILDEGARDE DE BINGEN 152 pages, format L16xH24 cm Michael Giender"},{"@type":"BreadcrumbList","@id":"https:\/\/www.lesjardinsdesaintehildegarde.com\/en\/books-and-music\/books\/practical-advice\/les-pierres-qui-guerissent-selon-ste-hdb\/#breadcrumb","itemListElement":[{"@type":"ListItem","position":1,"name":"Home","item":"https:\/\/www.lesjardinsdesaintehildegarde.com\/en\/"},{"@type":"ListItem","position":2,"name":"Products","item":"https:\/\/www.lesjardinsdesaintehildegarde.com\/en\/shop\/"},{"@type":"ListItem","position":3,"name":"LES PIERRES QUI GUERISSENT SELON STE HDB"}]},{"@type":"WebSite","@id":"https:\/\/www.lesjardinsdesaintehildegarde.com\/en\/#website","url":"https:\/\/www.lesjardinsdesaintehildegarde.com\/en\/","name":"Les Jardins de Sainte-Hildegarde","description":"Viriditas","publisher":{"@id":"https:\/\/www.lesjardinsdesaintehildegarde.com\/en\/#organization"},"potentialAction":[{"@type":"SearchAction","target":{"@type":"EntryPoint","urlTemplate":"https:\/\/www.lesjardinsdesaintehildegarde.com\/en\/?s={search_term_string}"},"query-input":{"@type":"PropertyValueSpecification","valueRequired":true,"valueName":"search_term_string"}}],"inLanguage":"en-US"},{"@type":"Organization","@id":"https:\/\/www.lesjardinsdesaintehildegarde.com\/en\/#organization","name":"Les Jardins de Sainte-Hildegarde","url":"https:\/\/www.lesjardinsdesaintehildegarde.com\/en\/","logo":{"@type":"ImageObject","inLanguage":"en-US","@id":"https:\/\/www.lesjardinsdesaintehildegarde.com\/en\/#\/schema\/logo\/image\/","url":"https:\/\/www.lesjardinsdesaintehildegarde.com\/wp-content\/uploads\/2022\/11\/logo-2022.png","contentUrl":"https:\/\/www.lesjardinsdesaintehildegarde.com\/wp-content\/uploads\/2022\/11\/logo-2022.png","width":365,"height":90,"caption":"Les Jardins de Sainte-Hildegarde"},"image":{"@id":"https:\/\/www.lesjardinsdesaintehildegarde.com\/en\/#\/schema\/logo\/image\/"}}]}},"_links":{"self":[{"href":"https:\/\/www.lesjardinsdesaintehildegarde.com\/en\/wp-json\/wp\/v2\/product\/1594","targetHints":{"allow":["GET"]}}],"collection":[{"href":"https:\/\/www.lesjardinsdesaintehildegarde.com\/en\/wp-json\/wp\/v2\/product"}],"about":[{"href":"https:\/\/www.lesjardinsdesaintehildegarde.com\/en\/wp-json\/wp\/v2\/types\/product"}],"replies":[{"embeddable":true,"href":"https:\/\/www.lesjardinsdesaintehildegarde.com\/en\/wp-json\/wp\/v2\/comments?post=1594"}],"wp:featuredmedia":[{"embeddable":true,"href":"https:\/\/www.lesjardinsdesaintehildegarde.com\/en\/wp-json\/wp\/v2\/media\/75001"}],"wp:attachment":[{"href":"https:\/\/www.lesjardinsdesaintehildegarde.com\/en\/wp-json\/wp\/v2\/media?parent=1594"}],"wp:term":[{"taxonomy":"product_brand","embeddable":true,"href":"https:\/\/www.lesjardinsdesaintehildegarde.com\/en\/wp-json\/wp\/v2\/product_brand?post=1594"},{"taxonomy":"product_cat","embeddable":true,"href":"https:\/\/www.lesjardinsdesaintehildegarde.com\/en\/wp-json\/wp\/v2\/product_cat?post=1594"},{"taxonomy":"product_tag","embeddable":true,"href":"https:\/\/www.lesjardinsdesaintehildegarde.com\/en\/wp-json\/wp\/v2\/product_tag?post=1594"}],"curies":[{"name":"wp","href":"https:\/\/api.w.org\/{rel}","templated":true}]}}