{"id":1599,"date":"2022-11-04T09:08:49","date_gmt":"2022-11-04T08:08:49","guid":{"rendered":"https:\/\/www.lesjardinsdesaintehildegarde.com\/non%20class\u00e9\/soigner-son-intestin-et-son-appareil-dig\/"},"modified":"2026-04-15T15:21:05","modified_gmt":"2026-04-15T13:21:05","slug":"soigner-son-intestin-et-son-appareil-dig","status":"publish","type":"product","link":"https:\/\/www.lesjardinsdesaintehildegarde.com\/en\/books-and-music\/books\/practical-advice\/soigner-son-intestin-et-son-appareil-dig\/","title":{"rendered":"SOIGNER SON INTESTIN ET SON APPAREIL DIG"},"content":{"rendered":"<p>SOIGNER SON INTESTIN ET SON APPAREIL DIGESTIF SELON HILDEGARDE DE BINGEN<\/p>\n<p>264 pages, format L14 x H21 cm<\/p>\n<p>Dr Wighard Strehlow <\/p>\n<p>\u00c9ditions du Rocher collection Les Jardins de sainte Hildegarde<\/p>\n<p>Les conseils de Sainte Hildegarde en pratique<\/p>\n<p>La m\u00e9decine d&#8217;Hildegarde de Bingen est une m\u00e9decine id\u00e9ale pour l&#8217;avenir !<\/p>\n<p>4\u00e9me de couverture :<\/p>\n<p>Intemporelle et globale, c&#8217;est avant tout une th\u00e9rapeutique pr\u00e9ventive qui constitue une alternative tr\u00e8s satisfaisante \u00e0 d&#8217;autres m\u00e9thodes de soins existantes. <\/p>\n<p>L&#8217;auteur, fort de son exp\u00e9rience, nous d\u00e9montre comment on peut, non seulement pr\u00e9venir les grandes maladies de civilisation, mais encore apporter une aide dans des cas difficiles, en se servant de la science m\u00e9dicale d&#8217;Hildegarde.<\/p>\n<p>Ce livre, consacr\u00e9 essentiellement aux maladies de l&#8217;appareil digestif, d\u00e9montre que la nourriture et la boisson maintiennent \u00e0 l&#8217;unisson le corps et l&#8217;\u00e2me. Les troubles les plus fr\u00e9quents dont souffre l&#8217;homme moderne y sont d\u00e9crits : maux de ventre, ballonnements, digestion difficile, diarrh\u00e9e, constipation, colites, allergies alimentaires&#8230;<\/p>\n<p>Chacun de nous a la chance de pouvoir collaborer activement au maintien de sa propre sant\u00e9 d&#8217;une mani\u00e8re responsable, en adoptant un art de vivre et de se nourrir raisonnable, en choisissant des aliments de qualit\u00e9 et en r\u00e9apprenant \u00e0 les pr\u00e9parer. <\/p>\n<p>Les recommandations d&#8217;Hildegarde de Bingen r\u00e9alisent parfaitement cet id\u00e9al de vie et de sant\u00e9 !<\/p>\n","protected":false},"excerpt":{"rendered":"<p>SOIGNER SON INTESTIN ET SON APPAREIL DIGESTIF SELON HILDEGARDE DE BINGEN 264 pages, format L14 x H21 cm Dr Wighard Strehlow \u00c9ditions du Rocher collection Les Jardins de sainte Hildegarde Les conseils de Sainte Hildegarde en pratique La m\u00e9decine d&#8217;Hildegarde de Bingen est une m\u00e9decine id\u00e9ale pour l&#8217;avenir ! 4\u00e9me de couverture : Intemporelle et [&hellip;]<\/p>\n","protected":false},"featured_media":75339,"comment_status":"open","ping_status":"closed","template":"","meta":{"_acf_changed":false,"_relevanssi_hide_post":"","_relevanssi_hide_content":"","_relevanssi_pin_for_all":"","_relevanssi_pin_keywords":"","_relevanssi_unpin_keywords":"","_relevanssi_related_keywords":"","_relevanssi_related_include_ids":"","_relevanssi_related_exclude_ids":"","_relevanssi_related_no_append":"","_relevanssi_related_not_related":"","_relevanssi_related_posts":"","_relevanssi_noindex_reason":""},"product_brand":[],"product_cat":[111,108,33],"product_tag":[],"class_list":{"0":"post-1599","1":"product","2":"type-product","3":"status-publish","4":"has-post-thumbnail","6":"product_cat-conseils-pratiques","7":"product_cat-livres","8":"product_cat-livres-et-loisirs","10":"first","11":"instock","12":"taxable","13":"shipping-taxable","14":"purchasable","15":"product-type-simple"},"acf":[],"yoast_head":"<!-- This site is optimized with the Yoast SEO plugin v27.2 - https:\/\/yoast.com\/product\/yoast-seo-wordpress\/ -->\n<title>SOIGNER SON INTESTIN ET SON APPAREIL DIG - Les Jardins de Sainte-Hildegarde<\/title>\n<meta name=\"robots\" content=\"index, follow, max-snippet:-1, max-image-preview:large, max-video-preview:-1\" \/>\n<link rel=\"canonical\" href=\"https:\/\/www.lesjardinsdesaintehildegarde.com\/en\/books-and-music\/books\/practical-advice\/soigner-son-intestin-et-son-appareil-dig\/\" \/>\n<meta property=\"og:locale\" content=\"en_US\" \/>\n<meta property=\"og:type\" content=\"article\" \/>\n<meta property=\"og:title\" content=\"SOIGNER SON INTESTIN ET SON APPAREIL DIG - Les Jardins de Sainte-Hildegarde\" \/>\n<meta property=\"og:description\" content=\"SOIGNER SON INTESTIN ET SON APPAREIL DIGESTIF SELON HILDEGARDE DE BINGEN 264 pages, format L14 x H21 cm Dr Wighard Strehlow \u00c9ditions du Rocher collection Les Jardins de sainte Hildegarde Les conseils de Sainte Hildegarde en pratique La m\u00e9decine d&#8217;Hildegarde de Bingen est une m\u00e9decine id\u00e9ale pour l&#8217;avenir ! 4\u00e9me de couverture : Intemporelle et [&hellip;]\" \/>\n<meta property=\"og:url\" content=\"https:\/\/www.lesjardinsdesaintehildegarde.com\/en\/books-and-music\/books\/practical-advice\/soigner-son-intestin-et-son-appareil-dig\/\" \/>\n<meta property=\"og:site_name\" content=\"Les Jardins de Sainte-Hildegarde\" \/>\n<meta property=\"article:modified_time\" content=\"2026-04-15T13:21:05+00:00\" \/>\n<meta property=\"og:image\" content=\"https:\/\/www.lesjardinsdesaintehildegarde.com\/wp-content\/uploads\/2022\/11\/l0098-soigner-son-intestin-et-son-appareil-digestif.jpg\" \/>\n\t<meta property=\"og:image:width\" content=\"1200\" \/>\n\t<meta property=\"og:image:height\" content=\"1200\" \/>\n\t<meta property=\"og:image:type\" content=\"image\/jpeg\" \/>\n<meta name=\"twitter:card\" content=\"summary_large_image\" \/>\n<meta name=\"twitter:label1\" content=\"Est. reading time\" \/>\n\t<meta name=\"twitter:data1\" content=\"2 minutes\" \/>\n<script type=\"application\/ld+json\" class=\"yoast-schema-graph\">{\"@context\":\"https:\/\/schema.org\",\"@graph\":[{\"@type\":\"WebPage\",\"@id\":\"https:\/\/www.lesjardinsdesaintehildegarde.com\/en\/books-and-music\/books\/practical-advice\/soigner-son-intestin-et-son-appareil-dig\/\",\"url\":\"https:\/\/www.lesjardinsdesaintehildegarde.com\/en\/books-and-music\/books\/practical-advice\/soigner-son-intestin-et-son-appareil-dig\/\",\"name\":\"SOIGNER SON INTESTIN ET SON APPAREIL DIG - Les Jardins de Sainte-Hildegarde\",\"isPartOf\":{\"@id\":\"https:\/\/www.lesjardinsdesaintehildegarde.com\/en\/#website\"},\"primaryImageOfPage\":{\"@id\":\"https:\/\/www.lesjardinsdesaintehildegarde.com\/en\/books-and-music\/books\/practical-advice\/soigner-son-intestin-et-son-appareil-dig\/#primaryimage\"},\"image\":{\"@id\":\"https:\/\/www.lesjardinsdesaintehildegarde.com\/en\/books-and-music\/books\/practical-advice\/soigner-son-intestin-et-son-appareil-dig\/#primaryimage\"},\"thumbnailUrl\":\"https:\/\/www.lesjardinsdesaintehildegarde.com\/wp-content\/uploads\/2022\/11\/l0098-soigner-son-intestin-et-son-appareil-digestif.jpg\",\"datePublished\":\"2022-11-04T08:08:49+00:00\",\"dateModified\":\"2026-04-15T13:21:05+00:00\",\"breadcrumb\":{\"@id\":\"https:\/\/www.lesjardinsdesaintehildegarde.com\/en\/books-and-music\/books\/practical-advice\/soigner-son-intestin-et-son-appareil-dig\/#breadcrumb\"},\"inLanguage\":\"en-US\",\"potentialAction\":[{\"@type\":\"ReadAction\",\"target\":[\"https:\/\/www.lesjardinsdesaintehildegarde.com\/en\/books-and-music\/books\/practical-advice\/soigner-son-intestin-et-son-appareil-dig\/\"]}]},{\"@type\":\"ImageObject\",\"inLanguage\":\"en-US\",\"@id\":\"https:\/\/www.lesjardinsdesaintehildegarde.com\/en\/books-and-music\/books\/practical-advice\/soigner-son-intestin-et-son-appareil-dig\/#primaryimage\",\"url\":\"https:\/\/www.lesjardinsdesaintehildegarde.com\/wp-content\/uploads\/2022\/11\/l0098-soigner-son-intestin-et-son-appareil-digestif.jpg\",\"contentUrl\":\"https:\/\/www.lesjardinsdesaintehildegarde.com\/wp-content\/uploads\/2022\/11\/l0098-soigner-son-intestin-et-son-appareil-digestif.jpg\",\"width\":1200,\"height\":1200,\"caption\":\"LES MALADIES DE L'APPAREIL DIGESTIF Selon Hildegarde de Bingen 224 pages, format L11.5xH18 cm Dr Wighard Strehlow\"},{\"@type\":\"BreadcrumbList\",\"@id\":\"https:\/\/www.lesjardinsdesaintehildegarde.com\/en\/books-and-music\/books\/practical-advice\/soigner-son-intestin-et-son-appareil-dig\/#breadcrumb\",\"itemListElement\":[{\"@type\":\"ListItem\",\"position\":1,\"name\":\"Home\",\"item\":\"https:\/\/www.lesjardinsdesaintehildegarde.com\/en\/\"},{\"@type\":\"ListItem\",\"position\":2,\"name\":\"Products\",\"item\":\"https:\/\/www.lesjardinsdesaintehildegarde.com\/en\/shop\/\"},{\"@type\":\"ListItem\",\"position\":3,\"name\":\"SOIGNER SON INTESTIN ET SON APPAREIL DIG\"}]},{\"@type\":\"WebSite\",\"@id\":\"https:\/\/www.lesjardinsdesaintehildegarde.com\/en\/#website\",\"url\":\"https:\/\/www.lesjardinsdesaintehildegarde.com\/en\/\",\"name\":\"Les Jardins de Sainte-Hildegarde\",\"description\":\"Viriditas\",\"publisher\":{\"@id\":\"https:\/\/www.lesjardinsdesaintehildegarde.com\/en\/#organization\"},\"potentialAction\":[{\"@type\":\"SearchAction\",\"target\":{\"@type\":\"EntryPoint\",\"urlTemplate\":\"https:\/\/www.lesjardinsdesaintehildegarde.com\/en\/?s={search_term_string}\"},\"query-input\":{\"@type\":\"PropertyValueSpecification\",\"valueRequired\":true,\"valueName\":\"search_term_string\"}}],\"inLanguage\":\"en-US\"},{\"@type\":\"Organization\",\"@id\":\"https:\/\/www.lesjardinsdesaintehildegarde.com\/en\/#organization\",\"name\":\"Les Jardins de Sainte-Hildegarde\",\"url\":\"https:\/\/www.lesjardinsdesaintehildegarde.com\/en\/\",\"logo\":{\"@type\":\"ImageObject\",\"inLanguage\":\"en-US\",\"@id\":\"https:\/\/www.lesjardinsdesaintehildegarde.com\/en\/#\/schema\/logo\/image\/\",\"url\":\"https:\/\/www.lesjardinsdesaintehildegarde.com\/wp-content\/uploads\/2022\/11\/logo-2022.png\",\"contentUrl\":\"https:\/\/www.lesjardinsdesaintehildegarde.com\/wp-content\/uploads\/2022\/11\/logo-2022.png\",\"width\":365,\"height\":90,\"caption\":\"Les Jardins de Sainte-Hildegarde\"},\"image\":{\"@id\":\"https:\/\/www.lesjardinsdesaintehildegarde.com\/en\/#\/schema\/logo\/image\/\"}}]}<\/script>\n<!-- \/ Yoast SEO plugin. -->","yoast_head_json":{"title":"SOIGNER SON INTESTIN ET SON APPAREIL DIG - Les Jardins de Sainte-Hildegarde","robots":{"index":"index","follow":"follow","max-snippet":"max-snippet:-1","max-image-preview":"max-image-preview:large","max-video-preview":"max-video-preview:-1"},"canonical":"https:\/\/www.lesjardinsdesaintehildegarde.com\/en\/books-and-music\/books\/practical-advice\/soigner-son-intestin-et-son-appareil-dig\/","og_locale":"en_US","og_type":"article","og_title":"SOIGNER SON INTESTIN ET SON APPAREIL DIG - Les Jardins de Sainte-Hildegarde","og_description":"SOIGNER SON INTESTIN ET SON APPAREIL DIGESTIF SELON HILDEGARDE DE BINGEN 264 pages, format L14 x H21 cm Dr Wighard Strehlow \u00c9ditions du Rocher collection Les Jardins de sainte Hildegarde Les conseils de Sainte Hildegarde en pratique La m\u00e9decine d&#8217;Hildegarde de Bingen est une m\u00e9decine id\u00e9ale pour l&#8217;avenir ! 4\u00e9me de couverture : Intemporelle et [&hellip;]","og_url":"https:\/\/www.lesjardinsdesaintehildegarde.com\/en\/books-and-music\/books\/practical-advice\/soigner-son-intestin-et-son-appareil-dig\/","og_site_name":"Les Jardins de Sainte-Hildegarde","article_modified_time":"2026-04-15T13:21:05+00:00","og_image":[{"width":1200,"height":1200,"url":"https:\/\/www.lesjardinsdesaintehildegarde.com\/wp-content\/uploads\/2022\/11\/l0098-soigner-son-intestin-et-son-appareil-digestif.jpg","type":"image\/jpeg"}],"twitter_card":"summary_large_image","twitter_misc":{"Est. reading time":"2 minutes"},"schema":{"@context":"https:\/\/schema.org","@graph":[{"@type":"WebPage","@id":"https:\/\/www.lesjardinsdesaintehildegarde.com\/en\/books-and-music\/books\/practical-advice\/soigner-son-intestin-et-son-appareil-dig\/","url":"https:\/\/www.lesjardinsdesaintehildegarde.com\/en\/books-and-music\/books\/practical-advice\/soigner-son-intestin-et-son-appareil-dig\/","name":"SOIGNER SON INTESTIN ET SON APPAREIL DIG - Les Jardins de Sainte-Hildegarde","isPartOf":{"@id":"https:\/\/www.lesjardinsdesaintehildegarde.com\/en\/#website"},"primaryImageOfPage":{"@id":"https:\/\/www.lesjardinsdesaintehildegarde.com\/en\/books-and-music\/books\/practical-advice\/soigner-son-intestin-et-son-appareil-dig\/#primaryimage"},"image":{"@id":"https:\/\/www.lesjardinsdesaintehildegarde.com\/en\/books-and-music\/books\/practical-advice\/soigner-son-intestin-et-son-appareil-dig\/#primaryimage"},"thumbnailUrl":"https:\/\/www.lesjardinsdesaintehildegarde.com\/wp-content\/uploads\/2022\/11\/l0098-soigner-son-intestin-et-son-appareil-digestif.jpg","datePublished":"2022-11-04T08:08:49+00:00","dateModified":"2026-04-15T13:21:05+00:00","breadcrumb":{"@id":"https:\/\/www.lesjardinsdesaintehildegarde.com\/en\/books-and-music\/books\/practical-advice\/soigner-son-intestin-et-son-appareil-dig\/#breadcrumb"},"inLanguage":"en-US","potentialAction":[{"@type":"ReadAction","target":["https:\/\/www.lesjardinsdesaintehildegarde.com\/en\/books-and-music\/books\/practical-advice\/soigner-son-intestin-et-son-appareil-dig\/"]}]},{"@type":"ImageObject","inLanguage":"en-US","@id":"https:\/\/www.lesjardinsdesaintehildegarde.com\/en\/books-and-music\/books\/practical-advice\/soigner-son-intestin-et-son-appareil-dig\/#primaryimage","url":"https:\/\/www.lesjardinsdesaintehildegarde.com\/wp-content\/uploads\/2022\/11\/l0098-soigner-son-intestin-et-son-appareil-digestif.jpg","contentUrl":"https:\/\/www.lesjardinsdesaintehildegarde.com\/wp-content\/uploads\/2022\/11\/l0098-soigner-son-intestin-et-son-appareil-digestif.jpg","width":1200,"height":1200,"caption":"LES MALADIES DE L'APPAREIL DIGESTIF Selon Hildegarde de Bingen 224 pages, format L11.5xH18 cm Dr Wighard Strehlow"},{"@type":"BreadcrumbList","@id":"https:\/\/www.lesjardinsdesaintehildegarde.com\/en\/books-and-music\/books\/practical-advice\/soigner-son-intestin-et-son-appareil-dig\/#breadcrumb","itemListElement":[{"@type":"ListItem","position":1,"name":"Home","item":"https:\/\/www.lesjardinsdesaintehildegarde.com\/en\/"},{"@type":"ListItem","position":2,"name":"Products","item":"https:\/\/www.lesjardinsdesaintehildegarde.com\/en\/shop\/"},{"@type":"ListItem","position":3,"name":"SOIGNER SON INTESTIN ET SON APPAREIL DIG"}]},{"@type":"WebSite","@id":"https:\/\/www.lesjardinsdesaintehildegarde.com\/en\/#website","url":"https:\/\/www.lesjardinsdesaintehildegarde.com\/en\/","name":"Les Jardins de Sainte-Hildegarde","description":"Viriditas","publisher":{"@id":"https:\/\/www.lesjardinsdesaintehildegarde.com\/en\/#organization"},"potentialAction":[{"@type":"SearchAction","target":{"@type":"EntryPoint","urlTemplate":"https:\/\/www.lesjardinsdesaintehildegarde.com\/en\/?s={search_term_string}"},"query-input":{"@type":"PropertyValueSpecification","valueRequired":true,"valueName":"search_term_string"}}],"inLanguage":"en-US"},{"@type":"Organization","@id":"https:\/\/www.lesjardinsdesaintehildegarde.com\/en\/#organization","name":"Les Jardins de Sainte-Hildegarde","url":"https:\/\/www.lesjardinsdesaintehildegarde.com\/en\/","logo":{"@type":"ImageObject","inLanguage":"en-US","@id":"https:\/\/www.lesjardinsdesaintehildegarde.com\/en\/#\/schema\/logo\/image\/","url":"https:\/\/www.lesjardinsdesaintehildegarde.com\/wp-content\/uploads\/2022\/11\/logo-2022.png","contentUrl":"https:\/\/www.lesjardinsdesaintehildegarde.com\/wp-content\/uploads\/2022\/11\/logo-2022.png","width":365,"height":90,"caption":"Les Jardins de Sainte-Hildegarde"},"image":{"@id":"https:\/\/www.lesjardinsdesaintehildegarde.com\/en\/#\/schema\/logo\/image\/"}}]}},"_links":{"self":[{"href":"https:\/\/www.lesjardinsdesaintehildegarde.com\/en\/wp-json\/wp\/v2\/product\/1599","targetHints":{"allow":["GET"]}}],"collection":[{"href":"https:\/\/www.lesjardinsdesaintehildegarde.com\/en\/wp-json\/wp\/v2\/product"}],"about":[{"href":"https:\/\/www.lesjardinsdesaintehildegarde.com\/en\/wp-json\/wp\/v2\/types\/product"}],"replies":[{"embeddable":true,"href":"https:\/\/www.lesjardinsdesaintehildegarde.com\/en\/wp-json\/wp\/v2\/comments?post=1599"}],"wp:featuredmedia":[{"embeddable":true,"href":"https:\/\/www.lesjardinsdesaintehildegarde.com\/en\/wp-json\/wp\/v2\/media\/75339"}],"wp:attachment":[{"href":"https:\/\/www.lesjardinsdesaintehildegarde.com\/en\/wp-json\/wp\/v2\/media?parent=1599"}],"wp:term":[{"taxonomy":"product_brand","embeddable":true,"href":"https:\/\/www.lesjardinsdesaintehildegarde.com\/en\/wp-json\/wp\/v2\/product_brand?post=1599"},{"taxonomy":"product_cat","embeddable":true,"href":"https:\/\/www.lesjardinsdesaintehildegarde.com\/en\/wp-json\/wp\/v2\/product_cat?post=1599"},{"taxonomy":"product_tag","embeddable":true,"href":"https:\/\/www.lesjardinsdesaintehildegarde.com\/en\/wp-json\/wp\/v2\/product_tag?post=1599"}],"curies":[{"name":"wp","href":"https:\/\/api.w.org\/{rel}","templated":true}]}}