{"id":1611,"date":"2022-11-04T09:08:51","date_gmt":"2022-11-04T08:08:51","guid":{"rendered":"https:\/\/www.lesjardinsdesaintehildegarde.com\/non%20class\u00e9\/la-medecine-hildegardienne-a-faniel\/"},"modified":"2026-02-18T11:12:13","modified_gmt":"2026-02-18T10:12:13","slug":"la-medecine-hildegardienne-a-faniel","status":"publish","type":"product","link":"https:\/\/www.lesjardinsdesaintehildegarde.com\/en\/books-and-music\/books\/practical-advice\/la-medecine-hildegardienne-a-faniel\/","title":{"rendered":"LA MEDECINE HILDEGARDIENNE &#8211; A. FANIEL"},"content":{"rendered":"<p><\/p>\n<p><strong>LA M\u00c9DECINE HILDEGARDIENNE &#8211; M\u00c9DECINE<br \/>\nD&#8217;AUJOURD&#8217;HUI<\/strong><\/p>\n<p><\/p>\n<p>477 pages, format L15xH21 cm<\/p>\n<p><\/p>\n<p>Alain Faniel<\/p>\n<p><\/p>\n<p>\u00c9dition Amyris<\/p>\n<p><\/p>\n<p><strong>Les conseils de Sainte Hildegarde en<br \/>\npratique<\/strong><\/p>\n<p><\/p>\n<p>Quelle est cette &#8220;m\u00e9decine hildegardienne&#8221; qui indique comment vivre<br \/>\ndans la joie et en bonne sant\u00e9 ?<\/p>\n<p><\/p>\n<p><strong>4\u00e9me de couverture :<\/strong><\/p>\n<p><\/p>\n<p>Alain Faniel nous pr\u00e9sente cette m\u00e9decine hildegardienne qu&#8217;il a<br \/>\ncrois\u00e9e pour la premi\u00e8re fois \u00e0 l&#8217;occasion de son m\u00e9moire de fin<br \/>\nd&#8217;\u00e9tudes.<\/p>\n<p><\/p>\n<p>Il nous permet de d\u00e9couvrir la vie et l&#8217;oeuvre d&#8217;Hildegarde et<br \/>\nparticuli\u00e8rement ses \u00e9crits m\u00e9dicaux ; il examine sa conception de<br \/>\nl&#8217;homme et les fondements de sa m\u00e9decine et aborde l&#8217;importante question<br \/>\nde l&#8217;alimentation et du mode de vie qu&#8217;elle pr\u00e9conise ; il nous propose<br \/>\nde nous mettre \u00e0 l&#8217;\u00e9coute d&#8217;un message vieux de neuf si\u00e8cles et pourtant<br \/>\ntoujours actuel pour une vie harmonieuse et \u00e9quilibr\u00e9e.<\/p>\n","protected":false},"excerpt":{"rendered":"<p>LA M\u00c9DECINE HILDEGARDIENNE &#8211; M\u00c9DECINE D&#8217;AUJOURD&#8217;HUI 477 pages, format L15xH21 cm Alain Faniel \u00c9dition Amyris Les conseils de Sainte Hildegarde en pratique Quelle est cette &#8220;m\u00e9decine hildegardienne&#8221; qui indique comment vivre dans la joie et en bonne sant\u00e9 ? 4\u00e9me de couverture : Alain Faniel nous pr\u00e9sente cette m\u00e9decine hildegardienne qu&#8217;il a crois\u00e9e pour la [&hellip;]<\/p>\n","protected":false},"featured_media":75061,"comment_status":"open","ping_status":"closed","template":"","meta":{"_acf_changed":false,"_relevanssi_hide_post":"","_relevanssi_hide_content":"","_relevanssi_pin_for_all":"","_relevanssi_pin_keywords":"","_relevanssi_unpin_keywords":"","_relevanssi_related_keywords":"","_relevanssi_related_include_ids":"","_relevanssi_related_exclude_ids":"","_relevanssi_related_no_append":"","_relevanssi_related_not_related":"","_relevanssi_related_posts":"","_relevanssi_noindex_reason":""},"product_brand":[],"product_cat":[111,108,33],"product_tag":[],"class_list":{"0":"post-1611","1":"product","2":"type-product","3":"status-publish","4":"has-post-thumbnail","6":"product_cat-conseils-pratiques","7":"product_cat-livres","8":"product_cat-livres-et-loisirs","10":"first","11":"instock","12":"taxable","13":"shipping-taxable","14":"purchasable","15":"product-type-simple"},"acf":[],"yoast_head":"<!-- This site is optimized with the Yoast SEO plugin v27.2 - https:\/\/yoast.com\/product\/yoast-seo-wordpress\/ -->\n<title>LA MEDECINE HILDEGARDIENNE - A. FANIEL - Les Jardins de Sainte-Hildegarde<\/title>\n<meta name=\"robots\" content=\"index, follow, max-snippet:-1, max-image-preview:large, max-video-preview:-1\" \/>\n<link rel=\"canonical\" href=\"https:\/\/www.lesjardinsdesaintehildegarde.com\/en\/books-and-music\/books\/practical-advice\/la-medecine-hildegardienne-a-faniel\/\" \/>\n<meta property=\"og:locale\" content=\"en_US\" \/>\n<meta property=\"og:type\" content=\"article\" \/>\n<meta property=\"og:title\" content=\"LA MEDECINE HILDEGARDIENNE - A. FANIEL - Les Jardins de Sainte-Hildegarde\" \/>\n<meta property=\"og:description\" content=\"LA M\u00c9DECINE HILDEGARDIENNE &#8211; M\u00c9DECINE D&#8217;AUJOURD&#8217;HUI 477 pages, format L15xH21 cm Alain Faniel \u00c9dition Amyris Les conseils de Sainte Hildegarde en pratique Quelle est cette &#8220;m\u00e9decine hildegardienne&#8221; qui indique comment vivre dans la joie et en bonne sant\u00e9 ? 4\u00e9me de couverture : Alain Faniel nous pr\u00e9sente cette m\u00e9decine hildegardienne qu&#8217;il a crois\u00e9e pour la [&hellip;]\" \/>\n<meta property=\"og:url\" content=\"https:\/\/www.lesjardinsdesaintehildegarde.com\/en\/books-and-music\/books\/practical-advice\/la-medecine-hildegardienne-a-faniel\/\" \/>\n<meta property=\"og:site_name\" content=\"Les Jardins de Sainte-Hildegarde\" \/>\n<meta property=\"article:modified_time\" content=\"2026-02-18T10:12:13+00:00\" \/>\n<meta property=\"og:image\" content=\"https:\/\/www.lesjardinsdesaintehildegarde.com\/wp-content\/uploads\/2023\/10\/l0113-la-medecine-hildegardienne.jpg\" \/>\n\t<meta property=\"og:image:width\" content=\"1200\" \/>\n\t<meta property=\"og:image:height\" content=\"1200\" \/>\n\t<meta property=\"og:image:type\" content=\"image\/jpeg\" \/>\n<meta name=\"twitter:card\" content=\"summary_large_image\" \/>\n<meta name=\"twitter:label1\" content=\"Est. reading time\" \/>\n\t<meta name=\"twitter:data1\" content=\"1 minute\" \/>\n<script type=\"application\/ld+json\" class=\"yoast-schema-graph\">{\"@context\":\"https:\/\/schema.org\",\"@graph\":[{\"@type\":\"WebPage\",\"@id\":\"https:\/\/www.lesjardinsdesaintehildegarde.com\/en\/books-and-music\/books\/practical-advice\/la-medecine-hildegardienne-a-faniel\/\",\"url\":\"https:\/\/www.lesjardinsdesaintehildegarde.com\/en\/books-and-music\/books\/practical-advice\/la-medecine-hildegardienne-a-faniel\/\",\"name\":\"LA MEDECINE HILDEGARDIENNE - A. FANIEL - Les Jardins de Sainte-Hildegarde\",\"isPartOf\":{\"@id\":\"https:\/\/www.lesjardinsdesaintehildegarde.com\/en\/#website\"},\"primaryImageOfPage\":{\"@id\":\"https:\/\/www.lesjardinsdesaintehildegarde.com\/en\/books-and-music\/books\/practical-advice\/la-medecine-hildegardienne-a-faniel\/#primaryimage\"},\"image\":{\"@id\":\"https:\/\/www.lesjardinsdesaintehildegarde.com\/en\/books-and-music\/books\/practical-advice\/la-medecine-hildegardienne-a-faniel\/#primaryimage\"},\"thumbnailUrl\":\"https:\/\/www.lesjardinsdesaintehildegarde.com\/wp-content\/uploads\/2023\/10\/l0113-la-medecine-hildegardienne.jpg\",\"datePublished\":\"2022-11-04T08:08:51+00:00\",\"dateModified\":\"2026-02-18T10:12:13+00:00\",\"breadcrumb\":{\"@id\":\"https:\/\/www.lesjardinsdesaintehildegarde.com\/en\/books-and-music\/books\/practical-advice\/la-medecine-hildegardienne-a-faniel\/#breadcrumb\"},\"inLanguage\":\"en-US\",\"potentialAction\":[{\"@type\":\"ReadAction\",\"target\":[\"https:\/\/www.lesjardinsdesaintehildegarde.com\/en\/books-and-music\/books\/practical-advice\/la-medecine-hildegardienne-a-faniel\/\"]}]},{\"@type\":\"ImageObject\",\"inLanguage\":\"en-US\",\"@id\":\"https:\/\/www.lesjardinsdesaintehildegarde.com\/en\/books-and-music\/books\/practical-advice\/la-medecine-hildegardienne-a-faniel\/#primaryimage\",\"url\":\"https:\/\/www.lesjardinsdesaintehildegarde.com\/wp-content\/uploads\/2023\/10\/l0113-la-medecine-hildegardienne.jpg\",\"contentUrl\":\"https:\/\/www.lesjardinsdesaintehildegarde.com\/wp-content\/uploads\/2023\/10\/l0113-la-medecine-hildegardienne.jpg\",\"width\":1200,\"height\":1200,\"caption\":\"LA M\u00c9DECINE HILDEGARDIENNE - M\u00c9DECINE D'AUJOURD'HUI 477 pages, format L15xH21 cm Alain Faniel \u00c9dition Amyris\"},{\"@type\":\"BreadcrumbList\",\"@id\":\"https:\/\/www.lesjardinsdesaintehildegarde.com\/en\/books-and-music\/books\/practical-advice\/la-medecine-hildegardienne-a-faniel\/#breadcrumb\",\"itemListElement\":[{\"@type\":\"ListItem\",\"position\":1,\"name\":\"Home\",\"item\":\"https:\/\/www.lesjardinsdesaintehildegarde.com\/en\/\"},{\"@type\":\"ListItem\",\"position\":2,\"name\":\"Products\",\"item\":\"https:\/\/www.lesjardinsdesaintehildegarde.com\/en\/shop\/\"},{\"@type\":\"ListItem\",\"position\":3,\"name\":\"LA MEDECINE HILDEGARDIENNE &#8211; A. FANIEL\"}]},{\"@type\":\"WebSite\",\"@id\":\"https:\/\/www.lesjardinsdesaintehildegarde.com\/en\/#website\",\"url\":\"https:\/\/www.lesjardinsdesaintehildegarde.com\/en\/\",\"name\":\"Les Jardins de Sainte-Hildegarde\",\"description\":\"Viriditas\",\"publisher\":{\"@id\":\"https:\/\/www.lesjardinsdesaintehildegarde.com\/en\/#organization\"},\"potentialAction\":[{\"@type\":\"SearchAction\",\"target\":{\"@type\":\"EntryPoint\",\"urlTemplate\":\"https:\/\/www.lesjardinsdesaintehildegarde.com\/en\/?s={search_term_string}\"},\"query-input\":{\"@type\":\"PropertyValueSpecification\",\"valueRequired\":true,\"valueName\":\"search_term_string\"}}],\"inLanguage\":\"en-US\"},{\"@type\":\"Organization\",\"@id\":\"https:\/\/www.lesjardinsdesaintehildegarde.com\/en\/#organization\",\"name\":\"Les Jardins de Sainte-Hildegarde\",\"url\":\"https:\/\/www.lesjardinsdesaintehildegarde.com\/en\/\",\"logo\":{\"@type\":\"ImageObject\",\"inLanguage\":\"en-US\",\"@id\":\"https:\/\/www.lesjardinsdesaintehildegarde.com\/en\/#\/schema\/logo\/image\/\",\"url\":\"https:\/\/www.lesjardinsdesaintehildegarde.com\/wp-content\/uploads\/2022\/11\/logo-2022.png\",\"contentUrl\":\"https:\/\/www.lesjardinsdesaintehildegarde.com\/wp-content\/uploads\/2022\/11\/logo-2022.png\",\"width\":365,\"height\":90,\"caption\":\"Les Jardins de Sainte-Hildegarde\"},\"image\":{\"@id\":\"https:\/\/www.lesjardinsdesaintehildegarde.com\/en\/#\/schema\/logo\/image\/\"}}]}<\/script>\n<!-- \/ Yoast SEO plugin. -->","yoast_head_json":{"title":"LA MEDECINE HILDEGARDIENNE - A. FANIEL - Les Jardins de Sainte-Hildegarde","robots":{"index":"index","follow":"follow","max-snippet":"max-snippet:-1","max-image-preview":"max-image-preview:large","max-video-preview":"max-video-preview:-1"},"canonical":"https:\/\/www.lesjardinsdesaintehildegarde.com\/en\/books-and-music\/books\/practical-advice\/la-medecine-hildegardienne-a-faniel\/","og_locale":"en_US","og_type":"article","og_title":"LA MEDECINE HILDEGARDIENNE - A. FANIEL - Les Jardins de Sainte-Hildegarde","og_description":"LA M\u00c9DECINE HILDEGARDIENNE &#8211; M\u00c9DECINE D&#8217;AUJOURD&#8217;HUI 477 pages, format L15xH21 cm Alain Faniel \u00c9dition Amyris Les conseils de Sainte Hildegarde en pratique Quelle est cette &#8220;m\u00e9decine hildegardienne&#8221; qui indique comment vivre dans la joie et en bonne sant\u00e9 ? 4\u00e9me de couverture : Alain Faniel nous pr\u00e9sente cette m\u00e9decine hildegardienne qu&#8217;il a crois\u00e9e pour la [&hellip;]","og_url":"https:\/\/www.lesjardinsdesaintehildegarde.com\/en\/books-and-music\/books\/practical-advice\/la-medecine-hildegardienne-a-faniel\/","og_site_name":"Les Jardins de Sainte-Hildegarde","article_modified_time":"2026-02-18T10:12:13+00:00","og_image":[{"width":1200,"height":1200,"url":"https:\/\/www.lesjardinsdesaintehildegarde.com\/wp-content\/uploads\/2023\/10\/l0113-la-medecine-hildegardienne.jpg","type":"image\/jpeg"}],"twitter_card":"summary_large_image","twitter_misc":{"Est. reading time":"1 minute"},"schema":{"@context":"https:\/\/schema.org","@graph":[{"@type":"WebPage","@id":"https:\/\/www.lesjardinsdesaintehildegarde.com\/en\/books-and-music\/books\/practical-advice\/la-medecine-hildegardienne-a-faniel\/","url":"https:\/\/www.lesjardinsdesaintehildegarde.com\/en\/books-and-music\/books\/practical-advice\/la-medecine-hildegardienne-a-faniel\/","name":"LA MEDECINE HILDEGARDIENNE - A. FANIEL - Les Jardins de Sainte-Hildegarde","isPartOf":{"@id":"https:\/\/www.lesjardinsdesaintehildegarde.com\/en\/#website"},"primaryImageOfPage":{"@id":"https:\/\/www.lesjardinsdesaintehildegarde.com\/en\/books-and-music\/books\/practical-advice\/la-medecine-hildegardienne-a-faniel\/#primaryimage"},"image":{"@id":"https:\/\/www.lesjardinsdesaintehildegarde.com\/en\/books-and-music\/books\/practical-advice\/la-medecine-hildegardienne-a-faniel\/#primaryimage"},"thumbnailUrl":"https:\/\/www.lesjardinsdesaintehildegarde.com\/wp-content\/uploads\/2023\/10\/l0113-la-medecine-hildegardienne.jpg","datePublished":"2022-11-04T08:08:51+00:00","dateModified":"2026-02-18T10:12:13+00:00","breadcrumb":{"@id":"https:\/\/www.lesjardinsdesaintehildegarde.com\/en\/books-and-music\/books\/practical-advice\/la-medecine-hildegardienne-a-faniel\/#breadcrumb"},"inLanguage":"en-US","potentialAction":[{"@type":"ReadAction","target":["https:\/\/www.lesjardinsdesaintehildegarde.com\/en\/books-and-music\/books\/practical-advice\/la-medecine-hildegardienne-a-faniel\/"]}]},{"@type":"ImageObject","inLanguage":"en-US","@id":"https:\/\/www.lesjardinsdesaintehildegarde.com\/en\/books-and-music\/books\/practical-advice\/la-medecine-hildegardienne-a-faniel\/#primaryimage","url":"https:\/\/www.lesjardinsdesaintehildegarde.com\/wp-content\/uploads\/2023\/10\/l0113-la-medecine-hildegardienne.jpg","contentUrl":"https:\/\/www.lesjardinsdesaintehildegarde.com\/wp-content\/uploads\/2023\/10\/l0113-la-medecine-hildegardienne.jpg","width":1200,"height":1200,"caption":"LA M\u00c9DECINE HILDEGARDIENNE - M\u00c9DECINE D'AUJOURD'HUI 477 pages, format L15xH21 cm Alain Faniel \u00c9dition Amyris"},{"@type":"BreadcrumbList","@id":"https:\/\/www.lesjardinsdesaintehildegarde.com\/en\/books-and-music\/books\/practical-advice\/la-medecine-hildegardienne-a-faniel\/#breadcrumb","itemListElement":[{"@type":"ListItem","position":1,"name":"Home","item":"https:\/\/www.lesjardinsdesaintehildegarde.com\/en\/"},{"@type":"ListItem","position":2,"name":"Products","item":"https:\/\/www.lesjardinsdesaintehildegarde.com\/en\/shop\/"},{"@type":"ListItem","position":3,"name":"LA MEDECINE HILDEGARDIENNE &#8211; A. FANIEL"}]},{"@type":"WebSite","@id":"https:\/\/www.lesjardinsdesaintehildegarde.com\/en\/#website","url":"https:\/\/www.lesjardinsdesaintehildegarde.com\/en\/","name":"Les Jardins de Sainte-Hildegarde","description":"Viriditas","publisher":{"@id":"https:\/\/www.lesjardinsdesaintehildegarde.com\/en\/#organization"},"potentialAction":[{"@type":"SearchAction","target":{"@type":"EntryPoint","urlTemplate":"https:\/\/www.lesjardinsdesaintehildegarde.com\/en\/?s={search_term_string}"},"query-input":{"@type":"PropertyValueSpecification","valueRequired":true,"valueName":"search_term_string"}}],"inLanguage":"en-US"},{"@type":"Organization","@id":"https:\/\/www.lesjardinsdesaintehildegarde.com\/en\/#organization","name":"Les Jardins de Sainte-Hildegarde","url":"https:\/\/www.lesjardinsdesaintehildegarde.com\/en\/","logo":{"@type":"ImageObject","inLanguage":"en-US","@id":"https:\/\/www.lesjardinsdesaintehildegarde.com\/en\/#\/schema\/logo\/image\/","url":"https:\/\/www.lesjardinsdesaintehildegarde.com\/wp-content\/uploads\/2022\/11\/logo-2022.png","contentUrl":"https:\/\/www.lesjardinsdesaintehildegarde.com\/wp-content\/uploads\/2022\/11\/logo-2022.png","width":365,"height":90,"caption":"Les Jardins de Sainte-Hildegarde"},"image":{"@id":"https:\/\/www.lesjardinsdesaintehildegarde.com\/en\/#\/schema\/logo\/image\/"}}]}},"_links":{"self":[{"href":"https:\/\/www.lesjardinsdesaintehildegarde.com\/en\/wp-json\/wp\/v2\/product\/1611","targetHints":{"allow":["GET"]}}],"collection":[{"href":"https:\/\/www.lesjardinsdesaintehildegarde.com\/en\/wp-json\/wp\/v2\/product"}],"about":[{"href":"https:\/\/www.lesjardinsdesaintehildegarde.com\/en\/wp-json\/wp\/v2\/types\/product"}],"replies":[{"embeddable":true,"href":"https:\/\/www.lesjardinsdesaintehildegarde.com\/en\/wp-json\/wp\/v2\/comments?post=1611"}],"wp:featuredmedia":[{"embeddable":true,"href":"https:\/\/www.lesjardinsdesaintehildegarde.com\/en\/wp-json\/wp\/v2\/media\/75061"}],"wp:attachment":[{"href":"https:\/\/www.lesjardinsdesaintehildegarde.com\/en\/wp-json\/wp\/v2\/media?parent=1611"}],"wp:term":[{"taxonomy":"product_brand","embeddable":true,"href":"https:\/\/www.lesjardinsdesaintehildegarde.com\/en\/wp-json\/wp\/v2\/product_brand?post=1611"},{"taxonomy":"product_cat","embeddable":true,"href":"https:\/\/www.lesjardinsdesaintehildegarde.com\/en\/wp-json\/wp\/v2\/product_cat?post=1611"},{"taxonomy":"product_tag","embeddable":true,"href":"https:\/\/www.lesjardinsdesaintehildegarde.com\/en\/wp-json\/wp\/v2\/product_tag?post=1611"}],"curies":[{"name":"wp","href":"https:\/\/api.w.org\/{rel}","templated":true}]}}