{"id":1622,"date":"2022-11-04T09:08:52","date_gmt":"2022-11-04T08:08:52","guid":{"rendered":"https:\/\/www.lesjardinsdesaintehildegarde.com\/non%20class\u00e9\/hildegarde-de-b-biographie-illustree\/"},"modified":"2026-03-31T12:01:03","modified_gmt":"2026-03-31T10:01:03","slug":"hildegarde-de-b-biographie-illustree","status":"publish","type":"product","link":"https:\/\/www.lesjardinsdesaintehildegarde.com\/en\/books-and-music\/books\/biographies-and-spirituality\/hildegarde-de-b-biographie-illustree\/","title":{"rendered":"HILDEGARDE DE B. BIOGRAPHIE ILLUSTREE"},"content":{"rendered":"<p>HILDEGARDE DE BINGEN, BIOGRAPHIE ILLUSTR\u00c9E<\/p>\n<p>De Josy MARTY-DUFAUT, \u00e9ditions Ouest-France, couverture cartonn\u00e9e<\/p>\n<p>Ouvrage richement illustr\u00e9, comprenant notamment l&#8217;int\u00e9gralit\u00e9 des enluminures du Scivias et du Liber divinorum operum.<\/p>\n<p>Abesse b\u00e9n\u00e9dictine du XII\u00e8me si\u00e8cle, Hildegarde de Bingen, longtemps m\u00e9connue du grand public, obtient sa cons\u00e9cration en mai 2012 lorsque le pape Beno\u00eft XVI lui reconnait le statut de sainte et lui conf\u00e8re le titre exceptionnel de Docteur de l&#8217;\u00c9glise.<\/p>\n<p>D\u00e9sormais connue et reconnue, Hildegarde se r\u00e9v\u00e8le \u00eatre une femme r\u00e9solument moderne. Visionnaire, elle transmet son dialogue avec Dieu dans trois de ses ouvrages. \u00c9crivain prolixe, elle laisse une riche correspondance t\u00e9moignant de la situation politique et religieuse de son \u00e9poque. <\/p>\n<p>Po\u00e9tesse et musicienne d&#8217;exception, elle invente une langue et \u00e9crit de nombreuses partitions reprises par des ensembles musicaux de notre \u00e9poque.<\/p>\n<p>Illustratrice de talent, elle enrichit ses textes d&#8217;enluminures, tr\u00e8s pris\u00e9es aujourd&#8217;hui.<\/p>\n<p>Hildegarde s&#8217;attache \u00e0 donner les r\u00e8gles d&#8217;un v\u00e9ritable art de vivre, soucieuse de l&#8217;\u00e9quilibre du corps, de l&#8217;esprit et de l&#8217;\u00e2me, du respect de l&#8217;environnement, de la nourriture. Ses observations sur les plantes, les pierres sont \u00e9tudi\u00e9es dans des centres culturels qui lui sont consacr\u00e9s. Cette richesse de sujets, toujours d&#8217;actualit\u00e9, ne peut que passionner le lecteur et le toucher.<\/p>\n<p>Cette biographie a la particularit\u00e9 d&#8217;\u00eatre concise et d&#8217;aborder chapitre par chapitre la vie de sainte Hildegarde et tous les pans de son oeuvre.<\/p>\n","protected":false},"excerpt":{"rendered":"<p>HILDEGARDE DE BINGEN, BIOGRAPHIE ILLUSTR\u00c9E De Josy MARTY-DUFAUT, \u00e9ditions Ouest-France, couverture cartonn\u00e9e Ouvrage richement illustr\u00e9, comprenant notamment l&#8217;int\u00e9gralit\u00e9 des enluminures du Scivias et du Liber divinorum operum. Abesse b\u00e9n\u00e9dictine du XII\u00e8me si\u00e8cle, Hildegarde de Bingen, longtemps m\u00e9connue du grand public, obtient sa cons\u00e9cration en mai 2012 lorsque le pape Beno\u00eft XVI lui reconnait le statut [&hellip;]<\/p>\n","protected":false},"featured_media":75112,"comment_status":"open","ping_status":"closed","template":"","meta":{"_acf_changed":false,"_relevanssi_hide_post":"","_relevanssi_hide_content":"","_relevanssi_pin_for_all":"","_relevanssi_pin_keywords":"","_relevanssi_unpin_keywords":"","_relevanssi_related_keywords":"","_relevanssi_related_include_ids":"","_relevanssi_related_exclude_ids":"","_relevanssi_related_no_append":"","_relevanssi_related_not_related":"","_relevanssi_related_posts":"","_relevanssi_noindex_reason":""},"product_brand":[],"product_cat":[113,108,33],"product_tag":[],"class_list":{"0":"post-1622","1":"product","2":"type-product","3":"status-publish","4":"has-post-thumbnail","6":"product_cat-biographies-et-spiritualite","7":"product_cat-livres","8":"product_cat-livres-et-loisirs","10":"first","11":"instock","12":"taxable","13":"shipping-taxable","14":"purchasable","15":"product-type-simple"},"acf":[],"yoast_head":"<!-- This site is optimized with the Yoast SEO plugin v27.2 - https:\/\/yoast.com\/product\/yoast-seo-wordpress\/ -->\n<title>HILDEGARDE DE B. BIOGRAPHIE ILLUSTREE - Les Jardins de Sainte-Hildegarde<\/title>\n<meta name=\"robots\" content=\"index, follow, max-snippet:-1, max-image-preview:large, max-video-preview:-1\" \/>\n<link rel=\"canonical\" href=\"https:\/\/www.lesjardinsdesaintehildegarde.com\/en\/books-and-music\/books\/biographies-and-spirituality\/hildegarde-de-b-biographie-illustree\/\" \/>\n<meta property=\"og:locale\" content=\"en_US\" \/>\n<meta property=\"og:type\" content=\"article\" \/>\n<meta property=\"og:title\" content=\"HILDEGARDE DE B. BIOGRAPHIE ILLUSTREE - Les Jardins de Sainte-Hildegarde\" \/>\n<meta property=\"og:description\" content=\"HILDEGARDE DE BINGEN, BIOGRAPHIE ILLUSTR\u00c9E De Josy MARTY-DUFAUT, \u00e9ditions Ouest-France, couverture cartonn\u00e9e Ouvrage richement illustr\u00e9, comprenant notamment l&#8217;int\u00e9gralit\u00e9 des enluminures du Scivias et du Liber divinorum operum. Abesse b\u00e9n\u00e9dictine du XII\u00e8me si\u00e8cle, Hildegarde de Bingen, longtemps m\u00e9connue du grand public, obtient sa cons\u00e9cration en mai 2012 lorsque le pape Beno\u00eft XVI lui reconnait le statut [&hellip;]\" \/>\n<meta property=\"og:url\" content=\"https:\/\/www.lesjardinsdesaintehildegarde.com\/en\/books-and-music\/books\/biographies-and-spirituality\/hildegarde-de-b-biographie-illustree\/\" \/>\n<meta property=\"og:site_name\" content=\"Les Jardins de Sainte-Hildegarde\" \/>\n<meta property=\"article:modified_time\" content=\"2026-03-31T10:01:03+00:00\" \/>\n<meta property=\"og:image\" content=\"https:\/\/www.lesjardinsdesaintehildegarde.com\/wp-content\/uploads\/2023\/10\/l0124-hdb-biographie-illustree.jpg\" \/>\n\t<meta property=\"og:image:width\" content=\"1200\" \/>\n\t<meta property=\"og:image:height\" content=\"1200\" \/>\n\t<meta property=\"og:image:type\" content=\"image\/jpeg\" \/>\n<meta name=\"twitter:card\" content=\"summary_large_image\" \/>\n<meta name=\"twitter:label1\" content=\"Est. reading time\" \/>\n\t<meta name=\"twitter:data1\" content=\"2 minutes\" \/>\n<script type=\"application\/ld+json\" class=\"yoast-schema-graph\">{\"@context\":\"https:\/\/schema.org\",\"@graph\":[{\"@type\":\"WebPage\",\"@id\":\"https:\/\/www.lesjardinsdesaintehildegarde.com\/en\/books-and-music\/books\/biographies-and-spirituality\/hildegarde-de-b-biographie-illustree\/\",\"url\":\"https:\/\/www.lesjardinsdesaintehildegarde.com\/en\/books-and-music\/books\/biographies-and-spirituality\/hildegarde-de-b-biographie-illustree\/\",\"name\":\"HILDEGARDE DE B. BIOGRAPHIE ILLUSTREE - Les Jardins de Sainte-Hildegarde\",\"isPartOf\":{\"@id\":\"https:\/\/www.lesjardinsdesaintehildegarde.com\/en\/#website\"},\"primaryImageOfPage\":{\"@id\":\"https:\/\/www.lesjardinsdesaintehildegarde.com\/en\/books-and-music\/books\/biographies-and-spirituality\/hildegarde-de-b-biographie-illustree\/#primaryimage\"},\"image\":{\"@id\":\"https:\/\/www.lesjardinsdesaintehildegarde.com\/en\/books-and-music\/books\/biographies-and-spirituality\/hildegarde-de-b-biographie-illustree\/#primaryimage\"},\"thumbnailUrl\":\"https:\/\/www.lesjardinsdesaintehildegarde.com\/wp-content\/uploads\/2023\/10\/l0124-hdb-biographie-illustree.jpg\",\"datePublished\":\"2022-11-04T08:08:52+00:00\",\"dateModified\":\"2026-03-31T10:01:03+00:00\",\"breadcrumb\":{\"@id\":\"https:\/\/www.lesjardinsdesaintehildegarde.com\/en\/books-and-music\/books\/biographies-and-spirituality\/hildegarde-de-b-biographie-illustree\/#breadcrumb\"},\"inLanguage\":\"en-US\",\"potentialAction\":[{\"@type\":\"ReadAction\",\"target\":[\"https:\/\/www.lesjardinsdesaintehildegarde.com\/en\/books-and-music\/books\/biographies-and-spirituality\/hildegarde-de-b-biographie-illustree\/\"]}]},{\"@type\":\"ImageObject\",\"inLanguage\":\"en-US\",\"@id\":\"https:\/\/www.lesjardinsdesaintehildegarde.com\/en\/books-and-music\/books\/biographies-and-spirituality\/hildegarde-de-b-biographie-illustree\/#primaryimage\",\"url\":\"https:\/\/www.lesjardinsdesaintehildegarde.com\/wp-content\/uploads\/2023\/10\/l0124-hdb-biographie-illustree.jpg\",\"contentUrl\":\"https:\/\/www.lesjardinsdesaintehildegarde.com\/wp-content\/uploads\/2023\/10\/l0124-hdb-biographie-illustree.jpg\",\"width\":1200,\"height\":1200,\"caption\":\"Hildegarde de Bingen - Biographie illustr\u00e9e Josy Marty Dufaut\"},{\"@type\":\"BreadcrumbList\",\"@id\":\"https:\/\/www.lesjardinsdesaintehildegarde.com\/en\/books-and-music\/books\/biographies-and-spirituality\/hildegarde-de-b-biographie-illustree\/#breadcrumb\",\"itemListElement\":[{\"@type\":\"ListItem\",\"position\":1,\"name\":\"Home\",\"item\":\"https:\/\/www.lesjardinsdesaintehildegarde.com\/en\/\"},{\"@type\":\"ListItem\",\"position\":2,\"name\":\"Products\",\"item\":\"https:\/\/www.lesjardinsdesaintehildegarde.com\/en\/shop\/\"},{\"@type\":\"ListItem\",\"position\":3,\"name\":\"HILDEGARDE DE B. BIOGRAPHIE ILLUSTREE\"}]},{\"@type\":\"WebSite\",\"@id\":\"https:\/\/www.lesjardinsdesaintehildegarde.com\/en\/#website\",\"url\":\"https:\/\/www.lesjardinsdesaintehildegarde.com\/en\/\",\"name\":\"Les Jardins de Sainte-Hildegarde\",\"description\":\"Viriditas\",\"publisher\":{\"@id\":\"https:\/\/www.lesjardinsdesaintehildegarde.com\/en\/#organization\"},\"potentialAction\":[{\"@type\":\"SearchAction\",\"target\":{\"@type\":\"EntryPoint\",\"urlTemplate\":\"https:\/\/www.lesjardinsdesaintehildegarde.com\/en\/?s={search_term_string}\"},\"query-input\":{\"@type\":\"PropertyValueSpecification\",\"valueRequired\":true,\"valueName\":\"search_term_string\"}}],\"inLanguage\":\"en-US\"},{\"@type\":\"Organization\",\"@id\":\"https:\/\/www.lesjardinsdesaintehildegarde.com\/en\/#organization\",\"name\":\"Les Jardins de Sainte-Hildegarde\",\"url\":\"https:\/\/www.lesjardinsdesaintehildegarde.com\/en\/\",\"logo\":{\"@type\":\"ImageObject\",\"inLanguage\":\"en-US\",\"@id\":\"https:\/\/www.lesjardinsdesaintehildegarde.com\/en\/#\/schema\/logo\/image\/\",\"url\":\"https:\/\/www.lesjardinsdesaintehildegarde.com\/wp-content\/uploads\/2022\/11\/logo-2022.png\",\"contentUrl\":\"https:\/\/www.lesjardinsdesaintehildegarde.com\/wp-content\/uploads\/2022\/11\/logo-2022.png\",\"width\":365,\"height\":90,\"caption\":\"Les Jardins de Sainte-Hildegarde\"},\"image\":{\"@id\":\"https:\/\/www.lesjardinsdesaintehildegarde.com\/en\/#\/schema\/logo\/image\/\"}}]}<\/script>\n<!-- \/ Yoast SEO plugin. -->","yoast_head_json":{"title":"HILDEGARDE DE B. BIOGRAPHIE ILLUSTREE - Les Jardins de Sainte-Hildegarde","robots":{"index":"index","follow":"follow","max-snippet":"max-snippet:-1","max-image-preview":"max-image-preview:large","max-video-preview":"max-video-preview:-1"},"canonical":"https:\/\/www.lesjardinsdesaintehildegarde.com\/en\/books-and-music\/books\/biographies-and-spirituality\/hildegarde-de-b-biographie-illustree\/","og_locale":"en_US","og_type":"article","og_title":"HILDEGARDE DE B. BIOGRAPHIE ILLUSTREE - Les Jardins de Sainte-Hildegarde","og_description":"HILDEGARDE DE BINGEN, BIOGRAPHIE ILLUSTR\u00c9E De Josy MARTY-DUFAUT, \u00e9ditions Ouest-France, couverture cartonn\u00e9e Ouvrage richement illustr\u00e9, comprenant notamment l&#8217;int\u00e9gralit\u00e9 des enluminures du Scivias et du Liber divinorum operum. Abesse b\u00e9n\u00e9dictine du XII\u00e8me si\u00e8cle, Hildegarde de Bingen, longtemps m\u00e9connue du grand public, obtient sa cons\u00e9cration en mai 2012 lorsque le pape Beno\u00eft XVI lui reconnait le statut [&hellip;]","og_url":"https:\/\/www.lesjardinsdesaintehildegarde.com\/en\/books-and-music\/books\/biographies-and-spirituality\/hildegarde-de-b-biographie-illustree\/","og_site_name":"Les Jardins de Sainte-Hildegarde","article_modified_time":"2026-03-31T10:01:03+00:00","og_image":[{"width":1200,"height":1200,"url":"https:\/\/www.lesjardinsdesaintehildegarde.com\/wp-content\/uploads\/2023\/10\/l0124-hdb-biographie-illustree.jpg","type":"image\/jpeg"}],"twitter_card":"summary_large_image","twitter_misc":{"Est. reading time":"2 minutes"},"schema":{"@context":"https:\/\/schema.org","@graph":[{"@type":"WebPage","@id":"https:\/\/www.lesjardinsdesaintehildegarde.com\/en\/books-and-music\/books\/biographies-and-spirituality\/hildegarde-de-b-biographie-illustree\/","url":"https:\/\/www.lesjardinsdesaintehildegarde.com\/en\/books-and-music\/books\/biographies-and-spirituality\/hildegarde-de-b-biographie-illustree\/","name":"HILDEGARDE DE B. BIOGRAPHIE ILLUSTREE - Les Jardins de Sainte-Hildegarde","isPartOf":{"@id":"https:\/\/www.lesjardinsdesaintehildegarde.com\/en\/#website"},"primaryImageOfPage":{"@id":"https:\/\/www.lesjardinsdesaintehildegarde.com\/en\/books-and-music\/books\/biographies-and-spirituality\/hildegarde-de-b-biographie-illustree\/#primaryimage"},"image":{"@id":"https:\/\/www.lesjardinsdesaintehildegarde.com\/en\/books-and-music\/books\/biographies-and-spirituality\/hildegarde-de-b-biographie-illustree\/#primaryimage"},"thumbnailUrl":"https:\/\/www.lesjardinsdesaintehildegarde.com\/wp-content\/uploads\/2023\/10\/l0124-hdb-biographie-illustree.jpg","datePublished":"2022-11-04T08:08:52+00:00","dateModified":"2026-03-31T10:01:03+00:00","breadcrumb":{"@id":"https:\/\/www.lesjardinsdesaintehildegarde.com\/en\/books-and-music\/books\/biographies-and-spirituality\/hildegarde-de-b-biographie-illustree\/#breadcrumb"},"inLanguage":"en-US","potentialAction":[{"@type":"ReadAction","target":["https:\/\/www.lesjardinsdesaintehildegarde.com\/en\/books-and-music\/books\/biographies-and-spirituality\/hildegarde-de-b-biographie-illustree\/"]}]},{"@type":"ImageObject","inLanguage":"en-US","@id":"https:\/\/www.lesjardinsdesaintehildegarde.com\/en\/books-and-music\/books\/biographies-and-spirituality\/hildegarde-de-b-biographie-illustree\/#primaryimage","url":"https:\/\/www.lesjardinsdesaintehildegarde.com\/wp-content\/uploads\/2023\/10\/l0124-hdb-biographie-illustree.jpg","contentUrl":"https:\/\/www.lesjardinsdesaintehildegarde.com\/wp-content\/uploads\/2023\/10\/l0124-hdb-biographie-illustree.jpg","width":1200,"height":1200,"caption":"Hildegarde de Bingen - Biographie illustr\u00e9e Josy Marty Dufaut"},{"@type":"BreadcrumbList","@id":"https:\/\/www.lesjardinsdesaintehildegarde.com\/en\/books-and-music\/books\/biographies-and-spirituality\/hildegarde-de-b-biographie-illustree\/#breadcrumb","itemListElement":[{"@type":"ListItem","position":1,"name":"Home","item":"https:\/\/www.lesjardinsdesaintehildegarde.com\/en\/"},{"@type":"ListItem","position":2,"name":"Products","item":"https:\/\/www.lesjardinsdesaintehildegarde.com\/en\/shop\/"},{"@type":"ListItem","position":3,"name":"HILDEGARDE DE B. BIOGRAPHIE ILLUSTREE"}]},{"@type":"WebSite","@id":"https:\/\/www.lesjardinsdesaintehildegarde.com\/en\/#website","url":"https:\/\/www.lesjardinsdesaintehildegarde.com\/en\/","name":"Les Jardins de Sainte-Hildegarde","description":"Viriditas","publisher":{"@id":"https:\/\/www.lesjardinsdesaintehildegarde.com\/en\/#organization"},"potentialAction":[{"@type":"SearchAction","target":{"@type":"EntryPoint","urlTemplate":"https:\/\/www.lesjardinsdesaintehildegarde.com\/en\/?s={search_term_string}"},"query-input":{"@type":"PropertyValueSpecification","valueRequired":true,"valueName":"search_term_string"}}],"inLanguage":"en-US"},{"@type":"Organization","@id":"https:\/\/www.lesjardinsdesaintehildegarde.com\/en\/#organization","name":"Les Jardins de Sainte-Hildegarde","url":"https:\/\/www.lesjardinsdesaintehildegarde.com\/en\/","logo":{"@type":"ImageObject","inLanguage":"en-US","@id":"https:\/\/www.lesjardinsdesaintehildegarde.com\/en\/#\/schema\/logo\/image\/","url":"https:\/\/www.lesjardinsdesaintehildegarde.com\/wp-content\/uploads\/2022\/11\/logo-2022.png","contentUrl":"https:\/\/www.lesjardinsdesaintehildegarde.com\/wp-content\/uploads\/2022\/11\/logo-2022.png","width":365,"height":90,"caption":"Les Jardins de Sainte-Hildegarde"},"image":{"@id":"https:\/\/www.lesjardinsdesaintehildegarde.com\/en\/#\/schema\/logo\/image\/"}}]}},"_links":{"self":[{"href":"https:\/\/www.lesjardinsdesaintehildegarde.com\/en\/wp-json\/wp\/v2\/product\/1622","targetHints":{"allow":["GET"]}}],"collection":[{"href":"https:\/\/www.lesjardinsdesaintehildegarde.com\/en\/wp-json\/wp\/v2\/product"}],"about":[{"href":"https:\/\/www.lesjardinsdesaintehildegarde.com\/en\/wp-json\/wp\/v2\/types\/product"}],"replies":[{"embeddable":true,"href":"https:\/\/www.lesjardinsdesaintehildegarde.com\/en\/wp-json\/wp\/v2\/comments?post=1622"}],"wp:featuredmedia":[{"embeddable":true,"href":"https:\/\/www.lesjardinsdesaintehildegarde.com\/en\/wp-json\/wp\/v2\/media\/75112"}],"wp:attachment":[{"href":"https:\/\/www.lesjardinsdesaintehildegarde.com\/en\/wp-json\/wp\/v2\/media?parent=1622"}],"wp:term":[{"taxonomy":"product_brand","embeddable":true,"href":"https:\/\/www.lesjardinsdesaintehildegarde.com\/en\/wp-json\/wp\/v2\/product_brand?post=1622"},{"taxonomy":"product_cat","embeddable":true,"href":"https:\/\/www.lesjardinsdesaintehildegarde.com\/en\/wp-json\/wp\/v2\/product_cat?post=1622"},{"taxonomy":"product_tag","embeddable":true,"href":"https:\/\/www.lesjardinsdesaintehildegarde.com\/en\/wp-json\/wp\/v2\/product_tag?post=1622"}],"curies":[{"name":"wp","href":"https:\/\/api.w.org\/{rel}","templated":true}]}}