{"id":1624,"date":"2022-11-04T09:08:53","date_gmt":"2022-11-04T08:08:53","guid":{"rendered":"https:\/\/www.lesjardinsdesaintehildegarde.com\/non%20class\u00e9\/lotion-a-la-cendre-de-prunier-125ml\/"},"modified":"2026-05-08T13:51:03","modified_gmt":"2026-05-08T11:51:03","slug":"lotion-a-la-cendre-de-prunier-125ml","status":"publish","type":"product","link":"https:\/\/www.lesjardinsdesaintehildegarde.com\/en\/cosmetics\/recipes-of-saint-hildegard\/lotion-a-la-cendre-de-prunier-125ml\/","title":{"rendered":"LOTION A LA CENDRE DE PRUNIER 125ML"},"content":{"rendered":"<p>LOTION A LA CENDRE DE PRUNIER 125 ML (8,32\u20ac \/ 100ml)<\/p>\n<p>Soin des cheveux&nbsp;<\/p>\n<p>Mode d&#8217;emploi :<\/p>\n<p>Agiter avant emploi, \u00e0 utiliser sur cheveux humides, frictionner l\u00e9g\u00e8rement le cuir chevelu avec la lotion. Ne pas rincer, laisser poser 8h minimum. Il n&#8217;est pas n\u00e9cessaire de se laver les cheveux apr\u00e8s ces 8h de pose, les cendres sont tellement fines qu&#8217;on ne les voit pas.<\/p>\n<p>Appliquer 2 \u00e0 3 fois par semaine. Ne pas utiliser chez l&#8217;enfant de moins de 3 ans.<\/p>\n<p>Se r\u00e9f\u00e9rer aux \u00e9crits de Sainte Hildegarde de Bingen : PHYSICA Ch. VII : LE PRUNIER<\/p>\n<p>Ingr\u00e9dients :<\/p>\n<p>Aqua, Anthemis nobilis flower water*, Lavandula angustifolia flower extract,  Prunus domestica wood ash, Lavandula officinalis flower oil*, Rosmarinus officinalis extract, cocos nucifera and curcubita naturals fruit extract, soja lecithin, citric acid, ascorbic acid, sorbic acid, salicylic acid, Tocopheryl acetate (Vitamin E), vegetal glycerin, benzyl alcohol, linalool^.<\/p>\n<p>*Issu de l&#8217;agriculture biologique &#8211; ^issu d&#8217;huiles essentielles naturelles.<\/p>\n","protected":false},"excerpt":{"rendered":"<p>LOTION A LA CENDRE DE PRUNIER 125 ML (8,32\u20ac \/ 100ml) Soin des cheveux&nbsp; Mode d&#8217;emploi : Agiter avant emploi, \u00e0 utiliser sur cheveux humides, frictionner l\u00e9g\u00e8rement le cuir chevelu avec la lotion. Ne pas rincer, laisser poser 8h minimum. Il n&#8217;est pas n\u00e9cessaire de se laver les cheveux apr\u00e8s ces 8h de pose, les [&hellip;]<\/p>\n","protected":false},"featured_media":92724,"comment_status":"open","ping_status":"closed","template":"","meta":{"_acf_changed":false,"_relevanssi_hide_post":"","_relevanssi_hide_content":"","_relevanssi_pin_for_all":"","_relevanssi_pin_keywords":"","_relevanssi_unpin_keywords":"","_relevanssi_related_keywords":"","_relevanssi_related_include_ids":"","_relevanssi_related_exclude_ids":"","_relevanssi_related_no_append":"","_relevanssi_related_not_related":"","_relevanssi_related_posts":"","_relevanssi_noindex_reason":""},"product_brand":[],"product_cat":[27,94],"product_tag":[],"class_list":{"0":"post-1624","1":"product","2":"type-product","3":"status-publish","4":"has-post-thumbnail","6":"product_cat-cosmetiques","7":"product_cat-recettes-de-sainte-hildegarde","9":"first","10":"instock","11":"taxable","12":"shipping-taxable","13":"purchasable","14":"product-type-simple"},"acf":[],"yoast_head":"<!-- This site is optimized with the Yoast SEO plugin v27.4 - https:\/\/yoast.com\/product\/yoast-seo-wordpress\/ -->\n<title>LOTION A LA CENDRE DE PRUNIER 125ML - Les Jardins de Sainte-Hildegarde<\/title>\n<meta name=\"robots\" content=\"index, follow, max-snippet:-1, max-image-preview:large, max-video-preview:-1\" \/>\n<link rel=\"canonical\" href=\"https:\/\/www.lesjardinsdesaintehildegarde.com\/en\/cosmetics\/recipes-of-saint-hildegard\/lotion-a-la-cendre-de-prunier-125ml\/\" \/>\n<meta property=\"og:locale\" content=\"en_US\" \/>\n<meta property=\"og:type\" content=\"article\" \/>\n<meta property=\"og:title\" content=\"LOTION A LA CENDRE DE PRUNIER 125ML - Les Jardins de Sainte-Hildegarde\" \/>\n<meta property=\"og:description\" content=\"LOTION A LA CENDRE DE PRUNIER 125 ML (8,32\u20ac \/ 100ml) Soin des cheveux&nbsp; Mode d&#8217;emploi : Agiter avant emploi, \u00e0 utiliser sur cheveux humides, frictionner l\u00e9g\u00e8rement le cuir chevelu avec la lotion. Ne pas rincer, laisser poser 8h minimum. Il n&#8217;est pas n\u00e9cessaire de se laver les cheveux apr\u00e8s ces 8h de pose, les [&hellip;]\" \/>\n<meta property=\"og:url\" content=\"https:\/\/www.lesjardinsdesaintehildegarde.com\/en\/cosmetics\/recipes-of-saint-hildegard\/lotion-a-la-cendre-de-prunier-125ml\/\" \/>\n<meta property=\"og:site_name\" content=\"Les Jardins de Sainte-Hildegarde\" \/>\n<meta property=\"article:modified_time\" content=\"2026-05-08T11:51:03+00:00\" \/>\n<meta property=\"og:image\" content=\"https:\/\/www.lesjardinsdesaintehildegarde.com\/wp-content\/uploads\/2022\/11\/locp-lotion-a-la-cendre-de-prunier.jpg\" \/>\n\t<meta property=\"og:image:width\" content=\"1200\" \/>\n\t<meta property=\"og:image:height\" content=\"1200\" \/>\n\t<meta property=\"og:image:type\" content=\"image\/jpeg\" \/>\n<meta name=\"twitter:card\" content=\"summary_large_image\" \/>\n<meta name=\"twitter:label1\" content=\"Est. reading time\" \/>\n\t<meta name=\"twitter:data1\" content=\"1 minute\" \/>\n<script type=\"application\/ld+json\" class=\"yoast-schema-graph\">{\"@context\":\"https:\\\/\\\/schema.org\",\"@graph\":[{\"@type\":\"WebPage\",\"@id\":\"https:\\\/\\\/www.lesjardinsdesaintehildegarde.com\\\/en\\\/cosmetics\\\/recipes-of-saint-hildegard\\\/lotion-a-la-cendre-de-prunier-125ml\\\/\",\"url\":\"https:\\\/\\\/www.lesjardinsdesaintehildegarde.com\\\/en\\\/cosmetics\\\/recipes-of-saint-hildegard\\\/lotion-a-la-cendre-de-prunier-125ml\\\/\",\"name\":\"LOTION A LA CENDRE DE PRUNIER 125ML - Les Jardins de Sainte-Hildegarde\",\"isPartOf\":{\"@id\":\"https:\\\/\\\/www.lesjardinsdesaintehildegarde.com\\\/en\\\/#website\"},\"primaryImageOfPage\":{\"@id\":\"https:\\\/\\\/www.lesjardinsdesaintehildegarde.com\\\/en\\\/cosmetics\\\/recipes-of-saint-hildegard\\\/lotion-a-la-cendre-de-prunier-125ml\\\/#primaryimage\"},\"image\":{\"@id\":\"https:\\\/\\\/www.lesjardinsdesaintehildegarde.com\\\/en\\\/cosmetics\\\/recipes-of-saint-hildegard\\\/lotion-a-la-cendre-de-prunier-125ml\\\/#primaryimage\"},\"thumbnailUrl\":\"https:\\\/\\\/www.lesjardinsdesaintehildegarde.com\\\/wp-content\\\/uploads\\\/2022\\\/11\\\/locp-lotion-a-la-cendre-de-prunier.jpg\",\"datePublished\":\"2022-11-04T08:08:53+00:00\",\"dateModified\":\"2026-05-08T11:51:03+00:00\",\"breadcrumb\":{\"@id\":\"https:\\\/\\\/www.lesjardinsdesaintehildegarde.com\\\/en\\\/cosmetics\\\/recipes-of-saint-hildegard\\\/lotion-a-la-cendre-de-prunier-125ml\\\/#breadcrumb\"},\"inLanguage\":\"en-US\",\"potentialAction\":[{\"@type\":\"ReadAction\",\"target\":[\"https:\\\/\\\/www.lesjardinsdesaintehildegarde.com\\\/en\\\/cosmetics\\\/recipes-of-saint-hildegard\\\/lotion-a-la-cendre-de-prunier-125ml\\\/\"]}]},{\"@type\":\"ImageObject\",\"inLanguage\":\"en-US\",\"@id\":\"https:\\\/\\\/www.lesjardinsdesaintehildegarde.com\\\/en\\\/cosmetics\\\/recipes-of-saint-hildegard\\\/lotion-a-la-cendre-de-prunier-125ml\\\/#primaryimage\",\"url\":\"https:\\\/\\\/www.lesjardinsdesaintehildegarde.com\\\/wp-content\\\/uploads\\\/2022\\\/11\\\/locp-lotion-a-la-cendre-de-prunier.jpg\",\"contentUrl\":\"https:\\\/\\\/www.lesjardinsdesaintehildegarde.com\\\/wp-content\\\/uploads\\\/2022\\\/11\\\/locp-lotion-a-la-cendre-de-prunier.jpg\",\"width\":1200,\"height\":1200,\"caption\":\"LOTION A LA CENDRE DE PRUNIER 125 ML Ralentit la chute des cheveux, active la repousse.\"},{\"@type\":\"BreadcrumbList\",\"@id\":\"https:\\\/\\\/www.lesjardinsdesaintehildegarde.com\\\/en\\\/cosmetics\\\/recipes-of-saint-hildegard\\\/lotion-a-la-cendre-de-prunier-125ml\\\/#breadcrumb\",\"itemListElement\":[{\"@type\":\"ListItem\",\"position\":1,\"name\":\"Home\",\"item\":\"https:\\\/\\\/www.lesjardinsdesaintehildegarde.com\\\/en\\\/\"},{\"@type\":\"ListItem\",\"position\":2,\"name\":\"Products\",\"item\":\"https:\\\/\\\/www.lesjardinsdesaintehildegarde.com\\\/en\\\/shop\\\/\"},{\"@type\":\"ListItem\",\"position\":3,\"name\":\"LOTION A LA CENDRE DE PRUNIER 125ML\"}]},{\"@type\":\"WebSite\",\"@id\":\"https:\\\/\\\/www.lesjardinsdesaintehildegarde.com\\\/en\\\/#website\",\"url\":\"https:\\\/\\\/www.lesjardinsdesaintehildegarde.com\\\/en\\\/\",\"name\":\"Les Jardins de Sainte-Hildegarde\",\"description\":\"Viriditas\",\"publisher\":{\"@id\":\"https:\\\/\\\/www.lesjardinsdesaintehildegarde.com\\\/en\\\/#organization\"},\"potentialAction\":[{\"@type\":\"SearchAction\",\"target\":{\"@type\":\"EntryPoint\",\"urlTemplate\":\"https:\\\/\\\/www.lesjardinsdesaintehildegarde.com\\\/en\\\/?s={search_term_string}\"},\"query-input\":{\"@type\":\"PropertyValueSpecification\",\"valueRequired\":true,\"valueName\":\"search_term_string\"}}],\"inLanguage\":\"en-US\"},{\"@type\":\"Organization\",\"@id\":\"https:\\\/\\\/www.lesjardinsdesaintehildegarde.com\\\/en\\\/#organization\",\"name\":\"Les Jardins de Sainte-Hildegarde\",\"url\":\"https:\\\/\\\/www.lesjardinsdesaintehildegarde.com\\\/en\\\/\",\"logo\":{\"@type\":\"ImageObject\",\"inLanguage\":\"en-US\",\"@id\":\"https:\\\/\\\/www.lesjardinsdesaintehildegarde.com\\\/en\\\/#\\\/schema\\\/logo\\\/image\\\/\",\"url\":\"https:\\\/\\\/www.lesjardinsdesaintehildegarde.com\\\/wp-content\\\/uploads\\\/2022\\\/11\\\/logo-2022.png\",\"contentUrl\":\"https:\\\/\\\/www.lesjardinsdesaintehildegarde.com\\\/wp-content\\\/uploads\\\/2022\\\/11\\\/logo-2022.png\",\"width\":365,\"height\":90,\"caption\":\"Les Jardins de Sainte-Hildegarde\"},\"image\":{\"@id\":\"https:\\\/\\\/www.lesjardinsdesaintehildegarde.com\\\/en\\\/#\\\/schema\\\/logo\\\/image\\\/\"}}]}<\/script>\n<!-- \/ Yoast SEO plugin. -->","yoast_head_json":{"title":"LOTION A LA CENDRE DE PRUNIER 125ML - Les Jardins de Sainte-Hildegarde","robots":{"index":"index","follow":"follow","max-snippet":"max-snippet:-1","max-image-preview":"max-image-preview:large","max-video-preview":"max-video-preview:-1"},"canonical":"https:\/\/www.lesjardinsdesaintehildegarde.com\/en\/cosmetics\/recipes-of-saint-hildegard\/lotion-a-la-cendre-de-prunier-125ml\/","og_locale":"en_US","og_type":"article","og_title":"LOTION A LA CENDRE DE PRUNIER 125ML - Les Jardins de Sainte-Hildegarde","og_description":"LOTION A LA CENDRE DE PRUNIER 125 ML (8,32\u20ac \/ 100ml) Soin des cheveux&nbsp; Mode d&#8217;emploi : Agiter avant emploi, \u00e0 utiliser sur cheveux humides, frictionner l\u00e9g\u00e8rement le cuir chevelu avec la lotion. Ne pas rincer, laisser poser 8h minimum. Il n&#8217;est pas n\u00e9cessaire de se laver les cheveux apr\u00e8s ces 8h de pose, les [&hellip;]","og_url":"https:\/\/www.lesjardinsdesaintehildegarde.com\/en\/cosmetics\/recipes-of-saint-hildegard\/lotion-a-la-cendre-de-prunier-125ml\/","og_site_name":"Les Jardins de Sainte-Hildegarde","article_modified_time":"2026-05-08T11:51:03+00:00","og_image":[{"width":1200,"height":1200,"url":"https:\/\/www.lesjardinsdesaintehildegarde.com\/wp-content\/uploads\/2022\/11\/locp-lotion-a-la-cendre-de-prunier.jpg","type":"image\/jpeg"}],"twitter_card":"summary_large_image","twitter_misc":{"Est. reading time":"1 minute"},"schema":{"@context":"https:\/\/schema.org","@graph":[{"@type":"WebPage","@id":"https:\/\/www.lesjardinsdesaintehildegarde.com\/en\/cosmetics\/recipes-of-saint-hildegard\/lotion-a-la-cendre-de-prunier-125ml\/","url":"https:\/\/www.lesjardinsdesaintehildegarde.com\/en\/cosmetics\/recipes-of-saint-hildegard\/lotion-a-la-cendre-de-prunier-125ml\/","name":"LOTION A LA CENDRE DE PRUNIER 125ML - Les Jardins de Sainte-Hildegarde","isPartOf":{"@id":"https:\/\/www.lesjardinsdesaintehildegarde.com\/en\/#website"},"primaryImageOfPage":{"@id":"https:\/\/www.lesjardinsdesaintehildegarde.com\/en\/cosmetics\/recipes-of-saint-hildegard\/lotion-a-la-cendre-de-prunier-125ml\/#primaryimage"},"image":{"@id":"https:\/\/www.lesjardinsdesaintehildegarde.com\/en\/cosmetics\/recipes-of-saint-hildegard\/lotion-a-la-cendre-de-prunier-125ml\/#primaryimage"},"thumbnailUrl":"https:\/\/www.lesjardinsdesaintehildegarde.com\/wp-content\/uploads\/2022\/11\/locp-lotion-a-la-cendre-de-prunier.jpg","datePublished":"2022-11-04T08:08:53+00:00","dateModified":"2026-05-08T11:51:03+00:00","breadcrumb":{"@id":"https:\/\/www.lesjardinsdesaintehildegarde.com\/en\/cosmetics\/recipes-of-saint-hildegard\/lotion-a-la-cendre-de-prunier-125ml\/#breadcrumb"},"inLanguage":"en-US","potentialAction":[{"@type":"ReadAction","target":["https:\/\/www.lesjardinsdesaintehildegarde.com\/en\/cosmetics\/recipes-of-saint-hildegard\/lotion-a-la-cendre-de-prunier-125ml\/"]}]},{"@type":"ImageObject","inLanguage":"en-US","@id":"https:\/\/www.lesjardinsdesaintehildegarde.com\/en\/cosmetics\/recipes-of-saint-hildegard\/lotion-a-la-cendre-de-prunier-125ml\/#primaryimage","url":"https:\/\/www.lesjardinsdesaintehildegarde.com\/wp-content\/uploads\/2022\/11\/locp-lotion-a-la-cendre-de-prunier.jpg","contentUrl":"https:\/\/www.lesjardinsdesaintehildegarde.com\/wp-content\/uploads\/2022\/11\/locp-lotion-a-la-cendre-de-prunier.jpg","width":1200,"height":1200,"caption":"LOTION A LA CENDRE DE PRUNIER 125 ML Ralentit la chute des cheveux, active la repousse."},{"@type":"BreadcrumbList","@id":"https:\/\/www.lesjardinsdesaintehildegarde.com\/en\/cosmetics\/recipes-of-saint-hildegard\/lotion-a-la-cendre-de-prunier-125ml\/#breadcrumb","itemListElement":[{"@type":"ListItem","position":1,"name":"Home","item":"https:\/\/www.lesjardinsdesaintehildegarde.com\/en\/"},{"@type":"ListItem","position":2,"name":"Products","item":"https:\/\/www.lesjardinsdesaintehildegarde.com\/en\/shop\/"},{"@type":"ListItem","position":3,"name":"LOTION A LA CENDRE DE PRUNIER 125ML"}]},{"@type":"WebSite","@id":"https:\/\/www.lesjardinsdesaintehildegarde.com\/en\/#website","url":"https:\/\/www.lesjardinsdesaintehildegarde.com\/en\/","name":"Les Jardins de Sainte-Hildegarde","description":"Viriditas","publisher":{"@id":"https:\/\/www.lesjardinsdesaintehildegarde.com\/en\/#organization"},"potentialAction":[{"@type":"SearchAction","target":{"@type":"EntryPoint","urlTemplate":"https:\/\/www.lesjardinsdesaintehildegarde.com\/en\/?s={search_term_string}"},"query-input":{"@type":"PropertyValueSpecification","valueRequired":true,"valueName":"search_term_string"}}],"inLanguage":"en-US"},{"@type":"Organization","@id":"https:\/\/www.lesjardinsdesaintehildegarde.com\/en\/#organization","name":"Les Jardins de Sainte-Hildegarde","url":"https:\/\/www.lesjardinsdesaintehildegarde.com\/en\/","logo":{"@type":"ImageObject","inLanguage":"en-US","@id":"https:\/\/www.lesjardinsdesaintehildegarde.com\/en\/#\/schema\/logo\/image\/","url":"https:\/\/www.lesjardinsdesaintehildegarde.com\/wp-content\/uploads\/2022\/11\/logo-2022.png","contentUrl":"https:\/\/www.lesjardinsdesaintehildegarde.com\/wp-content\/uploads\/2022\/11\/logo-2022.png","width":365,"height":90,"caption":"Les Jardins de Sainte-Hildegarde"},"image":{"@id":"https:\/\/www.lesjardinsdesaintehildegarde.com\/en\/#\/schema\/logo\/image\/"}}]}},"_links":{"self":[{"href":"https:\/\/www.lesjardinsdesaintehildegarde.com\/en\/wp-json\/wp\/v2\/product\/1624","targetHints":{"allow":["GET"]}}],"collection":[{"href":"https:\/\/www.lesjardinsdesaintehildegarde.com\/en\/wp-json\/wp\/v2\/product"}],"about":[{"href":"https:\/\/www.lesjardinsdesaintehildegarde.com\/en\/wp-json\/wp\/v2\/types\/product"}],"replies":[{"embeddable":true,"href":"https:\/\/www.lesjardinsdesaintehildegarde.com\/en\/wp-json\/wp\/v2\/comments?post=1624"}],"wp:featuredmedia":[{"embeddable":true,"href":"https:\/\/www.lesjardinsdesaintehildegarde.com\/en\/wp-json\/wp\/v2\/media\/92724"}],"wp:attachment":[{"href":"https:\/\/www.lesjardinsdesaintehildegarde.com\/en\/wp-json\/wp\/v2\/media?parent=1624"}],"wp:term":[{"taxonomy":"product_brand","embeddable":true,"href":"https:\/\/www.lesjardinsdesaintehildegarde.com\/en\/wp-json\/wp\/v2\/product_brand?post=1624"},{"taxonomy":"product_cat","embeddable":true,"href":"https:\/\/www.lesjardinsdesaintehildegarde.com\/en\/wp-json\/wp\/v2\/product_cat?post=1624"},{"taxonomy":"product_tag","embeddable":true,"href":"https:\/\/www.lesjardinsdesaintehildegarde.com\/en\/wp-json\/wp\/v2\/product_tag?post=1624"}],"curies":[{"name":"wp","href":"https:\/\/api.w.org\/{rel}","templated":true}]}}