{"id":2110,"date":"2022-11-04T09:10:04","date_gmt":"2022-11-04T08:10:04","guid":{"rendered":"https:\/\/www.lesjardinsdesaintehildegarde.com\/non%20class\u00e9\/6x-bocal-petit-epeautre-bio-au-bouillon\/"},"modified":"2026-04-21T23:02:03","modified_gmt":"2026-04-21T21:02:03","slug":"6x-bocal-petit-epeautre-bio-au-bouillon","status":"publish","type":"product","link":"https:\/\/www.lesjardinsdesaintehildegarde.com\/en\/spelt-food\/spelt\/small-spelt\/6x-bocal-petit-epeautre-bio-au-bouillon\/","title":{"rendered":"6X BOCAL PETIT \u00c9PEAUTRE BIO AU BOUILLON*"},"content":{"rendered":"<p>LOT 6 BOCAUX DE VERITABLE PETIT \u00c9PEAUTRE (ENGRAIN) BIO* CUIT AU BOUILLON DE L\u00c9GUMES &#8211; 6 X 215G NET = 1.290KG (14,41\u20ac \/ kg)<\/p>\n<p>Fabriqu\u00e9 en France dans nos ateliers.<\/p>\n<p>Ce petit \u00e9peautre pr\u00eat \u00e0 l&#8217;emploi est vraiment tr\u00e8s pratique, on peut le r\u00e9chauffer pour accompagner des l\u00e9gumes ou des plats en sauce ou encore l&#8217;incorporer \u00e0 des soupes.<\/p>\n<p>En version froide et apr\u00e8s l&#8217;avoir \u00e9goutt\u00e9, vous pourrez l&#8217;utiliser dans des salades compos\u00e9es.<\/p>\n<p>L&#8217;\u00e9peautre est tr\u00e8s digeste, tr\u00e8s riche en oligo-\u00e9l\u00e9ments, c&#8217;est la c\u00e9r\u00e9ale par excellence, conseill\u00e9e comme base essentielle d&#8217;une bonne alimentation par Sainte Hildegarde.<\/p>\n<p>L&#8217;origine naturelle de ce produit ne nous permet pas de vous garantir un aspect strictement identique d&#8217;un lot \u00e0 l&#8217;autre. En effet, de sensibles variations de couleurs, d&#8217;aspect, de texture, de go\u00fbt, de coupe, peuvent intervenir selon la zone g\u00e9ographique de culture, selon le climat, et selon les diff\u00e9rentes \u00e9tapes qui succ\u00e8dent \u00e0 la r\u00e9colte. <\/p>\n<p>Ingr\u00e9dients: v\u00e9ritable petit \u00e9peautre (Engrain) (GLUTEN d&#8217;\u00e9peautre) Origine France*, eau, bouillon aux l\u00e9gumes* (sel de mer, l\u00e9gumes* 20% (carottes*, panais*, oignons*, CELERI*), farine de riz*, extrait de levure*, amidon de ma\u00efs*, curcuma*, macis*, huile de tournesol*, feuilles de liv\u00e8che*, feuilles de celeri*, persil* poivre*, laurier*)<\/p>\n<p>*ingr\u00e9dients issus de l&#8217;agriculture biologique<\/p>\n<p>Valeurs nutritionnelles pur 100g<\/p>\n<p>Energie : 322 kJ \/ 76 kcal<\/p>\n<p>Lipides 0,7g dont acides gras satur\u00e9s &lt; 0,5g<\/p>\n<p>Glucides 13,7g donc sucres &lt; 0,5g<\/p>\n<p>Prot\u00e9ines 2,8g <\/p>\n<p>Fibres 2g <\/p>\n<p>Sel 0,8 g<\/p>\n","protected":false},"excerpt":{"rendered":"<p>LOT 6 BOCAUX DE VERITABLE PETIT \u00c9PEAUTRE (ENGRAIN) BIO* CUIT AU BOUILLON DE L\u00c9GUMES &#8211; 6 X 215G NET = 1.290KG (14,41\u20ac \/ kg) Fabriqu\u00e9 en France dans nos ateliers. Ce petit \u00e9peautre pr\u00eat \u00e0 l&#8217;emploi est vraiment tr\u00e8s pratique, on peut le r\u00e9chauffer pour accompagner des l\u00e9gumes ou des plats en sauce ou encore [&hellip;]<\/p>\n","protected":false},"featured_media":55124,"comment_status":"open","ping_status":"closed","template":"","meta":{"_acf_changed":false,"_relevanssi_hide_post":"","_relevanssi_hide_content":"","_relevanssi_pin_for_all":"","_relevanssi_pin_keywords":"","_relevanssi_unpin_keywords":"","_relevanssi_related_keywords":"","_relevanssi_related_include_ids":"","_relevanssi_related_exclude_ids":"","_relevanssi_related_no_append":"","_relevanssi_related_not_related":"","_relevanssi_related_posts":"","_relevanssi_noindex_reason":""},"product_brand":[],"product_cat":[52,30,60],"product_tag":[49],"class_list":{"0":"post-2110","1":"product","2":"type-product","3":"status-publish","4":"has-post-thumbnail","6":"product_cat-epeautre","7":"product_cat-epeautres-alimentation","8":"product_cat-petit-epeautre","9":"product_tag-produit-bio","11":"first","12":"outofstock","13":"taxable","14":"shipping-taxable","15":"purchasable","16":"product-type-simple"},"acf":[],"yoast_head":"<!-- This site is optimized with the Yoast SEO plugin v27.2 - https:\/\/yoast.com\/product\/yoast-seo-wordpress\/ -->\n<title>6X BOCAL PETIT \u00c9PEAUTRE BIO AU BOUILLON* - Les Jardins de Sainte-Hildegarde<\/title>\n<meta name=\"robots\" content=\"index, follow, max-snippet:-1, max-image-preview:large, max-video-preview:-1\" \/>\n<link rel=\"canonical\" href=\"https:\/\/www.lesjardinsdesaintehildegarde.com\/en\/spelt-food\/spelt\/small-spelt\/6x-bocal-petit-epeautre-bio-au-bouillon\/\" \/>\n<meta property=\"og:locale\" content=\"en_US\" \/>\n<meta property=\"og:type\" content=\"article\" \/>\n<meta property=\"og:title\" content=\"6X BOCAL PETIT \u00c9PEAUTRE BIO AU BOUILLON* - Les Jardins de Sainte-Hildegarde\" \/>\n<meta property=\"og:description\" content=\"LOT 6 BOCAUX DE VERITABLE PETIT \u00c9PEAUTRE (ENGRAIN) BIO* CUIT AU BOUILLON DE L\u00c9GUMES &#8211; 6 X 215G NET = 1.290KG (14,41\u20ac \/ kg) Fabriqu\u00e9 en France dans nos ateliers. Ce petit \u00e9peautre pr\u00eat \u00e0 l&#8217;emploi est vraiment tr\u00e8s pratique, on peut le r\u00e9chauffer pour accompagner des l\u00e9gumes ou des plats en sauce ou encore [&hellip;]\" \/>\n<meta property=\"og:url\" content=\"https:\/\/www.lesjardinsdesaintehildegarde.com\/en\/spelt-food\/spelt\/small-spelt\/6x-bocal-petit-epeautre-bio-au-bouillon\/\" \/>\n<meta property=\"og:site_name\" content=\"Les Jardins de Sainte-Hildegarde\" \/>\n<meta property=\"article:modified_time\" content=\"2026-04-21T21:02:03+00:00\" \/>\n<meta property=\"og:image\" content=\"https:\/\/www.lesjardinsdesaintehildegarde.com\/wp-content\/uploads\/2022\/11\/00046-veritable-petit-epeautre-au-bouillon-bio-x6.jpg\" \/>\n\t<meta property=\"og:image:width\" content=\"1200\" \/>\n\t<meta property=\"og:image:height\" content=\"1200\" \/>\n\t<meta property=\"og:image:type\" content=\"image\/jpeg\" \/>\n<meta name=\"twitter:card\" content=\"summary_large_image\" \/>\n<meta name=\"twitter:label1\" content=\"Est. reading time\" \/>\n\t<meta name=\"twitter:data1\" content=\"2 minutes\" \/>\n<script type=\"application\/ld+json\" class=\"yoast-schema-graph\">{\"@context\":\"https:\/\/schema.org\",\"@graph\":[{\"@type\":\"WebPage\",\"@id\":\"https:\/\/www.lesjardinsdesaintehildegarde.com\/en\/spelt-food\/spelt\/small-spelt\/6x-bocal-petit-epeautre-bio-au-bouillon\/\",\"url\":\"https:\/\/www.lesjardinsdesaintehildegarde.com\/en\/spelt-food\/spelt\/small-spelt\/6x-bocal-petit-epeautre-bio-au-bouillon\/\",\"name\":\"6X BOCAL PETIT \u00c9PEAUTRE BIO AU BOUILLON* - Les Jardins de Sainte-Hildegarde\",\"isPartOf\":{\"@id\":\"https:\/\/www.lesjardinsdesaintehildegarde.com\/en\/#website\"},\"primaryImageOfPage\":{\"@id\":\"https:\/\/www.lesjardinsdesaintehildegarde.com\/en\/spelt-food\/spelt\/small-spelt\/6x-bocal-petit-epeautre-bio-au-bouillon\/#primaryimage\"},\"image\":{\"@id\":\"https:\/\/www.lesjardinsdesaintehildegarde.com\/en\/spelt-food\/spelt\/small-spelt\/6x-bocal-petit-epeautre-bio-au-bouillon\/#primaryimage\"},\"thumbnailUrl\":\"https:\/\/www.lesjardinsdesaintehildegarde.com\/wp-content\/uploads\/2022\/11\/00046-veritable-petit-epeautre-au-bouillon-bio-x6.jpg\",\"datePublished\":\"2022-11-04T08:10:04+00:00\",\"dateModified\":\"2026-04-21T21:02:03+00:00\",\"breadcrumb\":{\"@id\":\"https:\/\/www.lesjardinsdesaintehildegarde.com\/en\/spelt-food\/spelt\/small-spelt\/6x-bocal-petit-epeautre-bio-au-bouillon\/#breadcrumb\"},\"inLanguage\":\"en-US\",\"potentialAction\":[{\"@type\":\"ReadAction\",\"target\":[\"https:\/\/www.lesjardinsdesaintehildegarde.com\/en\/spelt-food\/spelt\/small-spelt\/6x-bocal-petit-epeautre-bio-au-bouillon\/\"]}]},{\"@type\":\"ImageObject\",\"inLanguage\":\"en-US\",\"@id\":\"https:\/\/www.lesjardinsdesaintehildegarde.com\/en\/spelt-food\/spelt\/small-spelt\/6x-bocal-petit-epeautre-bio-au-bouillon\/#primaryimage\",\"url\":\"https:\/\/www.lesjardinsdesaintehildegarde.com\/wp-content\/uploads\/2022\/11\/00046-veritable-petit-epeautre-au-bouillon-bio-x6.jpg\",\"contentUrl\":\"https:\/\/www.lesjardinsdesaintehildegarde.com\/wp-content\/uploads\/2022\/11\/00046-veritable-petit-epeautre-au-bouillon-bio-x6.jpg\",\"width\":1200,\"height\":1200,\"caption\":\"Bocal de v\u00e9ritable petit \u00e9peautre (engrain) bio cuit au bouillon de l\u00e9gumes. Lot de 6 bocaux. Non crois\u00e9 avec du bl\u00e9 (non hybrid\u00e9). Idem Label Hertzka. Triticum Monococcum. Bocal de v\u00e9ritable petit \u00e9peautre (engrain) bio cuit au bouillon de l\u00e9gumes. Non crois\u00e9 avec du bl\u00e9 (non hybrid\u00e9). Idem Label Hertzka. Triticum Monococcum. Recommand\u00e9 par sainte Hildegarde de Bingen\"},{\"@type\":\"BreadcrumbList\",\"@id\":\"https:\/\/www.lesjardinsdesaintehildegarde.com\/en\/spelt-food\/spelt\/small-spelt\/6x-bocal-petit-epeautre-bio-au-bouillon\/#breadcrumb\",\"itemListElement\":[{\"@type\":\"ListItem\",\"position\":1,\"name\":\"Home\",\"item\":\"https:\/\/www.lesjardinsdesaintehildegarde.com\/en\/\"},{\"@type\":\"ListItem\",\"position\":2,\"name\":\"Products\",\"item\":\"https:\/\/www.lesjardinsdesaintehildegarde.com\/en\/shop\/\"},{\"@type\":\"ListItem\",\"position\":3,\"name\":\"6X BOCAL PETIT \u00c9PEAUTRE BIO AU BOUILLON*\"}]},{\"@type\":\"WebSite\",\"@id\":\"https:\/\/www.lesjardinsdesaintehildegarde.com\/en\/#website\",\"url\":\"https:\/\/www.lesjardinsdesaintehildegarde.com\/en\/\",\"name\":\"Les Jardins de Sainte-Hildegarde\",\"description\":\"Viriditas\",\"publisher\":{\"@id\":\"https:\/\/www.lesjardinsdesaintehildegarde.com\/en\/#organization\"},\"potentialAction\":[{\"@type\":\"SearchAction\",\"target\":{\"@type\":\"EntryPoint\",\"urlTemplate\":\"https:\/\/www.lesjardinsdesaintehildegarde.com\/en\/?s={search_term_string}\"},\"query-input\":{\"@type\":\"PropertyValueSpecification\",\"valueRequired\":true,\"valueName\":\"search_term_string\"}}],\"inLanguage\":\"en-US\"},{\"@type\":\"Organization\",\"@id\":\"https:\/\/www.lesjardinsdesaintehildegarde.com\/en\/#organization\",\"name\":\"Les Jardins de Sainte-Hildegarde\",\"url\":\"https:\/\/www.lesjardinsdesaintehildegarde.com\/en\/\",\"logo\":{\"@type\":\"ImageObject\",\"inLanguage\":\"en-US\",\"@id\":\"https:\/\/www.lesjardinsdesaintehildegarde.com\/en\/#\/schema\/logo\/image\/\",\"url\":\"https:\/\/www.lesjardinsdesaintehildegarde.com\/wp-content\/uploads\/2022\/11\/logo-2022.png\",\"contentUrl\":\"https:\/\/www.lesjardinsdesaintehildegarde.com\/wp-content\/uploads\/2022\/11\/logo-2022.png\",\"width\":365,\"height\":90,\"caption\":\"Les Jardins de Sainte-Hildegarde\"},\"image\":{\"@id\":\"https:\/\/www.lesjardinsdesaintehildegarde.com\/en\/#\/schema\/logo\/image\/\"}}]}<\/script>\n<!-- \/ Yoast SEO plugin. -->","yoast_head_json":{"title":"6X BOCAL PETIT \u00c9PEAUTRE BIO AU BOUILLON* - Les Jardins de Sainte-Hildegarde","robots":{"index":"index","follow":"follow","max-snippet":"max-snippet:-1","max-image-preview":"max-image-preview:large","max-video-preview":"max-video-preview:-1"},"canonical":"https:\/\/www.lesjardinsdesaintehildegarde.com\/en\/spelt-food\/spelt\/small-spelt\/6x-bocal-petit-epeautre-bio-au-bouillon\/","og_locale":"en_US","og_type":"article","og_title":"6X BOCAL PETIT \u00c9PEAUTRE BIO AU BOUILLON* - Les Jardins de Sainte-Hildegarde","og_description":"LOT 6 BOCAUX DE VERITABLE PETIT \u00c9PEAUTRE (ENGRAIN) BIO* CUIT AU BOUILLON DE L\u00c9GUMES &#8211; 6 X 215G NET = 1.290KG (14,41\u20ac \/ kg) Fabriqu\u00e9 en France dans nos ateliers. Ce petit \u00e9peautre pr\u00eat \u00e0 l&#8217;emploi est vraiment tr\u00e8s pratique, on peut le r\u00e9chauffer pour accompagner des l\u00e9gumes ou des plats en sauce ou encore [&hellip;]","og_url":"https:\/\/www.lesjardinsdesaintehildegarde.com\/en\/spelt-food\/spelt\/small-spelt\/6x-bocal-petit-epeautre-bio-au-bouillon\/","og_site_name":"Les Jardins de Sainte-Hildegarde","article_modified_time":"2026-04-21T21:02:03+00:00","og_image":[{"width":1200,"height":1200,"url":"https:\/\/www.lesjardinsdesaintehildegarde.com\/wp-content\/uploads\/2022\/11\/00046-veritable-petit-epeautre-au-bouillon-bio-x6.jpg","type":"image\/jpeg"}],"twitter_card":"summary_large_image","twitter_misc":{"Est. reading time":"2 minutes"},"schema":{"@context":"https:\/\/schema.org","@graph":[{"@type":"WebPage","@id":"https:\/\/www.lesjardinsdesaintehildegarde.com\/en\/spelt-food\/spelt\/small-spelt\/6x-bocal-petit-epeautre-bio-au-bouillon\/","url":"https:\/\/www.lesjardinsdesaintehildegarde.com\/en\/spelt-food\/spelt\/small-spelt\/6x-bocal-petit-epeautre-bio-au-bouillon\/","name":"6X BOCAL PETIT \u00c9PEAUTRE BIO AU BOUILLON* - Les Jardins de Sainte-Hildegarde","isPartOf":{"@id":"https:\/\/www.lesjardinsdesaintehildegarde.com\/en\/#website"},"primaryImageOfPage":{"@id":"https:\/\/www.lesjardinsdesaintehildegarde.com\/en\/spelt-food\/spelt\/small-spelt\/6x-bocal-petit-epeautre-bio-au-bouillon\/#primaryimage"},"image":{"@id":"https:\/\/www.lesjardinsdesaintehildegarde.com\/en\/spelt-food\/spelt\/small-spelt\/6x-bocal-petit-epeautre-bio-au-bouillon\/#primaryimage"},"thumbnailUrl":"https:\/\/www.lesjardinsdesaintehildegarde.com\/wp-content\/uploads\/2022\/11\/00046-veritable-petit-epeautre-au-bouillon-bio-x6.jpg","datePublished":"2022-11-04T08:10:04+00:00","dateModified":"2026-04-21T21:02:03+00:00","breadcrumb":{"@id":"https:\/\/www.lesjardinsdesaintehildegarde.com\/en\/spelt-food\/spelt\/small-spelt\/6x-bocal-petit-epeautre-bio-au-bouillon\/#breadcrumb"},"inLanguage":"en-US","potentialAction":[{"@type":"ReadAction","target":["https:\/\/www.lesjardinsdesaintehildegarde.com\/en\/spelt-food\/spelt\/small-spelt\/6x-bocal-petit-epeautre-bio-au-bouillon\/"]}]},{"@type":"ImageObject","inLanguage":"en-US","@id":"https:\/\/www.lesjardinsdesaintehildegarde.com\/en\/spelt-food\/spelt\/small-spelt\/6x-bocal-petit-epeautre-bio-au-bouillon\/#primaryimage","url":"https:\/\/www.lesjardinsdesaintehildegarde.com\/wp-content\/uploads\/2022\/11\/00046-veritable-petit-epeautre-au-bouillon-bio-x6.jpg","contentUrl":"https:\/\/www.lesjardinsdesaintehildegarde.com\/wp-content\/uploads\/2022\/11\/00046-veritable-petit-epeautre-au-bouillon-bio-x6.jpg","width":1200,"height":1200,"caption":"Bocal de v\u00e9ritable petit \u00e9peautre (engrain) bio cuit au bouillon de l\u00e9gumes. Lot de 6 bocaux. Non crois\u00e9 avec du bl\u00e9 (non hybrid\u00e9). Idem Label Hertzka. Triticum Monococcum. Bocal de v\u00e9ritable petit \u00e9peautre (engrain) bio cuit au bouillon de l\u00e9gumes. Non crois\u00e9 avec du bl\u00e9 (non hybrid\u00e9). Idem Label Hertzka. Triticum Monococcum. Recommand\u00e9 par sainte Hildegarde de Bingen"},{"@type":"BreadcrumbList","@id":"https:\/\/www.lesjardinsdesaintehildegarde.com\/en\/spelt-food\/spelt\/small-spelt\/6x-bocal-petit-epeautre-bio-au-bouillon\/#breadcrumb","itemListElement":[{"@type":"ListItem","position":1,"name":"Home","item":"https:\/\/www.lesjardinsdesaintehildegarde.com\/en\/"},{"@type":"ListItem","position":2,"name":"Products","item":"https:\/\/www.lesjardinsdesaintehildegarde.com\/en\/shop\/"},{"@type":"ListItem","position":3,"name":"6X BOCAL PETIT \u00c9PEAUTRE BIO AU BOUILLON*"}]},{"@type":"WebSite","@id":"https:\/\/www.lesjardinsdesaintehildegarde.com\/en\/#website","url":"https:\/\/www.lesjardinsdesaintehildegarde.com\/en\/","name":"Les Jardins de Sainte-Hildegarde","description":"Viriditas","publisher":{"@id":"https:\/\/www.lesjardinsdesaintehildegarde.com\/en\/#organization"},"potentialAction":[{"@type":"SearchAction","target":{"@type":"EntryPoint","urlTemplate":"https:\/\/www.lesjardinsdesaintehildegarde.com\/en\/?s={search_term_string}"},"query-input":{"@type":"PropertyValueSpecification","valueRequired":true,"valueName":"search_term_string"}}],"inLanguage":"en-US"},{"@type":"Organization","@id":"https:\/\/www.lesjardinsdesaintehildegarde.com\/en\/#organization","name":"Les Jardins de Sainte-Hildegarde","url":"https:\/\/www.lesjardinsdesaintehildegarde.com\/en\/","logo":{"@type":"ImageObject","inLanguage":"en-US","@id":"https:\/\/www.lesjardinsdesaintehildegarde.com\/en\/#\/schema\/logo\/image\/","url":"https:\/\/www.lesjardinsdesaintehildegarde.com\/wp-content\/uploads\/2022\/11\/logo-2022.png","contentUrl":"https:\/\/www.lesjardinsdesaintehildegarde.com\/wp-content\/uploads\/2022\/11\/logo-2022.png","width":365,"height":90,"caption":"Les Jardins de Sainte-Hildegarde"},"image":{"@id":"https:\/\/www.lesjardinsdesaintehildegarde.com\/en\/#\/schema\/logo\/image\/"}}]}},"_links":{"self":[{"href":"https:\/\/www.lesjardinsdesaintehildegarde.com\/en\/wp-json\/wp\/v2\/product\/2110","targetHints":{"allow":["GET"]}}],"collection":[{"href":"https:\/\/www.lesjardinsdesaintehildegarde.com\/en\/wp-json\/wp\/v2\/product"}],"about":[{"href":"https:\/\/www.lesjardinsdesaintehildegarde.com\/en\/wp-json\/wp\/v2\/types\/product"}],"replies":[{"embeddable":true,"href":"https:\/\/www.lesjardinsdesaintehildegarde.com\/en\/wp-json\/wp\/v2\/comments?post=2110"}],"wp:featuredmedia":[{"embeddable":true,"href":"https:\/\/www.lesjardinsdesaintehildegarde.com\/en\/wp-json\/wp\/v2\/media\/55124"}],"wp:attachment":[{"href":"https:\/\/www.lesjardinsdesaintehildegarde.com\/en\/wp-json\/wp\/v2\/media?parent=2110"}],"wp:term":[{"taxonomy":"product_brand","embeddable":true,"href":"https:\/\/www.lesjardinsdesaintehildegarde.com\/en\/wp-json\/wp\/v2\/product_brand?post=2110"},{"taxonomy":"product_cat","embeddable":true,"href":"https:\/\/www.lesjardinsdesaintehildegarde.com\/en\/wp-json\/wp\/v2\/product_cat?post=2110"},{"taxonomy":"product_tag","embeddable":true,"href":"https:\/\/www.lesjardinsdesaintehildegarde.com\/en\/wp-json\/wp\/v2\/product_tag?post=2110"}],"curies":[{"name":"wp","href":"https:\/\/api.w.org\/{rel}","templated":true}]}}