{"id":52116,"date":"2023-01-31T08:42:04","date_gmt":"2023-01-31T07:42:04","guid":{"rendered":"https:\/\/www.lesjardinsdesaintehildegarde.com\/?post_type=product&#038;p=52116"},"modified":"2026-04-27T23:02:12","modified_gmt":"2026-04-27T21:02:12","slug":"toque-blaireau-taille-58","status":"publish","type":"product","link":"https:\/\/www.lesjardinsdesaintehildegarde.com\/en\/badger-accessories\/other-badger-accessories\/toque-blaireau-taille-58\/","title":{"rendered":"TOQUE BLAIREAU TAILLE 58"},"content":{"rendered":"<p>TOQUE EN FOURRURE DE BLAIREAU 350 G <\/p>\n<p>TAILLE 58<\/p>\n<p>Pr\u00e9cisez votre tour de t\u00eate en cm dans les commentaires de votre commande (avant l&#8217;\u00e9tape de paiement).<\/p>\n<p>Description : Calotte en mouton retourn\u00e9, bandeau en fourrure de blaireau. Fabrication artisanale.<\/p>\n<p>Mode d&#8217;emploi : S&#8217;utilise toujours avec la fourrure en contact avec la peau.<\/p>\n<p>Pour les bienfaits de cet article se r\u00e9f\u00e9rer aux \u00e9crits de Sainte Hildegarde de Bingen.<\/p>\n<p>Entretien : Quand la fourrure est encrass\u00e9e, la nettoyer au moyen de la &#8220;Terre de Sommi\u00e8re&#8221;, Ref BL001 p21 dans le catalogue.<\/p>\n<p>&#8220;Le blaireau est chaud, il a des moeurs tranquilles; il est mauvais, mais sans pr\u00e9somption; il d\u00e9tient en lui des forces tr\u00e8s puissantes, mais il ne fait pas grand cas de cette valeur qu&#8217;il a en lui, si ce n&#8217;est que, parfois, il la montre brusquement et s&#8217;arr\u00eate aussit\u00f4t : en effet, s&#8217;il la montrait sans arr\u00eat, on pourrait la comparer aux forces du lion. Mais il n&#8217;a pas envie de montrer ses forces, si ce n&#8217;est que, de temps en temps, il les montre, dans la joie et l&#8217;exultation..&#8221;<\/p>\n<p>PHYSICA Ch.XXVIII : LE BLAIREAU<\/p>\n","protected":false},"excerpt":{"rendered":"<p>TOQUE EN FOURRURE DE BLAIREAU 350 G TAILLE 58 Pr\u00e9cisez votre tour de t\u00eate en cm dans les commentaires de votre commande (avant l&#8217;\u00e9tape de paiement). Description : Calotte en mouton retourn\u00e9, bandeau en fourrure de blaireau. Fabrication artisanale. Mode d&#8217;emploi : S&#8217;utilise toujours avec la fourrure en contact avec la peau. Pour les bienfaits [&hellip;]<\/p>\n","protected":false},"featured_media":74437,"comment_status":"open","ping_status":"closed","template":"","meta":{"_acf_changed":false,"_relevanssi_hide_post":"","_relevanssi_hide_content":"","_relevanssi_pin_for_all":"","_relevanssi_pin_keywords":"","_relevanssi_unpin_keywords":"","_relevanssi_related_keywords":"","_relevanssi_related_include_ids":"","_relevanssi_related_exclude_ids":"","_relevanssi_related_no_append":"","_relevanssi_related_not_related":"","_relevanssi_related_posts":"","_relevanssi_noindex_reason":""},"product_brand":[],"product_cat":[21,107],"product_tag":[],"class_list":{"0":"post-52116","1":"product","2":"type-product","3":"status-publish","4":"has-post-thumbnail","6":"product_cat-accessoires-en-blaireau","7":"product_cat-autres-articles-en-blaireau","9":"first","10":"instock","11":"taxable","12":"shipping-taxable","13":"purchasable","14":"product-type-simple"},"acf":[],"yoast_head":"<!-- This site is optimized with the Yoast SEO plugin v27.4 - https:\/\/yoast.com\/product\/yoast-seo-wordpress\/ -->\n<title>TOQUE BLAIREAU TAILLE 58 - Les Jardins de Sainte-Hildegarde<\/title>\n<meta name=\"robots\" content=\"index, follow, max-snippet:-1, max-image-preview:large, max-video-preview:-1\" \/>\n<link rel=\"canonical\" href=\"https:\/\/www.lesjardinsdesaintehildegarde.com\/en\/badger-accessories\/other-badger-accessories\/toque-blaireau-taille-58\/\" \/>\n<meta property=\"og:locale\" content=\"en_US\" \/>\n<meta property=\"og:type\" content=\"article\" \/>\n<meta property=\"og:title\" content=\"TOQUE BLAIREAU TAILLE 58 - Les Jardins de Sainte-Hildegarde\" \/>\n<meta property=\"og:description\" content=\"TOQUE EN FOURRURE DE BLAIREAU 350 G TAILLE 58 Pr\u00e9cisez votre tour de t\u00eate en cm dans les commentaires de votre commande (avant l&#8217;\u00e9tape de paiement). Description : Calotte en mouton retourn\u00e9, bandeau en fourrure de blaireau. Fabrication artisanale. Mode d&#8217;emploi : S&#8217;utilise toujours avec la fourrure en contact avec la peau. Pour les bienfaits [&hellip;]\" \/>\n<meta property=\"og:url\" content=\"https:\/\/www.lesjardinsdesaintehildegarde.com\/en\/badger-accessories\/other-badger-accessories\/toque-blaireau-taille-58\/\" \/>\n<meta property=\"og:site_name\" content=\"Les Jardins de Sainte-Hildegarde\" \/>\n<meta property=\"article:modified_time\" content=\"2026-04-27T21:02:12+00:00\" \/>\n<meta property=\"og:image\" content=\"https:\/\/www.lesjardinsdesaintehildegarde.com\/wp-content\/uploads\/2023\/01\/blto-1-toque-de-blaireau.jpg\" \/>\n\t<meta property=\"og:image:width\" content=\"1200\" \/>\n\t<meta property=\"og:image:height\" content=\"1200\" \/>\n\t<meta property=\"og:image:type\" content=\"image\/jpeg\" \/>\n<meta name=\"twitter:card\" content=\"summary_large_image\" \/>\n<meta name=\"twitter:label1\" content=\"Est. reading time\" \/>\n\t<meta name=\"twitter:data1\" content=\"1 minute\" \/>\n<script type=\"application\/ld+json\" class=\"yoast-schema-graph\">{\"@context\":\"https:\\\/\\\/schema.org\",\"@graph\":[{\"@type\":\"WebPage\",\"@id\":\"https:\\\/\\\/www.lesjardinsdesaintehildegarde.com\\\/en\\\/badger-accessories\\\/other-badger-accessories\\\/toque-blaireau-taille-58\\\/\",\"url\":\"https:\\\/\\\/www.lesjardinsdesaintehildegarde.com\\\/en\\\/badger-accessories\\\/other-badger-accessories\\\/toque-blaireau-taille-58\\\/\",\"name\":\"TOQUE BLAIREAU TAILLE 58 - Les Jardins de Sainte-Hildegarde\",\"isPartOf\":{\"@id\":\"https:\\\/\\\/www.lesjardinsdesaintehildegarde.com\\\/en\\\/#website\"},\"primaryImageOfPage\":{\"@id\":\"https:\\\/\\\/www.lesjardinsdesaintehildegarde.com\\\/en\\\/badger-accessories\\\/other-badger-accessories\\\/toque-blaireau-taille-58\\\/#primaryimage\"},\"image\":{\"@id\":\"https:\\\/\\\/www.lesjardinsdesaintehildegarde.com\\\/en\\\/badger-accessories\\\/other-badger-accessories\\\/toque-blaireau-taille-58\\\/#primaryimage\"},\"thumbnailUrl\":\"https:\\\/\\\/www.lesjardinsdesaintehildegarde.com\\\/wp-content\\\/uploads\\\/2023\\\/01\\\/blto-1-toque-de-blaireau.jpg\",\"datePublished\":\"2023-01-31T07:42:04+00:00\",\"dateModified\":\"2026-04-27T21:02:12+00:00\",\"breadcrumb\":{\"@id\":\"https:\\\/\\\/www.lesjardinsdesaintehildegarde.com\\\/en\\\/badger-accessories\\\/other-badger-accessories\\\/toque-blaireau-taille-58\\\/#breadcrumb\"},\"inLanguage\":\"en-US\",\"potentialAction\":[{\"@type\":\"ReadAction\",\"target\":[\"https:\\\/\\\/www.lesjardinsdesaintehildegarde.com\\\/en\\\/badger-accessories\\\/other-badger-accessories\\\/toque-blaireau-taille-58\\\/\"]}]},{\"@type\":\"ImageObject\",\"inLanguage\":\"en-US\",\"@id\":\"https:\\\/\\\/www.lesjardinsdesaintehildegarde.com\\\/en\\\/badger-accessories\\\/other-badger-accessories\\\/toque-blaireau-taille-58\\\/#primaryimage\",\"url\":\"https:\\\/\\\/www.lesjardinsdesaintehildegarde.com\\\/wp-content\\\/uploads\\\/2023\\\/01\\\/blto-1-toque-de-blaireau.jpg\",\"contentUrl\":\"https:\\\/\\\/www.lesjardinsdesaintehildegarde.com\\\/wp-content\\\/uploads\\\/2023\\\/01\\\/blto-1-toque-de-blaireau.jpg\",\"width\":1200,\"height\":1200,\"caption\":\"TOQUE EN FOURRURE DE BLAIREAU 350 G\"},{\"@type\":\"BreadcrumbList\",\"@id\":\"https:\\\/\\\/www.lesjardinsdesaintehildegarde.com\\\/en\\\/badger-accessories\\\/other-badger-accessories\\\/toque-blaireau-taille-58\\\/#breadcrumb\",\"itemListElement\":[{\"@type\":\"ListItem\",\"position\":1,\"name\":\"Home\",\"item\":\"https:\\\/\\\/www.lesjardinsdesaintehildegarde.com\\\/en\\\/\"},{\"@type\":\"ListItem\",\"position\":2,\"name\":\"Products\",\"item\":\"https:\\\/\\\/www.lesjardinsdesaintehildegarde.com\\\/en\\\/shop\\\/\"},{\"@type\":\"ListItem\",\"position\":3,\"name\":\"TOQUE BLAIREAU TAILLE 58\"}]},{\"@type\":\"WebSite\",\"@id\":\"https:\\\/\\\/www.lesjardinsdesaintehildegarde.com\\\/en\\\/#website\",\"url\":\"https:\\\/\\\/www.lesjardinsdesaintehildegarde.com\\\/en\\\/\",\"name\":\"Les Jardins de Sainte-Hildegarde\",\"description\":\"Viriditas\",\"publisher\":{\"@id\":\"https:\\\/\\\/www.lesjardinsdesaintehildegarde.com\\\/en\\\/#organization\"},\"potentialAction\":[{\"@type\":\"SearchAction\",\"target\":{\"@type\":\"EntryPoint\",\"urlTemplate\":\"https:\\\/\\\/www.lesjardinsdesaintehildegarde.com\\\/en\\\/?s={search_term_string}\"},\"query-input\":{\"@type\":\"PropertyValueSpecification\",\"valueRequired\":true,\"valueName\":\"search_term_string\"}}],\"inLanguage\":\"en-US\"},{\"@type\":\"Organization\",\"@id\":\"https:\\\/\\\/www.lesjardinsdesaintehildegarde.com\\\/en\\\/#organization\",\"name\":\"Les Jardins de Sainte-Hildegarde\",\"url\":\"https:\\\/\\\/www.lesjardinsdesaintehildegarde.com\\\/en\\\/\",\"logo\":{\"@type\":\"ImageObject\",\"inLanguage\":\"en-US\",\"@id\":\"https:\\\/\\\/www.lesjardinsdesaintehildegarde.com\\\/en\\\/#\\\/schema\\\/logo\\\/image\\\/\",\"url\":\"https:\\\/\\\/www.lesjardinsdesaintehildegarde.com\\\/wp-content\\\/uploads\\\/2022\\\/11\\\/logo-2022.png\",\"contentUrl\":\"https:\\\/\\\/www.lesjardinsdesaintehildegarde.com\\\/wp-content\\\/uploads\\\/2022\\\/11\\\/logo-2022.png\",\"width\":365,\"height\":90,\"caption\":\"Les Jardins de Sainte-Hildegarde\"},\"image\":{\"@id\":\"https:\\\/\\\/www.lesjardinsdesaintehildegarde.com\\\/en\\\/#\\\/schema\\\/logo\\\/image\\\/\"}}]}<\/script>\n<!-- \/ Yoast SEO plugin. -->","yoast_head_json":{"title":"TOQUE BLAIREAU TAILLE 58 - Les Jardins de Sainte-Hildegarde","robots":{"index":"index","follow":"follow","max-snippet":"max-snippet:-1","max-image-preview":"max-image-preview:large","max-video-preview":"max-video-preview:-1"},"canonical":"https:\/\/www.lesjardinsdesaintehildegarde.com\/en\/badger-accessories\/other-badger-accessories\/toque-blaireau-taille-58\/","og_locale":"en_US","og_type":"article","og_title":"TOQUE BLAIREAU TAILLE 58 - Les Jardins de Sainte-Hildegarde","og_description":"TOQUE EN FOURRURE DE BLAIREAU 350 G TAILLE 58 Pr\u00e9cisez votre tour de t\u00eate en cm dans les commentaires de votre commande (avant l&#8217;\u00e9tape de paiement). Description : Calotte en mouton retourn\u00e9, bandeau en fourrure de blaireau. Fabrication artisanale. Mode d&#8217;emploi : S&#8217;utilise toujours avec la fourrure en contact avec la peau. Pour les bienfaits [&hellip;]","og_url":"https:\/\/www.lesjardinsdesaintehildegarde.com\/en\/badger-accessories\/other-badger-accessories\/toque-blaireau-taille-58\/","og_site_name":"Les Jardins de Sainte-Hildegarde","article_modified_time":"2026-04-27T21:02:12+00:00","og_image":[{"width":1200,"height":1200,"url":"https:\/\/www.lesjardinsdesaintehildegarde.com\/wp-content\/uploads\/2023\/01\/blto-1-toque-de-blaireau.jpg","type":"image\/jpeg"}],"twitter_card":"summary_large_image","twitter_misc":{"Est. reading time":"1 minute"},"schema":{"@context":"https:\/\/schema.org","@graph":[{"@type":"WebPage","@id":"https:\/\/www.lesjardinsdesaintehildegarde.com\/en\/badger-accessories\/other-badger-accessories\/toque-blaireau-taille-58\/","url":"https:\/\/www.lesjardinsdesaintehildegarde.com\/en\/badger-accessories\/other-badger-accessories\/toque-blaireau-taille-58\/","name":"TOQUE BLAIREAU TAILLE 58 - Les Jardins de Sainte-Hildegarde","isPartOf":{"@id":"https:\/\/www.lesjardinsdesaintehildegarde.com\/en\/#website"},"primaryImageOfPage":{"@id":"https:\/\/www.lesjardinsdesaintehildegarde.com\/en\/badger-accessories\/other-badger-accessories\/toque-blaireau-taille-58\/#primaryimage"},"image":{"@id":"https:\/\/www.lesjardinsdesaintehildegarde.com\/en\/badger-accessories\/other-badger-accessories\/toque-blaireau-taille-58\/#primaryimage"},"thumbnailUrl":"https:\/\/www.lesjardinsdesaintehildegarde.com\/wp-content\/uploads\/2023\/01\/blto-1-toque-de-blaireau.jpg","datePublished":"2023-01-31T07:42:04+00:00","dateModified":"2026-04-27T21:02:12+00:00","breadcrumb":{"@id":"https:\/\/www.lesjardinsdesaintehildegarde.com\/en\/badger-accessories\/other-badger-accessories\/toque-blaireau-taille-58\/#breadcrumb"},"inLanguage":"en-US","potentialAction":[{"@type":"ReadAction","target":["https:\/\/www.lesjardinsdesaintehildegarde.com\/en\/badger-accessories\/other-badger-accessories\/toque-blaireau-taille-58\/"]}]},{"@type":"ImageObject","inLanguage":"en-US","@id":"https:\/\/www.lesjardinsdesaintehildegarde.com\/en\/badger-accessories\/other-badger-accessories\/toque-blaireau-taille-58\/#primaryimage","url":"https:\/\/www.lesjardinsdesaintehildegarde.com\/wp-content\/uploads\/2023\/01\/blto-1-toque-de-blaireau.jpg","contentUrl":"https:\/\/www.lesjardinsdesaintehildegarde.com\/wp-content\/uploads\/2023\/01\/blto-1-toque-de-blaireau.jpg","width":1200,"height":1200,"caption":"TOQUE EN FOURRURE DE BLAIREAU 350 G"},{"@type":"BreadcrumbList","@id":"https:\/\/www.lesjardinsdesaintehildegarde.com\/en\/badger-accessories\/other-badger-accessories\/toque-blaireau-taille-58\/#breadcrumb","itemListElement":[{"@type":"ListItem","position":1,"name":"Home","item":"https:\/\/www.lesjardinsdesaintehildegarde.com\/en\/"},{"@type":"ListItem","position":2,"name":"Products","item":"https:\/\/www.lesjardinsdesaintehildegarde.com\/en\/shop\/"},{"@type":"ListItem","position":3,"name":"TOQUE BLAIREAU TAILLE 58"}]},{"@type":"WebSite","@id":"https:\/\/www.lesjardinsdesaintehildegarde.com\/en\/#website","url":"https:\/\/www.lesjardinsdesaintehildegarde.com\/en\/","name":"Les Jardins de Sainte-Hildegarde","description":"Viriditas","publisher":{"@id":"https:\/\/www.lesjardinsdesaintehildegarde.com\/en\/#organization"},"potentialAction":[{"@type":"SearchAction","target":{"@type":"EntryPoint","urlTemplate":"https:\/\/www.lesjardinsdesaintehildegarde.com\/en\/?s={search_term_string}"},"query-input":{"@type":"PropertyValueSpecification","valueRequired":true,"valueName":"search_term_string"}}],"inLanguage":"en-US"},{"@type":"Organization","@id":"https:\/\/www.lesjardinsdesaintehildegarde.com\/en\/#organization","name":"Les Jardins de Sainte-Hildegarde","url":"https:\/\/www.lesjardinsdesaintehildegarde.com\/en\/","logo":{"@type":"ImageObject","inLanguage":"en-US","@id":"https:\/\/www.lesjardinsdesaintehildegarde.com\/en\/#\/schema\/logo\/image\/","url":"https:\/\/www.lesjardinsdesaintehildegarde.com\/wp-content\/uploads\/2022\/11\/logo-2022.png","contentUrl":"https:\/\/www.lesjardinsdesaintehildegarde.com\/wp-content\/uploads\/2022\/11\/logo-2022.png","width":365,"height":90,"caption":"Les Jardins de Sainte-Hildegarde"},"image":{"@id":"https:\/\/www.lesjardinsdesaintehildegarde.com\/en\/#\/schema\/logo\/image\/"}}]}},"_links":{"self":[{"href":"https:\/\/www.lesjardinsdesaintehildegarde.com\/en\/wp-json\/wp\/v2\/product\/52116","targetHints":{"allow":["GET"]}}],"collection":[{"href":"https:\/\/www.lesjardinsdesaintehildegarde.com\/en\/wp-json\/wp\/v2\/product"}],"about":[{"href":"https:\/\/www.lesjardinsdesaintehildegarde.com\/en\/wp-json\/wp\/v2\/types\/product"}],"replies":[{"embeddable":true,"href":"https:\/\/www.lesjardinsdesaintehildegarde.com\/en\/wp-json\/wp\/v2\/comments?post=52116"}],"wp:featuredmedia":[{"embeddable":true,"href":"https:\/\/www.lesjardinsdesaintehildegarde.com\/en\/wp-json\/wp\/v2\/media\/74437"}],"wp:attachment":[{"href":"https:\/\/www.lesjardinsdesaintehildegarde.com\/en\/wp-json\/wp\/v2\/media?parent=52116"}],"wp:term":[{"taxonomy":"product_brand","embeddable":true,"href":"https:\/\/www.lesjardinsdesaintehildegarde.com\/en\/wp-json\/wp\/v2\/product_brand?post=52116"},{"taxonomy":"product_cat","embeddable":true,"href":"https:\/\/www.lesjardinsdesaintehildegarde.com\/en\/wp-json\/wp\/v2\/product_cat?post=52116"},{"taxonomy":"product_tag","embeddable":true,"href":"https:\/\/www.lesjardinsdesaintehildegarde.com\/en\/wp-json\/wp\/v2\/product_tag?post=52116"}],"curies":[{"name":"wp","href":"https:\/\/api.w.org\/{rel}","templated":true}]}}