{"id":58582,"date":"2023-04-07T11:14:03","date_gmt":"2023-04-07T09:14:03","guid":{"rendered":"https:\/\/www.lesjardinsdesaintehildegarde.com\/?post_type=product&#038;p=58582"},"modified":"2026-04-29T23:02:09","modified_gmt":"2026-04-29T21:02:09","slug":"graines-de-courge-bio-vrac","status":"publish","type":"product","link":"https:\/\/www.lesjardinsdesaintehildegarde.com\/en\/spelt-food\/fruit-and-fruit-preparation\/graines-de-courge-bio-vrac\/","title":{"rendered":"GRAINES DE COURGE FRANCE BIO 300G*"},"content":{"rendered":"<p>GRAINES DE COURGE BIO 300G* (23\u20ac\/kg)<\/p>\n<p>Origine France<\/p>\n<p>Sainte Hildegarde nous dit &#8220;Les courges sont s\u00e8ches et froides, et se nourrissent de l&#8217;air; elles sont bonnes \u00e0 manger, pour les malades comme pour les bien-portants.&#8221;  (Physica Ch. LXXVIIa)<\/p>\n<p>Les graines de courge sont excellentes pour la sant\u00e9, il est conseill\u00e9 de les consommer non grill\u00e9es pour b\u00e9n\u00e9ficier de tous leurs bienfaits.<\/p>\n<p>Elles favorisent les sentiment de sati\u00e9t\u00e9 et aident \u00e0 lutter contre l&#8217;exc\u00e8s de cholest\u00e9rol gr\u00e2ce aux phytost\u00e9rols qu&#8217;elles contiennent.<\/p>\n<p>La quantit\u00e9 journali\u00e8re correcte se situe autour de 10g par jour pour en b\u00e9n\u00e9ficier.<\/p>\n","protected":false},"excerpt":{"rendered":"<p>GRAINES DE COURGE BIO 300G* (23\u20ac\/kg) Origine France Sainte Hildegarde nous dit &#8220;Les courges sont s\u00e8ches et froides, et se nourrissent de l&#8217;air; elles sont bonnes \u00e0 manger, pour les malades comme pour les bien-portants.&#8221; (Physica Ch. LXXVIIa) Les graines de courge sont excellentes pour la sant\u00e9, il est conseill\u00e9 de les consommer non grill\u00e9es [&hellip;]<\/p>\n","protected":false},"featured_media":62139,"comment_status":"open","ping_status":"closed","template":"","meta":{"_acf_changed":false,"_relevanssi_hide_post":"","_relevanssi_hide_content":"","_relevanssi_pin_for_all":"","_relevanssi_pin_keywords":"","_relevanssi_unpin_keywords":"","_relevanssi_related_keywords":"","_relevanssi_related_include_ids":"","_relevanssi_related_exclude_ids":"","_relevanssi_related_no_append":"","_relevanssi_related_not_related":"","_relevanssi_related_posts":"","_relevanssi_noindex_reason":""},"product_brand":[],"product_cat":[30,55],"product_tag":[49],"class_list":{"0":"post-58582","1":"product","2":"type-product","3":"status-publish","4":"has-post-thumbnail","6":"product_cat-epeautres-alimentation","7":"product_cat-fruits-et-preparations-a-base-de-fruits","8":"product_tag-produit-bio","10":"first","11":"instock","12":"taxable","13":"shipping-taxable","14":"purchasable","15":"product-type-simple"},"acf":[],"yoast_head":"<!-- This site is optimized with the Yoast SEO plugin v27.4 - https:\/\/yoast.com\/product\/yoast-seo-wordpress\/ -->\n<title>GRAINES DE COURGE FRANCE BIO 300G* - Les Jardins de Sainte-Hildegarde<\/title>\n<meta name=\"robots\" content=\"index, follow, max-snippet:-1, max-image-preview:large, max-video-preview:-1\" \/>\n<link rel=\"canonical\" href=\"https:\/\/www.lesjardinsdesaintehildegarde.com\/en\/spelt-food\/fruit-and-fruit-preparation\/graines-de-courge-bio-vrac\/\" \/>\n<meta property=\"og:locale\" content=\"en_US\" \/>\n<meta property=\"og:type\" content=\"article\" \/>\n<meta property=\"og:title\" content=\"GRAINES DE COURGE FRANCE BIO 300G* - Les Jardins de Sainte-Hildegarde\" \/>\n<meta property=\"og:description\" content=\"GRAINES DE COURGE BIO 300G* (23\u20ac\/kg) Origine France Sainte Hildegarde nous dit &#8220;Les courges sont s\u00e8ches et froides, et se nourrissent de l&#8217;air; elles sont bonnes \u00e0 manger, pour les malades comme pour les bien-portants.&#8221; (Physica Ch. LXXVIIa) Les graines de courge sont excellentes pour la sant\u00e9, il est conseill\u00e9 de les consommer non grill\u00e9es [&hellip;]\" \/>\n<meta property=\"og:url\" content=\"https:\/\/www.lesjardinsdesaintehildegarde.com\/en\/spelt-food\/fruit-and-fruit-preparation\/graines-de-courge-bio-vrac\/\" \/>\n<meta property=\"og:site_name\" content=\"Les Jardins de Sainte-Hildegarde\" \/>\n<meta property=\"article:modified_time\" content=\"2026-04-29T21:02:09+00:00\" \/>\n<meta property=\"og:image\" content=\"https:\/\/www.lesjardinsdesaintehildegarde.com\/wp-content\/uploads\/2023\/05\/00080-graines-de-courge-bio-france-300g.jpg\" \/>\n\t<meta property=\"og:image:width\" content=\"1200\" \/>\n\t<meta property=\"og:image:height\" content=\"1200\" \/>\n\t<meta property=\"og:image:type\" content=\"image\/jpeg\" \/>\n<meta name=\"twitter:card\" content=\"summary_large_image\" \/>\n<meta name=\"twitter:label1\" content=\"Est. reading time\" \/>\n\t<meta name=\"twitter:data1\" content=\"1 minute\" \/>\n<script type=\"application\/ld+json\" class=\"yoast-schema-graph\">{\"@context\":\"https:\\\/\\\/schema.org\",\"@graph\":[{\"@type\":\"WebPage\",\"@id\":\"https:\\\/\\\/www.lesjardinsdesaintehildegarde.com\\\/en\\\/spelt-food\\\/fruit-and-fruit-preparation\\\/graines-de-courge-bio-vrac\\\/\",\"url\":\"https:\\\/\\\/www.lesjardinsdesaintehildegarde.com\\\/en\\\/spelt-food\\\/fruit-and-fruit-preparation\\\/graines-de-courge-bio-vrac\\\/\",\"name\":\"GRAINES DE COURGE FRANCE BIO 300G* - Les Jardins de Sainte-Hildegarde\",\"isPartOf\":{\"@id\":\"https:\\\/\\\/www.lesjardinsdesaintehildegarde.com\\\/en\\\/#website\"},\"primaryImageOfPage\":{\"@id\":\"https:\\\/\\\/www.lesjardinsdesaintehildegarde.com\\\/en\\\/spelt-food\\\/fruit-and-fruit-preparation\\\/graines-de-courge-bio-vrac\\\/#primaryimage\"},\"image\":{\"@id\":\"https:\\\/\\\/www.lesjardinsdesaintehildegarde.com\\\/en\\\/spelt-food\\\/fruit-and-fruit-preparation\\\/graines-de-courge-bio-vrac\\\/#primaryimage\"},\"thumbnailUrl\":\"https:\\\/\\\/www.lesjardinsdesaintehildegarde.com\\\/wp-content\\\/uploads\\\/2023\\\/05\\\/00080-graines-de-courge-bio-france-300g.jpg\",\"datePublished\":\"2023-04-07T09:14:03+00:00\",\"dateModified\":\"2026-04-29T21:02:09+00:00\",\"breadcrumb\":{\"@id\":\"https:\\\/\\\/www.lesjardinsdesaintehildegarde.com\\\/en\\\/spelt-food\\\/fruit-and-fruit-preparation\\\/graines-de-courge-bio-vrac\\\/#breadcrumb\"},\"inLanguage\":\"en-US\",\"potentialAction\":[{\"@type\":\"ReadAction\",\"target\":[\"https:\\\/\\\/www.lesjardinsdesaintehildegarde.com\\\/en\\\/spelt-food\\\/fruit-and-fruit-preparation\\\/graines-de-courge-bio-vrac\\\/\"]}]},{\"@type\":\"ImageObject\",\"inLanguage\":\"en-US\",\"@id\":\"https:\\\/\\\/www.lesjardinsdesaintehildegarde.com\\\/en\\\/spelt-food\\\/fruit-and-fruit-preparation\\\/graines-de-courge-bio-vrac\\\/#primaryimage\",\"url\":\"https:\\\/\\\/www.lesjardinsdesaintehildegarde.com\\\/wp-content\\\/uploads\\\/2023\\\/05\\\/00080-graines-de-courge-bio-france-300g.jpg\",\"contentUrl\":\"https:\\\/\\\/www.lesjardinsdesaintehildegarde.com\\\/wp-content\\\/uploads\\\/2023\\\/05\\\/00080-graines-de-courge-bio-france-300g.jpg\",\"width\":1200,\"height\":1200,\"caption\":\"graines de courge bio Origine France, sachet de 300g\"},{\"@type\":\"BreadcrumbList\",\"@id\":\"https:\\\/\\\/www.lesjardinsdesaintehildegarde.com\\\/en\\\/spelt-food\\\/fruit-and-fruit-preparation\\\/graines-de-courge-bio-vrac\\\/#breadcrumb\",\"itemListElement\":[{\"@type\":\"ListItem\",\"position\":1,\"name\":\"Home\",\"item\":\"https:\\\/\\\/www.lesjardinsdesaintehildegarde.com\\\/en\\\/\"},{\"@type\":\"ListItem\",\"position\":2,\"name\":\"Products\",\"item\":\"https:\\\/\\\/www.lesjardinsdesaintehildegarde.com\\\/en\\\/shop\\\/\"},{\"@type\":\"ListItem\",\"position\":3,\"name\":\"GRAINES DE COURGE FRANCE BIO 300G*\"}]},{\"@type\":\"WebSite\",\"@id\":\"https:\\\/\\\/www.lesjardinsdesaintehildegarde.com\\\/en\\\/#website\",\"url\":\"https:\\\/\\\/www.lesjardinsdesaintehildegarde.com\\\/en\\\/\",\"name\":\"Les Jardins de Sainte-Hildegarde\",\"description\":\"Viriditas\",\"publisher\":{\"@id\":\"https:\\\/\\\/www.lesjardinsdesaintehildegarde.com\\\/en\\\/#organization\"},\"potentialAction\":[{\"@type\":\"SearchAction\",\"target\":{\"@type\":\"EntryPoint\",\"urlTemplate\":\"https:\\\/\\\/www.lesjardinsdesaintehildegarde.com\\\/en\\\/?s={search_term_string}\"},\"query-input\":{\"@type\":\"PropertyValueSpecification\",\"valueRequired\":true,\"valueName\":\"search_term_string\"}}],\"inLanguage\":\"en-US\"},{\"@type\":\"Organization\",\"@id\":\"https:\\\/\\\/www.lesjardinsdesaintehildegarde.com\\\/en\\\/#organization\",\"name\":\"Les Jardins de Sainte-Hildegarde\",\"url\":\"https:\\\/\\\/www.lesjardinsdesaintehildegarde.com\\\/en\\\/\",\"logo\":{\"@type\":\"ImageObject\",\"inLanguage\":\"en-US\",\"@id\":\"https:\\\/\\\/www.lesjardinsdesaintehildegarde.com\\\/en\\\/#\\\/schema\\\/logo\\\/image\\\/\",\"url\":\"https:\\\/\\\/www.lesjardinsdesaintehildegarde.com\\\/wp-content\\\/uploads\\\/2022\\\/11\\\/logo-2022.png\",\"contentUrl\":\"https:\\\/\\\/www.lesjardinsdesaintehildegarde.com\\\/wp-content\\\/uploads\\\/2022\\\/11\\\/logo-2022.png\",\"width\":365,\"height\":90,\"caption\":\"Les Jardins de Sainte-Hildegarde\"},\"image\":{\"@id\":\"https:\\\/\\\/www.lesjardinsdesaintehildegarde.com\\\/en\\\/#\\\/schema\\\/logo\\\/image\\\/\"}}]}<\/script>\n<!-- \/ Yoast SEO plugin. -->","yoast_head_json":{"title":"GRAINES DE COURGE FRANCE BIO 300G* - Les Jardins de Sainte-Hildegarde","robots":{"index":"index","follow":"follow","max-snippet":"max-snippet:-1","max-image-preview":"max-image-preview:large","max-video-preview":"max-video-preview:-1"},"canonical":"https:\/\/www.lesjardinsdesaintehildegarde.com\/en\/spelt-food\/fruit-and-fruit-preparation\/graines-de-courge-bio-vrac\/","og_locale":"en_US","og_type":"article","og_title":"GRAINES DE COURGE FRANCE BIO 300G* - Les Jardins de Sainte-Hildegarde","og_description":"GRAINES DE COURGE BIO 300G* (23\u20ac\/kg) Origine France Sainte Hildegarde nous dit &#8220;Les courges sont s\u00e8ches et froides, et se nourrissent de l&#8217;air; elles sont bonnes \u00e0 manger, pour les malades comme pour les bien-portants.&#8221; (Physica Ch. LXXVIIa) Les graines de courge sont excellentes pour la sant\u00e9, il est conseill\u00e9 de les consommer non grill\u00e9es [&hellip;]","og_url":"https:\/\/www.lesjardinsdesaintehildegarde.com\/en\/spelt-food\/fruit-and-fruit-preparation\/graines-de-courge-bio-vrac\/","og_site_name":"Les Jardins de Sainte-Hildegarde","article_modified_time":"2026-04-29T21:02:09+00:00","og_image":[{"width":1200,"height":1200,"url":"https:\/\/www.lesjardinsdesaintehildegarde.com\/wp-content\/uploads\/2023\/05\/00080-graines-de-courge-bio-france-300g.jpg","type":"image\/jpeg"}],"twitter_card":"summary_large_image","twitter_misc":{"Est. reading time":"1 minute"},"schema":{"@context":"https:\/\/schema.org","@graph":[{"@type":"WebPage","@id":"https:\/\/www.lesjardinsdesaintehildegarde.com\/en\/spelt-food\/fruit-and-fruit-preparation\/graines-de-courge-bio-vrac\/","url":"https:\/\/www.lesjardinsdesaintehildegarde.com\/en\/spelt-food\/fruit-and-fruit-preparation\/graines-de-courge-bio-vrac\/","name":"GRAINES DE COURGE FRANCE BIO 300G* - Les Jardins de Sainte-Hildegarde","isPartOf":{"@id":"https:\/\/www.lesjardinsdesaintehildegarde.com\/en\/#website"},"primaryImageOfPage":{"@id":"https:\/\/www.lesjardinsdesaintehildegarde.com\/en\/spelt-food\/fruit-and-fruit-preparation\/graines-de-courge-bio-vrac\/#primaryimage"},"image":{"@id":"https:\/\/www.lesjardinsdesaintehildegarde.com\/en\/spelt-food\/fruit-and-fruit-preparation\/graines-de-courge-bio-vrac\/#primaryimage"},"thumbnailUrl":"https:\/\/www.lesjardinsdesaintehildegarde.com\/wp-content\/uploads\/2023\/05\/00080-graines-de-courge-bio-france-300g.jpg","datePublished":"2023-04-07T09:14:03+00:00","dateModified":"2026-04-29T21:02:09+00:00","breadcrumb":{"@id":"https:\/\/www.lesjardinsdesaintehildegarde.com\/en\/spelt-food\/fruit-and-fruit-preparation\/graines-de-courge-bio-vrac\/#breadcrumb"},"inLanguage":"en-US","potentialAction":[{"@type":"ReadAction","target":["https:\/\/www.lesjardinsdesaintehildegarde.com\/en\/spelt-food\/fruit-and-fruit-preparation\/graines-de-courge-bio-vrac\/"]}]},{"@type":"ImageObject","inLanguage":"en-US","@id":"https:\/\/www.lesjardinsdesaintehildegarde.com\/en\/spelt-food\/fruit-and-fruit-preparation\/graines-de-courge-bio-vrac\/#primaryimage","url":"https:\/\/www.lesjardinsdesaintehildegarde.com\/wp-content\/uploads\/2023\/05\/00080-graines-de-courge-bio-france-300g.jpg","contentUrl":"https:\/\/www.lesjardinsdesaintehildegarde.com\/wp-content\/uploads\/2023\/05\/00080-graines-de-courge-bio-france-300g.jpg","width":1200,"height":1200,"caption":"graines de courge bio Origine France, sachet de 300g"},{"@type":"BreadcrumbList","@id":"https:\/\/www.lesjardinsdesaintehildegarde.com\/en\/spelt-food\/fruit-and-fruit-preparation\/graines-de-courge-bio-vrac\/#breadcrumb","itemListElement":[{"@type":"ListItem","position":1,"name":"Home","item":"https:\/\/www.lesjardinsdesaintehildegarde.com\/en\/"},{"@type":"ListItem","position":2,"name":"Products","item":"https:\/\/www.lesjardinsdesaintehildegarde.com\/en\/shop\/"},{"@type":"ListItem","position":3,"name":"GRAINES DE COURGE FRANCE BIO 300G*"}]},{"@type":"WebSite","@id":"https:\/\/www.lesjardinsdesaintehildegarde.com\/en\/#website","url":"https:\/\/www.lesjardinsdesaintehildegarde.com\/en\/","name":"Les Jardins de Sainte-Hildegarde","description":"Viriditas","publisher":{"@id":"https:\/\/www.lesjardinsdesaintehildegarde.com\/en\/#organization"},"potentialAction":[{"@type":"SearchAction","target":{"@type":"EntryPoint","urlTemplate":"https:\/\/www.lesjardinsdesaintehildegarde.com\/en\/?s={search_term_string}"},"query-input":{"@type":"PropertyValueSpecification","valueRequired":true,"valueName":"search_term_string"}}],"inLanguage":"en-US"},{"@type":"Organization","@id":"https:\/\/www.lesjardinsdesaintehildegarde.com\/en\/#organization","name":"Les Jardins de Sainte-Hildegarde","url":"https:\/\/www.lesjardinsdesaintehildegarde.com\/en\/","logo":{"@type":"ImageObject","inLanguage":"en-US","@id":"https:\/\/www.lesjardinsdesaintehildegarde.com\/en\/#\/schema\/logo\/image\/","url":"https:\/\/www.lesjardinsdesaintehildegarde.com\/wp-content\/uploads\/2022\/11\/logo-2022.png","contentUrl":"https:\/\/www.lesjardinsdesaintehildegarde.com\/wp-content\/uploads\/2022\/11\/logo-2022.png","width":365,"height":90,"caption":"Les Jardins de Sainte-Hildegarde"},"image":{"@id":"https:\/\/www.lesjardinsdesaintehildegarde.com\/en\/#\/schema\/logo\/image\/"}}]}},"_links":{"self":[{"href":"https:\/\/www.lesjardinsdesaintehildegarde.com\/en\/wp-json\/wp\/v2\/product\/58582","targetHints":{"allow":["GET"]}}],"collection":[{"href":"https:\/\/www.lesjardinsdesaintehildegarde.com\/en\/wp-json\/wp\/v2\/product"}],"about":[{"href":"https:\/\/www.lesjardinsdesaintehildegarde.com\/en\/wp-json\/wp\/v2\/types\/product"}],"replies":[{"embeddable":true,"href":"https:\/\/www.lesjardinsdesaintehildegarde.com\/en\/wp-json\/wp\/v2\/comments?post=58582"}],"wp:featuredmedia":[{"embeddable":true,"href":"https:\/\/www.lesjardinsdesaintehildegarde.com\/en\/wp-json\/wp\/v2\/media\/62139"}],"wp:attachment":[{"href":"https:\/\/www.lesjardinsdesaintehildegarde.com\/en\/wp-json\/wp\/v2\/media?parent=58582"}],"wp:term":[{"taxonomy":"product_brand","embeddable":true,"href":"https:\/\/www.lesjardinsdesaintehildegarde.com\/en\/wp-json\/wp\/v2\/product_brand?post=58582"},{"taxonomy":"product_cat","embeddable":true,"href":"https:\/\/www.lesjardinsdesaintehildegarde.com\/en\/wp-json\/wp\/v2\/product_cat?post=58582"},{"taxonomy":"product_tag","embeddable":true,"href":"https:\/\/www.lesjardinsdesaintehildegarde.com\/en\/wp-json\/wp\/v2\/product_tag?post=58582"}],"curies":[{"name":"wp","href":"https:\/\/api.w.org\/{rel}","templated":true}]}}