{"id":58583,"date":"2023-04-07T11:14:03","date_gmt":"2023-04-07T09:14:03","guid":{"rendered":"https:\/\/www.lesjardinsdesaintehildegarde.com\/?post_type=product&#038;p=58583"},"modified":"2026-05-13T16:21:06","modified_gmt":"2026-05-13T14:21:06","slug":"pois-chiche-bio","status":"publish","type":"product","link":"https:\/\/www.lesjardinsdesaintehildegarde.com\/en\/spelt-food\/fruit-and-fruit-preparation\/pois-chiche-bio\/","title":{"rendered":"POIS CHICHES BIO AU NATUREL BOCAL 250G*"},"content":{"rendered":"<p>POIS CHICHES BIO CUITS AU NATUREL ET PR\u00caTS A L&#8217;EMPLOI * 250G  NET (8,40\u20ac\/kg)<\/p>\n<p>Origine France, fabriqu\u00e9 dans nos ateliers en Dordogne<\/p>\n<p>Sainte Hildegarde nous dit que &#8220;Le pois chiche est chaud et agr\u00e9able, l\u00e9ger et agr\u00e9able \u00e0 manger, et il n&#8217;augmente pas les humeurs mauvaises chez celui qui en mange.&#8221; (Physica CLXXXIX)<\/p>\n<p>Il s&#8217;agit d&#8217;un produit de choix pour une alimentation de la joie ! De plus il existe de multiples fa\u00e7ons de le cuisiner.<\/p>\n<p>La pr\u00e9sentation en bocal permet un usage imm\u00e9diat dans vos plats chauds ou froids.<\/p>\n<p>Il se marie \u00e0 la perfection avec un plat de grains d&#8217;\u00e9peautre, carottes et petits oignons ou encore avec notre semoule pr\u00e9cuite.<\/p>\n<p>Dans le livre &#8220;Cuisiner avec Hildegarde de Bingen&#8221;  (r\u00e9f L0050) vous trouverez p.41 une d\u00e9licieuse recette de pois chiches grill\u00e9s pour l&#8217;ap\u00e9ritif que vous pouvez r\u00e9aliser avec nos pois chiches en bocaux, et bien d&#8217;autres id\u00e9es dans ce livre ou dans la rubrique &#8220;recettes&#8221; de ce site web !<\/p>\n<p>Nous savons aujourd&#8217;hui que le pois chiche est riche en fibre et en prot\u00e9ines il est \u00e9galement source de de vitamine B9, d&#8217;acides amin\u00e9s essentiels, de min\u00e9raux et d&#8217;oligo-\u00e9l\u00e9ments, de vitamines C et B9. <\/p>\n<p>Il contient entre autres du mangan\u00e8se, du cuivre, du phosphore, du zinc et du fer. <\/p>\n<p>Ingr\u00e9dients : Eau, pois chiches*, sel.<\/p>\n<p>*ingr\u00e9dients issus de l&#8217;agriculture biologique<\/p>\n<p>Valeurs nutritionnelles pour 100g<\/p>\n<p>Energie : 615 kJ \/ 146 kcal<\/p>\n<p>Lipides 3 g<\/p>\n<p>Glucides 17,6g dont sucres 0.3g<\/p>\n<p>Prot\u00e9ines 8,31g <\/p>\n<p>Fibres 8,2g <\/p>\n<p>Sel 0,55g<\/p>\n","protected":false},"excerpt":{"rendered":"<p>POIS CHICHES BIO CUITS AU NATUREL ET PR\u00caTS A L&#8217;EMPLOI * 250G NET (8,40\u20ac\/kg) Origine France, fabriqu\u00e9 dans nos ateliers en Dordogne Sainte Hildegarde nous dit que &#8220;Le pois chiche est chaud et agr\u00e9able, l\u00e9ger et agr\u00e9able \u00e0 manger, et il n&#8217;augmente pas les humeurs mauvaises chez celui qui en mange.&#8221; (Physica CLXXXIX) Il s&#8217;agit [&hellip;]<\/p>\n","protected":false},"featured_media":63067,"comment_status":"open","ping_status":"closed","template":"","meta":{"_acf_changed":false,"_relevanssi_hide_post":"","_relevanssi_hide_content":"","_relevanssi_pin_for_all":"","_relevanssi_pin_keywords":"","_relevanssi_unpin_keywords":"","_relevanssi_related_keywords":"","_relevanssi_related_include_ids":"","_relevanssi_related_exclude_ids":"","_relevanssi_related_no_append":"","_relevanssi_related_not_related":"","_relevanssi_related_posts":"","_relevanssi_noindex_reason":""},"product_brand":[],"product_cat":[30,55],"product_tag":[49],"class_list":{"0":"post-58583","1":"product","2":"type-product","3":"status-publish","4":"has-post-thumbnail","6":"product_cat-epeautres-alimentation","7":"product_cat-fruits-et-preparations-a-base-de-fruits","8":"product_tag-produit-bio","10":"first","11":"instock","12":"taxable","13":"shipping-taxable","14":"purchasable","15":"product-type-simple"},"acf":[],"yoast_head":"<!-- This site is optimized with the Yoast SEO plugin v27.4 - https:\/\/yoast.com\/product\/yoast-seo-wordpress\/ -->\n<title>POIS CHICHES BIO AU NATUREL BOCAL 250G* - Les Jardins de Sainte-Hildegarde<\/title>\n<meta name=\"robots\" content=\"index, follow, max-snippet:-1, max-image-preview:large, max-video-preview:-1\" \/>\n<link rel=\"canonical\" href=\"https:\/\/www.lesjardinsdesaintehildegarde.com\/en\/spelt-food\/fruit-and-fruit-preparation\/pois-chiche-bio\/\" \/>\n<meta property=\"og:locale\" content=\"en_US\" \/>\n<meta property=\"og:type\" content=\"article\" \/>\n<meta property=\"og:title\" content=\"POIS CHICHES BIO AU NATUREL BOCAL 250G* - Les Jardins de Sainte-Hildegarde\" \/>\n<meta property=\"og:description\" content=\"POIS CHICHES BIO CUITS AU NATUREL ET PR\u00caTS A L&#8217;EMPLOI * 250G NET (8,40\u20ac\/kg) Origine France, fabriqu\u00e9 dans nos ateliers en Dordogne Sainte Hildegarde nous dit que &#8220;Le pois chiche est chaud et agr\u00e9able, l\u00e9ger et agr\u00e9able \u00e0 manger, et il n&#8217;augmente pas les humeurs mauvaises chez celui qui en mange.&#8221; (Physica CLXXXIX) Il s&#8217;agit [&hellip;]\" \/>\n<meta property=\"og:url\" content=\"https:\/\/www.lesjardinsdesaintehildegarde.com\/en\/spelt-food\/fruit-and-fruit-preparation\/pois-chiche-bio\/\" \/>\n<meta property=\"og:site_name\" content=\"Les Jardins de Sainte-Hildegarde\" \/>\n<meta property=\"article:modified_time\" content=\"2026-05-13T14:21:06+00:00\" \/>\n<meta property=\"og:image\" content=\"https:\/\/www.lesjardinsdesaintehildegarde.com\/wp-content\/uploads\/2023\/04\/00091-pois-chiches-au-naturel.jpg\" \/>\n\t<meta property=\"og:image:width\" content=\"1200\" \/>\n\t<meta property=\"og:image:height\" content=\"1200\" \/>\n\t<meta property=\"og:image:type\" content=\"image\/jpeg\" \/>\n<meta name=\"twitter:card\" content=\"summary_large_image\" \/>\n<meta name=\"twitter:label1\" content=\"Est. reading time\" \/>\n\t<meta name=\"twitter:data1\" content=\"2 minutes\" \/>\n<script type=\"application\/ld+json\" class=\"yoast-schema-graph\">{\"@context\":\"https:\\\/\\\/schema.org\",\"@graph\":[{\"@type\":\"WebPage\",\"@id\":\"https:\\\/\\\/www.lesjardinsdesaintehildegarde.com\\\/en\\\/spelt-food\\\/fruit-and-fruit-preparation\\\/pois-chiche-bio\\\/\",\"url\":\"https:\\\/\\\/www.lesjardinsdesaintehildegarde.com\\\/en\\\/spelt-food\\\/fruit-and-fruit-preparation\\\/pois-chiche-bio\\\/\",\"name\":\"POIS CHICHES BIO AU NATUREL BOCAL 250G* - Les Jardins de Sainte-Hildegarde\",\"isPartOf\":{\"@id\":\"https:\\\/\\\/www.lesjardinsdesaintehildegarde.com\\\/en\\\/#website\"},\"primaryImageOfPage\":{\"@id\":\"https:\\\/\\\/www.lesjardinsdesaintehildegarde.com\\\/en\\\/spelt-food\\\/fruit-and-fruit-preparation\\\/pois-chiche-bio\\\/#primaryimage\"},\"image\":{\"@id\":\"https:\\\/\\\/www.lesjardinsdesaintehildegarde.com\\\/en\\\/spelt-food\\\/fruit-and-fruit-preparation\\\/pois-chiche-bio\\\/#primaryimage\"},\"thumbnailUrl\":\"https:\\\/\\\/www.lesjardinsdesaintehildegarde.com\\\/wp-content\\\/uploads\\\/2023\\\/04\\\/00091-pois-chiches-au-naturel.jpg\",\"datePublished\":\"2023-04-07T09:14:03+00:00\",\"dateModified\":\"2026-05-13T14:21:06+00:00\",\"breadcrumb\":{\"@id\":\"https:\\\/\\\/www.lesjardinsdesaintehildegarde.com\\\/en\\\/spelt-food\\\/fruit-and-fruit-preparation\\\/pois-chiche-bio\\\/#breadcrumb\"},\"inLanguage\":\"en-US\",\"potentialAction\":[{\"@type\":\"ReadAction\",\"target\":[\"https:\\\/\\\/www.lesjardinsdesaintehildegarde.com\\\/en\\\/spelt-food\\\/fruit-and-fruit-preparation\\\/pois-chiche-bio\\\/\"]}]},{\"@type\":\"ImageObject\",\"inLanguage\":\"en-US\",\"@id\":\"https:\\\/\\\/www.lesjardinsdesaintehildegarde.com\\\/en\\\/spelt-food\\\/fruit-and-fruit-preparation\\\/pois-chiche-bio\\\/#primaryimage\",\"url\":\"https:\\\/\\\/www.lesjardinsdesaintehildegarde.com\\\/wp-content\\\/uploads\\\/2023\\\/04\\\/00091-pois-chiches-au-naturel.jpg\",\"contentUrl\":\"https:\\\/\\\/www.lesjardinsdesaintehildegarde.com\\\/wp-content\\\/uploads\\\/2023\\\/04\\\/00091-pois-chiches-au-naturel.jpg\",\"width\":1200,\"height\":1200,\"caption\":\"pois chiches bio au naturel, bocal de 250g net, recommand\u00e9 par sainte Hildegarde de Bingen\"},{\"@type\":\"BreadcrumbList\",\"@id\":\"https:\\\/\\\/www.lesjardinsdesaintehildegarde.com\\\/en\\\/spelt-food\\\/fruit-and-fruit-preparation\\\/pois-chiche-bio\\\/#breadcrumb\",\"itemListElement\":[{\"@type\":\"ListItem\",\"position\":1,\"name\":\"Home\",\"item\":\"https:\\\/\\\/www.lesjardinsdesaintehildegarde.com\\\/en\\\/\"},{\"@type\":\"ListItem\",\"position\":2,\"name\":\"Products\",\"item\":\"https:\\\/\\\/www.lesjardinsdesaintehildegarde.com\\\/en\\\/shop\\\/\"},{\"@type\":\"ListItem\",\"position\":3,\"name\":\"POIS CHICHES BIO AU NATUREL BOCAL 250G*\"}]},{\"@type\":\"WebSite\",\"@id\":\"https:\\\/\\\/www.lesjardinsdesaintehildegarde.com\\\/en\\\/#website\",\"url\":\"https:\\\/\\\/www.lesjardinsdesaintehildegarde.com\\\/en\\\/\",\"name\":\"Les Jardins de Sainte-Hildegarde\",\"description\":\"Viriditas\",\"publisher\":{\"@id\":\"https:\\\/\\\/www.lesjardinsdesaintehildegarde.com\\\/en\\\/#organization\"},\"potentialAction\":[{\"@type\":\"SearchAction\",\"target\":{\"@type\":\"EntryPoint\",\"urlTemplate\":\"https:\\\/\\\/www.lesjardinsdesaintehildegarde.com\\\/en\\\/?s={search_term_string}\"},\"query-input\":{\"@type\":\"PropertyValueSpecification\",\"valueRequired\":true,\"valueName\":\"search_term_string\"}}],\"inLanguage\":\"en-US\"},{\"@type\":\"Organization\",\"@id\":\"https:\\\/\\\/www.lesjardinsdesaintehildegarde.com\\\/en\\\/#organization\",\"name\":\"Les Jardins de Sainte-Hildegarde\",\"url\":\"https:\\\/\\\/www.lesjardinsdesaintehildegarde.com\\\/en\\\/\",\"logo\":{\"@type\":\"ImageObject\",\"inLanguage\":\"en-US\",\"@id\":\"https:\\\/\\\/www.lesjardinsdesaintehildegarde.com\\\/en\\\/#\\\/schema\\\/logo\\\/image\\\/\",\"url\":\"https:\\\/\\\/www.lesjardinsdesaintehildegarde.com\\\/wp-content\\\/uploads\\\/2022\\\/11\\\/logo-2022.png\",\"contentUrl\":\"https:\\\/\\\/www.lesjardinsdesaintehildegarde.com\\\/wp-content\\\/uploads\\\/2022\\\/11\\\/logo-2022.png\",\"width\":365,\"height\":90,\"caption\":\"Les Jardins de Sainte-Hildegarde\"},\"image\":{\"@id\":\"https:\\\/\\\/www.lesjardinsdesaintehildegarde.com\\\/en\\\/#\\\/schema\\\/logo\\\/image\\\/\"}}]}<\/script>\n<!-- \/ Yoast SEO plugin. -->","yoast_head_json":{"title":"POIS CHICHES BIO AU NATUREL BOCAL 250G* - Les Jardins de Sainte-Hildegarde","robots":{"index":"index","follow":"follow","max-snippet":"max-snippet:-1","max-image-preview":"max-image-preview:large","max-video-preview":"max-video-preview:-1"},"canonical":"https:\/\/www.lesjardinsdesaintehildegarde.com\/en\/spelt-food\/fruit-and-fruit-preparation\/pois-chiche-bio\/","og_locale":"en_US","og_type":"article","og_title":"POIS CHICHES BIO AU NATUREL BOCAL 250G* - Les Jardins de Sainte-Hildegarde","og_description":"POIS CHICHES BIO CUITS AU NATUREL ET PR\u00caTS A L&#8217;EMPLOI * 250G NET (8,40\u20ac\/kg) Origine France, fabriqu\u00e9 dans nos ateliers en Dordogne Sainte Hildegarde nous dit que &#8220;Le pois chiche est chaud et agr\u00e9able, l\u00e9ger et agr\u00e9able \u00e0 manger, et il n&#8217;augmente pas les humeurs mauvaises chez celui qui en mange.&#8221; (Physica CLXXXIX) Il s&#8217;agit [&hellip;]","og_url":"https:\/\/www.lesjardinsdesaintehildegarde.com\/en\/spelt-food\/fruit-and-fruit-preparation\/pois-chiche-bio\/","og_site_name":"Les Jardins de Sainte-Hildegarde","article_modified_time":"2026-05-13T14:21:06+00:00","og_image":[{"width":1200,"height":1200,"url":"https:\/\/www.lesjardinsdesaintehildegarde.com\/wp-content\/uploads\/2023\/04\/00091-pois-chiches-au-naturel.jpg","type":"image\/jpeg"}],"twitter_card":"summary_large_image","twitter_misc":{"Est. reading time":"2 minutes"},"schema":{"@context":"https:\/\/schema.org","@graph":[{"@type":"WebPage","@id":"https:\/\/www.lesjardinsdesaintehildegarde.com\/en\/spelt-food\/fruit-and-fruit-preparation\/pois-chiche-bio\/","url":"https:\/\/www.lesjardinsdesaintehildegarde.com\/en\/spelt-food\/fruit-and-fruit-preparation\/pois-chiche-bio\/","name":"POIS CHICHES BIO AU NATUREL BOCAL 250G* - Les Jardins de Sainte-Hildegarde","isPartOf":{"@id":"https:\/\/www.lesjardinsdesaintehildegarde.com\/en\/#website"},"primaryImageOfPage":{"@id":"https:\/\/www.lesjardinsdesaintehildegarde.com\/en\/spelt-food\/fruit-and-fruit-preparation\/pois-chiche-bio\/#primaryimage"},"image":{"@id":"https:\/\/www.lesjardinsdesaintehildegarde.com\/en\/spelt-food\/fruit-and-fruit-preparation\/pois-chiche-bio\/#primaryimage"},"thumbnailUrl":"https:\/\/www.lesjardinsdesaintehildegarde.com\/wp-content\/uploads\/2023\/04\/00091-pois-chiches-au-naturel.jpg","datePublished":"2023-04-07T09:14:03+00:00","dateModified":"2026-05-13T14:21:06+00:00","breadcrumb":{"@id":"https:\/\/www.lesjardinsdesaintehildegarde.com\/en\/spelt-food\/fruit-and-fruit-preparation\/pois-chiche-bio\/#breadcrumb"},"inLanguage":"en-US","potentialAction":[{"@type":"ReadAction","target":["https:\/\/www.lesjardinsdesaintehildegarde.com\/en\/spelt-food\/fruit-and-fruit-preparation\/pois-chiche-bio\/"]}]},{"@type":"ImageObject","inLanguage":"en-US","@id":"https:\/\/www.lesjardinsdesaintehildegarde.com\/en\/spelt-food\/fruit-and-fruit-preparation\/pois-chiche-bio\/#primaryimage","url":"https:\/\/www.lesjardinsdesaintehildegarde.com\/wp-content\/uploads\/2023\/04\/00091-pois-chiches-au-naturel.jpg","contentUrl":"https:\/\/www.lesjardinsdesaintehildegarde.com\/wp-content\/uploads\/2023\/04\/00091-pois-chiches-au-naturel.jpg","width":1200,"height":1200,"caption":"pois chiches bio au naturel, bocal de 250g net, recommand\u00e9 par sainte Hildegarde de Bingen"},{"@type":"BreadcrumbList","@id":"https:\/\/www.lesjardinsdesaintehildegarde.com\/en\/spelt-food\/fruit-and-fruit-preparation\/pois-chiche-bio\/#breadcrumb","itemListElement":[{"@type":"ListItem","position":1,"name":"Home","item":"https:\/\/www.lesjardinsdesaintehildegarde.com\/en\/"},{"@type":"ListItem","position":2,"name":"Products","item":"https:\/\/www.lesjardinsdesaintehildegarde.com\/en\/shop\/"},{"@type":"ListItem","position":3,"name":"POIS CHICHES BIO AU NATUREL BOCAL 250G*"}]},{"@type":"WebSite","@id":"https:\/\/www.lesjardinsdesaintehildegarde.com\/en\/#website","url":"https:\/\/www.lesjardinsdesaintehildegarde.com\/en\/","name":"Les Jardins de Sainte-Hildegarde","description":"Viriditas","publisher":{"@id":"https:\/\/www.lesjardinsdesaintehildegarde.com\/en\/#organization"},"potentialAction":[{"@type":"SearchAction","target":{"@type":"EntryPoint","urlTemplate":"https:\/\/www.lesjardinsdesaintehildegarde.com\/en\/?s={search_term_string}"},"query-input":{"@type":"PropertyValueSpecification","valueRequired":true,"valueName":"search_term_string"}}],"inLanguage":"en-US"},{"@type":"Organization","@id":"https:\/\/www.lesjardinsdesaintehildegarde.com\/en\/#organization","name":"Les Jardins de Sainte-Hildegarde","url":"https:\/\/www.lesjardinsdesaintehildegarde.com\/en\/","logo":{"@type":"ImageObject","inLanguage":"en-US","@id":"https:\/\/www.lesjardinsdesaintehildegarde.com\/en\/#\/schema\/logo\/image\/","url":"https:\/\/www.lesjardinsdesaintehildegarde.com\/wp-content\/uploads\/2022\/11\/logo-2022.png","contentUrl":"https:\/\/www.lesjardinsdesaintehildegarde.com\/wp-content\/uploads\/2022\/11\/logo-2022.png","width":365,"height":90,"caption":"Les Jardins de Sainte-Hildegarde"},"image":{"@id":"https:\/\/www.lesjardinsdesaintehildegarde.com\/en\/#\/schema\/logo\/image\/"}}]}},"_links":{"self":[{"href":"https:\/\/www.lesjardinsdesaintehildegarde.com\/en\/wp-json\/wp\/v2\/product\/58583","targetHints":{"allow":["GET"]}}],"collection":[{"href":"https:\/\/www.lesjardinsdesaintehildegarde.com\/en\/wp-json\/wp\/v2\/product"}],"about":[{"href":"https:\/\/www.lesjardinsdesaintehildegarde.com\/en\/wp-json\/wp\/v2\/types\/product"}],"replies":[{"embeddable":true,"href":"https:\/\/www.lesjardinsdesaintehildegarde.com\/en\/wp-json\/wp\/v2\/comments?post=58583"}],"wp:featuredmedia":[{"embeddable":true,"href":"https:\/\/www.lesjardinsdesaintehildegarde.com\/en\/wp-json\/wp\/v2\/media\/63067"}],"wp:attachment":[{"href":"https:\/\/www.lesjardinsdesaintehildegarde.com\/en\/wp-json\/wp\/v2\/media?parent=58583"}],"wp:term":[{"taxonomy":"product_brand","embeddable":true,"href":"https:\/\/www.lesjardinsdesaintehildegarde.com\/en\/wp-json\/wp\/v2\/product_brand?post=58583"},{"taxonomy":"product_cat","embeddable":true,"href":"https:\/\/www.lesjardinsdesaintehildegarde.com\/en\/wp-json\/wp\/v2\/product_cat?post=58583"},{"taxonomy":"product_tag","embeddable":true,"href":"https:\/\/www.lesjardinsdesaintehildegarde.com\/en\/wp-json\/wp\/v2\/product_tag?post=58583"}],"curies":[{"name":"wp","href":"https:\/\/api.w.org\/{rel}","templated":true}]}}