{"id":58608,"date":"2023-04-07T14:14:04","date_gmt":"2023-04-07T12:14:04","guid":{"rendered":"https:\/\/www.lesjardinsdesaintehildegarde.com\/?post_type=product&#038;p=58608"},"modified":"2026-05-11T23:02:12","modified_gmt":"2026-05-11T21:02:12","slug":"houmous-pois-chiches-bio-190g","status":"publish","type":"product","link":"https:\/\/www.lesjardinsdesaintehildegarde.com\/en\/spelt-food\/fruit-and-fruit-preparation\/houmous-pois-chiches-bio-190g\/","title":{"rendered":"HOUMOUS POIS CHICHES FRANCE BIO 190G*"},"content":{"rendered":"<p>HOUMOUS DE POIS CHICHES A l&#8217;AIL ET AU CITRON BIO* 190G  NET (20,52\u20ac\/kg)<\/p>\n<p>Pois chiches Origine France, fabriqu\u00e9 dans nos ateliers en Dordogne<\/p>\n<p>Sainte Hildegarde nous dit que &#8220;Le pois chiche est chaud et agr\u00e9able, l\u00e9ger et agr\u00e9able \u00e0 manger, et il n&#8217;augmente pas les humeurs mauvaises chez celui qui en mange.&#8221; (Physica CLXXXIX)<\/p>\n<p>Il s&#8217;agit d&#8217;un produit de choix pour une alimentation de la joie ! <\/p>\n<p>Notre houmous peut se d\u00e9guster sur nos toasts de grand \u00e9peautre non hybrid\u00e9, des galettes ou du pain mais aussi tel quel.<\/p>\n<p>Il est d\u00e9licieusement relev\u00e9 et ravira vos ap\u00e9ritifs ou vos menus.<\/p>\n<p>Ingr\u00e9dients : pois chiches humides*, ail*, jus de citron*, huile d&#8217;olive*, huile de tournesol*, sel de Gu\u00e9rande, galanga rouge*.<\/p>\n<p>Nous savons aujourd&#8217;hui que le pois chiche est riche en fibre et en prot\u00e9ines il est \u00e9galement source de de vitamine B9, d&#8217;acides amin\u00e9s essentiels, de min\u00e9raux et d&#8217;oligo-\u00e9l\u00e9ments, de vitamines C et B9. <\/p>\n<p>Il contient entre autres du mangan\u00e8se, du cuivre, du phosphore, du zinc et du fer.<\/p>\n<p>Valeurs nutritionnelles moyennes pour 100g : \u00c9nergie 1879kJ (452kcal); Glucides 26g (dont sucres 0.3g); Lipides 32,7 g  ;Prot\u00e9ines 10.9g ; Fibres 62g ; sel 1.3g<\/p>\n","protected":false},"excerpt":{"rendered":"<p>HOUMOUS DE POIS CHICHES A l&#8217;AIL ET AU CITRON BIO* 190G NET (20,52\u20ac\/kg) Pois chiches Origine France, fabriqu\u00e9 dans nos ateliers en Dordogne Sainte Hildegarde nous dit que &#8220;Le pois chiche est chaud et agr\u00e9able, l\u00e9ger et agr\u00e9able \u00e0 manger, et il n&#8217;augmente pas les humeurs mauvaises chez celui qui en mange.&#8221; (Physica CLXXXIX) Il [&hellip;]<\/p>\n","protected":false},"featured_media":73838,"comment_status":"open","ping_status":"closed","template":"","meta":{"_acf_changed":false,"_relevanssi_hide_post":"","_relevanssi_hide_content":"","_relevanssi_pin_for_all":"","_relevanssi_pin_keywords":"","_relevanssi_unpin_keywords":"","_relevanssi_related_keywords":"","_relevanssi_related_include_ids":"","_relevanssi_related_exclude_ids":"","_relevanssi_related_no_append":"","_relevanssi_related_not_related":"","_relevanssi_related_posts":"","_relevanssi_noindex_reason":""},"product_brand":[],"product_cat":[30,55],"product_tag":[49],"class_list":{"0":"post-58608","1":"product","2":"type-product","3":"status-publish","4":"has-post-thumbnail","6":"product_cat-epeautres-alimentation","7":"product_cat-fruits-et-preparations-a-base-de-fruits","8":"product_tag-produit-bio","10":"first","11":"outofstock","12":"taxable","13":"shipping-taxable","14":"purchasable","15":"product-type-simple"},"acf":[],"yoast_head":"<!-- This site is optimized with the Yoast SEO plugin v27.4 - https:\/\/yoast.com\/product\/yoast-seo-wordpress\/ -->\n<title>HOUMOUS POIS CHICHES FRANCE BIO 190G* - Les Jardins de Sainte-Hildegarde<\/title>\n<meta name=\"robots\" content=\"index, follow, max-snippet:-1, max-image-preview:large, max-video-preview:-1\" \/>\n<link rel=\"canonical\" href=\"https:\/\/www.lesjardinsdesaintehildegarde.com\/en\/spelt-food\/fruit-and-fruit-preparation\/houmous-pois-chiches-bio-190g\/\" \/>\n<meta property=\"og:locale\" content=\"en_US\" \/>\n<meta property=\"og:type\" content=\"article\" \/>\n<meta property=\"og:title\" content=\"HOUMOUS POIS CHICHES FRANCE BIO 190G* - Les Jardins de Sainte-Hildegarde\" \/>\n<meta property=\"og:description\" content=\"HOUMOUS DE POIS CHICHES A l&#8217;AIL ET AU CITRON BIO* 190G NET (20,52\u20ac\/kg) Pois chiches Origine France, fabriqu\u00e9 dans nos ateliers en Dordogne Sainte Hildegarde nous dit que &#8220;Le pois chiche est chaud et agr\u00e9able, l\u00e9ger et agr\u00e9able \u00e0 manger, et il n&#8217;augmente pas les humeurs mauvaises chez celui qui en mange.&#8221; (Physica CLXXXIX) Il [&hellip;]\" \/>\n<meta property=\"og:url\" content=\"https:\/\/www.lesjardinsdesaintehildegarde.com\/en\/spelt-food\/fruit-and-fruit-preparation\/houmous-pois-chiches-bio-190g\/\" \/>\n<meta property=\"og:site_name\" content=\"Les Jardins de Sainte-Hildegarde\" \/>\n<meta property=\"article:modified_time\" content=\"2026-05-11T21:02:12+00:00\" \/>\n<meta property=\"og:image\" content=\"https:\/\/www.lesjardinsdesaintehildegarde.com\/wp-content\/uploads\/2023\/04\/00093-houmous-g.jpg\" \/>\n\t<meta property=\"og:image:width\" content=\"1200\" \/>\n\t<meta property=\"og:image:height\" content=\"1200\" \/>\n\t<meta property=\"og:image:type\" content=\"image\/jpeg\" \/>\n<meta name=\"twitter:card\" content=\"summary_large_image\" \/>\n<meta name=\"twitter:label1\" content=\"Est. reading time\" \/>\n\t<meta name=\"twitter:data1\" content=\"1 minute\" \/>\n<script type=\"application\/ld+json\" class=\"yoast-schema-graph\">{\"@context\":\"https:\\\/\\\/schema.org\",\"@graph\":[{\"@type\":\"WebPage\",\"@id\":\"https:\\\/\\\/www.lesjardinsdesaintehildegarde.com\\\/en\\\/spelt-food\\\/fruit-and-fruit-preparation\\\/houmous-pois-chiches-bio-190g\\\/\",\"url\":\"https:\\\/\\\/www.lesjardinsdesaintehildegarde.com\\\/en\\\/spelt-food\\\/fruit-and-fruit-preparation\\\/houmous-pois-chiches-bio-190g\\\/\",\"name\":\"HOUMOUS POIS CHICHES FRANCE BIO 190G* - Les Jardins de Sainte-Hildegarde\",\"isPartOf\":{\"@id\":\"https:\\\/\\\/www.lesjardinsdesaintehildegarde.com\\\/en\\\/#website\"},\"primaryImageOfPage\":{\"@id\":\"https:\\\/\\\/www.lesjardinsdesaintehildegarde.com\\\/en\\\/spelt-food\\\/fruit-and-fruit-preparation\\\/houmous-pois-chiches-bio-190g\\\/#primaryimage\"},\"image\":{\"@id\":\"https:\\\/\\\/www.lesjardinsdesaintehildegarde.com\\\/en\\\/spelt-food\\\/fruit-and-fruit-preparation\\\/houmous-pois-chiches-bio-190g\\\/#primaryimage\"},\"thumbnailUrl\":\"https:\\\/\\\/www.lesjardinsdesaintehildegarde.com\\\/wp-content\\\/uploads\\\/2023\\\/04\\\/00093-houmous-g.jpg\",\"datePublished\":\"2023-04-07T12:14:04+00:00\",\"dateModified\":\"2026-05-11T21:02:12+00:00\",\"breadcrumb\":{\"@id\":\"https:\\\/\\\/www.lesjardinsdesaintehildegarde.com\\\/en\\\/spelt-food\\\/fruit-and-fruit-preparation\\\/houmous-pois-chiches-bio-190g\\\/#breadcrumb\"},\"inLanguage\":\"en-US\",\"potentialAction\":[{\"@type\":\"ReadAction\",\"target\":[\"https:\\\/\\\/www.lesjardinsdesaintehildegarde.com\\\/en\\\/spelt-food\\\/fruit-and-fruit-preparation\\\/houmous-pois-chiches-bio-190g\\\/\"]}]},{\"@type\":\"ImageObject\",\"inLanguage\":\"en-US\",\"@id\":\"https:\\\/\\\/www.lesjardinsdesaintehildegarde.com\\\/en\\\/spelt-food\\\/fruit-and-fruit-preparation\\\/houmous-pois-chiches-bio-190g\\\/#primaryimage\",\"url\":\"https:\\\/\\\/www.lesjardinsdesaintehildegarde.com\\\/wp-content\\\/uploads\\\/2023\\\/04\\\/00093-houmous-g.jpg\",\"contentUrl\":\"https:\\\/\\\/www.lesjardinsdesaintehildegarde.com\\\/wp-content\\\/uploads\\\/2023\\\/04\\\/00093-houmous-g.jpg\",\"width\":1200,\"height\":1200,\"caption\":\"Houmous de pois chiche \u00e0 l'ail bio 190g\"},{\"@type\":\"BreadcrumbList\",\"@id\":\"https:\\\/\\\/www.lesjardinsdesaintehildegarde.com\\\/en\\\/spelt-food\\\/fruit-and-fruit-preparation\\\/houmous-pois-chiches-bio-190g\\\/#breadcrumb\",\"itemListElement\":[{\"@type\":\"ListItem\",\"position\":1,\"name\":\"Home\",\"item\":\"https:\\\/\\\/www.lesjardinsdesaintehildegarde.com\\\/en\\\/\"},{\"@type\":\"ListItem\",\"position\":2,\"name\":\"Products\",\"item\":\"https:\\\/\\\/www.lesjardinsdesaintehildegarde.com\\\/en\\\/shop\\\/\"},{\"@type\":\"ListItem\",\"position\":3,\"name\":\"HOUMOUS POIS CHICHES FRANCE BIO 190G*\"}]},{\"@type\":\"WebSite\",\"@id\":\"https:\\\/\\\/www.lesjardinsdesaintehildegarde.com\\\/en\\\/#website\",\"url\":\"https:\\\/\\\/www.lesjardinsdesaintehildegarde.com\\\/en\\\/\",\"name\":\"Les Jardins de Sainte-Hildegarde\",\"description\":\"Viriditas\",\"publisher\":{\"@id\":\"https:\\\/\\\/www.lesjardinsdesaintehildegarde.com\\\/en\\\/#organization\"},\"potentialAction\":[{\"@type\":\"SearchAction\",\"target\":{\"@type\":\"EntryPoint\",\"urlTemplate\":\"https:\\\/\\\/www.lesjardinsdesaintehildegarde.com\\\/en\\\/?s={search_term_string}\"},\"query-input\":{\"@type\":\"PropertyValueSpecification\",\"valueRequired\":true,\"valueName\":\"search_term_string\"}}],\"inLanguage\":\"en-US\"},{\"@type\":\"Organization\",\"@id\":\"https:\\\/\\\/www.lesjardinsdesaintehildegarde.com\\\/en\\\/#organization\",\"name\":\"Les Jardins de Sainte-Hildegarde\",\"url\":\"https:\\\/\\\/www.lesjardinsdesaintehildegarde.com\\\/en\\\/\",\"logo\":{\"@type\":\"ImageObject\",\"inLanguage\":\"en-US\",\"@id\":\"https:\\\/\\\/www.lesjardinsdesaintehildegarde.com\\\/en\\\/#\\\/schema\\\/logo\\\/image\\\/\",\"url\":\"https:\\\/\\\/www.lesjardinsdesaintehildegarde.com\\\/wp-content\\\/uploads\\\/2022\\\/11\\\/logo-2022.png\",\"contentUrl\":\"https:\\\/\\\/www.lesjardinsdesaintehildegarde.com\\\/wp-content\\\/uploads\\\/2022\\\/11\\\/logo-2022.png\",\"width\":365,\"height\":90,\"caption\":\"Les Jardins de Sainte-Hildegarde\"},\"image\":{\"@id\":\"https:\\\/\\\/www.lesjardinsdesaintehildegarde.com\\\/en\\\/#\\\/schema\\\/logo\\\/image\\\/\"}}]}<\/script>\n<!-- \/ Yoast SEO plugin. -->","yoast_head_json":{"title":"HOUMOUS POIS CHICHES FRANCE BIO 190G* - Les Jardins de Sainte-Hildegarde","robots":{"index":"index","follow":"follow","max-snippet":"max-snippet:-1","max-image-preview":"max-image-preview:large","max-video-preview":"max-video-preview:-1"},"canonical":"https:\/\/www.lesjardinsdesaintehildegarde.com\/en\/spelt-food\/fruit-and-fruit-preparation\/houmous-pois-chiches-bio-190g\/","og_locale":"en_US","og_type":"article","og_title":"HOUMOUS POIS CHICHES FRANCE BIO 190G* - Les Jardins de Sainte-Hildegarde","og_description":"HOUMOUS DE POIS CHICHES A l&#8217;AIL ET AU CITRON BIO* 190G NET (20,52\u20ac\/kg) Pois chiches Origine France, fabriqu\u00e9 dans nos ateliers en Dordogne Sainte Hildegarde nous dit que &#8220;Le pois chiche est chaud et agr\u00e9able, l\u00e9ger et agr\u00e9able \u00e0 manger, et il n&#8217;augmente pas les humeurs mauvaises chez celui qui en mange.&#8221; (Physica CLXXXIX) Il [&hellip;]","og_url":"https:\/\/www.lesjardinsdesaintehildegarde.com\/en\/spelt-food\/fruit-and-fruit-preparation\/houmous-pois-chiches-bio-190g\/","og_site_name":"Les Jardins de Sainte-Hildegarde","article_modified_time":"2026-05-11T21:02:12+00:00","og_image":[{"width":1200,"height":1200,"url":"https:\/\/www.lesjardinsdesaintehildegarde.com\/wp-content\/uploads\/2023\/04\/00093-houmous-g.jpg","type":"image\/jpeg"}],"twitter_card":"summary_large_image","twitter_misc":{"Est. reading time":"1 minute"},"schema":{"@context":"https:\/\/schema.org","@graph":[{"@type":"WebPage","@id":"https:\/\/www.lesjardinsdesaintehildegarde.com\/en\/spelt-food\/fruit-and-fruit-preparation\/houmous-pois-chiches-bio-190g\/","url":"https:\/\/www.lesjardinsdesaintehildegarde.com\/en\/spelt-food\/fruit-and-fruit-preparation\/houmous-pois-chiches-bio-190g\/","name":"HOUMOUS POIS CHICHES FRANCE BIO 190G* - Les Jardins de Sainte-Hildegarde","isPartOf":{"@id":"https:\/\/www.lesjardinsdesaintehildegarde.com\/en\/#website"},"primaryImageOfPage":{"@id":"https:\/\/www.lesjardinsdesaintehildegarde.com\/en\/spelt-food\/fruit-and-fruit-preparation\/houmous-pois-chiches-bio-190g\/#primaryimage"},"image":{"@id":"https:\/\/www.lesjardinsdesaintehildegarde.com\/en\/spelt-food\/fruit-and-fruit-preparation\/houmous-pois-chiches-bio-190g\/#primaryimage"},"thumbnailUrl":"https:\/\/www.lesjardinsdesaintehildegarde.com\/wp-content\/uploads\/2023\/04\/00093-houmous-g.jpg","datePublished":"2023-04-07T12:14:04+00:00","dateModified":"2026-05-11T21:02:12+00:00","breadcrumb":{"@id":"https:\/\/www.lesjardinsdesaintehildegarde.com\/en\/spelt-food\/fruit-and-fruit-preparation\/houmous-pois-chiches-bio-190g\/#breadcrumb"},"inLanguage":"en-US","potentialAction":[{"@type":"ReadAction","target":["https:\/\/www.lesjardinsdesaintehildegarde.com\/en\/spelt-food\/fruit-and-fruit-preparation\/houmous-pois-chiches-bio-190g\/"]}]},{"@type":"ImageObject","inLanguage":"en-US","@id":"https:\/\/www.lesjardinsdesaintehildegarde.com\/en\/spelt-food\/fruit-and-fruit-preparation\/houmous-pois-chiches-bio-190g\/#primaryimage","url":"https:\/\/www.lesjardinsdesaintehildegarde.com\/wp-content\/uploads\/2023\/04\/00093-houmous-g.jpg","contentUrl":"https:\/\/www.lesjardinsdesaintehildegarde.com\/wp-content\/uploads\/2023\/04\/00093-houmous-g.jpg","width":1200,"height":1200,"caption":"Houmous de pois chiche \u00e0 l'ail bio 190g"},{"@type":"BreadcrumbList","@id":"https:\/\/www.lesjardinsdesaintehildegarde.com\/en\/spelt-food\/fruit-and-fruit-preparation\/houmous-pois-chiches-bio-190g\/#breadcrumb","itemListElement":[{"@type":"ListItem","position":1,"name":"Home","item":"https:\/\/www.lesjardinsdesaintehildegarde.com\/en\/"},{"@type":"ListItem","position":2,"name":"Products","item":"https:\/\/www.lesjardinsdesaintehildegarde.com\/en\/shop\/"},{"@type":"ListItem","position":3,"name":"HOUMOUS POIS CHICHES FRANCE BIO 190G*"}]},{"@type":"WebSite","@id":"https:\/\/www.lesjardinsdesaintehildegarde.com\/en\/#website","url":"https:\/\/www.lesjardinsdesaintehildegarde.com\/en\/","name":"Les Jardins de Sainte-Hildegarde","description":"Viriditas","publisher":{"@id":"https:\/\/www.lesjardinsdesaintehildegarde.com\/en\/#organization"},"potentialAction":[{"@type":"SearchAction","target":{"@type":"EntryPoint","urlTemplate":"https:\/\/www.lesjardinsdesaintehildegarde.com\/en\/?s={search_term_string}"},"query-input":{"@type":"PropertyValueSpecification","valueRequired":true,"valueName":"search_term_string"}}],"inLanguage":"en-US"},{"@type":"Organization","@id":"https:\/\/www.lesjardinsdesaintehildegarde.com\/en\/#organization","name":"Les Jardins de Sainte-Hildegarde","url":"https:\/\/www.lesjardinsdesaintehildegarde.com\/en\/","logo":{"@type":"ImageObject","inLanguage":"en-US","@id":"https:\/\/www.lesjardinsdesaintehildegarde.com\/en\/#\/schema\/logo\/image\/","url":"https:\/\/www.lesjardinsdesaintehildegarde.com\/wp-content\/uploads\/2022\/11\/logo-2022.png","contentUrl":"https:\/\/www.lesjardinsdesaintehildegarde.com\/wp-content\/uploads\/2022\/11\/logo-2022.png","width":365,"height":90,"caption":"Les Jardins de Sainte-Hildegarde"},"image":{"@id":"https:\/\/www.lesjardinsdesaintehildegarde.com\/en\/#\/schema\/logo\/image\/"}}]}},"_links":{"self":[{"href":"https:\/\/www.lesjardinsdesaintehildegarde.com\/en\/wp-json\/wp\/v2\/product\/58608","targetHints":{"allow":["GET"]}}],"collection":[{"href":"https:\/\/www.lesjardinsdesaintehildegarde.com\/en\/wp-json\/wp\/v2\/product"}],"about":[{"href":"https:\/\/www.lesjardinsdesaintehildegarde.com\/en\/wp-json\/wp\/v2\/types\/product"}],"replies":[{"embeddable":true,"href":"https:\/\/www.lesjardinsdesaintehildegarde.com\/en\/wp-json\/wp\/v2\/comments?post=58608"}],"wp:featuredmedia":[{"embeddable":true,"href":"https:\/\/www.lesjardinsdesaintehildegarde.com\/en\/wp-json\/wp\/v2\/media\/73838"}],"wp:attachment":[{"href":"https:\/\/www.lesjardinsdesaintehildegarde.com\/en\/wp-json\/wp\/v2\/media?parent=58608"}],"wp:term":[{"taxonomy":"product_brand","embeddable":true,"href":"https:\/\/www.lesjardinsdesaintehildegarde.com\/en\/wp-json\/wp\/v2\/product_brand?post=58608"},{"taxonomy":"product_cat","embeddable":true,"href":"https:\/\/www.lesjardinsdesaintehildegarde.com\/en\/wp-json\/wp\/v2\/product_cat?post=58608"},{"taxonomy":"product_tag","embeddable":true,"href":"https:\/\/www.lesjardinsdesaintehildegarde.com\/en\/wp-json\/wp\/v2\/product_tag?post=58608"}],"curies":[{"name":"wp","href":"https:\/\/api.w.org\/{rel}","templated":true}]}}