{"id":60428,"date":"2023-05-02T14:41:07","date_gmt":"2023-05-02T12:41:07","guid":{"rendered":"https:\/\/www.lesjardinsdesaintehildegarde.com\/?post_type=product&#038;p=60428"},"modified":"2026-04-16T23:01:03","modified_gmt":"2026-04-16T21:01:03","slug":"amandes-decortiquees-bio-1kg","status":"publish","type":"product","link":"https:\/\/www.lesjardinsdesaintehildegarde.com\/en\/spelt-food\/fruit-and-fruit-preparation\/amandes-decortiquees-bio-1kg\/","title":{"rendered":"AMANDES DECORTIQUEES BIO* 1KG"},"content":{"rendered":"<p>AMANDES COMPLETES DECORTIQUEES BIO* 1KG<\/p>\n<p>Origine Portugal \/ Espagne<\/p>\n<p>Sainte Hildegarde nous dit de l&#8217;amandier :&#8221; Toute sa force se trouve dans son fruit. Celui qui a le cerveau vide, un mauvais teint sur le visage et mal \u00e0 la t\u00eate mangera souvent les amandes de son fruit: cela remplit le cerveau et redonne un beau teint.&#8221; (Physica X)<\/p>\n<p>Dans le r\u00e9gime Hildegardien les amandes sont r\u00e9put\u00e9es bonnes pour la joie, l&#8217;esprit et la concentration. Il est recommand\u00e9 d&#8217;en manger r\u00e9guli\u00e8rement, la dose id\u00e9ale \u00e9tant de 10 amandes par jour.<\/p>\n<p>On sait aujourd&#8217;hui que les amandes sont excellentes pour la sant\u00e9, riches en fibres, calcium, magn\u00e9sium, potassium, acides gras insatur\u00e9s et satur\u00e9s elles sont \u00e9galement source de prot\u00e9ines.<\/p>\n<p>Il est act\u00e9 qu&#8217;elles aident \u00e0 lutter contre le d\u00e9clin cognitif et sont bonnes pour le moral gr\u00e2ce au cuivre et au magn\u00e9sium qu&#8217;elle renferment.<\/p>\n<p>Elles ont un index glyc\u00e9mique faible ce qui les rend \u00e9galement int\u00e9ressantes pour les diab\u00e9tiques ou les personnes qui souhaitent r\u00e9guler leur poids.<\/p>\n<p>Valeurs nutritionnelles pour 100g :<\/p>\n<p>Energie :  2616kJ \/ 633 kcal<\/p>\n<p>Lipides : 56.3g (acides gras satur\u00e9s 5.61g) <\/p>\n<p>Glucides : 4.1g (dont sucres 3.3g)<\/p>\n<p>Prot\u00e9ines : 22.5g <\/p>\n<p>Fibres : 10.1g<\/p>\n<p>Sel : 0.03g<\/p>\n","protected":false},"excerpt":{"rendered":"<p>AMANDES COMPLETES DECORTIQUEES BIO* 1KG Origine Portugal \/ Espagne Sainte Hildegarde nous dit de l&#8217;amandier :&#8221; Toute sa force se trouve dans son fruit. Celui qui a le cerveau vide, un mauvais teint sur le visage et mal \u00e0 la t\u00eate mangera souvent les amandes de son fruit: cela remplit le cerveau et redonne un [&hellip;]<\/p>\n","protected":false},"featured_media":63077,"comment_status":"open","ping_status":"closed","template":"","meta":{"_acf_changed":false,"_relevanssi_hide_post":"","_relevanssi_hide_content":"","_relevanssi_pin_for_all":"","_relevanssi_pin_keywords":"","_relevanssi_unpin_keywords":"","_relevanssi_related_keywords":"","_relevanssi_related_include_ids":"","_relevanssi_related_exclude_ids":"","_relevanssi_related_no_append":"","_relevanssi_related_not_related":"","_relevanssi_related_posts":"","_relevanssi_noindex_reason":""},"product_brand":[],"product_cat":[30,55],"product_tag":[49],"class_list":{"0":"post-60428","1":"product","2":"type-product","3":"status-publish","4":"has-post-thumbnail","6":"product_cat-epeautres-alimentation","7":"product_cat-fruits-et-preparations-a-base-de-fruits","8":"product_tag-produit-bio","10":"first","11":"instock","12":"taxable","13":"shipping-taxable","14":"purchasable","15":"product-type-simple"},"acf":[],"yoast_head":"<!-- This site is optimized with the Yoast SEO plugin v27.2 - https:\/\/yoast.com\/product\/yoast-seo-wordpress\/ -->\n<title>AMANDES DECORTIQUEES BIO* 1KG - Les Jardins de Sainte-Hildegarde<\/title>\n<meta name=\"robots\" content=\"index, follow, max-snippet:-1, max-image-preview:large, max-video-preview:-1\" \/>\n<link rel=\"canonical\" href=\"https:\/\/www.lesjardinsdesaintehildegarde.com\/en\/spelt-food\/fruit-and-fruit-preparation\/amandes-decortiquees-bio-1kg\/\" \/>\n<meta property=\"og:locale\" content=\"en_US\" \/>\n<meta property=\"og:type\" content=\"article\" \/>\n<meta property=\"og:title\" content=\"AMANDES DECORTIQUEES BIO* 1KG - Les Jardins de Sainte-Hildegarde\" \/>\n<meta property=\"og:description\" content=\"AMANDES COMPLETES DECORTIQUEES BIO* 1KG Origine Portugal \/ Espagne Sainte Hildegarde nous dit de l&#8217;amandier :&#8221; Toute sa force se trouve dans son fruit. Celui qui a le cerveau vide, un mauvais teint sur le visage et mal \u00e0 la t\u00eate mangera souvent les amandes de son fruit: cela remplit le cerveau et redonne un [&hellip;]\" \/>\n<meta property=\"og:url\" content=\"https:\/\/www.lesjardinsdesaintehildegarde.com\/en\/spelt-food\/fruit-and-fruit-preparation\/amandes-decortiquees-bio-1kg\/\" \/>\n<meta property=\"og:site_name\" content=\"Les Jardins de Sainte-Hildegarde\" \/>\n<meta property=\"article:modified_time\" content=\"2026-04-16T21:01:03+00:00\" \/>\n<meta property=\"og:image\" content=\"https:\/\/www.lesjardinsdesaintehildegarde.com\/wp-content\/uploads\/2023\/05\/am001-amandes-decortiquees-completes-bio-1kg.jpg\" \/>\n\t<meta property=\"og:image:width\" content=\"1200\" \/>\n\t<meta property=\"og:image:height\" content=\"1200\" \/>\n\t<meta property=\"og:image:type\" content=\"image\/jpeg\" \/>\n<meta name=\"twitter:card\" content=\"summary_large_image\" \/>\n<meta name=\"twitter:label1\" content=\"Est. reading time\" \/>\n\t<meta name=\"twitter:data1\" content=\"1 minute\" \/>\n<script type=\"application\/ld+json\" class=\"yoast-schema-graph\">{\"@context\":\"https:\/\/schema.org\",\"@graph\":[{\"@type\":\"WebPage\",\"@id\":\"https:\/\/www.lesjardinsdesaintehildegarde.com\/en\/spelt-food\/fruit-and-fruit-preparation\/amandes-decortiquees-bio-1kg\/\",\"url\":\"https:\/\/www.lesjardinsdesaintehildegarde.com\/en\/spelt-food\/fruit-and-fruit-preparation\/amandes-decortiquees-bio-1kg\/\",\"name\":\"AMANDES DECORTIQUEES BIO* 1KG - Les Jardins de Sainte-Hildegarde\",\"isPartOf\":{\"@id\":\"https:\/\/www.lesjardinsdesaintehildegarde.com\/en\/#website\"},\"primaryImageOfPage\":{\"@id\":\"https:\/\/www.lesjardinsdesaintehildegarde.com\/en\/spelt-food\/fruit-and-fruit-preparation\/amandes-decortiquees-bio-1kg\/#primaryimage\"},\"image\":{\"@id\":\"https:\/\/www.lesjardinsdesaintehildegarde.com\/en\/spelt-food\/fruit-and-fruit-preparation\/amandes-decortiquees-bio-1kg\/#primaryimage\"},\"thumbnailUrl\":\"https:\/\/www.lesjardinsdesaintehildegarde.com\/wp-content\/uploads\/2023\/05\/am001-amandes-decortiquees-completes-bio-1kg.jpg\",\"datePublished\":\"2023-05-02T12:41:07+00:00\",\"dateModified\":\"2026-04-16T21:01:03+00:00\",\"breadcrumb\":{\"@id\":\"https:\/\/www.lesjardinsdesaintehildegarde.com\/en\/spelt-food\/fruit-and-fruit-preparation\/amandes-decortiquees-bio-1kg\/#breadcrumb\"},\"inLanguage\":\"en-US\",\"potentialAction\":[{\"@type\":\"ReadAction\",\"target\":[\"https:\/\/www.lesjardinsdesaintehildegarde.com\/en\/spelt-food\/fruit-and-fruit-preparation\/amandes-decortiquees-bio-1kg\/\"]}]},{\"@type\":\"ImageObject\",\"inLanguage\":\"en-US\",\"@id\":\"https:\/\/www.lesjardinsdesaintehildegarde.com\/en\/spelt-food\/fruit-and-fruit-preparation\/amandes-decortiquees-bio-1kg\/#primaryimage\",\"url\":\"https:\/\/www.lesjardinsdesaintehildegarde.com\/wp-content\/uploads\/2023\/05\/am001-amandes-decortiquees-completes-bio-1kg.jpg\",\"contentUrl\":\"https:\/\/www.lesjardinsdesaintehildegarde.com\/wp-content\/uploads\/2023\/05\/am001-amandes-decortiquees-completes-bio-1kg.jpg\",\"width\":1200,\"height\":1200,\"caption\":\"paquet d'amandes d\u00e9cortiqu\u00e9es compl\u00e8tes bio en 1kg, recommand\u00e9 par sainte Hildegarde de Bingen\"},{\"@type\":\"BreadcrumbList\",\"@id\":\"https:\/\/www.lesjardinsdesaintehildegarde.com\/en\/spelt-food\/fruit-and-fruit-preparation\/amandes-decortiquees-bio-1kg\/#breadcrumb\",\"itemListElement\":[{\"@type\":\"ListItem\",\"position\":1,\"name\":\"Home\",\"item\":\"https:\/\/www.lesjardinsdesaintehildegarde.com\/en\/\"},{\"@type\":\"ListItem\",\"position\":2,\"name\":\"Products\",\"item\":\"https:\/\/www.lesjardinsdesaintehildegarde.com\/en\/shop\/\"},{\"@type\":\"ListItem\",\"position\":3,\"name\":\"AMANDES DECORTIQUEES BIO* 1KG\"}]},{\"@type\":\"WebSite\",\"@id\":\"https:\/\/www.lesjardinsdesaintehildegarde.com\/en\/#website\",\"url\":\"https:\/\/www.lesjardinsdesaintehildegarde.com\/en\/\",\"name\":\"Les Jardins de Sainte-Hildegarde\",\"description\":\"Viriditas\",\"publisher\":{\"@id\":\"https:\/\/www.lesjardinsdesaintehildegarde.com\/en\/#organization\"},\"potentialAction\":[{\"@type\":\"SearchAction\",\"target\":{\"@type\":\"EntryPoint\",\"urlTemplate\":\"https:\/\/www.lesjardinsdesaintehildegarde.com\/en\/?s={search_term_string}\"},\"query-input\":{\"@type\":\"PropertyValueSpecification\",\"valueRequired\":true,\"valueName\":\"search_term_string\"}}],\"inLanguage\":\"en-US\"},{\"@type\":\"Organization\",\"@id\":\"https:\/\/www.lesjardinsdesaintehildegarde.com\/en\/#organization\",\"name\":\"Les Jardins de Sainte-Hildegarde\",\"url\":\"https:\/\/www.lesjardinsdesaintehildegarde.com\/en\/\",\"logo\":{\"@type\":\"ImageObject\",\"inLanguage\":\"en-US\",\"@id\":\"https:\/\/www.lesjardinsdesaintehildegarde.com\/en\/#\/schema\/logo\/image\/\",\"url\":\"https:\/\/www.lesjardinsdesaintehildegarde.com\/wp-content\/uploads\/2022\/11\/logo-2022.png\",\"contentUrl\":\"https:\/\/www.lesjardinsdesaintehildegarde.com\/wp-content\/uploads\/2022\/11\/logo-2022.png\",\"width\":365,\"height\":90,\"caption\":\"Les Jardins de Sainte-Hildegarde\"},\"image\":{\"@id\":\"https:\/\/www.lesjardinsdesaintehildegarde.com\/en\/#\/schema\/logo\/image\/\"}}]}<\/script>\n<!-- \/ Yoast SEO plugin. -->","yoast_head_json":{"title":"AMANDES DECORTIQUEES BIO* 1KG - Les Jardins de Sainte-Hildegarde","robots":{"index":"index","follow":"follow","max-snippet":"max-snippet:-1","max-image-preview":"max-image-preview:large","max-video-preview":"max-video-preview:-1"},"canonical":"https:\/\/www.lesjardinsdesaintehildegarde.com\/en\/spelt-food\/fruit-and-fruit-preparation\/amandes-decortiquees-bio-1kg\/","og_locale":"en_US","og_type":"article","og_title":"AMANDES DECORTIQUEES BIO* 1KG - Les Jardins de Sainte-Hildegarde","og_description":"AMANDES COMPLETES DECORTIQUEES BIO* 1KG Origine Portugal \/ Espagne Sainte Hildegarde nous dit de l&#8217;amandier :&#8221; Toute sa force se trouve dans son fruit. Celui qui a le cerveau vide, un mauvais teint sur le visage et mal \u00e0 la t\u00eate mangera souvent les amandes de son fruit: cela remplit le cerveau et redonne un [&hellip;]","og_url":"https:\/\/www.lesjardinsdesaintehildegarde.com\/en\/spelt-food\/fruit-and-fruit-preparation\/amandes-decortiquees-bio-1kg\/","og_site_name":"Les Jardins de Sainte-Hildegarde","article_modified_time":"2026-04-16T21:01:03+00:00","og_image":[{"width":1200,"height":1200,"url":"https:\/\/www.lesjardinsdesaintehildegarde.com\/wp-content\/uploads\/2023\/05\/am001-amandes-decortiquees-completes-bio-1kg.jpg","type":"image\/jpeg"}],"twitter_card":"summary_large_image","twitter_misc":{"Est. reading time":"1 minute"},"schema":{"@context":"https:\/\/schema.org","@graph":[{"@type":"WebPage","@id":"https:\/\/www.lesjardinsdesaintehildegarde.com\/en\/spelt-food\/fruit-and-fruit-preparation\/amandes-decortiquees-bio-1kg\/","url":"https:\/\/www.lesjardinsdesaintehildegarde.com\/en\/spelt-food\/fruit-and-fruit-preparation\/amandes-decortiquees-bio-1kg\/","name":"AMANDES DECORTIQUEES BIO* 1KG - Les Jardins de Sainte-Hildegarde","isPartOf":{"@id":"https:\/\/www.lesjardinsdesaintehildegarde.com\/en\/#website"},"primaryImageOfPage":{"@id":"https:\/\/www.lesjardinsdesaintehildegarde.com\/en\/spelt-food\/fruit-and-fruit-preparation\/amandes-decortiquees-bio-1kg\/#primaryimage"},"image":{"@id":"https:\/\/www.lesjardinsdesaintehildegarde.com\/en\/spelt-food\/fruit-and-fruit-preparation\/amandes-decortiquees-bio-1kg\/#primaryimage"},"thumbnailUrl":"https:\/\/www.lesjardinsdesaintehildegarde.com\/wp-content\/uploads\/2023\/05\/am001-amandes-decortiquees-completes-bio-1kg.jpg","datePublished":"2023-05-02T12:41:07+00:00","dateModified":"2026-04-16T21:01:03+00:00","breadcrumb":{"@id":"https:\/\/www.lesjardinsdesaintehildegarde.com\/en\/spelt-food\/fruit-and-fruit-preparation\/amandes-decortiquees-bio-1kg\/#breadcrumb"},"inLanguage":"en-US","potentialAction":[{"@type":"ReadAction","target":["https:\/\/www.lesjardinsdesaintehildegarde.com\/en\/spelt-food\/fruit-and-fruit-preparation\/amandes-decortiquees-bio-1kg\/"]}]},{"@type":"ImageObject","inLanguage":"en-US","@id":"https:\/\/www.lesjardinsdesaintehildegarde.com\/en\/spelt-food\/fruit-and-fruit-preparation\/amandes-decortiquees-bio-1kg\/#primaryimage","url":"https:\/\/www.lesjardinsdesaintehildegarde.com\/wp-content\/uploads\/2023\/05\/am001-amandes-decortiquees-completes-bio-1kg.jpg","contentUrl":"https:\/\/www.lesjardinsdesaintehildegarde.com\/wp-content\/uploads\/2023\/05\/am001-amandes-decortiquees-completes-bio-1kg.jpg","width":1200,"height":1200,"caption":"paquet d'amandes d\u00e9cortiqu\u00e9es compl\u00e8tes bio en 1kg, recommand\u00e9 par sainte Hildegarde de Bingen"},{"@type":"BreadcrumbList","@id":"https:\/\/www.lesjardinsdesaintehildegarde.com\/en\/spelt-food\/fruit-and-fruit-preparation\/amandes-decortiquees-bio-1kg\/#breadcrumb","itemListElement":[{"@type":"ListItem","position":1,"name":"Home","item":"https:\/\/www.lesjardinsdesaintehildegarde.com\/en\/"},{"@type":"ListItem","position":2,"name":"Products","item":"https:\/\/www.lesjardinsdesaintehildegarde.com\/en\/shop\/"},{"@type":"ListItem","position":3,"name":"AMANDES DECORTIQUEES BIO* 1KG"}]},{"@type":"WebSite","@id":"https:\/\/www.lesjardinsdesaintehildegarde.com\/en\/#website","url":"https:\/\/www.lesjardinsdesaintehildegarde.com\/en\/","name":"Les Jardins de Sainte-Hildegarde","description":"Viriditas","publisher":{"@id":"https:\/\/www.lesjardinsdesaintehildegarde.com\/en\/#organization"},"potentialAction":[{"@type":"SearchAction","target":{"@type":"EntryPoint","urlTemplate":"https:\/\/www.lesjardinsdesaintehildegarde.com\/en\/?s={search_term_string}"},"query-input":{"@type":"PropertyValueSpecification","valueRequired":true,"valueName":"search_term_string"}}],"inLanguage":"en-US"},{"@type":"Organization","@id":"https:\/\/www.lesjardinsdesaintehildegarde.com\/en\/#organization","name":"Les Jardins de Sainte-Hildegarde","url":"https:\/\/www.lesjardinsdesaintehildegarde.com\/en\/","logo":{"@type":"ImageObject","inLanguage":"en-US","@id":"https:\/\/www.lesjardinsdesaintehildegarde.com\/en\/#\/schema\/logo\/image\/","url":"https:\/\/www.lesjardinsdesaintehildegarde.com\/wp-content\/uploads\/2022\/11\/logo-2022.png","contentUrl":"https:\/\/www.lesjardinsdesaintehildegarde.com\/wp-content\/uploads\/2022\/11\/logo-2022.png","width":365,"height":90,"caption":"Les Jardins de Sainte-Hildegarde"},"image":{"@id":"https:\/\/www.lesjardinsdesaintehildegarde.com\/en\/#\/schema\/logo\/image\/"}}]}},"_links":{"self":[{"href":"https:\/\/www.lesjardinsdesaintehildegarde.com\/en\/wp-json\/wp\/v2\/product\/60428","targetHints":{"allow":["GET"]}}],"collection":[{"href":"https:\/\/www.lesjardinsdesaintehildegarde.com\/en\/wp-json\/wp\/v2\/product"}],"about":[{"href":"https:\/\/www.lesjardinsdesaintehildegarde.com\/en\/wp-json\/wp\/v2\/types\/product"}],"replies":[{"embeddable":true,"href":"https:\/\/www.lesjardinsdesaintehildegarde.com\/en\/wp-json\/wp\/v2\/comments?post=60428"}],"wp:featuredmedia":[{"embeddable":true,"href":"https:\/\/www.lesjardinsdesaintehildegarde.com\/en\/wp-json\/wp\/v2\/media\/63077"}],"wp:attachment":[{"href":"https:\/\/www.lesjardinsdesaintehildegarde.com\/en\/wp-json\/wp\/v2\/media?parent=60428"}],"wp:term":[{"taxonomy":"product_brand","embeddable":true,"href":"https:\/\/www.lesjardinsdesaintehildegarde.com\/en\/wp-json\/wp\/v2\/product_brand?post=60428"},{"taxonomy":"product_cat","embeddable":true,"href":"https:\/\/www.lesjardinsdesaintehildegarde.com\/en\/wp-json\/wp\/v2\/product_cat?post=60428"},{"taxonomy":"product_tag","embeddable":true,"href":"https:\/\/www.lesjardinsdesaintehildegarde.com\/en\/wp-json\/wp\/v2\/product_tag?post=60428"}],"curies":[{"name":"wp","href":"https:\/\/api.w.org\/{rel}","templated":true}]}}