{"id":874,"date":"2022-11-04T09:07:03","date_gmt":"2022-11-04T08:07:03","guid":{"rendered":"https:\/\/www.lesjardinsdesaintehildegarde.com\/non%20class\u00e9\/vin-aromatise-psyllium-bio-500ml\/"},"modified":"2026-04-30T23:02:19","modified_gmt":"2026-04-30T21:02:19","slug":"vin-aromatise-psyllium-bio-500ml","status":"publish","type":"product","link":"https:\/\/www.lesjardinsdesaintehildegarde.com\/en\/flavoured-wines\/vin-aromatise-psyllium-bio-500ml\/","title":{"rendered":"VIN AROMATISE PSYLLIUM BIO 500ML*"},"content":{"rendered":"<p>A partir de 3 unit\u00e9s, le prix unitaire est de 10.05\u20ac<\/p>\n<p>\u00c9LIXIR PSYLLIUM BIO 500ML* (21.40\u20ac \/ L)<\/p>\n<p>\u00c9lixir aromatis\u00e9 \u00e0 base de vin<\/p>\n<p>* Issu de l&#8217;agriculture biologique<\/p>\n<p>Mode d&#8217;emploi :<\/p>\n<p>Boire 1 verre \u00e0 liqueur 3 fois par jour avant les repas.<\/p>\n<p>Ingr\u00e9dients :<\/p>\n<p>Vin biologique* IGP Perigord 98,28% (contient des sulfites), graines de psyllium biologiques* 1,72%. <\/p>\n<p>(Pr\u00e9sence 12,70 % d&#8217;alcool)<\/p>\n<p>L\u2019abus d\u2019alcool est dangereux pour la sant\u00e9, \u00e0 consommer avec mod\u00e9ration. La consommation d\u2019alcool pendant la grossesse, m\u00eame en faible quantit\u00e9, peut avoir des cons\u00e9quences graves sur la sant\u00e9 de l\u2019enfant<\/p>\n<p>A conserver au r\u00e9frig\u00e9rateur apr\u00e8s ouverture<\/p>\n","protected":false},"excerpt":{"rendered":"<p>A partir de 3 unit\u00e9s, le prix unitaire est de 10.05\u20ac \u00c9LIXIR PSYLLIUM BIO 500ML* (21.40\u20ac \/ L) \u00c9lixir aromatis\u00e9 \u00e0 base de vin * Issu de l&#8217;agriculture biologique Mode d&#8217;emploi : Boire 1 verre \u00e0 liqueur 3 fois par jour avant les repas. Ingr\u00e9dients : Vin biologique* IGP Perigord 98,28% (contient des sulfites), graines [&hellip;]<\/p>\n","protected":false},"featured_media":50616,"comment_status":"open","ping_status":"closed","template":"","meta":{"_acf_changed":false,"_relevanssi_hide_post":"","_relevanssi_hide_content":"","_relevanssi_pin_for_all":"","_relevanssi_pin_keywords":"","_relevanssi_unpin_keywords":"","_relevanssi_related_keywords":"","_relevanssi_related_include_ids":"","_relevanssi_related_exclude_ids":"","_relevanssi_related_no_append":"","_relevanssi_related_not_related":"","_relevanssi_related_posts":"","_relevanssi_noindex_reason":""},"product_brand":[],"product_cat":[23],"product_tag":[49],"class_list":{"0":"post-874","1":"product","2":"type-product","3":"status-publish","4":"has-post-thumbnail","6":"product_cat-bien-etre-et-sante","7":"product_tag-produit-bio","9":"first","10":"instock","11":"taxable","12":"shipping-taxable","13":"purchasable","14":"product-type-simple"},"acf":[],"yoast_head":"<!-- This site is optimized with the Yoast SEO plugin v27.4 - https:\/\/yoast.com\/product\/yoast-seo-wordpress\/ -->\n<title>VIN AROMATISE PSYLLIUM BIO 500ML* - Les Jardins de Sainte-Hildegarde<\/title>\n<meta name=\"robots\" content=\"index, follow, max-snippet:-1, max-image-preview:large, max-video-preview:-1\" \/>\n<link rel=\"canonical\" href=\"https:\/\/www.lesjardinsdesaintehildegarde.com\/en\/flavoured-wines\/vin-aromatise-psyllium-bio-500ml\/\" \/>\n<meta property=\"og:locale\" content=\"en_US\" \/>\n<meta property=\"og:type\" content=\"article\" \/>\n<meta property=\"og:title\" content=\"VIN AROMATISE PSYLLIUM BIO 500ML* - Les Jardins de Sainte-Hildegarde\" \/>\n<meta property=\"og:description\" content=\"A partir de 3 unit\u00e9s, le prix unitaire est de 10.05\u20ac \u00c9LIXIR PSYLLIUM BIO 500ML* (21.40\u20ac \/ L) \u00c9lixir aromatis\u00e9 \u00e0 base de vin * Issu de l&#8217;agriculture biologique Mode d&#8217;emploi : Boire 1 verre \u00e0 liqueur 3 fois par jour avant les repas. Ingr\u00e9dients : Vin biologique* IGP Perigord 98,28% (contient des sulfites), graines [&hellip;]\" \/>\n<meta property=\"og:url\" content=\"https:\/\/www.lesjardinsdesaintehildegarde.com\/en\/flavoured-wines\/vin-aromatise-psyllium-bio-500ml\/\" \/>\n<meta property=\"og:site_name\" content=\"Les Jardins de Sainte-Hildegarde\" \/>\n<meta property=\"article:modified_time\" content=\"2026-04-30T21:02:19+00:00\" \/>\n<meta property=\"og:image\" content=\"https:\/\/www.lesjardinsdesaintehildegarde.com\/wp-content\/uploads\/2023\/01\/elf15-psyllium-elixir-bio-500ml.jpg\" \/>\n\t<meta property=\"og:image:width\" content=\"1200\" \/>\n\t<meta property=\"og:image:height\" content=\"1200\" \/>\n\t<meta property=\"og:image:type\" content=\"image\/jpeg\" \/>\n<meta name=\"twitter:card\" content=\"summary_large_image\" \/>\n<meta name=\"twitter:label1\" content=\"Est. reading time\" \/>\n\t<meta name=\"twitter:data1\" content=\"1 minute\" \/>\n<script type=\"application\/ld+json\" class=\"yoast-schema-graph\">{\"@context\":\"https:\\\/\\\/schema.org\",\"@graph\":[{\"@type\":\"WebPage\",\"@id\":\"https:\\\/\\\/www.lesjardinsdesaintehildegarde.com\\\/en\\\/flavoured-wines\\\/vin-aromatise-psyllium-bio-500ml\\\/\",\"url\":\"https:\\\/\\\/www.lesjardinsdesaintehildegarde.com\\\/en\\\/flavoured-wines\\\/vin-aromatise-psyllium-bio-500ml\\\/\",\"name\":\"VIN AROMATISE PSYLLIUM BIO 500ML* - Les Jardins de Sainte-Hildegarde\",\"isPartOf\":{\"@id\":\"https:\\\/\\\/www.lesjardinsdesaintehildegarde.com\\\/en\\\/#website\"},\"primaryImageOfPage\":{\"@id\":\"https:\\\/\\\/www.lesjardinsdesaintehildegarde.com\\\/en\\\/flavoured-wines\\\/vin-aromatise-psyllium-bio-500ml\\\/#primaryimage\"},\"image\":{\"@id\":\"https:\\\/\\\/www.lesjardinsdesaintehildegarde.com\\\/en\\\/flavoured-wines\\\/vin-aromatise-psyllium-bio-500ml\\\/#primaryimage\"},\"thumbnailUrl\":\"https:\\\/\\\/www.lesjardinsdesaintehildegarde.com\\\/wp-content\\\/uploads\\\/2023\\\/01\\\/elf15-psyllium-elixir-bio-500ml.jpg\",\"datePublished\":\"2022-11-04T08:07:03+00:00\",\"dateModified\":\"2026-04-30T21:02:19+00:00\",\"breadcrumb\":{\"@id\":\"https:\\\/\\\/www.lesjardinsdesaintehildegarde.com\\\/en\\\/flavoured-wines\\\/vin-aromatise-psyllium-bio-500ml\\\/#breadcrumb\"},\"inLanguage\":\"en-US\",\"potentialAction\":[{\"@type\":\"ReadAction\",\"target\":[\"https:\\\/\\\/www.lesjardinsdesaintehildegarde.com\\\/en\\\/flavoured-wines\\\/vin-aromatise-psyllium-bio-500ml\\\/\"]}]},{\"@type\":\"ImageObject\",\"inLanguage\":\"en-US\",\"@id\":\"https:\\\/\\\/www.lesjardinsdesaintehildegarde.com\\\/en\\\/flavoured-wines\\\/vin-aromatise-psyllium-bio-500ml\\\/#primaryimage\",\"url\":\"https:\\\/\\\/www.lesjardinsdesaintehildegarde.com\\\/wp-content\\\/uploads\\\/2023\\\/01\\\/elf15-psyllium-elixir-bio-500ml.jpg\",\"contentUrl\":\"https:\\\/\\\/www.lesjardinsdesaintehildegarde.com\\\/wp-content\\\/uploads\\\/2023\\\/01\\\/elf15-psyllium-elixir-bio-500ml.jpg\",\"width\":1200,\"height\":1200,\"caption\":\"\u00c9lixir de psylium bio 1 flacon de 500 ml, recommand\u00e9 par sainte Hildegarde de Bingen\"},{\"@type\":\"BreadcrumbList\",\"@id\":\"https:\\\/\\\/www.lesjardinsdesaintehildegarde.com\\\/en\\\/flavoured-wines\\\/vin-aromatise-psyllium-bio-500ml\\\/#breadcrumb\",\"itemListElement\":[{\"@type\":\"ListItem\",\"position\":1,\"name\":\"Home\",\"item\":\"https:\\\/\\\/www.lesjardinsdesaintehildegarde.com\\\/en\\\/\"},{\"@type\":\"ListItem\",\"position\":2,\"name\":\"Products\",\"item\":\"https:\\\/\\\/www.lesjardinsdesaintehildegarde.com\\\/en\\\/shop\\\/\"},{\"@type\":\"ListItem\",\"position\":3,\"name\":\"VIN AROMATISE PSYLLIUM BIO 500ML*\"}]},{\"@type\":\"WebSite\",\"@id\":\"https:\\\/\\\/www.lesjardinsdesaintehildegarde.com\\\/en\\\/#website\",\"url\":\"https:\\\/\\\/www.lesjardinsdesaintehildegarde.com\\\/en\\\/\",\"name\":\"Les Jardins de Sainte-Hildegarde\",\"description\":\"Viriditas\",\"publisher\":{\"@id\":\"https:\\\/\\\/www.lesjardinsdesaintehildegarde.com\\\/en\\\/#organization\"},\"potentialAction\":[{\"@type\":\"SearchAction\",\"target\":{\"@type\":\"EntryPoint\",\"urlTemplate\":\"https:\\\/\\\/www.lesjardinsdesaintehildegarde.com\\\/en\\\/?s={search_term_string}\"},\"query-input\":{\"@type\":\"PropertyValueSpecification\",\"valueRequired\":true,\"valueName\":\"search_term_string\"}}],\"inLanguage\":\"en-US\"},{\"@type\":\"Organization\",\"@id\":\"https:\\\/\\\/www.lesjardinsdesaintehildegarde.com\\\/en\\\/#organization\",\"name\":\"Les Jardins de Sainte-Hildegarde\",\"url\":\"https:\\\/\\\/www.lesjardinsdesaintehildegarde.com\\\/en\\\/\",\"logo\":{\"@type\":\"ImageObject\",\"inLanguage\":\"en-US\",\"@id\":\"https:\\\/\\\/www.lesjardinsdesaintehildegarde.com\\\/en\\\/#\\\/schema\\\/logo\\\/image\\\/\",\"url\":\"https:\\\/\\\/www.lesjardinsdesaintehildegarde.com\\\/wp-content\\\/uploads\\\/2022\\\/11\\\/logo-2022.png\",\"contentUrl\":\"https:\\\/\\\/www.lesjardinsdesaintehildegarde.com\\\/wp-content\\\/uploads\\\/2022\\\/11\\\/logo-2022.png\",\"width\":365,\"height\":90,\"caption\":\"Les Jardins de Sainte-Hildegarde\"},\"image\":{\"@id\":\"https:\\\/\\\/www.lesjardinsdesaintehildegarde.com\\\/en\\\/#\\\/schema\\\/logo\\\/image\\\/\"}}]}<\/script>\n<!-- \/ Yoast SEO plugin. -->","yoast_head_json":{"title":"VIN AROMATISE PSYLLIUM BIO 500ML* - Les Jardins de Sainte-Hildegarde","robots":{"index":"index","follow":"follow","max-snippet":"max-snippet:-1","max-image-preview":"max-image-preview:large","max-video-preview":"max-video-preview:-1"},"canonical":"https:\/\/www.lesjardinsdesaintehildegarde.com\/en\/flavoured-wines\/vin-aromatise-psyllium-bio-500ml\/","og_locale":"en_US","og_type":"article","og_title":"VIN AROMATISE PSYLLIUM BIO 500ML* - Les Jardins de Sainte-Hildegarde","og_description":"A partir de 3 unit\u00e9s, le prix unitaire est de 10.05\u20ac \u00c9LIXIR PSYLLIUM BIO 500ML* (21.40\u20ac \/ L) \u00c9lixir aromatis\u00e9 \u00e0 base de vin * Issu de l&#8217;agriculture biologique Mode d&#8217;emploi : Boire 1 verre \u00e0 liqueur 3 fois par jour avant les repas. Ingr\u00e9dients : Vin biologique* IGP Perigord 98,28% (contient des sulfites), graines [&hellip;]","og_url":"https:\/\/www.lesjardinsdesaintehildegarde.com\/en\/flavoured-wines\/vin-aromatise-psyllium-bio-500ml\/","og_site_name":"Les Jardins de Sainte-Hildegarde","article_modified_time":"2026-04-30T21:02:19+00:00","og_image":[{"width":1200,"height":1200,"url":"https:\/\/www.lesjardinsdesaintehildegarde.com\/wp-content\/uploads\/2023\/01\/elf15-psyllium-elixir-bio-500ml.jpg","type":"image\/jpeg"}],"twitter_card":"summary_large_image","twitter_misc":{"Est. reading time":"1 minute"},"schema":{"@context":"https:\/\/schema.org","@graph":[{"@type":"WebPage","@id":"https:\/\/www.lesjardinsdesaintehildegarde.com\/en\/flavoured-wines\/vin-aromatise-psyllium-bio-500ml\/","url":"https:\/\/www.lesjardinsdesaintehildegarde.com\/en\/flavoured-wines\/vin-aromatise-psyllium-bio-500ml\/","name":"VIN AROMATISE PSYLLIUM BIO 500ML* - Les Jardins de Sainte-Hildegarde","isPartOf":{"@id":"https:\/\/www.lesjardinsdesaintehildegarde.com\/en\/#website"},"primaryImageOfPage":{"@id":"https:\/\/www.lesjardinsdesaintehildegarde.com\/en\/flavoured-wines\/vin-aromatise-psyllium-bio-500ml\/#primaryimage"},"image":{"@id":"https:\/\/www.lesjardinsdesaintehildegarde.com\/en\/flavoured-wines\/vin-aromatise-psyllium-bio-500ml\/#primaryimage"},"thumbnailUrl":"https:\/\/www.lesjardinsdesaintehildegarde.com\/wp-content\/uploads\/2023\/01\/elf15-psyllium-elixir-bio-500ml.jpg","datePublished":"2022-11-04T08:07:03+00:00","dateModified":"2026-04-30T21:02:19+00:00","breadcrumb":{"@id":"https:\/\/www.lesjardinsdesaintehildegarde.com\/en\/flavoured-wines\/vin-aromatise-psyllium-bio-500ml\/#breadcrumb"},"inLanguage":"en-US","potentialAction":[{"@type":"ReadAction","target":["https:\/\/www.lesjardinsdesaintehildegarde.com\/en\/flavoured-wines\/vin-aromatise-psyllium-bio-500ml\/"]}]},{"@type":"ImageObject","inLanguage":"en-US","@id":"https:\/\/www.lesjardinsdesaintehildegarde.com\/en\/flavoured-wines\/vin-aromatise-psyllium-bio-500ml\/#primaryimage","url":"https:\/\/www.lesjardinsdesaintehildegarde.com\/wp-content\/uploads\/2023\/01\/elf15-psyllium-elixir-bio-500ml.jpg","contentUrl":"https:\/\/www.lesjardinsdesaintehildegarde.com\/wp-content\/uploads\/2023\/01\/elf15-psyllium-elixir-bio-500ml.jpg","width":1200,"height":1200,"caption":"\u00c9lixir de psylium bio 1 flacon de 500 ml, recommand\u00e9 par sainte Hildegarde de Bingen"},{"@type":"BreadcrumbList","@id":"https:\/\/www.lesjardinsdesaintehildegarde.com\/en\/flavoured-wines\/vin-aromatise-psyllium-bio-500ml\/#breadcrumb","itemListElement":[{"@type":"ListItem","position":1,"name":"Home","item":"https:\/\/www.lesjardinsdesaintehildegarde.com\/en\/"},{"@type":"ListItem","position":2,"name":"Products","item":"https:\/\/www.lesjardinsdesaintehildegarde.com\/en\/shop\/"},{"@type":"ListItem","position":3,"name":"VIN AROMATISE PSYLLIUM BIO 500ML*"}]},{"@type":"WebSite","@id":"https:\/\/www.lesjardinsdesaintehildegarde.com\/en\/#website","url":"https:\/\/www.lesjardinsdesaintehildegarde.com\/en\/","name":"Les Jardins de Sainte-Hildegarde","description":"Viriditas","publisher":{"@id":"https:\/\/www.lesjardinsdesaintehildegarde.com\/en\/#organization"},"potentialAction":[{"@type":"SearchAction","target":{"@type":"EntryPoint","urlTemplate":"https:\/\/www.lesjardinsdesaintehildegarde.com\/en\/?s={search_term_string}"},"query-input":{"@type":"PropertyValueSpecification","valueRequired":true,"valueName":"search_term_string"}}],"inLanguage":"en-US"},{"@type":"Organization","@id":"https:\/\/www.lesjardinsdesaintehildegarde.com\/en\/#organization","name":"Les Jardins de Sainte-Hildegarde","url":"https:\/\/www.lesjardinsdesaintehildegarde.com\/en\/","logo":{"@type":"ImageObject","inLanguage":"en-US","@id":"https:\/\/www.lesjardinsdesaintehildegarde.com\/en\/#\/schema\/logo\/image\/","url":"https:\/\/www.lesjardinsdesaintehildegarde.com\/wp-content\/uploads\/2022\/11\/logo-2022.png","contentUrl":"https:\/\/www.lesjardinsdesaintehildegarde.com\/wp-content\/uploads\/2022\/11\/logo-2022.png","width":365,"height":90,"caption":"Les Jardins de Sainte-Hildegarde"},"image":{"@id":"https:\/\/www.lesjardinsdesaintehildegarde.com\/en\/#\/schema\/logo\/image\/"}}]}},"_links":{"self":[{"href":"https:\/\/www.lesjardinsdesaintehildegarde.com\/en\/wp-json\/wp\/v2\/product\/874","targetHints":{"allow":["GET"]}}],"collection":[{"href":"https:\/\/www.lesjardinsdesaintehildegarde.com\/en\/wp-json\/wp\/v2\/product"}],"about":[{"href":"https:\/\/www.lesjardinsdesaintehildegarde.com\/en\/wp-json\/wp\/v2\/types\/product"}],"replies":[{"embeddable":true,"href":"https:\/\/www.lesjardinsdesaintehildegarde.com\/en\/wp-json\/wp\/v2\/comments?post=874"}],"wp:featuredmedia":[{"embeddable":true,"href":"https:\/\/www.lesjardinsdesaintehildegarde.com\/en\/wp-json\/wp\/v2\/media\/50616"}],"wp:attachment":[{"href":"https:\/\/www.lesjardinsdesaintehildegarde.com\/en\/wp-json\/wp\/v2\/media?parent=874"}],"wp:term":[{"taxonomy":"product_brand","embeddable":true,"href":"https:\/\/www.lesjardinsdesaintehildegarde.com\/en\/wp-json\/wp\/v2\/product_brand?post=874"},{"taxonomy":"product_cat","embeddable":true,"href":"https:\/\/www.lesjardinsdesaintehildegarde.com\/en\/wp-json\/wp\/v2\/product_cat?post=874"},{"taxonomy":"product_tag","embeddable":true,"href":"https:\/\/www.lesjardinsdesaintehildegarde.com\/en\/wp-json\/wp\/v2\/product_tag?post=874"}],"curies":[{"name":"wp","href":"https:\/\/api.w.org\/{rel}","templated":true}]}}