{"id":896,"date":"2022-11-04T09:07:06","date_gmt":"2022-11-04T08:07:06","guid":{"rendered":"https:\/\/www.lesjardinsdesaintehildegarde.com\/non%20class\u00e9\/biscuits-serpolet-amande-ge-nc-bio-200g\/"},"modified":"2026-04-27T23:02:04","modified_gmt":"2026-04-27T21:02:04","slug":"biscuits-serpolet-amande-ge-nc-bio-200g","status":"publish","type":"product","link":"https:\/\/www.lesjardinsdesaintehildegarde.com\/en\/spelt-food\/spelt\/large-spelt\/biscuits-serpolet-amande-ge-nc-bio-200g\/","title":{"rendered":"BISCUITS SERPOLET\/AMANDE GE NC BIO 200G*"},"content":{"rendered":"<p>BISCUITS SERPOLET \/ AMANDES BIO 200G* (29\u20ac \/ kg)<\/p>\n<p>d&#8217;\u00e9peautre non crois\u00e9 avec du bl\u00e9 (non hybrid\u00e9)<\/p>\n<p>* Issu de l&#8217;agriculture biologique<\/p>\n<p>Fabriqu\u00e9s dans nos ateliers en Dordogne<\/p>\n<p>Ces biscuits sont fabriqu\u00e9s avec de la farine de grand \u00e9peautre non hybrid\u00e9 (non crois\u00e9) biologique dans nos ateliers en Dordogne.<\/p>\n<p>Cet anc\u00eatre du bl\u00e9 moderne est une tr\u00e8s ancienne c\u00e9r\u00e9ale (+ de 10 000 ans). R\u00e9ellement pur, l&#8217;\u00e9peautre biologique non hybrid\u00e9 est la c\u00e9r\u00e9ale par excellence, conseill\u00e9e comme base essentielle d&#8217;une bonne alimentation par Sainte Hildegarde de Bingen (12\u00e8me si\u00e8cle).<\/p>\n<p>Ingr\u00e9dients : Farine de grand \u00c9PEAUTRE Oberk\u00fclmer *(GLUTEN d&#8217;\u00e9peautre) 43%, sucre de canne*, BEURRE*, huilde de coco*, AMANDE* 6.4%, \u0152UFS entiers*, poudre de serpolet* 2.3%, huile de tournesol*, sel marin<\/p>\n<p>*Produit issus de l&#8217;agriculture biologique. <\/p>\n<p>Valeurs nutritionnelles pour 100g :<\/p>\n<p>Valeurs \u00e9nerg\u00e9tiques : 1677 kJ \/ 400 kcal<\/p>\n<p>Glucides : 52g dont 15g de sucre<\/p>\n<p>Lipides : 18g dont 10g d&#8217;acides gras satur\u00e9s<\/p>\n<p>Prot\u00e9ines : 7.3g<\/p>\n<p>Fibres : 2.7g<\/p>\n<p>Sel : 0.2g<\/p>\n<p>Garder \u00e0 l&#8217;abri du soleil dans un endroit propre, sec et temp\u00e9r\u00e9.<\/p>\n<p>Photo(s) non contractuelles:<\/p>\n<p>L&#8217;origine naturelle de ce produit ne nous permet pas de vous garantir un aspect strictement identique d &#8216;un lot \u00e0 l&#8217;autre.<\/p>\n<p>En effet, de sensibles variations de couleurs, d&#8217;aspect, de texture, de go\u00fbt, de coupe, peuvent intervenir selon la zone g\u00e9ographique de culture, selon le climat, et selon les diff\u00e9rentes \u00e9tapes qui succ\u00e8dent \u00e0 la r\u00e9colte.<\/p>\n","protected":false},"excerpt":{"rendered":"<p>BISCUITS SERPOLET \/ AMANDES BIO 200G* (29\u20ac \/ kg) d&#8217;\u00e9peautre non crois\u00e9 avec du bl\u00e9 (non hybrid\u00e9) * Issu de l&#8217;agriculture biologique Fabriqu\u00e9s dans nos ateliers en Dordogne Ces biscuits sont fabriqu\u00e9s avec de la farine de grand \u00e9peautre non hybrid\u00e9 (non crois\u00e9) biologique dans nos ateliers en Dordogne. Cet anc\u00eatre du bl\u00e9 moderne est [&hellip;]<\/p>\n","protected":false},"featured_media":73969,"comment_status":"open","ping_status":"closed","template":"","meta":{"_acf_changed":false,"_relevanssi_hide_post":"","_relevanssi_hide_content":"","_relevanssi_pin_for_all":"","_relevanssi_pin_keywords":"","_relevanssi_unpin_keywords":"","_relevanssi_related_keywords":"","_relevanssi_related_include_ids":"","_relevanssi_related_exclude_ids":"","_relevanssi_related_no_append":"","_relevanssi_related_not_related":"","_relevanssi_related_posts":"","_relevanssi_noindex_reason":""},"product_brand":[],"product_cat":[52,30,59],"product_tag":[49],"class_list":{"0":"post-896","1":"product","2":"type-product","3":"status-publish","4":"has-post-thumbnail","6":"product_cat-epeautre","7":"product_cat-epeautres-alimentation","8":"product_cat-grand-epeautre","9":"product_tag-produit-bio","11":"first","12":"instock","13":"taxable","14":"shipping-taxable","15":"purchasable","16":"product-type-simple"},"acf":[],"yoast_head":"<!-- This site is optimized with the Yoast SEO plugin v27.4 - https:\/\/yoast.com\/product\/yoast-seo-wordpress\/ -->\n<title>BISCUITS SERPOLET\/AMANDE GE NC BIO 200G* - Les Jardins de Sainte-Hildegarde<\/title>\n<meta name=\"robots\" content=\"index, follow, max-snippet:-1, max-image-preview:large, max-video-preview:-1\" \/>\n<link rel=\"canonical\" href=\"https:\/\/www.lesjardinsdesaintehildegarde.com\/en\/spelt-food\/spelt\/large-spelt\/biscuits-serpolet-amande-ge-nc-bio-200g\/\" \/>\n<meta property=\"og:locale\" content=\"en_US\" \/>\n<meta property=\"og:type\" content=\"article\" \/>\n<meta property=\"og:title\" content=\"BISCUITS SERPOLET\/AMANDE GE NC BIO 200G* - Les Jardins de Sainte-Hildegarde\" \/>\n<meta property=\"og:description\" content=\"BISCUITS SERPOLET \/ AMANDES BIO 200G* (29\u20ac \/ kg) d&#8217;\u00e9peautre non crois\u00e9 avec du bl\u00e9 (non hybrid\u00e9) * Issu de l&#8217;agriculture biologique Fabriqu\u00e9s dans nos ateliers en Dordogne Ces biscuits sont fabriqu\u00e9s avec de la farine de grand \u00e9peautre non hybrid\u00e9 (non crois\u00e9) biologique dans nos ateliers en Dordogne. Cet anc\u00eatre du bl\u00e9 moderne est [&hellip;]\" \/>\n<meta property=\"og:url\" content=\"https:\/\/www.lesjardinsdesaintehildegarde.com\/en\/spelt-food\/spelt\/large-spelt\/biscuits-serpolet-amande-ge-nc-bio-200g\/\" \/>\n<meta property=\"og:site_name\" content=\"Les Jardins de Sainte-Hildegarde\" \/>\n<meta property=\"article:modified_time\" content=\"2026-04-27T21:02:04+00:00\" \/>\n<meta property=\"og:image\" content=\"https:\/\/www.lesjardinsdesaintehildegarde.com\/wp-content\/uploads\/2022\/11\/00038-biscuit-serpolet-amande-grand-epeautre-bio-200g-1.jpg\" \/>\n\t<meta property=\"og:image:width\" content=\"1200\" \/>\n\t<meta property=\"og:image:height\" content=\"1200\" \/>\n\t<meta property=\"og:image:type\" content=\"image\/jpeg\" \/>\n<meta name=\"twitter:card\" content=\"summary_large_image\" \/>\n<meta name=\"twitter:label1\" content=\"Est. reading time\" \/>\n\t<meta name=\"twitter:data1\" content=\"2 minutes\" \/>\n<script type=\"application\/ld+json\" class=\"yoast-schema-graph\">{\"@context\":\"https:\\\/\\\/schema.org\",\"@graph\":[{\"@type\":\"WebPage\",\"@id\":\"https:\\\/\\\/www.lesjardinsdesaintehildegarde.com\\\/en\\\/spelt-food\\\/spelt\\\/large-spelt\\\/biscuits-serpolet-amande-ge-nc-bio-200g\\\/\",\"url\":\"https:\\\/\\\/www.lesjardinsdesaintehildegarde.com\\\/en\\\/spelt-food\\\/spelt\\\/large-spelt\\\/biscuits-serpolet-amande-ge-nc-bio-200g\\\/\",\"name\":\"BISCUITS SERPOLET\\\/AMANDE GE NC BIO 200G* - Les Jardins de Sainte-Hildegarde\",\"isPartOf\":{\"@id\":\"https:\\\/\\\/www.lesjardinsdesaintehildegarde.com\\\/en\\\/#website\"},\"primaryImageOfPage\":{\"@id\":\"https:\\\/\\\/www.lesjardinsdesaintehildegarde.com\\\/en\\\/spelt-food\\\/spelt\\\/large-spelt\\\/biscuits-serpolet-amande-ge-nc-bio-200g\\\/#primaryimage\"},\"image\":{\"@id\":\"https:\\\/\\\/www.lesjardinsdesaintehildegarde.com\\\/en\\\/spelt-food\\\/spelt\\\/large-spelt\\\/biscuits-serpolet-amande-ge-nc-bio-200g\\\/#primaryimage\"},\"thumbnailUrl\":\"https:\\\/\\\/www.lesjardinsdesaintehildegarde.com\\\/wp-content\\\/uploads\\\/2022\\\/11\\\/00038-biscuit-serpolet-amande-grand-epeautre-bio-200g-1.jpg\",\"datePublished\":\"2022-11-04T08:07:06+00:00\",\"dateModified\":\"2026-04-27T21:02:04+00:00\",\"breadcrumb\":{\"@id\":\"https:\\\/\\\/www.lesjardinsdesaintehildegarde.com\\\/en\\\/spelt-food\\\/spelt\\\/large-spelt\\\/biscuits-serpolet-amande-ge-nc-bio-200g\\\/#breadcrumb\"},\"inLanguage\":\"en-US\",\"potentialAction\":[{\"@type\":\"ReadAction\",\"target\":[\"https:\\\/\\\/www.lesjardinsdesaintehildegarde.com\\\/en\\\/spelt-food\\\/spelt\\\/large-spelt\\\/biscuits-serpolet-amande-ge-nc-bio-200g\\\/\"]}]},{\"@type\":\"ImageObject\",\"inLanguage\":\"en-US\",\"@id\":\"https:\\\/\\\/www.lesjardinsdesaintehildegarde.com\\\/en\\\/spelt-food\\\/spelt\\\/large-spelt\\\/biscuits-serpolet-amande-ge-nc-bio-200g\\\/#primaryimage\",\"url\":\"https:\\\/\\\/www.lesjardinsdesaintehildegarde.com\\\/wp-content\\\/uploads\\\/2022\\\/11\\\/00038-biscuit-serpolet-amande-grand-epeautre-bio-200g-1.jpg\",\"contentUrl\":\"https:\\\/\\\/www.lesjardinsdesaintehildegarde.com\\\/wp-content\\\/uploads\\\/2022\\\/11\\\/00038-biscuit-serpolet-amande-grand-epeautre-bio-200g-1.jpg\",\"width\":1200,\"height\":1200,\"caption\":\"Biscuits au serpolet et aux amandes. Sachet de 200g. Non crois\u00e9 avec du bl\u00e9 (non hybrid\u00e9). Idem Label Hertzka. Triticum Monococcum.\"},{\"@type\":\"BreadcrumbList\",\"@id\":\"https:\\\/\\\/www.lesjardinsdesaintehildegarde.com\\\/en\\\/spelt-food\\\/spelt\\\/large-spelt\\\/biscuits-serpolet-amande-ge-nc-bio-200g\\\/#breadcrumb\",\"itemListElement\":[{\"@type\":\"ListItem\",\"position\":1,\"name\":\"Home\",\"item\":\"https:\\\/\\\/www.lesjardinsdesaintehildegarde.com\\\/en\\\/\"},{\"@type\":\"ListItem\",\"position\":2,\"name\":\"Products\",\"item\":\"https:\\\/\\\/www.lesjardinsdesaintehildegarde.com\\\/en\\\/shop\\\/\"},{\"@type\":\"ListItem\",\"position\":3,\"name\":\"BISCUITS SERPOLET\\\/AMANDE GE NC BIO 200G*\"}]},{\"@type\":\"WebSite\",\"@id\":\"https:\\\/\\\/www.lesjardinsdesaintehildegarde.com\\\/en\\\/#website\",\"url\":\"https:\\\/\\\/www.lesjardinsdesaintehildegarde.com\\\/en\\\/\",\"name\":\"Les Jardins de Sainte-Hildegarde\",\"description\":\"Viriditas\",\"publisher\":{\"@id\":\"https:\\\/\\\/www.lesjardinsdesaintehildegarde.com\\\/en\\\/#organization\"},\"potentialAction\":[{\"@type\":\"SearchAction\",\"target\":{\"@type\":\"EntryPoint\",\"urlTemplate\":\"https:\\\/\\\/www.lesjardinsdesaintehildegarde.com\\\/en\\\/?s={search_term_string}\"},\"query-input\":{\"@type\":\"PropertyValueSpecification\",\"valueRequired\":true,\"valueName\":\"search_term_string\"}}],\"inLanguage\":\"en-US\"},{\"@type\":\"Organization\",\"@id\":\"https:\\\/\\\/www.lesjardinsdesaintehildegarde.com\\\/en\\\/#organization\",\"name\":\"Les Jardins de Sainte-Hildegarde\",\"url\":\"https:\\\/\\\/www.lesjardinsdesaintehildegarde.com\\\/en\\\/\",\"logo\":{\"@type\":\"ImageObject\",\"inLanguage\":\"en-US\",\"@id\":\"https:\\\/\\\/www.lesjardinsdesaintehildegarde.com\\\/en\\\/#\\\/schema\\\/logo\\\/image\\\/\",\"url\":\"https:\\\/\\\/www.lesjardinsdesaintehildegarde.com\\\/wp-content\\\/uploads\\\/2022\\\/11\\\/logo-2022.png\",\"contentUrl\":\"https:\\\/\\\/www.lesjardinsdesaintehildegarde.com\\\/wp-content\\\/uploads\\\/2022\\\/11\\\/logo-2022.png\",\"width\":365,\"height\":90,\"caption\":\"Les Jardins de Sainte-Hildegarde\"},\"image\":{\"@id\":\"https:\\\/\\\/www.lesjardinsdesaintehildegarde.com\\\/en\\\/#\\\/schema\\\/logo\\\/image\\\/\"}}]}<\/script>\n<!-- \/ Yoast SEO plugin. -->","yoast_head_json":{"title":"BISCUITS SERPOLET\/AMANDE GE NC BIO 200G* - Les Jardins de Sainte-Hildegarde","robots":{"index":"index","follow":"follow","max-snippet":"max-snippet:-1","max-image-preview":"max-image-preview:large","max-video-preview":"max-video-preview:-1"},"canonical":"https:\/\/www.lesjardinsdesaintehildegarde.com\/en\/spelt-food\/spelt\/large-spelt\/biscuits-serpolet-amande-ge-nc-bio-200g\/","og_locale":"en_US","og_type":"article","og_title":"BISCUITS SERPOLET\/AMANDE GE NC BIO 200G* - Les Jardins de Sainte-Hildegarde","og_description":"BISCUITS SERPOLET \/ AMANDES BIO 200G* (29\u20ac \/ kg) d&#8217;\u00e9peautre non crois\u00e9 avec du bl\u00e9 (non hybrid\u00e9) * Issu de l&#8217;agriculture biologique Fabriqu\u00e9s dans nos ateliers en Dordogne Ces biscuits sont fabriqu\u00e9s avec de la farine de grand \u00e9peautre non hybrid\u00e9 (non crois\u00e9) biologique dans nos ateliers en Dordogne. Cet anc\u00eatre du bl\u00e9 moderne est [&hellip;]","og_url":"https:\/\/www.lesjardinsdesaintehildegarde.com\/en\/spelt-food\/spelt\/large-spelt\/biscuits-serpolet-amande-ge-nc-bio-200g\/","og_site_name":"Les Jardins de Sainte-Hildegarde","article_modified_time":"2026-04-27T21:02:04+00:00","og_image":[{"width":1200,"height":1200,"url":"https:\/\/www.lesjardinsdesaintehildegarde.com\/wp-content\/uploads\/2022\/11\/00038-biscuit-serpolet-amande-grand-epeautre-bio-200g-1.jpg","type":"image\/jpeg"}],"twitter_card":"summary_large_image","twitter_misc":{"Est. reading time":"2 minutes"},"schema":{"@context":"https:\/\/schema.org","@graph":[{"@type":"WebPage","@id":"https:\/\/www.lesjardinsdesaintehildegarde.com\/en\/spelt-food\/spelt\/large-spelt\/biscuits-serpolet-amande-ge-nc-bio-200g\/","url":"https:\/\/www.lesjardinsdesaintehildegarde.com\/en\/spelt-food\/spelt\/large-spelt\/biscuits-serpolet-amande-ge-nc-bio-200g\/","name":"BISCUITS SERPOLET\/AMANDE GE NC BIO 200G* - Les Jardins de Sainte-Hildegarde","isPartOf":{"@id":"https:\/\/www.lesjardinsdesaintehildegarde.com\/en\/#website"},"primaryImageOfPage":{"@id":"https:\/\/www.lesjardinsdesaintehildegarde.com\/en\/spelt-food\/spelt\/large-spelt\/biscuits-serpolet-amande-ge-nc-bio-200g\/#primaryimage"},"image":{"@id":"https:\/\/www.lesjardinsdesaintehildegarde.com\/en\/spelt-food\/spelt\/large-spelt\/biscuits-serpolet-amande-ge-nc-bio-200g\/#primaryimage"},"thumbnailUrl":"https:\/\/www.lesjardinsdesaintehildegarde.com\/wp-content\/uploads\/2022\/11\/00038-biscuit-serpolet-amande-grand-epeautre-bio-200g-1.jpg","datePublished":"2022-11-04T08:07:06+00:00","dateModified":"2026-04-27T21:02:04+00:00","breadcrumb":{"@id":"https:\/\/www.lesjardinsdesaintehildegarde.com\/en\/spelt-food\/spelt\/large-spelt\/biscuits-serpolet-amande-ge-nc-bio-200g\/#breadcrumb"},"inLanguage":"en-US","potentialAction":[{"@type":"ReadAction","target":["https:\/\/www.lesjardinsdesaintehildegarde.com\/en\/spelt-food\/spelt\/large-spelt\/biscuits-serpolet-amande-ge-nc-bio-200g\/"]}]},{"@type":"ImageObject","inLanguage":"en-US","@id":"https:\/\/www.lesjardinsdesaintehildegarde.com\/en\/spelt-food\/spelt\/large-spelt\/biscuits-serpolet-amande-ge-nc-bio-200g\/#primaryimage","url":"https:\/\/www.lesjardinsdesaintehildegarde.com\/wp-content\/uploads\/2022\/11\/00038-biscuit-serpolet-amande-grand-epeautre-bio-200g-1.jpg","contentUrl":"https:\/\/www.lesjardinsdesaintehildegarde.com\/wp-content\/uploads\/2022\/11\/00038-biscuit-serpolet-amande-grand-epeautre-bio-200g-1.jpg","width":1200,"height":1200,"caption":"Biscuits au serpolet et aux amandes. Sachet de 200g. Non crois\u00e9 avec du bl\u00e9 (non hybrid\u00e9). Idem Label Hertzka. Triticum Monococcum."},{"@type":"BreadcrumbList","@id":"https:\/\/www.lesjardinsdesaintehildegarde.com\/en\/spelt-food\/spelt\/large-spelt\/biscuits-serpolet-amande-ge-nc-bio-200g\/#breadcrumb","itemListElement":[{"@type":"ListItem","position":1,"name":"Home","item":"https:\/\/www.lesjardinsdesaintehildegarde.com\/en\/"},{"@type":"ListItem","position":2,"name":"Products","item":"https:\/\/www.lesjardinsdesaintehildegarde.com\/en\/shop\/"},{"@type":"ListItem","position":3,"name":"BISCUITS SERPOLET\/AMANDE GE NC BIO 200G*"}]},{"@type":"WebSite","@id":"https:\/\/www.lesjardinsdesaintehildegarde.com\/en\/#website","url":"https:\/\/www.lesjardinsdesaintehildegarde.com\/en\/","name":"Les Jardins de Sainte-Hildegarde","description":"Viriditas","publisher":{"@id":"https:\/\/www.lesjardinsdesaintehildegarde.com\/en\/#organization"},"potentialAction":[{"@type":"SearchAction","target":{"@type":"EntryPoint","urlTemplate":"https:\/\/www.lesjardinsdesaintehildegarde.com\/en\/?s={search_term_string}"},"query-input":{"@type":"PropertyValueSpecification","valueRequired":true,"valueName":"search_term_string"}}],"inLanguage":"en-US"},{"@type":"Organization","@id":"https:\/\/www.lesjardinsdesaintehildegarde.com\/en\/#organization","name":"Les Jardins de Sainte-Hildegarde","url":"https:\/\/www.lesjardinsdesaintehildegarde.com\/en\/","logo":{"@type":"ImageObject","inLanguage":"en-US","@id":"https:\/\/www.lesjardinsdesaintehildegarde.com\/en\/#\/schema\/logo\/image\/","url":"https:\/\/www.lesjardinsdesaintehildegarde.com\/wp-content\/uploads\/2022\/11\/logo-2022.png","contentUrl":"https:\/\/www.lesjardinsdesaintehildegarde.com\/wp-content\/uploads\/2022\/11\/logo-2022.png","width":365,"height":90,"caption":"Les Jardins de Sainte-Hildegarde"},"image":{"@id":"https:\/\/www.lesjardinsdesaintehildegarde.com\/en\/#\/schema\/logo\/image\/"}}]}},"_links":{"self":[{"href":"https:\/\/www.lesjardinsdesaintehildegarde.com\/en\/wp-json\/wp\/v2\/product\/896","targetHints":{"allow":["GET"]}}],"collection":[{"href":"https:\/\/www.lesjardinsdesaintehildegarde.com\/en\/wp-json\/wp\/v2\/product"}],"about":[{"href":"https:\/\/www.lesjardinsdesaintehildegarde.com\/en\/wp-json\/wp\/v2\/types\/product"}],"replies":[{"embeddable":true,"href":"https:\/\/www.lesjardinsdesaintehildegarde.com\/en\/wp-json\/wp\/v2\/comments?post=896"}],"wp:featuredmedia":[{"embeddable":true,"href":"https:\/\/www.lesjardinsdesaintehildegarde.com\/en\/wp-json\/wp\/v2\/media\/73969"}],"wp:attachment":[{"href":"https:\/\/www.lesjardinsdesaintehildegarde.com\/en\/wp-json\/wp\/v2\/media?parent=896"}],"wp:term":[{"taxonomy":"product_brand","embeddable":true,"href":"https:\/\/www.lesjardinsdesaintehildegarde.com\/en\/wp-json\/wp\/v2\/product_brand?post=896"},{"taxonomy":"product_cat","embeddable":true,"href":"https:\/\/www.lesjardinsdesaintehildegarde.com\/en\/wp-json\/wp\/v2\/product_cat?post=896"},{"taxonomy":"product_tag","embeddable":true,"href":"https:\/\/www.lesjardinsdesaintehildegarde.com\/en\/wp-json\/wp\/v2\/product_tag?post=896"}],"curies":[{"name":"wp","href":"https:\/\/api.w.org\/{rel}","templated":true}]}}