{"id":981,"date":"2022-11-04T09:07:20","date_gmt":"2022-11-04T08:07:20","guid":{"rendered":"https:\/\/www.lesjardinsdesaintehildegarde.com\/non%20class\u00e9\/spray-au-geranium-50ml\/"},"modified":"2026-04-16T15:46:03","modified_gmt":"2026-04-16T13:46:03","slug":"spray-au-geranium-50ml","status":"publish","type":"product","link":"https:\/\/www.lesjardinsdesaintehildegarde.com\/en\/cosmetics\/essential-oils\/spray-au-geranium-50ml\/","title":{"rendered":"SPRAY AU GERANIUM 50ml"},"content":{"rendered":"<p>SPRAY au g\u00e9ranium 50ml (32,60\u20ac\/100ml)<\/p>\n<p>Ingr\u00e9dients :<\/p>\n<p>Eau, alcool, mac\u00e9rat de Pyr\u00e8thre d&#8217;afrique, Huiles essentielles de G\u00e9ranium et de Muscade, solubol.<\/p>\n<p>Mode d&#8217;emploi :<\/p>\n<p>Pulv\u00e9riser 3 fois par jour sur votre manche, un mouchoir ou dans une pi\u00e8ce et respirer. <\/p>\n<p>D\u00e9conseill\u00e9 chez les femmes enceintes ou allaitantes et les enfants de moins de 6 ans.<\/p>\n<p>Tenir hors de port\u00e9e des enfants, ne jamais enlever le codigoutte fourni. \u00c9viter le contact avec des zones sensibles telles que les yeux. En cas d&#8217;accident, laver avec une  huile v\u00e9g\u00e9tale et jamais avec de l&#8217;eau. Consulter la notice pour plus d&#8217;informations. Aucune contre-indication connue.<\/p>\n","protected":false},"excerpt":{"rendered":"<p>SPRAY au g\u00e9ranium 50ml (32,60\u20ac\/100ml) Ingr\u00e9dients : Eau, alcool, mac\u00e9rat de Pyr\u00e8thre d&#8217;afrique, Huiles essentielles de G\u00e9ranium et de Muscade, solubol. Mode d&#8217;emploi : Pulv\u00e9riser 3 fois par jour sur votre manche, un mouchoir ou dans une pi\u00e8ce et respirer. D\u00e9conseill\u00e9 chez les femmes enceintes ou allaitantes et les enfants de moins de 6 ans. [&hellip;]<\/p>\n","protected":false},"featured_media":72071,"comment_status":"open","ping_status":"closed","template":"","meta":{"_acf_changed":false,"_relevanssi_hide_post":"","_relevanssi_hide_content":"","_relevanssi_pin_for_all":"","_relevanssi_pin_keywords":"","_relevanssi_unpin_keywords":"","_relevanssi_related_keywords":"","_relevanssi_related_include_ids":"","_relevanssi_related_exclude_ids":"","_relevanssi_related_no_append":"","_relevanssi_related_not_related":"","_relevanssi_related_posts":"","_relevanssi_noindex_reason":""},"product_brand":[],"product_cat":[27,95],"product_tag":[],"class_list":{"0":"post-981","1":"product","2":"type-product","3":"status-publish","4":"has-post-thumbnail","6":"product_cat-cosmetiques","7":"product_cat-huiles-essentielles","9":"first","10":"instock","11":"taxable","12":"shipping-taxable","13":"purchasable","14":"product-type-simple"},"acf":[],"yoast_head":"<!-- This site is optimized with the Yoast SEO plugin v27.2 - https:\/\/yoast.com\/product\/yoast-seo-wordpress\/ -->\n<title>SPRAY AU GERANIUM 50ml - Les Jardins de Sainte-Hildegarde<\/title>\n<meta name=\"robots\" content=\"index, follow, max-snippet:-1, max-image-preview:large, max-video-preview:-1\" \/>\n<link rel=\"canonical\" href=\"https:\/\/www.lesjardinsdesaintehildegarde.com\/en\/cosmetics\/essential-oils\/spray-au-geranium-50ml\/\" \/>\n<meta property=\"og:locale\" content=\"en_US\" \/>\n<meta property=\"og:type\" content=\"article\" \/>\n<meta property=\"og:title\" content=\"SPRAY AU GERANIUM 50ml - Les Jardins de Sainte-Hildegarde\" \/>\n<meta property=\"og:description\" content=\"SPRAY au g\u00e9ranium 50ml (32,60\u20ac\/100ml) Ingr\u00e9dients : Eau, alcool, mac\u00e9rat de Pyr\u00e8thre d&#8217;afrique, Huiles essentielles de G\u00e9ranium et de Muscade, solubol. Mode d&#8217;emploi : Pulv\u00e9riser 3 fois par jour sur votre manche, un mouchoir ou dans une pi\u00e8ce et respirer. D\u00e9conseill\u00e9 chez les femmes enceintes ou allaitantes et les enfants de moins de 6 ans. [&hellip;]\" \/>\n<meta property=\"og:url\" content=\"https:\/\/www.lesjardinsdesaintehildegarde.com\/en\/cosmetics\/essential-oils\/spray-au-geranium-50ml\/\" \/>\n<meta property=\"og:site_name\" content=\"Les Jardins de Sainte-Hildegarde\" \/>\n<meta property=\"article:modified_time\" content=\"2026-04-16T13:46:03+00:00\" \/>\n<meta property=\"og:image\" content=\"https:\/\/www.lesjardinsdesaintehildegarde.com\/wp-content\/uploads\/2022\/11\/22001-spray-au-geranium.jpg\" \/>\n\t<meta property=\"og:image:width\" content=\"1200\" \/>\n\t<meta property=\"og:image:height\" content=\"1200\" \/>\n\t<meta property=\"og:image:type\" content=\"image\/jpeg\" \/>\n<meta name=\"twitter:card\" content=\"summary_large_image\" \/>\n<meta name=\"twitter:label1\" content=\"Est. reading time\" \/>\n\t<meta name=\"twitter:data1\" content=\"1 minute\" \/>\n<script type=\"application\/ld+json\" class=\"yoast-schema-graph\">{\"@context\":\"https:\/\/schema.org\",\"@graph\":[{\"@type\":\"WebPage\",\"@id\":\"https:\/\/www.lesjardinsdesaintehildegarde.com\/en\/cosmetics\/essential-oils\/spray-au-geranium-50ml\/\",\"url\":\"https:\/\/www.lesjardinsdesaintehildegarde.com\/en\/cosmetics\/essential-oils\/spray-au-geranium-50ml\/\",\"name\":\"SPRAY AU GERANIUM 50ml - Les Jardins de Sainte-Hildegarde\",\"isPartOf\":{\"@id\":\"https:\/\/www.lesjardinsdesaintehildegarde.com\/en\/#website\"},\"primaryImageOfPage\":{\"@id\":\"https:\/\/www.lesjardinsdesaintehildegarde.com\/en\/cosmetics\/essential-oils\/spray-au-geranium-50ml\/#primaryimage\"},\"image\":{\"@id\":\"https:\/\/www.lesjardinsdesaintehildegarde.com\/en\/cosmetics\/essential-oils\/spray-au-geranium-50ml\/#primaryimage\"},\"thumbnailUrl\":\"https:\/\/www.lesjardinsdesaintehildegarde.com\/wp-content\/uploads\/2022\/11\/22001-spray-au-geranium.jpg\",\"datePublished\":\"2022-11-04T08:07:20+00:00\",\"dateModified\":\"2026-04-16T13:46:03+00:00\",\"breadcrumb\":{\"@id\":\"https:\/\/www.lesjardinsdesaintehildegarde.com\/en\/cosmetics\/essential-oils\/spray-au-geranium-50ml\/#breadcrumb\"},\"inLanguage\":\"en-US\",\"potentialAction\":[{\"@type\":\"ReadAction\",\"target\":[\"https:\/\/www.lesjardinsdesaintehildegarde.com\/en\/cosmetics\/essential-oils\/spray-au-geranium-50ml\/\"]}]},{\"@type\":\"ImageObject\",\"inLanguage\":\"en-US\",\"@id\":\"https:\/\/www.lesjardinsdesaintehildegarde.com\/en\/cosmetics\/essential-oils\/spray-au-geranium-50ml\/#primaryimage\",\"url\":\"https:\/\/www.lesjardinsdesaintehildegarde.com\/wp-content\/uploads\/2022\/11\/22001-spray-au-geranium.jpg\",\"contentUrl\":\"https:\/\/www.lesjardinsdesaintehildegarde.com\/wp-content\/uploads\/2022\/11\/22001-spray-au-geranium.jpg\",\"width\":1200,\"height\":1200,\"caption\":\"Spray au g\u00e9ranium, idem que la formulation de la poudre au g\u00e9ranium recommand\u00e9e par sainte Hildegarde de Bingen en huiles essentielles - 50ml\"},{\"@type\":\"BreadcrumbList\",\"@id\":\"https:\/\/www.lesjardinsdesaintehildegarde.com\/en\/cosmetics\/essential-oils\/spray-au-geranium-50ml\/#breadcrumb\",\"itemListElement\":[{\"@type\":\"ListItem\",\"position\":1,\"name\":\"Home\",\"item\":\"https:\/\/www.lesjardinsdesaintehildegarde.com\/en\/\"},{\"@type\":\"ListItem\",\"position\":2,\"name\":\"Products\",\"item\":\"https:\/\/www.lesjardinsdesaintehildegarde.com\/en\/shop\/\"},{\"@type\":\"ListItem\",\"position\":3,\"name\":\"SPRAY AU GERANIUM 50ml\"}]},{\"@type\":\"WebSite\",\"@id\":\"https:\/\/www.lesjardinsdesaintehildegarde.com\/en\/#website\",\"url\":\"https:\/\/www.lesjardinsdesaintehildegarde.com\/en\/\",\"name\":\"Les Jardins de Sainte-Hildegarde\",\"description\":\"Viriditas\",\"publisher\":{\"@id\":\"https:\/\/www.lesjardinsdesaintehildegarde.com\/en\/#organization\"},\"potentialAction\":[{\"@type\":\"SearchAction\",\"target\":{\"@type\":\"EntryPoint\",\"urlTemplate\":\"https:\/\/www.lesjardinsdesaintehildegarde.com\/en\/?s={search_term_string}\"},\"query-input\":{\"@type\":\"PropertyValueSpecification\",\"valueRequired\":true,\"valueName\":\"search_term_string\"}}],\"inLanguage\":\"en-US\"},{\"@type\":\"Organization\",\"@id\":\"https:\/\/www.lesjardinsdesaintehildegarde.com\/en\/#organization\",\"name\":\"Les Jardins de Sainte-Hildegarde\",\"url\":\"https:\/\/www.lesjardinsdesaintehildegarde.com\/en\/\",\"logo\":{\"@type\":\"ImageObject\",\"inLanguage\":\"en-US\",\"@id\":\"https:\/\/www.lesjardinsdesaintehildegarde.com\/en\/#\/schema\/logo\/image\/\",\"url\":\"https:\/\/www.lesjardinsdesaintehildegarde.com\/wp-content\/uploads\/2022\/11\/logo-2022.png\",\"contentUrl\":\"https:\/\/www.lesjardinsdesaintehildegarde.com\/wp-content\/uploads\/2022\/11\/logo-2022.png\",\"width\":365,\"height\":90,\"caption\":\"Les Jardins de Sainte-Hildegarde\"},\"image\":{\"@id\":\"https:\/\/www.lesjardinsdesaintehildegarde.com\/en\/#\/schema\/logo\/image\/\"}}]}<\/script>\n<!-- \/ Yoast SEO plugin. -->","yoast_head_json":{"title":"SPRAY AU GERANIUM 50ml - Les Jardins de Sainte-Hildegarde","robots":{"index":"index","follow":"follow","max-snippet":"max-snippet:-1","max-image-preview":"max-image-preview:large","max-video-preview":"max-video-preview:-1"},"canonical":"https:\/\/www.lesjardinsdesaintehildegarde.com\/en\/cosmetics\/essential-oils\/spray-au-geranium-50ml\/","og_locale":"en_US","og_type":"article","og_title":"SPRAY AU GERANIUM 50ml - Les Jardins de Sainte-Hildegarde","og_description":"SPRAY au g\u00e9ranium 50ml (32,60\u20ac\/100ml) Ingr\u00e9dients : Eau, alcool, mac\u00e9rat de Pyr\u00e8thre d&#8217;afrique, Huiles essentielles de G\u00e9ranium et de Muscade, solubol. Mode d&#8217;emploi : Pulv\u00e9riser 3 fois par jour sur votre manche, un mouchoir ou dans une pi\u00e8ce et respirer. D\u00e9conseill\u00e9 chez les femmes enceintes ou allaitantes et les enfants de moins de 6 ans. [&hellip;]","og_url":"https:\/\/www.lesjardinsdesaintehildegarde.com\/en\/cosmetics\/essential-oils\/spray-au-geranium-50ml\/","og_site_name":"Les Jardins de Sainte-Hildegarde","article_modified_time":"2026-04-16T13:46:03+00:00","og_image":[{"width":1200,"height":1200,"url":"https:\/\/www.lesjardinsdesaintehildegarde.com\/wp-content\/uploads\/2022\/11\/22001-spray-au-geranium.jpg","type":"image\/jpeg"}],"twitter_card":"summary_large_image","twitter_misc":{"Est. reading time":"1 minute"},"schema":{"@context":"https:\/\/schema.org","@graph":[{"@type":"WebPage","@id":"https:\/\/www.lesjardinsdesaintehildegarde.com\/en\/cosmetics\/essential-oils\/spray-au-geranium-50ml\/","url":"https:\/\/www.lesjardinsdesaintehildegarde.com\/en\/cosmetics\/essential-oils\/spray-au-geranium-50ml\/","name":"SPRAY AU GERANIUM 50ml - Les Jardins de Sainte-Hildegarde","isPartOf":{"@id":"https:\/\/www.lesjardinsdesaintehildegarde.com\/en\/#website"},"primaryImageOfPage":{"@id":"https:\/\/www.lesjardinsdesaintehildegarde.com\/en\/cosmetics\/essential-oils\/spray-au-geranium-50ml\/#primaryimage"},"image":{"@id":"https:\/\/www.lesjardinsdesaintehildegarde.com\/en\/cosmetics\/essential-oils\/spray-au-geranium-50ml\/#primaryimage"},"thumbnailUrl":"https:\/\/www.lesjardinsdesaintehildegarde.com\/wp-content\/uploads\/2022\/11\/22001-spray-au-geranium.jpg","datePublished":"2022-11-04T08:07:20+00:00","dateModified":"2026-04-16T13:46:03+00:00","breadcrumb":{"@id":"https:\/\/www.lesjardinsdesaintehildegarde.com\/en\/cosmetics\/essential-oils\/spray-au-geranium-50ml\/#breadcrumb"},"inLanguage":"en-US","potentialAction":[{"@type":"ReadAction","target":["https:\/\/www.lesjardinsdesaintehildegarde.com\/en\/cosmetics\/essential-oils\/spray-au-geranium-50ml\/"]}]},{"@type":"ImageObject","inLanguage":"en-US","@id":"https:\/\/www.lesjardinsdesaintehildegarde.com\/en\/cosmetics\/essential-oils\/spray-au-geranium-50ml\/#primaryimage","url":"https:\/\/www.lesjardinsdesaintehildegarde.com\/wp-content\/uploads\/2022\/11\/22001-spray-au-geranium.jpg","contentUrl":"https:\/\/www.lesjardinsdesaintehildegarde.com\/wp-content\/uploads\/2022\/11\/22001-spray-au-geranium.jpg","width":1200,"height":1200,"caption":"Spray au g\u00e9ranium, idem que la formulation de la poudre au g\u00e9ranium recommand\u00e9e par sainte Hildegarde de Bingen en huiles essentielles - 50ml"},{"@type":"BreadcrumbList","@id":"https:\/\/www.lesjardinsdesaintehildegarde.com\/en\/cosmetics\/essential-oils\/spray-au-geranium-50ml\/#breadcrumb","itemListElement":[{"@type":"ListItem","position":1,"name":"Home","item":"https:\/\/www.lesjardinsdesaintehildegarde.com\/en\/"},{"@type":"ListItem","position":2,"name":"Products","item":"https:\/\/www.lesjardinsdesaintehildegarde.com\/en\/shop\/"},{"@type":"ListItem","position":3,"name":"SPRAY AU GERANIUM 50ml"}]},{"@type":"WebSite","@id":"https:\/\/www.lesjardinsdesaintehildegarde.com\/en\/#website","url":"https:\/\/www.lesjardinsdesaintehildegarde.com\/en\/","name":"Les Jardins de Sainte-Hildegarde","description":"Viriditas","publisher":{"@id":"https:\/\/www.lesjardinsdesaintehildegarde.com\/en\/#organization"},"potentialAction":[{"@type":"SearchAction","target":{"@type":"EntryPoint","urlTemplate":"https:\/\/www.lesjardinsdesaintehildegarde.com\/en\/?s={search_term_string}"},"query-input":{"@type":"PropertyValueSpecification","valueRequired":true,"valueName":"search_term_string"}}],"inLanguage":"en-US"},{"@type":"Organization","@id":"https:\/\/www.lesjardinsdesaintehildegarde.com\/en\/#organization","name":"Les Jardins de Sainte-Hildegarde","url":"https:\/\/www.lesjardinsdesaintehildegarde.com\/en\/","logo":{"@type":"ImageObject","inLanguage":"en-US","@id":"https:\/\/www.lesjardinsdesaintehildegarde.com\/en\/#\/schema\/logo\/image\/","url":"https:\/\/www.lesjardinsdesaintehildegarde.com\/wp-content\/uploads\/2022\/11\/logo-2022.png","contentUrl":"https:\/\/www.lesjardinsdesaintehildegarde.com\/wp-content\/uploads\/2022\/11\/logo-2022.png","width":365,"height":90,"caption":"Les Jardins de Sainte-Hildegarde"},"image":{"@id":"https:\/\/www.lesjardinsdesaintehildegarde.com\/en\/#\/schema\/logo\/image\/"}}]}},"_links":{"self":[{"href":"https:\/\/www.lesjardinsdesaintehildegarde.com\/en\/wp-json\/wp\/v2\/product\/981","targetHints":{"allow":["GET"]}}],"collection":[{"href":"https:\/\/www.lesjardinsdesaintehildegarde.com\/en\/wp-json\/wp\/v2\/product"}],"about":[{"href":"https:\/\/www.lesjardinsdesaintehildegarde.com\/en\/wp-json\/wp\/v2\/types\/product"}],"replies":[{"embeddable":true,"href":"https:\/\/www.lesjardinsdesaintehildegarde.com\/en\/wp-json\/wp\/v2\/comments?post=981"}],"wp:featuredmedia":[{"embeddable":true,"href":"https:\/\/www.lesjardinsdesaintehildegarde.com\/en\/wp-json\/wp\/v2\/media\/72071"}],"wp:attachment":[{"href":"https:\/\/www.lesjardinsdesaintehildegarde.com\/en\/wp-json\/wp\/v2\/media?parent=981"}],"wp:term":[{"taxonomy":"product_brand","embeddable":true,"href":"https:\/\/www.lesjardinsdesaintehildegarde.com\/en\/wp-json\/wp\/v2\/product_brand?post=981"},{"taxonomy":"product_cat","embeddable":true,"href":"https:\/\/www.lesjardinsdesaintehildegarde.com\/en\/wp-json\/wp\/v2\/product_cat?post=981"},{"taxonomy":"product_tag","embeddable":true,"href":"https:\/\/www.lesjardinsdesaintehildegarde.com\/en\/wp-json\/wp\/v2\/product_tag?post=981"}],"curies":[{"name":"wp","href":"https:\/\/api.w.org\/{rel}","templated":true}]}}