{"id":982,"date":"2022-11-04T09:07:20","date_gmt":"2022-11-04T08:07:20","guid":{"rendered":"https:\/\/www.lesjardinsdesaintehildegarde.com\/non%20class\u00e9\/coussin-de-betoine-25x25cm\/"},"modified":"2026-04-10T23:03:08","modified_gmt":"2026-04-10T21:03:08","slug":"coussin-de-betoine-25x25cm","status":"publish","type":"product","link":"https:\/\/www.lesjardinsdesaintehildegarde.com\/en\/other-products\/cushions-of-spelled-balles-beetoine-and-plants\/coussin-de-betoine-25x25cm\/","title":{"rendered":"COUSSIN DE BETOINE 25X25CM"},"content":{"rendered":"<p>COUSSIN DE B\u00c9TOINE<\/p>\n<p>Contre les cauchemars. <\/p>\n<p>Coussin de 25x 25 avec fermeture \u00e9clair, garni de b\u00e9toine. <\/p>\n<p>Pour une bonne efficacit\u00e9, changer les plantes tous les 3 \u00e0 6 mois.<\/p>\n<p>Se r\u00e9f\u00e9rer aux \u00e9crits de Sainte Hildegarde de Bingen : PHYSICA Ch. CXXVIII : LA B\u00c9TOINE<\/p>\n<p>Photo(s) non contractuelles:<\/p>\n<p>L&#8217;origine naturelle de ce produit ne nous permet pas de vous garantir un aspect strictement identique d &#8216;un lot \u00e0 l&#8217;autre.<\/p>\n","protected":false},"excerpt":{"rendered":"<p>COUSSIN DE B\u00c9TOINE Contre les cauchemars. Coussin de 25x 25 avec fermeture \u00e9clair, garni de b\u00e9toine. Pour une bonne efficacit\u00e9, changer les plantes tous les 3 \u00e0 6 mois. Se r\u00e9f\u00e9rer aux \u00e9crits de Sainte Hildegarde de Bingen : PHYSICA Ch. CXXVIII : LA B\u00c9TOINE Photo(s) non contractuelles: L&#8217;origine naturelle de ce produit ne nous [&hellip;]<\/p>\n","protected":false},"featured_media":8328,"comment_status":"open","ping_status":"closed","template":"","meta":{"_acf_changed":false,"_relevanssi_hide_post":"","_relevanssi_hide_content":"","_relevanssi_pin_for_all":"","_relevanssi_pin_keywords":"","_relevanssi_unpin_keywords":"","_relevanssi_related_keywords":"","_relevanssi_related_include_ids":"","_relevanssi_related_exclude_ids":"","_relevanssi_related_no_append":"","_relevanssi_related_not_related":"","_relevanssi_related_posts":"","_relevanssi_noindex_reason":""},"product_brand":[],"product_cat":[117,37],"product_tag":[],"class_list":{"0":"post-982","1":"product","2":"type-product","3":"status-publish","4":"has-post-thumbnail","6":"product_cat-coussins-oreillers-et-recharges","7":"product_cat-produits-divers","9":"first","10":"instock","11":"taxable","12":"shipping-taxable","13":"purchasable","14":"product-type-simple"},"acf":[],"yoast_head":"<!-- This site is optimized with the Yoast SEO plugin v27.2 - https:\/\/yoast.com\/product\/yoast-seo-wordpress\/ -->\n<title>COUSSIN DE BETOINE 25X25CM - Les Jardins de Sainte-Hildegarde<\/title>\n<meta name=\"robots\" content=\"index, follow, max-snippet:-1, max-image-preview:large, max-video-preview:-1\" \/>\n<link rel=\"canonical\" href=\"https:\/\/www.lesjardinsdesaintehildegarde.com\/en\/other-products\/cushions-of-spelled-balles-beetoine-and-plants\/coussin-de-betoine-25x25cm\/\" \/>\n<meta property=\"og:locale\" content=\"en_US\" \/>\n<meta property=\"og:type\" content=\"article\" \/>\n<meta property=\"og:title\" content=\"COUSSIN DE BETOINE 25X25CM - Les Jardins de Sainte-Hildegarde\" \/>\n<meta property=\"og:description\" content=\"COUSSIN DE B\u00c9TOINE Contre les cauchemars. Coussin de 25x 25 avec fermeture \u00e9clair, garni de b\u00e9toine. Pour une bonne efficacit\u00e9, changer les plantes tous les 3 \u00e0 6 mois. Se r\u00e9f\u00e9rer aux \u00e9crits de Sainte Hildegarde de Bingen : PHYSICA Ch. CXXVIII : LA B\u00c9TOINE Photo(s) non contractuelles: L&#8217;origine naturelle de ce produit ne nous [&hellip;]\" \/>\n<meta property=\"og:url\" content=\"https:\/\/www.lesjardinsdesaintehildegarde.com\/en\/other-products\/cushions-of-spelled-balles-beetoine-and-plants\/coussin-de-betoine-25x25cm\/\" \/>\n<meta property=\"og:site_name\" content=\"Les Jardins de Sainte-Hildegarde\" \/>\n<meta property=\"article:modified_time\" content=\"2026-04-10T21:03:08+00:00\" \/>\n<meta property=\"og:image\" content=\"https:\/\/www.lesjardinsdesaintehildegarde.com\/wp-content\/uploads\/2022\/11\/30001-2-7511.jpg\" \/>\n\t<meta property=\"og:image:width\" content=\"1483\" \/>\n\t<meta property=\"og:image:height\" content=\"1520\" \/>\n\t<meta property=\"og:image:type\" content=\"image\/jpeg\" \/>\n<meta name=\"twitter:card\" content=\"summary_large_image\" \/>\n<meta name=\"twitter:label1\" content=\"Est. reading time\" \/>\n\t<meta name=\"twitter:data1\" content=\"1 minute\" \/>\n<script type=\"application\/ld+json\" class=\"yoast-schema-graph\">{\"@context\":\"https:\/\/schema.org\",\"@graph\":[{\"@type\":\"WebPage\",\"@id\":\"https:\/\/www.lesjardinsdesaintehildegarde.com\/en\/other-products\/cushions-of-spelled-balles-beetoine-and-plants\/coussin-de-betoine-25x25cm\/\",\"url\":\"https:\/\/www.lesjardinsdesaintehildegarde.com\/en\/other-products\/cushions-of-spelled-balles-beetoine-and-plants\/coussin-de-betoine-25x25cm\/\",\"name\":\"COUSSIN DE BETOINE 25X25CM - Les Jardins de Sainte-Hildegarde\",\"isPartOf\":{\"@id\":\"https:\/\/www.lesjardinsdesaintehildegarde.com\/en\/#website\"},\"primaryImageOfPage\":{\"@id\":\"https:\/\/www.lesjardinsdesaintehildegarde.com\/en\/other-products\/cushions-of-spelled-balles-beetoine-and-plants\/coussin-de-betoine-25x25cm\/#primaryimage\"},\"image\":{\"@id\":\"https:\/\/www.lesjardinsdesaintehildegarde.com\/en\/other-products\/cushions-of-spelled-balles-beetoine-and-plants\/coussin-de-betoine-25x25cm\/#primaryimage\"},\"thumbnailUrl\":\"https:\/\/www.lesjardinsdesaintehildegarde.com\/wp-content\/uploads\/2022\/11\/30001-2-7511.jpg\",\"datePublished\":\"2022-11-04T08:07:20+00:00\",\"dateModified\":\"2026-04-10T21:03:08+00:00\",\"breadcrumb\":{\"@id\":\"https:\/\/www.lesjardinsdesaintehildegarde.com\/en\/other-products\/cushions-of-spelled-balles-beetoine-and-plants\/coussin-de-betoine-25x25cm\/#breadcrumb\"},\"inLanguage\":\"en-US\",\"potentialAction\":[{\"@type\":\"ReadAction\",\"target\":[\"https:\/\/www.lesjardinsdesaintehildegarde.com\/en\/other-products\/cushions-of-spelled-balles-beetoine-and-plants\/coussin-de-betoine-25x25cm\/\"]}]},{\"@type\":\"ImageObject\",\"inLanguage\":\"en-US\",\"@id\":\"https:\/\/www.lesjardinsdesaintehildegarde.com\/en\/other-products\/cushions-of-spelled-balles-beetoine-and-plants\/coussin-de-betoine-25x25cm\/#primaryimage\",\"url\":\"https:\/\/www.lesjardinsdesaintehildegarde.com\/wp-content\/uploads\/2022\/11\/30001-2-7511.jpg\",\"contentUrl\":\"https:\/\/www.lesjardinsdesaintehildegarde.com\/wp-content\/uploads\/2022\/11\/30001-2-7511.jpg\",\"width\":1483,\"height\":1520,\"caption\":\"COUSSIN DE B\u00c9TOINE\"},{\"@type\":\"BreadcrumbList\",\"@id\":\"https:\/\/www.lesjardinsdesaintehildegarde.com\/en\/other-products\/cushions-of-spelled-balles-beetoine-and-plants\/coussin-de-betoine-25x25cm\/#breadcrumb\",\"itemListElement\":[{\"@type\":\"ListItem\",\"position\":1,\"name\":\"Home\",\"item\":\"https:\/\/www.lesjardinsdesaintehildegarde.com\/en\/\"},{\"@type\":\"ListItem\",\"position\":2,\"name\":\"Products\",\"item\":\"https:\/\/www.lesjardinsdesaintehildegarde.com\/en\/shop\/\"},{\"@type\":\"ListItem\",\"position\":3,\"name\":\"COUSSIN DE BETOINE 25X25CM\"}]},{\"@type\":\"WebSite\",\"@id\":\"https:\/\/www.lesjardinsdesaintehildegarde.com\/en\/#website\",\"url\":\"https:\/\/www.lesjardinsdesaintehildegarde.com\/en\/\",\"name\":\"Les Jardins de Sainte-Hildegarde\",\"description\":\"Viriditas\",\"publisher\":{\"@id\":\"https:\/\/www.lesjardinsdesaintehildegarde.com\/en\/#organization\"},\"potentialAction\":[{\"@type\":\"SearchAction\",\"target\":{\"@type\":\"EntryPoint\",\"urlTemplate\":\"https:\/\/www.lesjardinsdesaintehildegarde.com\/en\/?s={search_term_string}\"},\"query-input\":{\"@type\":\"PropertyValueSpecification\",\"valueRequired\":true,\"valueName\":\"search_term_string\"}}],\"inLanguage\":\"en-US\"},{\"@type\":\"Organization\",\"@id\":\"https:\/\/www.lesjardinsdesaintehildegarde.com\/en\/#organization\",\"name\":\"Les Jardins de Sainte-Hildegarde\",\"url\":\"https:\/\/www.lesjardinsdesaintehildegarde.com\/en\/\",\"logo\":{\"@type\":\"ImageObject\",\"inLanguage\":\"en-US\",\"@id\":\"https:\/\/www.lesjardinsdesaintehildegarde.com\/en\/#\/schema\/logo\/image\/\",\"url\":\"https:\/\/www.lesjardinsdesaintehildegarde.com\/wp-content\/uploads\/2022\/11\/logo-2022.png\",\"contentUrl\":\"https:\/\/www.lesjardinsdesaintehildegarde.com\/wp-content\/uploads\/2022\/11\/logo-2022.png\",\"width\":365,\"height\":90,\"caption\":\"Les Jardins de Sainte-Hildegarde\"},\"image\":{\"@id\":\"https:\/\/www.lesjardinsdesaintehildegarde.com\/en\/#\/schema\/logo\/image\/\"}}]}<\/script>\n<!-- \/ Yoast SEO plugin. -->","yoast_head_json":{"title":"COUSSIN DE BETOINE 25X25CM - Les Jardins de Sainte-Hildegarde","robots":{"index":"index","follow":"follow","max-snippet":"max-snippet:-1","max-image-preview":"max-image-preview:large","max-video-preview":"max-video-preview:-1"},"canonical":"https:\/\/www.lesjardinsdesaintehildegarde.com\/en\/other-products\/cushions-of-spelled-balles-beetoine-and-plants\/coussin-de-betoine-25x25cm\/","og_locale":"en_US","og_type":"article","og_title":"COUSSIN DE BETOINE 25X25CM - Les Jardins de Sainte-Hildegarde","og_description":"COUSSIN DE B\u00c9TOINE Contre les cauchemars. Coussin de 25x 25 avec fermeture \u00e9clair, garni de b\u00e9toine. Pour une bonne efficacit\u00e9, changer les plantes tous les 3 \u00e0 6 mois. Se r\u00e9f\u00e9rer aux \u00e9crits de Sainte Hildegarde de Bingen : PHYSICA Ch. CXXVIII : LA B\u00c9TOINE Photo(s) non contractuelles: L&#8217;origine naturelle de ce produit ne nous [&hellip;]","og_url":"https:\/\/www.lesjardinsdesaintehildegarde.com\/en\/other-products\/cushions-of-spelled-balles-beetoine-and-plants\/coussin-de-betoine-25x25cm\/","og_site_name":"Les Jardins de Sainte-Hildegarde","article_modified_time":"2026-04-10T21:03:08+00:00","og_image":[{"width":1483,"height":1520,"url":"https:\/\/www.lesjardinsdesaintehildegarde.com\/wp-content\/uploads\/2022\/11\/30001-2-7511.jpg","type":"image\/jpeg"}],"twitter_card":"summary_large_image","twitter_misc":{"Est. reading time":"1 minute"},"schema":{"@context":"https:\/\/schema.org","@graph":[{"@type":"WebPage","@id":"https:\/\/www.lesjardinsdesaintehildegarde.com\/en\/other-products\/cushions-of-spelled-balles-beetoine-and-plants\/coussin-de-betoine-25x25cm\/","url":"https:\/\/www.lesjardinsdesaintehildegarde.com\/en\/other-products\/cushions-of-spelled-balles-beetoine-and-plants\/coussin-de-betoine-25x25cm\/","name":"COUSSIN DE BETOINE 25X25CM - Les Jardins de Sainte-Hildegarde","isPartOf":{"@id":"https:\/\/www.lesjardinsdesaintehildegarde.com\/en\/#website"},"primaryImageOfPage":{"@id":"https:\/\/www.lesjardinsdesaintehildegarde.com\/en\/other-products\/cushions-of-spelled-balles-beetoine-and-plants\/coussin-de-betoine-25x25cm\/#primaryimage"},"image":{"@id":"https:\/\/www.lesjardinsdesaintehildegarde.com\/en\/other-products\/cushions-of-spelled-balles-beetoine-and-plants\/coussin-de-betoine-25x25cm\/#primaryimage"},"thumbnailUrl":"https:\/\/www.lesjardinsdesaintehildegarde.com\/wp-content\/uploads\/2022\/11\/30001-2-7511.jpg","datePublished":"2022-11-04T08:07:20+00:00","dateModified":"2026-04-10T21:03:08+00:00","breadcrumb":{"@id":"https:\/\/www.lesjardinsdesaintehildegarde.com\/en\/other-products\/cushions-of-spelled-balles-beetoine-and-plants\/coussin-de-betoine-25x25cm\/#breadcrumb"},"inLanguage":"en-US","potentialAction":[{"@type":"ReadAction","target":["https:\/\/www.lesjardinsdesaintehildegarde.com\/en\/other-products\/cushions-of-spelled-balles-beetoine-and-plants\/coussin-de-betoine-25x25cm\/"]}]},{"@type":"ImageObject","inLanguage":"en-US","@id":"https:\/\/www.lesjardinsdesaintehildegarde.com\/en\/other-products\/cushions-of-spelled-balles-beetoine-and-plants\/coussin-de-betoine-25x25cm\/#primaryimage","url":"https:\/\/www.lesjardinsdesaintehildegarde.com\/wp-content\/uploads\/2022\/11\/30001-2-7511.jpg","contentUrl":"https:\/\/www.lesjardinsdesaintehildegarde.com\/wp-content\/uploads\/2022\/11\/30001-2-7511.jpg","width":1483,"height":1520,"caption":"COUSSIN DE B\u00c9TOINE"},{"@type":"BreadcrumbList","@id":"https:\/\/www.lesjardinsdesaintehildegarde.com\/en\/other-products\/cushions-of-spelled-balles-beetoine-and-plants\/coussin-de-betoine-25x25cm\/#breadcrumb","itemListElement":[{"@type":"ListItem","position":1,"name":"Home","item":"https:\/\/www.lesjardinsdesaintehildegarde.com\/en\/"},{"@type":"ListItem","position":2,"name":"Products","item":"https:\/\/www.lesjardinsdesaintehildegarde.com\/en\/shop\/"},{"@type":"ListItem","position":3,"name":"COUSSIN DE BETOINE 25X25CM"}]},{"@type":"WebSite","@id":"https:\/\/www.lesjardinsdesaintehildegarde.com\/en\/#website","url":"https:\/\/www.lesjardinsdesaintehildegarde.com\/en\/","name":"Les Jardins de Sainte-Hildegarde","description":"Viriditas","publisher":{"@id":"https:\/\/www.lesjardinsdesaintehildegarde.com\/en\/#organization"},"potentialAction":[{"@type":"SearchAction","target":{"@type":"EntryPoint","urlTemplate":"https:\/\/www.lesjardinsdesaintehildegarde.com\/en\/?s={search_term_string}"},"query-input":{"@type":"PropertyValueSpecification","valueRequired":true,"valueName":"search_term_string"}}],"inLanguage":"en-US"},{"@type":"Organization","@id":"https:\/\/www.lesjardinsdesaintehildegarde.com\/en\/#organization","name":"Les Jardins de Sainte-Hildegarde","url":"https:\/\/www.lesjardinsdesaintehildegarde.com\/en\/","logo":{"@type":"ImageObject","inLanguage":"en-US","@id":"https:\/\/www.lesjardinsdesaintehildegarde.com\/en\/#\/schema\/logo\/image\/","url":"https:\/\/www.lesjardinsdesaintehildegarde.com\/wp-content\/uploads\/2022\/11\/logo-2022.png","contentUrl":"https:\/\/www.lesjardinsdesaintehildegarde.com\/wp-content\/uploads\/2022\/11\/logo-2022.png","width":365,"height":90,"caption":"Les Jardins de Sainte-Hildegarde"},"image":{"@id":"https:\/\/www.lesjardinsdesaintehildegarde.com\/en\/#\/schema\/logo\/image\/"}}]}},"_links":{"self":[{"href":"https:\/\/www.lesjardinsdesaintehildegarde.com\/en\/wp-json\/wp\/v2\/product\/982","targetHints":{"allow":["GET"]}}],"collection":[{"href":"https:\/\/www.lesjardinsdesaintehildegarde.com\/en\/wp-json\/wp\/v2\/product"}],"about":[{"href":"https:\/\/www.lesjardinsdesaintehildegarde.com\/en\/wp-json\/wp\/v2\/types\/product"}],"replies":[{"embeddable":true,"href":"https:\/\/www.lesjardinsdesaintehildegarde.com\/en\/wp-json\/wp\/v2\/comments?post=982"}],"wp:featuredmedia":[{"embeddable":true,"href":"https:\/\/www.lesjardinsdesaintehildegarde.com\/en\/wp-json\/wp\/v2\/media\/8328"}],"wp:attachment":[{"href":"https:\/\/www.lesjardinsdesaintehildegarde.com\/en\/wp-json\/wp\/v2\/media?parent=982"}],"wp:term":[{"taxonomy":"product_brand","embeddable":true,"href":"https:\/\/www.lesjardinsdesaintehildegarde.com\/en\/wp-json\/wp\/v2\/product_brand?post=982"},{"taxonomy":"product_cat","embeddable":true,"href":"https:\/\/www.lesjardinsdesaintehildegarde.com\/en\/wp-json\/wp\/v2\/product_cat?post=982"},{"taxonomy":"product_tag","embeddable":true,"href":"https:\/\/www.lesjardinsdesaintehildegarde.com\/en\/wp-json\/wp\/v2\/product_tag?post=982"}],"curies":[{"name":"wp","href":"https:\/\/api.w.org\/{rel}","templated":true}]}}