{"id":993,"date":"2022-11-04T09:07:22","date_gmt":"2022-11-04T08:07:22","guid":{"rendered":"https:\/\/www.lesjardinsdesaintehildegarde.com\/non%20class\u00e9\/pyrethre-dafrique-rac-entiere-bio-50g\/"},"modified":"2026-04-03T23:03:15","modified_gmt":"2026-04-03T21:03:15","slug":"pyrethre-dafrique-rac-entiere-bio-50g","status":"publish","type":"product","link":"https:\/\/www.lesjardinsdesaintehildegarde.com\/en\/plantes-et-epices\/complements-alimentaires-a-base-de-plantes\/pyrethre-dafrique-rac-entiere-bio-50g\/","title":{"rendered":"PYRETHRE D&#8217;AFRIQUE RAC. ENTIERE BIO 50G*"},"content":{"rendered":"<p>PYR\u00c8THRE D&#8217;AFRIQUE RACINE ENTI\u00c8RE BIO 50 G* (112\u20ac \/ kg)<\/p>\n<p>Anacyclus Pyrethrum<\/p>\n<p>Anth\u00e9mis Pyr\u00e8thre<\/p>\n<p>Plante essentielle de Sainte Hildegarde<\/p>\n<p>* Issu de l&#8217;agriculture biologique<\/p>\n<p>Plante aromatique et d&#8217;hygi\u00e8ne corporelle.<\/p>\n<p>Mode d&#8217;emploi :<\/p>\n<p>Se r\u00e9f\u00e9rer aux \u00e9crits de Sainte Hildegarde de Bingen.<\/p>\n<p>&#8220;Il est bon \u00e0 manger pour celui qui est en bonne sant\u00e9, il fait dispara\u00eetre en lui ce qui est souill\u00e9, et augmente la quantit\u00e9 de sang pur; il lui donne \u00e9galement une saine intelligence. Quant \u00e0 l&#8217;homme malade, qui perd d\u00e9j\u00e0 ses forces, il lui redonne de la vigueur, il ne laisse rien subsister en l&#8217;homme qui ne soit dig\u00e9r\u00e9. Il fait na\u00eetre de saines humeurs.&#8221; PHYSICA CH XVIII<\/p>\n<p>Garder \u00e0 l&#8217;abri du soleil dans un endroit propre, sec et temp\u00e9r\u00e9.<\/p>\n<p>Photo(s) non contractuelles:<\/p>\n<p>L&#8217;origine naturelle de ce produit ne nous permet pas de vous garantir un aspect strictement identique d &#8216;un lot \u00e0 l&#8217;autre.<\/p>\n<p>En effet, de sensibles variations de couleurs, d&#8217;aspect, de texture, de go\u00fbt, de coupe, peuvent intervenir selon la zone g\u00e9ographique de culture, selon le climat, et selon les diff\u00e9rentes \u00e9tapes qui succ\u00e8dent \u00e0 la r\u00e9colte.<\/p>\n","protected":false},"excerpt":{"rendered":"<p>PYR\u00c8THRE D&#8217;AFRIQUE RACINE ENTI\u00c8RE BIO 50 G* (112\u20ac \/ kg) Anacyclus Pyrethrum Anth\u00e9mis Pyr\u00e8thre Plante essentielle de Sainte Hildegarde * Issu de l&#8217;agriculture biologique Plante aromatique et d&#8217;hygi\u00e8ne corporelle. Mode d&#8217;emploi : Se r\u00e9f\u00e9rer aux \u00e9crits de Sainte Hildegarde de Bingen. &#8220;Il est bon \u00e0 manger pour celui qui est en bonne sant\u00e9, il fait [&hellip;]<\/p>\n","protected":false},"featured_media":67108,"comment_status":"open","ping_status":"closed","template":"","meta":{"_acf_changed":false,"_relevanssi_hide_post":"","_relevanssi_hide_content":"","_relevanssi_pin_for_all":"","_relevanssi_pin_keywords":"","_relevanssi_unpin_keywords":"","_relevanssi_related_keywords":"","_relevanssi_related_include_ids":"","_relevanssi_related_exclude_ids":"","_relevanssi_related_no_append":"","_relevanssi_related_not_related":"","_relevanssi_related_posts":"","_relevanssi_noindex_reason":""},"product_brand":[],"product_cat":[653,35],"product_tag":[49],"class_list":{"0":"post-993","1":"product","2":"type-product","3":"status-publish","4":"has-post-thumbnail","6":"product_cat-complements-alimentaires-a-base-de-plantes","7":"product_cat-plantes-et-epices","8":"product_tag-produit-bio","10":"first","11":"instock","12":"taxable","13":"shipping-taxable","14":"purchasable","15":"product-type-simple"},"acf":[],"yoast_head":"<!-- This site is optimized with the Yoast SEO plugin v27.2 - https:\/\/yoast.com\/product\/yoast-seo-wordpress\/ -->\n<title>PYRETHRE D&#039;AFRIQUE RAC. ENTIERE BIO 50G* - Les Jardins de Sainte-Hildegarde<\/title>\n<meta name=\"robots\" content=\"index, follow, max-snippet:-1, max-image-preview:large, max-video-preview:-1\" \/>\n<link rel=\"canonical\" href=\"https:\/\/www.lesjardinsdesaintehildegarde.com\/en\/plantes-et-epices\/complements-alimentaires-a-base-de-plantes\/pyrethre-dafrique-rac-entiere-bio-50g\/\" \/>\n<meta property=\"og:locale\" content=\"en_US\" \/>\n<meta property=\"og:type\" content=\"article\" \/>\n<meta property=\"og:title\" content=\"PYRETHRE D&#039;AFRIQUE RAC. ENTIERE BIO 50G* - Les Jardins de Sainte-Hildegarde\" \/>\n<meta property=\"og:description\" content=\"PYR\u00c8THRE D&#8217;AFRIQUE RACINE ENTI\u00c8RE BIO 50 G* (112\u20ac \/ kg) Anacyclus Pyrethrum Anth\u00e9mis Pyr\u00e8thre Plante essentielle de Sainte Hildegarde * Issu de l&#8217;agriculture biologique Plante aromatique et d&#8217;hygi\u00e8ne corporelle. Mode d&#8217;emploi : Se r\u00e9f\u00e9rer aux \u00e9crits de Sainte Hildegarde de Bingen. &#8220;Il est bon \u00e0 manger pour celui qui est en bonne sant\u00e9, il fait [&hellip;]\" \/>\n<meta property=\"og:url\" content=\"https:\/\/www.lesjardinsdesaintehildegarde.com\/en\/plantes-et-epices\/complements-alimentaires-a-base-de-plantes\/pyrethre-dafrique-rac-entiere-bio-50g\/\" \/>\n<meta property=\"og:site_name\" content=\"Les Jardins de Sainte-Hildegarde\" \/>\n<meta property=\"article:modified_time\" content=\"2026-04-03T21:03:15+00:00\" \/>\n<meta property=\"og:image\" content=\"https:\/\/www.lesjardinsdesaintehildegarde.com\/wp-content\/uploads\/2023\/07\/40009r-pyrethre-d-afrique-racine-bio-50g.jpg\" \/>\n\t<meta property=\"og:image:width\" content=\"1200\" \/>\n\t<meta property=\"og:image:height\" content=\"1200\" \/>\n\t<meta property=\"og:image:type\" content=\"image\/jpeg\" \/>\n<meta name=\"twitter:card\" content=\"summary_large_image\" \/>\n<meta name=\"twitter:label1\" content=\"Est. reading time\" \/>\n\t<meta name=\"twitter:data1\" content=\"1 minute\" \/>\n<script type=\"application\/ld+json\" class=\"yoast-schema-graph\">{\"@context\":\"https:\/\/schema.org\",\"@graph\":[{\"@type\":\"WebPage\",\"@id\":\"https:\/\/www.lesjardinsdesaintehildegarde.com\/en\/plantes-et-epices\/complements-alimentaires-a-base-de-plantes\/pyrethre-dafrique-rac-entiere-bio-50g\/\",\"url\":\"https:\/\/www.lesjardinsdesaintehildegarde.com\/en\/plantes-et-epices\/complements-alimentaires-a-base-de-plantes\/pyrethre-dafrique-rac-entiere-bio-50g\/\",\"name\":\"PYRETHRE D'AFRIQUE RAC. ENTIERE BIO 50G* - Les Jardins de Sainte-Hildegarde\",\"isPartOf\":{\"@id\":\"https:\/\/www.lesjardinsdesaintehildegarde.com\/en\/#website\"},\"primaryImageOfPage\":{\"@id\":\"https:\/\/www.lesjardinsdesaintehildegarde.com\/en\/plantes-et-epices\/complements-alimentaires-a-base-de-plantes\/pyrethre-dafrique-rac-entiere-bio-50g\/#primaryimage\"},\"image\":{\"@id\":\"https:\/\/www.lesjardinsdesaintehildegarde.com\/en\/plantes-et-epices\/complements-alimentaires-a-base-de-plantes\/pyrethre-dafrique-rac-entiere-bio-50g\/#primaryimage\"},\"thumbnailUrl\":\"https:\/\/www.lesjardinsdesaintehildegarde.com\/wp-content\/uploads\/2023\/07\/40009r-pyrethre-d-afrique-racine-bio-50g.jpg\",\"datePublished\":\"2022-11-04T08:07:22+00:00\",\"dateModified\":\"2026-04-03T21:03:15+00:00\",\"breadcrumb\":{\"@id\":\"https:\/\/www.lesjardinsdesaintehildegarde.com\/en\/plantes-et-epices\/complements-alimentaires-a-base-de-plantes\/pyrethre-dafrique-rac-entiere-bio-50g\/#breadcrumb\"},\"inLanguage\":\"en-US\",\"potentialAction\":[{\"@type\":\"ReadAction\",\"target\":[\"https:\/\/www.lesjardinsdesaintehildegarde.com\/en\/plantes-et-epices\/complements-alimentaires-a-base-de-plantes\/pyrethre-dafrique-rac-entiere-bio-50g\/\"]}]},{\"@type\":\"ImageObject\",\"inLanguage\":\"en-US\",\"@id\":\"https:\/\/www.lesjardinsdesaintehildegarde.com\/en\/plantes-et-epices\/complements-alimentaires-a-base-de-plantes\/pyrethre-dafrique-rac-entiere-bio-50g\/#primaryimage\",\"url\":\"https:\/\/www.lesjardinsdesaintehildegarde.com\/wp-content\/uploads\/2023\/07\/40009r-pyrethre-d-afrique-racine-bio-50g.jpg\",\"contentUrl\":\"https:\/\/www.lesjardinsdesaintehildegarde.com\/wp-content\/uploads\/2023\/07\/40009r-pyrethre-d-afrique-racine-bio-50g.jpg\",\"width\":1200,\"height\":1200,\"caption\":\"pyr\u00e8thre d'Afrique racine enti\u00e8re s\u00e9ch\u00e9e, pot de 50g, recommand\u00e9 par sainte Hildegarde de Bingen\"},{\"@type\":\"BreadcrumbList\",\"@id\":\"https:\/\/www.lesjardinsdesaintehildegarde.com\/en\/plantes-et-epices\/complements-alimentaires-a-base-de-plantes\/pyrethre-dafrique-rac-entiere-bio-50g\/#breadcrumb\",\"itemListElement\":[{\"@type\":\"ListItem\",\"position\":1,\"name\":\"Home\",\"item\":\"https:\/\/www.lesjardinsdesaintehildegarde.com\/en\/\"},{\"@type\":\"ListItem\",\"position\":2,\"name\":\"Products\",\"item\":\"https:\/\/www.lesjardinsdesaintehildegarde.com\/en\/shop\/\"},{\"@type\":\"ListItem\",\"position\":3,\"name\":\"PYRETHRE D&rsquo;AFRIQUE RAC. ENTIERE BIO 50G*\"}]},{\"@type\":\"WebSite\",\"@id\":\"https:\/\/www.lesjardinsdesaintehildegarde.com\/en\/#website\",\"url\":\"https:\/\/www.lesjardinsdesaintehildegarde.com\/en\/\",\"name\":\"Les Jardins de Sainte-Hildegarde\",\"description\":\"Viriditas\",\"publisher\":{\"@id\":\"https:\/\/www.lesjardinsdesaintehildegarde.com\/en\/#organization\"},\"potentialAction\":[{\"@type\":\"SearchAction\",\"target\":{\"@type\":\"EntryPoint\",\"urlTemplate\":\"https:\/\/www.lesjardinsdesaintehildegarde.com\/en\/?s={search_term_string}\"},\"query-input\":{\"@type\":\"PropertyValueSpecification\",\"valueRequired\":true,\"valueName\":\"search_term_string\"}}],\"inLanguage\":\"en-US\"},{\"@type\":\"Organization\",\"@id\":\"https:\/\/www.lesjardinsdesaintehildegarde.com\/en\/#organization\",\"name\":\"Les Jardins de Sainte-Hildegarde\",\"url\":\"https:\/\/www.lesjardinsdesaintehildegarde.com\/en\/\",\"logo\":{\"@type\":\"ImageObject\",\"inLanguage\":\"en-US\",\"@id\":\"https:\/\/www.lesjardinsdesaintehildegarde.com\/en\/#\/schema\/logo\/image\/\",\"url\":\"https:\/\/www.lesjardinsdesaintehildegarde.com\/wp-content\/uploads\/2022\/11\/logo-2022.png\",\"contentUrl\":\"https:\/\/www.lesjardinsdesaintehildegarde.com\/wp-content\/uploads\/2022\/11\/logo-2022.png\",\"width\":365,\"height\":90,\"caption\":\"Les Jardins de Sainte-Hildegarde\"},\"image\":{\"@id\":\"https:\/\/www.lesjardinsdesaintehildegarde.com\/en\/#\/schema\/logo\/image\/\"}}]}<\/script>\n<!-- \/ Yoast SEO plugin. -->","yoast_head_json":{"title":"PYRETHRE D'AFRIQUE RAC. ENTIERE BIO 50G* - Les Jardins de Sainte-Hildegarde","robots":{"index":"index","follow":"follow","max-snippet":"max-snippet:-1","max-image-preview":"max-image-preview:large","max-video-preview":"max-video-preview:-1"},"canonical":"https:\/\/www.lesjardinsdesaintehildegarde.com\/en\/plantes-et-epices\/complements-alimentaires-a-base-de-plantes\/pyrethre-dafrique-rac-entiere-bio-50g\/","og_locale":"en_US","og_type":"article","og_title":"PYRETHRE D'AFRIQUE RAC. ENTIERE BIO 50G* - Les Jardins de Sainte-Hildegarde","og_description":"PYR\u00c8THRE D&#8217;AFRIQUE RACINE ENTI\u00c8RE BIO 50 G* (112\u20ac \/ kg) Anacyclus Pyrethrum Anth\u00e9mis Pyr\u00e8thre Plante essentielle de Sainte Hildegarde * Issu de l&#8217;agriculture biologique Plante aromatique et d&#8217;hygi\u00e8ne corporelle. Mode d&#8217;emploi : Se r\u00e9f\u00e9rer aux \u00e9crits de Sainte Hildegarde de Bingen. &#8220;Il est bon \u00e0 manger pour celui qui est en bonne sant\u00e9, il fait [&hellip;]","og_url":"https:\/\/www.lesjardinsdesaintehildegarde.com\/en\/plantes-et-epices\/complements-alimentaires-a-base-de-plantes\/pyrethre-dafrique-rac-entiere-bio-50g\/","og_site_name":"Les Jardins de Sainte-Hildegarde","article_modified_time":"2026-04-03T21:03:15+00:00","og_image":[{"width":1200,"height":1200,"url":"https:\/\/www.lesjardinsdesaintehildegarde.com\/wp-content\/uploads\/2023\/07\/40009r-pyrethre-d-afrique-racine-bio-50g.jpg","type":"image\/jpeg"}],"twitter_card":"summary_large_image","twitter_misc":{"Est. reading time":"1 minute"},"schema":{"@context":"https:\/\/schema.org","@graph":[{"@type":"WebPage","@id":"https:\/\/www.lesjardinsdesaintehildegarde.com\/en\/plantes-et-epices\/complements-alimentaires-a-base-de-plantes\/pyrethre-dafrique-rac-entiere-bio-50g\/","url":"https:\/\/www.lesjardinsdesaintehildegarde.com\/en\/plantes-et-epices\/complements-alimentaires-a-base-de-plantes\/pyrethre-dafrique-rac-entiere-bio-50g\/","name":"PYRETHRE D'AFRIQUE RAC. ENTIERE BIO 50G* - Les Jardins de Sainte-Hildegarde","isPartOf":{"@id":"https:\/\/www.lesjardinsdesaintehildegarde.com\/en\/#website"},"primaryImageOfPage":{"@id":"https:\/\/www.lesjardinsdesaintehildegarde.com\/en\/plantes-et-epices\/complements-alimentaires-a-base-de-plantes\/pyrethre-dafrique-rac-entiere-bio-50g\/#primaryimage"},"image":{"@id":"https:\/\/www.lesjardinsdesaintehildegarde.com\/en\/plantes-et-epices\/complements-alimentaires-a-base-de-plantes\/pyrethre-dafrique-rac-entiere-bio-50g\/#primaryimage"},"thumbnailUrl":"https:\/\/www.lesjardinsdesaintehildegarde.com\/wp-content\/uploads\/2023\/07\/40009r-pyrethre-d-afrique-racine-bio-50g.jpg","datePublished":"2022-11-04T08:07:22+00:00","dateModified":"2026-04-03T21:03:15+00:00","breadcrumb":{"@id":"https:\/\/www.lesjardinsdesaintehildegarde.com\/en\/plantes-et-epices\/complements-alimentaires-a-base-de-plantes\/pyrethre-dafrique-rac-entiere-bio-50g\/#breadcrumb"},"inLanguage":"en-US","potentialAction":[{"@type":"ReadAction","target":["https:\/\/www.lesjardinsdesaintehildegarde.com\/en\/plantes-et-epices\/complements-alimentaires-a-base-de-plantes\/pyrethre-dafrique-rac-entiere-bio-50g\/"]}]},{"@type":"ImageObject","inLanguage":"en-US","@id":"https:\/\/www.lesjardinsdesaintehildegarde.com\/en\/plantes-et-epices\/complements-alimentaires-a-base-de-plantes\/pyrethre-dafrique-rac-entiere-bio-50g\/#primaryimage","url":"https:\/\/www.lesjardinsdesaintehildegarde.com\/wp-content\/uploads\/2023\/07\/40009r-pyrethre-d-afrique-racine-bio-50g.jpg","contentUrl":"https:\/\/www.lesjardinsdesaintehildegarde.com\/wp-content\/uploads\/2023\/07\/40009r-pyrethre-d-afrique-racine-bio-50g.jpg","width":1200,"height":1200,"caption":"pyr\u00e8thre d'Afrique racine enti\u00e8re s\u00e9ch\u00e9e, pot de 50g, recommand\u00e9 par sainte Hildegarde de Bingen"},{"@type":"BreadcrumbList","@id":"https:\/\/www.lesjardinsdesaintehildegarde.com\/en\/plantes-et-epices\/complements-alimentaires-a-base-de-plantes\/pyrethre-dafrique-rac-entiere-bio-50g\/#breadcrumb","itemListElement":[{"@type":"ListItem","position":1,"name":"Home","item":"https:\/\/www.lesjardinsdesaintehildegarde.com\/en\/"},{"@type":"ListItem","position":2,"name":"Products","item":"https:\/\/www.lesjardinsdesaintehildegarde.com\/en\/shop\/"},{"@type":"ListItem","position":3,"name":"PYRETHRE D&rsquo;AFRIQUE RAC. ENTIERE BIO 50G*"}]},{"@type":"WebSite","@id":"https:\/\/www.lesjardinsdesaintehildegarde.com\/en\/#website","url":"https:\/\/www.lesjardinsdesaintehildegarde.com\/en\/","name":"Les Jardins de Sainte-Hildegarde","description":"Viriditas","publisher":{"@id":"https:\/\/www.lesjardinsdesaintehildegarde.com\/en\/#organization"},"potentialAction":[{"@type":"SearchAction","target":{"@type":"EntryPoint","urlTemplate":"https:\/\/www.lesjardinsdesaintehildegarde.com\/en\/?s={search_term_string}"},"query-input":{"@type":"PropertyValueSpecification","valueRequired":true,"valueName":"search_term_string"}}],"inLanguage":"en-US"},{"@type":"Organization","@id":"https:\/\/www.lesjardinsdesaintehildegarde.com\/en\/#organization","name":"Les Jardins de Sainte-Hildegarde","url":"https:\/\/www.lesjardinsdesaintehildegarde.com\/en\/","logo":{"@type":"ImageObject","inLanguage":"en-US","@id":"https:\/\/www.lesjardinsdesaintehildegarde.com\/en\/#\/schema\/logo\/image\/","url":"https:\/\/www.lesjardinsdesaintehildegarde.com\/wp-content\/uploads\/2022\/11\/logo-2022.png","contentUrl":"https:\/\/www.lesjardinsdesaintehildegarde.com\/wp-content\/uploads\/2022\/11\/logo-2022.png","width":365,"height":90,"caption":"Les Jardins de Sainte-Hildegarde"},"image":{"@id":"https:\/\/www.lesjardinsdesaintehildegarde.com\/en\/#\/schema\/logo\/image\/"}}]}},"_links":{"self":[{"href":"https:\/\/www.lesjardinsdesaintehildegarde.com\/en\/wp-json\/wp\/v2\/product\/993","targetHints":{"allow":["GET"]}}],"collection":[{"href":"https:\/\/www.lesjardinsdesaintehildegarde.com\/en\/wp-json\/wp\/v2\/product"}],"about":[{"href":"https:\/\/www.lesjardinsdesaintehildegarde.com\/en\/wp-json\/wp\/v2\/types\/product"}],"replies":[{"embeddable":true,"href":"https:\/\/www.lesjardinsdesaintehildegarde.com\/en\/wp-json\/wp\/v2\/comments?post=993"}],"wp:featuredmedia":[{"embeddable":true,"href":"https:\/\/www.lesjardinsdesaintehildegarde.com\/en\/wp-json\/wp\/v2\/media\/67108"}],"wp:attachment":[{"href":"https:\/\/www.lesjardinsdesaintehildegarde.com\/en\/wp-json\/wp\/v2\/media?parent=993"}],"wp:term":[{"taxonomy":"product_brand","embeddable":true,"href":"https:\/\/www.lesjardinsdesaintehildegarde.com\/en\/wp-json\/wp\/v2\/product_brand?post=993"},{"taxonomy":"product_cat","embeddable":true,"href":"https:\/\/www.lesjardinsdesaintehildegarde.com\/en\/wp-json\/wp\/v2\/product_cat?post=993"},{"taxonomy":"product_tag","embeddable":true,"href":"https:\/\/www.lesjardinsdesaintehildegarde.com\/en\/wp-json\/wp\/v2\/product_tag?post=993"}],"curies":[{"name":"wp","href":"https:\/\/api.w.org\/{rel}","templated":true}]}}